{"id":7821,"date":"2022-03-01T08:20:17","date_gmt":"2022-03-01T08:20:17","guid":{"rendered":"https:\/\/jungfraualetsch.ch\/supporto\/ihr-nachlass\/"},"modified":"2022-06-01T10:31:31","modified_gmt":"2022-06-01T10:31:31","slug":"tenuta","status":"publish","type":"page","link":"https:\/\/jungfraualetsch.ch\/it\/supporto\/tenuta\/","title":{"rendered":"La loro tenuta"},"content":{"rendered":"<p>[et_pb_section fb_built=&#8221;1&#8243; fullwidth=&#8221;on&#8221; _builder_version=&#8221;4.9.2&#8243; _module_preset=&#8221;default&#8221; background_image=&#8221;https:\/\/jungfraualetsch.ch\/wp-content\/uploads\/2021\/03\/header_06_pat_Gym-Thun_Kiental-1140856-Kopie-scaled.jpg&#8221; parallax=&#8221;on&#8221; bottom_divider_style=&#8221;slant2&#8243; bottom_divider_color=&#8221;#FFFFFF&#8221; bottom_divider_flip=&#8221;horizontal&#8221; bottom_divider_height_tablet=&#8221;&#8221; bottom_divider_height_phone=&#8221;&#8221; bottom_divider_height_last_edited=&#8221;on|desktop&#8221; custom_css_main_element=&#8221;min-height: 45vh;&#8221;][\/et_pb_section][et_pb_section fb_built=&#8221;1&#8243; _builder_version=&#8221;4.9.1&#8243; _module_preset=&#8221;default&#8221; background_enable_color=&#8221;off&#8221; background_enable_image=&#8221;off&#8221; top_divider_flip=&#8221;horizontal&#8221;][et_pb_row _builder_version=&#8221;4.9.1&#8243; _module_preset=&#8221;default&#8221;][et_pb_column type=&#8221;4_4&#8243; _builder_version=&#8221;4.9.1&#8243; _module_preset=&#8221;default&#8221;][et_pb_text admin_label=&#8221;Titel&#8221; _builder_version=&#8221;4.9.9&#8243; _module_preset=&#8221;default&#8221;]<\/p>\n<h1>La loro tenuta<\/h1>\n<p>[\/et_pb_text][\/et_pb_column][\/et_pb_row][et_pb_row column_structure=&#8221;3_4,1_4&#8243; _builder_version=&#8221;4.9.1&#8243; _module_preset=&#8221;default&#8221;][et_pb_column type=&#8221;3_4&#8243; _builder_version=&#8221;4.9.1&#8243; _module_preset=&#8221;default&#8221;][et_pb_text _builder_version=&#8221;4.9.9&#8243; _module_preset=&#8221;default&#8221;]<\/p>\n<p>La Fondazione UNESCO patrimonio mondiale Alpi Svizzere Jungfrau-Aletsch si impegna a preservare il patrimonio mondiale per i posteri nel miglior modo possibile. Pi\u00f9 fondi ha a disposizione per questo scopo, pi\u00f9 misure mirate e sostenibili pu\u00f2 prendere. Come organizzazione senza scopo di lucro, ci affidiamo a donazioni, lasciti ed eredit\u00e0 e sappiamo come usare questi fondi con attenzione e responsabilit\u00e0.<\/p>\n<p>[\/et_pb_text][\/et_pb_column][et_pb_column type=&#8221;1_4&#8243; _builder_version=&#8221;4.9.1&#8243; _module_preset=&#8221;default&#8221;][\/et_pb_column][\/et_pb_row][et_pb_row column_structure=&#8221;1_4,3_4&#8243; _builder_version=&#8221;4.9.9&#8243; _module_preset=&#8221;default&#8221;][et_pb_column type=&#8221;1_4&#8243; _builder_version=&#8221;4.9.9&#8243; _module_preset=&#8221;default&#8221;][et_pb_image src=&#8221;https:\/\/jungfraualetsch.ch\/wp-content\/uploads\/2022\/03\/hans_christian_leiggener_grimsel.jpg&#8221; title_text=&#8221;hans_christian_leiggener_grimsel&#8221; align=&#8221;center&#8221; force_fullwidth=&#8221;on&#8221; _builder_version=&#8221;4.9.9&#8243; _module_preset=&#8221;default&#8221;][\/et_pb_image][\/et_pb_column][et_pb_column type=&#8221;3_4&#8243; _builder_version=&#8221;4.9.9&#8243; _module_preset=&#8221;default&#8221;][et_pb_text _builder_version=&#8221;4.9.9&#8243; _module_preset=&#8221;default&#8221;]<\/p>\n<p>Volete anche voi impegnarvi in questo modo per il nostro patrimonio mondiale? Non esitate a contattarci. La direzione sar\u00e0 lieta di fornirvi informazioni o di parlarvi personalmente:<\/p>\n<p><strong>Dr. Hans-Christian Leiggener<\/strong><br \/><a href=\"mailto:h.leiggener@jungfraualetsch.ch\">h.leiggener@jungfraualetsch.ch<\/a><br \/>T: <a href=\"tel:+41795081043\">079 508 10 43<\/a><\/p>\n<p>[\/et_pb_text][\/et_pb_column][\/et_pb_row][et_pb_row _builder_version=&#8221;4.9.9&#8243; _module_preset=&#8221;default&#8221;][et_pb_column type=&#8221;4_4&#8243; _builder_version=&#8221;4.9.9&#8243; _module_preset=&#8221;default&#8221;][et_pb_text _builder_version=&#8221;4.9.9&#8243; _module_preset=&#8221;default&#8221;]<\/p>\n<p>Se lo desidera, pu\u00f2 ottenere una consulenza legale gratuita <a href=\"https:\/\/app.deinadieu.ch\/consulting\/ngo\/7609?lang=it\" target=\"_blank\" rel=\"noopener\">qui<\/a>.<\/p>\n<p>[\/et_pb_text][\/et_pb_column][\/et_pb_row][\/et_pb_section][et_pb_section fb_built=&#8221;1&#8243; module_id=&#8221;deinadieu&#8221; _builder_version=&#8221;4.9.9&#8243; _module_preset=&#8221;default&#8221;][et_pb_row _builder_version=&#8221;4.9.9&#8243; _module_preset=&#8221;default&#8221;][et_pb_column type=&#8221;4_4&#8243; _builder_version=&#8221;4.9.9&#8243; _module_preset=&#8221;default&#8221;][et_pb_divider color=&#8221;#CCCCCC&#8221; _builder_version=&#8221;4.9.9&#8243; _module_preset=&#8221;default&#8221;][\/et_pb_divider][et_pb_image src=&#8221;https:\/\/jungfraualetsch.ch\/wp-content\/uploads\/2022\/04\/dein_adieu_3_Testament_Leaderboard_728x90_B-scaled.jpg&#8221; title_text=&#8221;dein_adieu_3_Testament_Leaderboard_728x90_B&#8221; url=&#8221;https:\/\/app.deinadieu.ch\/testamentgenerator\/ngo\/7609?lang=it&#8221; url_new_window=&#8221;on&#8221; align=&#8221;center&#8221; force_fullwidth=&#8221;on&#8221; _builder_version=&#8221;4.9.9&#8243; _module_preset=&#8221;default&#8221; border_width_all=&#8221;1px&#8221; border_color_all=&#8221;#CCCCCC&#8221;][\/et_pb_image][et_pb_text _builder_version=&#8221;4.9.9&#8243; _module_preset=&#8221;default&#8221;]<\/p>\n<h3>Redigere testamento e considerarci<\/h3>\n<p>La collaborazione con la nostra organizzazione partner DeinAdieu.ch vi consente di redigere un testamento per la vostra situazione personale senza impegno n\u00e9 costi.<\/p>\n<p>Sarete guidati attraverso i seguenti tre passaggi:<br \/>1) Registrate tutti gli eredi<br \/>2) Determinate chi ricever\u00e0 quale quota della vostra eredit\u00e0<br \/>3) Trascrivete a mano il modello creato<\/p>\n<p>Il vostro testamento scritto a mano dovrebbe essere facile da trovare e conservato in un luogo sicuro (persona di fiducia, avvocato, comune).<\/p>\n<p>[\/et_pb_text][\/et_pb_column][\/et_pb_row][et_pb_row _builder_version=&#8221;4.9.9&#8243; _module_preset=&#8221;default&#8221;][et_pb_column type=&#8221;4_4&#8243; _builder_version=&#8221;4.9.9&#8243; _module_preset=&#8221;default&#8221;][et_pb_image src=&#8221;https:\/\/jungfraualetsch.ch\/wp-content\/uploads\/2022\/04\/dein_adieu_1_PV_Leaderboard_728x90_A-scaled.jpg&#8221; title_text=&#8221;dein_adieu_1_PV_Leaderboard_728x90_A&#8221; url=&#8221;https:\/\/app.deinadieu.ch\/patient-decree\/ngo\/7609?lang=it&#8221; url_new_window=&#8221;on&#8221; align=&#8221;center&#8221; force_fullwidth=&#8221;on&#8221; _builder_version=&#8221;4.9.9&#8243; _module_preset=&#8221;default&#8221; border_width_all=&#8221;1px&#8221; border_color_all=&#8221;#CCCCCC&#8221;][\/et_pb_image][et_pb_text _builder_version=&#8221;4.9.9&#8243; _module_preset=&#8221;default&#8221;]<\/p>\n<h3>Creare direttiva del paziente in maniera semplice e valida<\/h3>\n<p>In collaborazione con DeinAdieu.ch vi offriamo la realizzazione gratuita della vostra direttiva del paziente individuale.<\/p>\n<p>Sarete guidati attraverso i seguenti quattro passaggi:<br \/>1) Scegliete il vostro rappresentante\/sostituto<br \/>2) Rispondete a domande sul vostro modo di vedere la vita <br \/>3) Rispondete a domande mediche<br \/>4) Stampate e firmate la vostra direttiva<\/p>\n<p>Tenete una copia dal vostro rappresentante\/medico di famiglia e la vostra tessera nel portafoglio.<\/p>\n<p>[\/et_pb_text][\/et_pb_column][\/et_pb_row][et_pb_row _builder_version=&#8221;4.9.9&#8243; _module_preset=&#8221;default&#8221;][et_pb_column type=&#8221;4_4&#8243; _builder_version=&#8221;4.9.9&#8243; _module_preset=&#8221;default&#8221;][et_pb_image src=&#8221;https:\/\/jungfraualetsch.ch\/wp-content\/uploads\/2022\/04\/dein_adieu_2_B_Leaderboard_728x902_mit-Logo.png&#8221; title_text=&#8221;dein_adieu_2_B_Leaderboard_728x902_mit-Logo&#8221; url=&#8221;https:\/\/app.deinadieu.ch\/advance-care-directive\/ngo\/7609?lang=it&#8221; url_new_window=&#8221;on&#8221; align=&#8221;center&#8221; force_fullwidth=&#8221;on&#8221; _builder_version=&#8221;4.9.9&#8243; _module_preset=&#8221;default&#8221; border_width_all=&#8221;1px&#8221; border_color_all=&#8221;#CCCCCC&#8221;][\/et_pb_image][et_pb_text _builder_version=&#8221;4.9.9&#8243; _module_preset=&#8221;default&#8221;]<\/p>\n<h3>Creare un mandato precauzionale in maniera semplice e valida<\/h3>\n<p>In collaborazione con DeinAdieu.ch vi offriamo la realizzazione gratuita del vostro mandato precauzionale.<\/p>\n<p>Sarete guidati attraverso i seguenti tre passaggi: <br \/>1) Scegliete il vostro rappresentante<br \/>2) Scegliete un eventuale sostituto<br \/>3) Trascrivete a mano il modello creato<\/p>\n<p>Idealmente, dovreste depositare il vostro mandato precauzionale in un luogo di deposito (APMA, ufficio dello stato civile). Dovrebbe in ogni caso essere facilmente reperibile in caso della vostra incapacit\u00e0 di discernimento.<\/p>\n<p>[\/et_pb_text][\/et_pb_column][\/et_pb_row][et_pb_row _builder_version=&#8221;4.9.9&#8243; _module_preset=&#8221;default&#8221;][et_pb_column type=&#8221;4_4&#8243; _builder_version=&#8221;4.9.9&#8243; _module_preset=&#8221;default&#8221;][et_pb_image src=&#8221;https:\/\/jungfraualetsch.ch\/wp-content\/uploads\/2022\/04\/dein_adieu_4_TA_Leaderboard_728x90_B-scaled.jpg&#8221; title_text=&#8221;dein_adieu_4_TA_Leaderboard_728x90_B&#8221; url=&#8221;https:\/\/app.deinadieu.ch\/todesanzeige-erstellen\/ngomemorial\/7609?lang=it&#8221; url_new_window=&#8221;on&#8221; align=&#8221;center&#8221; force_fullwidth=&#8221;on&#8221; _builder_version=&#8221;4.9.9&#8243; _module_preset=&#8221;default&#8221; border_width_all=&#8221;1px&#8221; border_color_all=&#8221;#CCCCCC&#8221;][\/et_pb_image][et_pb_text _builder_version=&#8221;4.9.9&#8243; _module_preset=&#8221;default&#8221;]<\/p>\n<h3>Necrologio gratuito<\/h3>\n<p>Create un necrologio online su DeinAdieu.ch con i seguenti vantaggi rispetto a un necrologio convenzionale:<br \/>\u2022 Necrologio dignitoso con testo del necrologio personale cos\u00ec come foto a colori della persona amata<br \/>\u2022 Dati di riferimento importanti come famiglia in lutto, giorno della morte, date ecc.<br \/>\u2022 Invio del link al necrologio tramite il mezzo a vostra scelta: Whatsapp, e-mail, PDF, Facebook ecc. (condivisione)<br \/>\u2022 I parenti possono esprimere le loro condoglianze direttamente sul necrologio<br \/>\u2022 Consentite ai vostri parenti di fare una donazione funebre diretta a favore dell&#8217;ente assistenziale.<\/p>\n<p>[\/et_pb_text][\/et_pb_column][\/et_pb_row][\/et_pb_section]<\/p>\n","protected":false},"excerpt":{"rendered":"<p>La loro tenutaLa Fondazione UNESCO patrimonio mondiale Alpi Svizzere Jungfrau-Aletsch si impegna a preservare il patrimonio mondiale per i posteri nel miglior modo possibile. Pi\u00f9 fondi ha a disposizione per questo scopo, pi\u00f9 misure mirate e sostenibili pu\u00f2 prendere. Come organizzazione senza scopo di lucro, ci affidiamo a donazioni, lasciti ed eredit\u00e0 e sappiamo come [&hellip;]<\/p>\n","protected":false},"author":1,"featured_media":0,"parent":7801,"menu_order":185,"comment_status":"closed","ping_status":"closed","template":"","meta":{"_et_pb_use_builder":"on","_et_pb_old_content":"","_et_gb_content_width":"","footnotes":""},"class_list":["post-7821","page","type-page","status-publish","hentry"],"yoast_head":"<!-- This site is optimized with the Yoast SEO plugin v27.1.1 - https:\/\/yoast.com\/product\/yoast-seo-wordpress\/ -->\n<title>La loro tenuta - UNESCO World Heritage Swiss Alps Jungfrau-Aletsch<\/title>\n<meta name=\"robots\" content=\"index, follow, max-snippet:-1, max-image-preview:large, max-video-preview:-1\" \/>\n<link rel=\"canonical\" href=\"https:\/\/jungfraualetsch.ch\/it\/supporto\/tenuta\/\" \/>\n<meta property=\"og:locale\" content=\"it_IT\" \/>\n<meta property=\"og:type\" content=\"article\" \/>\n<meta property=\"og:title\" content=\"La loro tenuta - UNESCO World Heritage Swiss Alps Jungfrau-Aletsch\" \/>\n<meta property=\"og:description\" content=\"La loro tenutaLa Fondazione UNESCO patrimonio mondiale Alpi Svizzere Jungfrau-Aletsch si impegna a preservare il patrimonio mondiale per i posteri nel miglior modo possibile. Pi\u00f9 fondi ha a disposizione per questo scopo, pi\u00f9 misure mirate e sostenibili pu\u00f2 prendere. Come organizzazione senza scopo di lucro, ci affidiamo a donazioni, lasciti ed eredit\u00e0 e sappiamo come [&hellip;]\" \/>\n<meta property=\"og:url\" content=\"https:\/\/jungfraualetsch.ch\/it\/supporto\/tenuta\/\" \/>\n<meta property=\"og:site_name\" content=\"UNESCO World Heritage Swiss Alps Jungfrau-Aletsch\" \/>\n<meta property=\"article:modified_time\" content=\"2022-06-01T10:31:31+00:00\" \/>\n<meta name=\"twitter:card\" content=\"summary_large_image\" \/>\n<meta name=\"twitter:label1\" content=\"Tempo di lettura stimato\" \/>\n\t<meta name=\"twitter:data1\" content=\"6 minuti\" \/>\n<script type=\"application\/ld+json\" class=\"yoast-schema-graph\">{\"@context\":\"https:\/\/schema.org\",\"@graph\":[{\"@type\":\"WebPage\",\"@id\":\"https:\/\/jungfraualetsch.ch\/it\/supporto\/tenuta\/\",\"url\":\"https:\/\/jungfraualetsch.ch\/it\/supporto\/tenuta\/\",\"name\":\"La loro tenuta - UNESCO World Heritage Swiss Alps Jungfrau-Aletsch\",\"isPartOf\":{\"@id\":\"https:\/\/jungfraualetsch.ch\/#website\"},\"datePublished\":\"2022-03-01T08:20:17+00:00\",\"dateModified\":\"2022-06-01T10:31:31+00:00\",\"breadcrumb\":{\"@id\":\"https:\/\/jungfraualetsch.ch\/it\/supporto\/tenuta\/#breadcrumb\"},\"inLanguage\":\"it-IT\",\"potentialAction\":[{\"@type\":\"ReadAction\",\"target\":[\"https:\/\/jungfraualetsch.ch\/it\/supporto\/tenuta\/\"]}]},{\"@type\":\"BreadcrumbList\",\"@id\":\"https:\/\/jungfraualetsch.ch\/it\/supporto\/tenuta\/#breadcrumb\",\"itemListElement\":[{\"@type\":\"ListItem\",\"position\":1,\"name\":\"Startseite\",\"item\":\"https:\/\/jungfraualetsch.ch\/it\/\"},{\"@type\":\"ListItem\",\"position\":2,\"name\":\"Supporto\",\"item\":\"https:\/\/jungfraualetsch.ch\/it\/supporto\/\"},{\"@type\":\"ListItem\",\"position\":3,\"name\":\"La loro tenuta\"}]},{\"@type\":\"WebSite\",\"@id\":\"https:\/\/jungfraualetsch.ch\/#website\",\"url\":\"https:\/\/jungfraualetsch.ch\/\",\"name\":\"UNESCO World Heritage Swiss Alps Jungfrau-Aletsch\",\"description\":\"\",\"potentialAction\":[{\"@type\":\"SearchAction\",\"target\":{\"@type\":\"EntryPoint\",\"urlTemplate\":\"https:\/\/jungfraualetsch.ch\/?s={search_term_string}\"},\"query-input\":{\"@type\":\"PropertyValueSpecification\",\"valueRequired\":true,\"valueName\":\"search_term_string\"}}],\"inLanguage\":\"it-IT\"}]}<\/script>\n<!-- \/ Yoast SEO plugin. -->","yoast_head_json":{"title":"La loro tenuta - UNESCO World Heritage Swiss Alps Jungfrau-Aletsch","robots":{"index":"index","follow":"follow","max-snippet":"max-snippet:-1","max-image-preview":"max-image-preview:large","max-video-preview":"max-video-preview:-1"},"canonical":"https:\/\/jungfraualetsch.ch\/it\/supporto\/tenuta\/","og_locale":"it_IT","og_type":"article","og_title":"La loro tenuta - UNESCO World Heritage Swiss Alps Jungfrau-Aletsch","og_description":"La loro tenutaLa Fondazione UNESCO patrimonio mondiale Alpi Svizzere Jungfrau-Aletsch si impegna a preservare il patrimonio mondiale per i posteri nel miglior modo possibile. Pi\u00f9 fondi ha a disposizione per questo scopo, pi\u00f9 misure mirate e sostenibili pu\u00f2 prendere. Come organizzazione senza scopo di lucro, ci affidiamo a donazioni, lasciti ed eredit\u00e0 e sappiamo come [&hellip;]","og_url":"https:\/\/jungfraualetsch.ch\/it\/supporto\/tenuta\/","og_site_name":"UNESCO World Heritage Swiss Alps Jungfrau-Aletsch","article_modified_time":"2022-06-01T10:31:31+00:00","twitter_card":"summary_large_image","twitter_misc":{"Tempo di lettura stimato":"6 minuti"},"schema":{"@context":"https:\/\/schema.org","@graph":[{"@type":"WebPage","@id":"https:\/\/jungfraualetsch.ch\/it\/supporto\/tenuta\/","url":"https:\/\/jungfraualetsch.ch\/it\/supporto\/tenuta\/","name":"La loro tenuta - UNESCO World Heritage Swiss Alps Jungfrau-Aletsch","isPartOf":{"@id":"https:\/\/jungfraualetsch.ch\/#website"},"datePublished":"2022-03-01T08:20:17+00:00","dateModified":"2022-06-01T10:31:31+00:00","breadcrumb":{"@id":"https:\/\/jungfraualetsch.ch\/it\/supporto\/tenuta\/#breadcrumb"},"inLanguage":"it-IT","potentialAction":[{"@type":"ReadAction","target":["https:\/\/jungfraualetsch.ch\/it\/supporto\/tenuta\/"]}]},{"@type":"BreadcrumbList","@id":"https:\/\/jungfraualetsch.ch\/it\/supporto\/tenuta\/#breadcrumb","itemListElement":[{"@type":"ListItem","position":1,"name":"Startseite","item":"https:\/\/jungfraualetsch.ch\/it\/"},{"@type":"ListItem","position":2,"name":"Supporto","item":"https:\/\/jungfraualetsch.ch\/it\/supporto\/"},{"@type":"ListItem","position":3,"name":"La loro tenuta"}]},{"@type":"WebSite","@id":"https:\/\/jungfraualetsch.ch\/#website","url":"https:\/\/jungfraualetsch.ch\/","name":"UNESCO World Heritage Swiss Alps Jungfrau-Aletsch","description":"","potentialAction":[{"@type":"SearchAction","target":{"@type":"EntryPoint","urlTemplate":"https:\/\/jungfraualetsch.ch\/?s={search_term_string}"},"query-input":{"@type":"PropertyValueSpecification","valueRequired":true,"valueName":"search_term_string"}}],"inLanguage":"it-IT"}]}},"_links":{"self":[{"href":"https:\/\/jungfraualetsch.ch\/it\/wp-json\/wp\/v2\/pages\/7821","targetHints":{"allow":["GET"]}}],"collection":[{"href":"https:\/\/jungfraualetsch.ch\/it\/wp-json\/wp\/v2\/pages"}],"about":[{"href":"https:\/\/jungfraualetsch.ch\/it\/wp-json\/wp\/v2\/types\/page"}],"author":[{"embeddable":true,"href":"https:\/\/jungfraualetsch.ch\/it\/wp-json\/wp\/v2\/users\/1"}],"replies":[{"embeddable":true,"href":"https:\/\/jungfraualetsch.ch\/it\/wp-json\/wp\/v2\/comments?post=7821"}],"version-history":[{"count":9,"href":"https:\/\/jungfraualetsch.ch\/it\/wp-json\/wp\/v2\/pages\/7821\/revisions"}],"predecessor-version":[{"id":8231,"href":"https:\/\/jungfraualetsch.ch\/it\/wp-json\/wp\/v2\/pages\/7821\/revisions\/8231"}],"up":[{"embeddable":true,"href":"https:\/\/jungfraualetsch.ch\/it\/wp-json\/wp\/v2\/pages\/7801"}],"wp:attachment":[{"href":"https:\/\/jungfraualetsch.ch\/it\/wp-json\/wp\/v2\/media?parent=7821"}],"curies":[{"name":"wp","href":"https:\/\/api.w.org\/{rel}","templated":true}]}}