{"id":704,"date":"2021-03-01T17:44:22","date_gmt":"2021-03-01T17:44:22","guid":{"rendered":"https:\/\/jungfraualetsch.ch\/welterbe\/"},"modified":"2021-03-31T13:23:04","modified_gmt":"2021-03-31T13:23:04","slug":"patrimonio-mondiale","status":"publish","type":"page","link":"https:\/\/jungfraualetsch.ch\/it\/patrimonio-mondiale\/","title":{"rendered":"Patrimonio mondiale"},"content":{"rendered":"<p>[et_pb_section fb_built=&#8221;1&#8243; fullwidth=&#8221;on&#8221; _builder_version=&#8221;4.9.1&#8243; _module_preset=&#8221;default&#8221; background_image=&#8221;https:\/\/jungfraualetsch.ch\/wp-content\/uploads\/2021\/03\/header_01_welterbe_pat_A34A4209-scaled.jpg&#8221; parallax=&#8221;on&#8221; bottom_divider_style=&#8221;slant2&#8243; bottom_divider_color=&#8221;#FFFFFF&#8221; bottom_divider_flip=&#8221;horizontal&#8221; bottom_divider_height_tablet=&#8221;&#8221; bottom_divider_height_phone=&#8221;&#8221; bottom_divider_height_last_edited=&#8221;on|desktop&#8221; custom_css_main_element=&#8221;min-height: 45vh;&#8221;][\/et_pb_section][et_pb_section fb_built=&#8221;1&#8243; _builder_version=&#8221;4.9.1&#8243; _module_preset=&#8221;default&#8221; background_enable_color=&#8221;off&#8221; background_enable_image=&#8221;off&#8221; top_divider_flip=&#8221;horizontal&#8221;][et_pb_row _builder_version=&#8221;4.9.1&#8243; _module_preset=&#8221;default&#8221;][et_pb_column type=&#8221;4_4&#8243; _builder_version=&#8221;4.9.1&#8243; _module_preset=&#8221;default&#8221;][et_pb_text admin_label=&#8221;Titel&#8221; _builder_version=&#8221;4.9.2&#8243; _module_preset=&#8221;default&#8221;]<\/p>\n<h1>Patrimonio mondiale<\/h1>\n<p>[\/et_pb_text][\/et_pb_column][\/et_pb_row][et_pb_row column_structure=&#8221;3_4,1_4&#8243; _builder_version=&#8221;4.9.1&#8243; _module_preset=&#8221;default&#8221;][et_pb_column type=&#8221;3_4&#8243; _builder_version=&#8221;4.9.1&#8243; _module_preset=&#8221;default&#8221;][et_pb_text _builder_version=&#8221;4.9.2&#8243; _module_preset=&#8221;default&#8221; hover_enabled=&#8221;0&#8243; sticky_enabled=&#8221;0&#8243;]<\/p>\n<p>Le Alpi Svizzere Jungfrau-Aletsch, patrimonio mondiale dell\u2019UNESCO, sono considerate come uno dei paesaggi montani pi\u00f9 spettacolari delle Alpi, in particolare per via dell\u2019impressionante catena montuosa di cui sono formate. Con una superficie totale di 824 km2, il sito Jungfrau-Aletsch copre quasi tutte le Alpi bernesi con i suoi monumentali massicci rocciosi che si estendono sul territorio dei cantoni di Berna e del Vallese. Essa rappresenta la meravigliosa bellezza naturale delle Alpi. Il centro \u00e8 costituito dal massiccio roccioso dell\u2019Eiger, del M\u00f6nch e della Jungfrau e dal paesaggio glaciale intorno al grande ghiacciaio dell\u2019Aletsch. Sul versante meridionale del Bietschhorn, il paesaggio di alta montagna si trasforma in una steppa rocciosa di tipo mediterraneo a causa dei diversi livelli di vegetazione. Questa diversit\u00e0 di paesaggi ed ecosistemi diversi si fonde in un quadro d\u2019insieme di eccezionale bellezza. Inoltre, il sito soddisfa tre dei quattro <a href=\"https:\/\/jungfraualetsch.ch\/it\/patrimonio-mondiale\/sito-patrimonio-mondiale\/\">criteri<\/a> UNESCO per l\u2019iscrizione nella lista del patrimonio mondiale, sottolineando ulteriormente il valore di questo paesaggio. Nella <a href=\"https:\/\/jungfraualetsch.ch\/it\/patrimonio-mondiale\/carta\/\">Carta<\/a> di Konkordiaplatz, le 23 comunit\u00e0 del patrimonio mondiale dichiarano di voler preservare questa zona nella sua diversit\u00e0 estetica e unicit\u00e0 per le generazioni future.<\/p>\n<p>[\/et_pb_text][\/et_pb_column][et_pb_column type=&#8221;1_4&#8243; _builder_version=&#8221;4.9.1&#8243; _module_preset=&#8221;default&#8221;][\/et_pb_column][\/et_pb_row][et_pb_row _builder_version=&#8221;4.9.1&#8243; _module_preset=&#8221;default&#8221;][et_pb_column type=&#8221;4_4&#8243; _builder_version=&#8221;4.9.1&#8243; _module_preset=&#8221;default&#8221;][et_pb_video src=&#8221;https:\/\/www.youtube.com\/watch?v=msBNRoq18nk&#038;t=1s&#8221; _builder_version=&#8221;4.9.2&#8243; _module_preset=&#8221;default&#8221;][\/et_pb_video][\/et_pb_column][\/et_pb_row][\/et_pb_section]<\/p>\n","protected":false},"excerpt":{"rendered":"<p>Patrimonio mondialeLe Alpi Svizzere Jungfrau-Aletsch, patrimonio mondiale dell\u2019UNESCO, sono considerate come uno dei paesaggi montani pi\u00f9 spettacolari delle Alpi, in particolare per via dell\u2019impressionante catena montuosa di cui sono formate. Con una superficie totale di 824 km2, il sito Jungfrau-Aletsch copre quasi tutte le Alpi bernesi con i suoi monumentali massicci rocciosi che si estendono [&hellip;]<\/p>\n","protected":false},"author":1,"featured_media":745,"parent":0,"menu_order":210,"comment_status":"closed","ping_status":"closed","template":"","meta":{"_et_pb_use_builder":"on","_et_pb_old_content":"","_et_gb_content_width":"","footnotes":""},"class_list":["post-704","page","type-page","status-publish","has-post-thumbnail","hentry"],"yoast_head":"<!-- This site is optimized with the Yoast SEO plugin v27.1.1 - https:\/\/yoast.com\/product\/yoast-seo-wordpress\/ -->\n<title>Patrimonio mondiale - UNESCO World Heritage Swiss Alps Jungfrau-Aletsch<\/title>\n<meta name=\"robots\" content=\"index, follow, max-snippet:-1, max-image-preview:large, max-video-preview:-1\" \/>\n<link rel=\"canonical\" href=\"https:\/\/jungfraualetsch.ch\/it\/patrimonio-mondiale\/\" \/>\n<meta property=\"og:locale\" content=\"it_IT\" \/>\n<meta property=\"og:type\" content=\"article\" \/>\n<meta property=\"og:title\" content=\"Patrimonio mondiale - UNESCO World Heritage Swiss Alps Jungfrau-Aletsch\" \/>\n<meta property=\"og:description\" content=\"Patrimonio mondialeLe Alpi Svizzere Jungfrau-Aletsch, patrimonio mondiale dell\u2019UNESCO, sono considerate come uno dei paesaggi montani pi\u00f9 spettacolari delle Alpi, in particolare per via dell\u2019impressionante catena montuosa di cui sono formate. Con una superficie totale di 824 km2, il sito Jungfrau-Aletsch copre quasi tutte le Alpi bernesi con i suoi monumentali massicci rocciosi che si estendono [&hellip;]\" \/>\n<meta property=\"og:url\" content=\"https:\/\/jungfraualetsch.ch\/it\/patrimonio-mondiale\/\" \/>\n<meta property=\"og:site_name\" content=\"UNESCO World Heritage Swiss Alps Jungfrau-Aletsch\" \/>\n<meta property=\"article:modified_time\" content=\"2021-03-31T13:23:04+00:00\" \/>\n<meta property=\"og:image\" content=\"https:\/\/jungfraualetsch.ch\/wp-content\/uploads\/2021\/03\/unesco_welterbe_jungfrau_aletsch_header_1_Welterbe.jpg\" \/>\n\t<meta property=\"og:image:width\" content=\"2000\" \/>\n\t<meta property=\"og:image:height\" content=\"550\" \/>\n\t<meta property=\"og:image:type\" content=\"image\/jpeg\" \/>\n<meta name=\"twitter:card\" content=\"summary_large_image\" \/>\n<meta name=\"twitter:label1\" content=\"Tempo di lettura stimato\" \/>\n\t<meta name=\"twitter:data1\" content=\"2 minuti\" \/>\n<script type=\"application\/ld+json\" class=\"yoast-schema-graph\">{\"@context\":\"https:\/\/schema.org\",\"@graph\":[{\"@type\":\"WebPage\",\"@id\":\"https:\/\/jungfraualetsch.ch\/it\/patrimonio-mondiale\/\",\"url\":\"https:\/\/jungfraualetsch.ch\/it\/patrimonio-mondiale\/\",\"name\":\"Patrimonio mondiale - UNESCO World Heritage Swiss Alps Jungfrau-Aletsch\",\"isPartOf\":{\"@id\":\"https:\/\/jungfraualetsch.ch\/#website\"},\"primaryImageOfPage\":{\"@id\":\"https:\/\/jungfraualetsch.ch\/it\/patrimonio-mondiale\/#primaryimage\"},\"image\":{\"@id\":\"https:\/\/jungfraualetsch.ch\/it\/patrimonio-mondiale\/#primaryimage\"},\"thumbnailUrl\":\"https:\/\/jungfraualetsch.ch\/wp-content\/uploads\/2021\/03\/unesco_welterbe_jungfrau_aletsch_header_1_Welterbe.jpg\",\"datePublished\":\"2021-03-01T17:44:22+00:00\",\"dateModified\":\"2021-03-31T13:23:04+00:00\",\"breadcrumb\":{\"@id\":\"https:\/\/jungfraualetsch.ch\/it\/patrimonio-mondiale\/#breadcrumb\"},\"inLanguage\":\"it-IT\",\"potentialAction\":[{\"@type\":\"ReadAction\",\"target\":[\"https:\/\/jungfraualetsch.ch\/it\/patrimonio-mondiale\/\"]}]},{\"@type\":\"ImageObject\",\"inLanguage\":\"it-IT\",\"@id\":\"https:\/\/jungfraualetsch.ch\/it\/patrimonio-mondiale\/#primaryimage\",\"url\":\"https:\/\/jungfraualetsch.ch\/wp-content\/uploads\/2021\/03\/unesco_welterbe_jungfrau_aletsch_header_1_Welterbe.jpg\",\"contentUrl\":\"https:\/\/jungfraualetsch.ch\/wp-content\/uploads\/2021\/03\/unesco_welterbe_jungfrau_aletsch_header_1_Welterbe.jpg\",\"width\":2000,\"height\":550,\"caption\":\"Der Grosse Aletschgletscher erstreckt sich \u00fcber 23km vom Jungfraujoch bis hinunter zum Aletschwald.\"},{\"@type\":\"BreadcrumbList\",\"@id\":\"https:\/\/jungfraualetsch.ch\/it\/patrimonio-mondiale\/#breadcrumb\",\"itemListElement\":[{\"@type\":\"ListItem\",\"position\":1,\"name\":\"Startseite\",\"item\":\"https:\/\/jungfraualetsch.ch\/it\/\"},{\"@type\":\"ListItem\",\"position\":2,\"name\":\"Patrimonio mondiale\"}]},{\"@type\":\"WebSite\",\"@id\":\"https:\/\/jungfraualetsch.ch\/#website\",\"url\":\"https:\/\/jungfraualetsch.ch\/\",\"name\":\"UNESCO World Heritage Swiss Alps Jungfrau-Aletsch\",\"description\":\"\",\"potentialAction\":[{\"@type\":\"SearchAction\",\"target\":{\"@type\":\"EntryPoint\",\"urlTemplate\":\"https:\/\/jungfraualetsch.ch\/?s={search_term_string}\"},\"query-input\":{\"@type\":\"PropertyValueSpecification\",\"valueRequired\":true,\"valueName\":\"search_term_string\"}}],\"inLanguage\":\"it-IT\"}]}<\/script>\n<!-- \/ Yoast SEO plugin. -->","yoast_head_json":{"title":"Patrimonio mondiale - UNESCO World Heritage Swiss Alps Jungfrau-Aletsch","robots":{"index":"index","follow":"follow","max-snippet":"max-snippet:-1","max-image-preview":"max-image-preview:large","max-video-preview":"max-video-preview:-1"},"canonical":"https:\/\/jungfraualetsch.ch\/it\/patrimonio-mondiale\/","og_locale":"it_IT","og_type":"article","og_title":"Patrimonio mondiale - UNESCO World Heritage Swiss Alps Jungfrau-Aletsch","og_description":"Patrimonio mondialeLe Alpi Svizzere Jungfrau-Aletsch, patrimonio mondiale dell\u2019UNESCO, sono considerate come uno dei paesaggi montani pi\u00f9 spettacolari delle Alpi, in particolare per via dell\u2019impressionante catena montuosa di cui sono formate. Con una superficie totale di 824 km2, il sito Jungfrau-Aletsch copre quasi tutte le Alpi bernesi con i suoi monumentali massicci rocciosi che si estendono [&hellip;]","og_url":"https:\/\/jungfraualetsch.ch\/it\/patrimonio-mondiale\/","og_site_name":"UNESCO World Heritage Swiss Alps Jungfrau-Aletsch","article_modified_time":"2021-03-31T13:23:04+00:00","og_image":[{"width":2000,"height":550,"url":"https:\/\/jungfraualetsch.ch\/wp-content\/uploads\/2021\/03\/unesco_welterbe_jungfrau_aletsch_header_1_Welterbe.jpg","type":"image\/jpeg"}],"twitter_card":"summary_large_image","twitter_misc":{"Tempo di lettura stimato":"2 minuti"},"schema":{"@context":"https:\/\/schema.org","@graph":[{"@type":"WebPage","@id":"https:\/\/jungfraualetsch.ch\/it\/patrimonio-mondiale\/","url":"https:\/\/jungfraualetsch.ch\/it\/patrimonio-mondiale\/","name":"Patrimonio mondiale - UNESCO World Heritage Swiss Alps Jungfrau-Aletsch","isPartOf":{"@id":"https:\/\/jungfraualetsch.ch\/#website"},"primaryImageOfPage":{"@id":"https:\/\/jungfraualetsch.ch\/it\/patrimonio-mondiale\/#primaryimage"},"image":{"@id":"https:\/\/jungfraualetsch.ch\/it\/patrimonio-mondiale\/#primaryimage"},"thumbnailUrl":"https:\/\/jungfraualetsch.ch\/wp-content\/uploads\/2021\/03\/unesco_welterbe_jungfrau_aletsch_header_1_Welterbe.jpg","datePublished":"2021-03-01T17:44:22+00:00","dateModified":"2021-03-31T13:23:04+00:00","breadcrumb":{"@id":"https:\/\/jungfraualetsch.ch\/it\/patrimonio-mondiale\/#breadcrumb"},"inLanguage":"it-IT","potentialAction":[{"@type":"ReadAction","target":["https:\/\/jungfraualetsch.ch\/it\/patrimonio-mondiale\/"]}]},{"@type":"ImageObject","inLanguage":"it-IT","@id":"https:\/\/jungfraualetsch.ch\/it\/patrimonio-mondiale\/#primaryimage","url":"https:\/\/jungfraualetsch.ch\/wp-content\/uploads\/2021\/03\/unesco_welterbe_jungfrau_aletsch_header_1_Welterbe.jpg","contentUrl":"https:\/\/jungfraualetsch.ch\/wp-content\/uploads\/2021\/03\/unesco_welterbe_jungfrau_aletsch_header_1_Welterbe.jpg","width":2000,"height":550,"caption":"Der Grosse Aletschgletscher erstreckt sich \u00fcber 23km vom Jungfraujoch bis hinunter zum Aletschwald."},{"@type":"BreadcrumbList","@id":"https:\/\/jungfraualetsch.ch\/it\/patrimonio-mondiale\/#breadcrumb","itemListElement":[{"@type":"ListItem","position":1,"name":"Startseite","item":"https:\/\/jungfraualetsch.ch\/it\/"},{"@type":"ListItem","position":2,"name":"Patrimonio mondiale"}]},{"@type":"WebSite","@id":"https:\/\/jungfraualetsch.ch\/#website","url":"https:\/\/jungfraualetsch.ch\/","name":"UNESCO World Heritage Swiss Alps Jungfrau-Aletsch","description":"","potentialAction":[{"@type":"SearchAction","target":{"@type":"EntryPoint","urlTemplate":"https:\/\/jungfraualetsch.ch\/?s={search_term_string}"},"query-input":{"@type":"PropertyValueSpecification","valueRequired":true,"valueName":"search_term_string"}}],"inLanguage":"it-IT"}]}},"_links":{"self":[{"href":"https:\/\/jungfraualetsch.ch\/it\/wp-json\/wp\/v2\/pages\/704","targetHints":{"allow":["GET"]}}],"collection":[{"href":"https:\/\/jungfraualetsch.ch\/it\/wp-json\/wp\/v2\/pages"}],"about":[{"href":"https:\/\/jungfraualetsch.ch\/it\/wp-json\/wp\/v2\/types\/page"}],"author":[{"embeddable":true,"href":"https:\/\/jungfraualetsch.ch\/it\/wp-json\/wp\/v2\/users\/1"}],"replies":[{"embeddable":true,"href":"https:\/\/jungfraualetsch.ch\/it\/wp-json\/wp\/v2\/comments?post=704"}],"version-history":[{"count":6,"href":"https:\/\/jungfraualetsch.ch\/it\/wp-json\/wp\/v2\/pages\/704\/revisions"}],"predecessor-version":[{"id":5467,"href":"https:\/\/jungfraualetsch.ch\/it\/wp-json\/wp\/v2\/pages\/704\/revisions\/5467"}],"wp:featuredmedia":[{"embeddable":true,"href":"https:\/\/jungfraualetsch.ch\/it\/wp-json\/wp\/v2\/media\/745"}],"wp:attachment":[{"href":"https:\/\/jungfraualetsch.ch\/it\/wp-json\/wp\/v2\/media?parent=704"}],"curies":[{"name":"wp","href":"https:\/\/api.w.org\/{rel}","templated":true}]}}