{"id":5040,"date":"2021-03-05T16:42:44","date_gmt":"2021-03-05T16:42:44","guid":{"rendered":"https:\/\/jungfraualetsch.ch\/lernen\/"},"modified":"2021-03-31T13:38:46","modified_gmt":"2021-03-31T13:38:46","slug":"apprendere","status":"publish","type":"page","link":"https:\/\/jungfraualetsch.ch\/it\/apprendere\/","title":{"rendered":"Apprendere"},"content":{"rendered":"<p>[et_pb_section fb_built=&#8221;1&#8243; fullwidth=&#8221;on&#8221; _builder_version=&#8221;4.9.2&#8243; _module_preset=&#8221;default&#8221; background_image=&#8221;https:\/\/jungfraualetsch.ch\/wp-content\/uploads\/2021\/03\/header_04_190922_Aletschfloh-Gletschervernissage-1200496-1-scaled.jpg&#8221; parallax=&#8221;on&#8221; bottom_divider_style=&#8221;slant2&#8243; bottom_divider_color=&#8221;#FFFFFF&#8221; bottom_divider_flip=&#8221;horizontal&#8221; bottom_divider_height_tablet=&#8221;&#8221; bottom_divider_height_phone=&#8221;&#8221; bottom_divider_height_last_edited=&#8221;on|desktop&#8221; custom_css_main_element=&#8221;min-height: 45vh;&#8221;][\/et_pb_section][et_pb_section fb_built=&#8221;1&#8243; _builder_version=&#8221;4.9.1&#8243; _module_preset=&#8221;default&#8221; background_enable_color=&#8221;off&#8221; background_enable_image=&#8221;off&#8221; top_divider_flip=&#8221;horizontal&#8221;][et_pb_row _builder_version=&#8221;4.9.1&#8243; _module_preset=&#8221;default&#8221;][et_pb_column type=&#8221;4_4&#8243; _builder_version=&#8221;4.9.1&#8243; _module_preset=&#8221;default&#8221;][et_pb_text admin_label=&#8221;Titel&#8221; _builder_version=&#8221;4.9.2&#8243; _module_preset=&#8221;default&#8221; hover_enabled=&#8221;0&#8243; sticky_enabled=&#8221;0&#8243;]<\/p>\n<h1>Apprendere<\/h1>\n<p>[\/et_pb_text][\/et_pb_column][\/et_pb_row][et_pb_row column_structure=&#8221;3_4,1_4&#8243; _builder_version=&#8221;4.9.1&#8243; _module_preset=&#8221;default&#8221;][et_pb_column type=&#8221;3_4&#8243; _builder_version=&#8221;4.9.1&#8243; _module_preset=&#8221;default&#8221;][et_pb_text _builder_version=&#8221;4.9.2&#8243; _module_preset=&#8221;default&#8221;]<\/p>\n<p>Con la nomina a Patrimonio mondiale e la firma della Carta, i comuni coinvolti, si sono impegnati a preservare i valori del sito per le generazioni future e a sviluppare la regione in modo sostenibile. Come sar\u00e0 definito lo sviluppo tra protezione e uso del territorio dipende fortemente dalle prossime generazioni. I bambini e i giovani saranno coloro che prenderanno le decisioni in futuro, per questo l\u2019educazione e l\u2019aumento della consapevolezza delle specificit\u00e0 e dei valori del patrimonio naturale e culturale \u00e8 rilevante per lo sviluppo regionale nonch\u00e9 compiti fondamentali del Patrimonio mondiale dell\u2019UNESCO nelle Alpi svizzere Jungfrau-Aletsch.<\/p>\n<p>Il <a href=\"https:\/\/jungfraualetsch.ch\/it\/centro-studi\/\">Centro studi<\/a> del World Nature Forum offre programmi educativi e definisce i collegamenti tra l\u2019insegnamento e la pratica cos\u00ec come tra le esperienze sul campo e la didattica. Il Centro \u00e8 composto da due piattaforme strettamente interconnesse: la \u00abCattedra UNESCO\u00bb, uno sforzo congiunto del Centro per lo Sviluppo e l\u2019Ambiente (CDE) dell\u2019Universit\u00e0 di Berna e il CETRAD del Kenya e la \u00abFormazione-Montagna\u00bb.<\/p>\n<p>[\/et_pb_text][\/et_pb_column][et_pb_column type=&#8221;1_4&#8243; _builder_version=&#8221;4.9.1&#8243; _module_preset=&#8221;default&#8221;][\/et_pb_column][\/et_pb_row][\/et_pb_section]<\/p>\n","protected":false},"excerpt":{"rendered":"<p>ApprendereCon la nomina a Patrimonio mondiale e la firma della Carta, i comuni coinvolti, si sono impegnati a preservare i valori del sito per le generazioni future e a sviluppare la regione in modo sostenibile. Come sar\u00e0 definito lo sviluppo tra protezione e uso del territorio dipende fortemente dalle prossime generazioni. I bambini e i [&hellip;]<\/p>\n","protected":false},"author":1,"featured_media":2543,"parent":0,"menu_order":197,"comment_status":"closed","ping_status":"closed","template":"","meta":{"_et_pb_use_builder":"on","_et_pb_old_content":"","_et_gb_content_width":"","footnotes":""},"class_list":["post-5040","page","type-page","status-publish","has-post-thumbnail","hentry"],"yoast_head":"<!-- This site is optimized with the Yoast SEO plugin v27.1.1 - https:\/\/yoast.com\/product\/yoast-seo-wordpress\/ -->\n<title>Apprendere - UNESCO World Heritage Swiss Alps Jungfrau-Aletsch<\/title>\n<meta name=\"robots\" content=\"index, follow, max-snippet:-1, max-image-preview:large, max-video-preview:-1\" \/>\n<link rel=\"canonical\" href=\"https:\/\/jungfraualetsch.ch\/it\/apprendere\/\" \/>\n<meta property=\"og:locale\" content=\"it_IT\" \/>\n<meta property=\"og:type\" content=\"article\" \/>\n<meta property=\"og:title\" content=\"Apprendere - UNESCO World Heritage Swiss Alps Jungfrau-Aletsch\" \/>\n<meta property=\"og:description\" content=\"ApprendereCon la nomina a Patrimonio mondiale e la firma della Carta, i comuni coinvolti, si sono impegnati a preservare i valori del sito per le generazioni future e a sviluppare la regione in modo sostenibile. Come sar\u00e0 definito lo sviluppo tra protezione e uso del territorio dipende fortemente dalle prossime generazioni. I bambini e i [&hellip;]\" \/>\n<meta property=\"og:url\" content=\"https:\/\/jungfraualetsch.ch\/it\/apprendere\/\" \/>\n<meta property=\"og:site_name\" content=\"UNESCO World Heritage Swiss Alps Jungfrau-Aletsch\" \/>\n<meta property=\"article:modified_time\" content=\"2021-03-31T13:38:46+00:00\" \/>\n<meta property=\"og:image\" content=\"https:\/\/jungfraualetsch.ch\/wp-content\/uploads\/2021\/03\/header_04_190922_Aletschfloh-Gletschervernissage-1200496-1-scaled.jpg\" \/>\n\t<meta property=\"og:image:width\" content=\"2560\" \/>\n\t<meta property=\"og:image:height\" content=\"1683\" \/>\n\t<meta property=\"og:image:type\" content=\"image\/jpeg\" \/>\n<meta name=\"twitter:card\" content=\"summary_large_image\" \/>\n<meta name=\"twitter:label1\" content=\"Tempo di lettura stimato\" \/>\n\t<meta name=\"twitter:data1\" content=\"2 minuti\" \/>\n<script type=\"application\/ld+json\" class=\"yoast-schema-graph\">{\"@context\":\"https:\/\/schema.org\",\"@graph\":[{\"@type\":\"WebPage\",\"@id\":\"https:\/\/jungfraualetsch.ch\/it\/apprendere\/\",\"url\":\"https:\/\/jungfraualetsch.ch\/it\/apprendere\/\",\"name\":\"Apprendere - UNESCO World Heritage Swiss Alps Jungfrau-Aletsch\",\"isPartOf\":{\"@id\":\"https:\/\/jungfraualetsch.ch\/#website\"},\"primaryImageOfPage\":{\"@id\":\"https:\/\/jungfraualetsch.ch\/it\/apprendere\/#primaryimage\"},\"image\":{\"@id\":\"https:\/\/jungfraualetsch.ch\/it\/apprendere\/#primaryimage\"},\"thumbnailUrl\":\"https:\/\/jungfraualetsch.ch\/wp-content\/uploads\/2021\/03\/header_04_190922_Aletschfloh-Gletschervernissage-1200496-1-scaled.jpg\",\"datePublished\":\"2021-03-05T16:42:44+00:00\",\"dateModified\":\"2021-03-31T13:38:46+00:00\",\"breadcrumb\":{\"@id\":\"https:\/\/jungfraualetsch.ch\/it\/apprendere\/#breadcrumb\"},\"inLanguage\":\"it-IT\",\"potentialAction\":[{\"@type\":\"ReadAction\",\"target\":[\"https:\/\/jungfraualetsch.ch\/it\/apprendere\/\"]}]},{\"@type\":\"ImageObject\",\"inLanguage\":\"it-IT\",\"@id\":\"https:\/\/jungfraualetsch.ch\/it\/apprendere\/#primaryimage\",\"url\":\"https:\/\/jungfraualetsch.ch\/wp-content\/uploads\/2021\/03\/header_04_190922_Aletschfloh-Gletschervernissage-1200496-1-scaled.jpg\",\"contentUrl\":\"https:\/\/jungfraualetsch.ch\/wp-content\/uploads\/2021\/03\/header_04_190922_Aletschfloh-Gletschervernissage-1200496-1-scaled.jpg\",\"width\":2560,\"height\":1683},{\"@type\":\"BreadcrumbList\",\"@id\":\"https:\/\/jungfraualetsch.ch\/it\/apprendere\/#breadcrumb\",\"itemListElement\":[{\"@type\":\"ListItem\",\"position\":1,\"name\":\"Startseite\",\"item\":\"https:\/\/jungfraualetsch.ch\/it\/\"},{\"@type\":\"ListItem\",\"position\":2,\"name\":\"Apprendere\"}]},{\"@type\":\"WebSite\",\"@id\":\"https:\/\/jungfraualetsch.ch\/#website\",\"url\":\"https:\/\/jungfraualetsch.ch\/\",\"name\":\"UNESCO World Heritage Swiss Alps Jungfrau-Aletsch\",\"description\":\"\",\"potentialAction\":[{\"@type\":\"SearchAction\",\"target\":{\"@type\":\"EntryPoint\",\"urlTemplate\":\"https:\/\/jungfraualetsch.ch\/?s={search_term_string}\"},\"query-input\":{\"@type\":\"PropertyValueSpecification\",\"valueRequired\":true,\"valueName\":\"search_term_string\"}}],\"inLanguage\":\"it-IT\"}]}<\/script>\n<!-- \/ Yoast SEO plugin. -->","yoast_head_json":{"title":"Apprendere - UNESCO World Heritage Swiss Alps Jungfrau-Aletsch","robots":{"index":"index","follow":"follow","max-snippet":"max-snippet:-1","max-image-preview":"max-image-preview:large","max-video-preview":"max-video-preview:-1"},"canonical":"https:\/\/jungfraualetsch.ch\/it\/apprendere\/","og_locale":"it_IT","og_type":"article","og_title":"Apprendere - UNESCO World Heritage Swiss Alps Jungfrau-Aletsch","og_description":"ApprendereCon la nomina a Patrimonio mondiale e la firma della Carta, i comuni coinvolti, si sono impegnati a preservare i valori del sito per le generazioni future e a sviluppare la regione in modo sostenibile. Come sar\u00e0 definito lo sviluppo tra protezione e uso del territorio dipende fortemente dalle prossime generazioni. I bambini e i [&hellip;]","og_url":"https:\/\/jungfraualetsch.ch\/it\/apprendere\/","og_site_name":"UNESCO World Heritage Swiss Alps Jungfrau-Aletsch","article_modified_time":"2021-03-31T13:38:46+00:00","og_image":[{"width":2560,"height":1683,"url":"https:\/\/jungfraualetsch.ch\/wp-content\/uploads\/2021\/03\/header_04_190922_Aletschfloh-Gletschervernissage-1200496-1-scaled.jpg","type":"image\/jpeg"}],"twitter_card":"summary_large_image","twitter_misc":{"Tempo di lettura stimato":"2 minuti"},"schema":{"@context":"https:\/\/schema.org","@graph":[{"@type":"WebPage","@id":"https:\/\/jungfraualetsch.ch\/it\/apprendere\/","url":"https:\/\/jungfraualetsch.ch\/it\/apprendere\/","name":"Apprendere - UNESCO World Heritage Swiss Alps Jungfrau-Aletsch","isPartOf":{"@id":"https:\/\/jungfraualetsch.ch\/#website"},"primaryImageOfPage":{"@id":"https:\/\/jungfraualetsch.ch\/it\/apprendere\/#primaryimage"},"image":{"@id":"https:\/\/jungfraualetsch.ch\/it\/apprendere\/#primaryimage"},"thumbnailUrl":"https:\/\/jungfraualetsch.ch\/wp-content\/uploads\/2021\/03\/header_04_190922_Aletschfloh-Gletschervernissage-1200496-1-scaled.jpg","datePublished":"2021-03-05T16:42:44+00:00","dateModified":"2021-03-31T13:38:46+00:00","breadcrumb":{"@id":"https:\/\/jungfraualetsch.ch\/it\/apprendere\/#breadcrumb"},"inLanguage":"it-IT","potentialAction":[{"@type":"ReadAction","target":["https:\/\/jungfraualetsch.ch\/it\/apprendere\/"]}]},{"@type":"ImageObject","inLanguage":"it-IT","@id":"https:\/\/jungfraualetsch.ch\/it\/apprendere\/#primaryimage","url":"https:\/\/jungfraualetsch.ch\/wp-content\/uploads\/2021\/03\/header_04_190922_Aletschfloh-Gletschervernissage-1200496-1-scaled.jpg","contentUrl":"https:\/\/jungfraualetsch.ch\/wp-content\/uploads\/2021\/03\/header_04_190922_Aletschfloh-Gletschervernissage-1200496-1-scaled.jpg","width":2560,"height":1683},{"@type":"BreadcrumbList","@id":"https:\/\/jungfraualetsch.ch\/it\/apprendere\/#breadcrumb","itemListElement":[{"@type":"ListItem","position":1,"name":"Startseite","item":"https:\/\/jungfraualetsch.ch\/it\/"},{"@type":"ListItem","position":2,"name":"Apprendere"}]},{"@type":"WebSite","@id":"https:\/\/jungfraualetsch.ch\/#website","url":"https:\/\/jungfraualetsch.ch\/","name":"UNESCO World Heritage Swiss Alps Jungfrau-Aletsch","description":"","potentialAction":[{"@type":"SearchAction","target":{"@type":"EntryPoint","urlTemplate":"https:\/\/jungfraualetsch.ch\/?s={search_term_string}"},"query-input":{"@type":"PropertyValueSpecification","valueRequired":true,"valueName":"search_term_string"}}],"inLanguage":"it-IT"}]}},"_links":{"self":[{"href":"https:\/\/jungfraualetsch.ch\/it\/wp-json\/wp\/v2\/pages\/5040","targetHints":{"allow":["GET"]}}],"collection":[{"href":"https:\/\/jungfraualetsch.ch\/it\/wp-json\/wp\/v2\/pages"}],"about":[{"href":"https:\/\/jungfraualetsch.ch\/it\/wp-json\/wp\/v2\/types\/page"}],"author":[{"embeddable":true,"href":"https:\/\/jungfraualetsch.ch\/it\/wp-json\/wp\/v2\/users\/1"}],"replies":[{"embeddable":true,"href":"https:\/\/jungfraualetsch.ch\/it\/wp-json\/wp\/v2\/comments?post=5040"}],"version-history":[{"count":5,"href":"https:\/\/jungfraualetsch.ch\/it\/wp-json\/wp\/v2\/pages\/5040\/revisions"}],"predecessor-version":[{"id":5478,"href":"https:\/\/jungfraualetsch.ch\/it\/wp-json\/wp\/v2\/pages\/5040\/revisions\/5478"}],"wp:featuredmedia":[{"embeddable":true,"href":"https:\/\/jungfraualetsch.ch\/it\/wp-json\/wp\/v2\/media\/2543"}],"wp:attachment":[{"href":"https:\/\/jungfraualetsch.ch\/it\/wp-json\/wp\/v2\/media?parent=5040"}],"curies":[{"name":"wp","href":"https:\/\/api.w.org\/{rel}","templated":true}]}}