{"id":4277,"date":"2021-03-29T12:34:43","date_gmt":"2021-03-29T12:34:43","guid":{"rendered":"https:\/\/jungfraualetsch.ch\/specie-e-habitats-prioritari\/leinkraut-scheckenfalter\/"},"modified":"2021-03-30T09:00:16","modified_gmt":"2021-03-30T09:00:16","slug":"la-farfalla-mellicta-deione","status":"publish","type":"page","link":"https:\/\/jungfraualetsch.ch\/it\/protezione-e-ripristino\/specie-e-habitats-prioritari\/la-farfalla-mellicta-deione\/","title":{"rendered":"La Farfalla Mellicta deione"},"content":{"rendered":"<p>[et_pb_section fb_built=&#8221;1&#8243; fullwidth=&#8221;on&#8221; _builder_version=&#8221;4.9.1&#8243; _module_preset=&#8221;default&#8221; background_image=&#8221;https:\/\/jungfraualetsch.ch\/wp-content\/uploads\/2021\/03\/header_03_welterbe_pat_IMG_0916-scaled.jpg&#8221; parallax=&#8221;on&#8221; bottom_divider_style=&#8221;slant2&#8243; bottom_divider_color=&#8221;#FFFFFF&#8221; bottom_divider_flip=&#8221;horizontal&#8221; bottom_divider_height_tablet=&#8221;&#8221; bottom_divider_height_phone=&#8221;&#8221; bottom_divider_height_last_edited=&#8221;on|desktop&#8221; custom_css_main_element=&#8221;min-height: 45vh;&#8221;][\/et_pb_section][et_pb_section fb_built=&#8221;1&#8243; _builder_version=&#8221;4.9.1&#8243; _module_preset=&#8221;default&#8221; background_enable_color=&#8221;off&#8221; background_enable_image=&#8221;off&#8221; top_divider_flip=&#8221;horizontal&#8221;][et_pb_row _builder_version=&#8221;4.9.1&#8243; _module_preset=&#8221;default&#8221;][et_pb_column type=&#8221;4_4&#8243; _builder_version=&#8221;4.9.1&#8243; _module_preset=&#8221;default&#8221;][et_pb_text admin_label=&#8221;Titel&#8221; _builder_version=&#8221;4.9.2&#8243; _module_preset=&#8221;default&#8221; hover_enabled=&#8221;0&#8243; sticky_enabled=&#8221;0&#8243;]<\/p>\n<h1>La Farfalla Mellicta deione<\/h1>\n<p>[\/et_pb_text][\/et_pb_column][\/et_pb_row][et_pb_row column_structure=&#8221;3_4,1_4&#8243; _builder_version=&#8221;4.9.1&#8243; _module_preset=&#8221;default&#8221;][et_pb_column type=&#8221;3_4&#8243; _builder_version=&#8221;4.9.1&#8243; _module_preset=&#8221;default&#8221;][et_pb_text _builder_version=&#8221;4.9.2&#8243; _module_preset=&#8221;default&#8221; hover_enabled=&#8221;0&#8243; sticky_enabled=&#8221;0&#8243;]<\/p>\n<p>L\u2019occasione migliore per osservare la Farfalla Mellicta (Mellicta deione berisalii) \u00e8 data nel mese di giugno, nelle giornate di sole con poco vento, nei pressi della localit\u00e0 Ausserberg-Hohtenn che si trova nel versante sud del L\u00f6tschberg. Essa si riconosce per il suo colore arancione-marrone e per i margini delle ali caratterizzati da una rete di colore nero.<\/p>\n<p>La farfalla preferisce il clima caldo e secco. In Svizzera si conoscono 11 specie di questa famiglia, e tutti hanno un aspetto abbastanza simile. Il bruco della farfalla Mellicta deione \u00e8 legato alla pianta che gli fornisce il cibo, la Linaria italiana. Entrambi hanno la loro distribuzione principale nell\u2019area del Mediterraneo, da dove sono immigrati nella valle del Rodano, dopo l\u2019ultima glaciazione. Una sottospecie della farfalla Mellicta deione \u00e8 presente solo nel Vallese, quindi \u00e8 considerata endemica nella Valle del Rodano.<\/p>\n<p>In passato, molti terreni nel Vallese venivano arati, quindi, questa farfalla si trovava di frequente; da allora la si vede molto raramente. La ragione \u00e8 molto semplice: il bruco della farfalla si nutre esclusivamente di foglie di Linaria italiana, che prosperano su campi asciutti e coltivati e spesso nei vigneti. Si tratta di una pianta infestante, quindi se questa \u00e8 poco diffusa anche la farfalla lo sar\u00e0 di conseguenza.<\/p>\n<p>[\/et_pb_text][\/et_pb_column][et_pb_column type=&#8221;1_4&#8243; _builder_version=&#8221;4.9.1&#8243; _module_preset=&#8221;default&#8221;][\/et_pb_column][\/et_pb_row][et_pb_row _builder_version=&#8221;4.9.1&#8243; _module_preset=&#8221;default&#8221;][et_pb_column type=&#8221;4_4&#8243; _builder_version=&#8221;4.9.1&#8243; _module_preset=&#8221;default&#8221;][et_pb_gallery gallery_ids=&#8221;4010,4006,4002,3998&#8243; gallery_orderby=&#8221;rand&#8221; fullwidth=&#8221;on&#8221; _builder_version=&#8221;4.9.2&#8243; _module_preset=&#8221;default&#8221; auto=&#8221;on&#8221; auto_speed=&#8221;3500&#8243;][\/et_pb_gallery][\/et_pb_column][\/et_pb_row][et_pb_row column_structure=&#8221;3_4,1_4&#8243; _builder_version=&#8221;4.9.1&#8243; _module_preset=&#8221;default&#8221;][et_pb_column type=&#8221;3_4&#8243; _builder_version=&#8221;4.9.1&#8243; _module_preset=&#8221;default&#8221;][et_pb_text _builder_version=&#8221;4.9.2&#8243; _module_preset=&#8221;default&#8221; hover_enabled=&#8221;0&#8243; sticky_enabled=&#8221;0&#8243;]<\/p>\n<p><strong>Misure di conservazione<\/strong><br \/>Nel 2014 l\u2019Ufficio per l\u2019ambiente e l\u2019energia (buweg) ha mappato la distribuzione della Farfalla Mellicta deione nel sito Patrimonio Mondiale. Ci\u00f2 ha contribuito alla conoscenza del ciclo di vita di questa rara specie. Questo studio ha fornito la base per l\u2019elaborazione di raccomandazioni atte a migliorare la protezione e il recupero da attuare in collaborazione con gli agricoltori. Nel 2015, l\u2019intero perimetro del progetto riguardante la Farfalla Mellicta deione \u00e8 stato incluso nel progetto Ausserberg e di conseguenza \u00e8 stato concordato come stabilire coltivazioni estensive. Lo stesso anno \u00e8 stata lanciata un\u2019azione pilota con il supporto dei volontari e dell\u2019agricoltore Orlando Schmid. In un pascolo vicino ad Ausserberg sono state piantate 240 pianticelle di Linaria italiana. La prima valutazione del progetto ha mostrato risultati molto incoraggianti.<\/p>\n<p>[\/et_pb_text][\/et_pb_column][et_pb_column type=&#8221;1_4&#8243; _builder_version=&#8221;4.9.1&#8243; _module_preset=&#8221;default&#8221;][\/et_pb_column][\/et_pb_row][et_pb_row _builder_version=&#8221;4.9.2&#8243; _module_preset=&#8221;default&#8221;][et_pb_column type=&#8221;4_4&#8243; _builder_version=&#8221;4.9.2&#8243; _module_preset=&#8221;default&#8221;][et_pb_image src=&#8221;https:\/\/jungfraualetsch.ch\/wp-content\/uploads\/2021\/03\/P1060429-2000&#215;1334-1.jpg&#8221; title_text=&#8221;P1060429-2000&#215;1334&#8243; _builder_version=&#8221;4.9.2&#8243; _module_preset=&#8221;default&#8221;][\/et_pb_image][\/et_pb_column][\/et_pb_row][et_pb_row column_structure=&#8221;3_4,1_4&#8243; _builder_version=&#8221;4.9.1&#8243; _module_preset=&#8221;default&#8221;][et_pb_column type=&#8221;3_4&#8243; _builder_version=&#8221;4.9.1&#8243; _module_preset=&#8221;default&#8221;][et_pb_text _builder_version=&#8221;4.9.2&#8243; _module_preset=&#8221;default&#8221; hover_enabled=&#8221;0&#8243; sticky_enabled=&#8221;0&#8243;]<\/p>\n<p>Il Centro di Gestione mira a ripristinare gli habitat potenziali, ma anche a concludere accordi con gli agricoltori per il maggior numero di siti al fine di generare incentivi supplementari ai pagamenti diretti esistenti.<\/p>\n<p>Ulteriori informazioni:<\/p>\n<ul>\n<li><a href=\"https:\/\/jungfraualetsch.ch\/wp-content\/uploads\/2021\/03\/Leinkrautscheckenfalter-Bericht_Web.pdf\" target=\"_blank\" rel=\"noopener\">Relazione sulla Farfalla Mellicta deione<\/a><\/li>\n<li><a href=\"https:\/\/jungfraualetsch.ch\/wp-content\/uploads\/2021\/03\/2015_06_11_WB_Scheckenfalter.pdf\" target=\"_blank\" rel=\"noopener\">Comunicato stampa<\/a><\/li>\n<li><a href=\"https:\/\/myswissalps.ch\/poi\/504\" target=\"_blank\" rel=\"noopener\">Alla scoperta della Farfalla Mellicta deione nel sito Patrimonio Mondiale<\/a><\/li>\n<li><a href=\"https:\/\/jungfraualetsch.ch\/wp-content\/uploads\/2021\/03\/2016_06_08_Mitteilung_Leinkrautpflanzung.pdf\" target=\"_blank\" rel=\"noopener\">Comunicato stampa 2016<\/a><\/li>\n<\/ul>\n<p>[\/et_pb_text][\/et_pb_column][et_pb_column type=&#8221;1_4&#8243; _builder_version=&#8221;4.9.1&#8243; _module_preset=&#8221;default&#8221;][\/et_pb_column][\/et_pb_row][et_pb_row _builder_version=&#8221;4.9.2&#8243; _module_preset=&#8221;default&#8221;][et_pb_column type=&#8221;4_4&#8243; _builder_version=&#8221;4.9.2&#8243; _module_preset=&#8221;default&#8221;][et_pb_video src=&#8221;https:\/\/www.youtube.com\/watch?v=_hscx-rMYnw&#8221; _builder_version=&#8221;4.9.2&#8243; _module_preset=&#8221;default&#8221;][\/et_pb_video][\/et_pb_column][\/et_pb_row][\/et_pb_section]<\/p>\n","protected":false},"excerpt":{"rendered":"<p>La Farfalla Mellicta deioneL\u2019occasione migliore per osservare la Farfalla Mellicta (Mellicta deione berisalii) \u00e8 data nel mese di giugno, nelle giornate di sole con poco vento, nei pressi della localit\u00e0 Ausserberg-Hohtenn che si trova nel versante sud del L\u00f6tschberg. Essa si riconosce per il suo colore arancione-marrone e per i margini delle ali caratterizzati da [&hellip;]<\/p>\n","protected":false},"author":1,"featured_media":0,"parent":3429,"menu_order":39,"comment_status":"closed","ping_status":"closed","template":"","meta":{"_et_pb_use_builder":"on","_et_pb_old_content":"","_et_gb_content_width":"","footnotes":""},"class_list":["post-4277","page","type-page","status-publish","hentry"],"yoast_head":"<!-- This site is optimized with the Yoast SEO plugin v27.1.1 - https:\/\/yoast.com\/product\/yoast-seo-wordpress\/ -->\n<title>La Farfalla Mellicta deione - UNESCO World Heritage Swiss Alps Jungfrau-Aletsch<\/title>\n<meta name=\"robots\" content=\"index, follow, max-snippet:-1, max-image-preview:large, max-video-preview:-1\" \/>\n<link rel=\"canonical\" href=\"https:\/\/jungfraualetsch.ch\/it\/protezione-e-ripristino\/specie-e-habitats-prioritari\/la-farfalla-mellicta-deione\/\" \/>\n<meta property=\"og:locale\" content=\"it_IT\" \/>\n<meta property=\"og:type\" content=\"article\" \/>\n<meta property=\"og:title\" content=\"La Farfalla Mellicta deione - UNESCO World Heritage Swiss Alps Jungfrau-Aletsch\" \/>\n<meta property=\"og:description\" content=\"La Farfalla Mellicta deioneL\u2019occasione migliore per osservare la Farfalla Mellicta (Mellicta deione berisalii) \u00e8 data nel mese di giugno, nelle giornate di sole con poco vento, nei pressi della localit\u00e0 Ausserberg-Hohtenn che si trova nel versante sud del L\u00f6tschberg. Essa si riconosce per il suo colore arancione-marrone e per i margini delle ali caratterizzati da [&hellip;]\" \/>\n<meta property=\"og:url\" content=\"https:\/\/jungfraualetsch.ch\/it\/protezione-e-ripristino\/specie-e-habitats-prioritari\/la-farfalla-mellicta-deione\/\" \/>\n<meta property=\"og:site_name\" content=\"UNESCO World Heritage Swiss Alps Jungfrau-Aletsch\" \/>\n<meta property=\"article:modified_time\" content=\"2021-03-30T09:00:16+00:00\" \/>\n<meta name=\"twitter:card\" content=\"summary_large_image\" \/>\n<meta name=\"twitter:label1\" content=\"Tempo di lettura stimato\" \/>\n\t<meta name=\"twitter:data1\" content=\"4 minuti\" \/>\n<script type=\"application\/ld+json\" class=\"yoast-schema-graph\">{\"@context\":\"https:\/\/schema.org\",\"@graph\":[{\"@type\":\"WebPage\",\"@id\":\"https:\/\/jungfraualetsch.ch\/it\/protezione-e-ripristino\/specie-e-habitats-prioritari\/la-farfalla-mellicta-deione\/\",\"url\":\"https:\/\/jungfraualetsch.ch\/it\/protezione-e-ripristino\/specie-e-habitats-prioritari\/la-farfalla-mellicta-deione\/\",\"name\":\"La Farfalla Mellicta deione - UNESCO World Heritage Swiss Alps Jungfrau-Aletsch\",\"isPartOf\":{\"@id\":\"https:\/\/jungfraualetsch.ch\/#website\"},\"datePublished\":\"2021-03-29T12:34:43+00:00\",\"dateModified\":\"2021-03-30T09:00:16+00:00\",\"breadcrumb\":{\"@id\":\"https:\/\/jungfraualetsch.ch\/it\/protezione-e-ripristino\/specie-e-habitats-prioritari\/la-farfalla-mellicta-deione\/#breadcrumb\"},\"inLanguage\":\"it-IT\",\"potentialAction\":[{\"@type\":\"ReadAction\",\"target\":[\"https:\/\/jungfraualetsch.ch\/it\/protezione-e-ripristino\/specie-e-habitats-prioritari\/la-farfalla-mellicta-deione\/\"]}]},{\"@type\":\"BreadcrumbList\",\"@id\":\"https:\/\/jungfraualetsch.ch\/it\/protezione-e-ripristino\/specie-e-habitats-prioritari\/la-farfalla-mellicta-deione\/#breadcrumb\",\"itemListElement\":[{\"@type\":\"ListItem\",\"position\":1,\"name\":\"Startseite\",\"item\":\"https:\/\/jungfraualetsch.ch\/it\/\"},{\"@type\":\"ListItem\",\"position\":2,\"name\":\"Protezione e Ripristino\",\"item\":\"https:\/\/jungfraualetsch.ch\/it\/protezione-e-ripristino\/\"},{\"@type\":\"ListItem\",\"position\":3,\"name\":\"Specie e Habitats prioritari\",\"item\":\"https:\/\/jungfraualetsch.ch\/it\/protezione-e-ripristino\/specie-e-habitats-prioritari\/\"},{\"@type\":\"ListItem\",\"position\":4,\"name\":\"La Farfalla Mellicta deione\"}]},{\"@type\":\"WebSite\",\"@id\":\"https:\/\/jungfraualetsch.ch\/#website\",\"url\":\"https:\/\/jungfraualetsch.ch\/\",\"name\":\"UNESCO World Heritage Swiss Alps Jungfrau-Aletsch\",\"description\":\"\",\"potentialAction\":[{\"@type\":\"SearchAction\",\"target\":{\"@type\":\"EntryPoint\",\"urlTemplate\":\"https:\/\/jungfraualetsch.ch\/?s={search_term_string}\"},\"query-input\":{\"@type\":\"PropertyValueSpecification\",\"valueRequired\":true,\"valueName\":\"search_term_string\"}}],\"inLanguage\":\"it-IT\"}]}<\/script>\n<!-- \/ Yoast SEO plugin. -->","yoast_head_json":{"title":"La Farfalla Mellicta deione - UNESCO World Heritage Swiss Alps Jungfrau-Aletsch","robots":{"index":"index","follow":"follow","max-snippet":"max-snippet:-1","max-image-preview":"max-image-preview:large","max-video-preview":"max-video-preview:-1"},"canonical":"https:\/\/jungfraualetsch.ch\/it\/protezione-e-ripristino\/specie-e-habitats-prioritari\/la-farfalla-mellicta-deione\/","og_locale":"it_IT","og_type":"article","og_title":"La Farfalla Mellicta deione - UNESCO World Heritage Swiss Alps Jungfrau-Aletsch","og_description":"La Farfalla Mellicta deioneL\u2019occasione migliore per osservare la Farfalla Mellicta (Mellicta deione berisalii) \u00e8 data nel mese di giugno, nelle giornate di sole con poco vento, nei pressi della localit\u00e0 Ausserberg-Hohtenn che si trova nel versante sud del L\u00f6tschberg. Essa si riconosce per il suo colore arancione-marrone e per i margini delle ali caratterizzati da [&hellip;]","og_url":"https:\/\/jungfraualetsch.ch\/it\/protezione-e-ripristino\/specie-e-habitats-prioritari\/la-farfalla-mellicta-deione\/","og_site_name":"UNESCO World Heritage Swiss Alps Jungfrau-Aletsch","article_modified_time":"2021-03-30T09:00:16+00:00","twitter_card":"summary_large_image","twitter_misc":{"Tempo di lettura stimato":"4 minuti"},"schema":{"@context":"https:\/\/schema.org","@graph":[{"@type":"WebPage","@id":"https:\/\/jungfraualetsch.ch\/it\/protezione-e-ripristino\/specie-e-habitats-prioritari\/la-farfalla-mellicta-deione\/","url":"https:\/\/jungfraualetsch.ch\/it\/protezione-e-ripristino\/specie-e-habitats-prioritari\/la-farfalla-mellicta-deione\/","name":"La Farfalla Mellicta deione - UNESCO World Heritage Swiss Alps Jungfrau-Aletsch","isPartOf":{"@id":"https:\/\/jungfraualetsch.ch\/#website"},"datePublished":"2021-03-29T12:34:43+00:00","dateModified":"2021-03-30T09:00:16+00:00","breadcrumb":{"@id":"https:\/\/jungfraualetsch.ch\/it\/protezione-e-ripristino\/specie-e-habitats-prioritari\/la-farfalla-mellicta-deione\/#breadcrumb"},"inLanguage":"it-IT","potentialAction":[{"@type":"ReadAction","target":["https:\/\/jungfraualetsch.ch\/it\/protezione-e-ripristino\/specie-e-habitats-prioritari\/la-farfalla-mellicta-deione\/"]}]},{"@type":"BreadcrumbList","@id":"https:\/\/jungfraualetsch.ch\/it\/protezione-e-ripristino\/specie-e-habitats-prioritari\/la-farfalla-mellicta-deione\/#breadcrumb","itemListElement":[{"@type":"ListItem","position":1,"name":"Startseite","item":"https:\/\/jungfraualetsch.ch\/it\/"},{"@type":"ListItem","position":2,"name":"Protezione e Ripristino","item":"https:\/\/jungfraualetsch.ch\/it\/protezione-e-ripristino\/"},{"@type":"ListItem","position":3,"name":"Specie e Habitats prioritari","item":"https:\/\/jungfraualetsch.ch\/it\/protezione-e-ripristino\/specie-e-habitats-prioritari\/"},{"@type":"ListItem","position":4,"name":"La Farfalla Mellicta deione"}]},{"@type":"WebSite","@id":"https:\/\/jungfraualetsch.ch\/#website","url":"https:\/\/jungfraualetsch.ch\/","name":"UNESCO World Heritage Swiss Alps Jungfrau-Aletsch","description":"","potentialAction":[{"@type":"SearchAction","target":{"@type":"EntryPoint","urlTemplate":"https:\/\/jungfraualetsch.ch\/?s={search_term_string}"},"query-input":{"@type":"PropertyValueSpecification","valueRequired":true,"valueName":"search_term_string"}}],"inLanguage":"it-IT"}]}},"_links":{"self":[{"href":"https:\/\/jungfraualetsch.ch\/it\/wp-json\/wp\/v2\/pages\/4277","targetHints":{"allow":["GET"]}}],"collection":[{"href":"https:\/\/jungfraualetsch.ch\/it\/wp-json\/wp\/v2\/pages"}],"about":[{"href":"https:\/\/jungfraualetsch.ch\/it\/wp-json\/wp\/v2\/types\/page"}],"author":[{"embeddable":true,"href":"https:\/\/jungfraualetsch.ch\/it\/wp-json\/wp\/v2\/users\/1"}],"replies":[{"embeddable":true,"href":"https:\/\/jungfraualetsch.ch\/it\/wp-json\/wp\/v2\/comments?post=4277"}],"version-history":[{"count":3,"href":"https:\/\/jungfraualetsch.ch\/it\/wp-json\/wp\/v2\/pages\/4277\/revisions"}],"predecessor-version":[{"id":4321,"href":"https:\/\/jungfraualetsch.ch\/it\/wp-json\/wp\/v2\/pages\/4277\/revisions\/4321"}],"up":[{"embeddable":true,"href":"https:\/\/jungfraualetsch.ch\/it\/wp-json\/wp\/v2\/pages\/3429"}],"wp:attachment":[{"href":"https:\/\/jungfraualetsch.ch\/it\/wp-json\/wp\/v2\/media?parent=4277"}],"curies":[{"name":"wp","href":"https:\/\/api.w.org\/{rel}","templated":true}]}}