{"id":4253,"date":"2021-03-29T12:30:48","date_gmt":"2021-03-29T12:30:48","guid":{"rendered":"https:\/\/jungfraualetsch.ch\/specie-e-habitats-prioritari\/trockenwiesen-und-weiden\/"},"modified":"2021-03-30T08:05:44","modified_gmt":"2021-03-30T08:05:44","slug":"prati-e-pascoli-secchi","status":"publish","type":"page","link":"https:\/\/jungfraualetsch.ch\/it\/protezione-e-ripristino\/specie-e-habitats-prioritari\/prati-e-pascoli-secchi\/","title":{"rendered":"Prati e pascoli secchi"},"content":{"rendered":"<p>[et_pb_section fb_built=&#8221;1&#8243; fullwidth=&#8221;on&#8221; _builder_version=&#8221;4.9.1&#8243; _module_preset=&#8221;default&#8221; background_image=&#8221;https:\/\/jungfraualetsch.ch\/wp-content\/uploads\/2021\/03\/header_03_welterbe_pat_IMG_0916-scaled.jpg&#8221; parallax=&#8221;on&#8221; bottom_divider_style=&#8221;slant2&#8243; bottom_divider_color=&#8221;#FFFFFF&#8221; bottom_divider_flip=&#8221;horizontal&#8221; bottom_divider_height_tablet=&#8221;&#8221; bottom_divider_height_phone=&#8221;&#8221; bottom_divider_height_last_edited=&#8221;on|desktop&#8221; custom_css_main_element=&#8221;min-height: 45vh;&#8221;][\/et_pb_section][et_pb_section fb_built=&#8221;1&#8243; _builder_version=&#8221;4.9.1&#8243; _module_preset=&#8221;default&#8221; background_enable_color=&#8221;off&#8221; background_enable_image=&#8221;off&#8221; top_divider_flip=&#8221;horizontal&#8221;][et_pb_row _builder_version=&#8221;4.9.1&#8243; _module_preset=&#8221;default&#8221;][et_pb_column type=&#8221;4_4&#8243; _builder_version=&#8221;4.9.1&#8243; _module_preset=&#8221;default&#8221;][et_pb_text admin_label=&#8221;Titel&#8221; _builder_version=&#8221;4.9.2&#8243; _module_preset=&#8221;default&#8221; hover_enabled=&#8221;0&#8243; sticky_enabled=&#8221;0&#8243;]<\/p>\n<h1>Prati e pascoli secchi<\/h1>\n<p>[\/et_pb_text][\/et_pb_column][\/et_pb_row][et_pb_row column_structure=&#8221;3_4,1_4&#8243; _builder_version=&#8221;4.9.1&#8243; _module_preset=&#8221;default&#8221;][et_pb_column type=&#8221;3_4&#8243; _builder_version=&#8221;4.9.1&#8243; _module_preset=&#8221;default&#8221;][et_pb_text _builder_version=&#8221;4.9.2&#8243; _module_preset=&#8221;default&#8221; hover_enabled=&#8221;0&#8243; sticky_enabled=&#8221;0&#8243;]<\/p>\n<p>Prati e pascoli secchi sono considerati \u201chotspot\u201d della biodiversit\u00e0. Met\u00e0 delle specie animali e due terzi delle specie vegetali della Svizzera (delle quali il 40% sono rare o minacciate) vivono su questi prati e pascoli secchi. Molti di essi sono classificati come specie in pericolo ed inclusi nella \u201clista rossa delle specie\u201d. Specie incluse nella lista rossa che si trovano in prati e pascoli secchi dell\u2019UNESCO World Heritage site sono l\u2019Assenzio del Vallese (Artemisia valesiaca), la Tetrix depressa, l\u2019Hyphoraia testudinaria e l\u2019upupa.<\/p>\n<p>Oltre alla loro grande importanza ecologica i prati e i pascoli secchi molto colorati e ricchi di specie costituiscono un elemento tipico dei paesaggi culturali della Svizzera e sono quindi importanti dal punto di vista turistico ed ecologico.<\/p>\n<p>Ma questo patrimonio culturale \u00e8 in pericolo: in soli 60 anni quasi il 90% dei prati e pascoli secchi \u00e8 scomparso. Gli sforzi fatti per proteggere e ripristinare questi habitat di pregio sono ancora insufficienti. Gli ecosistemi artificiali possono essere protetti solo se il loro uso estensivo viene mantenuto. Ma sempre di pi\u00f9 queste aree marginali sono invase da arbusti e alberi perch\u00e9 la loro produzione agricola non \u00e8 pi\u00f9 redditizia e di conseguenza l\u2019agricoltura viene abbandonata.<\/p>\n<p><strong>Misure di conservazione<\/strong><br \/>I prati e i pascoli secchi esistenti e in via di estinzione nella regione del Patrimonio Mondiale sono stati analizzati da esperti, agricoltori e dalle autorit\u00e0 regionali e locali che hanno identificato delle misure per la loro protezione e ripristino. Accordi sull\u2019 uso del suolo e un aumento della consapevolezza di agricoltori e abitanti sono fattori cruciali. L\u2019organizzazione di programmi di manutenzione dei prati e pascoli secchi con l\u2019impiego di volontari e del servizio civile contribuir\u00e0 certamente alla protezione di queste aree.<\/p>\n<p>Ulteriori informazioni:<\/p>\n<ul>\n<li><a href=\"https:\/\/map.geo.admin.ch\/?Y=660000&amp;X=190000&amp;zoom=1&amp;bgLayer=ch.swisstopo.pixelkarte-grau&amp;layers=ch.bafu.bundesinventare-trockenwiesen_trockenweiden&amp;layers_opacity=0.7&amp;topic=bafu&amp;lang=it\" target=\"_blank\" rel=\"noopener\">Inventario dei prati e i pascoli secchi di importanza nazionale (TWW)<\/a><\/li>\n<\/ul>\n<p>[\/et_pb_text][\/et_pb_column][et_pb_column type=&#8221;1_4&#8243; _builder_version=&#8221;4.9.1&#8243; _module_preset=&#8221;default&#8221;][\/et_pb_column][\/et_pb_row][\/et_pb_section]<\/p>\n","protected":false},"excerpt":{"rendered":"<p>Prati e pascoli secchiPrati e pascoli secchi sono considerati \u201chotspot\u201d della biodiversit\u00e0. Met\u00e0 delle specie animali e due terzi delle specie vegetali della Svizzera (delle quali il 40% sono rare o minacciate) vivono su questi prati e pascoli secchi. Molti di essi sono classificati come specie in pericolo ed inclusi nella \u201clista rossa delle specie\u201d. [&hellip;]<\/p>\n","protected":false},"author":1,"featured_media":0,"parent":3429,"menu_order":41,"comment_status":"closed","ping_status":"closed","template":"","meta":{"_et_pb_use_builder":"on","_et_pb_old_content":"","_et_gb_content_width":"","footnotes":""},"class_list":["post-4253","page","type-page","status-publish","hentry"],"yoast_head":"<!-- This site is optimized with the Yoast SEO plugin v27.1.1 - https:\/\/yoast.com\/product\/yoast-seo-wordpress\/ -->\n<title>Prati e pascoli secchi - UNESCO World Heritage Swiss Alps Jungfrau-Aletsch<\/title>\n<meta name=\"robots\" content=\"index, follow, max-snippet:-1, max-image-preview:large, max-video-preview:-1\" \/>\n<link rel=\"canonical\" href=\"https:\/\/jungfraualetsch.ch\/it\/protezione-e-ripristino\/specie-e-habitats-prioritari\/prati-e-pascoli-secchi\/\" \/>\n<meta property=\"og:locale\" content=\"it_IT\" \/>\n<meta property=\"og:type\" content=\"article\" \/>\n<meta property=\"og:title\" content=\"Prati e pascoli secchi - UNESCO World Heritage Swiss Alps Jungfrau-Aletsch\" \/>\n<meta property=\"og:description\" content=\"Prati e pascoli secchiPrati e pascoli secchi sono considerati \u201chotspot\u201d della biodiversit\u00e0. Met\u00e0 delle specie animali e due terzi delle specie vegetali della Svizzera (delle quali il 40% sono rare o minacciate) vivono su questi prati e pascoli secchi. Molti di essi sono classificati come specie in pericolo ed inclusi nella \u201clista rossa delle specie\u201d. [&hellip;]\" \/>\n<meta property=\"og:url\" content=\"https:\/\/jungfraualetsch.ch\/it\/protezione-e-ripristino\/specie-e-habitats-prioritari\/prati-e-pascoli-secchi\/\" \/>\n<meta property=\"og:site_name\" content=\"UNESCO World Heritage Swiss Alps Jungfrau-Aletsch\" \/>\n<meta property=\"article:modified_time\" content=\"2021-03-30T08:05:44+00:00\" \/>\n<meta name=\"twitter:card\" content=\"summary_large_image\" \/>\n<meta name=\"twitter:label1\" content=\"Tempo di lettura stimato\" \/>\n\t<meta name=\"twitter:data1\" content=\"2 minuti\" \/>\n<script type=\"application\/ld+json\" class=\"yoast-schema-graph\">{\"@context\":\"https:\/\/schema.org\",\"@graph\":[{\"@type\":\"WebPage\",\"@id\":\"https:\/\/jungfraualetsch.ch\/it\/protezione-e-ripristino\/specie-e-habitats-prioritari\/prati-e-pascoli-secchi\/\",\"url\":\"https:\/\/jungfraualetsch.ch\/it\/protezione-e-ripristino\/specie-e-habitats-prioritari\/prati-e-pascoli-secchi\/\",\"name\":\"Prati e pascoli secchi - UNESCO World Heritage Swiss Alps Jungfrau-Aletsch\",\"isPartOf\":{\"@id\":\"https:\/\/jungfraualetsch.ch\/#website\"},\"datePublished\":\"2021-03-29T12:30:48+00:00\",\"dateModified\":\"2021-03-30T08:05:44+00:00\",\"breadcrumb\":{\"@id\":\"https:\/\/jungfraualetsch.ch\/it\/protezione-e-ripristino\/specie-e-habitats-prioritari\/prati-e-pascoli-secchi\/#breadcrumb\"},\"inLanguage\":\"it-IT\",\"potentialAction\":[{\"@type\":\"ReadAction\",\"target\":[\"https:\/\/jungfraualetsch.ch\/it\/protezione-e-ripristino\/specie-e-habitats-prioritari\/prati-e-pascoli-secchi\/\"]}]},{\"@type\":\"BreadcrumbList\",\"@id\":\"https:\/\/jungfraualetsch.ch\/it\/protezione-e-ripristino\/specie-e-habitats-prioritari\/prati-e-pascoli-secchi\/#breadcrumb\",\"itemListElement\":[{\"@type\":\"ListItem\",\"position\":1,\"name\":\"Startseite\",\"item\":\"https:\/\/jungfraualetsch.ch\/it\/\"},{\"@type\":\"ListItem\",\"position\":2,\"name\":\"Protezione e Ripristino\",\"item\":\"https:\/\/jungfraualetsch.ch\/it\/protezione-e-ripristino\/\"},{\"@type\":\"ListItem\",\"position\":3,\"name\":\"Specie e Habitats prioritari\",\"item\":\"https:\/\/jungfraualetsch.ch\/it\/protezione-e-ripristino\/specie-e-habitats-prioritari\/\"},{\"@type\":\"ListItem\",\"position\":4,\"name\":\"Prati e pascoli secchi\"}]},{\"@type\":\"WebSite\",\"@id\":\"https:\/\/jungfraualetsch.ch\/#website\",\"url\":\"https:\/\/jungfraualetsch.ch\/\",\"name\":\"UNESCO World Heritage Swiss Alps Jungfrau-Aletsch\",\"description\":\"\",\"potentialAction\":[{\"@type\":\"SearchAction\",\"target\":{\"@type\":\"EntryPoint\",\"urlTemplate\":\"https:\/\/jungfraualetsch.ch\/?s={search_term_string}\"},\"query-input\":{\"@type\":\"PropertyValueSpecification\",\"valueRequired\":true,\"valueName\":\"search_term_string\"}}],\"inLanguage\":\"it-IT\"}]}<\/script>\n<!-- \/ Yoast SEO plugin. -->","yoast_head_json":{"title":"Prati e pascoli secchi - UNESCO World Heritage Swiss Alps Jungfrau-Aletsch","robots":{"index":"index","follow":"follow","max-snippet":"max-snippet:-1","max-image-preview":"max-image-preview:large","max-video-preview":"max-video-preview:-1"},"canonical":"https:\/\/jungfraualetsch.ch\/it\/protezione-e-ripristino\/specie-e-habitats-prioritari\/prati-e-pascoli-secchi\/","og_locale":"it_IT","og_type":"article","og_title":"Prati e pascoli secchi - UNESCO World Heritage Swiss Alps Jungfrau-Aletsch","og_description":"Prati e pascoli secchiPrati e pascoli secchi sono considerati \u201chotspot\u201d della biodiversit\u00e0. Met\u00e0 delle specie animali e due terzi delle specie vegetali della Svizzera (delle quali il 40% sono rare o minacciate) vivono su questi prati e pascoli secchi. Molti di essi sono classificati come specie in pericolo ed inclusi nella \u201clista rossa delle specie\u201d. [&hellip;]","og_url":"https:\/\/jungfraualetsch.ch\/it\/protezione-e-ripristino\/specie-e-habitats-prioritari\/prati-e-pascoli-secchi\/","og_site_name":"UNESCO World Heritage Swiss Alps Jungfrau-Aletsch","article_modified_time":"2021-03-30T08:05:44+00:00","twitter_card":"summary_large_image","twitter_misc":{"Tempo di lettura stimato":"2 minuti"},"schema":{"@context":"https:\/\/schema.org","@graph":[{"@type":"WebPage","@id":"https:\/\/jungfraualetsch.ch\/it\/protezione-e-ripristino\/specie-e-habitats-prioritari\/prati-e-pascoli-secchi\/","url":"https:\/\/jungfraualetsch.ch\/it\/protezione-e-ripristino\/specie-e-habitats-prioritari\/prati-e-pascoli-secchi\/","name":"Prati e pascoli secchi - UNESCO World Heritage Swiss Alps Jungfrau-Aletsch","isPartOf":{"@id":"https:\/\/jungfraualetsch.ch\/#website"},"datePublished":"2021-03-29T12:30:48+00:00","dateModified":"2021-03-30T08:05:44+00:00","breadcrumb":{"@id":"https:\/\/jungfraualetsch.ch\/it\/protezione-e-ripristino\/specie-e-habitats-prioritari\/prati-e-pascoli-secchi\/#breadcrumb"},"inLanguage":"it-IT","potentialAction":[{"@type":"ReadAction","target":["https:\/\/jungfraualetsch.ch\/it\/protezione-e-ripristino\/specie-e-habitats-prioritari\/prati-e-pascoli-secchi\/"]}]},{"@type":"BreadcrumbList","@id":"https:\/\/jungfraualetsch.ch\/it\/protezione-e-ripristino\/specie-e-habitats-prioritari\/prati-e-pascoli-secchi\/#breadcrumb","itemListElement":[{"@type":"ListItem","position":1,"name":"Startseite","item":"https:\/\/jungfraualetsch.ch\/it\/"},{"@type":"ListItem","position":2,"name":"Protezione e Ripristino","item":"https:\/\/jungfraualetsch.ch\/it\/protezione-e-ripristino\/"},{"@type":"ListItem","position":3,"name":"Specie e Habitats prioritari","item":"https:\/\/jungfraualetsch.ch\/it\/protezione-e-ripristino\/specie-e-habitats-prioritari\/"},{"@type":"ListItem","position":4,"name":"Prati e pascoli secchi"}]},{"@type":"WebSite","@id":"https:\/\/jungfraualetsch.ch\/#website","url":"https:\/\/jungfraualetsch.ch\/","name":"UNESCO World Heritage Swiss Alps Jungfrau-Aletsch","description":"","potentialAction":[{"@type":"SearchAction","target":{"@type":"EntryPoint","urlTemplate":"https:\/\/jungfraualetsch.ch\/?s={search_term_string}"},"query-input":{"@type":"PropertyValueSpecification","valueRequired":true,"valueName":"search_term_string"}}],"inLanguage":"it-IT"}]}},"_links":{"self":[{"href":"https:\/\/jungfraualetsch.ch\/it\/wp-json\/wp\/v2\/pages\/4253","targetHints":{"allow":["GET"]}}],"collection":[{"href":"https:\/\/jungfraualetsch.ch\/it\/wp-json\/wp\/v2\/pages"}],"about":[{"href":"https:\/\/jungfraualetsch.ch\/it\/wp-json\/wp\/v2\/types\/page"}],"author":[{"embeddable":true,"href":"https:\/\/jungfraualetsch.ch\/it\/wp-json\/wp\/v2\/users\/1"}],"replies":[{"embeddable":true,"href":"https:\/\/jungfraualetsch.ch\/it\/wp-json\/wp\/v2\/comments?post=4253"}],"version-history":[{"count":3,"href":"https:\/\/jungfraualetsch.ch\/it\/wp-json\/wp\/v2\/pages\/4253\/revisions"}],"predecessor-version":[{"id":4270,"href":"https:\/\/jungfraualetsch.ch\/it\/wp-json\/wp\/v2\/pages\/4253\/revisions\/4270"}],"up":[{"embeddable":true,"href":"https:\/\/jungfraualetsch.ch\/it\/wp-json\/wp\/v2\/pages\/3429"}],"wp:attachment":[{"href":"https:\/\/jungfraualetsch.ch\/it\/wp-json\/wp\/v2\/media?parent=4253"}],"curies":[{"name":"wp","href":"https:\/\/api.w.org\/{rel}","templated":true}]}}