{"id":4214,"date":"2021-03-29T12:01:34","date_gmt":"2021-03-29T12:01:34","guid":{"rendered":"https:\/\/jungfraualetsch.ch\/specie-e-habitats-prioritari\/schweizer-meertraeubchen\/"},"modified":"2021-03-30T06:59:24","modified_gmt":"2021-03-30T06:59:24","slug":"lephedra-svizzera","status":"publish","type":"page","link":"https:\/\/jungfraualetsch.ch\/it\/protezione-e-ripristino\/specie-e-habitats-prioritari\/lephedra-svizzera\/","title":{"rendered":"L\u2019Ephedra Svizzera"},"content":{"rendered":"<p>[et_pb_section fb_built=&#8221;1&#8243; fullwidth=&#8221;on&#8221; _builder_version=&#8221;4.9.1&#8243; _module_preset=&#8221;default&#8221; background_image=&#8221;https:\/\/jungfraualetsch.ch\/wp-content\/uploads\/2021\/03\/header_03_welterbe_pat_IMG_0916-scaled.jpg&#8221; parallax=&#8221;on&#8221; bottom_divider_style=&#8221;slant2&#8243; bottom_divider_color=&#8221;#FFFFFF&#8221; bottom_divider_flip=&#8221;horizontal&#8221; bottom_divider_height_tablet=&#8221;&#8221; bottom_divider_height_phone=&#8221;&#8221; bottom_divider_height_last_edited=&#8221;on|desktop&#8221; custom_css_main_element=&#8221;min-height: 45vh;&#8221;][\/et_pb_section][et_pb_section fb_built=&#8221;1&#8243; _builder_version=&#8221;4.9.1&#8243; _module_preset=&#8221;default&#8221; background_enable_color=&#8221;off&#8221; background_enable_image=&#8221;off&#8221; top_divider_flip=&#8221;horizontal&#8221;][et_pb_row _builder_version=&#8221;4.9.1&#8243; _module_preset=&#8221;default&#8221;][et_pb_column type=&#8221;4_4&#8243; _builder_version=&#8221;4.9.1&#8243; _module_preset=&#8221;default&#8221;][et_pb_text admin_label=&#8221;Titel&#8221; _builder_version=&#8221;4.9.2&#8243; _module_preset=&#8221;default&#8221; hover_enabled=&#8221;0&#8243; sticky_enabled=&#8221;0&#8243;]<\/p>\n<h1>L\u2019Ephedra Svizzera<\/h1>\n<p>[\/et_pb_text][\/et_pb_column][\/et_pb_row][et_pb_row column_structure=&#8221;3_4,1_4&#8243; _builder_version=&#8221;4.9.1&#8243; _module_preset=&#8221;default&#8221;][et_pb_column type=&#8221;3_4&#8243; _builder_version=&#8221;4.9.1&#8243; _module_preset=&#8221;default&#8221;][et_pb_text _builder_version=&#8221;4.9.2&#8243; _module_preset=&#8221;default&#8221; hover_enabled=&#8221;0&#8243; sticky_enabled=&#8221;0&#8243;]<\/p>\n<p>L\u2019Ephedra Svizzera (Ephedra distachya ssp . helvetica ) contribuisce, soprattutto in autunno con le sue bacche di colore rosso vivo, a rendere il paesaggio attraente in sintonia con le colorate steppe alpine rocciose del versante sud del L\u00f6tschberg. La distribuzione della Ephedra Svizzera \u00e8 limitata al Vallese ed \u00e8 considerata una specie endemica delle Alpi occidentali che cresce esclusivamente in una determinata area. L\u2019Ephedra Svizzera \u00e8 una delle specie caratteristiche delle steppe rocciose del Medio Vallese, mentre nell\u2019alto Vallese \u00e8 raramente presente. All\u2019interno del perimetro del patrimonio mondiale l\u2019unica popolazione conosciuta proviene da Niedergesteln, nelle steppe rocciose del versante sud del L\u00f6tschberg. Il piccolo arbusto che raggiunge i 20 \u2013 50 cm \u00e8 protetto a livello nazionale ed \u00e8 considerato una curiosit\u00e0 botanica.<\/p>\n<p>La piccola ma molto densamente concentrata zona dell\u2019Ephedra vicino a Niedergesteln \u00e8 stata studiata nel 2014. Oggi la popolazione di questa pianta \u00e8 in pericolo a causa della aumentata crescita del Ginepro Sabina (Juniperus sabina) . Senza misure specifiche l\u2019Ephedra scomparirebbe dal sito.<\/p>\n<p><strong>Misure di conservazione<\/strong><br \/>A Niedergesteln grazie al programma \u201cWorld Heritage Gmeiw\u00e4rch 2015\u201d, sostenuto da volontari, si \u00e8 fatto un passo avanti verso la conservazione dell\u2019Ephedra Svizzera. Secondo il responsabile del progetto, il biologo Ralph Imstepf , il sito senza misure specifiche sarebbe scomparso in poco tempo. Una scheda contenente informazioni riguardanti la pianta sar\u00e0 collocata in vicinanza del sito.<\/p>\n<p>Ulteriori informazioni<\/p>\n<ul>\n<li><a href=\"https:\/\/jungfraualetsch.ch\/wp-content\/uploads\/2021\/03\/Welterbe-Gmeiwaerch-2015_Medienmitteilung-.pdf\" target=\"_blank\" rel=\"noopener\">World Heritage Gmeiw\u00e4rch 2015<\/a><\/li>\n<\/ul>\n<p>[\/et_pb_text][\/et_pb_column][et_pb_column type=&#8221;1_4&#8243; _builder_version=&#8221;4.9.1&#8243; _module_preset=&#8221;default&#8221;][\/et_pb_column][\/et_pb_row][et_pb_row _builder_version=&#8221;4.9.2&#8243; _module_preset=&#8221;default&#8221;][et_pb_column type=&#8221;4_4&#8243; _builder_version=&#8221;4.9.1&#8243; _module_preset=&#8221;default&#8221;][et_pb_code _builder_version=&#8221;4.9.2&#8243; _module_preset=&#8221;default&#8221;]<div id=\"envira-gallery-wrap-3862\" class=\"envira-gallery-wrap envira-gallery-theme-base envira-lightbox-theme-base\" itemscope itemtype=\"https:\/\/schema.org\/ImageGallery\"><div data-row-height=\"\" data-gallery-theme=\"\" id=\"envira-gallery-3862\" class=\"envira-gallery-public  envira-gallery-4-columns envira-clear enviratope envira-gallery-css-animations\" data-envira-columns=\"4\"><div id=\"envira-gallery-item-3875\" class=\"envira-gallery-item enviratope-item envira-gallery-item-1 envira-lazy-load\" style=\"padding-left: 10px; padding-bottom: 20px; padding-right: 10px;\"  itemscope itemtype=\"https:\/\/schema.org\/ImageObject\"><div class=\"envira-gallery-item-inner\"><div class=\"envira-gallery-position-overlay  envira-gallery-top-left\"><\/div><div class=\"envira-gallery-position-overlay  envira-gallery-top-right\"><\/div><div class=\"envira-gallery-position-overlay  envira-gallery-bottom-left\"><\/div><div class=\"envira-gallery-position-overlay  envira-gallery-bottom-right\"><\/div><a href=\"https:\/\/jungfraualetsch.ch\/wp-content\/uploads\/2021\/03\/IMG_1503_Einsatzgruppe-2000x1333-1.jpg\" class=\"envira-gallery-3862 envira-gallery-link\" rel=\"enviragallery3862\" title=\"Die Einsatztruppe des Gmeiwaerchs\" data-envira-caption=\"Die Einsatztruppe des Gmeiwaerchs\" data-envira-retina=\"\" data-thumbnail=\"\"  itemprop=\"contentUrl\"><div class=\"envira-lazy\" data-test-width=\"640\" data-test-height=\"480\" style=\"padding-bottom:75%;\"><img decoding=\"async\" id=\"envira-gallery-image-3875\" class=\"envira-gallery-image envira-gallery-image-1\" data-envira-index=\"1\" src=\"https:\/\/jungfraualetsch.ch\/wp-content\/uploads\/2021\/03\/IMG_1503_Einsatzgruppe-2000x1333-1-1024x683-640x480.jpg\" data-envira-src=\"https:\/\/jungfraualetsch.ch\/wp-content\/uploads\/2021\/03\/IMG_1503_Einsatzgruppe-2000x1333-1-1024x683-640x480.jpg\" data-envira-gallery-id=\"3862\" data-envira-item-id=\"3875\" data-envira-caption=\"Die Einsatztruppe des Gmeiwaerchs\" alt=\"Die Einsatztruppe des Gmeiwaerchs\" title=\"Die Einsatztruppe des Gmeiwaerchs\"  itemprop=\"thumbnailUrl\" data-envira-srcset=\"https:\/\/jungfraualetsch.ch\/wp-content\/uploads\/2021\/03\/IMG_1503_Einsatzgruppe-2000x1333-1-1024x683-640x480.jpg 400w,https:\/\/jungfraualetsch.ch\/wp-content\/uploads\/2021\/03\/IMG_1503_Einsatzgruppe-2000x1333-1-1024x683-640x480.jpg 2x\" srcset=\"data:image\/gif;base64,R0lGODlhAQABAIAAAP\/\/\/\/\/\/\/yH5BAEKAAEALAAAAAABAAEAAAICTAEAOw==\" \/><\/div><\/a><\/div><\/div><div id=\"envira-gallery-item-3867\" class=\"envira-gallery-item enviratope-item envira-gallery-item-2 envira-lazy-load\" style=\"padding-left: 10px; padding-bottom: 20px; padding-right: 10px;\"  itemscope itemtype=\"https:\/\/schema.org\/ImageObject\"><div class=\"envira-gallery-item-inner\"><div class=\"envira-gallery-position-overlay  envira-gallery-top-left\"><\/div><div class=\"envira-gallery-position-overlay  envira-gallery-top-right\"><\/div><div class=\"envira-gallery-position-overlay  envira-gallery-bottom-left\"><\/div><div class=\"envira-gallery-position-overlay  envira-gallery-bottom-right\"><\/div><a href=\"https:\/\/jungfraualetsch.ch\/wp-content\/uploads\/2021\/03\/DSC_6050_Einsatz_1-2000x1333-1.jpg\" class=\"envira-gallery-3862 envira-gallery-link\" rel=\"enviragallery3862\" title=\"Gmeiwaerch 2015\" data-envira-caption=\"Gmeiwaerch 2015\" data-envira-retina=\"\" data-thumbnail=\"\"  itemprop=\"contentUrl\"><div class=\"envira-lazy\" data-test-width=\"640\" data-test-height=\"480\" style=\"padding-bottom:75%;\"><img decoding=\"async\" id=\"envira-gallery-image-3867\" class=\"envira-gallery-image envira-gallery-image-2\" data-envira-index=\"2\" src=\"https:\/\/jungfraualetsch.ch\/wp-content\/uploads\/2021\/03\/DSC_6050_Einsatz_1-2000x1333-1-1024x683-640x480.jpg\" data-envira-src=\"https:\/\/jungfraualetsch.ch\/wp-content\/uploads\/2021\/03\/DSC_6050_Einsatz_1-2000x1333-1-1024x683-640x480.jpg\" data-envira-gallery-id=\"3862\" data-envira-item-id=\"3867\" data-envira-caption=\"Gmeiwaerch 2015\" alt=\"Gmeiwaerch 2015\" title=\"Gmeiwaerch 2015\"  itemprop=\"thumbnailUrl\" data-envira-srcset=\"https:\/\/jungfraualetsch.ch\/wp-content\/uploads\/2021\/03\/DSC_6050_Einsatz_1-2000x1333-1-1024x683-640x480.jpg 400w,https:\/\/jungfraualetsch.ch\/wp-content\/uploads\/2021\/03\/DSC_6050_Einsatz_1-2000x1333-1-1024x683-640x480.jpg 2x\" srcset=\"data:image\/gif;base64,R0lGODlhAQABAIAAAP\/\/\/\/\/\/\/yH5BAEKAAEALAAAAAABAAEAAAICTAEAOw==\" \/><\/div><\/a><\/div><\/div><div id=\"envira-gallery-item-3871\" class=\"envira-gallery-item enviratope-item envira-gallery-item-3 envira-lazy-load\" style=\"padding-left: 10px; padding-bottom: 20px; padding-right: 10px;\"  itemscope itemtype=\"https:\/\/schema.org\/ImageObject\"><div class=\"envira-gallery-item-inner\"><div class=\"envira-gallery-position-overlay  envira-gallery-top-left\"><\/div><div class=\"envira-gallery-position-overlay  envira-gallery-top-right\"><\/div><div class=\"envira-gallery-position-overlay  envira-gallery-bottom-left\"><\/div><div class=\"envira-gallery-position-overlay  envira-gallery-bottom-right\"><\/div><a href=\"https:\/\/jungfraualetsch.ch\/wp-content\/uploads\/2021\/03\/DSC_6051_Meertraeubchen_1-2000x1328-1.jpg\" class=\"envira-gallery-3862 envira-gallery-link\" rel=\"enviragallery3862\" title=\"Schweizer Meertraeubchen\" data-envira-caption=\"Schweizer Meertraeubchen\" data-envira-retina=\"\" data-thumbnail=\"\"  itemprop=\"contentUrl\"><div class=\"envira-lazy\" data-test-width=\"640\" data-test-height=\"480\" style=\"padding-bottom:75%;\"><img decoding=\"async\" id=\"envira-gallery-image-3871\" class=\"envira-gallery-image envira-gallery-image-3\" data-envira-index=\"3\" src=\"https:\/\/jungfraualetsch.ch\/wp-content\/uploads\/2021\/03\/DSC_6051_Meertraeubchen_1-2000x1328-1-1024x683-640x480.jpg\" data-envira-src=\"https:\/\/jungfraualetsch.ch\/wp-content\/uploads\/2021\/03\/DSC_6051_Meertraeubchen_1-2000x1328-1-1024x683-640x480.jpg\" data-envira-gallery-id=\"3862\" data-envira-item-id=\"3871\" data-envira-caption=\"Schweizer Meertraeubchen\" alt=\"Schweizer Meertraeubchen\" title=\"Schweizer Meertraeubchen\"  itemprop=\"thumbnailUrl\" data-envira-srcset=\"https:\/\/jungfraualetsch.ch\/wp-content\/uploads\/2021\/03\/DSC_6051_Meertraeubchen_1-2000x1328-1-1024x683-640x480.jpg 400w,https:\/\/jungfraualetsch.ch\/wp-content\/uploads\/2021\/03\/DSC_6051_Meertraeubchen_1-2000x1328-1-1024x683-640x480.jpg 2x\" srcset=\"data:image\/gif;base64,R0lGODlhAQABAIAAAP\/\/\/\/\/\/\/yH5BAEKAAEALAAAAAABAAEAAAICTAEAOw==\" \/><\/div><\/a><\/div><\/div><div id=\"envira-gallery-item-3863\" class=\"envira-gallery-item enviratope-item envira-gallery-item-4 envira-lazy-load\" style=\"padding-left: 10px; padding-bottom: 20px; padding-right: 10px;\"  itemscope itemtype=\"https:\/\/schema.org\/ImageObject\"><div class=\"envira-gallery-item-inner\"><div class=\"envira-gallery-position-overlay  envira-gallery-top-left\"><\/div><div class=\"envira-gallery-position-overlay  envira-gallery-top-right\"><\/div><div class=\"envira-gallery-position-overlay  envira-gallery-bottom-left\"><\/div><div class=\"envira-gallery-position-overlay  envira-gallery-bottom-right\"><\/div><a href=\"https:\/\/jungfraualetsch.ch\/wp-content\/uploads\/2021\/03\/DSC_6032_1-2000x1334-1.jpg\" class=\"envira-gallery-3862 envira-gallery-link\" rel=\"enviragallery3862\" title=\"Arbeitseinsatz zu Gunsten des\" data-envira-caption=\"Arbeitseinsatz zu Gunsten des\" data-envira-retina=\"\" data-thumbnail=\"\"  itemprop=\"contentUrl\"><div class=\"envira-lazy\" data-test-width=\"640\" data-test-height=\"480\" style=\"padding-bottom:75%;\"><img decoding=\"async\" id=\"envira-gallery-image-3863\" class=\"envira-gallery-image envira-gallery-image-4\" data-envira-index=\"4\" src=\"https:\/\/jungfraualetsch.ch\/wp-content\/uploads\/2021\/03\/DSC_6032_1-2000x1334-1-1024x683-640x480.jpg\" data-envira-src=\"https:\/\/jungfraualetsch.ch\/wp-content\/uploads\/2021\/03\/DSC_6032_1-2000x1334-1-1024x683-640x480.jpg\" data-envira-gallery-id=\"3862\" data-envira-item-id=\"3863\" data-envira-caption=\"Arbeitseinsatz zu Gunsten des\" alt=\"Arbeitseinsatz zu Gunsten des\" title=\"Arbeitseinsatz zu Gunsten des\"  itemprop=\"thumbnailUrl\" data-envira-srcset=\"https:\/\/jungfraualetsch.ch\/wp-content\/uploads\/2021\/03\/DSC_6032_1-2000x1334-1-1024x683-640x480.jpg 400w,https:\/\/jungfraualetsch.ch\/wp-content\/uploads\/2021\/03\/DSC_6032_1-2000x1334-1-1024x683-640x480.jpg 2x\" srcset=\"data:image\/gif;base64,R0lGODlhAQABAIAAAP\/\/\/\/\/\/\/yH5BAEKAAEALAAAAAABAAEAAAICTAEAOw==\" \/><\/div><\/a><\/div><\/div><\/div><\/div><noscript><img decoding=\"async\" src=\"https:\/\/jungfraualetsch.ch\/wp-content\/uploads\/2021\/03\/IMG_1503_Einsatzgruppe-2000x1333-1.jpg\" alt=\"Die Einsatztruppe des Gmeiwaerchs\" \/><img decoding=\"async\" src=\"https:\/\/jungfraualetsch.ch\/wp-content\/uploads\/2021\/03\/DSC_6050_Einsatz_1-2000x1333-1.jpg\" alt=\"Gmeiwaerch 2015\" \/><img decoding=\"async\" src=\"https:\/\/jungfraualetsch.ch\/wp-content\/uploads\/2021\/03\/DSC_6051_Meertraeubchen_1-2000x1328-1.jpg\" alt=\"Schweizer Meertraeubchen\" \/><img decoding=\"async\" src=\"https:\/\/jungfraualetsch.ch\/wp-content\/uploads\/2021\/03\/DSC_6032_1-2000x1334-1.jpg\" alt=\"Arbeitseinsatz zu Gunsten des\" \/><\/noscript>[\/et_pb_code][\/et_pb_column][\/et_pb_row][et_pb_row _builder_version=&#8221;4.9.2&#8243; _module_preset=&#8221;default&#8221;][et_pb_column type=&#8221;4_4&#8243; _builder_version=&#8221;4.9.1&#8243; _module_preset=&#8221;default&#8221;][et_pb_video src=&#8221;https:\/\/www.youtube.com\/watch?v=131ithHLLZw&#8221; _builder_version=&#8221;4.9.2&#8243; _module_preset=&#8221;default&#8221;][\/et_pb_video][\/et_pb_column][\/et_pb_row][\/et_pb_section]<\/p>\n","protected":false},"excerpt":{"rendered":"<p>L\u2019Ephedra SvizzeraL\u2019Ephedra Svizzera (Ephedra distachya ssp . helvetica ) contribuisce, soprattutto in autunno con le sue bacche di colore rosso vivo, a rendere il paesaggio attraente in sintonia con le colorate steppe alpine rocciose del versante sud del L\u00f6tschberg. La distribuzione della Ephedra Svizzera \u00e8 limitata al Vallese ed \u00e8 considerata una specie endemica delle [&hellip;]<\/p>\n","protected":false},"author":1,"featured_media":0,"parent":3429,"menu_order":45,"comment_status":"closed","ping_status":"closed","template":"","meta":{"_et_pb_use_builder":"on","_et_pb_old_content":"","_et_gb_content_width":"","footnotes":""},"class_list":["post-4214","page","type-page","status-publish","hentry"],"yoast_head":"<!-- This site is optimized with the Yoast SEO plugin v27.1.1 - https:\/\/yoast.com\/product\/yoast-seo-wordpress\/ -->\n<title>L\u2019Ephedra Svizzera - UNESCO World Heritage Swiss Alps Jungfrau-Aletsch<\/title>\n<meta name=\"robots\" content=\"index, follow, max-snippet:-1, max-image-preview:large, max-video-preview:-1\" \/>\n<link rel=\"canonical\" href=\"https:\/\/jungfraualetsch.ch\/it\/protezione-e-ripristino\/specie-e-habitats-prioritari\/lephedra-svizzera\/\" \/>\n<meta property=\"og:locale\" content=\"it_IT\" \/>\n<meta property=\"og:type\" content=\"article\" \/>\n<meta property=\"og:title\" content=\"L\u2019Ephedra Svizzera - UNESCO World Heritage Swiss Alps Jungfrau-Aletsch\" \/>\n<meta property=\"og:description\" content=\"L\u2019Ephedra SvizzeraL\u2019Ephedra Svizzera (Ephedra distachya ssp . helvetica ) contribuisce, soprattutto in autunno con le sue bacche di colore rosso vivo, a rendere il paesaggio attraente in sintonia con le colorate steppe alpine rocciose del versante sud del L\u00f6tschberg. La distribuzione della Ephedra Svizzera \u00e8 limitata al Vallese ed \u00e8 considerata una specie endemica delle [&hellip;]\" \/>\n<meta property=\"og:url\" content=\"https:\/\/jungfraualetsch.ch\/it\/protezione-e-ripristino\/specie-e-habitats-prioritari\/lephedra-svizzera\/\" \/>\n<meta property=\"og:site_name\" content=\"UNESCO World Heritage Swiss Alps Jungfrau-Aletsch\" \/>\n<meta property=\"article:modified_time\" content=\"2021-03-30T06:59:24+00:00\" \/>\n<meta name=\"twitter:card\" content=\"summary_large_image\" \/>\n<meta name=\"twitter:label1\" content=\"Tempo di lettura stimato\" \/>\n\t<meta name=\"twitter:data1\" content=\"2 minuti\" \/>\n<script type=\"application\/ld+json\" class=\"yoast-schema-graph\">{\"@context\":\"https:\/\/schema.org\",\"@graph\":[{\"@type\":\"WebPage\",\"@id\":\"https:\/\/jungfraualetsch.ch\/it\/protezione-e-ripristino\/specie-e-habitats-prioritari\/lephedra-svizzera\/\",\"url\":\"https:\/\/jungfraualetsch.ch\/it\/protezione-e-ripristino\/specie-e-habitats-prioritari\/lephedra-svizzera\/\",\"name\":\"L\u2019Ephedra Svizzera - UNESCO World Heritage Swiss Alps Jungfrau-Aletsch\",\"isPartOf\":{\"@id\":\"https:\/\/jungfraualetsch.ch\/#website\"},\"datePublished\":\"2021-03-29T12:01:34+00:00\",\"dateModified\":\"2021-03-30T06:59:24+00:00\",\"breadcrumb\":{\"@id\":\"https:\/\/jungfraualetsch.ch\/it\/protezione-e-ripristino\/specie-e-habitats-prioritari\/lephedra-svizzera\/#breadcrumb\"},\"inLanguage\":\"it-IT\",\"potentialAction\":[{\"@type\":\"ReadAction\",\"target\":[\"https:\/\/jungfraualetsch.ch\/it\/protezione-e-ripristino\/specie-e-habitats-prioritari\/lephedra-svizzera\/\"]}]},{\"@type\":\"BreadcrumbList\",\"@id\":\"https:\/\/jungfraualetsch.ch\/it\/protezione-e-ripristino\/specie-e-habitats-prioritari\/lephedra-svizzera\/#breadcrumb\",\"itemListElement\":[{\"@type\":\"ListItem\",\"position\":1,\"name\":\"Startseite\",\"item\":\"https:\/\/jungfraualetsch.ch\/it\/\"},{\"@type\":\"ListItem\",\"position\":2,\"name\":\"Protezione e Ripristino\",\"item\":\"https:\/\/jungfraualetsch.ch\/it\/protezione-e-ripristino\/\"},{\"@type\":\"ListItem\",\"position\":3,\"name\":\"Specie e Habitats prioritari\",\"item\":\"https:\/\/jungfraualetsch.ch\/it\/protezione-e-ripristino\/specie-e-habitats-prioritari\/\"},{\"@type\":\"ListItem\",\"position\":4,\"name\":\"L\u2019Ephedra Svizzera\"}]},{\"@type\":\"WebSite\",\"@id\":\"https:\/\/jungfraualetsch.ch\/#website\",\"url\":\"https:\/\/jungfraualetsch.ch\/\",\"name\":\"UNESCO World Heritage Swiss Alps Jungfrau-Aletsch\",\"description\":\"\",\"potentialAction\":[{\"@type\":\"SearchAction\",\"target\":{\"@type\":\"EntryPoint\",\"urlTemplate\":\"https:\/\/jungfraualetsch.ch\/?s={search_term_string}\"},\"query-input\":{\"@type\":\"PropertyValueSpecification\",\"valueRequired\":true,\"valueName\":\"search_term_string\"}}],\"inLanguage\":\"it-IT\"}]}<\/script>\n<!-- \/ Yoast SEO plugin. -->","yoast_head_json":{"title":"L\u2019Ephedra Svizzera - UNESCO World Heritage Swiss Alps Jungfrau-Aletsch","robots":{"index":"index","follow":"follow","max-snippet":"max-snippet:-1","max-image-preview":"max-image-preview:large","max-video-preview":"max-video-preview:-1"},"canonical":"https:\/\/jungfraualetsch.ch\/it\/protezione-e-ripristino\/specie-e-habitats-prioritari\/lephedra-svizzera\/","og_locale":"it_IT","og_type":"article","og_title":"L\u2019Ephedra Svizzera - UNESCO World Heritage Swiss Alps Jungfrau-Aletsch","og_description":"L\u2019Ephedra SvizzeraL\u2019Ephedra Svizzera (Ephedra distachya ssp . helvetica ) contribuisce, soprattutto in autunno con le sue bacche di colore rosso vivo, a rendere il paesaggio attraente in sintonia con le colorate steppe alpine rocciose del versante sud del L\u00f6tschberg. La distribuzione della Ephedra Svizzera \u00e8 limitata al Vallese ed \u00e8 considerata una specie endemica delle [&hellip;]","og_url":"https:\/\/jungfraualetsch.ch\/it\/protezione-e-ripristino\/specie-e-habitats-prioritari\/lephedra-svizzera\/","og_site_name":"UNESCO World Heritage Swiss Alps Jungfrau-Aletsch","article_modified_time":"2021-03-30T06:59:24+00:00","twitter_card":"summary_large_image","twitter_misc":{"Tempo di lettura stimato":"2 minuti"},"schema":{"@context":"https:\/\/schema.org","@graph":[{"@type":"WebPage","@id":"https:\/\/jungfraualetsch.ch\/it\/protezione-e-ripristino\/specie-e-habitats-prioritari\/lephedra-svizzera\/","url":"https:\/\/jungfraualetsch.ch\/it\/protezione-e-ripristino\/specie-e-habitats-prioritari\/lephedra-svizzera\/","name":"L\u2019Ephedra Svizzera - UNESCO World Heritage Swiss Alps Jungfrau-Aletsch","isPartOf":{"@id":"https:\/\/jungfraualetsch.ch\/#website"},"datePublished":"2021-03-29T12:01:34+00:00","dateModified":"2021-03-30T06:59:24+00:00","breadcrumb":{"@id":"https:\/\/jungfraualetsch.ch\/it\/protezione-e-ripristino\/specie-e-habitats-prioritari\/lephedra-svizzera\/#breadcrumb"},"inLanguage":"it-IT","potentialAction":[{"@type":"ReadAction","target":["https:\/\/jungfraualetsch.ch\/it\/protezione-e-ripristino\/specie-e-habitats-prioritari\/lephedra-svizzera\/"]}]},{"@type":"BreadcrumbList","@id":"https:\/\/jungfraualetsch.ch\/it\/protezione-e-ripristino\/specie-e-habitats-prioritari\/lephedra-svizzera\/#breadcrumb","itemListElement":[{"@type":"ListItem","position":1,"name":"Startseite","item":"https:\/\/jungfraualetsch.ch\/it\/"},{"@type":"ListItem","position":2,"name":"Protezione e Ripristino","item":"https:\/\/jungfraualetsch.ch\/it\/protezione-e-ripristino\/"},{"@type":"ListItem","position":3,"name":"Specie e Habitats prioritari","item":"https:\/\/jungfraualetsch.ch\/it\/protezione-e-ripristino\/specie-e-habitats-prioritari\/"},{"@type":"ListItem","position":4,"name":"L\u2019Ephedra Svizzera"}]},{"@type":"WebSite","@id":"https:\/\/jungfraualetsch.ch\/#website","url":"https:\/\/jungfraualetsch.ch\/","name":"UNESCO World Heritage Swiss Alps Jungfrau-Aletsch","description":"","potentialAction":[{"@type":"SearchAction","target":{"@type":"EntryPoint","urlTemplate":"https:\/\/jungfraualetsch.ch\/?s={search_term_string}"},"query-input":{"@type":"PropertyValueSpecification","valueRequired":true,"valueName":"search_term_string"}}],"inLanguage":"it-IT"}]}},"_links":{"self":[{"href":"https:\/\/jungfraualetsch.ch\/it\/wp-json\/wp\/v2\/pages\/4214","targetHints":{"allow":["GET"]}}],"collection":[{"href":"https:\/\/jungfraualetsch.ch\/it\/wp-json\/wp\/v2\/pages"}],"about":[{"href":"https:\/\/jungfraualetsch.ch\/it\/wp-json\/wp\/v2\/types\/page"}],"author":[{"embeddable":true,"href":"https:\/\/jungfraualetsch.ch\/it\/wp-json\/wp\/v2\/users\/1"}],"replies":[{"embeddable":true,"href":"https:\/\/jungfraualetsch.ch\/it\/wp-json\/wp\/v2\/comments?post=4214"}],"version-history":[{"count":3,"href":"https:\/\/jungfraualetsch.ch\/it\/wp-json\/wp\/v2\/pages\/4214\/revisions"}],"predecessor-version":[{"id":4227,"href":"https:\/\/jungfraualetsch.ch\/it\/wp-json\/wp\/v2\/pages\/4214\/revisions\/4227"}],"up":[{"embeddable":true,"href":"https:\/\/jungfraualetsch.ch\/it\/wp-json\/wp\/v2\/pages\/3429"}],"wp:attachment":[{"href":"https:\/\/jungfraualetsch.ch\/it\/wp-json\/wp\/v2\/media?parent=4214"}],"curies":[{"name":"wp","href":"https:\/\/api.w.org\/{rel}","templated":true}]}}