{"id":3479,"date":"2021-03-24T18:14:22","date_gmt":"2021-03-24T18:14:22","guid":{"rendered":"https:\/\/jungfraualetsch.ch\/unterrichtsmaterialien\/"},"modified":"2021-03-30T11:23:43","modified_gmt":"2021-03-30T11:23:43","slug":"materiale-didattico","status":"publish","type":"page","link":"https:\/\/jungfraualetsch.ch\/it\/apprendere\/materiale-didattico\/","title":{"rendered":"Materiale didattico"},"content":{"rendered":"<p>[et_pb_section fb_built=&#8221;1&#8243; fullwidth=&#8221;on&#8221; _builder_version=&#8221;4.9.2&#8243; _module_preset=&#8221;default&#8221; background_image=&#8221;https:\/\/jungfraualetsch.ch\/wp-content\/uploads\/2021\/03\/header_04_190922_Aletschfloh-Gletschervernissage-1200496-1-scaled.jpg&#8221; parallax=&#8221;on&#8221; bottom_divider_style=&#8221;slant2&#8243; bottom_divider_color=&#8221;#FFFFFF&#8221; bottom_divider_flip=&#8221;horizontal&#8221; bottom_divider_height_tablet=&#8221;&#8221; bottom_divider_height_phone=&#8221;&#8221; bottom_divider_height_last_edited=&#8221;on|desktop&#8221; custom_css_main_element=&#8221;min-height: 45vh;&#8221;][\/et_pb_section][et_pb_section fb_built=&#8221;1&#8243; _builder_version=&#8221;4.9.1&#8243; _module_preset=&#8221;default&#8221; background_enable_color=&#8221;off&#8221; background_enable_image=&#8221;off&#8221; top_divider_flip=&#8221;horizontal&#8221;][et_pb_row _builder_version=&#8221;4.9.1&#8243; _module_preset=&#8221;default&#8221;][et_pb_column type=&#8221;4_4&#8243; _builder_version=&#8221;4.9.1&#8243; _module_preset=&#8221;default&#8221;][et_pb_text admin_label=&#8221;Titel&#8221; _builder_version=&#8221;4.9.2&#8243; _module_preset=&#8221;default&#8221;]<\/p>\n<h1>Materiale didattico<\/h1>\n<p>[\/et_pb_text][\/et_pb_column][\/et_pb_row][et_pb_row column_structure=&#8221;3_4,1_4&#8243; _builder_version=&#8221;4.9.1&#8243; _module_preset=&#8221;default&#8221;][et_pb_column type=&#8221;3_4&#8243; _builder_version=&#8221;4.9.1&#8243; _module_preset=&#8221;default&#8221;][et_pb_text _builder_version=&#8221;4.9.2&#8243; _module_preset=&#8221;default&#8221; hover_enabled=&#8221;0&#8243; sticky_enabled=&#8221;0&#8243;]<\/p>\n<h4>Conoscere le Alpi: Educazione allo sviluppo sostenibile nel Patrimonio mondiale dell\u2019 UNESCO nelle Alpi svizzere Jungfrau-Aletsch (Livello primario e secondario I\/II)<\/h4>\n<p>Volete ottenere nuovi impulsi per quanto riguarda l\u2019orientamento pedagogico di escursioni e settimane di progetti sulla base della Educazione allo Sviluppo Sostenibile (ESD)? Volete offrire ai vostri studenti l\u2019opportunit\u00e0 di acquisire esperienze durature e competenze preziose? Grazie al progetto \u00abConoscere le Alpi \u2013 Patrimonio mondiale dell\u2019 UNESCO nelle Alpi svizzere Jungfrau-Aletsch\u00bb, del materiale didattico pronto per l\u2019uso sar\u00e0 offerto gratuitamente contribuendo a rendere accessibile ai bambini e ai giovani una formazione versatile sperimentata in un ambiente unico.<\/p>\n<p>Nell\u2019ambito del progetto \u00abConoscere le Alpi\u00bb (2013-2016), il Patrimonio mondiale dell\u2019 UNESCO nelle Alpi svizzere Jungfrau Aletsch, ha elaborato un programma educativo interessante per la scuola primaria e secondaria in collaborazione con le seguenti istituzioni: Istituto magistrale per la scuola materna e livello primario dell\u2019 istituto Pedagogico di Berna (IVP-NMS PH Berna), Universit\u00e0 di Scienze Applicate e delle Arti della Svizzera nordoccidentale (PH FHNW), Club alpino svizzero (SAC). Argomenti fondamentali quali il turismo, l\u2019uso dell\u2019acqua, la silvicoltura e l\u2019agricoltura di montagna possono essere facilmente collegati allo spazio vitale degli studenti, e ci\u00f2 \u00e8 essenziale per un apprendimento di successo. Oltre alle basi teoriche e concettuali per l\u2019insegnamento il materiale didattico offre esercitazioni con commenti degli insegnanti, dispense, strumenti di pianificazione, proposte per escursioni e settimane di progetto. Durante queste ultime, gli studenti avranno la possibilit\u00e0 di interagire con la popolazione locale ed acquisire cos\u00ec importanti competenze nel campo sociale, personale e metodologico. Il materiale didattico \u00e8 modulare e preparato secondo i livelli scolastici, pronto per essere assemblato e personalizzato dall\u2019insegnante.<\/p>\n<p>Il Centro di Gestione supporta le scuole e gli insegnanti nella pianificazione, organizzazione e realizzazione di progetti. <a href=\"https:\/\/jungfraualetsch.ch\/it\/patrimonio-mondiale\/contatto\/\">Contattateci<\/a>!<\/p>\n<p>A partire dall\u2019estate 2019 il materiale didattico \u00e8 disponibile gratuitamente online su \u00abAlpenlernen\u00bb. Siamo alla ricerca di gruppi scolastici che desiderano trascorrere una indimenticabile settimana di progetto \u00abConoscere le Alpi\u00bb a B\u00e4chlitalh\u00fctte SAC nel Patrimonio mondiale dell\u2019 UNESCO. Tutte le informazioni sono reperibili <a href=\"https:\/\/jungfraualetsch.ch\/lernen\/unterrichtsmaterialien\/unterricht-im-hochgebirge\/\">qui<\/a>.<\/p>\n<p>&nbsp;<\/p>\n<h4>Laboratorio Patrimonio mondiale dell\u2019 UNESCO nelle Alpi svizzere Jungfrau Aletsch (Livello secondario I\/II)<\/h4>\n<p>La crescente consapevolezza delle interazioni uomo-ambiente \u00e8 il focus del \u00abLaboratorio\u00bb nella regione alpina dello Jungfrau-Aletsch. L\u2019obiettivo \u00e8 di presentare il Patrimonio mondiale dell\u2019 UNESCO dal punto di vista dei Comuni appartenenti al sito, per discutere le diverse aspettative e per affrontare le molteplici sfide ed opportunit\u00e0 dello sviluppo sostenibile.Il laboratorio propone numerose lezioni, alcune obbligatorie ed altre facoltative, elaborate indipendentemente dagli studenti secondo i diversi siti del Patrimonio mondiale.Gli insegnanti riceveranno materiale didattico integrativo, ad esempio istruzioni, soluzioni, e presentazioni. Il materiale pu\u00f2 essere utilizzato durante le lezioni regolari, o come complementare durante le settimane di studio all\u2019 aperto, nonch\u00e9 per la preparazione o la valutazione di escursioni. Il progetto \u00e8 stato elaborato dal Centro di Gestione del Patrimonio mondiale in collaborazione con il Liceo Pedagogico di Berna (PH Berna) e il Centro per lo Sviluppo e l\u2019Ambiente (CDE) dell\u2019 Universit\u00e0 di Berna.<\/p>\n<p>Il materiale didattico \u00e8 accessibile gratuitamente <a href=\"https:\/\/jungfraualetsch.ch\/werkstatt\/Start.html\" target=\"_blank\" rel=\"noopener\">qui<\/a>.<\/p>\n<p>[\/et_pb_text][\/et_pb_column][et_pb_column type=&#8221;1_4&#8243; _builder_version=&#8221;4.9.1&#8243; _module_preset=&#8221;default&#8221;][\/et_pb_column][\/et_pb_row][et_pb_row _builder_version=&#8221;4.9.1&#8243; _module_preset=&#8221;default&#8221;][et_pb_column type=&#8221;4_4&#8243; _builder_version=&#8221;4.9.1&#8243; _module_preset=&#8221;default&#8221;][et_pb_gallery gallery_ids=&#8221;2871,2867,2863,2859,2855,2851,2847,2843,2839,2835,2831,2827,2823,2819,2815,2811,2807,2803,2799,2795,2791,2787,2783,2779,2775,2771,2767,2763,2759,2755,2751&#8243; gallery_orderby=&#8221;rand&#8221; fullwidth=&#8221;on&#8221; _builder_version=&#8221;4.9.2&#8243; _module_preset=&#8221;default&#8221; auto=&#8221;on&#8221; auto_speed=&#8221;3500&#8243;][\/et_pb_gallery][\/et_pb_column][\/et_pb_row][\/et_pb_section]<\/p>\n","protected":false},"excerpt":{"rendered":"<p>Materiale didatticoConoscere le Alpi: Educazione allo sviluppo sostenibile nel Patrimonio mondiale dell\u2019 UNESCO nelle Alpi svizzere Jungfrau-Aletsch (Livello primario e secondario I\/II) Volete ottenere nuovi impulsi per quanto riguarda l\u2019orientamento pedagogico di escursioni e settimane di progetti sulla base della Educazione allo Sviluppo Sostenibile (ESD)? Volete offrire ai vostri studenti l\u2019opportunit\u00e0 di acquisire esperienze durature [&hellip;]<\/p>\n","protected":false},"author":1,"featured_media":0,"parent":5040,"menu_order":22,"comment_status":"closed","ping_status":"closed","template":"","meta":{"_et_pb_use_builder":"on","_et_pb_old_content":"","_et_gb_content_width":"","footnotes":""},"class_list":["post-3479","page","type-page","status-publish","hentry"],"yoast_head":"<!-- This site is optimized with the Yoast SEO plugin v27.1.1 - https:\/\/yoast.com\/product\/yoast-seo-wordpress\/ -->\n<title>Materiale didattico - UNESCO World Heritage Swiss Alps Jungfrau-Aletsch<\/title>\n<meta name=\"robots\" content=\"index, follow, max-snippet:-1, max-image-preview:large, max-video-preview:-1\" \/>\n<link rel=\"canonical\" href=\"https:\/\/jungfraualetsch.ch\/it\/apprendere\/materiale-didattico\/\" \/>\n<meta property=\"og:locale\" content=\"it_IT\" \/>\n<meta property=\"og:type\" content=\"article\" \/>\n<meta property=\"og:title\" content=\"Materiale didattico - UNESCO World Heritage Swiss Alps Jungfrau-Aletsch\" \/>\n<meta property=\"og:description\" content=\"Materiale didatticoConoscere le Alpi: Educazione allo sviluppo sostenibile nel Patrimonio mondiale dell\u2019 UNESCO nelle Alpi svizzere Jungfrau-Aletsch (Livello primario e secondario I\/II) Volete ottenere nuovi impulsi per quanto riguarda l\u2019orientamento pedagogico di escursioni e settimane di progetti sulla base della Educazione allo Sviluppo Sostenibile (ESD)? Volete offrire ai vostri studenti l\u2019opportunit\u00e0 di acquisire esperienze durature [&hellip;]\" \/>\n<meta property=\"og:url\" content=\"https:\/\/jungfraualetsch.ch\/it\/apprendere\/materiale-didattico\/\" \/>\n<meta property=\"og:site_name\" content=\"UNESCO World Heritage Swiss Alps Jungfrau-Aletsch\" \/>\n<meta property=\"article:modified_time\" content=\"2021-03-30T11:23:43+00:00\" \/>\n<meta name=\"twitter:card\" content=\"summary_large_image\" \/>\n<meta name=\"twitter:label1\" content=\"Tempo di lettura stimato\" \/>\n\t<meta name=\"twitter:data1\" content=\"4 minuti\" \/>\n<script type=\"application\/ld+json\" class=\"yoast-schema-graph\">{\"@context\":\"https:\/\/schema.org\",\"@graph\":[{\"@type\":\"WebPage\",\"@id\":\"https:\/\/jungfraualetsch.ch\/it\/apprendere\/materiale-didattico\/\",\"url\":\"https:\/\/jungfraualetsch.ch\/it\/apprendere\/materiale-didattico\/\",\"name\":\"Materiale didattico - UNESCO World Heritage Swiss Alps Jungfrau-Aletsch\",\"isPartOf\":{\"@id\":\"https:\/\/jungfraualetsch.ch\/#website\"},\"datePublished\":\"2021-03-24T18:14:22+00:00\",\"dateModified\":\"2021-03-30T11:23:43+00:00\",\"breadcrumb\":{\"@id\":\"https:\/\/jungfraualetsch.ch\/it\/apprendere\/materiale-didattico\/#breadcrumb\"},\"inLanguage\":\"it-IT\",\"potentialAction\":[{\"@type\":\"ReadAction\",\"target\":[\"https:\/\/jungfraualetsch.ch\/it\/apprendere\/materiale-didattico\/\"]}]},{\"@type\":\"BreadcrumbList\",\"@id\":\"https:\/\/jungfraualetsch.ch\/it\/apprendere\/materiale-didattico\/#breadcrumb\",\"itemListElement\":[{\"@type\":\"ListItem\",\"position\":1,\"name\":\"Startseite\",\"item\":\"https:\/\/jungfraualetsch.ch\/it\/\"},{\"@type\":\"ListItem\",\"position\":2,\"name\":\"Apprendere\",\"item\":\"https:\/\/jungfraualetsch.ch\/it\/apprendere\/\"},{\"@type\":\"ListItem\",\"position\":3,\"name\":\"Materiale didattico\"}]},{\"@type\":\"WebSite\",\"@id\":\"https:\/\/jungfraualetsch.ch\/#website\",\"url\":\"https:\/\/jungfraualetsch.ch\/\",\"name\":\"UNESCO World Heritage Swiss Alps Jungfrau-Aletsch\",\"description\":\"\",\"potentialAction\":[{\"@type\":\"SearchAction\",\"target\":{\"@type\":\"EntryPoint\",\"urlTemplate\":\"https:\/\/jungfraualetsch.ch\/?s={search_term_string}\"},\"query-input\":{\"@type\":\"PropertyValueSpecification\",\"valueRequired\":true,\"valueName\":\"search_term_string\"}}],\"inLanguage\":\"it-IT\"}]}<\/script>\n<!-- \/ Yoast SEO plugin. -->","yoast_head_json":{"title":"Materiale didattico - UNESCO World Heritage Swiss Alps Jungfrau-Aletsch","robots":{"index":"index","follow":"follow","max-snippet":"max-snippet:-1","max-image-preview":"max-image-preview:large","max-video-preview":"max-video-preview:-1"},"canonical":"https:\/\/jungfraualetsch.ch\/it\/apprendere\/materiale-didattico\/","og_locale":"it_IT","og_type":"article","og_title":"Materiale didattico - UNESCO World Heritage Swiss Alps Jungfrau-Aletsch","og_description":"Materiale didatticoConoscere le Alpi: Educazione allo sviluppo sostenibile nel Patrimonio mondiale dell\u2019 UNESCO nelle Alpi svizzere Jungfrau-Aletsch (Livello primario e secondario I\/II) Volete ottenere nuovi impulsi per quanto riguarda l\u2019orientamento pedagogico di escursioni e settimane di progetti sulla base della Educazione allo Sviluppo Sostenibile (ESD)? Volete offrire ai vostri studenti l\u2019opportunit\u00e0 di acquisire esperienze durature [&hellip;]","og_url":"https:\/\/jungfraualetsch.ch\/it\/apprendere\/materiale-didattico\/","og_site_name":"UNESCO World Heritage Swiss Alps Jungfrau-Aletsch","article_modified_time":"2021-03-30T11:23:43+00:00","twitter_card":"summary_large_image","twitter_misc":{"Tempo di lettura stimato":"4 minuti"},"schema":{"@context":"https:\/\/schema.org","@graph":[{"@type":"WebPage","@id":"https:\/\/jungfraualetsch.ch\/it\/apprendere\/materiale-didattico\/","url":"https:\/\/jungfraualetsch.ch\/it\/apprendere\/materiale-didattico\/","name":"Materiale didattico - UNESCO World Heritage Swiss Alps Jungfrau-Aletsch","isPartOf":{"@id":"https:\/\/jungfraualetsch.ch\/#website"},"datePublished":"2021-03-24T18:14:22+00:00","dateModified":"2021-03-30T11:23:43+00:00","breadcrumb":{"@id":"https:\/\/jungfraualetsch.ch\/it\/apprendere\/materiale-didattico\/#breadcrumb"},"inLanguage":"it-IT","potentialAction":[{"@type":"ReadAction","target":["https:\/\/jungfraualetsch.ch\/it\/apprendere\/materiale-didattico\/"]}]},{"@type":"BreadcrumbList","@id":"https:\/\/jungfraualetsch.ch\/it\/apprendere\/materiale-didattico\/#breadcrumb","itemListElement":[{"@type":"ListItem","position":1,"name":"Startseite","item":"https:\/\/jungfraualetsch.ch\/it\/"},{"@type":"ListItem","position":2,"name":"Apprendere","item":"https:\/\/jungfraualetsch.ch\/it\/apprendere\/"},{"@type":"ListItem","position":3,"name":"Materiale didattico"}]},{"@type":"WebSite","@id":"https:\/\/jungfraualetsch.ch\/#website","url":"https:\/\/jungfraualetsch.ch\/","name":"UNESCO World Heritage Swiss Alps Jungfrau-Aletsch","description":"","potentialAction":[{"@type":"SearchAction","target":{"@type":"EntryPoint","urlTemplate":"https:\/\/jungfraualetsch.ch\/?s={search_term_string}"},"query-input":{"@type":"PropertyValueSpecification","valueRequired":true,"valueName":"search_term_string"}}],"inLanguage":"it-IT"}]}},"_links":{"self":[{"href":"https:\/\/jungfraualetsch.ch\/it\/wp-json\/wp\/v2\/pages\/3479","targetHints":{"allow":["GET"]}}],"collection":[{"href":"https:\/\/jungfraualetsch.ch\/it\/wp-json\/wp\/v2\/pages"}],"about":[{"href":"https:\/\/jungfraualetsch.ch\/it\/wp-json\/wp\/v2\/types\/page"}],"author":[{"embeddable":true,"href":"https:\/\/jungfraualetsch.ch\/it\/wp-json\/wp\/v2\/users\/1"}],"replies":[{"embeddable":true,"href":"https:\/\/jungfraualetsch.ch\/it\/wp-json\/wp\/v2\/comments?post=3479"}],"version-history":[{"count":5,"href":"https:\/\/jungfraualetsch.ch\/it\/wp-json\/wp\/v2\/pages\/3479\/revisions"}],"predecessor-version":[{"id":4389,"href":"https:\/\/jungfraualetsch.ch\/it\/wp-json\/wp\/v2\/pages\/3479\/revisions\/4389"}],"up":[{"embeddable":true,"href":"https:\/\/jungfraualetsch.ch\/it\/wp-json\/wp\/v2\/pages\/5040"}],"wp:attachment":[{"href":"https:\/\/jungfraualetsch.ch\/it\/wp-json\/wp\/v2\/media?parent=3479"}],"curies":[{"name":"wp","href":"https:\/\/api.w.org\/{rel}","templated":true}]}}