{"id":3395,"date":"2021-03-24T08:36:40","date_gmt":"2021-03-24T08:36:40","guid":{"rendered":"https:\/\/jungfraualetsch.ch\/naturlandschaften\/"},"modified":"2021-03-26T12:51:41","modified_gmt":"2021-03-26T12:51:41","slug":"paesaggi-naturali","status":"publish","type":"page","link":"https:\/\/jungfraualetsch.ch\/it\/protezione-e-ripristino\/paesaggi-naturali\/","title":{"rendered":"Paesaggi naturali"},"content":{"rendered":"<p>[et_pb_section fb_built=&#8221;1&#8243; fullwidth=&#8221;on&#8221; _builder_version=&#8221;4.9.1&#8243; _module_preset=&#8221;default&#8221; background_image=&#8221;https:\/\/jungfraualetsch.ch\/wp-content\/uploads\/2021\/03\/header_03_welterbe_pat_IMG_0916-scaled.jpg&#8221; parallax=&#8221;on&#8221; bottom_divider_style=&#8221;slant2&#8243; bottom_divider_color=&#8221;#FFFFFF&#8221; bottom_divider_flip=&#8221;horizontal&#8221; bottom_divider_height_tablet=&#8221;&#8221; bottom_divider_height_phone=&#8221;&#8221; bottom_divider_height_last_edited=&#8221;on|desktop&#8221; custom_css_main_element=&#8221;min-height: 45vh;&#8221;][\/et_pb_section][et_pb_section fb_built=&#8221;1&#8243; _builder_version=&#8221;4.9.1&#8243; _module_preset=&#8221;default&#8221; background_enable_color=&#8221;off&#8221; background_enable_image=&#8221;off&#8221; top_divider_flip=&#8221;horizontal&#8221;][et_pb_row _builder_version=&#8221;4.9.1&#8243; _module_preset=&#8221;default&#8221;][et_pb_column type=&#8221;4_4&#8243; _builder_version=&#8221;4.9.1&#8243; _module_preset=&#8221;default&#8221;][et_pb_text admin_label=&#8221;Titel&#8221; _builder_version=&#8221;4.9.2&#8243; _module_preset=&#8221;default&#8221; hover_enabled=&#8221;0&#8243; sticky_enabled=&#8221;0&#8243;]<\/p>\n<h1>Paesaggi naturali<\/h1>\n<p>[\/et_pb_text][\/et_pb_column][\/et_pb_row][et_pb_row column_structure=&#8221;3_4,1_4&#8243; _builder_version=&#8221;4.9.1&#8243; _module_preset=&#8221;default&#8221;][et_pb_column type=&#8221;3_4&#8243; _builder_version=&#8221;4.9.1&#8243; _module_preset=&#8221;default&#8221;][et_pb_text _builder_version=&#8221;4.9.2&#8243; _module_preset=&#8221;default&#8221; hover_enabled=&#8221;0&#8243; sticky_enabled=&#8221;0&#8243;]<\/p>\n<p>Il giallo oro delle foreste di pini-larici, i radi pendii rocciosi, le pittoresche brughiere e la continua evoluzione delle morene dei ghiacciai rappresentano esempi di 19 differenti habitat alpini e subalpini che si trovano nel sito del Patrimonio mondiale. La diversit\u00e0 dei paesaggi naturali dipende da diversi fattori quali pendenze altitudinali elevate e differenze climatiche. Il mosaico di paesaggi naturali combinati con i paesaggi culturali adiacenti d\u00e0 origine a una biodiversit\u00e0 molto variegata rispetto alla media nazionale e di inestimabile valore. Ogni essere vivente contribuisce all\u2019 equilibrio ecologico che a sua volta aiuta a mantenere i fiumi puliti e i terreni fertili. Una successione di vegetazione, unica nel suo genere, si pu\u00f2 contemplare nel Patrimonio mondiale: dalle prime piante pioniere nella zona antistante il ghiacciaio \u2013 alla fitta foresta.<\/p>\n<p>Una gran parte del sito mondiale \u00e8 compresa nell\u2019 Inventario federale dei paesaggi, siti e monumenti naturali d\u2019importanza nazionale (IFP), che comprende i paesaggi pi\u00f9 importanti della Svizzera. Considerando la ricca diversit\u00e0 degli habitat non \u00e8 sorprendente che in Svizzera circa 700 su 3600 specie in pericolo o rare si trovano nella Regione del Patrimonio mondiale.<\/p>\n<p>Il Centro di Gestione del Patrimonio mondiale dell\u2019 UNESCO nelle Alpi svizzere Jungfrau-Aletsch si \u00e8 impegnato a proteggere, a lungo termine, questi paesaggi naturali unici cosi come il valore inestimabile della loro biodiversit\u00e0. Le specie e gli habitat di importanza per il sito meritano di essere preservati dall\u2019estinzione, per questo sono stati identificati dal Centro di Gestione con l\u2019aiuto di esperti locali. Una volta ravvisata la necessit\u00e0 di intervenire, si realizzano progetti per la protezione delle specie o il ripristino di habitat in collaborazione con volontari. Le campagne di comunicazione e aumento della consapevolezza della popolazione locale e degli ospiti sono decisive per il successo e per l\u2019attuazione delle misure.<\/p>\n<p>[\/et_pb_text][\/et_pb_column][et_pb_column type=&#8221;1_4&#8243; _builder_version=&#8221;4.9.1&#8243; _module_preset=&#8221;default&#8221;][\/et_pb_column][\/et_pb_row][et_pb_row _builder_version=&#8221;4.9.1&#8243; _module_preset=&#8221;default&#8221;][et_pb_column type=&#8221;4_4&#8243; _builder_version=&#8221;4.9.1&#8243; _module_preset=&#8221;default&#8221;][et_pb_gallery gallery_ids=&#8221;1519,1515,1511,1507,1503,1499,1495&#8243; fullwidth=&#8221;on&#8221; _builder_version=&#8221;4.9.1&#8243; _module_preset=&#8221;default&#8221; auto=&#8221;on&#8221; auto_speed=&#8221;3500&#8243;][\/et_pb_gallery][\/et_pb_column][\/et_pb_row][\/et_pb_section]<\/p>\n","protected":false},"excerpt":{"rendered":"<p>Paesaggi naturaliIl giallo oro delle foreste di pini-larici, i radi pendii rocciosi, le pittoresche brughiere e la continua evoluzione delle morene dei ghiacciai rappresentano esempi di 19 differenti habitat alpini e subalpini che si trovano nel sito del Patrimonio mondiale. La diversit\u00e0 dei paesaggi naturali dipende da diversi fattori quali pendenze altitudinali elevate e differenze [&hellip;]<\/p>\n","protected":false},"author":1,"featured_media":0,"parent":5020,"menu_order":34,"comment_status":"closed","ping_status":"closed","template":"","meta":{"_et_pb_use_builder":"on","_et_pb_old_content":"","_et_gb_content_width":"","footnotes":""},"class_list":["post-3395","page","type-page","status-publish","hentry"],"yoast_head":"<!-- This site is optimized with the Yoast SEO plugin v27.1.1 - https:\/\/yoast.com\/product\/yoast-seo-wordpress\/ -->\n<title>Paesaggi naturali - UNESCO World Heritage Swiss Alps Jungfrau-Aletsch<\/title>\n<meta name=\"robots\" content=\"index, follow, max-snippet:-1, max-image-preview:large, max-video-preview:-1\" \/>\n<link rel=\"canonical\" href=\"https:\/\/jungfraualetsch.ch\/it\/protezione-e-ripristino\/paesaggi-naturali\/\" \/>\n<meta property=\"og:locale\" content=\"it_IT\" \/>\n<meta property=\"og:type\" content=\"article\" \/>\n<meta property=\"og:title\" content=\"Paesaggi naturali - UNESCO World Heritage Swiss Alps Jungfrau-Aletsch\" \/>\n<meta property=\"og:description\" content=\"Paesaggi naturaliIl giallo oro delle foreste di pini-larici, i radi pendii rocciosi, le pittoresche brughiere e la continua evoluzione delle morene dei ghiacciai rappresentano esempi di 19 differenti habitat alpini e subalpini che si trovano nel sito del Patrimonio mondiale. La diversit\u00e0 dei paesaggi naturali dipende da diversi fattori quali pendenze altitudinali elevate e differenze [&hellip;]\" \/>\n<meta property=\"og:url\" content=\"https:\/\/jungfraualetsch.ch\/it\/protezione-e-ripristino\/paesaggi-naturali\/\" \/>\n<meta property=\"og:site_name\" content=\"UNESCO World Heritage Swiss Alps Jungfrau-Aletsch\" \/>\n<meta property=\"article:modified_time\" content=\"2021-03-26T12:51:41+00:00\" \/>\n<meta name=\"twitter:card\" content=\"summary_large_image\" \/>\n<meta name=\"twitter:label1\" content=\"Tempo di lettura stimato\" \/>\n\t<meta name=\"twitter:data1\" content=\"3 minuti\" \/>\n<script type=\"application\/ld+json\" class=\"yoast-schema-graph\">{\"@context\":\"https:\/\/schema.org\",\"@graph\":[{\"@type\":\"WebPage\",\"@id\":\"https:\/\/jungfraualetsch.ch\/it\/protezione-e-ripristino\/paesaggi-naturali\/\",\"url\":\"https:\/\/jungfraualetsch.ch\/it\/protezione-e-ripristino\/paesaggi-naturali\/\",\"name\":\"Paesaggi naturali - UNESCO World Heritage Swiss Alps Jungfrau-Aletsch\",\"isPartOf\":{\"@id\":\"https:\/\/jungfraualetsch.ch\/#website\"},\"datePublished\":\"2021-03-24T08:36:40+00:00\",\"dateModified\":\"2021-03-26T12:51:41+00:00\",\"breadcrumb\":{\"@id\":\"https:\/\/jungfraualetsch.ch\/it\/protezione-e-ripristino\/paesaggi-naturali\/#breadcrumb\"},\"inLanguage\":\"it-IT\",\"potentialAction\":[{\"@type\":\"ReadAction\",\"target\":[\"https:\/\/jungfraualetsch.ch\/it\/protezione-e-ripristino\/paesaggi-naturali\/\"]}]},{\"@type\":\"BreadcrumbList\",\"@id\":\"https:\/\/jungfraualetsch.ch\/it\/protezione-e-ripristino\/paesaggi-naturali\/#breadcrumb\",\"itemListElement\":[{\"@type\":\"ListItem\",\"position\":1,\"name\":\"Startseite\",\"item\":\"https:\/\/jungfraualetsch.ch\/it\/\"},{\"@type\":\"ListItem\",\"position\":2,\"name\":\"Protezione e Ripristino\",\"item\":\"https:\/\/jungfraualetsch.ch\/it\/protezione-e-ripristino\/\"},{\"@type\":\"ListItem\",\"position\":3,\"name\":\"Paesaggi naturali\"}]},{\"@type\":\"WebSite\",\"@id\":\"https:\/\/jungfraualetsch.ch\/#website\",\"url\":\"https:\/\/jungfraualetsch.ch\/\",\"name\":\"UNESCO World Heritage Swiss Alps Jungfrau-Aletsch\",\"description\":\"\",\"potentialAction\":[{\"@type\":\"SearchAction\",\"target\":{\"@type\":\"EntryPoint\",\"urlTemplate\":\"https:\/\/jungfraualetsch.ch\/?s={search_term_string}\"},\"query-input\":{\"@type\":\"PropertyValueSpecification\",\"valueRequired\":true,\"valueName\":\"search_term_string\"}}],\"inLanguage\":\"it-IT\"}]}<\/script>\n<!-- \/ Yoast SEO plugin. -->","yoast_head_json":{"title":"Paesaggi naturali - UNESCO World Heritage Swiss Alps Jungfrau-Aletsch","robots":{"index":"index","follow":"follow","max-snippet":"max-snippet:-1","max-image-preview":"max-image-preview:large","max-video-preview":"max-video-preview:-1"},"canonical":"https:\/\/jungfraualetsch.ch\/it\/protezione-e-ripristino\/paesaggi-naturali\/","og_locale":"it_IT","og_type":"article","og_title":"Paesaggi naturali - UNESCO World Heritage Swiss Alps Jungfrau-Aletsch","og_description":"Paesaggi naturaliIl giallo oro delle foreste di pini-larici, i radi pendii rocciosi, le pittoresche brughiere e la continua evoluzione delle morene dei ghiacciai rappresentano esempi di 19 differenti habitat alpini e subalpini che si trovano nel sito del Patrimonio mondiale. La diversit\u00e0 dei paesaggi naturali dipende da diversi fattori quali pendenze altitudinali elevate e differenze [&hellip;]","og_url":"https:\/\/jungfraualetsch.ch\/it\/protezione-e-ripristino\/paesaggi-naturali\/","og_site_name":"UNESCO World Heritage Swiss Alps Jungfrau-Aletsch","article_modified_time":"2021-03-26T12:51:41+00:00","twitter_card":"summary_large_image","twitter_misc":{"Tempo di lettura stimato":"3 minuti"},"schema":{"@context":"https:\/\/schema.org","@graph":[{"@type":"WebPage","@id":"https:\/\/jungfraualetsch.ch\/it\/protezione-e-ripristino\/paesaggi-naturali\/","url":"https:\/\/jungfraualetsch.ch\/it\/protezione-e-ripristino\/paesaggi-naturali\/","name":"Paesaggi naturali - UNESCO World Heritage Swiss Alps Jungfrau-Aletsch","isPartOf":{"@id":"https:\/\/jungfraualetsch.ch\/#website"},"datePublished":"2021-03-24T08:36:40+00:00","dateModified":"2021-03-26T12:51:41+00:00","breadcrumb":{"@id":"https:\/\/jungfraualetsch.ch\/it\/protezione-e-ripristino\/paesaggi-naturali\/#breadcrumb"},"inLanguage":"it-IT","potentialAction":[{"@type":"ReadAction","target":["https:\/\/jungfraualetsch.ch\/it\/protezione-e-ripristino\/paesaggi-naturali\/"]}]},{"@type":"BreadcrumbList","@id":"https:\/\/jungfraualetsch.ch\/it\/protezione-e-ripristino\/paesaggi-naturali\/#breadcrumb","itemListElement":[{"@type":"ListItem","position":1,"name":"Startseite","item":"https:\/\/jungfraualetsch.ch\/it\/"},{"@type":"ListItem","position":2,"name":"Protezione e Ripristino","item":"https:\/\/jungfraualetsch.ch\/it\/protezione-e-ripristino\/"},{"@type":"ListItem","position":3,"name":"Paesaggi naturali"}]},{"@type":"WebSite","@id":"https:\/\/jungfraualetsch.ch\/#website","url":"https:\/\/jungfraualetsch.ch\/","name":"UNESCO World Heritage Swiss Alps Jungfrau-Aletsch","description":"","potentialAction":[{"@type":"SearchAction","target":{"@type":"EntryPoint","urlTemplate":"https:\/\/jungfraualetsch.ch\/?s={search_term_string}"},"query-input":{"@type":"PropertyValueSpecification","valueRequired":true,"valueName":"search_term_string"}}],"inLanguage":"it-IT"}]}},"_links":{"self":[{"href":"https:\/\/jungfraualetsch.ch\/it\/wp-json\/wp\/v2\/pages\/3395","targetHints":{"allow":["GET"]}}],"collection":[{"href":"https:\/\/jungfraualetsch.ch\/it\/wp-json\/wp\/v2\/pages"}],"about":[{"href":"https:\/\/jungfraualetsch.ch\/it\/wp-json\/wp\/v2\/types\/page"}],"author":[{"embeddable":true,"href":"https:\/\/jungfraualetsch.ch\/it\/wp-json\/wp\/v2\/users\/1"}],"replies":[{"embeddable":true,"href":"https:\/\/jungfraualetsch.ch\/it\/wp-json\/wp\/v2\/comments?post=3395"}],"version-history":[{"count":3,"href":"https:\/\/jungfraualetsch.ch\/it\/wp-json\/wp\/v2\/pages\/3395\/revisions"}],"predecessor-version":[{"id":3407,"href":"https:\/\/jungfraualetsch.ch\/it\/wp-json\/wp\/v2\/pages\/3395\/revisions\/3407"}],"up":[{"embeddable":true,"href":"https:\/\/jungfraualetsch.ch\/it\/wp-json\/wp\/v2\/pages\/5020"}],"wp:attachment":[{"href":"https:\/\/jungfraualetsch.ch\/it\/wp-json\/wp\/v2\/media?parent=3395"}],"curies":[{"name":"wp","href":"https:\/\/api.w.org\/{rel}","templated":true}]}}