{"id":3046,"date":"2021-03-23T11:46:46","date_gmt":"2021-03-23T11:46:46","guid":{"rendered":"https:\/\/jungfraualetsch.ch\/patrimonio-mondiale\/jobs\/"},"modified":"2021-03-25T14:00:13","modified_gmt":"2021-03-25T14:00:13","slug":"lavoro","status":"publish","type":"page","link":"https:\/\/jungfraualetsch.ch\/it\/patrimonio-mondiale\/lavoro\/","title":{"rendered":"Lavoro"},"content":{"rendered":"<p>[et_pb_section fb_built=&#8221;1&#8243; fullwidth=&#8221;on&#8221; _builder_version=&#8221;4.9.1&#8243; _module_preset=&#8221;default&#8221; background_image=&#8221;https:\/\/jungfraualetsch.ch\/wp-content\/uploads\/2021\/03\/header_01_welterbe_pat_A34A4209-scaled.jpg&#8221; parallax=&#8221;on&#8221; bottom_divider_style=&#8221;slant2&#8243; bottom_divider_color=&#8221;#FFFFFF&#8221; bottom_divider_flip=&#8221;horizontal&#8221; bottom_divider_height_tablet=&#8221;&#8221; bottom_divider_height_phone=&#8221;&#8221; bottom_divider_height_last_edited=&#8221;on|desktop&#8221; custom_css_main_element=&#8221;min-height: 45vh;&#8221;][\/et_pb_section][et_pb_section fb_built=&#8221;1&#8243; _builder_version=&#8221;4.9.1&#8243; _module_preset=&#8221;default&#8221; background_enable_color=&#8221;off&#8221; background_enable_image=&#8221;off&#8221; top_divider_flip=&#8221;horizontal&#8221;][et_pb_row _builder_version=&#8221;4.9.1&#8243; _module_preset=&#8221;default&#8221;][et_pb_column type=&#8221;4_4&#8243; _builder_version=&#8221;4.9.1&#8243; _module_preset=&#8221;default&#8221;][et_pb_text admin_label=&#8221;Titel&#8221; _builder_version=&#8221;4.9.2&#8243; _module_preset=&#8221;default&#8221; hover_enabled=&#8221;0&#8243; sticky_enabled=&#8221;0&#8243;]<\/p>\n<h1>Lavoro<\/h1>\n<p>[\/et_pb_text][\/et_pb_column][\/et_pb_row][et_pb_row column_structure=&#8221;3_4,1_4&#8243; _builder_version=&#8221;4.9.1&#8243; _module_preset=&#8221;default&#8221; collapsed=&#8221;off&#8221;][et_pb_column type=&#8221;3_4&#8243; _builder_version=&#8221;4.9.1&#8243; _module_preset=&#8221;default&#8221;][et_pb_text _builder_version=&#8221;4.9.2&#8243; _module_preset=&#8221;default&#8221; hover_enabled=&#8221;0&#8243; sticky_enabled=&#8221;0&#8243;]<\/p>\n<p>Sei interessato a saperne di pi\u00f9 sui nostri posti di lavoro in un campo di lavoro attraente e vario con opportunit\u00e0 stimolanti nell&#8217;interfaccia tra societ\u00e0, economia e ambiente?<\/p>\n<p>Sono aperti i seguenti posti di lavoro:<\/p>\n<p>[\/et_pb_text][\/et_pb_column][et_pb_column type=&#8221;1_4&#8243; _builder_version=&#8221;4.9.1&#8243; _module_preset=&#8221;default&#8221;][\/et_pb_column][\/et_pb_row][\/et_pb_section]<\/p>\n","protected":false},"excerpt":{"rendered":"<p>LavoroSei interessato a saperne di pi\u00f9 sui nostri posti di lavoro in un campo di lavoro attraente e vario con opportunit\u00e0 stimolanti nell&#8217;interfaccia tra societ\u00e0, economia e ambiente? Sono aperti i seguenti posti di lavoro:<\/p>\n","protected":false},"author":1,"featured_media":0,"parent":704,"menu_order":136,"comment_status":"closed","ping_status":"closed","template":"","meta":{"_et_pb_use_builder":"on","_et_pb_old_content":"","_et_gb_content_width":"","footnotes":""},"class_list":["post-3046","page","type-page","status-publish","hentry"],"yoast_head":"<!-- This site is optimized with the Yoast SEO plugin v27.1.1 - https:\/\/yoast.com\/product\/yoast-seo-wordpress\/ -->\n<title>Lavoro - UNESCO World Heritage Swiss Alps Jungfrau-Aletsch<\/title>\n<meta name=\"robots\" content=\"index, follow, max-snippet:-1, max-image-preview:large, max-video-preview:-1\" \/>\n<link rel=\"canonical\" href=\"https:\/\/jungfraualetsch.ch\/it\/patrimonio-mondiale\/lavoro\/\" \/>\n<meta property=\"og:locale\" content=\"it_IT\" \/>\n<meta property=\"og:type\" content=\"article\" \/>\n<meta property=\"og:title\" content=\"Lavoro - UNESCO World Heritage Swiss Alps Jungfrau-Aletsch\" \/>\n<meta property=\"og:description\" content=\"LavoroSei interessato a saperne di pi\u00f9 sui nostri posti di lavoro in un campo di lavoro attraente e vario con opportunit\u00e0 stimolanti nell&#039;interfaccia tra societ\u00e0, economia e ambiente? Sono aperti i seguenti posti di lavoro:\" \/>\n<meta property=\"og:url\" content=\"https:\/\/jungfraualetsch.ch\/it\/patrimonio-mondiale\/lavoro\/\" \/>\n<meta property=\"og:site_name\" content=\"UNESCO World Heritage Swiss Alps Jungfrau-Aletsch\" \/>\n<meta property=\"article:modified_time\" content=\"2021-03-25T14:00:13+00:00\" \/>\n<meta name=\"twitter:card\" content=\"summary_large_image\" \/>\n<meta name=\"twitter:label1\" content=\"Tempo di lettura stimato\" \/>\n\t<meta name=\"twitter:data1\" content=\"1 minuto\" \/>\n<script type=\"application\/ld+json\" class=\"yoast-schema-graph\">{\"@context\":\"https:\/\/schema.org\",\"@graph\":[{\"@type\":\"WebPage\",\"@id\":\"https:\/\/jungfraualetsch.ch\/it\/patrimonio-mondiale\/lavoro\/\",\"url\":\"https:\/\/jungfraualetsch.ch\/it\/patrimonio-mondiale\/lavoro\/\",\"name\":\"Lavoro - UNESCO World Heritage Swiss Alps Jungfrau-Aletsch\",\"isPartOf\":{\"@id\":\"https:\/\/jungfraualetsch.ch\/#website\"},\"datePublished\":\"2021-03-23T11:46:46+00:00\",\"dateModified\":\"2021-03-25T14:00:13+00:00\",\"breadcrumb\":{\"@id\":\"https:\/\/jungfraualetsch.ch\/it\/patrimonio-mondiale\/lavoro\/#breadcrumb\"},\"inLanguage\":\"it-IT\",\"potentialAction\":[{\"@type\":\"ReadAction\",\"target\":[\"https:\/\/jungfraualetsch.ch\/it\/patrimonio-mondiale\/lavoro\/\"]}]},{\"@type\":\"BreadcrumbList\",\"@id\":\"https:\/\/jungfraualetsch.ch\/it\/patrimonio-mondiale\/lavoro\/#breadcrumb\",\"itemListElement\":[{\"@type\":\"ListItem\",\"position\":1,\"name\":\"Startseite\",\"item\":\"https:\/\/jungfraualetsch.ch\/it\/\"},{\"@type\":\"ListItem\",\"position\":2,\"name\":\"Patrimonio mondiale\",\"item\":\"https:\/\/jungfraualetsch.ch\/it\/patrimonio-mondiale\/\"},{\"@type\":\"ListItem\",\"position\":3,\"name\":\"Lavoro\"}]},{\"@type\":\"WebSite\",\"@id\":\"https:\/\/jungfraualetsch.ch\/#website\",\"url\":\"https:\/\/jungfraualetsch.ch\/\",\"name\":\"UNESCO World Heritage Swiss Alps Jungfrau-Aletsch\",\"description\":\"\",\"potentialAction\":[{\"@type\":\"SearchAction\",\"target\":{\"@type\":\"EntryPoint\",\"urlTemplate\":\"https:\/\/jungfraualetsch.ch\/?s={search_term_string}\"},\"query-input\":{\"@type\":\"PropertyValueSpecification\",\"valueRequired\":true,\"valueName\":\"search_term_string\"}}],\"inLanguage\":\"it-IT\"}]}<\/script>\n<!-- \/ Yoast SEO plugin. -->","yoast_head_json":{"title":"Lavoro - UNESCO World Heritage Swiss Alps Jungfrau-Aletsch","robots":{"index":"index","follow":"follow","max-snippet":"max-snippet:-1","max-image-preview":"max-image-preview:large","max-video-preview":"max-video-preview:-1"},"canonical":"https:\/\/jungfraualetsch.ch\/it\/patrimonio-mondiale\/lavoro\/","og_locale":"it_IT","og_type":"article","og_title":"Lavoro - UNESCO World Heritage Swiss Alps Jungfrau-Aletsch","og_description":"LavoroSei interessato a saperne di pi\u00f9 sui nostri posti di lavoro in un campo di lavoro attraente e vario con opportunit\u00e0 stimolanti nell'interfaccia tra societ\u00e0, economia e ambiente? Sono aperti i seguenti posti di lavoro:","og_url":"https:\/\/jungfraualetsch.ch\/it\/patrimonio-mondiale\/lavoro\/","og_site_name":"UNESCO World Heritage Swiss Alps Jungfrau-Aletsch","article_modified_time":"2021-03-25T14:00:13+00:00","twitter_card":"summary_large_image","twitter_misc":{"Tempo di lettura stimato":"1 minuto"},"schema":{"@context":"https:\/\/schema.org","@graph":[{"@type":"WebPage","@id":"https:\/\/jungfraualetsch.ch\/it\/patrimonio-mondiale\/lavoro\/","url":"https:\/\/jungfraualetsch.ch\/it\/patrimonio-mondiale\/lavoro\/","name":"Lavoro - UNESCO World Heritage Swiss Alps Jungfrau-Aletsch","isPartOf":{"@id":"https:\/\/jungfraualetsch.ch\/#website"},"datePublished":"2021-03-23T11:46:46+00:00","dateModified":"2021-03-25T14:00:13+00:00","breadcrumb":{"@id":"https:\/\/jungfraualetsch.ch\/it\/patrimonio-mondiale\/lavoro\/#breadcrumb"},"inLanguage":"it-IT","potentialAction":[{"@type":"ReadAction","target":["https:\/\/jungfraualetsch.ch\/it\/patrimonio-mondiale\/lavoro\/"]}]},{"@type":"BreadcrumbList","@id":"https:\/\/jungfraualetsch.ch\/it\/patrimonio-mondiale\/lavoro\/#breadcrumb","itemListElement":[{"@type":"ListItem","position":1,"name":"Startseite","item":"https:\/\/jungfraualetsch.ch\/it\/"},{"@type":"ListItem","position":2,"name":"Patrimonio mondiale","item":"https:\/\/jungfraualetsch.ch\/it\/patrimonio-mondiale\/"},{"@type":"ListItem","position":3,"name":"Lavoro"}]},{"@type":"WebSite","@id":"https:\/\/jungfraualetsch.ch\/#website","url":"https:\/\/jungfraualetsch.ch\/","name":"UNESCO World Heritage Swiss Alps Jungfrau-Aletsch","description":"","potentialAction":[{"@type":"SearchAction","target":{"@type":"EntryPoint","urlTemplate":"https:\/\/jungfraualetsch.ch\/?s={search_term_string}"},"query-input":{"@type":"PropertyValueSpecification","valueRequired":true,"valueName":"search_term_string"}}],"inLanguage":"it-IT"}]}},"_links":{"self":[{"href":"https:\/\/jungfraualetsch.ch\/it\/wp-json\/wp\/v2\/pages\/3046","targetHints":{"allow":["GET"]}}],"collection":[{"href":"https:\/\/jungfraualetsch.ch\/it\/wp-json\/wp\/v2\/pages"}],"about":[{"href":"https:\/\/jungfraualetsch.ch\/it\/wp-json\/wp\/v2\/types\/page"}],"author":[{"embeddable":true,"href":"https:\/\/jungfraualetsch.ch\/it\/wp-json\/wp\/v2\/users\/1"}],"replies":[{"embeddable":true,"href":"https:\/\/jungfraualetsch.ch\/it\/wp-json\/wp\/v2\/comments?post=3046"}],"version-history":[{"count":3,"href":"https:\/\/jungfraualetsch.ch\/it\/wp-json\/wp\/v2\/pages\/3046\/revisions"}],"predecessor-version":[{"id":3163,"href":"https:\/\/jungfraualetsch.ch\/it\/wp-json\/wp\/v2\/pages\/3046\/revisions\/3163"}],"up":[{"embeddable":true,"href":"https:\/\/jungfraualetsch.ch\/it\/wp-json\/wp\/v2\/pages\/704"}],"wp:attachment":[{"href":"https:\/\/jungfraualetsch.ch\/it\/wp-json\/wp\/v2\/media?parent=3046"}],"curies":[{"name":"wp","href":"https:\/\/api.w.org\/{rel}","templated":true}]}}