{"id":2990,"date":"2021-03-23T11:05:21","date_gmt":"2021-03-23T11:05:21","guid":{"rendered":"https:\/\/jungfraualetsch.ch\/patrimonio-mondiale\/unesco-welterbe-konvention\/"},"modified":"2021-03-31T13:13:53","modified_gmt":"2021-03-31T13:13:53","slug":"convenzione-del-patrimonio-mondiale","status":"publish","type":"page","link":"https:\/\/jungfraualetsch.ch\/it\/patrimonio-mondiale\/convenzione-del-patrimonio-mondiale\/","title":{"rendered":"Convenzione del Patrimonio mondiale"},"content":{"rendered":"<p>[et_pb_section fb_built=&#8221;1&#8243; fullwidth=&#8221;on&#8221; _builder_version=&#8221;4.9.1&#8243; _module_preset=&#8221;default&#8221; background_image=&#8221;https:\/\/jungfraualetsch.ch\/wp-content\/uploads\/2021\/03\/header_01_welterbe_pat_A34A4209-scaled.jpg&#8221; parallax=&#8221;on&#8221; bottom_divider_style=&#8221;slant2&#8243; bottom_divider_color=&#8221;#FFFFFF&#8221; bottom_divider_flip=&#8221;horizontal&#8221; bottom_divider_height_tablet=&#8221;&#8221; bottom_divider_height_phone=&#8221;&#8221; bottom_divider_height_last_edited=&#8221;on|desktop&#8221; custom_css_main_element=&#8221;min-height: 45vh;&#8221;][\/et_pb_section][et_pb_section fb_built=&#8221;1&#8243; _builder_version=&#8221;4.9.1&#8243; _module_preset=&#8221;default&#8221; background_enable_color=&#8221;off&#8221; background_enable_image=&#8221;off&#8221; top_divider_flip=&#8221;horizontal&#8221;][et_pb_row _builder_version=&#8221;4.9.1&#8243; _module_preset=&#8221;default&#8221;][et_pb_column type=&#8221;4_4&#8243; _builder_version=&#8221;4.9.1&#8243; _module_preset=&#8221;default&#8221;][et_pb_text admin_label=&#8221;Titel&#8221; _builder_version=&#8221;4.9.2&#8243; _module_preset=&#8221;default&#8221;]<\/p>\n<h1>Convenzione del Patrimonio mondiale<\/h1>\n<p>[\/et_pb_text][\/et_pb_column][\/et_pb_row][et_pb_row column_structure=&#8221;3_4,1_4&#8243; _builder_version=&#8221;4.9.1&#8243; _module_preset=&#8221;default&#8221;][et_pb_column type=&#8221;3_4&#8243; _builder_version=&#8221;4.9.1&#8243; _module_preset=&#8221;default&#8221;][et_pb_text _builder_version=&#8221;4.9.2&#8243; _module_preset=&#8221;default&#8221; hover_enabled=&#8221;0&#8243; sticky_enabled=&#8221;0&#8243;]<\/p>\n<p>Il 16 novembre 1972, l\u2019UNESCO ha adottato la \u00abConvenzione sulla protezione del patrimonio mondiale culturale e naturale\u00bb. E\u2019 la pi\u00f9 importante convenzione universale per la salvaguardia del patrimonio culturale e naturale e forse la pi\u00f9 importante mai adottata dalla comunit\u00e0 internazionale.<\/p>\n<p>Il principio della Convenzione sul patrimonio mondiale \u00e8 il \u00abriconoscimento del fatto che alcune parti del patrimonio culturale o naturale sono di eccezionale importanza e devono pertanto essere preservate come patrimonio mondiale dell\u2019umanit\u00e0 nel suo insieme\u00bb (estratto dal preambolo della Convenzione sul patrimonio mondiale). Con la firma della Convenzione, gli Stati si impegnano a proteggere, promuovere e preservare i siti del patrimonio mondiale all\u2019interno dei loro confini per le generazioni future.<\/p>\n<p>Il Comitato intergovernativo per la protezione del patrimonio mondiale culturale e naturale decide ogni anno quali siti devono essere inclusi nella lista del patrimonio mondiale.<\/p>\n<p>I criteri stabiliti nella Convenzione sul patrimonio mondiale comprendono l&#8217;\u00abunicit\u00e0\u00bb e l&#8217;\u00abautenticit\u00e0\u00bb (storica) di un monumento o sito culturale. Oltre allo stato attuale di conservazione, deve essere presentato anche un piano di conservazione e di gestione convincente.<\/p>\n<p>Pi\u00f9 di 1030 siti del patrimonio culturale e naturale in 163 paesi di tutte le regioni del mondo sono iscritti nella <a href=\"https:\/\/www.unesco.de\/kultur-und-natur\/welterbe\/welterbe-weltweit\/welterbeliste\" target=\"_blank\" rel=\"noopener\">lista<\/a> del patrimonio mondiale dell\u2019UNESCO. L\u2019Assemblea generale della Convenzione sul patrimonio mondiale ha approvato la risoluzione \u00abPatrimonio mondiale e sviluppo sostenibile\u00bb nel novembre 2015. Con questa risoluzione, gli Stati membri sono invitati a promuovere lo sviluppo sostenibile nella regione del patrimonio mondiale e a coinvolgere anche le popolazioni locali.<\/p>\n<p>[\/et_pb_text][\/et_pb_column][et_pb_column type=&#8221;1_4&#8243; _builder_version=&#8221;4.9.1&#8243; _module_preset=&#8221;default&#8221;][\/et_pb_column][\/et_pb_row][\/et_pb_section]<\/p>\n","protected":false},"excerpt":{"rendered":"<p>Convenzione del Patrimonio mondialeIl 16 novembre 1972, l\u2019UNESCO ha adottato la \u00abConvenzione sulla protezione del patrimonio mondiale culturale e naturale\u00bb. E\u2019 la pi\u00f9 importante convenzione universale per la salvaguardia del patrimonio culturale e naturale e forse la pi\u00f9 importante mai adottata dalla comunit\u00e0 internazionale. Il principio della Convenzione sul patrimonio mondiale \u00e8 il \u00abriconoscimento del [&hellip;]<\/p>\n","protected":false},"author":1,"featured_media":0,"parent":704,"menu_order":152,"comment_status":"closed","ping_status":"closed","template":"","meta":{"_et_pb_use_builder":"on","_et_pb_old_content":"","_et_gb_content_width":"","footnotes":""},"class_list":["post-2990","page","type-page","status-publish","hentry"],"yoast_head":"<!-- This site is optimized with the Yoast SEO plugin v27.1.1 - https:\/\/yoast.com\/product\/yoast-seo-wordpress\/ -->\n<title>Convenzione del Patrimonio mondiale - UNESCO World Heritage Swiss Alps Jungfrau-Aletsch<\/title>\n<meta name=\"robots\" content=\"index, follow, max-snippet:-1, max-image-preview:large, max-video-preview:-1\" \/>\n<link rel=\"canonical\" href=\"https:\/\/jungfraualetsch.ch\/it\/patrimonio-mondiale\/convenzione-del-patrimonio-mondiale\/\" \/>\n<meta property=\"og:locale\" content=\"it_IT\" \/>\n<meta property=\"og:type\" content=\"article\" \/>\n<meta property=\"og:title\" content=\"Convenzione del Patrimonio mondiale - UNESCO World Heritage Swiss Alps Jungfrau-Aletsch\" \/>\n<meta property=\"og:description\" content=\"Convenzione del Patrimonio mondialeIl 16 novembre 1972, l\u2019UNESCO ha adottato la \u00abConvenzione sulla protezione del patrimonio mondiale culturale e naturale\u00bb. E\u2019 la pi\u00f9 importante convenzione universale per la salvaguardia del patrimonio culturale e naturale e forse la pi\u00f9 importante mai adottata dalla comunit\u00e0 internazionale. Il principio della Convenzione sul patrimonio mondiale \u00e8 il \u00abriconoscimento del [&hellip;]\" \/>\n<meta property=\"og:url\" content=\"https:\/\/jungfraualetsch.ch\/it\/patrimonio-mondiale\/convenzione-del-patrimonio-mondiale\/\" \/>\n<meta property=\"og:site_name\" content=\"UNESCO World Heritage Swiss Alps Jungfrau-Aletsch\" \/>\n<meta property=\"article:modified_time\" content=\"2021-03-31T13:13:53+00:00\" \/>\n<meta name=\"twitter:card\" content=\"summary_large_image\" \/>\n<meta name=\"twitter:label1\" content=\"Tempo di lettura stimato\" \/>\n\t<meta name=\"twitter:data1\" content=\"2 minuti\" \/>\n<script type=\"application\/ld+json\" class=\"yoast-schema-graph\">{\"@context\":\"https:\/\/schema.org\",\"@graph\":[{\"@type\":\"WebPage\",\"@id\":\"https:\/\/jungfraualetsch.ch\/it\/patrimonio-mondiale\/convenzione-del-patrimonio-mondiale\/\",\"url\":\"https:\/\/jungfraualetsch.ch\/it\/patrimonio-mondiale\/convenzione-del-patrimonio-mondiale\/\",\"name\":\"Convenzione del Patrimonio mondiale - UNESCO World Heritage Swiss Alps Jungfrau-Aletsch\",\"isPartOf\":{\"@id\":\"https:\/\/jungfraualetsch.ch\/#website\"},\"datePublished\":\"2021-03-23T11:05:21+00:00\",\"dateModified\":\"2021-03-31T13:13:53+00:00\",\"breadcrumb\":{\"@id\":\"https:\/\/jungfraualetsch.ch\/it\/patrimonio-mondiale\/convenzione-del-patrimonio-mondiale\/#breadcrumb\"},\"inLanguage\":\"it-IT\",\"potentialAction\":[{\"@type\":\"ReadAction\",\"target\":[\"https:\/\/jungfraualetsch.ch\/it\/patrimonio-mondiale\/convenzione-del-patrimonio-mondiale\/\"]}]},{\"@type\":\"BreadcrumbList\",\"@id\":\"https:\/\/jungfraualetsch.ch\/it\/patrimonio-mondiale\/convenzione-del-patrimonio-mondiale\/#breadcrumb\",\"itemListElement\":[{\"@type\":\"ListItem\",\"position\":1,\"name\":\"Startseite\",\"item\":\"https:\/\/jungfraualetsch.ch\/it\/\"},{\"@type\":\"ListItem\",\"position\":2,\"name\":\"Patrimonio mondiale\",\"item\":\"https:\/\/jungfraualetsch.ch\/it\/patrimonio-mondiale\/\"},{\"@type\":\"ListItem\",\"position\":3,\"name\":\"Convenzione del Patrimonio mondiale\"}]},{\"@type\":\"WebSite\",\"@id\":\"https:\/\/jungfraualetsch.ch\/#website\",\"url\":\"https:\/\/jungfraualetsch.ch\/\",\"name\":\"UNESCO World Heritage Swiss Alps Jungfrau-Aletsch\",\"description\":\"\",\"potentialAction\":[{\"@type\":\"SearchAction\",\"target\":{\"@type\":\"EntryPoint\",\"urlTemplate\":\"https:\/\/jungfraualetsch.ch\/?s={search_term_string}\"},\"query-input\":{\"@type\":\"PropertyValueSpecification\",\"valueRequired\":true,\"valueName\":\"search_term_string\"}}],\"inLanguage\":\"it-IT\"}]}<\/script>\n<!-- \/ Yoast SEO plugin. -->","yoast_head_json":{"title":"Convenzione del Patrimonio mondiale - UNESCO World Heritage Swiss Alps Jungfrau-Aletsch","robots":{"index":"index","follow":"follow","max-snippet":"max-snippet:-1","max-image-preview":"max-image-preview:large","max-video-preview":"max-video-preview:-1"},"canonical":"https:\/\/jungfraualetsch.ch\/it\/patrimonio-mondiale\/convenzione-del-patrimonio-mondiale\/","og_locale":"it_IT","og_type":"article","og_title":"Convenzione del Patrimonio mondiale - UNESCO World Heritage Swiss Alps Jungfrau-Aletsch","og_description":"Convenzione del Patrimonio mondialeIl 16 novembre 1972, l\u2019UNESCO ha adottato la \u00abConvenzione sulla protezione del patrimonio mondiale culturale e naturale\u00bb. E\u2019 la pi\u00f9 importante convenzione universale per la salvaguardia del patrimonio culturale e naturale e forse la pi\u00f9 importante mai adottata dalla comunit\u00e0 internazionale. Il principio della Convenzione sul patrimonio mondiale \u00e8 il \u00abriconoscimento del [&hellip;]","og_url":"https:\/\/jungfraualetsch.ch\/it\/patrimonio-mondiale\/convenzione-del-patrimonio-mondiale\/","og_site_name":"UNESCO World Heritage Swiss Alps Jungfrau-Aletsch","article_modified_time":"2021-03-31T13:13:53+00:00","twitter_card":"summary_large_image","twitter_misc":{"Tempo di lettura stimato":"2 minuti"},"schema":{"@context":"https:\/\/schema.org","@graph":[{"@type":"WebPage","@id":"https:\/\/jungfraualetsch.ch\/it\/patrimonio-mondiale\/convenzione-del-patrimonio-mondiale\/","url":"https:\/\/jungfraualetsch.ch\/it\/patrimonio-mondiale\/convenzione-del-patrimonio-mondiale\/","name":"Convenzione del Patrimonio mondiale - UNESCO World Heritage Swiss Alps Jungfrau-Aletsch","isPartOf":{"@id":"https:\/\/jungfraualetsch.ch\/#website"},"datePublished":"2021-03-23T11:05:21+00:00","dateModified":"2021-03-31T13:13:53+00:00","breadcrumb":{"@id":"https:\/\/jungfraualetsch.ch\/it\/patrimonio-mondiale\/convenzione-del-patrimonio-mondiale\/#breadcrumb"},"inLanguage":"it-IT","potentialAction":[{"@type":"ReadAction","target":["https:\/\/jungfraualetsch.ch\/it\/patrimonio-mondiale\/convenzione-del-patrimonio-mondiale\/"]}]},{"@type":"BreadcrumbList","@id":"https:\/\/jungfraualetsch.ch\/it\/patrimonio-mondiale\/convenzione-del-patrimonio-mondiale\/#breadcrumb","itemListElement":[{"@type":"ListItem","position":1,"name":"Startseite","item":"https:\/\/jungfraualetsch.ch\/it\/"},{"@type":"ListItem","position":2,"name":"Patrimonio mondiale","item":"https:\/\/jungfraualetsch.ch\/it\/patrimonio-mondiale\/"},{"@type":"ListItem","position":3,"name":"Convenzione del Patrimonio mondiale"}]},{"@type":"WebSite","@id":"https:\/\/jungfraualetsch.ch\/#website","url":"https:\/\/jungfraualetsch.ch\/","name":"UNESCO World Heritage Swiss Alps Jungfrau-Aletsch","description":"","potentialAction":[{"@type":"SearchAction","target":{"@type":"EntryPoint","urlTemplate":"https:\/\/jungfraualetsch.ch\/?s={search_term_string}"},"query-input":{"@type":"PropertyValueSpecification","valueRequired":true,"valueName":"search_term_string"}}],"inLanguage":"it-IT"}]}},"_links":{"self":[{"href":"https:\/\/jungfraualetsch.ch\/it\/wp-json\/wp\/v2\/pages\/2990","targetHints":{"allow":["GET"]}}],"collection":[{"href":"https:\/\/jungfraualetsch.ch\/it\/wp-json\/wp\/v2\/pages"}],"about":[{"href":"https:\/\/jungfraualetsch.ch\/it\/wp-json\/wp\/v2\/types\/page"}],"author":[{"embeddable":true,"href":"https:\/\/jungfraualetsch.ch\/it\/wp-json\/wp\/v2\/users\/1"}],"replies":[{"embeddable":true,"href":"https:\/\/jungfraualetsch.ch\/it\/wp-json\/wp\/v2\/comments?post=2990"}],"version-history":[{"count":5,"href":"https:\/\/jungfraualetsch.ch\/it\/wp-json\/wp\/v2\/pages\/2990\/revisions"}],"predecessor-version":[{"id":5462,"href":"https:\/\/jungfraualetsch.ch\/it\/wp-json\/wp\/v2\/pages\/2990\/revisions\/5462"}],"up":[{"embeddable":true,"href":"https:\/\/jungfraualetsch.ch\/it\/wp-json\/wp\/v2\/pages\/704"}],"wp:attachment":[{"href":"https:\/\/jungfraualetsch.ch\/it\/wp-json\/wp\/v2\/media?parent=2990"}],"curies":[{"name":"wp","href":"https:\/\/api.w.org\/{rel}","templated":true}]}}