{"id":7820,"date":"2022-03-01T08:20:17","date_gmt":"2022-03-01T08:20:17","guid":{"rendered":"https:\/\/jungfraualetsch.ch\/soutenir\/ihr-nachlass\/"},"modified":"2022-06-01T10:30:31","modified_gmt":"2022-06-01T10:30:31","slug":"succession","status":"publish","type":"page","link":"https:\/\/jungfraualetsch.ch\/fr\/soutenir\/succession\/","title":{"rendered":"Votre succession"},"content":{"rendered":"<p>[et_pb_section fb_built=\u00a0\u00bb1&Prime; fullwidth=\u00a0\u00bbon\u00a0\u00bb _builder_version=\u00a0\u00bb4.9.2&Prime; _module_preset=\u00a0\u00bbdefault\u00a0\u00bb background_image=\u00a0\u00bbhttps:\/\/jungfraualetsch.ch\/wp-content\/uploads\/2021\/03\/header_06_pat_Gym-Thun_Kiental-1140856-Kopie-scaled.jpg\u00a0\u00bb parallax=\u00a0\u00bbon\u00a0\u00bb bottom_divider_style=\u00a0\u00bbslant2&Prime; bottom_divider_color=\u00a0\u00bb#FFFFFF\u00a0\u00bb bottom_divider_flip=\u00a0\u00bbhorizontal\u00a0\u00bb bottom_divider_height_tablet=\u00a0\u00bb\u00a0\u00bb bottom_divider_height_phone=\u00a0\u00bb\u00a0\u00bb bottom_divider_height_last_edited=\u00a0\u00bbon|desktop\u00a0\u00bb custom_css_main_element=\u00a0\u00bbmin-height: 45vh;\u00a0\u00bb][\/et_pb_section][et_pb_section fb_built=\u00a0\u00bb1&Prime; _builder_version=\u00a0\u00bb4.9.1&Prime; _module_preset=\u00a0\u00bbdefault\u00a0\u00bb background_enable_color=\u00a0\u00bboff\u00a0\u00bb background_enable_image=\u00a0\u00bboff\u00a0\u00bb top_divider_flip=\u00a0\u00bbhorizontal\u00a0\u00bb][et_pb_row _builder_version=\u00a0\u00bb4.9.1&Prime; _module_preset=\u00a0\u00bbdefault\u00a0\u00bb][et_pb_column type=\u00a0\u00bb4_4&Prime; _builder_version=\u00a0\u00bb4.9.1&Prime; _module_preset=\u00a0\u00bbdefault\u00a0\u00bb][et_pb_text admin_label=\u00a0\u00bbTitel\u00a0\u00bb _builder_version=\u00a0\u00bb4.9.9&Prime; _module_preset=\u00a0\u00bbdefault\u00a0\u00bb]<\/p>\n<h1>Votre succession<\/h1>\n<p>[\/et_pb_text][\/et_pb_column][\/et_pb_row][et_pb_row column_structure=\u00a0\u00bb3_4,1_4&Prime; _builder_version=\u00a0\u00bb4.9.1&Prime; _module_preset=\u00a0\u00bbdefault\u00a0\u00bb][et_pb_column type=\u00a0\u00bb3_4&Prime; _builder_version=\u00a0\u00bb4.9.1&Prime; _module_preset=\u00a0\u00bbdefault\u00a0\u00bb][et_pb_text _builder_version=\u00a0\u00bb4.9.9&Prime; _module_preset=\u00a0\u00bbdefault\u00a0\u00bb]<\/p>\n<p>La Fondation Patrimoine Mondial de l&rsquo;UNESCO Alpes Suisses Jungfrau-Aletsch (SAJA) s&rsquo;engage \u00e0 pr\u00e9server au mieux le Patrimoine Mondial de l&rsquo;UNESCO SAJA pour les g\u00e9n\u00e9rations futures. Plus elle dispose de moyens \u00e0 cet effet, plus elle peut prendre des mesures cibl\u00e9es et durables. En tant qu&rsquo;organisation \u00e0 but non lucratif, nous d\u00e9pendons de donations, de legs et d&rsquo;h\u00e9ritages et nous savons employer ces moyens avec soin et responsabilit\u00e9.<\/p>\n<p>[\/et_pb_text][\/et_pb_column][et_pb_column type=\u00a0\u00bb1_4&Prime; _builder_version=\u00a0\u00bb4.9.1&Prime; _module_preset=\u00a0\u00bbdefault\u00a0\u00bb][\/et_pb_column][\/et_pb_row][et_pb_row column_structure=\u00a0\u00bb1_4,3_4&Prime; _builder_version=\u00a0\u00bb4.9.9&Prime; _module_preset=\u00a0\u00bbdefault\u00a0\u00bb][et_pb_column type=\u00a0\u00bb1_4&Prime; _builder_version=\u00a0\u00bb4.9.9&Prime; _module_preset=\u00a0\u00bbdefault\u00a0\u00bb][et_pb_image src=\u00a0\u00bbhttps:\/\/jungfraualetsch.ch\/wp-content\/uploads\/2022\/03\/hans_christian_leiggener_grimsel.jpg\u00a0\u00bb title_text=\u00a0\u00bbhans_christian_leiggener_grimsel\u00a0\u00bb align=\u00a0\u00bbcenter\u00a0\u00bb force_fullwidth=\u00a0\u00bbon\u00a0\u00bb _builder_version=\u00a0\u00bb4.9.9&Prime; _module_preset=\u00a0\u00bbdefault\u00a0\u00bb][\/et_pb_image][\/et_pb_column][et_pb_column type=\u00a0\u00bb3_4&Prime; _builder_version=\u00a0\u00bb4.9.9&Prime; _module_preset=\u00a0\u00bbdefault\u00a0\u00bb][et_pb_text _builder_version=\u00a0\u00bb4.9.9&Prime; _module_preset=\u00a0\u00bbdefault\u00a0\u00bb]<\/p>\n<p>Souhaitez-vous vous engager de cette mani\u00e8re en faveur de notre Patrimoine Mondial de l&rsquo;UNESCO Alpes Suisses Jungfrau-Aletsch ?\u00a0N&rsquo;h\u00e9sitez pas \u00e0 prendre contact avec nous. La direction est \u00e0 votre disposition pour tout renseignement ou entretien personnel:<\/p>\n<p><strong>Dr. Hans-Christian Leiggener<\/strong><br \/><a href=\"mailto:h.leiggener@jungfraualetsch.ch\">h.leiggener@jungfraualetsch.ch<\/a><br \/>T: <a href=\"tel:+41795081043\">079 508 10 43<\/a><\/p>\n<p>[\/et_pb_text][\/et_pb_column][\/et_pb_row][et_pb_row _builder_version=\u00a0\u00bb4.9.9&Prime; _module_preset=\u00a0\u00bbdefault\u00a0\u00bb][et_pb_column type=\u00a0\u00bb4_4&Prime; _builder_version=\u00a0\u00bb4.9.9&Prime; _module_preset=\u00a0\u00bbdefault\u00a0\u00bb][et_pb_text _builder_version=\u00a0\u00bb4.9.9&Prime; _module_preset=\u00a0\u00bbdefault\u00a0\u00bb]<\/p>\n<p>Si vous le souhaitez, vous pouvez obtenir <a href=\"https:\/\/app.deinadieu.ch\/consulting\/ngo\/7609?lang=fr\" target=\"_blank\" rel=\"noopener\">ici<\/a> des conseils juridiques gratuits.<\/p>\n<p>[\/et_pb_text][\/et_pb_column][\/et_pb_row][\/et_pb_section][et_pb_section fb_built=\u00a0\u00bb1&Prime; module_id=\u00a0\u00bbdeinadieu\u00a0\u00bb _builder_version=\u00a0\u00bb4.9.9&Prime; _module_preset=\u00a0\u00bbdefault\u00a0\u00bb][et_pb_row _builder_version=\u00a0\u00bb4.9.9&Prime; _module_preset=\u00a0\u00bbdefault\u00a0\u00bb][et_pb_column type=\u00a0\u00bb4_4&Prime; _builder_version=\u00a0\u00bb4.9.9&Prime; _module_preset=\u00a0\u00bbdefault\u00a0\u00bb][et_pb_divider color=\u00a0\u00bb#CCCCCC\u00a0\u00bb _builder_version=\u00a0\u00bb4.9.9&Prime; _module_preset=\u00a0\u00bbdefault\u00a0\u00bb admin_label=\u00a0\u00bbS\u00e9parateur\u00a0\u00bb][\/et_pb_divider][et_pb_image src=\u00a0\u00bbhttps:\/\/jungfraualetsch.ch\/wp-content\/uploads\/2022\/04\/dein_adieu_3_Testament_Leaderboard_728x90_B-scaled.jpg\u00a0\u00bb title_text=\u00a0\u00bbdein_adieu_3_Testament_Leaderboard_728x90_B\u00a0\u00bb url=\u00a0\u00bbhttps:\/\/app.deinadieu.ch\/testamentgenerator\/ngo\/7609?lang=fr\u00a0\u00bb url_new_window=\u00a0\u00bbon\u00a0\u00bb align=\u00a0\u00bbcenter\u00a0\u00bb force_fullwidth=\u00a0\u00bbon\u00a0\u00bb _builder_version=\u00a0\u00bb4.9.9&Prime; _module_preset=\u00a0\u00bbdefault\u00a0\u00bb border_width_all=\u00a0\u00bb1px\u00a0\u00bb border_color_all=\u00a0\u00bb#CCCCCC\u00a0\u00bb][\/et_pb_image][et_pb_text _builder_version=\u00a0\u00bb4.9.9&Prime; _module_preset=\u00a0\u00bbdefault\u00a0\u00bb]<\/p>\n<h3>R\u00e9diger un testament et nous y int\u00e9grer<\/h3>\n<p>La collaboration avec notre organisation partenaire DeinAdieu.ch vous permet de r\u00e9diger gratuitement et sans engagement un testament adapt\u00e9 \u00e0 votre situation personnelle.<\/p>\n<p>Vous \u00eates guid\u00e9 \u00e0 travers les trois \u00e9tapes suivantes :<br \/>1) R\u00e9pertoriez tous les h\u00e9ritiers<br \/>2) D\u00e9terminez qui recevra quelle part de votre succession <br \/>3) \u00c9crivez \u00e0 la main le mod\u00e8le que vous avez cr\u00e9\u00e9<\/p>\n<p>Vous devriez conserver votre testament manuscrit dans un endroit prot\u00e9g\u00e9 et o\u00f9 il peut \u00eatre facilement trouv\u00e9 (personne de confiance, avocat, commune).<\/p>\n<p>[\/et_pb_text][\/et_pb_column][\/et_pb_row][et_pb_row _builder_version=\u00a0\u00bb4.9.9&Prime; _module_preset=\u00a0\u00bbdefault\u00a0\u00bb][et_pb_column type=\u00a0\u00bb4_4&Prime; _builder_version=\u00a0\u00bb4.9.9&Prime; _module_preset=\u00a0\u00bbdefault\u00a0\u00bb][et_pb_image src=\u00a0\u00bbhttps:\/\/jungfraualetsch.ch\/wp-content\/uploads\/2022\/04\/dein_adieu_1_PV_Leaderboard_728x90_A-scaled.jpg\u00a0\u00bb title_text=\u00a0\u00bbdein_adieu_1_PV_Leaderboard_728x90_A\u00a0\u00bb url=\u00a0\u00bbhttps:\/\/app.deinadieu.ch\/patient-decree\/ngo\/7609?lang=fr\u00a0\u00bb url_new_window=\u00a0\u00bbon\u00a0\u00bb align=\u00a0\u00bbcenter\u00a0\u00bb force_fullwidth=\u00a0\u00bbon\u00a0\u00bb _builder_version=\u00a0\u00bb4.9.9&Prime; _module_preset=\u00a0\u00bbdefault\u00a0\u00bb border_width_all=\u00a0\u00bb1px\u00a0\u00bb border_color_all=\u00a0\u00bb#CCCCCC\u00a0\u00bb][\/et_pb_image][et_pb_text _builder_version=\u00a0\u00bb4.9.9&Prime; _module_preset=\u00a0\u00bbdefault\u00a0\u00bb]<\/p>\n<h3>Cr\u00e9er simplement une directive anticip\u00e9e du patient valable<\/h3>\n<p>En collaboration avec DeinAdieu.ch, nous vous proposons la cr\u00e9ation gratuite de votre directive anticip\u00e9e du patient individuelle.<\/p>\n<p>Vous \u00eates guid\u00e9 \u00e0 travers les quatre \u00e9tapes suivantes :<br \/>1) Choisissez votre repr\u00e9sentant\/rempla\u00e7ant<br \/>2) R\u00e9pondez \u00e0 des questions relatives \u00e0 votre point de vue sur l&rsquo;existence<br \/>3) R\u00e9pondez \u00e0 des questions m\u00e9dicales<br \/>4) Imprimez et signez votre directive anticip\u00e9e<\/p>\n<p>Conservez-en une copie chez votre repr\u00e9sentant\/m\u00e9decin de famille et mettez votre carte en s\u00e9curit\u00e9 dans votre portefeuille.<\/p>\n<p>[\/et_pb_text][\/et_pb_column][\/et_pb_row][et_pb_row _builder_version=\u00a0\u00bb4.9.9&Prime; _module_preset=\u00a0\u00bbdefault\u00a0\u00bb][et_pb_column type=\u00a0\u00bb4_4&Prime; _builder_version=\u00a0\u00bb4.9.9&Prime; _module_preset=\u00a0\u00bbdefault\u00a0\u00bb][et_pb_image src=\u00a0\u00bbhttps:\/\/jungfraualetsch.ch\/wp-content\/uploads\/2022\/04\/dein_adieu_2_B_Leaderboard_728x902_mit-Logo.png\u00a0\u00bb title_text=\u00a0\u00bbdein_adieu_2_B_Leaderboard_728x902_mit-Logo\u00a0\u00bb url=\u00a0\u00bbhttps:\/\/app.deinadieu.ch\/advance-care-directive\/ngo\/7609?lang=fr\u00a0\u00bb url_new_window=\u00a0\u00bbon\u00a0\u00bb align=\u00a0\u00bbcenter\u00a0\u00bb force_fullwidth=\u00a0\u00bbon\u00a0\u00bb _builder_version=\u00a0\u00bb4.9.9&Prime; _module_preset=\u00a0\u00bbdefault\u00a0\u00bb border_width_all=\u00a0\u00bb1px\u00a0\u00bb border_color_all=\u00a0\u00bb#CCCCCC\u00a0\u00bb][\/et_pb_image][et_pb_text _builder_version=\u00a0\u00bb4.9.9&Prime; _module_preset=\u00a0\u00bbdefault\u00a0\u00bb]<\/p>\n<h3>Cr\u00e9er simplement un mandat pour cause d&rsquo;inaptitude valable<\/h3>\n<p>En collaboration avec DeinAdieu.ch, nous vous proposons la cr\u00e9ation gratuite de votre mandat pour cause d&rsquo;inaptitude.<\/p>\n<p>Vous \u00eates guid\u00e9 \u00e0 travers les trois \u00e9tapes suivantes : <br \/>1) Choisissez votre repr\u00e9sentant<br \/>2) Choisissez un \u00e9ventuel rempla\u00e7ant<br \/>3) \u00c9crivez \u00e0 la main le mod\u00e8le que vous avez cr\u00e9\u00e9<\/p>\n<p>Id\u00e9alement, vous devriez d\u00e9poser votre mandat pour cause d&rsquo;inaptitude aupr\u00e8s d&rsquo;un organisme de d\u00e9p\u00f4t (APEA, office de l&rsquo;\u00e9tat civil). Il devrait dans tous les cas \u00eatre retrouv\u00e9 facilement si vous deveniez incapable de discernement.<\/p>\n<p>[\/et_pb_text][\/et_pb_column][\/et_pb_row][et_pb_row _builder_version=\u00a0\u00bb4.9.9&Prime; _module_preset=\u00a0\u00bbdefault\u00a0\u00bb][et_pb_column type=\u00a0\u00bb4_4&Prime; _builder_version=\u00a0\u00bb4.9.9&Prime; _module_preset=\u00a0\u00bbdefault\u00a0\u00bb][et_pb_image src=\u00a0\u00bbhttps:\/\/jungfraualetsch.ch\/wp-content\/uploads\/2022\/04\/dein_adieu_4_TA_Leaderboard_728x90_B-scaled.jpg\u00a0\u00bb title_text=\u00a0\u00bbdein_adieu_4_TA_Leaderboard_728x90_B\u00a0\u00bb url=\u00a0\u00bbhttps:\/\/app.deinadieu.ch\/todesanzeige-erstellen\/ngomemorial\/7609?lang=fr\u00a0\u00bb url_new_window=\u00a0\u00bbon\u00a0\u00bb align=\u00a0\u00bbcenter\u00a0\u00bb force_fullwidth=\u00a0\u00bbon\u00a0\u00bb _builder_version=\u00a0\u00bb4.9.9&Prime; _module_preset=\u00a0\u00bbdefault\u00a0\u00bb border_width_all=\u00a0\u00bb1px\u00a0\u00bb border_color_all=\u00a0\u00bb#CCCCCC\u00a0\u00bb][\/et_pb_image][et_pb_text _builder_version=\u00a0\u00bb4.9.9&Prime; _module_preset=\u00a0\u00bbdefault\u00a0\u00bb]<\/p>\n<h3>Faire-part de d\u00e9c\u00e8s gratuit<\/h3>\n<p>Cr\u00e9ez un faire-part de d\u00e9c\u00e8s en ligne sur DeinAdieu.ch avec les avantages suivants par rapport \u00e0 un faire-part de d\u00e9c\u00e8s traditionnel :<br \/>\u2022 Un faire-part de d\u00e9c\u00e8s digne avec un texte n\u00e9crologique personnalis\u00e9 ainsi que des photos en couleur de votre proche<br \/>\u2022 Donn\u00e9es cl\u00e9s importantes telles que la famille du d\u00e9funt, la date du d\u00e9c\u00e8s, les dates d\u2019\u00e9v\u00e9nments, etc.<br \/>\u2022 Envoi du lien du faire-part de d\u00e9c\u00e8s via le m\u00e9dia de votre choix : WhatsApp, courriel, PDF, Facebook, etc. (partage)<br \/>\u2022 Les proches peuvent pr\u00e9senter leurs condol\u00e9ances directement sur le faire-part de d\u00e9c\u00e8s<br \/>\u2022 Vous permettez \u00e0 vos proches d&rsquo;effectuer directement un don fun\u00e9raire en faveur de l&rsquo;oeuvre de bienfaisance<\/p>\n<p>[\/et_pb_text][\/et_pb_column][\/et_pb_row][\/et_pb_section]<\/p>\n","protected":false},"excerpt":{"rendered":"<p>Votre successionLa Fondation Patrimoine Mondial de l&rsquo;UNESCO Alpes Suisses Jungfrau-Aletsch (SAJA) s&rsquo;engage \u00e0 pr\u00e9server au mieux le Patrimoine Mondial de l&rsquo;UNESCO SAJA pour les g\u00e9n\u00e9rations futures. Plus elle dispose de moyens \u00e0 cet effet, plus elle peut prendre des mesures cibl\u00e9es et durables. En tant qu&rsquo;organisation \u00e0 but non lucratif, nous d\u00e9pendons de donations, de [&hellip;]<\/p>\n","protected":false},"author":1,"featured_media":0,"parent":7800,"menu_order":185,"comment_status":"closed","ping_status":"closed","template":"","meta":{"_et_pb_use_builder":"on","_et_pb_old_content":"","_et_gb_content_width":"","footnotes":""},"class_list":["post-7820","page","type-page","status-publish","hentry"],"yoast_head":"<!-- This site is optimized with the Yoast SEO plugin v27.1.1 - https:\/\/yoast.com\/product\/yoast-seo-wordpress\/ -->\n<title>Votre succession - UNESCO World Heritage Swiss Alps Jungfrau-Aletsch<\/title>\n<meta name=\"robots\" content=\"index, follow, max-snippet:-1, max-image-preview:large, max-video-preview:-1\" \/>\n<link rel=\"canonical\" href=\"https:\/\/jungfraualetsch.ch\/fr\/soutenir\/succession\/\" \/>\n<meta property=\"og:locale\" content=\"fr_FR\" \/>\n<meta property=\"og:type\" content=\"article\" \/>\n<meta property=\"og:title\" content=\"Votre succession - UNESCO World Heritage Swiss Alps Jungfrau-Aletsch\" \/>\n<meta property=\"og:description\" content=\"Votre successionLa Fondation Patrimoine Mondial de l&#039;UNESCO Alpes Suisses Jungfrau-Aletsch (SAJA) s&#039;engage \u00e0 pr\u00e9server au mieux le Patrimoine Mondial de l&#039;UNESCO SAJA pour les g\u00e9n\u00e9rations futures. Plus elle dispose de moyens \u00e0 cet effet, plus elle peut prendre des mesures cibl\u00e9es et durables. En tant qu&#039;organisation \u00e0 but non lucratif, nous d\u00e9pendons de donations, de [&hellip;]\" \/>\n<meta property=\"og:url\" content=\"https:\/\/jungfraualetsch.ch\/fr\/soutenir\/succession\/\" \/>\n<meta property=\"og:site_name\" content=\"UNESCO World Heritage Swiss Alps Jungfrau-Aletsch\" \/>\n<meta property=\"article:modified_time\" content=\"2022-06-01T10:30:31+00:00\" \/>\n<meta name=\"twitter:card\" content=\"summary_large_image\" \/>\n<meta name=\"twitter:label1\" content=\"Dur\u00e9e de lecture estim\u00e9e\" \/>\n\t<meta name=\"twitter:data1\" content=\"6 minutes\" \/>\n<script type=\"application\/ld+json\" class=\"yoast-schema-graph\">{\"@context\":\"https:\/\/schema.org\",\"@graph\":[{\"@type\":\"WebPage\",\"@id\":\"https:\/\/jungfraualetsch.ch\/fr\/soutenir\/succession\/\",\"url\":\"https:\/\/jungfraualetsch.ch\/fr\/soutenir\/succession\/\",\"name\":\"Votre succession - UNESCO World Heritage Swiss Alps Jungfrau-Aletsch\",\"isPartOf\":{\"@id\":\"https:\/\/jungfraualetsch.ch\/#website\"},\"datePublished\":\"2022-03-01T08:20:17+00:00\",\"dateModified\":\"2022-06-01T10:30:31+00:00\",\"breadcrumb\":{\"@id\":\"https:\/\/jungfraualetsch.ch\/fr\/soutenir\/succession\/#breadcrumb\"},\"inLanguage\":\"fr-FR\",\"potentialAction\":[{\"@type\":\"ReadAction\",\"target\":[\"https:\/\/jungfraualetsch.ch\/fr\/soutenir\/succession\/\"]}]},{\"@type\":\"BreadcrumbList\",\"@id\":\"https:\/\/jungfraualetsch.ch\/fr\/soutenir\/succession\/#breadcrumb\",\"itemListElement\":[{\"@type\":\"ListItem\",\"position\":1,\"name\":\"Startseite\",\"item\":\"https:\/\/jungfraualetsch.ch\/fr\/\"},{\"@type\":\"ListItem\",\"position\":2,\"name\":\"Soutenir\",\"item\":\"https:\/\/jungfraualetsch.ch\/fr\/soutenir\/\"},{\"@type\":\"ListItem\",\"position\":3,\"name\":\"Votre succession\"}]},{\"@type\":\"WebSite\",\"@id\":\"https:\/\/jungfraualetsch.ch\/#website\",\"url\":\"https:\/\/jungfraualetsch.ch\/\",\"name\":\"UNESCO World Heritage Swiss Alps Jungfrau-Aletsch\",\"description\":\"\",\"potentialAction\":[{\"@type\":\"SearchAction\",\"target\":{\"@type\":\"EntryPoint\",\"urlTemplate\":\"https:\/\/jungfraualetsch.ch\/?s={search_term_string}\"},\"query-input\":{\"@type\":\"PropertyValueSpecification\",\"valueRequired\":true,\"valueName\":\"search_term_string\"}}],\"inLanguage\":\"fr-FR\"}]}<\/script>\n<!-- \/ Yoast SEO plugin. -->","yoast_head_json":{"title":"Votre succession - UNESCO World Heritage Swiss Alps Jungfrau-Aletsch","robots":{"index":"index","follow":"follow","max-snippet":"max-snippet:-1","max-image-preview":"max-image-preview:large","max-video-preview":"max-video-preview:-1"},"canonical":"https:\/\/jungfraualetsch.ch\/fr\/soutenir\/succession\/","og_locale":"fr_FR","og_type":"article","og_title":"Votre succession - UNESCO World Heritage Swiss Alps Jungfrau-Aletsch","og_description":"Votre successionLa Fondation Patrimoine Mondial de l'UNESCO Alpes Suisses Jungfrau-Aletsch (SAJA) s'engage \u00e0 pr\u00e9server au mieux le Patrimoine Mondial de l'UNESCO SAJA pour les g\u00e9n\u00e9rations futures. Plus elle dispose de moyens \u00e0 cet effet, plus elle peut prendre des mesures cibl\u00e9es et durables. En tant qu'organisation \u00e0 but non lucratif, nous d\u00e9pendons de donations, de [&hellip;]","og_url":"https:\/\/jungfraualetsch.ch\/fr\/soutenir\/succession\/","og_site_name":"UNESCO World Heritage Swiss Alps Jungfrau-Aletsch","article_modified_time":"2022-06-01T10:30:31+00:00","twitter_card":"summary_large_image","twitter_misc":{"Dur\u00e9e de lecture estim\u00e9e":"6 minutes"},"schema":{"@context":"https:\/\/schema.org","@graph":[{"@type":"WebPage","@id":"https:\/\/jungfraualetsch.ch\/fr\/soutenir\/succession\/","url":"https:\/\/jungfraualetsch.ch\/fr\/soutenir\/succession\/","name":"Votre succession - UNESCO World Heritage Swiss Alps Jungfrau-Aletsch","isPartOf":{"@id":"https:\/\/jungfraualetsch.ch\/#website"},"datePublished":"2022-03-01T08:20:17+00:00","dateModified":"2022-06-01T10:30:31+00:00","breadcrumb":{"@id":"https:\/\/jungfraualetsch.ch\/fr\/soutenir\/succession\/#breadcrumb"},"inLanguage":"fr-FR","potentialAction":[{"@type":"ReadAction","target":["https:\/\/jungfraualetsch.ch\/fr\/soutenir\/succession\/"]}]},{"@type":"BreadcrumbList","@id":"https:\/\/jungfraualetsch.ch\/fr\/soutenir\/succession\/#breadcrumb","itemListElement":[{"@type":"ListItem","position":1,"name":"Startseite","item":"https:\/\/jungfraualetsch.ch\/fr\/"},{"@type":"ListItem","position":2,"name":"Soutenir","item":"https:\/\/jungfraualetsch.ch\/fr\/soutenir\/"},{"@type":"ListItem","position":3,"name":"Votre succession"}]},{"@type":"WebSite","@id":"https:\/\/jungfraualetsch.ch\/#website","url":"https:\/\/jungfraualetsch.ch\/","name":"UNESCO World Heritage Swiss Alps Jungfrau-Aletsch","description":"","potentialAction":[{"@type":"SearchAction","target":{"@type":"EntryPoint","urlTemplate":"https:\/\/jungfraualetsch.ch\/?s={search_term_string}"},"query-input":{"@type":"PropertyValueSpecification","valueRequired":true,"valueName":"search_term_string"}}],"inLanguage":"fr-FR"}]}},"_links":{"self":[{"href":"https:\/\/jungfraualetsch.ch\/fr\/wp-json\/wp\/v2\/pages\/7820","targetHints":{"allow":["GET"]}}],"collection":[{"href":"https:\/\/jungfraualetsch.ch\/fr\/wp-json\/wp\/v2\/pages"}],"about":[{"href":"https:\/\/jungfraualetsch.ch\/fr\/wp-json\/wp\/v2\/types\/page"}],"author":[{"embeddable":true,"href":"https:\/\/jungfraualetsch.ch\/fr\/wp-json\/wp\/v2\/users\/1"}],"replies":[{"embeddable":true,"href":"https:\/\/jungfraualetsch.ch\/fr\/wp-json\/wp\/v2\/comments?post=7820"}],"version-history":[{"count":9,"href":"https:\/\/jungfraualetsch.ch\/fr\/wp-json\/wp\/v2\/pages\/7820\/revisions"}],"predecessor-version":[{"id":8230,"href":"https:\/\/jungfraualetsch.ch\/fr\/wp-json\/wp\/v2\/pages\/7820\/revisions\/8230"}],"up":[{"embeddable":true,"href":"https:\/\/jungfraualetsch.ch\/fr\/wp-json\/wp\/v2\/pages\/7800"}],"wp:attachment":[{"href":"https:\/\/jungfraualetsch.ch\/fr\/wp-json\/wp\/v2\/media?parent=7820"}],"curies":[{"name":"wp","href":"https:\/\/api.w.org\/{rel}","templated":true}]}}