{"id":703,"date":"2021-03-01T17:44:22","date_gmt":"2021-03-01T17:44:22","guid":{"rendered":"https:\/\/jungfraualetsch.ch\/welterbe\/"},"modified":"2021-03-30T16:56:06","modified_gmt":"2021-03-30T16:56:06","slug":"patrimoine-mondial","status":"publish","type":"page","link":"https:\/\/jungfraualetsch.ch\/fr\/patrimoine-mondial\/","title":{"rendered":"Patrimoine Mondial"},"content":{"rendered":"<p>[et_pb_section fb_built=\u00a0\u00bb1&Prime; fullwidth=\u00a0\u00bbon\u00a0\u00bb _builder_version=\u00a0\u00bb4.9.1&Prime; _module_preset=\u00a0\u00bbdefault\u00a0\u00bb background_image=\u00a0\u00bbhttps:\/\/jungfraualetsch.ch\/wp-content\/uploads\/2021\/03\/header_01_welterbe_pat_A34A4209-scaled.jpg\u00a0\u00bb parallax=\u00a0\u00bbon\u00a0\u00bb bottom_divider_style=\u00a0\u00bbslant2&Prime; bottom_divider_color=\u00a0\u00bb#FFFFFF\u00a0\u00bb bottom_divider_flip=\u00a0\u00bbhorizontal\u00a0\u00bb bottom_divider_height_tablet=\u00a0\u00bb\u00a0\u00bb bottom_divider_height_phone=\u00a0\u00bb\u00a0\u00bb bottom_divider_height_last_edited=\u00a0\u00bbon|desktop\u00a0\u00bb custom_css_main_element=\u00a0\u00bbmin-height: 45vh;\u00a0\u00bb][\/et_pb_section][et_pb_section fb_built=\u00a0\u00bb1&Prime; _builder_version=\u00a0\u00bb4.9.1&Prime; _module_preset=\u00a0\u00bbdefault\u00a0\u00bb background_enable_color=\u00a0\u00bboff\u00a0\u00bb background_enable_image=\u00a0\u00bboff\u00a0\u00bb top_divider_flip=\u00a0\u00bbhorizontal\u00a0\u00bb][et_pb_row _builder_version=\u00a0\u00bb4.9.1&Prime; _module_preset=\u00a0\u00bbdefault\u00a0\u00bb][et_pb_column type=\u00a0\u00bb4_4&Prime; _builder_version=\u00a0\u00bb4.9.1&Prime; _module_preset=\u00a0\u00bbdefault\u00a0\u00bb][et_pb_text admin_label=\u00a0\u00bbTitel\u00a0\u00bb _builder_version=\u00a0\u00bb4.9.2&Prime; _module_preset=\u00a0\u00bbdefault\u00a0\u00bb]<\/p>\n<h1>Patrimoine Mondial<\/h1>\n<p>[\/et_pb_text][\/et_pb_column][\/et_pb_row][et_pb_row column_structure=\u00a0\u00bb3_4,1_4&Prime; _builder_version=\u00a0\u00bb4.9.1&Prime; _module_preset=\u00a0\u00bbdefault\u00a0\u00bb][et_pb_column type=\u00a0\u00bb3_4&Prime; _builder_version=\u00a0\u00bb4.9.1&Prime; _module_preset=\u00a0\u00bbdefault\u00a0\u00bb][et_pb_text _builder_version=\u00a0\u00bb4.9.2&Prime; _module_preset=\u00a0\u00bbdefault\u00a0\u00bb]<\/p>\n<p>Les Alpes suisses Jungfrau-Aletsch, class\u00e9es au patrimoine mondial de l\u2019UNESCO, sont consid\u00e9r\u00e9es comme l\u2019un des paysages de montagne les plus spectaculaires des Alpes, notamment gr\u00e2ce \u00e0 l\u2019impressionnante formation montagneuse alpine dont elles b\u00e9n\u00e9ficient. D\u2019une superficie totale de 824 km2, le site Jungfrau-Aletsch couvre la quasi-totalit\u00e9 des Hautes Alpes bernoises avec ses massifs rocheux monumentaux qui s\u2019\u00e9tendent sur le territoire des cantons de Berne et du Valais. Il repr\u00e9sente la merveilleuse beaut\u00e9 naturelle des Alpes. Le centre est form\u00e9 par le puissant massif rocheux de l\u2019Eiger, du M\u00f6nch et de la Jungfrau et le paysage glaciaire autour du grand glacier d\u2019Aletsch. Sur le versant sud du Bietschhorn, le paysage de haute montagne se transforme en une steppe rocheuse de type m\u00e9diterran\u00e9en de part ses diff\u00e9rents niveaux de v\u00e9g\u00e9tation. Cette diversit\u00e9 de paysages et d\u2019\u00e9cosyst\u00e8mes diff\u00e9rents se fond dans un tableau d\u2019ensemble d\u2019une beaut\u00e9 exceptionnelle. De plus, le site du patrimoine mondial r\u00e9pond \u00e0 trois des quatre <a href=\"https:\/\/jungfraualetsch.ch\/fr\/patrimoine-mondial\/site-du-patrimoine-mondial\/\">crit\u00e8res de l\u2019UNESCO<\/a> pour l\u2019inscription sur la Liste du patrimoine mondial, ce qui souligne davantage la valeur de ce paysage. Dans la <a href=\"https:\/\/jungfraualetsch.ch\/fr\/patrimoine-mondial\/charte\/\">Charte de la Konkordiaplatz,<\/a> les 23 communaut\u00e9s du patrimoine mondial d\u00e9clarent qu\u2019elles pr\u00e9serveront cette zone dans sa diversit\u00e9 esth\u00e9tique et son caract\u00e8re unique pour les g\u00e9n\u00e9rations futures.<\/p>\n<p>[\/et_pb_text][\/et_pb_column][et_pb_column type=\u00a0\u00bb1_4&Prime; _builder_version=\u00a0\u00bb4.9.1&Prime; _module_preset=\u00a0\u00bbdefault\u00a0\u00bb][\/et_pb_column][\/et_pb_row][et_pb_row _builder_version=\u00a0\u00bb4.9.1&Prime; _module_preset=\u00a0\u00bbdefault\u00a0\u00bb][et_pb_column type=\u00a0\u00bb4_4&Prime; _builder_version=\u00a0\u00bb4.9.1&Prime; _module_preset=\u00a0\u00bbdefault\u00a0\u00bb][et_pb_video src=\u00a0\u00bbhttps:\/\/www.youtube.com\/watch?v=msBNRoq18nk&#038;t=1s\u00a0\u00bb _builder_version=\u00a0\u00bb4.9.2&Prime; _module_preset=\u00a0\u00bbdefault\u00a0\u00bb][\/et_pb_video][\/et_pb_column][\/et_pb_row][\/et_pb_section]<\/p>\n","protected":false},"excerpt":{"rendered":"<p>Patrimoine MondialLes Alpes suisses Jungfrau-Aletsch, class\u00e9es au patrimoine mondial de l\u2019UNESCO, sont consid\u00e9r\u00e9es comme l\u2019un des paysages de montagne les plus spectaculaires des Alpes, notamment gr\u00e2ce \u00e0 l\u2019impressionnante formation montagneuse alpine dont elles b\u00e9n\u00e9ficient. D\u2019une superficie totale de 824 km2, le site Jungfrau-Aletsch couvre la quasi-totalit\u00e9 des Hautes Alpes bernoises avec ses massifs rocheux monumentaux [&hellip;]<\/p>\n","protected":false},"author":1,"featured_media":744,"parent":0,"menu_order":211,"comment_status":"closed","ping_status":"closed","template":"","meta":{"_et_pb_use_builder":"on","_et_pb_old_content":"","_et_gb_content_width":"","footnotes":""},"class_list":["post-703","page","type-page","status-publish","has-post-thumbnail","hentry"],"yoast_head":"<!-- This site is optimized with the Yoast SEO plugin v27.1.1 - https:\/\/yoast.com\/product\/yoast-seo-wordpress\/ -->\n<title>Patrimoine Mondial - UNESCO World Heritage Swiss Alps Jungfrau-Aletsch<\/title>\n<meta name=\"robots\" content=\"index, follow, max-snippet:-1, max-image-preview:large, max-video-preview:-1\" \/>\n<link rel=\"canonical\" href=\"https:\/\/jungfraualetsch.ch\/fr\/patrimoine-mondial\/\" \/>\n<meta property=\"og:locale\" content=\"fr_FR\" \/>\n<meta property=\"og:type\" content=\"article\" \/>\n<meta property=\"og:title\" content=\"Patrimoine Mondial - UNESCO World Heritage Swiss Alps Jungfrau-Aletsch\" \/>\n<meta property=\"og:description\" content=\"Patrimoine MondialLes Alpes suisses Jungfrau-Aletsch, class\u00e9es au patrimoine mondial de l\u2019UNESCO, sont consid\u00e9r\u00e9es comme l\u2019un des paysages de montagne les plus spectaculaires des Alpes, notamment gr\u00e2ce \u00e0 l\u2019impressionnante formation montagneuse alpine dont elles b\u00e9n\u00e9ficient. D\u2019une superficie totale de 824 km2, le site Jungfrau-Aletsch couvre la quasi-totalit\u00e9 des Hautes Alpes bernoises avec ses massifs rocheux monumentaux [&hellip;]\" \/>\n<meta property=\"og:url\" content=\"https:\/\/jungfraualetsch.ch\/fr\/patrimoine-mondial\/\" \/>\n<meta property=\"og:site_name\" content=\"UNESCO World Heritage Swiss Alps Jungfrau-Aletsch\" \/>\n<meta property=\"article:modified_time\" content=\"2021-03-30T16:56:06+00:00\" \/>\n<meta property=\"og:image\" content=\"https:\/\/jungfraualetsch.ch\/wp-content\/uploads\/2021\/03\/unesco_welterbe_jungfrau_aletsch_header_1_Welterbe.jpg\" \/>\n\t<meta property=\"og:image:width\" content=\"2000\" \/>\n\t<meta property=\"og:image:height\" content=\"550\" \/>\n\t<meta property=\"og:image:type\" content=\"image\/jpeg\" \/>\n<meta name=\"twitter:card\" content=\"summary_large_image\" \/>\n<meta name=\"twitter:label1\" content=\"Dur\u00e9e de lecture estim\u00e9e\" \/>\n\t<meta name=\"twitter:data1\" content=\"2 minutes\" \/>\n<script type=\"application\/ld+json\" class=\"yoast-schema-graph\">{\"@context\":\"https:\/\/schema.org\",\"@graph\":[{\"@type\":\"WebPage\",\"@id\":\"https:\/\/jungfraualetsch.ch\/fr\/patrimoine-mondial\/\",\"url\":\"https:\/\/jungfraualetsch.ch\/fr\/patrimoine-mondial\/\",\"name\":\"Patrimoine Mondial - UNESCO World Heritage Swiss Alps Jungfrau-Aletsch\",\"isPartOf\":{\"@id\":\"https:\/\/jungfraualetsch.ch\/#website\"},\"primaryImageOfPage\":{\"@id\":\"https:\/\/jungfraualetsch.ch\/fr\/patrimoine-mondial\/#primaryimage\"},\"image\":{\"@id\":\"https:\/\/jungfraualetsch.ch\/fr\/patrimoine-mondial\/#primaryimage\"},\"thumbnailUrl\":\"https:\/\/jungfraualetsch.ch\/wp-content\/uploads\/2021\/03\/unesco_welterbe_jungfrau_aletsch_header_1_Welterbe.jpg\",\"datePublished\":\"2021-03-01T17:44:22+00:00\",\"dateModified\":\"2021-03-30T16:56:06+00:00\",\"breadcrumb\":{\"@id\":\"https:\/\/jungfraualetsch.ch\/fr\/patrimoine-mondial\/#breadcrumb\"},\"inLanguage\":\"fr-FR\",\"potentialAction\":[{\"@type\":\"ReadAction\",\"target\":[\"https:\/\/jungfraualetsch.ch\/fr\/patrimoine-mondial\/\"]}]},{\"@type\":\"ImageObject\",\"inLanguage\":\"fr-FR\",\"@id\":\"https:\/\/jungfraualetsch.ch\/fr\/patrimoine-mondial\/#primaryimage\",\"url\":\"https:\/\/jungfraualetsch.ch\/wp-content\/uploads\/2021\/03\/unesco_welterbe_jungfrau_aletsch_header_1_Welterbe.jpg\",\"contentUrl\":\"https:\/\/jungfraualetsch.ch\/wp-content\/uploads\/2021\/03\/unesco_welterbe_jungfrau_aletsch_header_1_Welterbe.jpg\",\"width\":2000,\"height\":550,\"caption\":\"Der Grosse Aletschgletscher erstreckt sich \u00fcber 23km vom Jungfraujoch bis hinunter zum Aletschwald.\"},{\"@type\":\"BreadcrumbList\",\"@id\":\"https:\/\/jungfraualetsch.ch\/fr\/patrimoine-mondial\/#breadcrumb\",\"itemListElement\":[{\"@type\":\"ListItem\",\"position\":1,\"name\":\"Startseite\",\"item\":\"https:\/\/jungfraualetsch.ch\/fr\/\"},{\"@type\":\"ListItem\",\"position\":2,\"name\":\"Patrimoine Mondial\"}]},{\"@type\":\"WebSite\",\"@id\":\"https:\/\/jungfraualetsch.ch\/#website\",\"url\":\"https:\/\/jungfraualetsch.ch\/\",\"name\":\"UNESCO World Heritage Swiss Alps Jungfrau-Aletsch\",\"description\":\"\",\"potentialAction\":[{\"@type\":\"SearchAction\",\"target\":{\"@type\":\"EntryPoint\",\"urlTemplate\":\"https:\/\/jungfraualetsch.ch\/?s={search_term_string}\"},\"query-input\":{\"@type\":\"PropertyValueSpecification\",\"valueRequired\":true,\"valueName\":\"search_term_string\"}}],\"inLanguage\":\"fr-FR\"}]}<\/script>\n<!-- \/ Yoast SEO plugin. -->","yoast_head_json":{"title":"Patrimoine Mondial - UNESCO World Heritage Swiss Alps Jungfrau-Aletsch","robots":{"index":"index","follow":"follow","max-snippet":"max-snippet:-1","max-image-preview":"max-image-preview:large","max-video-preview":"max-video-preview:-1"},"canonical":"https:\/\/jungfraualetsch.ch\/fr\/patrimoine-mondial\/","og_locale":"fr_FR","og_type":"article","og_title":"Patrimoine Mondial - UNESCO World Heritage Swiss Alps Jungfrau-Aletsch","og_description":"Patrimoine MondialLes Alpes suisses Jungfrau-Aletsch, class\u00e9es au patrimoine mondial de l\u2019UNESCO, sont consid\u00e9r\u00e9es comme l\u2019un des paysages de montagne les plus spectaculaires des Alpes, notamment gr\u00e2ce \u00e0 l\u2019impressionnante formation montagneuse alpine dont elles b\u00e9n\u00e9ficient. D\u2019une superficie totale de 824 km2, le site Jungfrau-Aletsch couvre la quasi-totalit\u00e9 des Hautes Alpes bernoises avec ses massifs rocheux monumentaux [&hellip;]","og_url":"https:\/\/jungfraualetsch.ch\/fr\/patrimoine-mondial\/","og_site_name":"UNESCO World Heritage Swiss Alps Jungfrau-Aletsch","article_modified_time":"2021-03-30T16:56:06+00:00","og_image":[{"width":2000,"height":550,"url":"https:\/\/jungfraualetsch.ch\/wp-content\/uploads\/2021\/03\/unesco_welterbe_jungfrau_aletsch_header_1_Welterbe.jpg","type":"image\/jpeg"}],"twitter_card":"summary_large_image","twitter_misc":{"Dur\u00e9e de lecture estim\u00e9e":"2 minutes"},"schema":{"@context":"https:\/\/schema.org","@graph":[{"@type":"WebPage","@id":"https:\/\/jungfraualetsch.ch\/fr\/patrimoine-mondial\/","url":"https:\/\/jungfraualetsch.ch\/fr\/patrimoine-mondial\/","name":"Patrimoine Mondial - UNESCO World Heritage Swiss Alps Jungfrau-Aletsch","isPartOf":{"@id":"https:\/\/jungfraualetsch.ch\/#website"},"primaryImageOfPage":{"@id":"https:\/\/jungfraualetsch.ch\/fr\/patrimoine-mondial\/#primaryimage"},"image":{"@id":"https:\/\/jungfraualetsch.ch\/fr\/patrimoine-mondial\/#primaryimage"},"thumbnailUrl":"https:\/\/jungfraualetsch.ch\/wp-content\/uploads\/2021\/03\/unesco_welterbe_jungfrau_aletsch_header_1_Welterbe.jpg","datePublished":"2021-03-01T17:44:22+00:00","dateModified":"2021-03-30T16:56:06+00:00","breadcrumb":{"@id":"https:\/\/jungfraualetsch.ch\/fr\/patrimoine-mondial\/#breadcrumb"},"inLanguage":"fr-FR","potentialAction":[{"@type":"ReadAction","target":["https:\/\/jungfraualetsch.ch\/fr\/patrimoine-mondial\/"]}]},{"@type":"ImageObject","inLanguage":"fr-FR","@id":"https:\/\/jungfraualetsch.ch\/fr\/patrimoine-mondial\/#primaryimage","url":"https:\/\/jungfraualetsch.ch\/wp-content\/uploads\/2021\/03\/unesco_welterbe_jungfrau_aletsch_header_1_Welterbe.jpg","contentUrl":"https:\/\/jungfraualetsch.ch\/wp-content\/uploads\/2021\/03\/unesco_welterbe_jungfrau_aletsch_header_1_Welterbe.jpg","width":2000,"height":550,"caption":"Der Grosse Aletschgletscher erstreckt sich \u00fcber 23km vom Jungfraujoch bis hinunter zum Aletschwald."},{"@type":"BreadcrumbList","@id":"https:\/\/jungfraualetsch.ch\/fr\/patrimoine-mondial\/#breadcrumb","itemListElement":[{"@type":"ListItem","position":1,"name":"Startseite","item":"https:\/\/jungfraualetsch.ch\/fr\/"},{"@type":"ListItem","position":2,"name":"Patrimoine Mondial"}]},{"@type":"WebSite","@id":"https:\/\/jungfraualetsch.ch\/#website","url":"https:\/\/jungfraualetsch.ch\/","name":"UNESCO World Heritage Swiss Alps Jungfrau-Aletsch","description":"","potentialAction":[{"@type":"SearchAction","target":{"@type":"EntryPoint","urlTemplate":"https:\/\/jungfraualetsch.ch\/?s={search_term_string}"},"query-input":{"@type":"PropertyValueSpecification","valueRequired":true,"valueName":"search_term_string"}}],"inLanguage":"fr-FR"}]}},"_links":{"self":[{"href":"https:\/\/jungfraualetsch.ch\/fr\/wp-json\/wp\/v2\/pages\/703","targetHints":{"allow":["GET"]}}],"collection":[{"href":"https:\/\/jungfraualetsch.ch\/fr\/wp-json\/wp\/v2\/pages"}],"about":[{"href":"https:\/\/jungfraualetsch.ch\/fr\/wp-json\/wp\/v2\/types\/page"}],"author":[{"embeddable":true,"href":"https:\/\/jungfraualetsch.ch\/fr\/wp-json\/wp\/v2\/users\/1"}],"replies":[{"embeddable":true,"href":"https:\/\/jungfraualetsch.ch\/fr\/wp-json\/wp\/v2\/comments?post=703"}],"version-history":[{"count":6,"href":"https:\/\/jungfraualetsch.ch\/fr\/wp-json\/wp\/v2\/pages\/703\/revisions"}],"predecessor-version":[{"id":5173,"href":"https:\/\/jungfraualetsch.ch\/fr\/wp-json\/wp\/v2\/pages\/703\/revisions\/5173"}],"wp:featuredmedia":[{"embeddable":true,"href":"https:\/\/jungfraualetsch.ch\/fr\/wp-json\/wp\/v2\/media\/744"}],"wp:attachment":[{"href":"https:\/\/jungfraualetsch.ch\/fr\/wp-json\/wp\/v2\/media?parent=703"}],"curies":[{"name":"wp","href":"https:\/\/api.w.org\/{rel}","templated":true}]}}