{"id":5019,"date":"2021-03-04T19:46:57","date_gmt":"2021-03-04T19:46:57","guid":{"rendered":"https:\/\/jungfraualetsch.ch\/erhalten-und-aufwerten\/"},"modified":"2026-01-19T16:09:16","modified_gmt":"2026-01-19T16:09:16","slug":"preserver-et-valoriser","status":"publish","type":"page","link":"https:\/\/jungfraualetsch.ch\/fr\/preserver-et-valoriser\/","title":{"rendered":"Pr\u00e9server et valoriser"},"content":{"rendered":"<p>[et_pb_section fb_built=\u00a0\u00bb1&Prime; fullwidth=\u00a0\u00bbon\u00a0\u00bb _builder_version=\u00a0\u00bb4.16&Prime; _module_preset=\u00a0\u00bbdefault\u00a0\u00bb background_image=\u00a0\u00bbhttps:\/\/jungfraualetsch.ch\/wp-content\/uploads\/2021\/03\/header_03_welterbe_pat_IMG_0916-scaled.jpg\u00a0\u00bb parallax=\u00a0\u00bbon\u00a0\u00bb bottom_divider_style=\u00a0\u00bbslant2&Prime; bottom_divider_color=\u00a0\u00bb#FFFFFF\u00a0\u00bb bottom_divider_flip=\u00a0\u00bbhorizontal\u00a0\u00bb bottom_divider_height_tablet=\u00a0\u00bb\u00a0\u00bb bottom_divider_height_phone=\u00a0\u00bb\u00a0\u00bb bottom_divider_height_last_edited=\u00a0\u00bbon|desktop\u00a0\u00bb custom_css_main_element=\u00a0\u00bbmin-height: 45vh;\u00a0\u00bb global_colors_info=\u00a0\u00bb{}\u00a0\u00bb][\/et_pb_section][et_pb_section fb_built=\u00a0\u00bb1&Prime; _builder_version=\u00a0\u00bb4.16&Prime; _module_preset=\u00a0\u00bbdefault\u00a0\u00bb background_enable_color=\u00a0\u00bboff\u00a0\u00bb background_enable_image=\u00a0\u00bboff\u00a0\u00bb top_divider_flip=\u00a0\u00bbhorizontal\u00a0\u00bb global_colors_info=\u00a0\u00bb{}\u00a0\u00bb][et_pb_row _builder_version=\u00a0\u00bb4.16&Prime; _module_preset=\u00a0\u00bbdefault\u00a0\u00bb global_colors_info=\u00a0\u00bb{}\u00a0\u00bb][et_pb_column type=\u00a0\u00bb4_4&Prime; _builder_version=\u00a0\u00bb4.16&Prime; _module_preset=\u00a0\u00bbdefault\u00a0\u00bb global_colors_info=\u00a0\u00bb{}\u00a0\u00bb][et_pb_text admin_label=\u00a0\u00bbTitel\u00a0\u00bb _builder_version=\u00a0\u00bb4.27.5&Prime; _module_preset=\u00a0\u00bbdefault\u00a0\u00bb global_colors_info=\u00a0\u00bb{}\u00a0\u00bb]<\/p>\n<h1>Pr\u00e9server et valoriser <\/h1>\n<p>[\/et_pb_text][\/et_pb_column][\/et_pb_row][et_pb_row column_structure=\u00a0\u00bb1_4,1_4,1_4,1_4&Prime; module_class=\u00a0\u00bbwrap\u00a0\u00bb _builder_version=\u00a0\u00bb4.16&Prime; _module_preset=\u00a0\u00bbdefault\u00a0\u00bb global_colors_info=\u00a0\u00bb{}\u00a0\u00bb][et_pb_column type=\u00a0\u00bb1_4&Prime; _builder_version=\u00a0\u00bb4.16&Prime; _module_preset=\u00a0\u00bbdefault\u00a0\u00bb global_colors_info=\u00a0\u00bb{}\u00a0\u00bb][et_pb_image src=\u00a0\u00bbhttps:\/\/jungfraualetsch.ch\/wp-content\/uploads\/2021\/11\/Bild03.jpg\u00a0\u00bb title_text=\u00a0\u00bbBild03&Prime; _builder_version=\u00a0\u00bb4.16&Prime; _module_preset=\u00a0\u00bbdefault\u00a0\u00bb global_colors_info=\u00a0\u00bb{}\u00a0\u00bb][\/et_pb_image][et_pb_button button_url=\u00a0\u00bb@ET-DC@eyJkeW5hbWljIjp0cnVlLCJjb250ZW50IjoicG9zdF9saW5rX3VybF9wYWdlIiwic2V0dGluZ3MiOnsicG9zdF9pZCI6IjE1OTEifX0=@\u00a0\u00bb button_text=\u00a0\u00bbPaysages naturels et culturels\u00a0\u00bb admin_label=\u00a0\u00bbPaysages naturels et culturels\u00a0\u00bb _builder_version=\u00a0\u00bb4.27.4&Prime; _dynamic_attributes=\u00a0\u00bbbutton_url\u00a0\u00bb _module_preset=\u00a0\u00bbdefault\u00a0\u00bb global_colors_info=\u00a0\u00bb{}\u00a0\u00bb][\/et_pb_button][\/et_pb_column][et_pb_column type=\u00a0\u00bb1_4&Prime; _builder_version=\u00a0\u00bb4.16&Prime; _module_preset=\u00a0\u00bbdefault\u00a0\u00bb global_colors_info=\u00a0\u00bb{}\u00a0\u00bb][et_pb_image src=\u00a0\u00bbhttps:\/\/jungfraualetsch.ch\/wp-content\/uploads\/2021\/11\/Trockenmauer-SAJA-1150847-Kopie-scaled.jpg\u00a0\u00bb title_text=\u00a0\u00bbTrockenmauer-SAJA-1150847 Kopie\u00a0\u00bb _builder_version=\u00a0\u00bb4.16&Prime; _module_preset=\u00a0\u00bbdefault\u00a0\u00bb global_colors_info=\u00a0\u00bb{}\u00a0\u00bb][\/et_pb_image][et_pb_button button_url=\u00a0\u00bb@ET-DC@eyJkeW5hbWljIjp0cnVlLCJjb250ZW50IjoicG9zdF9saW5rX3VybF9wYWdlIiwic2V0dGluZ3MiOnsicG9zdF9pZCI6IjE0NzYifX0=@\u00a0\u00bb button_text=\u00a0\u00bbProjets de promotion \u00a0\u00bb admin_label=\u00a0\u00bbProjets de promotion \u00a0\u00bb _builder_version=\u00a0\u00bb4.27.4&Prime; _dynamic_attributes=\u00a0\u00bbbutton_url\u00a0\u00bb _module_preset=\u00a0\u00bbdefault\u00a0\u00bb global_colors_info=\u00a0\u00bb{}\u00a0\u00bb][\/et_pb_button][\/et_pb_column][et_pb_column type=\u00a0\u00bb1_4&Prime; _builder_version=\u00a0\u00bb4.16&Prime; _module_preset=\u00a0\u00bbdefault\u00a0\u00bb global_colors_info=\u00a0\u00bb{}\u00a0\u00bb][et_pb_image src=\u00a0\u00bbhttps:\/\/jungfraualetsch.ch\/wp-content\/uploads\/2021\/11\/hugijanosch_Gym-Thun_Kiental-1140856-Kopie-scaled.jpg\u00a0\u00bb title_text=\u00a0\u00bbhugijanosch_Gym-Thun_Kiental-1140856 Kopie\u00a0\u00bb _builder_version=\u00a0\u00bb4.16&Prime; _module_preset=\u00a0\u00bbdefault\u00a0\u00bb global_colors_info=\u00a0\u00bb{}\u00a0\u00bb][\/et_pb_image][et_pb_button button_url=\u00a0\u00bb@ET-DC@eyJkeW5hbWljIjp0cnVlLCJjb250ZW50IjoicG9zdF9saW5rX3VybF9wYWdlIiwic2V0dGluZ3MiOnsicG9zdF9pZCI6IjE1ODEifX0=@\u00a0\u00bb button_text=\u00a0\u00bbInterventions d\u2019entretien du paysage\u00a0\u00bb admin_label=\u00a0\u00bbInterventions d\u2019entretien du paysage\u00a0\u00bb _builder_version=\u00a0\u00bb4.27.4&Prime; _dynamic_attributes=\u00a0\u00bbbutton_url\u00a0\u00bb _module_preset=\u00a0\u00bbdefault\u00a0\u00bb global_colors_info=\u00a0\u00bb{}\u00a0\u00bb][\/et_pb_button][\/et_pb_column][et_pb_column type=\u00a0\u00bb1_4&Prime; _builder_version=\u00a0\u00bb4.16&Prime; _module_preset=\u00a0\u00bbdefault\u00a0\u00bb global_colors_info=\u00a0\u00bb{}\u00a0\u00bb][et_pb_image src=\u00a0\u00bbhttps:\/\/jungfraualetsch.ch\/wp-content\/uploads\/2021\/11\/Welterbe-Kristall_Montage-scaled.jpg\u00a0\u00bb title_text=\u00a0\u00bbWelterbe-Kristall_Montage\u00a0\u00bb _builder_version=\u00a0\u00bb4.16&Prime; _module_preset=\u00a0\u00bbdefault\u00a0\u00bb global_colors_info=\u00a0\u00bb{}\u00a0\u00bb][\/et_pb_image][et_pb_button button_url=\u00a0\u00bb@ET-DC@eyJkeW5hbWljIjp0cnVlLCJjb250ZW50IjoicG9zdF9saW5rX3VybF9wYWdlIiwic2V0dGluZ3MiOnsicG9zdF9pZCI6IjE2OTEifX0=@\u00a0\u00bb button_text=\u00a0\u00bbCristal du patrimoine mondial \u00a0\u00bb admin_label=\u00a0\u00bbCristal du patrimoine mondial \u00a0\u00bb _builder_version=\u00a0\u00bb4.27.4&Prime; _dynamic_attributes=\u00a0\u00bbbutton_url\u00a0\u00bb _module_preset=\u00a0\u00bbdefault\u00a0\u00bb global_colors_info=\u00a0\u00bb{}\u00a0\u00bb][\/et_pb_button][\/et_pb_column][\/et_pb_row][et_pb_row column_structure=\u00a0\u00bb1_4,1_4,1_4,1_4&Prime; module_class=\u00a0\u00bbwrap\u00a0\u00bb _builder_version=\u00a0\u00bb4.16&Prime; _module_preset=\u00a0\u00bbdefault\u00a0\u00bb global_colors_info=\u00a0\u00bb{}\u00a0\u00bb][et_pb_column type=\u00a0\u00bb1_4&Prime; _builder_version=\u00a0\u00bb4.16&Prime; _module_preset=\u00a0\u00bbdefault\u00a0\u00bb global_colors_info=\u00a0\u00bb{}\u00a0\u00bb][et_pb_image src=\u00a0\u00bbhttps:\/\/jungfraualetsch.ch\/wp-content\/uploads\/2021\/11\/Niwaerch-1.jpg\u00a0\u00bb title_text=\u00a0\u00bbNiw\u00e4rch\u00a0\u00bb _builder_version=\u00a0\u00bb4.27.5&Prime; _module_preset=\u00a0\u00bbdefault\u00a0\u00bb hover_enabled=\u00a0\u00bb0&Prime; global_colors_info=\u00a0\u00bb{}\u00a0\u00bb sticky_enabled=\u00a0\u00bb0&Prime;][\/et_pb_image][et_pb_button button_url=\u00a0\u00bb@ET-DC@eyJkeW5hbWljIjp0cnVlLCJjb250ZW50IjoicG9zdF9saW5rX3VybF9wYWdlIiwic2V0dGluZ3MiOnsicG9zdF9pZCI6IjIzMTgifX0=@\u00a0\u00bb button_text=\u00a0\u00bbGmeiw\u00e4rch dans le patrimoine mondial \u00a0\u00bb admin_label=\u00a0\u00bbGmeiw\u00e4rch dans le patrimoine mondial \u00a0\u00bb _builder_version=\u00a0\u00bb4.27.4&Prime; _dynamic_attributes=\u00a0\u00bbbutton_url\u00a0\u00bb _module_preset=\u00a0\u00bbdefault\u00a0\u00bb global_colors_info=\u00a0\u00bb{}\u00a0\u00bb][\/et_pb_button][\/et_pb_column][et_pb_column type=\u00a0\u00bb1_4&Prime; _builder_version=\u00a0\u00bb4.16&Prime; _module_preset=\u00a0\u00bbdefault\u00a0\u00bb global_colors_info=\u00a0\u00bb{}\u00a0\u00bb][et_pb_image src=\u00a0\u00bbhttps:\/\/jungfraualetsch.ch\/wp-content\/uploads\/2021\/11\/Be-part-of-the-mountain_2018_Alpenwoche_4_JH-Kopie-scaled.jpg\u00a0\u00bb title_text=\u00a0\u00bbBe part of the mountain_2018_Alpenwoche_4_JH Kopie\u00a0\u00bb _builder_version=\u00a0\u00bb4.16&Prime; _module_preset=\u00a0\u00bbdefault\u00a0\u00bb global_colors_info=\u00a0\u00bb{}\u00a0\u00bb][\/et_pb_image][et_pb_button button_url=\u00a0\u00bb@ET-DC@eyJkeW5hbWljIjp0cnVlLCJjb250ZW50IjoicG9zdF9saW5rX3VybF9wYWdlIiwic2V0dGluZ3MiOnsicG9zdF9pZCI6IjI0ODUifX0=@\u00a0\u00bb button_text=\u00a0\u00bbBe part of the mountain\u00a0\u00bb admin_label=\u00a0\u00bbBe part of the mountain\u00a0\u00bb _builder_version=\u00a0\u00bb4.16&Prime; _dynamic_attributes=\u00a0\u00bbbutton_url\u00a0\u00bb _module_preset=\u00a0\u00bbdefault\u00a0\u00bb global_colors_info=\u00a0\u00bb{}\u00a0\u00bb][\/et_pb_button][\/et_pb_column][et_pb_column type=\u00a0\u00bb1_4&Prime; _builder_version=\u00a0\u00bb4.16&Prime; _module_preset=\u00a0\u00bbdefault\u00a0\u00bb global_colors_info=\u00a0\u00bb{}\u00a0\u00bb][\/et_pb_column][et_pb_column type=\u00a0\u00bb1_4&Prime; _builder_version=\u00a0\u00bb4.16&Prime; _module_preset=\u00a0\u00bbdefault\u00a0\u00bb global_colors_info=\u00a0\u00bb{}\u00a0\u00bb][\/et_pb_column][\/et_pb_row][et_pb_row column_structure=\u00a0\u00bb3_4,1_4&Prime; _builder_version=\u00a0\u00bb4.16&Prime; _module_preset=\u00a0\u00bbdefault\u00a0\u00bb global_colors_info=\u00a0\u00bb{}\u00a0\u00bb][et_pb_column type=\u00a0\u00bb3_4&Prime; _builder_version=\u00a0\u00bb4.16&Prime; _module_preset=\u00a0\u00bbdefault\u00a0\u00bb global_colors_info=\u00a0\u00bb{}\u00a0\u00bb][et_pb_text _builder_version=\u00a0\u00bb4.27.4&Prime; _module_preset=\u00a0\u00bbdefault\u00a0\u00bb global_colors_info=\u00a0\u00bb{}\u00a0\u00bb]<\/p>\n<p>La Fondation Patrimoine mondial de l\u2019UNESCO Alpes suisses Jungfrau-Aletsch (SAJA) s\u2019engage \u00e0 pr\u00e9server et \u00e0 mettre en valeur le caract\u00e8re universel exceptionnel du site du patrimoine mondial et de sa r\u00e9gion. Elle accorde une importance particuli\u00e8re \u00e0 la diversit\u00e9 des milieux alpins et subalpins ainsi qu\u2019\u00e0 la richesse de la faune et de la flore.<\/p>\n<p>En collaboration \u00e9troite avec des sp\u00e9cialistes de la r\u00e9gion, la fondation d\u00e9finit les esp\u00e8ces et les milieux naturels n\u00e9cessitant un soutien prioritaire.<\/p>\n<p>Les mesures de protection et de valorisation sont mises en oeuvre lors de semaines de travail avec des classes scolaires, dans le cadre de services civiles ou avec l\u2019aide de b\u00e9n\u00e9voles, notamment lors du \u201eWelterbe Gmeiw\u00e4rch\u201c.<\/p>\n<p>[\/et_pb_text][\/et_pb_column][et_pb_column type=\u00a0\u00bb1_4&Prime; _builder_version=\u00a0\u00bb4.16&Prime; _module_preset=\u00a0\u00bbdefault\u00a0\u00bb global_colors_info=\u00a0\u00bb{}\u00a0\u00bb][\/et_pb_column][\/et_pb_row][\/et_pb_section]<\/p>\n","protected":false},"excerpt":{"rendered":"<p>Pr\u00e9server et valoriser La Fondation Patrimoine mondial de l\u2019UNESCO Alpes suisses Jungfrau-Aletsch (SAJA) s\u2019engage \u00e0 pr\u00e9server et \u00e0 mettre en valeur le caract\u00e8re universel exceptionnel du site du patrimoine mondial et de sa r\u00e9gion. Elle accorde une importance particuli\u00e8re \u00e0 la diversit\u00e9 des milieux alpins et subalpins ainsi qu\u2019\u00e0 la richesse de la faune et [&hellip;]<\/p>\n","protected":false},"author":1,"featured_media":3911,"parent":0,"menu_order":201,"comment_status":"closed","ping_status":"closed","template":"","meta":{"_et_pb_use_builder":"on","_et_pb_old_content":"","_et_gb_content_width":"","footnotes":""},"class_list":["post-5019","page","type-page","status-publish","has-post-thumbnail","hentry"],"yoast_head":"<!-- This site is optimized with the Yoast SEO plugin v27.1.1 - https:\/\/yoast.com\/product\/yoast-seo-wordpress\/ -->\n<title>Pr\u00e9server et valoriser - UNESCO World Heritage Swiss Alps Jungfrau-Aletsch<\/title>\n<meta name=\"robots\" content=\"index, follow, max-snippet:-1, max-image-preview:large, max-video-preview:-1\" \/>\n<link rel=\"canonical\" href=\"https:\/\/jungfraualetsch.ch\/fr\/preserver-et-valoriser\/\" \/>\n<meta property=\"og:locale\" content=\"fr_FR\" \/>\n<meta property=\"og:type\" content=\"article\" \/>\n<meta property=\"og:title\" content=\"Pr\u00e9server et valoriser - UNESCO World Heritage Swiss Alps Jungfrau-Aletsch\" \/>\n<meta property=\"og:description\" content=\"Pr\u00e9server et valoriser La Fondation Patrimoine mondial de l\u2019UNESCO Alpes suisses Jungfrau-Aletsch (SAJA) s\u2019engage \u00e0 pr\u00e9server et \u00e0 mettre en valeur le caract\u00e8re universel exceptionnel du site du patrimoine mondial et de sa r\u00e9gion. Elle accorde une importance particuli\u00e8re \u00e0 la diversit\u00e9 des milieux alpins et subalpins ainsi qu\u2019\u00e0 la richesse de la faune et [&hellip;]\" \/>\n<meta property=\"og:url\" content=\"https:\/\/jungfraualetsch.ch\/fr\/preserver-et-valoriser\/\" \/>\n<meta property=\"og:site_name\" content=\"UNESCO World Heritage Swiss Alps Jungfrau-Aletsch\" \/>\n<meta property=\"article:modified_time\" content=\"2026-01-19T16:09:16+00:00\" \/>\n<meta property=\"og:image\" content=\"https:\/\/jungfraualetsch.ch\/wp-content\/uploads\/2021\/03\/TK-Rudolphis-Trompetenmoos-1920x1364-1.jpg\" \/>\n\t<meta property=\"og:image:width\" content=\"1200\" \/>\n\t<meta property=\"og:image:height\" content=\"800\" \/>\n\t<meta property=\"og:image:type\" content=\"image\/jpeg\" \/>\n<meta name=\"twitter:card\" content=\"summary_large_image\" \/>\n<meta name=\"twitter:label1\" content=\"Dur\u00e9e de lecture estim\u00e9e\" \/>\n\t<meta name=\"twitter:data1\" content=\"3 minutes\" \/>\n<script type=\"application\/ld+json\" class=\"yoast-schema-graph\">{\"@context\":\"https:\/\/schema.org\",\"@graph\":[{\"@type\":\"WebPage\",\"@id\":\"https:\/\/jungfraualetsch.ch\/fr\/preserver-et-valoriser\/\",\"url\":\"https:\/\/jungfraualetsch.ch\/fr\/preserver-et-valoriser\/\",\"name\":\"Pr\u00e9server et valoriser - UNESCO World Heritage Swiss Alps Jungfrau-Aletsch\",\"isPartOf\":{\"@id\":\"https:\/\/jungfraualetsch.ch\/#website\"},\"primaryImageOfPage\":{\"@id\":\"https:\/\/jungfraualetsch.ch\/fr\/preserver-et-valoriser\/#primaryimage\"},\"image\":{\"@id\":\"https:\/\/jungfraualetsch.ch\/fr\/preserver-et-valoriser\/#primaryimage\"},\"thumbnailUrl\":\"https:\/\/jungfraualetsch.ch\/wp-content\/uploads\/2021\/03\/TK-Rudolphis-Trompetenmoos-1920x1364-1.jpg\",\"datePublished\":\"2021-03-04T19:46:57+00:00\",\"dateModified\":\"2026-01-19T16:09:16+00:00\",\"breadcrumb\":{\"@id\":\"https:\/\/jungfraualetsch.ch\/fr\/preserver-et-valoriser\/#breadcrumb\"},\"inLanguage\":\"fr-FR\",\"potentialAction\":[{\"@type\":\"ReadAction\",\"target\":[\"https:\/\/jungfraualetsch.ch\/fr\/preserver-et-valoriser\/\"]}]},{\"@type\":\"ImageObject\",\"inLanguage\":\"fr-FR\",\"@id\":\"https:\/\/jungfraualetsch.ch\/fr\/preserver-et-valoriser\/#primaryimage\",\"url\":\"https:\/\/jungfraualetsch.ch\/wp-content\/uploads\/2021\/03\/TK-Rudolphis-Trompetenmoos-1920x1364-1.jpg\",\"contentUrl\":\"https:\/\/jungfraualetsch.ch\/wp-content\/uploads\/2021\/03\/TK-Rudolphis-Trompetenmoos-1920x1364-1.jpg\",\"width\":1200,\"height\":800},{\"@type\":\"BreadcrumbList\",\"@id\":\"https:\/\/jungfraualetsch.ch\/fr\/preserver-et-valoriser\/#breadcrumb\",\"itemListElement\":[{\"@type\":\"ListItem\",\"position\":1,\"name\":\"Startseite\",\"item\":\"https:\/\/jungfraualetsch.ch\/fr\/\"},{\"@type\":\"ListItem\",\"position\":2,\"name\":\"Pr\u00e9server et valoriser\"}]},{\"@type\":\"WebSite\",\"@id\":\"https:\/\/jungfraualetsch.ch\/#website\",\"url\":\"https:\/\/jungfraualetsch.ch\/\",\"name\":\"UNESCO World Heritage Swiss Alps Jungfrau-Aletsch\",\"description\":\"\",\"potentialAction\":[{\"@type\":\"SearchAction\",\"target\":{\"@type\":\"EntryPoint\",\"urlTemplate\":\"https:\/\/jungfraualetsch.ch\/?s={search_term_string}\"},\"query-input\":{\"@type\":\"PropertyValueSpecification\",\"valueRequired\":true,\"valueName\":\"search_term_string\"}}],\"inLanguage\":\"fr-FR\"}]}<\/script>\n<!-- \/ Yoast SEO plugin. -->","yoast_head_json":{"title":"Pr\u00e9server et valoriser - UNESCO World Heritage Swiss Alps Jungfrau-Aletsch","robots":{"index":"index","follow":"follow","max-snippet":"max-snippet:-1","max-image-preview":"max-image-preview:large","max-video-preview":"max-video-preview:-1"},"canonical":"https:\/\/jungfraualetsch.ch\/fr\/preserver-et-valoriser\/","og_locale":"fr_FR","og_type":"article","og_title":"Pr\u00e9server et valoriser - UNESCO World Heritage Swiss Alps Jungfrau-Aletsch","og_description":"Pr\u00e9server et valoriser La Fondation Patrimoine mondial de l\u2019UNESCO Alpes suisses Jungfrau-Aletsch (SAJA) s\u2019engage \u00e0 pr\u00e9server et \u00e0 mettre en valeur le caract\u00e8re universel exceptionnel du site du patrimoine mondial et de sa r\u00e9gion. Elle accorde une importance particuli\u00e8re \u00e0 la diversit\u00e9 des milieux alpins et subalpins ainsi qu\u2019\u00e0 la richesse de la faune et [&hellip;]","og_url":"https:\/\/jungfraualetsch.ch\/fr\/preserver-et-valoriser\/","og_site_name":"UNESCO World Heritage Swiss Alps Jungfrau-Aletsch","article_modified_time":"2026-01-19T16:09:16+00:00","og_image":[{"width":1200,"height":800,"url":"https:\/\/jungfraualetsch.ch\/wp-content\/uploads\/2021\/03\/TK-Rudolphis-Trompetenmoos-1920x1364-1.jpg","type":"image\/jpeg"}],"twitter_card":"summary_large_image","twitter_misc":{"Dur\u00e9e de lecture estim\u00e9e":"3 minutes"},"schema":{"@context":"https:\/\/schema.org","@graph":[{"@type":"WebPage","@id":"https:\/\/jungfraualetsch.ch\/fr\/preserver-et-valoriser\/","url":"https:\/\/jungfraualetsch.ch\/fr\/preserver-et-valoriser\/","name":"Pr\u00e9server et valoriser - UNESCO World Heritage Swiss Alps Jungfrau-Aletsch","isPartOf":{"@id":"https:\/\/jungfraualetsch.ch\/#website"},"primaryImageOfPage":{"@id":"https:\/\/jungfraualetsch.ch\/fr\/preserver-et-valoriser\/#primaryimage"},"image":{"@id":"https:\/\/jungfraualetsch.ch\/fr\/preserver-et-valoriser\/#primaryimage"},"thumbnailUrl":"https:\/\/jungfraualetsch.ch\/wp-content\/uploads\/2021\/03\/TK-Rudolphis-Trompetenmoos-1920x1364-1.jpg","datePublished":"2021-03-04T19:46:57+00:00","dateModified":"2026-01-19T16:09:16+00:00","breadcrumb":{"@id":"https:\/\/jungfraualetsch.ch\/fr\/preserver-et-valoriser\/#breadcrumb"},"inLanguage":"fr-FR","potentialAction":[{"@type":"ReadAction","target":["https:\/\/jungfraualetsch.ch\/fr\/preserver-et-valoriser\/"]}]},{"@type":"ImageObject","inLanguage":"fr-FR","@id":"https:\/\/jungfraualetsch.ch\/fr\/preserver-et-valoriser\/#primaryimage","url":"https:\/\/jungfraualetsch.ch\/wp-content\/uploads\/2021\/03\/TK-Rudolphis-Trompetenmoos-1920x1364-1.jpg","contentUrl":"https:\/\/jungfraualetsch.ch\/wp-content\/uploads\/2021\/03\/TK-Rudolphis-Trompetenmoos-1920x1364-1.jpg","width":1200,"height":800},{"@type":"BreadcrumbList","@id":"https:\/\/jungfraualetsch.ch\/fr\/preserver-et-valoriser\/#breadcrumb","itemListElement":[{"@type":"ListItem","position":1,"name":"Startseite","item":"https:\/\/jungfraualetsch.ch\/fr\/"},{"@type":"ListItem","position":2,"name":"Pr\u00e9server et valoriser"}]},{"@type":"WebSite","@id":"https:\/\/jungfraualetsch.ch\/#website","url":"https:\/\/jungfraualetsch.ch\/","name":"UNESCO World Heritage Swiss Alps Jungfrau-Aletsch","description":"","potentialAction":[{"@type":"SearchAction","target":{"@type":"EntryPoint","urlTemplate":"https:\/\/jungfraualetsch.ch\/?s={search_term_string}"},"query-input":{"@type":"PropertyValueSpecification","valueRequired":true,"valueName":"search_term_string"}}],"inLanguage":"fr-FR"}]}},"_links":{"self":[{"href":"https:\/\/jungfraualetsch.ch\/fr\/wp-json\/wp\/v2\/pages\/5019","targetHints":{"allow":["GET"]}}],"collection":[{"href":"https:\/\/jungfraualetsch.ch\/fr\/wp-json\/wp\/v2\/pages"}],"about":[{"href":"https:\/\/jungfraualetsch.ch\/fr\/wp-json\/wp\/v2\/types\/page"}],"author":[{"embeddable":true,"href":"https:\/\/jungfraualetsch.ch\/fr\/wp-json\/wp\/v2\/users\/1"}],"replies":[{"embeddable":true,"href":"https:\/\/jungfraualetsch.ch\/fr\/wp-json\/wp\/v2\/comments?post=5019"}],"version-history":[{"count":9,"href":"https:\/\/jungfraualetsch.ch\/fr\/wp-json\/wp\/v2\/pages\/5019\/revisions"}],"predecessor-version":[{"id":13788,"href":"https:\/\/jungfraualetsch.ch\/fr\/wp-json\/wp\/v2\/pages\/5019\/revisions\/13788"}],"wp:featuredmedia":[{"embeddable":true,"href":"https:\/\/jungfraualetsch.ch\/fr\/wp-json\/wp\/v2\/media\/3911"}],"wp:attachment":[{"href":"https:\/\/jungfraualetsch.ch\/fr\/wp-json\/wp\/v2\/media?parent=5019"}],"curies":[{"name":"wp","href":"https:\/\/api.w.org\/{rel}","templated":true}]}}