{"id":4983,"date":"2021-03-03T16:38:29","date_gmt":"2021-03-03T16:38:29","guid":{"rendered":"https:\/\/jungfraualetsch.ch\/aktivitaeten\/"},"modified":"2021-03-31T13:33:59","modified_gmt":"2021-03-31T13:33:59","slug":"activites","status":"publish","type":"page","link":"https:\/\/jungfraualetsch.ch\/fr\/activites\/","title":{"rendered":"Activit\u00e9s"},"content":{"rendered":"<p>[et_pb_section fb_built=\u00a0\u00bb1&Prime; fullwidth=\u00a0\u00bbon\u00a0\u00bb _builder_version=\u00a0\u00bb4.9.1&Prime; _module_preset=\u00a0\u00bbdefault\u00a0\u00bb background_image=\u00a0\u00bbhttps:\/\/jungfraualetsch.ch\/wp-content\/uploads\/2021\/03\/header_02_welterbe_B_Gipfel-2-scaled.jpg\u00a0\u00bb parallax=\u00a0\u00bbon\u00a0\u00bb bottom_divider_style=\u00a0\u00bbslant2&Prime; bottom_divider_color=\u00a0\u00bb#FFFFFF\u00a0\u00bb bottom_divider_flip=\u00a0\u00bbhorizontal\u00a0\u00bb bottom_divider_height_tablet=\u00a0\u00bb\u00a0\u00bb bottom_divider_height_phone=\u00a0\u00bb\u00a0\u00bb bottom_divider_height_last_edited=\u00a0\u00bbon|desktop\u00a0\u00bb custom_css_main_element=\u00a0\u00bbmin-height: 45vh;\u00a0\u00bb][\/et_pb_section][et_pb_section fb_built=\u00a0\u00bb1&Prime; _builder_version=\u00a0\u00bb4.9.1&Prime; _module_preset=\u00a0\u00bbdefault\u00a0\u00bb background_enable_color=\u00a0\u00bboff\u00a0\u00bb background_enable_image=\u00a0\u00bboff\u00a0\u00bb top_divider_flip=\u00a0\u00bbhorizontal\u00a0\u00bb][et_pb_row _builder_version=\u00a0\u00bb4.9.1&Prime; _module_preset=\u00a0\u00bbdefault\u00a0\u00bb][et_pb_column type=\u00a0\u00bb4_4&Prime; _builder_version=\u00a0\u00bb4.9.1&Prime; _module_preset=\u00a0\u00bbdefault\u00a0\u00bb][et_pb_text admin_label=\u00a0\u00bbTitel\u00a0\u00bb _builder_version=\u00a0\u00bb4.9.2&Prime; _module_preset=\u00a0\u00bbdefault\u00a0\u00bb]<\/p>\n<h1>Activit\u00e9s<\/h1>\n<p>[\/et_pb_text][\/et_pb_column][\/et_pb_row][et_pb_row column_structure=\u00a0\u00bb3_4,1_4&Prime; _builder_version=\u00a0\u00bb4.9.1&Prime; _module_preset=\u00a0\u00bbdefault\u00a0\u00bb][et_pb_column type=\u00a0\u00bb3_4&Prime; _builder_version=\u00a0\u00bb4.9.1&Prime; _module_preset=\u00a0\u00bbdefault\u00a0\u00bb][et_pb_text _builder_version=\u00a0\u00bb4.9.2&Prime; _module_preset=\u00a0\u00bbdefault\u00a0\u00bb hover_enabled=\u00a0\u00bb0&Prime; sticky_enabled=\u00a0\u00bb0&Prime;]<\/p>\n<p>La r\u00e9gion qui entoure l\u2019UNESCO World Heritage Swiss Alps Jungfrau-Aletsch est riche en secrets \u00e9mouvants et tr\u00e9sors naturels uniques. Ceux qui d\u00e9sirent explorer ce monde extraordinaire vont recevoir de nombreuses informations utiles concernant leurs destinations.<\/p>\n<p>Ceux qui aiment exp\u00e9rimenter et comprendre les Alpes, et en particulier le site du Patrimoine Mondial dans son ensemble, devraient compl\u00e9ter l\u2019itin\u00e9raire en boucle \u00ab<a href=\"https:\/\/jungfraualetsch.ch\/fr\/activites\/key-to-the-alps\/\">Key to the Alps<\/a>\u00bb au moins une fois dans leur vie. 15 \u00e9tapes excitantes et vari\u00e9es en m\u00eame temps qui transmettent des informations sur tous le site du Patrimoine Mondial. Un must pour les randonneurs et pour ceux qui aiment les Alpes!<\/p>\n<p>Ceux qui voudraient explorer par eux-m\u00eames le site du Patrimoine Mondial trouveront sur la carte interactive des randonn\u00e9es \u00ab<a href=\"https:\/\/jungfraualetsch.ch\/fr\/activites\/myswissalps\/\">mySwissalps.ch<\/a>\u00bb, des informations et des conseils concernant les randonn\u00e9es, les attractions et les transports. Nos ambassadeurs du Patrimoine Mondial et des guides de randonn\u00e9es qualifi\u00e9s vous pr\u00e9senteront des arguments int\u00e9ressants et des curiosit\u00e9s du site qui m\u00e9ritent d\u2019\u00eatre connus.<\/p>\n<p>La r\u00e9gion fascine avec ses nombreuses activit\u00e9s, attractions, \u00e9v\u00e8nements, <a href=\"https:\/\/jungfraualetsch.ch\/fr\/activites\/centre-de-visiteurs-et-musees-dans-la-region\/\">expositions<\/a> et ses <a href=\"https:\/\/jungfraualetsch.ch\/fr\/activites\/destinations-et-coups-de-coeur\/\">destinations principales<\/a> qui mettent en valeur les sp\u00e9cificit\u00e9s du Patrimoine Mondial UNESCO.<\/p>\n<p>[\/et_pb_text][\/et_pb_column][et_pb_column type=\u00a0\u00bb1_4&Prime; _builder_version=\u00a0\u00bb4.9.1&Prime; _module_preset=\u00a0\u00bbdefault\u00a0\u00bb][\/et_pb_column][\/et_pb_row][\/et_pb_section]<\/p>\n","protected":false},"excerpt":{"rendered":"<p>Activit\u00e9sLa r\u00e9gion qui entoure l\u2019UNESCO World Heritage Swiss Alps Jungfrau-Aletsch est riche en secrets \u00e9mouvants et tr\u00e9sors naturels uniques. Ceux qui d\u00e9sirent explorer ce monde extraordinaire vont recevoir de nombreuses informations utiles concernant leurs destinations. Ceux qui aiment exp\u00e9rimenter et comprendre les Alpes, et en particulier le site du Patrimoine Mondial dans son ensemble, devraient [&hellip;]<\/p>\n","protected":false},"author":1,"featured_media":1082,"parent":0,"menu_order":203,"comment_status":"closed","ping_status":"closed","template":"","meta":{"_et_pb_use_builder":"on","_et_pb_old_content":"","_et_gb_content_width":"","footnotes":""},"class_list":["post-4983","page","type-page","status-publish","has-post-thumbnail","hentry"],"yoast_head":"<!-- This site is optimized with the Yoast SEO plugin v27.1.1 - https:\/\/yoast.com\/product\/yoast-seo-wordpress\/ -->\n<title>Activit\u00e9s - UNESCO World Heritage Swiss Alps Jungfrau-Aletsch<\/title>\n<meta name=\"robots\" content=\"index, follow, max-snippet:-1, max-image-preview:large, max-video-preview:-1\" \/>\n<link rel=\"canonical\" href=\"https:\/\/jungfraualetsch.ch\/fr\/activites\/\" \/>\n<meta property=\"og:locale\" content=\"fr_FR\" \/>\n<meta property=\"og:type\" content=\"article\" \/>\n<meta property=\"og:title\" content=\"Activit\u00e9s - UNESCO World Heritage Swiss Alps Jungfrau-Aletsch\" \/>\n<meta property=\"og:description\" content=\"Activit\u00e9sLa r\u00e9gion qui entoure l\u2019UNESCO World Heritage Swiss Alps Jungfrau-Aletsch est riche en secrets \u00e9mouvants et tr\u00e9sors naturels uniques. Ceux qui d\u00e9sirent explorer ce monde extraordinaire vont recevoir de nombreuses informations utiles concernant leurs destinations. Ceux qui aiment exp\u00e9rimenter et comprendre les Alpes, et en particulier le site du Patrimoine Mondial dans son ensemble, devraient [&hellip;]\" \/>\n<meta property=\"og:url\" content=\"https:\/\/jungfraualetsch.ch\/fr\/activites\/\" \/>\n<meta property=\"og:site_name\" content=\"UNESCO World Heritage Swiss Alps Jungfrau-Aletsch\" \/>\n<meta property=\"article:modified_time\" content=\"2021-03-31T13:33:59+00:00\" \/>\n<meta property=\"og:image\" content=\"https:\/\/jungfraualetsch.ch\/wp-content\/uploads\/2021\/03\/header_02_welterbe_B_Gipfel-2-scaled.jpg\" \/>\n\t<meta property=\"og:image:width\" content=\"2560\" \/>\n\t<meta property=\"og:image:height\" content=\"1707\" \/>\n\t<meta property=\"og:image:type\" content=\"image\/jpeg\" \/>\n<meta name=\"twitter:card\" content=\"summary_large_image\" \/>\n<meta name=\"twitter:label1\" content=\"Dur\u00e9e de lecture estim\u00e9e\" \/>\n\t<meta name=\"twitter:data1\" content=\"2 minutes\" \/>\n<script type=\"application\/ld+json\" class=\"yoast-schema-graph\">{\"@context\":\"https:\/\/schema.org\",\"@graph\":[{\"@type\":\"WebPage\",\"@id\":\"https:\/\/jungfraualetsch.ch\/fr\/activites\/\",\"url\":\"https:\/\/jungfraualetsch.ch\/fr\/activites\/\",\"name\":\"Activit\u00e9s - UNESCO World Heritage Swiss Alps Jungfrau-Aletsch\",\"isPartOf\":{\"@id\":\"https:\/\/jungfraualetsch.ch\/#website\"},\"primaryImageOfPage\":{\"@id\":\"https:\/\/jungfraualetsch.ch\/fr\/activites\/#primaryimage\"},\"image\":{\"@id\":\"https:\/\/jungfraualetsch.ch\/fr\/activites\/#primaryimage\"},\"thumbnailUrl\":\"https:\/\/jungfraualetsch.ch\/wp-content\/uploads\/2021\/03\/header_02_welterbe_B_Gipfel-2-scaled.jpg\",\"datePublished\":\"2021-03-03T16:38:29+00:00\",\"dateModified\":\"2021-03-31T13:33:59+00:00\",\"breadcrumb\":{\"@id\":\"https:\/\/jungfraualetsch.ch\/fr\/activites\/#breadcrumb\"},\"inLanguage\":\"fr-FR\",\"potentialAction\":[{\"@type\":\"ReadAction\",\"target\":[\"https:\/\/jungfraualetsch.ch\/fr\/activites\/\"]}]},{\"@type\":\"ImageObject\",\"inLanguage\":\"fr-FR\",\"@id\":\"https:\/\/jungfraualetsch.ch\/fr\/activites\/#primaryimage\",\"url\":\"https:\/\/jungfraualetsch.ch\/wp-content\/uploads\/2021\/03\/header_02_welterbe_B_Gipfel-2-scaled.jpg\",\"contentUrl\":\"https:\/\/jungfraualetsch.ch\/wp-content\/uploads\/2021\/03\/header_02_welterbe_B_Gipfel-2-scaled.jpg\",\"width\":2560,\"height\":1707},{\"@type\":\"BreadcrumbList\",\"@id\":\"https:\/\/jungfraualetsch.ch\/fr\/activites\/#breadcrumb\",\"itemListElement\":[{\"@type\":\"ListItem\",\"position\":1,\"name\":\"Startseite\",\"item\":\"https:\/\/jungfraualetsch.ch\/fr\/\"},{\"@type\":\"ListItem\",\"position\":2,\"name\":\"Activit\u00e9s\"}]},{\"@type\":\"WebSite\",\"@id\":\"https:\/\/jungfraualetsch.ch\/#website\",\"url\":\"https:\/\/jungfraualetsch.ch\/\",\"name\":\"UNESCO World Heritage Swiss Alps Jungfrau-Aletsch\",\"description\":\"\",\"potentialAction\":[{\"@type\":\"SearchAction\",\"target\":{\"@type\":\"EntryPoint\",\"urlTemplate\":\"https:\/\/jungfraualetsch.ch\/?s={search_term_string}\"},\"query-input\":{\"@type\":\"PropertyValueSpecification\",\"valueRequired\":true,\"valueName\":\"search_term_string\"}}],\"inLanguage\":\"fr-FR\"}]}<\/script>\n<!-- \/ Yoast SEO plugin. -->","yoast_head_json":{"title":"Activit\u00e9s - UNESCO World Heritage Swiss Alps Jungfrau-Aletsch","robots":{"index":"index","follow":"follow","max-snippet":"max-snippet:-1","max-image-preview":"max-image-preview:large","max-video-preview":"max-video-preview:-1"},"canonical":"https:\/\/jungfraualetsch.ch\/fr\/activites\/","og_locale":"fr_FR","og_type":"article","og_title":"Activit\u00e9s - UNESCO World Heritage Swiss Alps Jungfrau-Aletsch","og_description":"Activit\u00e9sLa r\u00e9gion qui entoure l\u2019UNESCO World Heritage Swiss Alps Jungfrau-Aletsch est riche en secrets \u00e9mouvants et tr\u00e9sors naturels uniques. Ceux qui d\u00e9sirent explorer ce monde extraordinaire vont recevoir de nombreuses informations utiles concernant leurs destinations. Ceux qui aiment exp\u00e9rimenter et comprendre les Alpes, et en particulier le site du Patrimoine Mondial dans son ensemble, devraient [&hellip;]","og_url":"https:\/\/jungfraualetsch.ch\/fr\/activites\/","og_site_name":"UNESCO World Heritage Swiss Alps Jungfrau-Aletsch","article_modified_time":"2021-03-31T13:33:59+00:00","og_image":[{"width":2560,"height":1707,"url":"https:\/\/jungfraualetsch.ch\/wp-content\/uploads\/2021\/03\/header_02_welterbe_B_Gipfel-2-scaled.jpg","type":"image\/jpeg"}],"twitter_card":"summary_large_image","twitter_misc":{"Dur\u00e9e de lecture estim\u00e9e":"2 minutes"},"schema":{"@context":"https:\/\/schema.org","@graph":[{"@type":"WebPage","@id":"https:\/\/jungfraualetsch.ch\/fr\/activites\/","url":"https:\/\/jungfraualetsch.ch\/fr\/activites\/","name":"Activit\u00e9s - UNESCO World Heritage Swiss Alps Jungfrau-Aletsch","isPartOf":{"@id":"https:\/\/jungfraualetsch.ch\/#website"},"primaryImageOfPage":{"@id":"https:\/\/jungfraualetsch.ch\/fr\/activites\/#primaryimage"},"image":{"@id":"https:\/\/jungfraualetsch.ch\/fr\/activites\/#primaryimage"},"thumbnailUrl":"https:\/\/jungfraualetsch.ch\/wp-content\/uploads\/2021\/03\/header_02_welterbe_B_Gipfel-2-scaled.jpg","datePublished":"2021-03-03T16:38:29+00:00","dateModified":"2021-03-31T13:33:59+00:00","breadcrumb":{"@id":"https:\/\/jungfraualetsch.ch\/fr\/activites\/#breadcrumb"},"inLanguage":"fr-FR","potentialAction":[{"@type":"ReadAction","target":["https:\/\/jungfraualetsch.ch\/fr\/activites\/"]}]},{"@type":"ImageObject","inLanguage":"fr-FR","@id":"https:\/\/jungfraualetsch.ch\/fr\/activites\/#primaryimage","url":"https:\/\/jungfraualetsch.ch\/wp-content\/uploads\/2021\/03\/header_02_welterbe_B_Gipfel-2-scaled.jpg","contentUrl":"https:\/\/jungfraualetsch.ch\/wp-content\/uploads\/2021\/03\/header_02_welterbe_B_Gipfel-2-scaled.jpg","width":2560,"height":1707},{"@type":"BreadcrumbList","@id":"https:\/\/jungfraualetsch.ch\/fr\/activites\/#breadcrumb","itemListElement":[{"@type":"ListItem","position":1,"name":"Startseite","item":"https:\/\/jungfraualetsch.ch\/fr\/"},{"@type":"ListItem","position":2,"name":"Activit\u00e9s"}]},{"@type":"WebSite","@id":"https:\/\/jungfraualetsch.ch\/#website","url":"https:\/\/jungfraualetsch.ch\/","name":"UNESCO World Heritage Swiss Alps Jungfrau-Aletsch","description":"","potentialAction":[{"@type":"SearchAction","target":{"@type":"EntryPoint","urlTemplate":"https:\/\/jungfraualetsch.ch\/?s={search_term_string}"},"query-input":{"@type":"PropertyValueSpecification","valueRequired":true,"valueName":"search_term_string"}}],"inLanguage":"fr-FR"}]}},"_links":{"self":[{"href":"https:\/\/jungfraualetsch.ch\/fr\/wp-json\/wp\/v2\/pages\/4983","targetHints":{"allow":["GET"]}}],"collection":[{"href":"https:\/\/jungfraualetsch.ch\/fr\/wp-json\/wp\/v2\/pages"}],"about":[{"href":"https:\/\/jungfraualetsch.ch\/fr\/wp-json\/wp\/v2\/types\/page"}],"author":[{"embeddable":true,"href":"https:\/\/jungfraualetsch.ch\/fr\/wp-json\/wp\/v2\/users\/1"}],"replies":[{"embeddable":true,"href":"https:\/\/jungfraualetsch.ch\/fr\/wp-json\/wp\/v2\/comments?post=4983"}],"version-history":[{"count":7,"href":"https:\/\/jungfraualetsch.ch\/fr\/wp-json\/wp\/v2\/pages\/4983\/revisions"}],"predecessor-version":[{"id":5475,"href":"https:\/\/jungfraualetsch.ch\/fr\/wp-json\/wp\/v2\/pages\/4983\/revisions\/5475"}],"wp:featuredmedia":[{"embeddable":true,"href":"https:\/\/jungfraualetsch.ch\/fr\/wp-json\/wp\/v2\/media\/1082"}],"wp:attachment":[{"href":"https:\/\/jungfraualetsch.ch\/fr\/wp-json\/wp\/v2\/media?parent=4983"}],"curies":[{"name":"wp","href":"https:\/\/api.w.org\/{rel}","templated":true}]}}