{"id":4530,"date":"2021-03-29T07:45:36","date_gmt":"2021-03-29T07:45:36","guid":{"rendered":"https:\/\/jungfraualetsch.ch\/forschungsmentoring\/"},"modified":"2025-07-25T13:23:25","modified_gmt":"2025-07-25T13:23:25","slug":"tutorat","status":"publish","type":"page","link":"https:\/\/jungfraualetsch.ch\/fr\/recherche\/tutorat\/","title":{"rendered":"Mentorat de recherche"},"content":{"rendered":"<p>[et_pb_section fb_built=\u00a0\u00bb1&Prime; fullwidth=\u00a0\u00bbon\u00a0\u00bb _builder_version=\u00a0\u00bb4.16&Prime; _module_preset=\u00a0\u00bbdefault\u00a0\u00bb background_image=\u00a0\u00bbhttps:\/\/jungfraualetsch.ch\/wp-content\/uploads\/2021\/03\/header_05_pat_A34A1335-1-scaled.jpg\u00a0\u00bb parallax=\u00a0\u00bbon\u00a0\u00bb bottom_divider_style=\u00a0\u00bbslant2&Prime; bottom_divider_color=\u00a0\u00bb#FFFFFF\u00a0\u00bb bottom_divider_flip=\u00a0\u00bbhorizontal\u00a0\u00bb bottom_divider_height_tablet=\u00a0\u00bb\u00a0\u00bb bottom_divider_height_phone=\u00a0\u00bb\u00a0\u00bb bottom_divider_height_last_edited=\u00a0\u00bbon|desktop\u00a0\u00bb custom_css_main_element=\u00a0\u00bbmin-height: 45vh;\u00a0\u00bb global_colors_info=\u00a0\u00bb{}\u00a0\u00bb][\/et_pb_section][et_pb_section fb_built=\u00a0\u00bb1&Prime; _builder_version=\u00a0\u00bb4.16&Prime; _module_preset=\u00a0\u00bbdefault\u00a0\u00bb background_enable_color=\u00a0\u00bboff\u00a0\u00bb background_enable_image=\u00a0\u00bboff\u00a0\u00bb top_divider_flip=\u00a0\u00bbhorizontal\u00a0\u00bb global_colors_info=\u00a0\u00bb{}\u00a0\u00bb][et_pb_row _builder_version=\u00a0\u00bb4.16&Prime; _module_preset=\u00a0\u00bbdefault\u00a0\u00bb global_colors_info=\u00a0\u00bb{}\u00a0\u00bb][et_pb_column type=\u00a0\u00bb4_4&Prime; _builder_version=\u00a0\u00bb4.16&Prime; _module_preset=\u00a0\u00bbdefault\u00a0\u00bb global_colors_info=\u00a0\u00bb{}\u00a0\u00bb][et_pb_text admin_label=\u00a0\u00bbTitel\u00a0\u00bb _builder_version=\u00a0\u00bb4.27.4&Prime; _module_preset=\u00a0\u00bbdefault\u00a0\u00bb hover_enabled=\u00a0\u00bb0&Prime; global_colors_info=\u00a0\u00bb{}\u00a0\u00bb sticky_enabled=\u00a0\u00bb0&Prime;]<\/p>\n<h1>Mentorat de recherche<\/h1>\n<p>[\/et_pb_text][\/et_pb_column][\/et_pb_row][et_pb_row column_structure=\u00a0\u00bb3_4,1_4&Prime; _builder_version=\u00a0\u00bb4.16&Prime; _module_preset=\u00a0\u00bbdefault\u00a0\u00bb global_colors_info=\u00a0\u00bb{}\u00a0\u00bb][et_pb_column type=\u00a0\u00bb3_4&Prime; _builder_version=\u00a0\u00bb4.16&Prime; _module_preset=\u00a0\u00bbdefault\u00a0\u00bb global_colors_info=\u00a0\u00bb{}\u00a0\u00bb][et_pb_text _builder_version=\u00a0\u00bb4.27.4&Prime; _module_preset=\u00a0\u00bbdefault\u00a0\u00bb hover_enabled=\u00a0\u00bb0&Prime; global_colors_info=\u00a0\u00bb{}\u00a0\u00bb sticky_enabled=\u00a0\u00bb0&Prime;]<\/p>\n<p>Menez-vous actuellement des recherches dans la r\u00e9gion du patrimoine mondial ou envisagez-vous de la faire \u00e0 l\u2019avenir ? \u00cates-vous \u00e0 la recherche d\u2019un sujet adapt\u00e9 pour votre travail de fin d\u2019\u00e9tudes ? Dirigez-vous un projet de recherche dans la r\u00e9gion du patrimoine mondial ? Alors faites-le-nous savoir !<\/p>\n<p>Nous serions ravis que vous consacriez votre travail de Bachelor ou de Master au patrimoine mondial de l\u2019UNESCO Jungfrau-Aletsch et aux th\u00e9matiques et domaines de recherche qui y sont li\u00e9s. Une grande vari\u00e9t\u00e9 de sujets, tant en sciences naturelles qu\u2019en sciences sociales, peuvent \u00eatre \u00e9tudi\u00e9s dans le patrimoine mondial des Alpes suisses Jungfrau-Aletsch.<\/p>\n<p>Notre fondation entretient un vaste r\u00e9seau de contacts avec diverses institutions \u00e9ducatives et de recherche, ainsi qu\u2019avec des experts locaux et des sp\u00e9cialistes. Nous serions heureux de partager nos connaissances, de vous mettre en relation avec les bonnes personnes ou d\u2019accompagner votre travail acad\u00e9mique. Vos r\u00e9sultats de recherche nous int\u00e9ressent vivement, et nous nous engageons \u00e0 valoriser et \u00e0 rendre visible les projets et les d\u00e9couvertes.<\/p>\n<ul>\n<li><a href=\"https:\/\/jungfraualetsch.ch\/wp-content\/uploads\/2025\/07\/Fiche_info_Recherche_dans_autour_sur_parcs_suisses_final25_F.pdf\" target=\"_blank\" rel=\"noopener\">Fiche d&rsquo;information Recherche dans, autour et sur les parcs suisses et les sites de l\u2019UNESCO<\/a><\/li>\n<li><a href=\"https:\/\/forms.cloud.microsoft\/pages\/responsepage.aspx?id=7bj1Yd1PQkSgPJrgtBmTrgsoDzA1WvlNqwYubk0EwShUOTBDOFFUQ1ZETDlWSk9HSjFGRUhTUFpNVSQlQCN0PWcu&amp;route=shorturl\" target=\"_blank\" rel=\"noopener\">Formulaire pour les travaux de recherche<\/a> (en allemand)<\/li>\n<\/ul>\n<p>[\/et_pb_text][\/et_pb_column][et_pb_column type=\u00a0\u00bb1_4&Prime; _builder_version=\u00a0\u00bb4.16&Prime; _module_preset=\u00a0\u00bbdefault\u00a0\u00bb global_colors_info=\u00a0\u00bb{}\u00a0\u00bb][\/et_pb_column][\/et_pb_row][\/et_pb_section]<\/p>\n","protected":false},"excerpt":{"rendered":"<p>Mentorat de rechercheMenez-vous actuellement des recherches dans la r\u00e9gion du patrimoine mondial ou envisagez-vous de la faire \u00e0 l\u2019avenir ? \u00cates-vous \u00e0 la recherche d\u2019un sujet adapt\u00e9 pour votre travail de fin d\u2019\u00e9tudes ? Dirigez-vous un projet de recherche dans la r\u00e9gion du patrimoine mondial ? Alors faites-le-nous savoir ! Nous serions ravis que vous [&hellip;]<\/p>\n","protected":false},"author":1,"featured_media":0,"parent":5059,"menu_order":14,"comment_status":"closed","ping_status":"closed","template":"","meta":{"_et_pb_use_builder":"on","_et_pb_old_content":"","_et_gb_content_width":"","footnotes":""},"class_list":["post-4530","page","type-page","status-publish","hentry"],"yoast_head":"<!-- This site is optimized with the Yoast SEO plugin v27.1.1 - https:\/\/yoast.com\/product\/yoast-seo-wordpress\/ -->\n<title>Mentorat de recherche - UNESCO World Heritage Swiss Alps Jungfrau-Aletsch<\/title>\n<meta name=\"robots\" content=\"index, follow, max-snippet:-1, max-image-preview:large, max-video-preview:-1\" \/>\n<link rel=\"canonical\" href=\"https:\/\/jungfraualetsch.ch\/fr\/recherche\/tutorat\/\" \/>\n<meta property=\"og:locale\" content=\"fr_FR\" \/>\n<meta property=\"og:type\" content=\"article\" \/>\n<meta property=\"og:title\" content=\"Mentorat de recherche - UNESCO World Heritage Swiss Alps Jungfrau-Aletsch\" \/>\n<meta property=\"og:description\" content=\"Mentorat de rechercheMenez-vous actuellement des recherches dans la r\u00e9gion du patrimoine mondial ou envisagez-vous de la faire \u00e0 l\u2019avenir ? \u00cates-vous \u00e0 la recherche d\u2019un sujet adapt\u00e9 pour votre travail de fin d\u2019\u00e9tudes ? Dirigez-vous un projet de recherche dans la r\u00e9gion du patrimoine mondial ? Alors faites-le-nous savoir ! Nous serions ravis que vous [&hellip;]\" \/>\n<meta property=\"og:url\" content=\"https:\/\/jungfraualetsch.ch\/fr\/recherche\/tutorat\/\" \/>\n<meta property=\"og:site_name\" content=\"UNESCO World Heritage Swiss Alps Jungfrau-Aletsch\" \/>\n<meta property=\"article:modified_time\" content=\"2025-07-25T13:23:25+00:00\" \/>\n<meta name=\"twitter:card\" content=\"summary_large_image\" \/>\n<meta name=\"twitter:label1\" content=\"Dur\u00e9e de lecture estim\u00e9e\" \/>\n\t<meta name=\"twitter:data1\" content=\"2 minutes\" \/>\n<script type=\"application\/ld+json\" class=\"yoast-schema-graph\">{\"@context\":\"https:\/\/schema.org\",\"@graph\":[{\"@type\":\"WebPage\",\"@id\":\"https:\/\/jungfraualetsch.ch\/fr\/recherche\/tutorat\/\",\"url\":\"https:\/\/jungfraualetsch.ch\/fr\/recherche\/tutorat\/\",\"name\":\"Mentorat de recherche - UNESCO World Heritage Swiss Alps Jungfrau-Aletsch\",\"isPartOf\":{\"@id\":\"https:\/\/jungfraualetsch.ch\/#website\"},\"datePublished\":\"2021-03-29T07:45:36+00:00\",\"dateModified\":\"2025-07-25T13:23:25+00:00\",\"breadcrumb\":{\"@id\":\"https:\/\/jungfraualetsch.ch\/fr\/recherche\/tutorat\/#breadcrumb\"},\"inLanguage\":\"fr-FR\",\"potentialAction\":[{\"@type\":\"ReadAction\",\"target\":[\"https:\/\/jungfraualetsch.ch\/fr\/recherche\/tutorat\/\"]}]},{\"@type\":\"BreadcrumbList\",\"@id\":\"https:\/\/jungfraualetsch.ch\/fr\/recherche\/tutorat\/#breadcrumb\",\"itemListElement\":[{\"@type\":\"ListItem\",\"position\":1,\"name\":\"Startseite\",\"item\":\"https:\/\/jungfraualetsch.ch\/fr\/\"},{\"@type\":\"ListItem\",\"position\":2,\"name\":\"Recherche\",\"item\":\"https:\/\/jungfraualetsch.ch\/fr\/recherche\/\"},{\"@type\":\"ListItem\",\"position\":3,\"name\":\"Mentorat de recherche\"}]},{\"@type\":\"WebSite\",\"@id\":\"https:\/\/jungfraualetsch.ch\/#website\",\"url\":\"https:\/\/jungfraualetsch.ch\/\",\"name\":\"UNESCO World Heritage Swiss Alps Jungfrau-Aletsch\",\"description\":\"\",\"potentialAction\":[{\"@type\":\"SearchAction\",\"target\":{\"@type\":\"EntryPoint\",\"urlTemplate\":\"https:\/\/jungfraualetsch.ch\/?s={search_term_string}\"},\"query-input\":{\"@type\":\"PropertyValueSpecification\",\"valueRequired\":true,\"valueName\":\"search_term_string\"}}],\"inLanguage\":\"fr-FR\"}]}<\/script>\n<!-- \/ Yoast SEO plugin. -->","yoast_head_json":{"title":"Mentorat de recherche - UNESCO World Heritage Swiss Alps Jungfrau-Aletsch","robots":{"index":"index","follow":"follow","max-snippet":"max-snippet:-1","max-image-preview":"max-image-preview:large","max-video-preview":"max-video-preview:-1"},"canonical":"https:\/\/jungfraualetsch.ch\/fr\/recherche\/tutorat\/","og_locale":"fr_FR","og_type":"article","og_title":"Mentorat de recherche - UNESCO World Heritage Swiss Alps Jungfrau-Aletsch","og_description":"Mentorat de rechercheMenez-vous actuellement des recherches dans la r\u00e9gion du patrimoine mondial ou envisagez-vous de la faire \u00e0 l\u2019avenir ? \u00cates-vous \u00e0 la recherche d\u2019un sujet adapt\u00e9 pour votre travail de fin d\u2019\u00e9tudes ? Dirigez-vous un projet de recherche dans la r\u00e9gion du patrimoine mondial ? Alors faites-le-nous savoir ! Nous serions ravis que vous [&hellip;]","og_url":"https:\/\/jungfraualetsch.ch\/fr\/recherche\/tutorat\/","og_site_name":"UNESCO World Heritage Swiss Alps Jungfrau-Aletsch","article_modified_time":"2025-07-25T13:23:25+00:00","twitter_card":"summary_large_image","twitter_misc":{"Dur\u00e9e de lecture estim\u00e9e":"2 minutes"},"schema":{"@context":"https:\/\/schema.org","@graph":[{"@type":"WebPage","@id":"https:\/\/jungfraualetsch.ch\/fr\/recherche\/tutorat\/","url":"https:\/\/jungfraualetsch.ch\/fr\/recherche\/tutorat\/","name":"Mentorat de recherche - UNESCO World Heritage Swiss Alps Jungfrau-Aletsch","isPartOf":{"@id":"https:\/\/jungfraualetsch.ch\/#website"},"datePublished":"2021-03-29T07:45:36+00:00","dateModified":"2025-07-25T13:23:25+00:00","breadcrumb":{"@id":"https:\/\/jungfraualetsch.ch\/fr\/recherche\/tutorat\/#breadcrumb"},"inLanguage":"fr-FR","potentialAction":[{"@type":"ReadAction","target":["https:\/\/jungfraualetsch.ch\/fr\/recherche\/tutorat\/"]}]},{"@type":"BreadcrumbList","@id":"https:\/\/jungfraualetsch.ch\/fr\/recherche\/tutorat\/#breadcrumb","itemListElement":[{"@type":"ListItem","position":1,"name":"Startseite","item":"https:\/\/jungfraualetsch.ch\/fr\/"},{"@type":"ListItem","position":2,"name":"Recherche","item":"https:\/\/jungfraualetsch.ch\/fr\/recherche\/"},{"@type":"ListItem","position":3,"name":"Mentorat de recherche"}]},{"@type":"WebSite","@id":"https:\/\/jungfraualetsch.ch\/#website","url":"https:\/\/jungfraualetsch.ch\/","name":"UNESCO World Heritage Swiss Alps Jungfrau-Aletsch","description":"","potentialAction":[{"@type":"SearchAction","target":{"@type":"EntryPoint","urlTemplate":"https:\/\/jungfraualetsch.ch\/?s={search_term_string}"},"query-input":{"@type":"PropertyValueSpecification","valueRequired":true,"valueName":"search_term_string"}}],"inLanguage":"fr-FR"}]}},"_links":{"self":[{"href":"https:\/\/jungfraualetsch.ch\/fr\/wp-json\/wp\/v2\/pages\/4530","targetHints":{"allow":["GET"]}}],"collection":[{"href":"https:\/\/jungfraualetsch.ch\/fr\/wp-json\/wp\/v2\/pages"}],"about":[{"href":"https:\/\/jungfraualetsch.ch\/fr\/wp-json\/wp\/v2\/types\/page"}],"author":[{"embeddable":true,"href":"https:\/\/jungfraualetsch.ch\/fr\/wp-json\/wp\/v2\/users\/1"}],"replies":[{"embeddable":true,"href":"https:\/\/jungfraualetsch.ch\/fr\/wp-json\/wp\/v2\/comments?post=4530"}],"version-history":[{"count":5,"href":"https:\/\/jungfraualetsch.ch\/fr\/wp-json\/wp\/v2\/pages\/4530\/revisions"}],"predecessor-version":[{"id":13066,"href":"https:\/\/jungfraualetsch.ch\/fr\/wp-json\/wp\/v2\/pages\/4530\/revisions\/13066"}],"up":[{"embeddable":true,"href":"https:\/\/jungfraualetsch.ch\/fr\/wp-json\/wp\/v2\/pages\/5059"}],"wp:attachment":[{"href":"https:\/\/jungfraualetsch.ch\/fr\/wp-json\/wp\/v2\/media?parent=4530"}],"curies":[{"name":"wp","href":"https:\/\/api.w.org\/{rel}","templated":true}]}}