{"id":4490,"date":"2021-03-29T07:50:45","date_gmt":"2021-03-29T07:50:45","guid":{"rendered":"https:\/\/jungfraualetsch.ch\/publikationen-aus-forschung-und-monitoring\/"},"modified":"2026-02-17T14:57:27","modified_gmt":"2026-02-17T14:57:27","slug":"publications-concernant-la-recherche-et-levaluation","status":"publish","type":"page","link":"https:\/\/jungfraualetsch.ch\/fr\/recherche\/publications-concernant-la-recherche-et-levaluation\/","title":{"rendered":"Publications et base de donn\u00e9es"},"content":{"rendered":"<p>[et_pb_section fb_built=\u00a0\u00bb1&Prime; fullwidth=\u00a0\u00bbon\u00a0\u00bb _builder_version=\u00a0\u00bb4.16&Prime; _module_preset=\u00a0\u00bbdefault\u00a0\u00bb background_image=\u00a0\u00bbhttps:\/\/jungfraualetsch.ch\/wp-content\/uploads\/2021\/03\/header_05_pat_A34A1335-1-scaled.jpg\u00a0\u00bb parallax=\u00a0\u00bbon\u00a0\u00bb bottom_divider_style=\u00a0\u00bbslant2&Prime; bottom_divider_color=\u00a0\u00bb#FFFFFF\u00a0\u00bb bottom_divider_flip=\u00a0\u00bbhorizontal\u00a0\u00bb bottom_divider_height_tablet=\u00a0\u00bb\u00a0\u00bb bottom_divider_height_phone=\u00a0\u00bb\u00a0\u00bb bottom_divider_height_last_edited=\u00a0\u00bbon|desktop\u00a0\u00bb custom_css_main_element=\u00a0\u00bbmin-height: 45vh;\u00a0\u00bb global_colors_info=\u00a0\u00bb{}\u00a0\u00bb][\/et_pb_section][et_pb_section fb_built=\u00a0\u00bb1&Prime; _builder_version=\u00a0\u00bb4.16&Prime; _module_preset=\u00a0\u00bbdefault\u00a0\u00bb background_enable_color=\u00a0\u00bboff\u00a0\u00bb background_enable_image=\u00a0\u00bboff\u00a0\u00bb top_divider_flip=\u00a0\u00bbhorizontal\u00a0\u00bb global_colors_info=\u00a0\u00bb{}\u00a0\u00bb][et_pb_row _builder_version=\u00a0\u00bb4.16&Prime; _module_preset=\u00a0\u00bbdefault\u00a0\u00bb global_colors_info=\u00a0\u00bb{}\u00a0\u00bb][et_pb_column type=\u00a0\u00bb4_4&Prime; _builder_version=\u00a0\u00bb4.16&Prime; _module_preset=\u00a0\u00bbdefault\u00a0\u00bb global_colors_info=\u00a0\u00bb{}\u00a0\u00bb][et_pb_text admin_label=\u00a0\u00bbTitel\u00a0\u00bb _builder_version=\u00a0\u00bb4.27.4&Prime; _module_preset=\u00a0\u00bbdefault\u00a0\u00bb global_colors_info=\u00a0\u00bb{}\u00a0\u00bb]<\/p>\n<h1>Publications et base de donn\u00e9es<\/h1>\n<p>[\/et_pb_text][\/et_pb_column][\/et_pb_row][et_pb_row column_structure=\u00a0\u00bb3_4,1_4&Prime; _builder_version=\u00a0\u00bb4.16&Prime; _module_preset=\u00a0\u00bbdefault\u00a0\u00bb global_colors_info=\u00a0\u00bb{}\u00a0\u00bb][et_pb_column type=\u00a0\u00bb3_4&Prime; _builder_version=\u00a0\u00bb4.16&Prime; _module_preset=\u00a0\u00bbdefault\u00a0\u00bb global_colors_info=\u00a0\u00bb{}\u00a0\u00bb][et_pb_text _builder_version=\u00a0\u00bb4.27.5&Prime; _module_preset=\u00a0\u00bbdefault\u00a0\u00bb hover_enabled=\u00a0\u00bb0&Prime; global_colors_info=\u00a0\u00bb{}\u00a0\u00bb sticky_enabled=\u00a0\u00bb0&Prime;]<\/p>\n<p>Dans la s\u00e9rie de publications \u00ab Einblicke \u2013 Ausblicke \u00bb, une brochure concise est publi\u00e9e chaque ann\u00e9e pour pr\u00e9senter de mani\u00e8re claire et accessible les d\u00e9veloppements int\u00e9ressants dans la r\u00e9gion du patrimoine mondial SAJA. Vous trouverez ci-dessous une liste des publications d\u00e9j\u00e0 parues, que vous pouvez t\u00e9l\u00e9charger au format PDF (en allemand).<\/p>\n<ul>\n<li><a href=\"https:\/\/jungfraualetsch.ch\/wp-content\/uploads\/2026\/02\/unesco_einblicke_ausblicke_schutzgebiete_feb_2026_WEB.pdf\" target=\"_blank\" rel=\"noopener\">Aires prot\u00e9g\u00e9es et leur importance pour le patrimoine mondial de l\u2019UNESCO (2026)<\/a><\/li>\n<li><a href=\"https:\/\/jungfraualetsch.ch\/wp-content\/uploads\/2024\/05\/einblicke_ausblicke_Besuchermanagement_mai_2024_web.pdf\" target=\"_blank\" rel=\"noopener\">Besuchermanagement &#8211; ein Zusammenspiel zwischen Naturschutz und Tourismus (2024)<\/a><\/li>\n<li><a href=\"https:\/\/jungfraualetsch.ch\/wp-content\/uploads\/2023\/11\/unesco_einblicke_ausblicke_trockenmauer_nov_2023_web-1.pdf\" target=\"_blank\" rel=\"noopener\">Trockenmauern &#8211; Historisches Kulturerbe und Biodiversit\u00e4ts-Hotspots (2023)<\/a><\/li>\n<li><a href=\"https:\/\/jungfraualetsch.ch\/wp-content\/uploads\/2023\/02\/unesco_einblicke_ausblicke_landwirtschaft_feb_2023_web.pdf\" target=\"_blank\" rel=\"noopener\">Landwirtschaft &#8211; der Wandel pr\u00e4gt auch die Welterbe-Region (2023)<\/a><\/li>\n<li><a href=\"https:\/\/jungfraualetsch.ch\/wp-content\/uploads\/2023\/02\/einblicke_ausblicke_gletscher_nov_2022_web.pdf\" target=\"_blank\" rel=\"noopener\">Gletscher des Welterbes Jungfrau-Aletsch im Spiegel der Zeit (2022)<\/a><\/li>\n<li><a href=\"https:\/\/jungfraualetsch.ch\/wp-content\/uploads\/2022\/09\/Einblicke-Ausblicke-Quellen.pdf\" target=\"_blank\" rel=\"noopener\">Quellen &#8211; sensible Lebensr\u00e4ume in Gefahr (2022)<\/a><\/li>\n<li><a href=\"https:\/\/jungfraualetsch.ch\/wp-content\/uploads\/2021\/05\/ONLINE_Letter_Permafrost-1.pdf\" target=\"_blank\" rel=\"noopener\">Permafrost &#8211; wenn der Berg taut (2021)<\/a><\/li>\n<li><a href=\"https:\/\/jungfraualetsch.ch\/wp-content\/uploads\/2021\/03\/2020_LOW_Letter_Traditionelle_Bewaesserung.pdf\" target=\"_blank\" rel=\"noopener\">Traditionelle Bew\u00e4sserung \u2013 ein Kulturerbe mit Zukunft? (2020)<\/a><\/li>\n<li><a href=\"https:\/\/jungfraualetsch.ch\/wp-content\/uploads\/2021\/03\/online_Letter_Naturnaher_Tourismus_2019-1.pdf\" target=\"_blank\" rel=\"noopener\">Naturnaher Tourismus \u2013 Herausforderung und Chance f\u00fcr die Welterbe-Region (2019)<\/a><\/li>\n<li><a href=\"https:\/\/jungfraualetsch.ch\/wp-content\/uploads\/2021\/03\/Online_Letter_Gemeingueter-SAJA_2018.pdf\" target=\"_blank\" rel=\"noopener\">Von Korporationen und Genossenschaften \u2013 nachhaltige Landnutzung zwischen Tradition und Innovation (2018)<\/a><\/li>\n<li><a href=\"https:\/\/jungfraualetsch.ch\/wp-content\/uploads\/2021\/03\/low_Letter_Naturgefahren_2017.pdf\" target=\"_blank\" rel=\"noopener\">Geologie \u2013 Leben mit Naturgefahren in der Welterbe-Region (2017)<\/a><\/li>\n<li><a href=\"https:\/\/jungfraualetsch.ch\/wp-content\/uploads\/2021\/03\/low_Letter_Landschaftsqualitaet_2017-1.pdf\" target=\"_blank\" rel=\"noopener\">Landschaftsqualit\u00e4t \u2013 Beispiele aus dem Wallis (2017)<\/a><\/li>\n<li><a href=\"https:\/\/jungfraualetsch.ch\/wp-content\/uploads\/2021\/03\/LOW_Letter_Lebensraeume_2016.pdf\" target=\"_blank\" rel=\"noopener\">Lebensr\u00e4umeim Hochgebirge \u2013 mehr als eine karge Landschaft (2016)<\/a><\/li>\n<li><a href=\"https:\/\/jungfraualetsch.ch\/wp-content\/uploads\/2021\/03\/LOW_Letter_Artenportraets_2016.pdf\" target=\"_blank\" rel=\"noopener\">Artenvielfalt \u2013 von der Westlichen Smaragdeidechse zum Rudolph-Trompetenmoos (2016)<\/a><\/li>\n<li><a href=\"https:\/\/jungfraualetsch.ch\/wp-content\/uploads\/2021\/03\/LOW_WirtschaftGesellschaft_20152.pdf\" target=\"_blank\" rel=\"noopener\">Wirtschaft &amp; Gesellschaft \u2013 die Welterbe-Region im Wandel (2015)<\/a><\/li>\n<li><a href=\"https:\/\/jungfraualetsch.ch\/wp-content\/uploads\/2021\/03\/LOW_Wald_Newsletter2.pdf\" target=\"_blank\" rel=\"noopener\">Wald \u2013 vielf\u00e4ltig, dynamisch und sehr wertvoll (2015)<\/a><\/li>\n<li><a href=\"https:\/\/jungfraualetsch.ch\/wp-content\/uploads\/2021\/03\/LOW_Vereine_Einblicke-Ausblicke_20142.pdf\" target=\"_blank\" rel=\"noopener\">Vereine \u2013 \u201cMir hei e Verein, i gh\u00f6re drzue\u201d (2014)<\/a><\/li>\n<li><a href=\"https:\/\/jungfraualetsch.ch\/wp-content\/uploads\/2021\/03\/WEB_KunstInspiration_Einblicke-Ausblicke_20142.pdf\" target=\"_blank\" rel=\"noopener\">Kunst &amp; Inspiration \u2013 das Welterbe Schweizer Alpen als Inspirationsraum (2014)<\/a><\/li>\n<li><a href=\"https:\/\/jungfraualetsch.ch\/wp-content\/uploads\/2021\/03\/LOW_Kulturlandschaften_Einblicke-Ausblicke_20142.pdf\" target=\"_blank\" rel=\"noopener\">Kulturlandschaften \u2013 dynamisch und un(er)fassbar (2014)<\/a><\/li>\n<li><a href=\"https:\/\/jungfraualetsch.ch\/wp-content\/uploads\/2021\/03\/LOW_1_ArtenLebensraeume_Newsletter.pdf\" target=\"_blank\" rel=\"noopener\">Biodiversit\u00e4t \u2013 von Flechten und Faltern (2013)<\/a><\/li>\n<li><a href=\"https:\/\/jungfraualetsch.ch\/wp-content\/uploads\/2021\/03\/LOW_SAJA_EinblickeAusblicke_Wasser2.pdf\" target=\"_blank\" rel=\"noopener\">Wasserschloss Europas \u2013 Perspektiven und Herausforderungen (2013)<\/a><\/li>\n<li><a href=\"https:\/\/jungfraualetsch.ch\/wp-content\/uploads\/2021\/03\/LOW_Outdoor_Einblicke-Ausblicke_2012_def2.pdf\" target=\"_blank\" rel=\"noopener\">Outdooraktivit\u00e4ten \u2013 die sportliche Landschaftsnutzung in der Welterbe-Region (2012)<\/a><\/li>\n<\/ul>\n<p>D\u2019autres publications de la Fondation du patrimoine mondial SAJA peuvent \u00eatre consult\u00e9es <a href=\"https:\/\/jungfraualetsch.ch\/fr\/patrimoine-mondial\/publications\/\">ici<\/a>.<\/p>\n<p>&nbsp;<\/p>\n<p><strong>Base de donn\u00e9es<\/strong><br \/>Les projets de recherche en cours et achev\u00e9s dans le site du patrimoine mondial SAJA sont publi\u00e9s dans les bases de donn\u00e9es suivantes :<\/p>\n<ul>\n<li><a href=\"http:\/\/4dweb.proclim.ch\/4DCGI\/parkforschungArchive\/de\/DetailLink_Program?wh-jungfrau-aletsch*Projects\" target=\"_blank\" rel=\"noopener\">Banque de donn\u00e9es recherche sur les parcs<\/a><\/li>\n<li><a href=\"https:\/\/www.parcs.ch\/wja\/\" target=\"_blank\" rel=\"noopener\">Base de donn\u00e9es Parcs suisses<\/a><\/li>\n<\/ul>\n<p>[\/et_pb_text][\/et_pb_column][et_pb_column type=\u00a0\u00bb1_4&Prime; _builder_version=\u00a0\u00bb4.16&Prime; _module_preset=\u00a0\u00bbdefault\u00a0\u00bb global_colors_info=\u00a0\u00bb{}\u00a0\u00bb][\/et_pb_column][\/et_pb_row][\/et_pb_section]<\/p>\n","protected":false},"excerpt":{"rendered":"<p>Publications et base de donn\u00e9esDans la s\u00e9rie de publications \u00ab Einblicke \u2013 Ausblicke \u00bb, une brochure concise est publi\u00e9e chaque ann\u00e9e pour pr\u00e9senter de mani\u00e8re claire et accessible les d\u00e9veloppements int\u00e9ressants dans la r\u00e9gion du patrimoine mondial SAJA. Vous trouverez ci-dessous une liste des publications d\u00e9j\u00e0 parues, que vous pouvez t\u00e9l\u00e9charger au format PDF (en [&hellip;]<\/p>\n","protected":false},"author":1,"featured_media":0,"parent":5059,"menu_order":13,"comment_status":"closed","ping_status":"closed","template":"","meta":{"_et_pb_use_builder":"on","_et_pb_old_content":"","_et_gb_content_width":"","footnotes":""},"class_list":["post-4490","page","type-page","status-publish","hentry"],"yoast_head":"<!-- This site is optimized with the Yoast SEO plugin v27.1.1 - https:\/\/yoast.com\/product\/yoast-seo-wordpress\/ -->\n<title>Publications et base de donn\u00e9es - UNESCO World Heritage Swiss Alps Jungfrau-Aletsch<\/title>\n<meta name=\"robots\" content=\"index, follow, max-snippet:-1, max-image-preview:large, max-video-preview:-1\" \/>\n<link rel=\"canonical\" href=\"https:\/\/jungfraualetsch.ch\/fr\/recherche\/publications-concernant-la-recherche-et-levaluation\/\" \/>\n<meta property=\"og:locale\" content=\"fr_FR\" \/>\n<meta property=\"og:type\" content=\"article\" \/>\n<meta property=\"og:title\" content=\"Publications et base de donn\u00e9es - UNESCO World Heritage Swiss Alps Jungfrau-Aletsch\" \/>\n<meta property=\"og:description\" content=\"Publications et base de donn\u00e9esDans la s\u00e9rie de publications \u00ab Einblicke \u2013 Ausblicke \u00bb, une brochure concise est publi\u00e9e chaque ann\u00e9e pour pr\u00e9senter de mani\u00e8re claire et accessible les d\u00e9veloppements int\u00e9ressants dans la r\u00e9gion du patrimoine mondial SAJA. Vous trouverez ci-dessous une liste des publications d\u00e9j\u00e0 parues, que vous pouvez t\u00e9l\u00e9charger au format PDF (en [&hellip;]\" \/>\n<meta property=\"og:url\" content=\"https:\/\/jungfraualetsch.ch\/fr\/recherche\/publications-concernant-la-recherche-et-levaluation\/\" \/>\n<meta property=\"og:site_name\" content=\"UNESCO World Heritage Swiss Alps Jungfrau-Aletsch\" \/>\n<meta property=\"article:modified_time\" content=\"2026-02-17T14:57:27+00:00\" \/>\n<meta name=\"twitter:card\" content=\"summary_large_image\" \/>\n<meta name=\"twitter:label1\" content=\"Dur\u00e9e de lecture estim\u00e9e\" \/>\n\t<meta name=\"twitter:data1\" content=\"2 minutes\" \/>\n<script type=\"application\/ld+json\" class=\"yoast-schema-graph\">{\"@context\":\"https:\/\/schema.org\",\"@graph\":[{\"@type\":\"WebPage\",\"@id\":\"https:\/\/jungfraualetsch.ch\/fr\/recherche\/publications-concernant-la-recherche-et-levaluation\/\",\"url\":\"https:\/\/jungfraualetsch.ch\/fr\/recherche\/publications-concernant-la-recherche-et-levaluation\/\",\"name\":\"Publications et base de donn\u00e9es - UNESCO World Heritage Swiss Alps Jungfrau-Aletsch\",\"isPartOf\":{\"@id\":\"https:\/\/jungfraualetsch.ch\/#website\"},\"datePublished\":\"2021-03-29T07:50:45+00:00\",\"dateModified\":\"2026-02-17T14:57:27+00:00\",\"breadcrumb\":{\"@id\":\"https:\/\/jungfraualetsch.ch\/fr\/recherche\/publications-concernant-la-recherche-et-levaluation\/#breadcrumb\"},\"inLanguage\":\"fr-FR\",\"potentialAction\":[{\"@type\":\"ReadAction\",\"target\":[\"https:\/\/jungfraualetsch.ch\/fr\/recherche\/publications-concernant-la-recherche-et-levaluation\/\"]}]},{\"@type\":\"BreadcrumbList\",\"@id\":\"https:\/\/jungfraualetsch.ch\/fr\/recherche\/publications-concernant-la-recherche-et-levaluation\/#breadcrumb\",\"itemListElement\":[{\"@type\":\"ListItem\",\"position\":1,\"name\":\"Startseite\",\"item\":\"https:\/\/jungfraualetsch.ch\/fr\/\"},{\"@type\":\"ListItem\",\"position\":2,\"name\":\"Recherche\",\"item\":\"https:\/\/jungfraualetsch.ch\/fr\/recherche\/\"},{\"@type\":\"ListItem\",\"position\":3,\"name\":\"Publications et base de donn\u00e9es\"}]},{\"@type\":\"WebSite\",\"@id\":\"https:\/\/jungfraualetsch.ch\/#website\",\"url\":\"https:\/\/jungfraualetsch.ch\/\",\"name\":\"UNESCO World Heritage Swiss Alps Jungfrau-Aletsch\",\"description\":\"\",\"potentialAction\":[{\"@type\":\"SearchAction\",\"target\":{\"@type\":\"EntryPoint\",\"urlTemplate\":\"https:\/\/jungfraualetsch.ch\/?s={search_term_string}\"},\"query-input\":{\"@type\":\"PropertyValueSpecification\",\"valueRequired\":true,\"valueName\":\"search_term_string\"}}],\"inLanguage\":\"fr-FR\"}]}<\/script>\n<!-- \/ Yoast SEO plugin. -->","yoast_head_json":{"title":"Publications et base de donn\u00e9es - UNESCO World Heritage Swiss Alps Jungfrau-Aletsch","robots":{"index":"index","follow":"follow","max-snippet":"max-snippet:-1","max-image-preview":"max-image-preview:large","max-video-preview":"max-video-preview:-1"},"canonical":"https:\/\/jungfraualetsch.ch\/fr\/recherche\/publications-concernant-la-recherche-et-levaluation\/","og_locale":"fr_FR","og_type":"article","og_title":"Publications et base de donn\u00e9es - UNESCO World Heritage Swiss Alps Jungfrau-Aletsch","og_description":"Publications et base de donn\u00e9esDans la s\u00e9rie de publications \u00ab Einblicke \u2013 Ausblicke \u00bb, une brochure concise est publi\u00e9e chaque ann\u00e9e pour pr\u00e9senter de mani\u00e8re claire et accessible les d\u00e9veloppements int\u00e9ressants dans la r\u00e9gion du patrimoine mondial SAJA. Vous trouverez ci-dessous une liste des publications d\u00e9j\u00e0 parues, que vous pouvez t\u00e9l\u00e9charger au format PDF (en [&hellip;]","og_url":"https:\/\/jungfraualetsch.ch\/fr\/recherche\/publications-concernant-la-recherche-et-levaluation\/","og_site_name":"UNESCO World Heritage Swiss Alps Jungfrau-Aletsch","article_modified_time":"2026-02-17T14:57:27+00:00","twitter_card":"summary_large_image","twitter_misc":{"Dur\u00e9e de lecture estim\u00e9e":"2 minutes"},"schema":{"@context":"https:\/\/schema.org","@graph":[{"@type":"WebPage","@id":"https:\/\/jungfraualetsch.ch\/fr\/recherche\/publications-concernant-la-recherche-et-levaluation\/","url":"https:\/\/jungfraualetsch.ch\/fr\/recherche\/publications-concernant-la-recherche-et-levaluation\/","name":"Publications et base de donn\u00e9es - UNESCO World Heritage Swiss Alps Jungfrau-Aletsch","isPartOf":{"@id":"https:\/\/jungfraualetsch.ch\/#website"},"datePublished":"2021-03-29T07:50:45+00:00","dateModified":"2026-02-17T14:57:27+00:00","breadcrumb":{"@id":"https:\/\/jungfraualetsch.ch\/fr\/recherche\/publications-concernant-la-recherche-et-levaluation\/#breadcrumb"},"inLanguage":"fr-FR","potentialAction":[{"@type":"ReadAction","target":["https:\/\/jungfraualetsch.ch\/fr\/recherche\/publications-concernant-la-recherche-et-levaluation\/"]}]},{"@type":"BreadcrumbList","@id":"https:\/\/jungfraualetsch.ch\/fr\/recherche\/publications-concernant-la-recherche-et-levaluation\/#breadcrumb","itemListElement":[{"@type":"ListItem","position":1,"name":"Startseite","item":"https:\/\/jungfraualetsch.ch\/fr\/"},{"@type":"ListItem","position":2,"name":"Recherche","item":"https:\/\/jungfraualetsch.ch\/fr\/recherche\/"},{"@type":"ListItem","position":3,"name":"Publications et base de donn\u00e9es"}]},{"@type":"WebSite","@id":"https:\/\/jungfraualetsch.ch\/#website","url":"https:\/\/jungfraualetsch.ch\/","name":"UNESCO World Heritage Swiss Alps Jungfrau-Aletsch","description":"","potentialAction":[{"@type":"SearchAction","target":{"@type":"EntryPoint","urlTemplate":"https:\/\/jungfraualetsch.ch\/?s={search_term_string}"},"query-input":{"@type":"PropertyValueSpecification","valueRequired":true,"valueName":"search_term_string"}}],"inLanguage":"fr-FR"}]}},"_links":{"self":[{"href":"https:\/\/jungfraualetsch.ch\/fr\/wp-json\/wp\/v2\/pages\/4490","targetHints":{"allow":["GET"]}}],"collection":[{"href":"https:\/\/jungfraualetsch.ch\/fr\/wp-json\/wp\/v2\/pages"}],"about":[{"href":"https:\/\/jungfraualetsch.ch\/fr\/wp-json\/wp\/v2\/types\/page"}],"author":[{"embeddable":true,"href":"https:\/\/jungfraualetsch.ch\/fr\/wp-json\/wp\/v2\/users\/1"}],"replies":[{"embeddable":true,"href":"https:\/\/jungfraualetsch.ch\/fr\/wp-json\/wp\/v2\/comments?post=4490"}],"version-history":[{"count":9,"href":"https:\/\/jungfraualetsch.ch\/fr\/wp-json\/wp\/v2\/pages\/4490\/revisions"}],"predecessor-version":[{"id":13920,"href":"https:\/\/jungfraualetsch.ch\/fr\/wp-json\/wp\/v2\/pages\/4490\/revisions\/13920"}],"up":[{"embeddable":true,"href":"https:\/\/jungfraualetsch.ch\/fr\/wp-json\/wp\/v2\/pages\/5059"}],"wp:attachment":[{"href":"https:\/\/jungfraualetsch.ch\/fr\/wp-json\/wp\/v2\/media?parent=4490"}],"curies":[{"name":"wp","href":"https:\/\/api.w.org\/{rel}","templated":true}]}}