{"id":4276,"date":"2021-03-29T12:34:43","date_gmt":"2021-03-29T12:34:43","guid":{"rendered":"https:\/\/jungfraualetsch.ch\/especes-et-habitats-prioritaires\/leinkraut-scheckenfalter\/"},"modified":"2026-01-12T11:30:31","modified_gmt":"2026-01-12T11:30:31","slug":"melitee-des-linaires","status":"publish","type":"page","link":"https:\/\/jungfraualetsch.ch\/fr\/preserver-et-valoriser\/projets-de-promotion\/melitee-des-linaires\/","title":{"rendered":"M\u00e9lit\u00e9e des linaires"},"content":{"rendered":"<p>[et_pb_section fb_built=\u00a0\u00bb1&Prime; fullwidth=\u00a0\u00bbon\u00a0\u00bb _builder_version=\u00a0\u00bb4.16&Prime; _module_preset=\u00a0\u00bbdefault\u00a0\u00bb background_image=\u00a0\u00bbhttps:\/\/jungfraualetsch.ch\/wp-content\/uploads\/2021\/03\/header_03_welterbe_pat_IMG_0916-scaled.jpg\u00a0\u00bb parallax=\u00a0\u00bbon\u00a0\u00bb bottom_divider_style=\u00a0\u00bbslant2&Prime; bottom_divider_color=\u00a0\u00bb#FFFFFF\u00a0\u00bb bottom_divider_flip=\u00a0\u00bbhorizontal\u00a0\u00bb bottom_divider_height_tablet=\u00a0\u00bb\u00a0\u00bb bottom_divider_height_phone=\u00a0\u00bb\u00a0\u00bb bottom_divider_height_last_edited=\u00a0\u00bbon|desktop\u00a0\u00bb custom_css_main_element=\u00a0\u00bbmin-height: 45vh;\u00a0\u00bb global_colors_info=\u00a0\u00bb{}\u00a0\u00bb][\/et_pb_section][et_pb_section fb_built=\u00a0\u00bb1&Prime; _builder_version=\u00a0\u00bb4.16&Prime; _module_preset=\u00a0\u00bbdefault\u00a0\u00bb background_enable_color=\u00a0\u00bboff\u00a0\u00bb background_enable_image=\u00a0\u00bboff\u00a0\u00bb top_divider_flip=\u00a0\u00bbhorizontal\u00a0\u00bb global_colors_info=\u00a0\u00bb{}\u00a0\u00bb][et_pb_row _builder_version=\u00a0\u00bb4.16&Prime; _module_preset=\u00a0\u00bbdefault\u00a0\u00bb global_colors_info=\u00a0\u00bb{}\u00a0\u00bb][et_pb_column type=\u00a0\u00bb4_4&Prime; _builder_version=\u00a0\u00bb4.16&Prime; _module_preset=\u00a0\u00bbdefault\u00a0\u00bb global_colors_info=\u00a0\u00bb{}\u00a0\u00bb][et_pb_text admin_label=\u00a0\u00bbTitel\u00a0\u00bb _builder_version=\u00a0\u00bb4.16&Prime; _module_preset=\u00a0\u00bbdefault\u00a0\u00bb global_colors_info=\u00a0\u00bb{}\u00a0\u00bb]<\/p>\n<h1>M\u00e9lit\u00e9e des linaires<\/h1>\n<p>[\/et_pb_text][\/et_pb_column][\/et_pb_row][et_pb_row column_structure=\u00a0\u00bb3_4,1_4&Prime; _builder_version=\u00a0\u00bb4.16&Prime; _module_preset=\u00a0\u00bbdefault\u00a0\u00bb global_colors_info=\u00a0\u00bb{}\u00a0\u00bb disabled_on=\u00a0\u00bbon|on|on\u00a0\u00bb disabled=\u00a0\u00bbon\u00a0\u00bb][et_pb_column type=\u00a0\u00bb3_4&Prime; _builder_version=\u00a0\u00bb4.16&Prime; _module_preset=\u00a0\u00bbdefault\u00a0\u00bb global_colors_info=\u00a0\u00bb{}\u00a0\u00bb][et_pb_text _builder_version=\u00a0\u00bb4.16&Prime; _module_preset=\u00a0\u00bbdefault\u00a0\u00bb hover_enabled=\u00a0\u00bb0&Prime; global_colors_info=\u00a0\u00bb{}\u00a0\u00bb sticky_enabled=\u00a0\u00bb0&Prime;]<\/p>\n<p>Le meilleur moment pour observer le papillon M\u00e9lit\u00e9e des linaires (Mellicta deione berisalii) est au mois de juin, dans les journ\u00e9es ensoleill\u00e9es avec peu de vent, dans les alentours de Ausserberg-Hohtenn, sur la rampe sud du L\u00f6tschberg. On peut le reconna\u00eetre par sa couleur orange-marron et par les bords de ses ailes caract\u00e9ris\u00e9s par un motif de filet noir. Ce papillon aime le climat chaud et sec. En Suisse on conna\u00eet 11 esp\u00e8ces de cette famille, toutes avec un aspect assez similaire. La chenille du papillon M\u00e9lit\u00e9e des linaires est li\u00e9e \u00e0 la plante qui l\u2019alimente, c\u2019est-\u00e0-dire la Linaire italienne. Elles sont toutes les deux diffus\u00e9es en M\u00e9diterran\u00e9e, d\u2019o\u00f9 elles sont immigr\u00e9es dans la vall\u00e9e du Rh\u00f4ne apr\u00e8s la derni\u00e8re glaciation. Une sous-esp\u00e8ce du papillon M\u00e9lit\u00e9e des linaires est pr\u00e9sente seulement dans le Valais, par cons\u00e9quent elle est consid\u00e9r\u00e9e end\u00e9mique dans la Vall\u00e9e du Rh\u00f4ne.<\/p>\n<p>Dans le pass\u00e9, des nombreux terrains \u00e9taient labour\u00e9s, d\u2019o\u00f9 une forte fr\u00e9quence de la pr\u00e9sence de ce papillon \u00e9tait observ\u00e9. Depuis c\u2019est devenu rare. La raison est simple: la chenille du papillon ne s\u2019alimente que des feuilles de Linaire italienne, qui poussent dans les champs secs et cultiv\u00e9s ainsi que dans les vignobles. Il s\u2019agit d\u2019une mauvaise herbe, par cons\u00e9quent si la plante est peu diffus\u00e9e, le papillon deviendra une esp\u00e8ce rare.<\/p>\n<p>[\/et_pb_text][\/et_pb_column][et_pb_column type=\u00a0\u00bb1_4&Prime; _builder_version=\u00a0\u00bb4.16&Prime; _module_preset=\u00a0\u00bbdefault\u00a0\u00bb global_colors_info=\u00a0\u00bb{}\u00a0\u00bb][\/et_pb_column][\/et_pb_row][et_pb_row column_structure=\u00a0\u00bb3_4,1_4&Prime; _builder_version=\u00a0\u00bb4.16&Prime; _module_preset=\u00a0\u00bbdefault\u00a0\u00bb global_colors_info=\u00a0\u00bb{}\u00a0\u00bb disabled_on=\u00a0\u00bbon|on|on\u00a0\u00bb disabled=\u00a0\u00bbon\u00a0\u00bb][et_pb_column type=\u00a0\u00bb3_4&Prime; _builder_version=\u00a0\u00bb4.16&Prime; _module_preset=\u00a0\u00bbdefault\u00a0\u00bb global_colors_info=\u00a0\u00bb{}\u00a0\u00bb][et_pb_text _builder_version=\u00a0\u00bb4.16&Prime; _module_preset=\u00a0\u00bbdefault\u00a0\u00bb global_colors_info=\u00a0\u00bb{}\u00a0\u00bb]<\/p>\n<p><strong>Mesures de conservation<\/strong><br \/>En 2014 le Bureau pour l\u2019Environnement et l\u2019Energie (buweg) a \u00e9labor\u00e9 une carte de la distribution du papillon M\u00e9lit\u00e9e des linaires dans le site du Patrimoine Mondial. Cela a contribu\u00e9 \u00e0 la connaissance du cycle de vie de cette esp\u00e8ce rare. Cette \u00e9tude a cr\u00e9\u00e9 les bases pour l\u2019\u00e9laboration des recommandations pour la protection et la restauration du papillon, qui seront r\u00e9alis\u00e9es en collaboration avec les agriculteurs. En 2015, le projet concernant le papillon M\u00e9lit\u00e9e des linaires a \u00e9t\u00e9 inclus dans le de projet \u201cR\u00e9seau Ausserberg\u201d et par cons\u00e9quent des accords ont \u00e9t\u00e9 sign\u00e9s r\u00e9gulant l\u2019agriculture extensive.<\/p>\n<p>Toujours en 2015, une action pilote avec l\u2019aide des b\u00e9n\u00e9voles a \u00e9t\u00e9 men\u00e9e avec l\u2019agriculteur de montagne Orlando Schmid. Dans un p\u00e2turage labour\u00e9 pr\u00e8s de Ausserberg 240 petites plantes de Linaire italienne ont \u00e9t\u00e9 plant\u00e9es.<\/p>\n<p>Une premi\u00e8re \u00e9valuation du projet a donn\u00e9 des r\u00e9sultats encourageants.<\/p>\n<p>[\/et_pb_text][\/et_pb_column][et_pb_column type=\u00a0\u00bb1_4&Prime; _builder_version=\u00a0\u00bb4.16&Prime; _module_preset=\u00a0\u00bbdefault\u00a0\u00bb global_colors_info=\u00a0\u00bb{}\u00a0\u00bb][\/et_pb_column][\/et_pb_row][et_pb_row _builder_version=\u00a0\u00bb4.16&Prime; _module_preset=\u00a0\u00bbdefault\u00a0\u00bb global_colors_info=\u00a0\u00bb{}\u00a0\u00bb disabled_on=\u00a0\u00bbon|on|on\u00a0\u00bb disabled=\u00a0\u00bbon\u00a0\u00bb][et_pb_column type=\u00a0\u00bb4_4&Prime; _builder_version=\u00a0\u00bb4.16&Prime; _module_preset=\u00a0\u00bbdefault\u00a0\u00bb global_colors_info=\u00a0\u00bb{}\u00a0\u00bb][et_pb_image src=\u00a0\u00bbhttps:\/\/jungfraualetsch.ch\/wp-content\/uploads\/2021\/03\/P1060429-2000&#215;1334-1.jpg\u00a0\u00bb title_text=\u00a0\u00bbP1060429-2000&#215;1334&Prime; _builder_version=\u00a0\u00bb4.16&Prime; _module_preset=\u00a0\u00bbdefault\u00a0\u00bb global_colors_info=\u00a0\u00bb{}\u00a0\u00bb][\/et_pb_image][\/et_pb_column][\/et_pb_row][et_pb_row column_structure=\u00a0\u00bb3_4,1_4&Prime; _builder_version=\u00a0\u00bb4.16&Prime; _module_preset=\u00a0\u00bbdefault\u00a0\u00bb global_colors_info=\u00a0\u00bb{}\u00a0\u00bb][et_pb_column type=\u00a0\u00bb3_4&Prime; _builder_version=\u00a0\u00bb4.16&Prime; _module_preset=\u00a0\u00bbdefault\u00a0\u00bb global_colors_info=\u00a0\u00bb{}\u00a0\u00bb][et_pb_text _builder_version=\u00a0\u00bb4.27.4&Prime; _module_preset=\u00a0\u00bbdefault\u00a0\u00bb hover_enabled=\u00a0\u00bb0&Prime; global_colors_info=\u00a0\u00bb{}\u00a0\u00bb sticky_enabled=\u00a0\u00bb0&Prime;]<\/p>\n<p>La M\u00e9lit\u00e9e des linaires (Mellicta deione berisalii) est une sous-esp\u00e8ce que l\u2019on rencontre uniquement dans le Haut-Valais, ce qui en fait un end\u00e9mique de la vall\u00e9e du Rh\u00f4ne. Aujourd\u2019hui, ce petit papillon est fortement menac\u00e9 et figure sur la Liste rouge.<\/p>\n<p>Sa survie d\u00e9pend enti\u00e8rement de sa plante h\u00f4te, la Linaire \u00e0 feuilles \u00e9troites (Linaria angustissima), car c\u2019est sur elle que se d\u00e9veloppe sa chenille. Le d\u00e9clin marqu\u00e9 de la population est directement li\u00e9 \u00e0 la disparition de cette plante. En effet, les habitats originels de la M\u00e9lit\u00e9e \u2013 les steppes rocheuses ainsi que les sites rud\u00e9raux (sol pierreux et pauvre en humus, comme dans les vignes et certaines terres agricoles) &#8211; se broussaillent, sont abandonn\u00e9s ou exploit\u00e9s de mani\u00e8re trop intensive.<\/p>\n<p><strong>Nos actions<\/strong><br \/>La Fondation SAJA s\u2019engage activement pour la protection de la M\u00e9lit\u00e9e des linaires. En plus des relev\u00e9s annuels et des travaux de cartographie r\u00e9alis\u00e9s dans la r\u00e9gion d\u2019Ausserberg-Hohtenn, diverses mesures de soutien ont \u00e9t\u00e9 mises en \u0153uvre. Par exemple, la Linaire a \u00e9t\u00e9 favoris\u00e9e le long de la route jusqu\u2019\u00e0 Leiggern gr\u00e2ce \u00e0 des plantations, et certaines parcelles agricoles ont \u00e9t\u00e9 labour\u00e9es. Depuis 2022, d\u2019anciens champs sont labour\u00e9s et remis en \u00e9tat avec l\u2019aide de classes d\u2019\u00e9coles. Par ailleurs, des contrats d\u2019exploitation garantissent que certaines parcelles soient travaill\u00e9es r\u00e9guli\u00e8rement, assurant ainsi la pr\u00e9servation de cet habitat fragile.<\/p>\n<p><strong>Informations suppl\u00e9mentaires (en allemand)<\/strong><\/p>\n<ul>\n<li><a href=\"https:\/\/jungfraualetsch.ch\/wp-content\/uploads\/2021\/03\/Leinkrautscheckenfalter-Bericht_Web.pdf\" target=\"_blank\" rel=\"noopener\">Rapport concernant le papillon M\u00e9lit\u00e9e des linaires<\/a><\/li>\n<li><a href=\"https:\/\/jungfraualetsch.ch\/wp-content\/uploads\/2021\/03\/2015_06_11_WB_Scheckenfalter.pdf\" target=\"_blank\" rel=\"noopener\">Communiqu\u00e9 de presse<\/a><\/li>\n<li><a href=\"https:\/\/myswissalps.ch\/poi\/504\" target=\"_blank\" rel=\"noopener\">D\u00e9couvrons ensemble le papillon M\u00e9lit\u00e9e des linaires dans le site du Patrimoine Mondial<\/a><\/li>\n<li><a href=\"https:\/\/jungfraualetsch.ch\/wp-content\/uploads\/2021\/03\/2016_06_08_Mitteilung_Leinkrautpflanzung.pdf\" target=\"_blank\" rel=\"noopener\">Communiqu\u00e9 de presse 2016<\/a><\/li>\n<li><a href=\"https:\/\/jungfraualetsch.ch\/wp-content\/uploads\/2021\/03\/Flyer_Leinkrautscheckenfalter-1.pdf\" target=\"_blank\" rel=\"noopener\">Flyer M\u00e9lit\u00e9e des linaires<\/a><\/li>\n<\/ul>\n<p>[\/et_pb_text][\/et_pb_column][et_pb_column type=\u00a0\u00bb1_4&Prime; _builder_version=\u00a0\u00bb4.16&Prime; _module_preset=\u00a0\u00bbdefault\u00a0\u00bb global_colors_info=\u00a0\u00bb{}\u00a0\u00bb][\/et_pb_column][\/et_pb_row][et_pb_row _builder_version=\u00a0\u00bb4.16&Prime; _module_preset=\u00a0\u00bbdefault\u00a0\u00bb global_colors_info=\u00a0\u00bb{}\u00a0\u00bb][et_pb_column type=\u00a0\u00bb4_4&Prime; _builder_version=\u00a0\u00bb4.16&Prime; _module_preset=\u00a0\u00bbdefault\u00a0\u00bb global_colors_info=\u00a0\u00bb{}\u00a0\u00bb][et_pb_gallery gallery_ids=\u00a0\u00bb4009,4005,4001,3997&Prime; gallery_orderby=\u00a0\u00bbrand\u00a0\u00bb fullwidth=\u00a0\u00bbon\u00a0\u00bb _builder_version=\u00a0\u00bb4.16&Prime; _module_preset=\u00a0\u00bbdefault\u00a0\u00bb auto=\u00a0\u00bbon\u00a0\u00bb auto_speed=\u00a0\u00bb3500&Prime; global_colors_info=\u00a0\u00bb{}\u00a0\u00bb][\/et_pb_gallery][\/et_pb_column][\/et_pb_row][et_pb_row _builder_version=\u00a0\u00bb4.16&Prime; _module_preset=\u00a0\u00bbdefault\u00a0\u00bb global_colors_info=\u00a0\u00bb{}\u00a0\u00bb][et_pb_column type=\u00a0\u00bb4_4&Prime; _builder_version=\u00a0\u00bb4.16&Prime; _module_preset=\u00a0\u00bbdefault\u00a0\u00bb global_colors_info=\u00a0\u00bb{}\u00a0\u00bb][et_pb_video src=\u00a0\u00bbhttps:\/\/www.youtube.com\/watch?v=_hscx-rMYnw\u00a0\u00bb _builder_version=\u00a0\u00bb4.16&Prime; _module_preset=\u00a0\u00bbdefault\u00a0\u00bb global_colors_info=\u00a0\u00bb{}\u00a0\u00bb][\/et_pb_video][\/et_pb_column][\/et_pb_row][\/et_pb_section]<\/p>\n","protected":false},"excerpt":{"rendered":"<p>M\u00e9lit\u00e9e des linairesLe meilleur moment pour observer le papillon M\u00e9lit\u00e9e des linaires (Mellicta deione berisalii) est au mois de juin, dans les journ\u00e9es ensoleill\u00e9es avec peu de vent, dans les alentours de Ausserberg-Hohtenn, sur la rampe sud du L\u00f6tschberg. On peut le reconna\u00eetre par sa couleur orange-marron et par les bords de ses ailes caract\u00e9ris\u00e9s [&hellip;]<\/p>\n","protected":false},"author":1,"featured_media":0,"parent":3428,"menu_order":39,"comment_status":"closed","ping_status":"closed","template":"","meta":{"_et_pb_use_builder":"on","_et_pb_old_content":"","_et_gb_content_width":"","footnotes":""},"class_list":["post-4276","page","type-page","status-publish","hentry"],"yoast_head":"<!-- This site is optimized with the Yoast SEO plugin v27.1.1 - https:\/\/yoast.com\/product\/yoast-seo-wordpress\/ -->\n<title>M\u00e9lit\u00e9e des linaires - UNESCO World Heritage Swiss Alps Jungfrau-Aletsch<\/title>\n<meta name=\"robots\" content=\"index, follow, max-snippet:-1, max-image-preview:large, max-video-preview:-1\" \/>\n<link rel=\"canonical\" href=\"https:\/\/jungfraualetsch.ch\/fr\/preserver-et-valoriser\/projets-de-promotion\/melitee-des-linaires\/\" \/>\n<meta property=\"og:locale\" content=\"fr_FR\" \/>\n<meta property=\"og:type\" content=\"article\" \/>\n<meta property=\"og:title\" content=\"M\u00e9lit\u00e9e des linaires - UNESCO World Heritage Swiss Alps Jungfrau-Aletsch\" \/>\n<meta property=\"og:description\" content=\"M\u00e9lit\u00e9e des linairesLe meilleur moment pour observer le papillon M\u00e9lit\u00e9e des linaires (Mellicta deione berisalii) est au mois de juin, dans les journ\u00e9es ensoleill\u00e9es avec peu de vent, dans les alentours de Ausserberg-Hohtenn, sur la rampe sud du L\u00f6tschberg. On peut le reconna\u00eetre par sa couleur orange-marron et par les bords de ses ailes caract\u00e9ris\u00e9s [&hellip;]\" \/>\n<meta property=\"og:url\" content=\"https:\/\/jungfraualetsch.ch\/fr\/preserver-et-valoriser\/projets-de-promotion\/melitee-des-linaires\/\" \/>\n<meta property=\"og:site_name\" content=\"UNESCO World Heritage Swiss Alps Jungfrau-Aletsch\" \/>\n<meta property=\"article:modified_time\" content=\"2026-01-12T11:30:31+00:00\" \/>\n<meta name=\"twitter:card\" content=\"summary_large_image\" \/>\n<meta name=\"twitter:label1\" content=\"Dur\u00e9e de lecture estim\u00e9e\" \/>\n\t<meta name=\"twitter:data1\" content=\"3 minutes\" \/>\n<script type=\"application\/ld+json\" class=\"yoast-schema-graph\">{\"@context\":\"https:\/\/schema.org\",\"@graph\":[{\"@type\":\"WebPage\",\"@id\":\"https:\/\/jungfraualetsch.ch\/fr\/preserver-et-valoriser\/projets-de-promotion\/melitee-des-linaires\/\",\"url\":\"https:\/\/jungfraualetsch.ch\/fr\/preserver-et-valoriser\/projets-de-promotion\/melitee-des-linaires\/\",\"name\":\"M\u00e9lit\u00e9e des linaires - UNESCO World Heritage Swiss Alps Jungfrau-Aletsch\",\"isPartOf\":{\"@id\":\"https:\/\/jungfraualetsch.ch\/#website\"},\"datePublished\":\"2021-03-29T12:34:43+00:00\",\"dateModified\":\"2026-01-12T11:30:31+00:00\",\"breadcrumb\":{\"@id\":\"https:\/\/jungfraualetsch.ch\/fr\/preserver-et-valoriser\/projets-de-promotion\/melitee-des-linaires\/#breadcrumb\"},\"inLanguage\":\"fr-FR\",\"potentialAction\":[{\"@type\":\"ReadAction\",\"target\":[\"https:\/\/jungfraualetsch.ch\/fr\/preserver-et-valoriser\/projets-de-promotion\/melitee-des-linaires\/\"]}]},{\"@type\":\"BreadcrumbList\",\"@id\":\"https:\/\/jungfraualetsch.ch\/fr\/preserver-et-valoriser\/projets-de-promotion\/melitee-des-linaires\/#breadcrumb\",\"itemListElement\":[{\"@type\":\"ListItem\",\"position\":1,\"name\":\"Startseite\",\"item\":\"https:\/\/jungfraualetsch.ch\/fr\/\"},{\"@type\":\"ListItem\",\"position\":2,\"name\":\"Pr\u00e9server et valoriser\",\"item\":\"https:\/\/jungfraualetsch.ch\/fr\/preserver-et-valoriser\/\"},{\"@type\":\"ListItem\",\"position\":3,\"name\":\"Projets de promotion\",\"item\":\"https:\/\/jungfraualetsch.ch\/fr\/preserver-et-valoriser\/projets-de-promotion\/\"},{\"@type\":\"ListItem\",\"position\":4,\"name\":\"M\u00e9lit\u00e9e des linaires\"}]},{\"@type\":\"WebSite\",\"@id\":\"https:\/\/jungfraualetsch.ch\/#website\",\"url\":\"https:\/\/jungfraualetsch.ch\/\",\"name\":\"UNESCO World Heritage Swiss Alps Jungfrau-Aletsch\",\"description\":\"\",\"potentialAction\":[{\"@type\":\"SearchAction\",\"target\":{\"@type\":\"EntryPoint\",\"urlTemplate\":\"https:\/\/jungfraualetsch.ch\/?s={search_term_string}\"},\"query-input\":{\"@type\":\"PropertyValueSpecification\",\"valueRequired\":true,\"valueName\":\"search_term_string\"}}],\"inLanguage\":\"fr-FR\"}]}<\/script>\n<!-- \/ Yoast SEO plugin. -->","yoast_head_json":{"title":"M\u00e9lit\u00e9e des linaires - UNESCO World Heritage Swiss Alps Jungfrau-Aletsch","robots":{"index":"index","follow":"follow","max-snippet":"max-snippet:-1","max-image-preview":"max-image-preview:large","max-video-preview":"max-video-preview:-1"},"canonical":"https:\/\/jungfraualetsch.ch\/fr\/preserver-et-valoriser\/projets-de-promotion\/melitee-des-linaires\/","og_locale":"fr_FR","og_type":"article","og_title":"M\u00e9lit\u00e9e des linaires - UNESCO World Heritage Swiss Alps Jungfrau-Aletsch","og_description":"M\u00e9lit\u00e9e des linairesLe meilleur moment pour observer le papillon M\u00e9lit\u00e9e des linaires (Mellicta deione berisalii) est au mois de juin, dans les journ\u00e9es ensoleill\u00e9es avec peu de vent, dans les alentours de Ausserberg-Hohtenn, sur la rampe sud du L\u00f6tschberg. On peut le reconna\u00eetre par sa couleur orange-marron et par les bords de ses ailes caract\u00e9ris\u00e9s [&hellip;]","og_url":"https:\/\/jungfraualetsch.ch\/fr\/preserver-et-valoriser\/projets-de-promotion\/melitee-des-linaires\/","og_site_name":"UNESCO World Heritage Swiss Alps Jungfrau-Aletsch","article_modified_time":"2026-01-12T11:30:31+00:00","twitter_card":"summary_large_image","twitter_misc":{"Dur\u00e9e de lecture estim\u00e9e":"3 minutes"},"schema":{"@context":"https:\/\/schema.org","@graph":[{"@type":"WebPage","@id":"https:\/\/jungfraualetsch.ch\/fr\/preserver-et-valoriser\/projets-de-promotion\/melitee-des-linaires\/","url":"https:\/\/jungfraualetsch.ch\/fr\/preserver-et-valoriser\/projets-de-promotion\/melitee-des-linaires\/","name":"M\u00e9lit\u00e9e des linaires - UNESCO World Heritage Swiss Alps Jungfrau-Aletsch","isPartOf":{"@id":"https:\/\/jungfraualetsch.ch\/#website"},"datePublished":"2021-03-29T12:34:43+00:00","dateModified":"2026-01-12T11:30:31+00:00","breadcrumb":{"@id":"https:\/\/jungfraualetsch.ch\/fr\/preserver-et-valoriser\/projets-de-promotion\/melitee-des-linaires\/#breadcrumb"},"inLanguage":"fr-FR","potentialAction":[{"@type":"ReadAction","target":["https:\/\/jungfraualetsch.ch\/fr\/preserver-et-valoriser\/projets-de-promotion\/melitee-des-linaires\/"]}]},{"@type":"BreadcrumbList","@id":"https:\/\/jungfraualetsch.ch\/fr\/preserver-et-valoriser\/projets-de-promotion\/melitee-des-linaires\/#breadcrumb","itemListElement":[{"@type":"ListItem","position":1,"name":"Startseite","item":"https:\/\/jungfraualetsch.ch\/fr\/"},{"@type":"ListItem","position":2,"name":"Pr\u00e9server et valoriser","item":"https:\/\/jungfraualetsch.ch\/fr\/preserver-et-valoriser\/"},{"@type":"ListItem","position":3,"name":"Projets de promotion","item":"https:\/\/jungfraualetsch.ch\/fr\/preserver-et-valoriser\/projets-de-promotion\/"},{"@type":"ListItem","position":4,"name":"M\u00e9lit\u00e9e des linaires"}]},{"@type":"WebSite","@id":"https:\/\/jungfraualetsch.ch\/#website","url":"https:\/\/jungfraualetsch.ch\/","name":"UNESCO World Heritage Swiss Alps Jungfrau-Aletsch","description":"","potentialAction":[{"@type":"SearchAction","target":{"@type":"EntryPoint","urlTemplate":"https:\/\/jungfraualetsch.ch\/?s={search_term_string}"},"query-input":{"@type":"PropertyValueSpecification","valueRequired":true,"valueName":"search_term_string"}}],"inLanguage":"fr-FR"}]}},"_links":{"self":[{"href":"https:\/\/jungfraualetsch.ch\/fr\/wp-json\/wp\/v2\/pages\/4276","targetHints":{"allow":["GET"]}}],"collection":[{"href":"https:\/\/jungfraualetsch.ch\/fr\/wp-json\/wp\/v2\/pages"}],"about":[{"href":"https:\/\/jungfraualetsch.ch\/fr\/wp-json\/wp\/v2\/types\/page"}],"author":[{"embeddable":true,"href":"https:\/\/jungfraualetsch.ch\/fr\/wp-json\/wp\/v2\/users\/1"}],"replies":[{"embeddable":true,"href":"https:\/\/jungfraualetsch.ch\/fr\/wp-json\/wp\/v2\/comments?post=4276"}],"version-history":[{"count":4,"href":"https:\/\/jungfraualetsch.ch\/fr\/wp-json\/wp\/v2\/pages\/4276\/revisions"}],"predecessor-version":[{"id":13510,"href":"https:\/\/jungfraualetsch.ch\/fr\/wp-json\/wp\/v2\/pages\/4276\/revisions\/13510"}],"up":[{"embeddable":true,"href":"https:\/\/jungfraualetsch.ch\/fr\/wp-json\/wp\/v2\/pages\/3428"}],"wp:attachment":[{"href":"https:\/\/jungfraualetsch.ch\/fr\/wp-json\/wp\/v2\/media?parent=4276"}],"curies":[{"name":"wp","href":"https:\/\/api.w.org\/{rel}","templated":true}]}}