{"id":4229,"date":"2021-03-29T12:14:51","date_gmt":"2021-03-29T12:14:51","guid":{"rendered":"https:\/\/jungfraualetsch.ch\/especes-et-habitats-prioritaires\/rudolphis-trompetenmoos\/"},"modified":"2026-01-12T11:40:02","modified_gmt":"2026-01-12T11:40:02","slug":"mousse-tayloria-rudolphiana","status":"publish","type":"page","link":"https:\/\/jungfraualetsch.ch\/fr\/preserver-et-valoriser\/projets-de-promotion\/mousse-tayloria-rudolphiana\/","title":{"rendered":"Mousse Tayloria Rudolphiana"},"content":{"rendered":"<p>[et_pb_section fb_built=\u00a0\u00bb1&Prime; fullwidth=\u00a0\u00bbon\u00a0\u00bb _builder_version=\u00a0\u00bb4.16&Prime; _module_preset=\u00a0\u00bbdefault\u00a0\u00bb background_image=\u00a0\u00bbhttps:\/\/jungfraualetsch.ch\/wp-content\/uploads\/2021\/03\/header_03_welterbe_pat_IMG_0916-scaled.jpg\u00a0\u00bb parallax=\u00a0\u00bbon\u00a0\u00bb bottom_divider_style=\u00a0\u00bbslant2&Prime; bottom_divider_color=\u00a0\u00bb#FFFFFF\u00a0\u00bb bottom_divider_flip=\u00a0\u00bbhorizontal\u00a0\u00bb bottom_divider_height_tablet=\u00a0\u00bb\u00a0\u00bb bottom_divider_height_phone=\u00a0\u00bb\u00a0\u00bb bottom_divider_height_last_edited=\u00a0\u00bbon|desktop\u00a0\u00bb custom_css_main_element=\u00a0\u00bbmin-height: 45vh;\u00a0\u00bb global_colors_info=\u00a0\u00bb{}\u00a0\u00bb][\/et_pb_section][et_pb_section fb_built=\u00a0\u00bb1&Prime; _builder_version=\u00a0\u00bb4.16&Prime; _module_preset=\u00a0\u00bbdefault\u00a0\u00bb background_enable_color=\u00a0\u00bboff\u00a0\u00bb background_enable_image=\u00a0\u00bboff\u00a0\u00bb top_divider_flip=\u00a0\u00bbhorizontal\u00a0\u00bb global_colors_info=\u00a0\u00bb{}\u00a0\u00bb][et_pb_row _builder_version=\u00a0\u00bb4.16&Prime; _module_preset=\u00a0\u00bbdefault\u00a0\u00bb global_colors_info=\u00a0\u00bb{}\u00a0\u00bb][et_pb_column type=\u00a0\u00bb4_4&Prime; _builder_version=\u00a0\u00bb4.16&Prime; _module_preset=\u00a0\u00bbdefault\u00a0\u00bb global_colors_info=\u00a0\u00bb{}\u00a0\u00bb][et_pb_text admin_label=\u00a0\u00bbTitel\u00a0\u00bb _builder_version=\u00a0\u00bb4.16&Prime; _module_preset=\u00a0\u00bbdefault\u00a0\u00bb global_colors_info=\u00a0\u00bb{}\u00a0\u00bb]<\/p>\n<h1>Mousse Tayloria Rudolphiana<\/h1>\n<p>[\/et_pb_text][\/et_pb_column][\/et_pb_row][et_pb_row column_structure=\u00a0\u00bb3_4,1_4&Prime; disabled_on=\u00a0\u00bbon|on|on\u00a0\u00bb _builder_version=\u00a0\u00bb4.16&Prime; _module_preset=\u00a0\u00bbdefault\u00a0\u00bb disabled=\u00a0\u00bbon\u00a0\u00bb global_colors_info=\u00a0\u00bb{}\u00a0\u00bb][et_pb_column type=\u00a0\u00bb3_4&Prime; _builder_version=\u00a0\u00bb4.16&Prime; _module_preset=\u00a0\u00bbdefault\u00a0\u00bb global_colors_info=\u00a0\u00bb{}\u00a0\u00bb][et_pb_text _builder_version=\u00a0\u00bb4.16&Prime; _module_preset=\u00a0\u00bbdefault\u00a0\u00bb global_colors_info=\u00a0\u00bb{}\u00a0\u00bb]<\/p>\n<p>Les arbres de sycomore (Acer pseudoplatanus) dans les prairies et les p\u00e2turages de l\u2019Oberland bernois sont agr\u00e9ables \u00e0 regarder et ils contribuent \u00e0 rendre le paysage attractif et vari\u00e9, surtout en automne avec leurs feuilles jaunes. Les p\u00e2turages de sycomore repr\u00e9sentent des anciens paysages culturels cr\u00e9\u00e9s par l\u2019homme, et ils t\u00e9moignent depuis des si\u00e8cles de l\u2019agriculture traditionnelle. Ces arbres ont \u00e9t\u00e9 utilis\u00e9s de fa\u00e7on diff\u00e9rente par les hommes et ils ont constitu\u00e9s un espace vital pour beaucoup de plantes et d\u2019animaux, parmi lesquels la rare et prot\u00e9g\u00e9e mousse Tayloria Rudolphiana. Cette esp\u00e8ce particuli\u00e8re pousse sur des vieux arbres solitaires de sycomore aux branches larges. Sa distribution dans le site du Patrimoine Mondial est limit\u00e9e \u00e0 des petites zones dans les vall\u00e9es de <a href=\"https:\/\/dev.myswissalps.ch\/poi\/496\" target=\"_blank\" rel=\"noopener\">Reichenbach<\/a> et de <a href=\"https:\/\/dev.myswissalps.ch\/poi\/420\" target=\"_blank\" rel=\"noopener\">Kiental<\/a>.<\/p>\n<p>[\/et_pb_text][\/et_pb_column][et_pb_column type=\u00a0\u00bb1_4&Prime; _builder_version=\u00a0\u00bb4.16&Prime; _module_preset=\u00a0\u00bbdefault\u00a0\u00bb global_colors_info=\u00a0\u00bb{}\u00a0\u00bb][\/et_pb_column][\/et_pb_row][et_pb_row column_structure=\u00a0\u00bb3_4,1_4&Prime; _builder_version=\u00a0\u00bb4.16&Prime; _module_preset=\u00a0\u00bbdefault\u00a0\u00bb global_colors_info=\u00a0\u00bb{}\u00a0\u00bb][et_pb_column type=\u00a0\u00bb3_4&Prime; _builder_version=\u00a0\u00bb4.16&Prime; _module_preset=\u00a0\u00bbdefault\u00a0\u00bb global_colors_info=\u00a0\u00bb{}\u00a0\u00bb][et_pb_text _builder_version=\u00a0\u00bb4.27.4&Prime; _module_preset=\u00a0\u00bbdefault\u00a0\u00bb hover_enabled=\u00a0\u00bb0&Prime; global_colors_info=\u00a0\u00bb{}\u00a0\u00bb sticky_enabled=\u00a0\u00bb0&Prime;]<\/p>\n<p>Cette esp\u00e8ce de mousse rare et strictement prot\u00e9g\u00e9e pousse principalement sur de tr\u00e8s vieux \u00e9rables sycomores isol\u00e9s (Acer pseudoplatanus). Elle ne se rencontre dans le patrimoine mondial SAJA que \u00e0 quelques endroits dispers\u00e9s dans les vall\u00e9es de Reichenbach et du Kiental. Les p\u00e2turages bois\u00e9s \u00e0 \u00e9rables sycomores sont des paysages culturels anciens, cr\u00e9\u00e9s par l\u2019homme, et t\u00e9moins de plusieurs si\u00e8cles de pratiques agricoles traditionnelles.<\/p>\n<p><strong>Nos actions<\/strong><br \/>Dans le cadre d\u2019un projet de promotion, un inventaire de cette mousse a \u00e9t\u00e9 r\u00e9alis\u00e9 dans la r\u00e9gion du patrimoine mondial. Sur cette base, le Service bernois de la promotion de la nature a pu conclure des contrats de gestion avec les agriculteurs. Dans la vall\u00e9e de Reichenbach, un sentier de l\u2019\u00e9rable sycomore a \u00e9t\u00e9 am\u00e9nag\u00e9, et depuis quelques ann\u00e9es, des actions de plantations sont organis\u00e9es. La Fondation SAJA fournit gratuitement aux agriculteurs int\u00e9ress\u00e9s le mat\u00e9riel n\u00e9cessaire pour planter et prot\u00e9ger les jeunes \u00e9rables sycomores.<\/p>\n<p><strong>Informations compl\u00e9mentaires (en allemand)<\/strong><\/p>\n<ul>\n<li><a href=\"https:\/\/jungfraualetsch.ch\/wp-content\/uploads\/2021\/03\/Bergahorn-Weg_SAJA-1.pdf\" target=\"_blank\" rel=\"noopener\">Sentier du sycomore<\/a><\/li>\n<li><a href=\"https:\/\/jungfraualetsch.ch\/wp-content\/uploads\/2021\/03\/Hintergrundinfos.pdf\" target=\"_blank\" rel=\"noopener\">Informations de base concernant les campagnes de mise en demeure<\/a><\/li>\n<\/ul>\n<p>[\/et_pb_text][\/et_pb_column][et_pb_column type=\u00a0\u00bb1_4&Prime; _builder_version=\u00a0\u00bb4.16&Prime; _module_preset=\u00a0\u00bbdefault\u00a0\u00bb global_colors_info=\u00a0\u00bb{}\u00a0\u00bb][\/et_pb_column][\/et_pb_row][et_pb_row _builder_version=\u00a0\u00bb4.16&Prime; _module_preset=\u00a0\u00bbdefault\u00a0\u00bb global_colors_info=\u00a0\u00bb{}\u00a0\u00bb][et_pb_column type=\u00a0\u00bb4_4&Prime; _builder_version=\u00a0\u00bb4.16&Prime; _module_preset=\u00a0\u00bbdefault\u00a0\u00bb global_colors_info=\u00a0\u00bb{}\u00a0\u00bb][et_pb_gallery gallery_ids=\u00a0\u00bb3916,3911,3907,3903&Prime; gallery_orderby=\u00a0\u00bbrand\u00a0\u00bb fullwidth=\u00a0\u00bbon\u00a0\u00bb _builder_version=\u00a0\u00bb4.16&Prime; _module_preset=\u00a0\u00bbdefault\u00a0\u00bb auto=\u00a0\u00bbon\u00a0\u00bb auto_speed=\u00a0\u00bb3500&Prime; global_colors_info=\u00a0\u00bb{}\u00a0\u00bb][\/et_pb_gallery][\/et_pb_column][\/et_pb_row][\/et_pb_section]<\/p>\n","protected":false},"excerpt":{"rendered":"<p>Mousse Tayloria RudolphianaLes arbres de sycomore (Acer pseudoplatanus) dans les prairies et les p\u00e2turages de l\u2019Oberland bernois sont agr\u00e9ables \u00e0 regarder et ils contribuent \u00e0 rendre le paysage attractif et vari\u00e9, surtout en automne avec leurs feuilles jaunes. Les p\u00e2turages de sycomore repr\u00e9sentent des anciens paysages culturels cr\u00e9\u00e9s par l\u2019homme, et ils t\u00e9moignent depuis des [&hellip;]<\/p>\n","protected":false},"author":1,"featured_media":0,"parent":3428,"menu_order":44,"comment_status":"closed","ping_status":"closed","template":"","meta":{"_et_pb_use_builder":"on","_et_pb_old_content":"","_et_gb_content_width":"","footnotes":""},"class_list":["post-4229","page","type-page","status-publish","hentry"],"yoast_head":"<!-- This site is optimized with the Yoast SEO plugin v27.1.1 - https:\/\/yoast.com\/product\/yoast-seo-wordpress\/ -->\n<title>Mousse Tayloria Rudolphiana - UNESCO World Heritage Swiss Alps Jungfrau-Aletsch<\/title>\n<meta name=\"robots\" content=\"index, follow, max-snippet:-1, max-image-preview:large, max-video-preview:-1\" \/>\n<link rel=\"canonical\" href=\"https:\/\/jungfraualetsch.ch\/fr\/preserver-et-valoriser\/projets-de-promotion\/mousse-tayloria-rudolphiana\/\" \/>\n<meta property=\"og:locale\" content=\"fr_FR\" \/>\n<meta property=\"og:type\" content=\"article\" \/>\n<meta property=\"og:title\" content=\"Mousse Tayloria Rudolphiana - UNESCO World Heritage Swiss Alps Jungfrau-Aletsch\" \/>\n<meta property=\"og:description\" content=\"Mousse Tayloria RudolphianaLes arbres de sycomore (Acer pseudoplatanus) dans les prairies et les p\u00e2turages de l\u2019Oberland bernois sont agr\u00e9ables \u00e0 regarder et ils contribuent \u00e0 rendre le paysage attractif et vari\u00e9, surtout en automne avec leurs feuilles jaunes. Les p\u00e2turages de sycomore repr\u00e9sentent des anciens paysages culturels cr\u00e9\u00e9s par l\u2019homme, et ils t\u00e9moignent depuis des [&hellip;]\" \/>\n<meta property=\"og:url\" content=\"https:\/\/jungfraualetsch.ch\/fr\/preserver-et-valoriser\/projets-de-promotion\/mousse-tayloria-rudolphiana\/\" \/>\n<meta property=\"og:site_name\" content=\"UNESCO World Heritage Swiss Alps Jungfrau-Aletsch\" \/>\n<meta property=\"article:modified_time\" content=\"2026-01-12T11:40:02+00:00\" \/>\n<meta name=\"twitter:card\" content=\"summary_large_image\" \/>\n<meta name=\"twitter:label1\" content=\"Dur\u00e9e de lecture estim\u00e9e\" \/>\n\t<meta name=\"twitter:data1\" content=\"2 minutes\" \/>\n<script type=\"application\/ld+json\" class=\"yoast-schema-graph\">{\"@context\":\"https:\/\/schema.org\",\"@graph\":[{\"@type\":\"WebPage\",\"@id\":\"https:\/\/jungfraualetsch.ch\/fr\/preserver-et-valoriser\/projets-de-promotion\/mousse-tayloria-rudolphiana\/\",\"url\":\"https:\/\/jungfraualetsch.ch\/fr\/preserver-et-valoriser\/projets-de-promotion\/mousse-tayloria-rudolphiana\/\",\"name\":\"Mousse Tayloria Rudolphiana - UNESCO World Heritage Swiss Alps Jungfrau-Aletsch\",\"isPartOf\":{\"@id\":\"https:\/\/jungfraualetsch.ch\/#website\"},\"datePublished\":\"2021-03-29T12:14:51+00:00\",\"dateModified\":\"2026-01-12T11:40:02+00:00\",\"breadcrumb\":{\"@id\":\"https:\/\/jungfraualetsch.ch\/fr\/preserver-et-valoriser\/projets-de-promotion\/mousse-tayloria-rudolphiana\/#breadcrumb\"},\"inLanguage\":\"fr-FR\",\"potentialAction\":[{\"@type\":\"ReadAction\",\"target\":[\"https:\/\/jungfraualetsch.ch\/fr\/preserver-et-valoriser\/projets-de-promotion\/mousse-tayloria-rudolphiana\/\"]}]},{\"@type\":\"BreadcrumbList\",\"@id\":\"https:\/\/jungfraualetsch.ch\/fr\/preserver-et-valoriser\/projets-de-promotion\/mousse-tayloria-rudolphiana\/#breadcrumb\",\"itemListElement\":[{\"@type\":\"ListItem\",\"position\":1,\"name\":\"Startseite\",\"item\":\"https:\/\/jungfraualetsch.ch\/fr\/\"},{\"@type\":\"ListItem\",\"position\":2,\"name\":\"Pr\u00e9server et valoriser\",\"item\":\"https:\/\/jungfraualetsch.ch\/fr\/preserver-et-valoriser\/\"},{\"@type\":\"ListItem\",\"position\":3,\"name\":\"Projets de promotion\",\"item\":\"https:\/\/jungfraualetsch.ch\/fr\/preserver-et-valoriser\/projets-de-promotion\/\"},{\"@type\":\"ListItem\",\"position\":4,\"name\":\"Mousse Tayloria Rudolphiana\"}]},{\"@type\":\"WebSite\",\"@id\":\"https:\/\/jungfraualetsch.ch\/#website\",\"url\":\"https:\/\/jungfraualetsch.ch\/\",\"name\":\"UNESCO World Heritage Swiss Alps Jungfrau-Aletsch\",\"description\":\"\",\"potentialAction\":[{\"@type\":\"SearchAction\",\"target\":{\"@type\":\"EntryPoint\",\"urlTemplate\":\"https:\/\/jungfraualetsch.ch\/?s={search_term_string}\"},\"query-input\":{\"@type\":\"PropertyValueSpecification\",\"valueRequired\":true,\"valueName\":\"search_term_string\"}}],\"inLanguage\":\"fr-FR\"}]}<\/script>\n<!-- \/ Yoast SEO plugin. -->","yoast_head_json":{"title":"Mousse Tayloria Rudolphiana - UNESCO World Heritage Swiss Alps Jungfrau-Aletsch","robots":{"index":"index","follow":"follow","max-snippet":"max-snippet:-1","max-image-preview":"max-image-preview:large","max-video-preview":"max-video-preview:-1"},"canonical":"https:\/\/jungfraualetsch.ch\/fr\/preserver-et-valoriser\/projets-de-promotion\/mousse-tayloria-rudolphiana\/","og_locale":"fr_FR","og_type":"article","og_title":"Mousse Tayloria Rudolphiana - UNESCO World Heritage Swiss Alps Jungfrau-Aletsch","og_description":"Mousse Tayloria RudolphianaLes arbres de sycomore (Acer pseudoplatanus) dans les prairies et les p\u00e2turages de l\u2019Oberland bernois sont agr\u00e9ables \u00e0 regarder et ils contribuent \u00e0 rendre le paysage attractif et vari\u00e9, surtout en automne avec leurs feuilles jaunes. Les p\u00e2turages de sycomore repr\u00e9sentent des anciens paysages culturels cr\u00e9\u00e9s par l\u2019homme, et ils t\u00e9moignent depuis des [&hellip;]","og_url":"https:\/\/jungfraualetsch.ch\/fr\/preserver-et-valoriser\/projets-de-promotion\/mousse-tayloria-rudolphiana\/","og_site_name":"UNESCO World Heritage Swiss Alps Jungfrau-Aletsch","article_modified_time":"2026-01-12T11:40:02+00:00","twitter_card":"summary_large_image","twitter_misc":{"Dur\u00e9e de lecture estim\u00e9e":"2 minutes"},"schema":{"@context":"https:\/\/schema.org","@graph":[{"@type":"WebPage","@id":"https:\/\/jungfraualetsch.ch\/fr\/preserver-et-valoriser\/projets-de-promotion\/mousse-tayloria-rudolphiana\/","url":"https:\/\/jungfraualetsch.ch\/fr\/preserver-et-valoriser\/projets-de-promotion\/mousse-tayloria-rudolphiana\/","name":"Mousse Tayloria Rudolphiana - UNESCO World Heritage Swiss Alps Jungfrau-Aletsch","isPartOf":{"@id":"https:\/\/jungfraualetsch.ch\/#website"},"datePublished":"2021-03-29T12:14:51+00:00","dateModified":"2026-01-12T11:40:02+00:00","breadcrumb":{"@id":"https:\/\/jungfraualetsch.ch\/fr\/preserver-et-valoriser\/projets-de-promotion\/mousse-tayloria-rudolphiana\/#breadcrumb"},"inLanguage":"fr-FR","potentialAction":[{"@type":"ReadAction","target":["https:\/\/jungfraualetsch.ch\/fr\/preserver-et-valoriser\/projets-de-promotion\/mousse-tayloria-rudolphiana\/"]}]},{"@type":"BreadcrumbList","@id":"https:\/\/jungfraualetsch.ch\/fr\/preserver-et-valoriser\/projets-de-promotion\/mousse-tayloria-rudolphiana\/#breadcrumb","itemListElement":[{"@type":"ListItem","position":1,"name":"Startseite","item":"https:\/\/jungfraualetsch.ch\/fr\/"},{"@type":"ListItem","position":2,"name":"Pr\u00e9server et valoriser","item":"https:\/\/jungfraualetsch.ch\/fr\/preserver-et-valoriser\/"},{"@type":"ListItem","position":3,"name":"Projets de promotion","item":"https:\/\/jungfraualetsch.ch\/fr\/preserver-et-valoriser\/projets-de-promotion\/"},{"@type":"ListItem","position":4,"name":"Mousse Tayloria Rudolphiana"}]},{"@type":"WebSite","@id":"https:\/\/jungfraualetsch.ch\/#website","url":"https:\/\/jungfraualetsch.ch\/","name":"UNESCO World Heritage Swiss Alps Jungfrau-Aletsch","description":"","potentialAction":[{"@type":"SearchAction","target":{"@type":"EntryPoint","urlTemplate":"https:\/\/jungfraualetsch.ch\/?s={search_term_string}"},"query-input":{"@type":"PropertyValueSpecification","valueRequired":true,"valueName":"search_term_string"}}],"inLanguage":"fr-FR"}]}},"_links":{"self":[{"href":"https:\/\/jungfraualetsch.ch\/fr\/wp-json\/wp\/v2\/pages\/4229","targetHints":{"allow":["GET"]}}],"collection":[{"href":"https:\/\/jungfraualetsch.ch\/fr\/wp-json\/wp\/v2\/pages"}],"about":[{"href":"https:\/\/jungfraualetsch.ch\/fr\/wp-json\/wp\/v2\/types\/page"}],"author":[{"embeddable":true,"href":"https:\/\/jungfraualetsch.ch\/fr\/wp-json\/wp\/v2\/users\/1"}],"replies":[{"embeddable":true,"href":"https:\/\/jungfraualetsch.ch\/fr\/wp-json\/wp\/v2\/comments?post=4229"}],"version-history":[{"count":6,"href":"https:\/\/jungfraualetsch.ch\/fr\/wp-json\/wp\/v2\/pages\/4229\/revisions"}],"predecessor-version":[{"id":13515,"href":"https:\/\/jungfraualetsch.ch\/fr\/wp-json\/wp\/v2\/pages\/4229\/revisions\/13515"}],"up":[{"embeddable":true,"href":"https:\/\/jungfraualetsch.ch\/fr\/wp-json\/wp\/v2\/pages\/3428"}],"wp:attachment":[{"href":"https:\/\/jungfraualetsch.ch\/fr\/wp-json\/wp\/v2\/media?parent=4229"}],"curies":[{"name":"wp","href":"https:\/\/api.w.org\/{rel}","templated":true}]}}