{"id":4213,"date":"2021-03-29T12:01:34","date_gmt":"2021-03-29T12:01:34","guid":{"rendered":"https:\/\/jungfraualetsch.ch\/especes-et-habitats-prioritaires\/schweizer-meertraeubchen\/"},"modified":"2026-01-14T15:52:43","modified_gmt":"2026-01-14T15:52:43","slug":"ephedre-suisse","status":"publish","type":"page","link":"https:\/\/jungfraualetsch.ch\/fr\/preserver-et-valoriser\/projets-de-promotion\/ephedre-suisse\/","title":{"rendered":"Eph\u00e8dre Suisse"},"content":{"rendered":"<p>[et_pb_section fb_built=\u00a0\u00bb1&Prime; fullwidth=\u00a0\u00bbon\u00a0\u00bb _builder_version=\u00a0\u00bb4.16&Prime; _module_preset=\u00a0\u00bbdefault\u00a0\u00bb background_image=\u00a0\u00bbhttps:\/\/jungfraualetsch.ch\/wp-content\/uploads\/2021\/03\/header_03_welterbe_pat_IMG_0916-scaled.jpg\u00a0\u00bb parallax=\u00a0\u00bbon\u00a0\u00bb bottom_divider_style=\u00a0\u00bbslant2&Prime; bottom_divider_color=\u00a0\u00bb#FFFFFF\u00a0\u00bb bottom_divider_flip=\u00a0\u00bbhorizontal\u00a0\u00bb bottom_divider_height_tablet=\u00a0\u00bb\u00a0\u00bb bottom_divider_height_phone=\u00a0\u00bb\u00a0\u00bb bottom_divider_height_last_edited=\u00a0\u00bbon|desktop\u00a0\u00bb custom_css_main_element=\u00a0\u00bbmin-height: 45vh;\u00a0\u00bb global_colors_info=\u00a0\u00bb{}\u00a0\u00bb][\/et_pb_section][et_pb_section fb_built=\u00a0\u00bb1&Prime; _builder_version=\u00a0\u00bb4.16&Prime; _module_preset=\u00a0\u00bbdefault\u00a0\u00bb background_enable_color=\u00a0\u00bboff\u00a0\u00bb background_enable_image=\u00a0\u00bboff\u00a0\u00bb top_divider_flip=\u00a0\u00bbhorizontal\u00a0\u00bb global_colors_info=\u00a0\u00bb{}\u00a0\u00bb][et_pb_row _builder_version=\u00a0\u00bb4.16&Prime; _module_preset=\u00a0\u00bbdefault\u00a0\u00bb global_colors_info=\u00a0\u00bb{}\u00a0\u00bb][et_pb_column type=\u00a0\u00bb4_4&Prime; _builder_version=\u00a0\u00bb4.16&Prime; _module_preset=\u00a0\u00bbdefault\u00a0\u00bb global_colors_info=\u00a0\u00bb{}\u00a0\u00bb][et_pb_text admin_label=\u00a0\u00bbTitel\u00a0\u00bb _builder_version=\u00a0\u00bb4.27.5&Prime; _module_preset=\u00a0\u00bbdefault\u00a0\u00bb hover_enabled=\u00a0\u00bb0&Prime; global_colors_info=\u00a0\u00bb{}\u00a0\u00bb sticky_enabled=\u00a0\u00bb0&Prime;]<\/p>\n<h1>Eph\u00e8dre Suisse<\/h1>\n<p>[\/et_pb_text][\/et_pb_column][\/et_pb_row][et_pb_row column_structure=\u00a0\u00bb3_4,1_4&Prime; _builder_version=\u00a0\u00bb4.16&Prime; _module_preset=\u00a0\u00bbdefault\u00a0\u00bb global_colors_info=\u00a0\u00bb{}\u00a0\u00bb][et_pb_column type=\u00a0\u00bb3_4&Prime; _builder_version=\u00a0\u00bb4.16&Prime; _module_preset=\u00a0\u00bbdefault\u00a0\u00bb global_colors_info=\u00a0\u00bb{}\u00a0\u00bb][et_pb_text _builder_version=\u00a0\u00bb4.27.5&Prime; _module_preset=\u00a0\u00bbdefault\u00a0\u00bb hover_enabled=\u00a0\u00bb0&Prime; global_colors_info=\u00a0\u00bb{}\u00a0\u00bb sticky_enabled=\u00a0\u00bb0&Prime;]<\/p>\n<p>L\u2019\u00e9ph\u00e8dre suisse (Ephedra helvetica) apporte de la couleur et du charme aux steppes rocheuses intra-alpines de la rampe sud du L\u00f6tschberg, surtout en automne avec ses fruits rouge brillant. Cette plante rare est prot\u00e9g\u00e9e au niveau national et, dans la r\u00e9gion du patrimoine mondial SAJA, une seule population est connue : dans la steppe rocheuse au-dessus de Niedergesteln.<\/p>\n<p><strong>Nos actions<\/strong><br \/>En 2014, des relev\u00e9s de terrain ont permis d\u2019\u00e9tudier la population dans cette steppe rocheuse. L\u2019esp\u00e8ce est menac\u00e9e par l\u2019envahissement croissant des buissons, en particulier le gen\u00e9vrier sabine (Juniperus sabina). Gr\u00e2ce \u00e0 l\u2019action \u00ab Welterbe Gmeiw\u00e4rch 2015 \u00bb \u00e0 Niedergesteln, un pr\u00e9cieux soutien \u00e0 la pr\u00e9servation de l\u2019\u00e9ph\u00e8dre suisse a \u00e9t\u00e9 apport\u00e9 aux populations locales.<\/p>\n<p>[\/et_pb_text][\/et_pb_column][et_pb_column type=\u00a0\u00bb1_4&Prime; _builder_version=\u00a0\u00bb4.16&Prime; _module_preset=\u00a0\u00bbdefault\u00a0\u00bb global_colors_info=\u00a0\u00bb{}\u00a0\u00bb][\/et_pb_column][\/et_pb_row][et_pb_row _builder_version=\u00a0\u00bb4.16&Prime; _module_preset=\u00a0\u00bbdefault\u00a0\u00bb global_colors_info=\u00a0\u00bb{}\u00a0\u00bb][et_pb_column type=\u00a0\u00bb4_4&Prime; _builder_version=\u00a0\u00bb4.16&Prime; _module_preset=\u00a0\u00bbdefault\u00a0\u00bb global_colors_info=\u00a0\u00bb{}\u00a0\u00bb][et_pb_code _builder_version=\u00a0\u00bb4.16&Prime; _module_preset=\u00a0\u00bbdefault\u00a0\u00bb global_colors_info=\u00a0\u00bb{}\u00a0\u00bb]<div id=\"envira-gallery-wrap-3862\" class=\"envira-gallery-wrap envira-gallery-theme-base envira-lightbox-theme-base\" itemscope itemtype=\"https:\/\/schema.org\/ImageGallery\"><div data-row-height=\"\" data-gallery-theme=\"\" id=\"envira-gallery-3862\" class=\"envira-gallery-public  envira-gallery-4-columns envira-clear enviratope envira-gallery-css-animations\" data-envira-columns=\"4\"><div id=\"envira-gallery-item-3875\" class=\"envira-gallery-item enviratope-item envira-gallery-item-1 envira-lazy-load\" style=\"padding-left: 10px; padding-bottom: 20px; padding-right: 10px;\"  itemscope itemtype=\"https:\/\/schema.org\/ImageObject\"><div class=\"envira-gallery-item-inner\"><div class=\"envira-gallery-position-overlay  envira-gallery-top-left\"><\/div><div class=\"envira-gallery-position-overlay  envira-gallery-top-right\"><\/div><div class=\"envira-gallery-position-overlay  envira-gallery-bottom-left\"><\/div><div class=\"envira-gallery-position-overlay  envira-gallery-bottom-right\"><\/div><a href=\"https:\/\/jungfraualetsch.ch\/wp-content\/uploads\/2021\/03\/IMG_1503_Einsatzgruppe-2000x1333-1.jpg\" class=\"envira-gallery-3862 envira-gallery-link\" rel=\"enviragallery3862\" title=\"Die Einsatztruppe des Gmeiwaerchs\" data-envira-caption=\"Die Einsatztruppe des Gmeiwaerchs\" data-envira-retina=\"\" data-thumbnail=\"\"  itemprop=\"contentUrl\"><div class=\"envira-lazy\" data-test-width=\"640\" data-test-height=\"480\" style=\"padding-bottom:75%;\"><img decoding=\"async\" id=\"envira-gallery-image-3875\" class=\"envira-gallery-image envira-gallery-image-1\" data-envira-index=\"1\" src=\"https:\/\/jungfraualetsch.ch\/wp-content\/uploads\/2021\/03\/IMG_1503_Einsatzgruppe-2000x1333-1-1024x683-640x480.jpg\" data-envira-src=\"https:\/\/jungfraualetsch.ch\/wp-content\/uploads\/2021\/03\/IMG_1503_Einsatzgruppe-2000x1333-1-1024x683-640x480.jpg\" data-envira-gallery-id=\"3862\" data-envira-item-id=\"3875\" data-envira-caption=\"Die Einsatztruppe des Gmeiwaerchs\" alt=\"Die Einsatztruppe des Gmeiwaerchs\" title=\"Die Einsatztruppe des Gmeiwaerchs\"  itemprop=\"thumbnailUrl\" data-envira-srcset=\"https:\/\/jungfraualetsch.ch\/wp-content\/uploads\/2021\/03\/IMG_1503_Einsatzgruppe-2000x1333-1-1024x683-640x480.jpg 400w,https:\/\/jungfraualetsch.ch\/wp-content\/uploads\/2021\/03\/IMG_1503_Einsatzgruppe-2000x1333-1-1024x683-640x480.jpg 2x\" srcset=\"data:image\/gif;base64,R0lGODlhAQABAIAAAP\/\/\/\/\/\/\/yH5BAEKAAEALAAAAAABAAEAAAICTAEAOw==\" \/><\/div><\/a><\/div><\/div><div id=\"envira-gallery-item-3867\" class=\"envira-gallery-item enviratope-item envira-gallery-item-2 envira-lazy-load\" style=\"padding-left: 10px; padding-bottom: 20px; padding-right: 10px;\"  itemscope itemtype=\"https:\/\/schema.org\/ImageObject\"><div class=\"envira-gallery-item-inner\"><div class=\"envira-gallery-position-overlay  envira-gallery-top-left\"><\/div><div class=\"envira-gallery-position-overlay  envira-gallery-top-right\"><\/div><div class=\"envira-gallery-position-overlay  envira-gallery-bottom-left\"><\/div><div class=\"envira-gallery-position-overlay  envira-gallery-bottom-right\"><\/div><a href=\"https:\/\/jungfraualetsch.ch\/wp-content\/uploads\/2021\/03\/DSC_6050_Einsatz_1-2000x1333-1.jpg\" class=\"envira-gallery-3862 envira-gallery-link\" rel=\"enviragallery3862\" title=\"Gmeiwaerch 2015\" data-envira-caption=\"Gmeiwaerch 2015\" data-envira-retina=\"\" data-thumbnail=\"\"  itemprop=\"contentUrl\"><div class=\"envira-lazy\" data-test-width=\"640\" data-test-height=\"480\" style=\"padding-bottom:75%;\"><img decoding=\"async\" id=\"envira-gallery-image-3867\" class=\"envira-gallery-image envira-gallery-image-2\" data-envira-index=\"2\" src=\"https:\/\/jungfraualetsch.ch\/wp-content\/uploads\/2021\/03\/DSC_6050_Einsatz_1-2000x1333-1-1024x683-640x480.jpg\" data-envira-src=\"https:\/\/jungfraualetsch.ch\/wp-content\/uploads\/2021\/03\/DSC_6050_Einsatz_1-2000x1333-1-1024x683-640x480.jpg\" data-envira-gallery-id=\"3862\" data-envira-item-id=\"3867\" data-envira-caption=\"Gmeiwaerch 2015\" alt=\"Gmeiwaerch 2015\" title=\"Gmeiwaerch 2015\"  itemprop=\"thumbnailUrl\" data-envira-srcset=\"https:\/\/jungfraualetsch.ch\/wp-content\/uploads\/2021\/03\/DSC_6050_Einsatz_1-2000x1333-1-1024x683-640x480.jpg 400w,https:\/\/jungfraualetsch.ch\/wp-content\/uploads\/2021\/03\/DSC_6050_Einsatz_1-2000x1333-1-1024x683-640x480.jpg 2x\" srcset=\"data:image\/gif;base64,R0lGODlhAQABAIAAAP\/\/\/\/\/\/\/yH5BAEKAAEALAAAAAABAAEAAAICTAEAOw==\" \/><\/div><\/a><\/div><\/div><div id=\"envira-gallery-item-3871\" class=\"envira-gallery-item enviratope-item envira-gallery-item-3 envira-lazy-load\" style=\"padding-left: 10px; padding-bottom: 20px; padding-right: 10px;\"  itemscope itemtype=\"https:\/\/schema.org\/ImageObject\"><div class=\"envira-gallery-item-inner\"><div class=\"envira-gallery-position-overlay  envira-gallery-top-left\"><\/div><div class=\"envira-gallery-position-overlay  envira-gallery-top-right\"><\/div><div class=\"envira-gallery-position-overlay  envira-gallery-bottom-left\"><\/div><div class=\"envira-gallery-position-overlay  envira-gallery-bottom-right\"><\/div><a href=\"https:\/\/jungfraualetsch.ch\/wp-content\/uploads\/2021\/03\/DSC_6051_Meertraeubchen_1-2000x1328-1.jpg\" class=\"envira-gallery-3862 envira-gallery-link\" rel=\"enviragallery3862\" title=\"Schweizer Meertraeubchen\" data-envira-caption=\"Schweizer Meertraeubchen\" data-envira-retina=\"\" data-thumbnail=\"\"  itemprop=\"contentUrl\"><div class=\"envira-lazy\" data-test-width=\"640\" data-test-height=\"480\" style=\"padding-bottom:75%;\"><img decoding=\"async\" id=\"envira-gallery-image-3871\" class=\"envira-gallery-image envira-gallery-image-3\" data-envira-index=\"3\" src=\"https:\/\/jungfraualetsch.ch\/wp-content\/uploads\/2021\/03\/DSC_6051_Meertraeubchen_1-2000x1328-1-1024x683-640x480.jpg\" data-envira-src=\"https:\/\/jungfraualetsch.ch\/wp-content\/uploads\/2021\/03\/DSC_6051_Meertraeubchen_1-2000x1328-1-1024x683-640x480.jpg\" data-envira-gallery-id=\"3862\" data-envira-item-id=\"3871\" data-envira-caption=\"Schweizer Meertraeubchen\" alt=\"Schweizer Meertraeubchen\" title=\"Schweizer Meertraeubchen\"  itemprop=\"thumbnailUrl\" data-envira-srcset=\"https:\/\/jungfraualetsch.ch\/wp-content\/uploads\/2021\/03\/DSC_6051_Meertraeubchen_1-2000x1328-1-1024x683-640x480.jpg 400w,https:\/\/jungfraualetsch.ch\/wp-content\/uploads\/2021\/03\/DSC_6051_Meertraeubchen_1-2000x1328-1-1024x683-640x480.jpg 2x\" srcset=\"data:image\/gif;base64,R0lGODlhAQABAIAAAP\/\/\/\/\/\/\/yH5BAEKAAEALAAAAAABAAEAAAICTAEAOw==\" \/><\/div><\/a><\/div><\/div><div id=\"envira-gallery-item-3863\" class=\"envira-gallery-item enviratope-item envira-gallery-item-4 envira-lazy-load\" style=\"padding-left: 10px; padding-bottom: 20px; padding-right: 10px;\"  itemscope itemtype=\"https:\/\/schema.org\/ImageObject\"><div class=\"envira-gallery-item-inner\"><div class=\"envira-gallery-position-overlay  envira-gallery-top-left\"><\/div><div class=\"envira-gallery-position-overlay  envira-gallery-top-right\"><\/div><div class=\"envira-gallery-position-overlay  envira-gallery-bottom-left\"><\/div><div class=\"envira-gallery-position-overlay  envira-gallery-bottom-right\"><\/div><a href=\"https:\/\/jungfraualetsch.ch\/wp-content\/uploads\/2021\/03\/DSC_6032_1-2000x1334-1.jpg\" class=\"envira-gallery-3862 envira-gallery-link\" rel=\"enviragallery3862\" title=\"Arbeitseinsatz zu Gunsten des\" data-envira-caption=\"Arbeitseinsatz zu Gunsten des\" data-envira-retina=\"\" data-thumbnail=\"\"  itemprop=\"contentUrl\"><div class=\"envira-lazy\" data-test-width=\"640\" data-test-height=\"480\" style=\"padding-bottom:75%;\"><img decoding=\"async\" id=\"envira-gallery-image-3863\" class=\"envira-gallery-image envira-gallery-image-4\" data-envira-index=\"4\" src=\"https:\/\/jungfraualetsch.ch\/wp-content\/uploads\/2021\/03\/DSC_6032_1-2000x1334-1-1024x683-640x480.jpg\" data-envira-src=\"https:\/\/jungfraualetsch.ch\/wp-content\/uploads\/2021\/03\/DSC_6032_1-2000x1334-1-1024x683-640x480.jpg\" data-envira-gallery-id=\"3862\" data-envira-item-id=\"3863\" data-envira-caption=\"Arbeitseinsatz zu Gunsten des\" alt=\"Arbeitseinsatz zu Gunsten des\" title=\"Arbeitseinsatz zu Gunsten des\"  itemprop=\"thumbnailUrl\" data-envira-srcset=\"https:\/\/jungfraualetsch.ch\/wp-content\/uploads\/2021\/03\/DSC_6032_1-2000x1334-1-1024x683-640x480.jpg 400w,https:\/\/jungfraualetsch.ch\/wp-content\/uploads\/2021\/03\/DSC_6032_1-2000x1334-1-1024x683-640x480.jpg 2x\" srcset=\"data:image\/gif;base64,R0lGODlhAQABAIAAAP\/\/\/\/\/\/\/yH5BAEKAAEALAAAAAABAAEAAAICTAEAOw==\" \/><\/div><\/a><\/div><\/div><\/div><\/div><noscript><img decoding=\"async\" src=\"https:\/\/jungfraualetsch.ch\/wp-content\/uploads\/2021\/03\/IMG_1503_Einsatzgruppe-2000x1333-1.jpg\" alt=\"Die Einsatztruppe des Gmeiwaerchs\" \/><img decoding=\"async\" src=\"https:\/\/jungfraualetsch.ch\/wp-content\/uploads\/2021\/03\/DSC_6050_Einsatz_1-2000x1333-1.jpg\" alt=\"Gmeiwaerch 2015\" \/><img decoding=\"async\" src=\"https:\/\/jungfraualetsch.ch\/wp-content\/uploads\/2021\/03\/DSC_6051_Meertraeubchen_1-2000x1328-1.jpg\" alt=\"Schweizer Meertraeubchen\" \/><img decoding=\"async\" src=\"https:\/\/jungfraualetsch.ch\/wp-content\/uploads\/2021\/03\/DSC_6032_1-2000x1334-1.jpg\" alt=\"Arbeitseinsatz zu Gunsten des\" \/><\/noscript>[\/et_pb_code][\/et_pb_column][\/et_pb_row][et_pb_row _builder_version=\u00a0\u00bb4.16&Prime; _module_preset=\u00a0\u00bbdefault\u00a0\u00bb global_colors_info=\u00a0\u00bb{}\u00a0\u00bb][et_pb_column type=\u00a0\u00bb4_4&Prime; _builder_version=\u00a0\u00bb4.16&Prime; _module_preset=\u00a0\u00bbdefault\u00a0\u00bb global_colors_info=\u00a0\u00bb{}\u00a0\u00bb][et_pb_video src=\u00a0\u00bbhttps:\/\/www.youtube.com\/watch?v=131ithHLLZw\u00a0\u00bb _builder_version=\u00a0\u00bb4.16&Prime; _module_preset=\u00a0\u00bbdefault\u00a0\u00bb global_colors_info=\u00a0\u00bb{}\u00a0\u00bb][\/et_pb_video][\/et_pb_column][\/et_pb_row][\/et_pb_section]<\/p>\n","protected":false},"excerpt":{"rendered":"<p>Eph\u00e8dre SuisseL\u2019\u00e9ph\u00e8dre suisse (Ephedra helvetica) apporte de la couleur et du charme aux steppes rocheuses intra-alpines de la rampe sud du L\u00f6tschberg, surtout en automne avec ses fruits rouge brillant. Cette plante rare est prot\u00e9g\u00e9e au niveau national et, dans la r\u00e9gion du patrimoine mondial SAJA, une seule population est connue : dans la steppe [&hellip;]<\/p>\n","protected":false},"author":1,"featured_media":0,"parent":3428,"menu_order":45,"comment_status":"closed","ping_status":"closed","template":"","meta":{"_et_pb_use_builder":"on","_et_pb_old_content":"","_et_gb_content_width":"","footnotes":""},"class_list":["post-4213","page","type-page","status-publish","hentry"],"yoast_head":"<!-- This site is optimized with the Yoast SEO plugin v27.1.1 - https:\/\/yoast.com\/product\/yoast-seo-wordpress\/ -->\n<title>Eph\u00e8dre Suisse - UNESCO World Heritage Swiss Alps Jungfrau-Aletsch<\/title>\n<meta name=\"robots\" content=\"index, follow, max-snippet:-1, max-image-preview:large, max-video-preview:-1\" \/>\n<link rel=\"canonical\" href=\"https:\/\/jungfraualetsch.ch\/fr\/preserver-et-valoriser\/projets-de-promotion\/ephedre-suisse\/\" \/>\n<meta property=\"og:locale\" content=\"fr_FR\" \/>\n<meta property=\"og:type\" content=\"article\" \/>\n<meta property=\"og:title\" content=\"Eph\u00e8dre Suisse - UNESCO World Heritage Swiss Alps Jungfrau-Aletsch\" \/>\n<meta property=\"og:description\" content=\"Eph\u00e8dre SuisseL\u2019\u00e9ph\u00e8dre suisse (Ephedra helvetica) apporte de la couleur et du charme aux steppes rocheuses intra-alpines de la rampe sud du L\u00f6tschberg, surtout en automne avec ses fruits rouge brillant. Cette plante rare est prot\u00e9g\u00e9e au niveau national et, dans la r\u00e9gion du patrimoine mondial SAJA, une seule population est connue : dans la steppe [&hellip;]\" \/>\n<meta property=\"og:url\" content=\"https:\/\/jungfraualetsch.ch\/fr\/preserver-et-valoriser\/projets-de-promotion\/ephedre-suisse\/\" \/>\n<meta property=\"og:site_name\" content=\"UNESCO World Heritage Swiss Alps Jungfrau-Aletsch\" \/>\n<meta property=\"article:modified_time\" content=\"2026-01-14T15:52:43+00:00\" \/>\n<meta name=\"twitter:card\" content=\"summary_large_image\" \/>\n<meta name=\"twitter:label1\" content=\"Dur\u00e9e de lecture estim\u00e9e\" \/>\n\t<meta name=\"twitter:data1\" content=\"1 minute\" \/>\n<script type=\"application\/ld+json\" class=\"yoast-schema-graph\">{\"@context\":\"https:\/\/schema.org\",\"@graph\":[{\"@type\":\"WebPage\",\"@id\":\"https:\/\/jungfraualetsch.ch\/fr\/preserver-et-valoriser\/projets-de-promotion\/ephedre-suisse\/\",\"url\":\"https:\/\/jungfraualetsch.ch\/fr\/preserver-et-valoriser\/projets-de-promotion\/ephedre-suisse\/\",\"name\":\"Eph\u00e8dre Suisse - UNESCO World Heritage Swiss Alps Jungfrau-Aletsch\",\"isPartOf\":{\"@id\":\"https:\/\/jungfraualetsch.ch\/#website\"},\"datePublished\":\"2021-03-29T12:01:34+00:00\",\"dateModified\":\"2026-01-14T15:52:43+00:00\",\"breadcrumb\":{\"@id\":\"https:\/\/jungfraualetsch.ch\/fr\/preserver-et-valoriser\/projets-de-promotion\/ephedre-suisse\/#breadcrumb\"},\"inLanguage\":\"fr-FR\",\"potentialAction\":[{\"@type\":\"ReadAction\",\"target\":[\"https:\/\/jungfraualetsch.ch\/fr\/preserver-et-valoriser\/projets-de-promotion\/ephedre-suisse\/\"]}]},{\"@type\":\"BreadcrumbList\",\"@id\":\"https:\/\/jungfraualetsch.ch\/fr\/preserver-et-valoriser\/projets-de-promotion\/ephedre-suisse\/#breadcrumb\",\"itemListElement\":[{\"@type\":\"ListItem\",\"position\":1,\"name\":\"Startseite\",\"item\":\"https:\/\/jungfraualetsch.ch\/fr\/\"},{\"@type\":\"ListItem\",\"position\":2,\"name\":\"Pr\u00e9server et valoriser\",\"item\":\"https:\/\/jungfraualetsch.ch\/fr\/preserver-et-valoriser\/\"},{\"@type\":\"ListItem\",\"position\":3,\"name\":\"Projets de promotion\",\"item\":\"https:\/\/jungfraualetsch.ch\/fr\/preserver-et-valoriser\/projets-de-promotion\/\"},{\"@type\":\"ListItem\",\"position\":4,\"name\":\"Eph\u00e8dre Suisse\"}]},{\"@type\":\"WebSite\",\"@id\":\"https:\/\/jungfraualetsch.ch\/#website\",\"url\":\"https:\/\/jungfraualetsch.ch\/\",\"name\":\"UNESCO World Heritage Swiss Alps Jungfrau-Aletsch\",\"description\":\"\",\"potentialAction\":[{\"@type\":\"SearchAction\",\"target\":{\"@type\":\"EntryPoint\",\"urlTemplate\":\"https:\/\/jungfraualetsch.ch\/?s={search_term_string}\"},\"query-input\":{\"@type\":\"PropertyValueSpecification\",\"valueRequired\":true,\"valueName\":\"search_term_string\"}}],\"inLanguage\":\"fr-FR\"}]}<\/script>\n<!-- \/ Yoast SEO plugin. -->","yoast_head_json":{"title":"Eph\u00e8dre Suisse - UNESCO World Heritage Swiss Alps Jungfrau-Aletsch","robots":{"index":"index","follow":"follow","max-snippet":"max-snippet:-1","max-image-preview":"max-image-preview:large","max-video-preview":"max-video-preview:-1"},"canonical":"https:\/\/jungfraualetsch.ch\/fr\/preserver-et-valoriser\/projets-de-promotion\/ephedre-suisse\/","og_locale":"fr_FR","og_type":"article","og_title":"Eph\u00e8dre Suisse - UNESCO World Heritage Swiss Alps Jungfrau-Aletsch","og_description":"Eph\u00e8dre SuisseL\u2019\u00e9ph\u00e8dre suisse (Ephedra helvetica) apporte de la couleur et du charme aux steppes rocheuses intra-alpines de la rampe sud du L\u00f6tschberg, surtout en automne avec ses fruits rouge brillant. Cette plante rare est prot\u00e9g\u00e9e au niveau national et, dans la r\u00e9gion du patrimoine mondial SAJA, une seule population est connue : dans la steppe [&hellip;]","og_url":"https:\/\/jungfraualetsch.ch\/fr\/preserver-et-valoriser\/projets-de-promotion\/ephedre-suisse\/","og_site_name":"UNESCO World Heritage Swiss Alps Jungfrau-Aletsch","article_modified_time":"2026-01-14T15:52:43+00:00","twitter_card":"summary_large_image","twitter_misc":{"Dur\u00e9e de lecture estim\u00e9e":"1 minute"},"schema":{"@context":"https:\/\/schema.org","@graph":[{"@type":"WebPage","@id":"https:\/\/jungfraualetsch.ch\/fr\/preserver-et-valoriser\/projets-de-promotion\/ephedre-suisse\/","url":"https:\/\/jungfraualetsch.ch\/fr\/preserver-et-valoriser\/projets-de-promotion\/ephedre-suisse\/","name":"Eph\u00e8dre Suisse - UNESCO World Heritage Swiss Alps Jungfrau-Aletsch","isPartOf":{"@id":"https:\/\/jungfraualetsch.ch\/#website"},"datePublished":"2021-03-29T12:01:34+00:00","dateModified":"2026-01-14T15:52:43+00:00","breadcrumb":{"@id":"https:\/\/jungfraualetsch.ch\/fr\/preserver-et-valoriser\/projets-de-promotion\/ephedre-suisse\/#breadcrumb"},"inLanguage":"fr-FR","potentialAction":[{"@type":"ReadAction","target":["https:\/\/jungfraualetsch.ch\/fr\/preserver-et-valoriser\/projets-de-promotion\/ephedre-suisse\/"]}]},{"@type":"BreadcrumbList","@id":"https:\/\/jungfraualetsch.ch\/fr\/preserver-et-valoriser\/projets-de-promotion\/ephedre-suisse\/#breadcrumb","itemListElement":[{"@type":"ListItem","position":1,"name":"Startseite","item":"https:\/\/jungfraualetsch.ch\/fr\/"},{"@type":"ListItem","position":2,"name":"Pr\u00e9server et valoriser","item":"https:\/\/jungfraualetsch.ch\/fr\/preserver-et-valoriser\/"},{"@type":"ListItem","position":3,"name":"Projets de promotion","item":"https:\/\/jungfraualetsch.ch\/fr\/preserver-et-valoriser\/projets-de-promotion\/"},{"@type":"ListItem","position":4,"name":"Eph\u00e8dre Suisse"}]},{"@type":"WebSite","@id":"https:\/\/jungfraualetsch.ch\/#website","url":"https:\/\/jungfraualetsch.ch\/","name":"UNESCO World Heritage Swiss Alps Jungfrau-Aletsch","description":"","potentialAction":[{"@type":"SearchAction","target":{"@type":"EntryPoint","urlTemplate":"https:\/\/jungfraualetsch.ch\/?s={search_term_string}"},"query-input":{"@type":"PropertyValueSpecification","valueRequired":true,"valueName":"search_term_string"}}],"inLanguage":"fr-FR"}]}},"_links":{"self":[{"href":"https:\/\/jungfraualetsch.ch\/fr\/wp-json\/wp\/v2\/pages\/4213","targetHints":{"allow":["GET"]}}],"collection":[{"href":"https:\/\/jungfraualetsch.ch\/fr\/wp-json\/wp\/v2\/pages"}],"about":[{"href":"https:\/\/jungfraualetsch.ch\/fr\/wp-json\/wp\/v2\/types\/page"}],"author":[{"embeddable":true,"href":"https:\/\/jungfraualetsch.ch\/fr\/wp-json\/wp\/v2\/users\/1"}],"replies":[{"embeddable":true,"href":"https:\/\/jungfraualetsch.ch\/fr\/wp-json\/wp\/v2\/comments?post=4213"}],"version-history":[{"count":5,"href":"https:\/\/jungfraualetsch.ch\/fr\/wp-json\/wp\/v2\/pages\/4213\/revisions"}],"predecessor-version":[{"id":13653,"href":"https:\/\/jungfraualetsch.ch\/fr\/wp-json\/wp\/v2\/pages\/4213\/revisions\/13653"}],"up":[{"embeddable":true,"href":"https:\/\/jungfraualetsch.ch\/fr\/wp-json\/wp\/v2\/pages\/3428"}],"wp:attachment":[{"href":"https:\/\/jungfraualetsch.ch\/fr\/wp-json\/wp\/v2\/media?parent=4213"}],"curies":[{"name":"wp","href":"https:\/\/api.w.org\/{rel}","templated":true}]}}