{"id":4196,"date":"2021-03-29T11:51:18","date_gmt":"2021-03-29T11:51:18","guid":{"rendered":"https:\/\/jungfraualetsch.ch\/especes-et-habitats-prioritaires\/suedalpine-tulpe\/"},"modified":"2026-01-12T11:44:37","modified_gmt":"2026-01-12T11:44:37","slug":"tulipe-meridionale","status":"publish","type":"page","link":"https:\/\/jungfraualetsch.ch\/fr\/preserver-et-valoriser\/projets-de-promotion\/tulipe-meridionale\/","title":{"rendered":"Tulipe m\u00e9ridionale"},"content":{"rendered":"<p>[et_pb_section fb_built=\u00a0\u00bb1&Prime; fullwidth=\u00a0\u00bbon\u00a0\u00bb _builder_version=\u00a0\u00bb4.16&Prime; _module_preset=\u00a0\u00bbdefault\u00a0\u00bb background_image=\u00a0\u00bbhttps:\/\/jungfraualetsch.ch\/wp-content\/uploads\/2021\/03\/header_03_welterbe_pat_IMG_0916-scaled.jpg\u00a0\u00bb parallax=\u00a0\u00bbon\u00a0\u00bb bottom_divider_style=\u00a0\u00bbslant2&Prime; bottom_divider_color=\u00a0\u00bb#FFFFFF\u00a0\u00bb bottom_divider_flip=\u00a0\u00bbhorizontal\u00a0\u00bb bottom_divider_height_tablet=\u00a0\u00bb\u00a0\u00bb bottom_divider_height_phone=\u00a0\u00bb\u00a0\u00bb bottom_divider_height_last_edited=\u00a0\u00bbon|desktop\u00a0\u00bb custom_css_main_element=\u00a0\u00bbmin-height: 45vh;\u00a0\u00bb global_colors_info=\u00a0\u00bb{}\u00a0\u00bb][\/et_pb_section][et_pb_section fb_built=\u00a0\u00bb1&Prime; _builder_version=\u00a0\u00bb4.16&Prime; _module_preset=\u00a0\u00bbdefault\u00a0\u00bb background_enable_color=\u00a0\u00bboff\u00a0\u00bb background_enable_image=\u00a0\u00bboff\u00a0\u00bb top_divider_flip=\u00a0\u00bbhorizontal\u00a0\u00bb global_colors_info=\u00a0\u00bb{}\u00a0\u00bb][et_pb_row _builder_version=\u00a0\u00bb4.16&Prime; _module_preset=\u00a0\u00bbdefault\u00a0\u00bb global_colors_info=\u00a0\u00bb{}\u00a0\u00bb][et_pb_column type=\u00a0\u00bb4_4&Prime; _builder_version=\u00a0\u00bb4.16&Prime; _module_preset=\u00a0\u00bbdefault\u00a0\u00bb global_colors_info=\u00a0\u00bb{}\u00a0\u00bb][et_pb_text admin_label=\u00a0\u00bbTitel\u00a0\u00bb _builder_version=\u00a0\u00bb4.27.4&Prime; _module_preset=\u00a0\u00bbdefault\u00a0\u00bb hover_enabled=\u00a0\u00bb0&Prime; global_colors_info=\u00a0\u00bb{}\u00a0\u00bb sticky_enabled=\u00a0\u00bb0&Prime;]<\/p>\n<h1>Tulipe m\u00e9ridionale <\/h1>\n<p>[\/et_pb_text][\/et_pb_column][\/et_pb_row][et_pb_row column_structure=\u00a0\u00bb3_4,1_4&Prime; _builder_version=\u00a0\u00bb4.16&Prime; _module_preset=\u00a0\u00bbdefault\u00a0\u00bb global_colors_info=\u00a0\u00bb{}\u00a0\u00bb disabled_on=\u00a0\u00bbon|on|on\u00a0\u00bb disabled=\u00a0\u00bbon\u00a0\u00bb][et_pb_column type=\u00a0\u00bb3_4&Prime; _builder_version=\u00a0\u00bb4.16&Prime; _module_preset=\u00a0\u00bbdefault\u00a0\u00bb global_colors_info=\u00a0\u00bb{}\u00a0\u00bb][et_pb_text _builder_version=\u00a0\u00bb4.16&Prime; _module_preset=\u00a0\u00bbdefault\u00a0\u00bb global_colors_info=\u00a0\u00bb{}\u00a0\u00bb]<\/p>\n<p>La tulipe sauvage des Alpes du sud (Tulipa australis \u2013 Fam. Liliaceae) pousse sur un sol sec et humide, dans les prairies de montagne moyennement fertiles et dans les p\u00e2turages, ainsi que sur les rebords rocheux humides. La plante peut mesurer 8-50 cm de hauteur et fleurit de mai \u00e0 juin. Les fleurs ont six p\u00e9tales jaunes pointus, dont les trois ext\u00e9rieurs sont rouge\u00e2tres \u00e0 l\u2019ext\u00e9rieur.<\/p>\n<p>En Suisse la distribution de la tulipe est limit\u00e9e au Valais entre la montagne et le niveau subalpin (1045 \u2013 2080 m s.n.m.). Dans la <a href=\"https:\/\/jungfraualetsch.ch\/fr\/patrimoine-mondial\/region-du-site-du-patrimoine\/\">r\u00e9gion du Patrimoine Mondial<\/a>, on trouve la tulipe entre Naters et Blatten, dans les alentours de Mund, dans le bassin versant de Gebidem et dans la for\u00eat d\u2019Aletsch. Les recherches effectu\u00e9es vers la fin des ann\u00e9es \u201890 ont d\u00e9montr\u00e9 une forte diminution des esp\u00e8ces rares et prot\u00e9g\u00e9es, \u00e0 cause de l\u2019usage intensif du sol, de l\u2019usage de fertilisants, de la fauche r\u00e9p\u00e9t\u00e9e et de l\u2019irrigation \u00e0 grande \u00e9chelle.<\/p>\n<p>[\/et_pb_text][\/et_pb_column][et_pb_column type=\u00a0\u00bb1_4&Prime; _builder_version=\u00a0\u00bb4.16&Prime; _module_preset=\u00a0\u00bbdefault\u00a0\u00bb global_colors_info=\u00a0\u00bb{}\u00a0\u00bb][\/et_pb_column][\/et_pb_row][et_pb_row column_structure=\u00a0\u00bb3_4,1_4&Prime; _builder_version=\u00a0\u00bb4.16&Prime; _module_preset=\u00a0\u00bbdefault\u00a0\u00bb global_colors_info=\u00a0\u00bb{}\u00a0\u00bb][et_pb_column type=\u00a0\u00bb3_4&Prime; _builder_version=\u00a0\u00bb4.16&Prime; _module_preset=\u00a0\u00bbdefault\u00a0\u00bb global_colors_info=\u00a0\u00bb{}\u00a0\u00bb][et_pb_text _builder_version=\u00a0\u00bb4.27.4&Prime; _module_preset=\u00a0\u00bbdefault\u00a0\u00bb hover_enabled=\u00a0\u00bb0&Prime; global_colors_info=\u00a0\u00bb{}\u00a0\u00bb sticky_enabled=\u00a0\u00bb0&Prime;]<\/p>\n<p>La Tulipe m\u00e9ridionale (Tulipa australis \u2013 Fam Liliaceae) est une esp\u00e8ce rare et prot\u00e9g\u00e9e, qu\u2019on ne rencontre que en Haut-Valais. On la trouve dans des prairies et p\u00e2turages de montagne secs \u00e0 frais, mod\u00e9r\u00e9ment riches en nutriments, ainsi que sur des bandes rocheuses humides. \u00c0 la fin des ann\u00e9es 1990, des \u00e9tudes ont montr\u00e9 que sa population avait fortement diminu\u00e9, principalement \u00e0 cause de l\u2019intensification de l\u2019agriculture de montagne.<\/p>\n<p><strong>Nos actions<\/strong><br \/>En 2014, un projet de promotion des esp\u00e8ces a permis de relever syst\u00e9matiquement la r\u00e9partition actuelle de la Tulipe m\u00e9ridionale dans la r\u00e9gion du patrimoine mondial SAJA, d\u2019identifier les menaces et de proposer des mesures de protection. Ces relev\u00e9s ont servi de base pour \u00e9tablir des contrats de gestion avec les agriculteurs, sign\u00e9s la m\u00eame ann\u00e9e dans deux zone pilotes du projet de mise en r\u00e9seau de Naters.<\/p>\n<p><strong>Informations compl\u00e9mentaires (en allemand)<\/strong><\/p>\n<ul>\n<li><a href=\"https:\/\/jungfraualetsch.ch\/wp-content\/uploads\/2021\/03\/Schlussbericht_Suedalpine_Tulpe.pdf\" target=\"_blank\" rel=\"noopener\">Rapport final concernant la Tulipe sauvage des Alpes du Sud<\/a><\/li>\n<li><a href=\"https:\/\/dev.myswissalps.ch\/poi\/427\" target=\"_blank\" rel=\"noopener\">D\u00e9couvrez la Tulipe sauvage des Alpes du Sud dans le site du Patrimoine Mondial<\/a><\/li>\n<\/ul>\n<p>[\/et_pb_text][\/et_pb_column][et_pb_column type=\u00a0\u00bb1_4&Prime; _builder_version=\u00a0\u00bb4.16&Prime; _module_preset=\u00a0\u00bbdefault\u00a0\u00bb global_colors_info=\u00a0\u00bb{}\u00a0\u00bb][\/et_pb_column][\/et_pb_row][et_pb_row _builder_version=\u00a0\u00bb4.16&Prime; _module_preset=\u00a0\u00bbdefault\u00a0\u00bb global_colors_info=\u00a0\u00bb{}\u00a0\u00bb][et_pb_column type=\u00a0\u00bb4_4&Prime; _builder_version=\u00a0\u00bb4.16&Prime; _module_preset=\u00a0\u00bbdefault\u00a0\u00bb global_colors_info=\u00a0\u00bb{}\u00a0\u00bb][et_pb_gallery gallery_ids=\u00a0\u00bb3824,3828,3832,3840&Prime; gallery_orderby=\u00a0\u00bbrand\u00a0\u00bb fullwidth=\u00a0\u00bbon\u00a0\u00bb _builder_version=\u00a0\u00bb4.16&Prime; _module_preset=\u00a0\u00bbdefault\u00a0\u00bb auto=\u00a0\u00bbon\u00a0\u00bb auto_speed=\u00a0\u00bb3500&Prime; global_colors_info=\u00a0\u00bb{}\u00a0\u00bb][\/et_pb_gallery][\/et_pb_column][\/et_pb_row][\/et_pb_section]<\/p>\n","protected":false},"excerpt":{"rendered":"<p>Tulipe m\u00e9ridionale La tulipe sauvage des Alpes du sud (Tulipa australis \u2013 Fam. Liliaceae) pousse sur un sol sec et humide, dans les prairies de montagne moyennement fertiles et dans les p\u00e2turages, ainsi que sur les rebords rocheux humides. La plante peut mesurer 8-50 cm de hauteur et fleurit de mai \u00e0 juin. Les fleurs [&hellip;]<\/p>\n","protected":false},"author":1,"featured_media":0,"parent":3428,"menu_order":46,"comment_status":"closed","ping_status":"closed","template":"","meta":{"_et_pb_use_builder":"on","_et_pb_old_content":"","_et_gb_content_width":"","footnotes":""},"class_list":["post-4196","page","type-page","status-publish","hentry"],"yoast_head":"<!-- This site is optimized with the Yoast SEO plugin v27.1.1 - https:\/\/yoast.com\/product\/yoast-seo-wordpress\/ -->\n<title>Tulipe m\u00e9ridionale - UNESCO World Heritage Swiss Alps Jungfrau-Aletsch<\/title>\n<meta name=\"robots\" content=\"index, follow, max-snippet:-1, max-image-preview:large, max-video-preview:-1\" \/>\n<link rel=\"canonical\" href=\"https:\/\/jungfraualetsch.ch\/fr\/preserver-et-valoriser\/projets-de-promotion\/tulipe-meridionale\/\" \/>\n<meta property=\"og:locale\" content=\"fr_FR\" \/>\n<meta property=\"og:type\" content=\"article\" \/>\n<meta property=\"og:title\" content=\"Tulipe m\u00e9ridionale - UNESCO World Heritage Swiss Alps Jungfrau-Aletsch\" \/>\n<meta property=\"og:description\" content=\"Tulipe m\u00e9ridionale La tulipe sauvage des Alpes du sud (Tulipa australis \u2013 Fam. Liliaceae) pousse sur un sol sec et humide, dans les prairies de montagne moyennement fertiles et dans les p\u00e2turages, ainsi que sur les rebords rocheux humides. La plante peut mesurer 8-50 cm de hauteur et fleurit de mai \u00e0 juin. Les fleurs [&hellip;]\" \/>\n<meta property=\"og:url\" content=\"https:\/\/jungfraualetsch.ch\/fr\/preserver-et-valoriser\/projets-de-promotion\/tulipe-meridionale\/\" \/>\n<meta property=\"og:site_name\" content=\"UNESCO World Heritage Swiss Alps Jungfrau-Aletsch\" \/>\n<meta property=\"article:modified_time\" content=\"2026-01-12T11:44:37+00:00\" \/>\n<meta name=\"twitter:card\" content=\"summary_large_image\" \/>\n<meta name=\"twitter:label1\" content=\"Dur\u00e9e de lecture estim\u00e9e\" \/>\n\t<meta name=\"twitter:data1\" content=\"2 minutes\" \/>\n<script type=\"application\/ld+json\" class=\"yoast-schema-graph\">{\"@context\":\"https:\/\/schema.org\",\"@graph\":[{\"@type\":\"WebPage\",\"@id\":\"https:\/\/jungfraualetsch.ch\/fr\/preserver-et-valoriser\/projets-de-promotion\/tulipe-meridionale\/\",\"url\":\"https:\/\/jungfraualetsch.ch\/fr\/preserver-et-valoriser\/projets-de-promotion\/tulipe-meridionale\/\",\"name\":\"Tulipe m\u00e9ridionale - UNESCO World Heritage Swiss Alps Jungfrau-Aletsch\",\"isPartOf\":{\"@id\":\"https:\/\/jungfraualetsch.ch\/#website\"},\"datePublished\":\"2021-03-29T11:51:18+00:00\",\"dateModified\":\"2026-01-12T11:44:37+00:00\",\"breadcrumb\":{\"@id\":\"https:\/\/jungfraualetsch.ch\/fr\/preserver-et-valoriser\/projets-de-promotion\/tulipe-meridionale\/#breadcrumb\"},\"inLanguage\":\"fr-FR\",\"potentialAction\":[{\"@type\":\"ReadAction\",\"target\":[\"https:\/\/jungfraualetsch.ch\/fr\/preserver-et-valoriser\/projets-de-promotion\/tulipe-meridionale\/\"]}]},{\"@type\":\"BreadcrumbList\",\"@id\":\"https:\/\/jungfraualetsch.ch\/fr\/preserver-et-valoriser\/projets-de-promotion\/tulipe-meridionale\/#breadcrumb\",\"itemListElement\":[{\"@type\":\"ListItem\",\"position\":1,\"name\":\"Startseite\",\"item\":\"https:\/\/jungfraualetsch.ch\/fr\/\"},{\"@type\":\"ListItem\",\"position\":2,\"name\":\"Pr\u00e9server et valoriser\",\"item\":\"https:\/\/jungfraualetsch.ch\/fr\/preserver-et-valoriser\/\"},{\"@type\":\"ListItem\",\"position\":3,\"name\":\"Projets de promotion\",\"item\":\"https:\/\/jungfraualetsch.ch\/fr\/preserver-et-valoriser\/projets-de-promotion\/\"},{\"@type\":\"ListItem\",\"position\":4,\"name\":\"Tulipe m\u00e9ridionale\"}]},{\"@type\":\"WebSite\",\"@id\":\"https:\/\/jungfraualetsch.ch\/#website\",\"url\":\"https:\/\/jungfraualetsch.ch\/\",\"name\":\"UNESCO World Heritage Swiss Alps Jungfrau-Aletsch\",\"description\":\"\",\"potentialAction\":[{\"@type\":\"SearchAction\",\"target\":{\"@type\":\"EntryPoint\",\"urlTemplate\":\"https:\/\/jungfraualetsch.ch\/?s={search_term_string}\"},\"query-input\":{\"@type\":\"PropertyValueSpecification\",\"valueRequired\":true,\"valueName\":\"search_term_string\"}}],\"inLanguage\":\"fr-FR\"}]}<\/script>\n<!-- \/ Yoast SEO plugin. -->","yoast_head_json":{"title":"Tulipe m\u00e9ridionale - UNESCO World Heritage Swiss Alps Jungfrau-Aletsch","robots":{"index":"index","follow":"follow","max-snippet":"max-snippet:-1","max-image-preview":"max-image-preview:large","max-video-preview":"max-video-preview:-1"},"canonical":"https:\/\/jungfraualetsch.ch\/fr\/preserver-et-valoriser\/projets-de-promotion\/tulipe-meridionale\/","og_locale":"fr_FR","og_type":"article","og_title":"Tulipe m\u00e9ridionale - UNESCO World Heritage Swiss Alps Jungfrau-Aletsch","og_description":"Tulipe m\u00e9ridionale La tulipe sauvage des Alpes du sud (Tulipa australis \u2013 Fam. Liliaceae) pousse sur un sol sec et humide, dans les prairies de montagne moyennement fertiles et dans les p\u00e2turages, ainsi que sur les rebords rocheux humides. La plante peut mesurer 8-50 cm de hauteur et fleurit de mai \u00e0 juin. Les fleurs [&hellip;]","og_url":"https:\/\/jungfraualetsch.ch\/fr\/preserver-et-valoriser\/projets-de-promotion\/tulipe-meridionale\/","og_site_name":"UNESCO World Heritage Swiss Alps Jungfrau-Aletsch","article_modified_time":"2026-01-12T11:44:37+00:00","twitter_card":"summary_large_image","twitter_misc":{"Dur\u00e9e de lecture estim\u00e9e":"2 minutes"},"schema":{"@context":"https:\/\/schema.org","@graph":[{"@type":"WebPage","@id":"https:\/\/jungfraualetsch.ch\/fr\/preserver-et-valoriser\/projets-de-promotion\/tulipe-meridionale\/","url":"https:\/\/jungfraualetsch.ch\/fr\/preserver-et-valoriser\/projets-de-promotion\/tulipe-meridionale\/","name":"Tulipe m\u00e9ridionale - UNESCO World Heritage Swiss Alps Jungfrau-Aletsch","isPartOf":{"@id":"https:\/\/jungfraualetsch.ch\/#website"},"datePublished":"2021-03-29T11:51:18+00:00","dateModified":"2026-01-12T11:44:37+00:00","breadcrumb":{"@id":"https:\/\/jungfraualetsch.ch\/fr\/preserver-et-valoriser\/projets-de-promotion\/tulipe-meridionale\/#breadcrumb"},"inLanguage":"fr-FR","potentialAction":[{"@type":"ReadAction","target":["https:\/\/jungfraualetsch.ch\/fr\/preserver-et-valoriser\/projets-de-promotion\/tulipe-meridionale\/"]}]},{"@type":"BreadcrumbList","@id":"https:\/\/jungfraualetsch.ch\/fr\/preserver-et-valoriser\/projets-de-promotion\/tulipe-meridionale\/#breadcrumb","itemListElement":[{"@type":"ListItem","position":1,"name":"Startseite","item":"https:\/\/jungfraualetsch.ch\/fr\/"},{"@type":"ListItem","position":2,"name":"Pr\u00e9server et valoriser","item":"https:\/\/jungfraualetsch.ch\/fr\/preserver-et-valoriser\/"},{"@type":"ListItem","position":3,"name":"Projets de promotion","item":"https:\/\/jungfraualetsch.ch\/fr\/preserver-et-valoriser\/projets-de-promotion\/"},{"@type":"ListItem","position":4,"name":"Tulipe m\u00e9ridionale"}]},{"@type":"WebSite","@id":"https:\/\/jungfraualetsch.ch\/#website","url":"https:\/\/jungfraualetsch.ch\/","name":"UNESCO World Heritage Swiss Alps Jungfrau-Aletsch","description":"","potentialAction":[{"@type":"SearchAction","target":{"@type":"EntryPoint","urlTemplate":"https:\/\/jungfraualetsch.ch\/?s={search_term_string}"},"query-input":{"@type":"PropertyValueSpecification","valueRequired":true,"valueName":"search_term_string"}}],"inLanguage":"fr-FR"}]}},"_links":{"self":[{"href":"https:\/\/jungfraualetsch.ch\/fr\/wp-json\/wp\/v2\/pages\/4196","targetHints":{"allow":["GET"]}}],"collection":[{"href":"https:\/\/jungfraualetsch.ch\/fr\/wp-json\/wp\/v2\/pages"}],"about":[{"href":"https:\/\/jungfraualetsch.ch\/fr\/wp-json\/wp\/v2\/types\/page"}],"author":[{"embeddable":true,"href":"https:\/\/jungfraualetsch.ch\/fr\/wp-json\/wp\/v2\/users\/1"}],"replies":[{"embeddable":true,"href":"https:\/\/jungfraualetsch.ch\/fr\/wp-json\/wp\/v2\/comments?post=4196"}],"version-history":[{"count":5,"href":"https:\/\/jungfraualetsch.ch\/fr\/wp-json\/wp\/v2\/pages\/4196\/revisions"}],"predecessor-version":[{"id":13518,"href":"https:\/\/jungfraualetsch.ch\/fr\/wp-json\/wp\/v2\/pages\/4196\/revisions\/13518"}],"up":[{"embeddable":true,"href":"https:\/\/jungfraualetsch.ch\/fr\/wp-json\/wp\/v2\/pages\/3428"}],"wp:attachment":[{"href":"https:\/\/jungfraualetsch.ch\/fr\/wp-json\/wp\/v2\/media?parent=4196"}],"curies":[{"name":"wp","href":"https:\/\/api.w.org\/{rel}","templated":true}]}}