{"id":3983,"date":"2021-03-24T09:22:16","date_gmt":"2021-03-24T09:22:16","guid":{"rendered":"https:\/\/jungfraualetsch.ch\/welterbe-kristall\/"},"modified":"2026-01-09T13:45:06","modified_gmt":"2026-01-09T13:45:06","slug":"world-heritage-cristal","status":"publish","type":"page","link":"https:\/\/jungfraualetsch.ch\/fr\/preserver-et-valoriser\/world-heritage-cristal\/","title":{"rendered":"Cristal du patrimoine mondial"},"content":{"rendered":"<p>[et_pb_section fb_built=\u00a0\u00bb1&Prime; fullwidth=\u00a0\u00bbon\u00a0\u00bb _builder_version=\u00a0\u00bb4.16&Prime; _module_preset=\u00a0\u00bbdefault\u00a0\u00bb background_image=\u00a0\u00bbhttps:\/\/jungfraualetsch.ch\/wp-content\/uploads\/2021\/03\/header_03_welterbe_pat_IMG_0916-scaled.jpg\u00a0\u00bb parallax=\u00a0\u00bbon\u00a0\u00bb bottom_divider_style=\u00a0\u00bbslant2&Prime; bottom_divider_color=\u00a0\u00bb#FFFFFF\u00a0\u00bb bottom_divider_flip=\u00a0\u00bbhorizontal\u00a0\u00bb bottom_divider_height_tablet=\u00a0\u00bb\u00a0\u00bb bottom_divider_height_phone=\u00a0\u00bb\u00a0\u00bb bottom_divider_height_last_edited=\u00a0\u00bbon|desktop\u00a0\u00bb custom_css_main_element=\u00a0\u00bbmin-height: 45vh;\u00a0\u00bb global_colors_info=\u00a0\u00bb{}\u00a0\u00bb][\/et_pb_section][et_pb_section fb_built=\u00a0\u00bb1&Prime; _builder_version=\u00a0\u00bb4.16&Prime; _module_preset=\u00a0\u00bbdefault\u00a0\u00bb background_enable_color=\u00a0\u00bboff\u00a0\u00bb background_enable_image=\u00a0\u00bboff\u00a0\u00bb top_divider_flip=\u00a0\u00bbhorizontal\u00a0\u00bb global_colors_info=\u00a0\u00bb{}\u00a0\u00bb][et_pb_row _builder_version=\u00a0\u00bb4.16&Prime; _module_preset=\u00a0\u00bbdefault\u00a0\u00bb global_colors_info=\u00a0\u00bb{}\u00a0\u00bb][et_pb_column type=\u00a0\u00bb4_4&Prime; _builder_version=\u00a0\u00bb4.16&Prime; _module_preset=\u00a0\u00bbdefault\u00a0\u00bb global_colors_info=\u00a0\u00bb{}\u00a0\u00bb][et_pb_text admin_label=\u00a0\u00bbTitel\u00a0\u00bb _builder_version=\u00a0\u00bb4.27.4&Prime; _module_preset=\u00a0\u00bbdefault\u00a0\u00bb global_colors_info=\u00a0\u00bb{}\u00a0\u00bb]<\/p>\n<h1>Cristal du patrimoine mondial <\/h1>\n<p>[\/et_pb_text][\/et_pb_column][\/et_pb_row][et_pb_row column_structure=\u00a0\u00bb3_4,1_4&Prime; _builder_version=\u00a0\u00bb4.16&Prime; _module_preset=\u00a0\u00bbdefault\u00a0\u00bb global_colors_info=\u00a0\u00bb{}\u00a0\u00bb][et_pb_column type=\u00a0\u00bb3_4&Prime; _builder_version=\u00a0\u00bb4.16&Prime; _module_preset=\u00a0\u00bbdefault\u00a0\u00bb global_colors_info=\u00a0\u00bb{}\u00a0\u00bb][et_pb_text _builder_version=\u00a0\u00bb4.27.4&Prime; _module_preset=\u00a0\u00bbdefault\u00a0\u00bb global_colors_info=\u00a0\u00bb{}\u00a0\u00bb]<\/p>\n<h4>\u00cates-vous initiateur, porteur de projet, inventeur ou r\u00e9alisateur d\u2019un projet au caract\u00e8re \u00ab cristallin \u00bb ?<\/h4>\n<p>Nous serions heureux de r\u00e9compenser votre projet et de le faire conna\u00eetre au-del\u00e0 des fronti\u00e8res du Patrimoine mondial.<\/p>\n<p>Le \u00ab Cristal du Patrimoine mondial \u00bb est un prix dot\u00e9 de CHF 10&rsquo;000.-, d\u00e9cern\u00e9 par la Fondation UNESCO Patrimoine mondial Alpes suisses Jungfrau-Aletsch pour promouvoir l\u2019attractivit\u00e9 de la r\u00e9gion du patrimoine mondial. Il est remis tous les deux ans et vise \u00e0 susciter un effet d\u2019exemplarit\u00e9. En plus du montant attractif du prix, les initiateurs et porteurs de projets b\u00e9n\u00e9ficient d\u2019une plateforme de communication suprar\u00e9gionale. Ils re\u00e7oivent \u00e9galement une reconnaissance importante pour leur engagement exemplaire en faveur du patrimoine mondial et d\u2019une r\u00e9gion durable.<\/p>\n<p>Pour la remise des prix \u00e0 l\u2019automne 2025, nous recherchons des projets qui apportent une contribution particuli\u00e8re et exemplaire \u00e0 la pr\u00e9servation du Patrimoine mondial de l\u2019UNESCO Alpes suisses Jungfrau-Aletsch et qui favorisent le d\u00e9veloppement r\u00e9gional durable dans l\u2019esprit de la Charte du Konkordiaplatz.<\/p>\n<p>Vous vous sentez concern\u00e9\u00b7e ? V\u00e9rifiez ici si votre projet r\u00e9pond aux exigences et n\u2019h\u00e9sitez pas \u00e0 nous contacter. Le d\u00e9lai de d\u00e9p\u00f4t est fix\u00e9 \u00e0 ao\u00fbt 2025.<\/p>\n<p><strong>Personne de contact pour les questions et les dossiers de projet<\/strong><br \/>Barbara M\u00e4der, responsable du projet Marketing et Communication<br \/><a href=\"mailto:b.maeder@jungfraualetsch.ch\">b.maeder@jungfraualetsch.ch<\/a><br \/>T: <a href=\"tel:+41275271534\">+41 (0)27 527 15 34<\/a><\/p>\n<p><strong>T\u00e9l\u00e9chargements (en allemand)<\/strong><\/p>\n<ul>\n<li><a href=\"https:\/\/jungfraualetsch.ch\/wp-content\/uploads\/2025\/05\/Voraussetzungen-Welterbekristall_2025.pdf\" target=\"_blank\" rel=\"noopener\">Conditions de participation<\/a><\/li>\n<li><a href=\"https:\/\/jungfraualetsch.ch\/wp-content\/uploads\/2025\/01\/2025_Welterbe-Kristall-Eingabeformular.pdf\" target=\"_blank\" rel=\"noopener\">Formulaire de d\u00e9p\u00f4t<\/a><\/li>\n<li><a href=\"https:\/\/jungfraualetsch.ch\/wp-content\/uploads\/2021\/03\/unesco_welterbe_swiss_alps_jungfrau_aletsch_charta_konkordiaplatz1.pdf\" target=\"_blank\" rel=\"noopener\">Charte de Konkordiaplatz<\/a><\/li>\n<\/ul>\n<p>[\/et_pb_text][\/et_pb_column][et_pb_column type=\u00a0\u00bb1_4&Prime; _builder_version=\u00a0\u00bb4.16&Prime; _module_preset=\u00a0\u00bbdefault\u00a0\u00bb global_colors_info=\u00a0\u00bb{}\u00a0\u00bb][\/et_pb_column][\/et_pb_row][et_pb_row _builder_version=\u00a0\u00bb4.16&Prime; _module_preset=\u00a0\u00bbdefault\u00a0\u00bb global_colors_info=\u00a0\u00bb{}\u00a0\u00bb][et_pb_column type=\u00a0\u00bb4_4&Prime; _builder_version=\u00a0\u00bb4.16&Prime; _module_preset=\u00a0\u00bbdefault\u00a0\u00bb global_colors_info=\u00a0\u00bb{}\u00a0\u00bb][et_pb_image src=\u00a0\u00bbhttps:\/\/jungfraualetsch.ch\/wp-content\/uploads\/2021\/03\/Welterbe-Kristall_Montage_kl-2000&#215;1333-1.jpg\u00a0\u00bb title_text=\u00a0\u00bbWelterbe-Kristall_Montage_kl-2000&#215;1333&Prime; _builder_version=\u00a0\u00bb4.16&Prime; _module_preset=\u00a0\u00bbdefault\u00a0\u00bb global_colors_info=\u00a0\u00bb{}\u00a0\u00bb][\/et_pb_image][\/et_pb_column][\/et_pb_row][\/et_pb_section]<\/p>\n","protected":false},"excerpt":{"rendered":"<p>Cristal du patrimoine mondial \u00cates-vous initiateur, porteur de projet, inventeur ou r\u00e9alisateur d\u2019un projet au caract\u00e8re \u00ab cristallin \u00bb ? Nous serions heureux de r\u00e9compenser votre projet et de le faire conna\u00eetre au-del\u00e0 des fronti\u00e8res du Patrimoine mondial. Le \u00ab Cristal du Patrimoine mondial \u00bb est un prix dot\u00e9 de CHF 10&rsquo;000.-, d\u00e9cern\u00e9 par la [&hellip;]<\/p>\n","protected":false},"author":1,"featured_media":0,"parent":5019,"menu_order":33,"comment_status":"closed","ping_status":"closed","template":"","meta":{"_et_pb_use_builder":"on","_et_pb_old_content":"","_et_gb_content_width":"","footnotes":""},"class_list":["post-3983","page","type-page","status-publish","hentry"],"yoast_head":"<!-- This site is optimized with the Yoast SEO plugin v27.1.1 - https:\/\/yoast.com\/product\/yoast-seo-wordpress\/ -->\n<title>Cristal du patrimoine mondial - UNESCO World Heritage Swiss Alps Jungfrau-Aletsch<\/title>\n<meta name=\"robots\" content=\"index, follow, max-snippet:-1, max-image-preview:large, max-video-preview:-1\" \/>\n<link rel=\"canonical\" href=\"https:\/\/jungfraualetsch.ch\/fr\/preserver-et-valoriser\/world-heritage-cristal\/\" \/>\n<meta property=\"og:locale\" content=\"fr_FR\" \/>\n<meta property=\"og:type\" content=\"article\" \/>\n<meta property=\"og:title\" content=\"Cristal du patrimoine mondial - UNESCO World Heritage Swiss Alps Jungfrau-Aletsch\" \/>\n<meta property=\"og:description\" content=\"Cristal du patrimoine mondial \u00cates-vous initiateur, porteur de projet, inventeur ou r\u00e9alisateur d\u2019un projet au caract\u00e8re \u00ab cristallin \u00bb ? Nous serions heureux de r\u00e9compenser votre projet et de le faire conna\u00eetre au-del\u00e0 des fronti\u00e8res du Patrimoine mondial. Le \u00ab Cristal du Patrimoine mondial \u00bb est un prix dot\u00e9 de CHF 10&#039;000.-, d\u00e9cern\u00e9 par la [&hellip;]\" \/>\n<meta property=\"og:url\" content=\"https:\/\/jungfraualetsch.ch\/fr\/preserver-et-valoriser\/world-heritage-cristal\/\" \/>\n<meta property=\"og:site_name\" content=\"UNESCO World Heritage Swiss Alps Jungfrau-Aletsch\" \/>\n<meta property=\"article:modified_time\" content=\"2026-01-09T13:45:06+00:00\" \/>\n<meta name=\"twitter:card\" content=\"summary_large_image\" \/>\n<meta name=\"twitter:label1\" content=\"Dur\u00e9e de lecture estim\u00e9e\" \/>\n\t<meta name=\"twitter:data1\" content=\"2 minutes\" \/>\n<script type=\"application\/ld+json\" class=\"yoast-schema-graph\">{\"@context\":\"https:\/\/schema.org\",\"@graph\":[{\"@type\":\"WebPage\",\"@id\":\"https:\/\/jungfraualetsch.ch\/fr\/preserver-et-valoriser\/world-heritage-cristal\/\",\"url\":\"https:\/\/jungfraualetsch.ch\/fr\/preserver-et-valoriser\/world-heritage-cristal\/\",\"name\":\"Cristal du patrimoine mondial - UNESCO World Heritage Swiss Alps Jungfrau-Aletsch\",\"isPartOf\":{\"@id\":\"https:\/\/jungfraualetsch.ch\/#website\"},\"datePublished\":\"2021-03-24T09:22:16+00:00\",\"dateModified\":\"2026-01-09T13:45:06+00:00\",\"breadcrumb\":{\"@id\":\"https:\/\/jungfraualetsch.ch\/fr\/preserver-et-valoriser\/world-heritage-cristal\/#breadcrumb\"},\"inLanguage\":\"fr-FR\",\"potentialAction\":[{\"@type\":\"ReadAction\",\"target\":[\"https:\/\/jungfraualetsch.ch\/fr\/preserver-et-valoriser\/world-heritage-cristal\/\"]}]},{\"@type\":\"BreadcrumbList\",\"@id\":\"https:\/\/jungfraualetsch.ch\/fr\/preserver-et-valoriser\/world-heritage-cristal\/#breadcrumb\",\"itemListElement\":[{\"@type\":\"ListItem\",\"position\":1,\"name\":\"Startseite\",\"item\":\"https:\/\/jungfraualetsch.ch\/fr\/\"},{\"@type\":\"ListItem\",\"position\":2,\"name\":\"Pr\u00e9server et valoriser\",\"item\":\"https:\/\/jungfraualetsch.ch\/fr\/preserver-et-valoriser\/\"},{\"@type\":\"ListItem\",\"position\":3,\"name\":\"Cristal du patrimoine mondial\"}]},{\"@type\":\"WebSite\",\"@id\":\"https:\/\/jungfraualetsch.ch\/#website\",\"url\":\"https:\/\/jungfraualetsch.ch\/\",\"name\":\"UNESCO World Heritage Swiss Alps Jungfrau-Aletsch\",\"description\":\"\",\"potentialAction\":[{\"@type\":\"SearchAction\",\"target\":{\"@type\":\"EntryPoint\",\"urlTemplate\":\"https:\/\/jungfraualetsch.ch\/?s={search_term_string}\"},\"query-input\":{\"@type\":\"PropertyValueSpecification\",\"valueRequired\":true,\"valueName\":\"search_term_string\"}}],\"inLanguage\":\"fr-FR\"}]}<\/script>\n<!-- \/ Yoast SEO plugin. -->","yoast_head_json":{"title":"Cristal du patrimoine mondial - UNESCO World Heritage Swiss Alps Jungfrau-Aletsch","robots":{"index":"index","follow":"follow","max-snippet":"max-snippet:-1","max-image-preview":"max-image-preview:large","max-video-preview":"max-video-preview:-1"},"canonical":"https:\/\/jungfraualetsch.ch\/fr\/preserver-et-valoriser\/world-heritage-cristal\/","og_locale":"fr_FR","og_type":"article","og_title":"Cristal du patrimoine mondial - UNESCO World Heritage Swiss Alps Jungfrau-Aletsch","og_description":"Cristal du patrimoine mondial \u00cates-vous initiateur, porteur de projet, inventeur ou r\u00e9alisateur d\u2019un projet au caract\u00e8re \u00ab cristallin \u00bb ? Nous serions heureux de r\u00e9compenser votre projet et de le faire conna\u00eetre au-del\u00e0 des fronti\u00e8res du Patrimoine mondial. Le \u00ab Cristal du Patrimoine mondial \u00bb est un prix dot\u00e9 de CHF 10'000.-, d\u00e9cern\u00e9 par la [&hellip;]","og_url":"https:\/\/jungfraualetsch.ch\/fr\/preserver-et-valoriser\/world-heritage-cristal\/","og_site_name":"UNESCO World Heritage Swiss Alps Jungfrau-Aletsch","article_modified_time":"2026-01-09T13:45:06+00:00","twitter_card":"summary_large_image","twitter_misc":{"Dur\u00e9e de lecture estim\u00e9e":"2 minutes"},"schema":{"@context":"https:\/\/schema.org","@graph":[{"@type":"WebPage","@id":"https:\/\/jungfraualetsch.ch\/fr\/preserver-et-valoriser\/world-heritage-cristal\/","url":"https:\/\/jungfraualetsch.ch\/fr\/preserver-et-valoriser\/world-heritage-cristal\/","name":"Cristal du patrimoine mondial - UNESCO World Heritage Swiss Alps Jungfrau-Aletsch","isPartOf":{"@id":"https:\/\/jungfraualetsch.ch\/#website"},"datePublished":"2021-03-24T09:22:16+00:00","dateModified":"2026-01-09T13:45:06+00:00","breadcrumb":{"@id":"https:\/\/jungfraualetsch.ch\/fr\/preserver-et-valoriser\/world-heritage-cristal\/#breadcrumb"},"inLanguage":"fr-FR","potentialAction":[{"@type":"ReadAction","target":["https:\/\/jungfraualetsch.ch\/fr\/preserver-et-valoriser\/world-heritage-cristal\/"]}]},{"@type":"BreadcrumbList","@id":"https:\/\/jungfraualetsch.ch\/fr\/preserver-et-valoriser\/world-heritage-cristal\/#breadcrumb","itemListElement":[{"@type":"ListItem","position":1,"name":"Startseite","item":"https:\/\/jungfraualetsch.ch\/fr\/"},{"@type":"ListItem","position":2,"name":"Pr\u00e9server et valoriser","item":"https:\/\/jungfraualetsch.ch\/fr\/preserver-et-valoriser\/"},{"@type":"ListItem","position":3,"name":"Cristal du patrimoine mondial"}]},{"@type":"WebSite","@id":"https:\/\/jungfraualetsch.ch\/#website","url":"https:\/\/jungfraualetsch.ch\/","name":"UNESCO World Heritage Swiss Alps Jungfrau-Aletsch","description":"","potentialAction":[{"@type":"SearchAction","target":{"@type":"EntryPoint","urlTemplate":"https:\/\/jungfraualetsch.ch\/?s={search_term_string}"},"query-input":{"@type":"PropertyValueSpecification","valueRequired":true,"valueName":"search_term_string"}}],"inLanguage":"fr-FR"}]}},"_links":{"self":[{"href":"https:\/\/jungfraualetsch.ch\/fr\/wp-json\/wp\/v2\/pages\/3983","targetHints":{"allow":["GET"]}}],"collection":[{"href":"https:\/\/jungfraualetsch.ch\/fr\/wp-json\/wp\/v2\/pages"}],"about":[{"href":"https:\/\/jungfraualetsch.ch\/fr\/wp-json\/wp\/v2\/types\/page"}],"author":[{"embeddable":true,"href":"https:\/\/jungfraualetsch.ch\/fr\/wp-json\/wp\/v2\/users\/1"}],"replies":[{"embeddable":true,"href":"https:\/\/jungfraualetsch.ch\/fr\/wp-json\/wp\/v2\/comments?post=3983"}],"version-history":[{"count":6,"href":"https:\/\/jungfraualetsch.ch\/fr\/wp-json\/wp\/v2\/pages\/3983\/revisions"}],"predecessor-version":[{"id":13455,"href":"https:\/\/jungfraualetsch.ch\/fr\/wp-json\/wp\/v2\/pages\/3983\/revisions\/13455"}],"up":[{"embeddable":true,"href":"https:\/\/jungfraualetsch.ch\/fr\/wp-json\/wp\/v2\/pages\/5019"}],"wp:attachment":[{"href":"https:\/\/jungfraualetsch.ch\/fr\/wp-json\/wp\/v2\/media?parent=3983"}],"curies":[{"name":"wp","href":"https:\/\/api.w.org\/{rel}","templated":true}]}}