{"id":3514,"date":"2021-03-25T17:47:05","date_gmt":"2021-03-25T17:47:05","guid":{"rendered":"https:\/\/jungfraualetsch.ch\/unesco-lehrstuhl-natur-und-kulturerbe-fuer-nachhaltige-gebirgsentwicklung\/"},"modified":"2025-08-12T13:23:07","modified_gmt":"2025-08-12T13:23:07","slug":"chaire-unesco-patrimoine-naturel-et-culturel-pour-le-developpement-durable-de-la-montagne","status":"publish","type":"page","link":"https:\/\/jungfraualetsch.ch\/fr\/recherche\/chaire-unesco-patrimoine-naturel-et-culturel-pour-le-developpement-durable-de-la-montagne\/","title":{"rendered":"Chaire UNESCO \u00abPatrimoine naturel et culturel pour le d\u00e9veloppement durable de la montagne\u00bb"},"content":{"rendered":"<p>[et_pb_section fb_built=\u00a0\u00bb1&Prime; fullwidth=\u00a0\u00bbon\u00a0\u00bb _builder_version=\u00a0\u00bb4.16&Prime; _module_preset=\u00a0\u00bbdefault\u00a0\u00bb background_image=\u00a0\u00bbhttps:\/\/jungfraualetsch.ch\/wp-content\/uploads\/2021\/03\/header_05_pat_A34A1335-1-scaled.jpg\u00a0\u00bb parallax=\u00a0\u00bbon\u00a0\u00bb bottom_divider_style=\u00a0\u00bbslant2&Prime; bottom_divider_color=\u00a0\u00bb#FFFFFF\u00a0\u00bb bottom_divider_flip=\u00a0\u00bbhorizontal\u00a0\u00bb bottom_divider_height_tablet=\u00a0\u00bb\u00a0\u00bb bottom_divider_height_phone=\u00a0\u00bb\u00a0\u00bb bottom_divider_height_last_edited=\u00a0\u00bbon|desktop\u00a0\u00bb custom_css_main_element=\u00a0\u00bbmin-height: 45vh;\u00a0\u00bb global_colors_info=\u00a0\u00bb{}\u00a0\u00bb][\/et_pb_section][et_pb_section fb_built=\u00a0\u00bb1&Prime; _builder_version=\u00a0\u00bb4.16&Prime; _module_preset=\u00a0\u00bbdefault\u00a0\u00bb background_enable_color=\u00a0\u00bboff\u00a0\u00bb background_enable_image=\u00a0\u00bboff\u00a0\u00bb top_divider_flip=\u00a0\u00bbhorizontal\u00a0\u00bb global_colors_info=\u00a0\u00bb{}\u00a0\u00bb][et_pb_row _builder_version=\u00a0\u00bb4.16&Prime; _module_preset=\u00a0\u00bbdefault\u00a0\u00bb global_colors_info=\u00a0\u00bb{}\u00a0\u00bb][et_pb_column type=\u00a0\u00bb4_4&Prime; _builder_version=\u00a0\u00bb4.16&Prime; _module_preset=\u00a0\u00bbdefault\u00a0\u00bb global_colors_info=\u00a0\u00bb{}\u00a0\u00bb][et_pb_text admin_label=\u00a0\u00bbTitel\u00a0\u00bb _builder_version=\u00a0\u00bb4.16&Prime; _module_preset=\u00a0\u00bbdefault\u00a0\u00bb global_colors_info=\u00a0\u00bb{}\u00a0\u00bb]<\/p>\n<h1>Chaire UNESCO \u00abPatrimoine naturel et culturel pour le d\u00e9veloppement durable de la montagne\u00bb<\/h1>\n<p>[\/et_pb_text][\/et_pb_column][\/et_pb_row][et_pb_row column_structure=\u00a0\u00bb3_4,1_4&Prime; _builder_version=\u00a0\u00bb4.16&Prime; _module_preset=\u00a0\u00bbdefault\u00a0\u00bb global_colors_info=\u00a0\u00bb{}\u00a0\u00bb][et_pb_column type=\u00a0\u00bb3_4&Prime; _builder_version=\u00a0\u00bb4.16&Prime; _module_preset=\u00a0\u00bbdefault\u00a0\u00bb global_colors_info=\u00a0\u00bb{}\u00a0\u00bb][et_pb_text _builder_version=\u00a0\u00bb4.27.4&Prime; _module_preset=\u00a0\u00bbdefault\u00a0\u00bb global_colors_info=\u00a0\u00bb{}\u00a0\u00bb]<\/p>\n<p>Dans le cadre du programme UNITWIN, l\u2019UNESCO soutient \u00e0 l\u2019\u00e9chelle mondiale plus de 800 chaires universitaires qui traitent des th\u00e8mes cl\u00e9s de l\u2019organisation. L\u2019une d\u2019entre elles est intitul\u00e9e \u00ab Patrimoine naturel et culturel pour un d\u00e9veloppement durable des r\u00e9gions de montagne \u00bb. Cette chaire est codirig\u00e9e par la PD Dr Theresa Tribaldos, chercheuse au Centre for Development and Environmnent (<a href=\"https:\/\/www.cde.unibe.ch\" target=\"_blank\" rel=\"noopener\">CDE<\/a>) et \u00e0 l\u2019Institut de g\u00e9ographie de l\u2019Universit\u00e9 de Berne, ainsi que par le Dr Boniface Kiteme, directeur du Centre de recherche pour le d\u00e9veloppement r\u00e9gional (Centre for Training and Integrated Research in ASAL Development, <a href=\"https:\/\/www.cetrad.org\" target=\"_blank\" rel=\"noopener\">CETRAD<\/a>) au Kenya.<\/p>\n<p>La chaire UNESCO se consacre \u00e0 l\u2019enseignement et \u00e0 la recherche dans le domaine des \u00e9tudes sur les montagnes, avec pour objectif d\u2019analyser le d\u00e9veloppement durable dans les zones de montagne. En plus de son accent mis sur le patrimoine mondial de l\u2019UNESCO Alpes suisses Jungfrau-Aletsch, la chaire renforce, gr\u00e2ce \u00e0 la codirection assur\u00e9e par le CETRAD, la coop\u00e9ration avec des sites du patrimoine mondial situ\u00e9 dans des zones de montagne en Afrique et dans d\u2019autres r\u00e9gions du monde.<\/p>\n<p>La chaire UNESCO encourage la recherche et l\u2019\u00e9change d\u2019exp\u00e9riences, notamment dans les domaines suivants :<\/p>\n<ul>\n<li>Synergies entre syst\u00e8mes alimentaires et \u00e9cosyst\u00e8mes<\/li>\n<li>Contribution de la gouvernance de biens communs au d\u00e9veloppement durable<\/li>\n<li>Syst\u00e8mes alimentaires dans les r\u00e9gions de montagne<\/li>\n<li>\u00c9ducation \u00e0 l\u2019environnement<\/li>\n<li>Biodiversit\u00e9<\/li>\n<li>Ressources renouvelables<\/li>\n<li>Tourisme durable<\/li>\n<li>Culture et traditions<\/li>\n<li>D\u00e9veloppement r\u00e9gional durable<\/li>\n<\/ul>\n<p><strong>Les objectifs de la Chaire UNESCO sont les suivants<\/strong><\/p>\n<ul>\n<li>Mise en place d\u2019un r\u00e9seau international pour la protection des grandes r\u00e9gions de montagne<\/li>\n<li>Application de m\u00e9thodes de recherche interdisciplinaires et transdisciplinaires afin de pr\u00e9server le patrimoine naturel et culturel des zones de montagne, et de soutenir leur valorisation dans une perspective de d\u00e9veloppement durable<\/li>\n<li>Formation et perfectionnement des acteurs acad\u00e9miques et non-acad\u00e9miques dans les r\u00e9gions de montagne<\/li>\n<li>\u00c9changes de connaissances et d\u2019informations entre les diff\u00e9rents sites du patrimoine mondial<\/li>\n<li>Sensibilisation \u00e0 l\u2019importance des sites du patrimoine mondial dans les Alpes ainsi que dans les zones de montagne du monde entier, gr\u00e2ce \u00e0 des outils en libre acc\u00e8s<\/li>\n<\/ul>\n<p>Vous trouverez <a href=\"https:\/\/www.cde.unibe.ch\/forschung\/projekte\/unesco_chair_am_cde\/index_ger.html\" target=\"_blank\" rel=\"noopener\">ici<\/a> les derni\u00e8res nouvelles concernant la Chaire UNESCO (en anglais).<\/p>\n<p><strong>UNESCO Chair Newsletter 2019<\/strong><br \/><a href=\"https:\/\/jungfraualetsch.ch\/wp-content\/uploads\/2021\/03\/NL-1_UNESCO-Chair-Natur-Kulturerbe-Berggebiet.pdf\" target=\"_blank\" rel=\"noopener\">Newsletter #1: UNESCO Chair: Natur- und Kulturerbe f\u00fcr nachhaltige Gebirgsentwicklung<\/a> (allemand)<\/p>\n<p><strong>UNESCO Chair Newsletter 2021<\/strong><br \/><a href=\"https:\/\/jungfraualetsch.ch\/wp-content\/uploads\/2021\/03\/2021_-NL-2_UNESCO-Chair-Natur-Kulturerbe-Berggebiet.pdf\" target=\"_blank\" rel=\"noopener\">Newsletter #2: Traditions and perspectives insights into Sustainable Mountain Development <\/a>(allemand, anglais)<\/p>\n<p><strong>UNESCO Chair Newsletter 2022<br \/><\/strong><a href=\"https:\/\/jungfraualetsch.ch\/wp-content\/uploads\/2025\/07\/2022_Newsletter_UnescoChair_de_en.pdf\" target=\"_blank\" rel=\"noopener\">Newsletter #3: Von Traditionen und Perspektiven &#8211; Einblicke in die nachhaltige Gebirgsentwicklung <\/a>(allemand, anglais)<strong><br \/><\/strong><\/p>\n<p><strong>UNESCO Chair Newsletter 2023<br \/><\/strong><a href=\"https:\/\/jungfraualetsch.ch\/wp-content\/uploads\/2025\/07\/2023_Newsletter_UnescoChair_de_en.pdf\" target=\"_blank\" rel=\"noopener\">Newsletter #4: Von Traditionen und Perspektiven &#8211; Einblicke in die nachhaltige Gebirgsentwicklung <\/a>(allemand, anglais)<\/p>\n<p><strong>UNESCO Chair Newsletter 2024<br \/><\/strong><a href=\"https:\/\/jungfraualetsch.ch\/wp-content\/uploads\/2025\/07\/2024_Newsletter_UnescoChair_de_en.pdf\" target=\"_blank\" rel=\"noopener\">Newsletter #5: Von Traditionen und Perspektiven &#8211; Einblicke in die nachhaltige Gebirgsentwicklung <\/a>(allemand, anglais)<\/p>\n<p><strong>UNESCO Chair Newsletter 2025<br \/><\/strong><a href=\"https:\/\/jungfraualetsch.ch\/wp-content\/uploads\/2025\/07\/2025_Newsletter_UnescoChair_de_en.pdf\" target=\"_blank\" rel=\"noopener\">Newsletter #6: Von Traditionen und Perspektiven &#8211; Einblicke in die nachhaltige Gebirgsentwicklung <\/a>(allemand, anglais)<\/p>\n<p>[\/et_pb_text][\/et_pb_column][et_pb_column type=\u00a0\u00bb1_4&Prime; _builder_version=\u00a0\u00bb4.16&Prime; _module_preset=\u00a0\u00bbdefault\u00a0\u00bb global_colors_info=\u00a0\u00bb{}\u00a0\u00bb][\/et_pb_column][\/et_pb_row][et_pb_row _builder_version=\u00a0\u00bb4.16&Prime; _module_preset=\u00a0\u00bbdefault\u00a0\u00bb global_colors_info=\u00a0\u00bb{}\u00a0\u00bb][et_pb_column type=\u00a0\u00bb4_4&Prime; _builder_version=\u00a0\u00bb4.16&Prime; _module_preset=\u00a0\u00bbdefault\u00a0\u00bb global_colors_info=\u00a0\u00bb{}\u00a0\u00bb][et_pb_image src=\u00a0\u00bbhttps:\/\/jungfraualetsch.ch\/wp-content\/uploads\/2025\/08\/UNESCO-Chair-Bahnner-2000x422_neu.jpg\u00a0\u00bb title_text=\u00a0\u00bbUNESCO-Chair-Bahnner-2000x422_neu\u00a0\u00bb _builder_version=\u00a0\u00bb4.27.4&Prime; _module_preset=\u00a0\u00bbdefault\u00a0\u00bb hover_enabled=\u00a0\u00bb0&Prime; global_colors_info=\u00a0\u00bb{}\u00a0\u00bb sticky_enabled=\u00a0\u00bb0&Prime;][\/et_pb_image][\/et_pb_column][\/et_pb_row][\/et_pb_section]<\/p>\n","protected":false},"excerpt":{"rendered":"<p>Chaire UNESCO \u00abPatrimoine naturel et culturel pour le d\u00e9veloppement durable de la montagne\u00bbDans le cadre du programme UNITWIN, l\u2019UNESCO soutient \u00e0 l\u2019\u00e9chelle mondiale plus de 800 chaires universitaires qui traitent des th\u00e8mes cl\u00e9s de l\u2019organisation. L\u2019une d\u2019entre elles est intitul\u00e9e \u00ab Patrimoine naturel et culturel pour un d\u00e9veloppement durable des r\u00e9gions de montagne \u00bb. Cette [&hellip;]<\/p>\n","protected":false},"author":1,"featured_media":0,"parent":5059,"menu_order":17,"comment_status":"closed","ping_status":"closed","template":"","meta":{"_et_pb_use_builder":"on","_et_pb_old_content":"","_et_gb_content_width":"","footnotes":""},"class_list":["post-3514","page","type-page","status-publish","hentry"],"yoast_head":"<!-- This site is optimized with the Yoast SEO plugin v27.1.1 - https:\/\/yoast.com\/product\/yoast-seo-wordpress\/ -->\n<title>Chaire UNESCO \u00abPatrimoine naturel et culturel pour le d\u00e9veloppement durable de la montagne\u00bb - UNESCO World Heritage Swiss Alps Jungfrau-Aletsch<\/title>\n<meta name=\"robots\" content=\"index, follow, max-snippet:-1, max-image-preview:large, max-video-preview:-1\" \/>\n<link rel=\"canonical\" href=\"https:\/\/jungfraualetsch.ch\/fr\/recherche\/chaire-unesco-patrimoine-naturel-et-culturel-pour-le-developpement-durable-de-la-montagne\/\" \/>\n<meta property=\"og:locale\" content=\"fr_FR\" \/>\n<meta property=\"og:type\" content=\"article\" \/>\n<meta property=\"og:title\" content=\"Chaire UNESCO \u00abPatrimoine naturel et culturel pour le d\u00e9veloppement durable de la montagne\u00bb - UNESCO World Heritage Swiss Alps Jungfrau-Aletsch\" \/>\n<meta property=\"og:description\" content=\"Chaire UNESCO \u00abPatrimoine naturel et culturel pour le d\u00e9veloppement durable de la montagne\u00bbDans le cadre du programme UNITWIN, l\u2019UNESCO soutient \u00e0 l\u2019\u00e9chelle mondiale plus de 800 chaires universitaires qui traitent des th\u00e8mes cl\u00e9s de l\u2019organisation. L\u2019une d\u2019entre elles est intitul\u00e9e \u00ab Patrimoine naturel et culturel pour un d\u00e9veloppement durable des r\u00e9gions de montagne \u00bb. Cette [&hellip;]\" \/>\n<meta property=\"og:url\" content=\"https:\/\/jungfraualetsch.ch\/fr\/recherche\/chaire-unesco-patrimoine-naturel-et-culturel-pour-le-developpement-durable-de-la-montagne\/\" \/>\n<meta property=\"og:site_name\" content=\"UNESCO World Heritage Swiss Alps Jungfrau-Aletsch\" \/>\n<meta property=\"article:modified_time\" content=\"2025-08-12T13:23:07+00:00\" \/>\n<meta name=\"twitter:card\" content=\"summary_large_image\" \/>\n<meta name=\"twitter:label1\" content=\"Dur\u00e9e de lecture estim\u00e9e\" \/>\n\t<meta name=\"twitter:data1\" content=\"3 minutes\" \/>\n<script type=\"application\/ld+json\" class=\"yoast-schema-graph\">{\"@context\":\"https:\/\/schema.org\",\"@graph\":[{\"@type\":\"WebPage\",\"@id\":\"https:\/\/jungfraualetsch.ch\/fr\/recherche\/chaire-unesco-patrimoine-naturel-et-culturel-pour-le-developpement-durable-de-la-montagne\/\",\"url\":\"https:\/\/jungfraualetsch.ch\/fr\/recherche\/chaire-unesco-patrimoine-naturel-et-culturel-pour-le-developpement-durable-de-la-montagne\/\",\"name\":\"Chaire UNESCO \u00abPatrimoine naturel et culturel pour le d\u00e9veloppement durable de la montagne\u00bb - UNESCO World Heritage Swiss Alps Jungfrau-Aletsch\",\"isPartOf\":{\"@id\":\"https:\/\/jungfraualetsch.ch\/#website\"},\"datePublished\":\"2021-03-25T17:47:05+00:00\",\"dateModified\":\"2025-08-12T13:23:07+00:00\",\"breadcrumb\":{\"@id\":\"https:\/\/jungfraualetsch.ch\/fr\/recherche\/chaire-unesco-patrimoine-naturel-et-culturel-pour-le-developpement-durable-de-la-montagne\/#breadcrumb\"},\"inLanguage\":\"fr-FR\",\"potentialAction\":[{\"@type\":\"ReadAction\",\"target\":[\"https:\/\/jungfraualetsch.ch\/fr\/recherche\/chaire-unesco-patrimoine-naturel-et-culturel-pour-le-developpement-durable-de-la-montagne\/\"]}]},{\"@type\":\"BreadcrumbList\",\"@id\":\"https:\/\/jungfraualetsch.ch\/fr\/recherche\/chaire-unesco-patrimoine-naturel-et-culturel-pour-le-developpement-durable-de-la-montagne\/#breadcrumb\",\"itemListElement\":[{\"@type\":\"ListItem\",\"position\":1,\"name\":\"Startseite\",\"item\":\"https:\/\/jungfraualetsch.ch\/fr\/\"},{\"@type\":\"ListItem\",\"position\":2,\"name\":\"Recherche\",\"item\":\"https:\/\/jungfraualetsch.ch\/fr\/recherche\/\"},{\"@type\":\"ListItem\",\"position\":3,\"name\":\"Chaire UNESCO \u00abPatrimoine naturel et culturel pour le d\u00e9veloppement durable de la montagne\u00bb\"}]},{\"@type\":\"WebSite\",\"@id\":\"https:\/\/jungfraualetsch.ch\/#website\",\"url\":\"https:\/\/jungfraualetsch.ch\/\",\"name\":\"UNESCO World Heritage Swiss Alps Jungfrau-Aletsch\",\"description\":\"\",\"potentialAction\":[{\"@type\":\"SearchAction\",\"target\":{\"@type\":\"EntryPoint\",\"urlTemplate\":\"https:\/\/jungfraualetsch.ch\/?s={search_term_string}\"},\"query-input\":{\"@type\":\"PropertyValueSpecification\",\"valueRequired\":true,\"valueName\":\"search_term_string\"}}],\"inLanguage\":\"fr-FR\"}]}<\/script>\n<!-- \/ Yoast SEO plugin. -->","yoast_head_json":{"title":"Chaire UNESCO \u00abPatrimoine naturel et culturel pour le d\u00e9veloppement durable de la montagne\u00bb - UNESCO World Heritage Swiss Alps Jungfrau-Aletsch","robots":{"index":"index","follow":"follow","max-snippet":"max-snippet:-1","max-image-preview":"max-image-preview:large","max-video-preview":"max-video-preview:-1"},"canonical":"https:\/\/jungfraualetsch.ch\/fr\/recherche\/chaire-unesco-patrimoine-naturel-et-culturel-pour-le-developpement-durable-de-la-montagne\/","og_locale":"fr_FR","og_type":"article","og_title":"Chaire UNESCO \u00abPatrimoine naturel et culturel pour le d\u00e9veloppement durable de la montagne\u00bb - UNESCO World Heritage Swiss Alps Jungfrau-Aletsch","og_description":"Chaire UNESCO \u00abPatrimoine naturel et culturel pour le d\u00e9veloppement durable de la montagne\u00bbDans le cadre du programme UNITWIN, l\u2019UNESCO soutient \u00e0 l\u2019\u00e9chelle mondiale plus de 800 chaires universitaires qui traitent des th\u00e8mes cl\u00e9s de l\u2019organisation. L\u2019une d\u2019entre elles est intitul\u00e9e \u00ab Patrimoine naturel et culturel pour un d\u00e9veloppement durable des r\u00e9gions de montagne \u00bb. Cette [&hellip;]","og_url":"https:\/\/jungfraualetsch.ch\/fr\/recherche\/chaire-unesco-patrimoine-naturel-et-culturel-pour-le-developpement-durable-de-la-montagne\/","og_site_name":"UNESCO World Heritage Swiss Alps Jungfrau-Aletsch","article_modified_time":"2025-08-12T13:23:07+00:00","twitter_card":"summary_large_image","twitter_misc":{"Dur\u00e9e de lecture estim\u00e9e":"3 minutes"},"schema":{"@context":"https:\/\/schema.org","@graph":[{"@type":"WebPage","@id":"https:\/\/jungfraualetsch.ch\/fr\/recherche\/chaire-unesco-patrimoine-naturel-et-culturel-pour-le-developpement-durable-de-la-montagne\/","url":"https:\/\/jungfraualetsch.ch\/fr\/recherche\/chaire-unesco-patrimoine-naturel-et-culturel-pour-le-developpement-durable-de-la-montagne\/","name":"Chaire UNESCO \u00abPatrimoine naturel et culturel pour le d\u00e9veloppement durable de la montagne\u00bb - UNESCO World Heritage Swiss Alps Jungfrau-Aletsch","isPartOf":{"@id":"https:\/\/jungfraualetsch.ch\/#website"},"datePublished":"2021-03-25T17:47:05+00:00","dateModified":"2025-08-12T13:23:07+00:00","breadcrumb":{"@id":"https:\/\/jungfraualetsch.ch\/fr\/recherche\/chaire-unesco-patrimoine-naturel-et-culturel-pour-le-developpement-durable-de-la-montagne\/#breadcrumb"},"inLanguage":"fr-FR","potentialAction":[{"@type":"ReadAction","target":["https:\/\/jungfraualetsch.ch\/fr\/recherche\/chaire-unesco-patrimoine-naturel-et-culturel-pour-le-developpement-durable-de-la-montagne\/"]}]},{"@type":"BreadcrumbList","@id":"https:\/\/jungfraualetsch.ch\/fr\/recherche\/chaire-unesco-patrimoine-naturel-et-culturel-pour-le-developpement-durable-de-la-montagne\/#breadcrumb","itemListElement":[{"@type":"ListItem","position":1,"name":"Startseite","item":"https:\/\/jungfraualetsch.ch\/fr\/"},{"@type":"ListItem","position":2,"name":"Recherche","item":"https:\/\/jungfraualetsch.ch\/fr\/recherche\/"},{"@type":"ListItem","position":3,"name":"Chaire UNESCO \u00abPatrimoine naturel et culturel pour le d\u00e9veloppement durable de la montagne\u00bb"}]},{"@type":"WebSite","@id":"https:\/\/jungfraualetsch.ch\/#website","url":"https:\/\/jungfraualetsch.ch\/","name":"UNESCO World Heritage Swiss Alps Jungfrau-Aletsch","description":"","potentialAction":[{"@type":"SearchAction","target":{"@type":"EntryPoint","urlTemplate":"https:\/\/jungfraualetsch.ch\/?s={search_term_string}"},"query-input":{"@type":"PropertyValueSpecification","valueRequired":true,"valueName":"search_term_string"}}],"inLanguage":"fr-FR"}]}},"_links":{"self":[{"href":"https:\/\/jungfraualetsch.ch\/fr\/wp-json\/wp\/v2\/pages\/3514","targetHints":{"allow":["GET"]}}],"collection":[{"href":"https:\/\/jungfraualetsch.ch\/fr\/wp-json\/wp\/v2\/pages"}],"about":[{"href":"https:\/\/jungfraualetsch.ch\/fr\/wp-json\/wp\/v2\/types\/page"}],"author":[{"embeddable":true,"href":"https:\/\/jungfraualetsch.ch\/fr\/wp-json\/wp\/v2\/users\/1"}],"replies":[{"embeddable":true,"href":"https:\/\/jungfraualetsch.ch\/fr\/wp-json\/wp\/v2\/comments?post=3514"}],"version-history":[{"count":17,"href":"https:\/\/jungfraualetsch.ch\/fr\/wp-json\/wp\/v2\/pages\/3514\/revisions"}],"predecessor-version":[{"id":13095,"href":"https:\/\/jungfraualetsch.ch\/fr\/wp-json\/wp\/v2\/pages\/3514\/revisions\/13095"}],"up":[{"embeddable":true,"href":"https:\/\/jungfraualetsch.ch\/fr\/wp-json\/wp\/v2\/pages\/5059"}],"wp:attachment":[{"href":"https:\/\/jungfraualetsch.ch\/fr\/wp-json\/wp\/v2\/media?parent=3514"}],"curies":[{"name":"wp","href":"https:\/\/api.w.org\/{rel}","templated":true}]}}