{"id":3478,"date":"2021-03-24T18:14:22","date_gmt":"2021-03-24T18:14:22","guid":{"rendered":"https:\/\/jungfraualetsch.ch\/unterrichtsmaterialien\/"},"modified":"2026-01-07T15:56:58","modified_gmt":"2026-01-07T15:56:58","slug":"materiel-pedagogique","status":"publish","type":"page","link":"https:\/\/jungfraualetsch.ch\/fr\/apprendre\/materiel-pedagogique\/","title":{"rendered":"Mat\u00e9riel p\u00e9dagogique"},"content":{"rendered":"<p>[et_pb_section fb_built=\u00a0\u00bb1&Prime; fullwidth=\u00a0\u00bbon\u00a0\u00bb _builder_version=\u00a0\u00bb4.27.4&Prime; _module_preset=\u00a0\u00bbdefault\u00a0\u00bb background_image=\u00a0\u00bbhttps:\/\/jungfraualetsch.ch\/wp-content\/uploads\/2023\/01\/AtelierFutur-2022-4610-1-scaled.jpg\u00a0\u00bb parallax=\u00a0\u00bbon\u00a0\u00bb bottom_divider_style=\u00a0\u00bbslant2&Prime; bottom_divider_color=\u00a0\u00bb#FFFFFF\u00a0\u00bb bottom_divider_flip=\u00a0\u00bbhorizontal\u00a0\u00bb bottom_divider_height_tablet=\u00a0\u00bb\u00a0\u00bb bottom_divider_height_phone=\u00a0\u00bb\u00a0\u00bb bottom_divider_height_last_edited=\u00a0\u00bbon|desktop\u00a0\u00bb hover_enabled=\u00a0\u00bb0&Prime; custom_css_main_element=\u00a0\u00bbmin-height: 45vh;\u00a0\u00bb global_colors_info=\u00a0\u00bb{}\u00a0\u00bb title_text=\u00a0\u00bbAtelierFutur-2022-4610&Prime; sticky_enabled=\u00a0\u00bb0&Prime;][\/et_pb_section][et_pb_section fb_built=\u00a0\u00bb1&Prime; _builder_version=\u00a0\u00bb4.16&Prime; _module_preset=\u00a0\u00bbdefault\u00a0\u00bb background_enable_color=\u00a0\u00bboff\u00a0\u00bb background_enable_image=\u00a0\u00bboff\u00a0\u00bb top_divider_flip=\u00a0\u00bbhorizontal\u00a0\u00bb global_colors_info=\u00a0\u00bb{}\u00a0\u00bb][et_pb_row _builder_version=\u00a0\u00bb4.16&Prime; _module_preset=\u00a0\u00bbdefault\u00a0\u00bb global_colors_info=\u00a0\u00bb{}\u00a0\u00bb][et_pb_column type=\u00a0\u00bb4_4&Prime; _builder_version=\u00a0\u00bb4.16&Prime; _module_preset=\u00a0\u00bbdefault\u00a0\u00bb global_colors_info=\u00a0\u00bb{}\u00a0\u00bb][et_pb_text admin_label=\u00a0\u00bbTitel\u00a0\u00bb _builder_version=\u00a0\u00bb4.18.1&Prime; _module_preset=\u00a0\u00bbdefault\u00a0\u00bb global_colors_info=\u00a0\u00bb{}\u00a0\u00bb]<\/p>\n<h1>Mat\u00e9riel p\u00e9dagogique<\/h1>\n<p>[\/et_pb_text][\/et_pb_column][\/et_pb_row][et_pb_row column_structure=\u00a0\u00bb3_4,1_4&Prime; _builder_version=\u00a0\u00bb4.16&Prime; _module_preset=\u00a0\u00bbdefault\u00a0\u00bb global_colors_info=\u00a0\u00bb{}\u00a0\u00bb][et_pb_column type=\u00a0\u00bb3_4&Prime; _builder_version=\u00a0\u00bb4.16&Prime; _module_preset=\u00a0\u00bbdefault\u00a0\u00bb global_colors_info=\u00a0\u00bb{}\u00a0\u00bb][et_pb_text _builder_version=\u00a0\u00bb4.27.4&Prime; _module_preset=\u00a0\u00bbdefault\u00a0\u00bb global_colors_info=\u00a0\u00bb{}\u00a0\u00bb]<\/p>\n<h4>MATERIEL D&rsquo;APPRENTISSAGE<\/h4>\n<p>D\u00e9couvrir les Alpes, comprendre des relations complexes et promouvoir un comportement responsable, tel est l&rsquo;objectif de la Fondation dans le cadre de la sensibilisation aux particularit\u00e9s du patrimoine mondial SAJA. Le programme scolaire 21 et le <a href=\"https:\/\/jungfraualetsch.ch\/wp-content\/uploads\/2023\/04\/Bildungskonzept_AlpenLernen_DEF_v230427.pdf\" target=\"_blank\" rel=\"noopener\">concept<\/a> (en allemand) \u00e9labor\u00e9 constituent la base du travail de formation. Permet \u00e0 tes \u00e9l\u00e8ves d&rsquo;en savoir plus sur les secrets du patrimoine mondial et de comprendre et d&rsquo;assumer leur responsabilit\u00e9 pour l&rsquo;avenir. Tu trouveras ci-dessous du mat\u00e9riel d&rsquo;apprentissage utile pour t&rsquo;aider:<\/p>\n<p>&nbsp;<\/p>\n<h4>DISPOSITIF D&rsquo;APPRENTISSAGE PATRIMOINE MONDIAL SAJA (\u00e0 partir du cycle 2)<\/h4>\n<p>Les th\u00e8mes \u00abnature &#8211; homme &#8211; soci\u00e9t\u00e9\u00bb, \u00abAlpes\u00bb, \u00abUNESCO\u00bb, \u00abpatrimoine mondial\u00bb, \u00abdurabilit\u00e9\u00bb ainsi que \u00abpatrimoine mondial de l&rsquo;UNESCO Alpes suisses Jungfrau-Aletsch\u00bb sont trait\u00e9s en classe, par exemple pour la pr\u00e9paration ou le suivi d&rsquo;une excursion scolaire pr\u00e9vue. Le dispositif d&rsquo;apprentissage est disponible en deux niveaux de difficult\u00e9s (cylce 2 et cylce 3 + secondaire 2). Le document droit \u00eatre consid\u00e9r\u00e9 comme une proposition \u00e9tendue. L&rsquo;enseignant doit adapter la mise en \u0153uvre et les contenus au niveau de la classe, et id\u00e9alement les relier et les compl\u00e9ter par d&rsquo;autres contenus d&rsquo;apprentissage et par l&rsquo;apprentissage extrascolaire.<\/p>\n<p>Ici tu peux t\u00e9l\u00e9charger le \u00abDispositif d&rsquo;apprentissage Patrimoine mondial SAJA\u00bb (<a href=\"https:\/\/jungfraualetsch.sharepoint.com\/:w:\/s\/Public\/Eb9fzlb1afRKrFCg9p-JE7wBpiAK9AlytlXquaj1hF-EEg?e=7TWaIv&amp;wdLOR=cFF84D56E-E95D-F14E-AA8A-C71CAEC1DBAF\" target=\"_blank\" rel=\"noopener\">WORD<\/a>)<\/p>\n<p>&nbsp;<\/p>\n<h4>LE PATRIMOINE MONDIAL COMME LIEU D&rsquo;APPRENTISSAGE: CARTE DIGITALE (\u00e0 partir du cycle 1)<\/h4>\n<p>Sur la plate-forme \u00e9ducative edu.ourheritage.ch, les enseignants trouvent toutes les informations sur les tr\u00e9sors naturels et culturels de la Suisse et leur int\u00e9gration dans le quotidien scolaire. De la visite guid\u00e9e du patrimoine mondial jusqu&rsquo;au mat\u00e9riel p\u00e9dagogique pour l&rsquo;int\u00e9gration du patrimoine mondial dans l&rsquo;enseignement scolaire, tout y est pour ton cours ou pour la prochaine semaine projet. Ces lieux d&rsquo;apprentissage extrascolaires se concentrent sur l&rsquo;\u00e9ducation au d\u00e9veloppement durable (EDD), le programme scolaire 21 et la NMG. O\u00f9 commence ton voyage \u00e9ducatif?<\/p>\n<p>Clique ici pour acc\u00e9der \u00e0 la plateforme \u00e9ducative <a href=\"https:\/\/edu.unsererbe.ch\" target=\"_blank\" rel=\"noopener\">edu.ourheritage.ch<\/a><\/p>\n<p>[\/et_pb_text][\/et_pb_column][et_pb_column type=\u00a0\u00bb1_4&Prime; _builder_version=\u00a0\u00bb4.16&Prime; _module_preset=\u00a0\u00bbdefault\u00a0\u00bb global_colors_info=\u00a0\u00bb{}\u00a0\u00bb][\/et_pb_column][\/et_pb_row][et_pb_row column_structure=\u00a0\u00bb3_4,1_4&Prime; disabled_on=\u00a0\u00bbon|on|on\u00a0\u00bb _builder_version=\u00a0\u00bb4.16&Prime; _module_preset=\u00a0\u00bbdefault\u00a0\u00bb disabled=\u00a0\u00bbon\u00a0\u00bb global_colors_info=\u00a0\u00bb{}\u00a0\u00bb][et_pb_column type=\u00a0\u00bb3_4&Prime; _builder_version=\u00a0\u00bb4.16&Prime; _module_preset=\u00a0\u00bbdefault\u00a0\u00bb global_colors_info=\u00a0\u00bb{}\u00a0\u00bb][et_pb_text _builder_version=\u00a0\u00bb4.16&Prime; _module_preset=\u00a0\u00bbdefault\u00a0\u00bb global_colors_info=\u00a0\u00bb{}\u00a0\u00bb]<\/p>\n<h4>Conna\u00eetre les Alpes: Education au d\u00e9veloppement durable dans l\u2019UNESCO World Heritage Swiss Alps Jungfrau-Aletsch (Niveau primaire et secondaire I)<\/h4>\n<p>Voulez-vous conna\u00eetre les nouvelles orientations p\u00e9dagogiques concernant les excursions et les s\u00e9jours qui abordent le th\u00e8me de l\u2019Education au D\u00e9veloppement Durable (EDD)? Voulez-vous offrir \u00e0 vos \u00e9tudiants l\u2019opportunit\u00e9 de vivre des exp\u00e9riences de longue dur\u00e9e et acqu\u00e9rir de pr\u00e9cieuses comp\u00e9tences? Gr\u00e2ce au projet \u00abConna\u00eetre les Alpes-UNESCO World Heritage Swiss Alps Jungfrau-Aletsch\u00bb, du mat\u00e9riel \u00e9ducatif sera offert gratuitement aux enfants et aux jeunes, permettant l\u2019accessibilit\u00e9 \u00e0 une \u00e9ducation exp\u00e9rimentale vari\u00e9e dans un environnement unique.<\/p>\n<p>Dans le cadre du projet \u00abApprendre les Alpes\u00bb (2013-2016), l\u2019UNESCO World Heritage Swiss Alps Jungfrau Aletsch a \u00e9labor\u00e9 un programme \u00e9ducatif pour les \u00e9coles primaires et secondaires, en collaboration avec: l\u2019Institut pour l\u2019\u00e9cole maternelle et l\u2019\u00e9cole primaire de l\u2019Institut P\u00e9dagogique de Berne (IVP-NMS PH Berna), l\u2019Universit\u00e9 des Sciences Appliqu\u00e9es et des Arts de la Suisse nord occidentale (PH FHNW), le Club Alpin Suisse (CAS). Des th\u00e8mes fondamentaux comme le tourisme, l\u2019usage de l\u2019eau, la foresterie et l\u2019agriculture de montagne pourront \u00eatre li\u00e9s aux espaces scolaires est y constituer la base pour un apprentissage de succ\u00e8s.En plus des donn\u00e9es th\u00e9oriques et conceptuelles pour l\u2019enseignement, le mat\u00e9riel didactique offre des exercices comment\u00e9s par les enseignants, expos\u00e9s, m\u00e9thodes de planification, id\u00e9es d\u2019excursions et semaines de travail. Durant ces derni\u00e8res, les \u00e9tudiants auront la possibilit\u00e9 d\u2019interagir avec la population locale et d\u2019acqu\u00e9rir des comp\u00e9tences sociales, personnelles et m\u00e9thodologiques importantes. Le mat\u00e9riel \u00e9ducatif est constitu\u00e9 de diff\u00e9rents modules selon le niveau de la classe, pr\u00eat \u00e0 \u00eatre utilis\u00e9 de fa\u00e7on autonome par les enseignants.<\/p>\n<p>Le Centre de Gestion soutient les \u00e9coles et les enseignants dans la planification, l\u2019organisation et l\u2019impl\u00e9mentation des projets. N\u2019h\u00e9sitez pas \u00e0 nous <a href=\"https:\/\/jungfraualetsch.ch\/fr\/patrimoine-mondial\/contact\/\">contacter<\/a>!<\/p>\n<p>A partir de l\u2019\u00e9t\u00e9 2019, le mat\u00e9riel \u00e9ducatif sera disponible en ligne, gratuitement, sur \u201cAlpenlernen\u201d. On cherche toujours des classes int\u00e9ress\u00e9es \u00e0 passer une semaine de travail inoubliable \u00abConnaitre les Alpes\u00bb \u00e0 B\u00e4chlitalh\u00fctte SAC, dans le site du Patrimoine Mondial UNESCO. Toutes les informations sont disponibles <a href=\"https:\/\/jungfraualetsch.ch\/lernen\/unterrichtsmaterialien\/unterricht-im-hochgebirge\/\">ici<\/a>.<\/p>\n<p>&nbsp;<\/p>\n<h4>Laboratoire de l\u2019UNESCO World Heritage Swiss Alps Jungfrau Aletsch (Niveau secondaire I\/II)<\/h4>\n<p>La prise de connaissance croissante des interactions homme-environnement est l\u2019objectif du \u201claboratoire\u201d dans la r\u00e9gion alpine du Jungfrau-Aletsch. L\u2019objectif est de pr\u00e9senter le Patrimoine mondial de l\u2019UNESCO du point de vue des communes pr\u00e9sentes sur le site, de mani\u00e8re \u00e0 discuter ensemble des attentes de tous et affronter les nombreuses opportunit\u00e9s d\u2019un d\u00e9veloppement durable. Le laboratoire propose de nombreux cours, certains obligatoires et d\u2019autres facultatifs, trait\u00e9s ind\u00e9pendamment, \u00e0 choisir par les \u00e9tudiants selon les diff\u00e9rents sites du Patrimoine Mondial. Les enseignants recevront le mat\u00e9riel p\u00e9dagogique \u00e0 int\u00e9grer, par exemple instructions, solutions et pr\u00e9sentations. Le mat\u00e9riel pourra \u00eatre utilis\u00e9 pendant les cours standard ou comme compl\u00e9ment pendant les semaines d\u2019\u00e9tudes en plein air, mais aussi pour la pr\u00e9paration ou l\u2019\u00e9valuation des excursions. Le projet a \u00e9t\u00e9 \u00e9labor\u00e9 par le Centre de Gestion du Patrimoine Mondial en collaboration avec le Lyc\u00e9e P\u00e9dagogique de Berne (PH Berne) et le Centre pour le D\u00e9veloppement et l\u2019Environnement (CDE) de l\u2019Universit\u00e9 de Berne.<\/p>\n<p>Le mat\u00e9riel est disponible gratuitement <a href=\"https:\/\/jungfraualetsch.ch\/werkstatt\/Start.html\" target=\"_blank\" rel=\"noopener\">ici<\/a>.<\/p>\n<p>[\/et_pb_text][\/et_pb_column][et_pb_column type=\u00a0\u00bb1_4&Prime; _builder_version=\u00a0\u00bb4.16&Prime; _module_preset=\u00a0\u00bbdefault\u00a0\u00bb global_colors_info=\u00a0\u00bb{}\u00a0\u00bb][\/et_pb_column][\/et_pb_row][et_pb_row _builder_version=\u00a0\u00bb4.16&Prime; _module_preset=\u00a0\u00bbdefault\u00a0\u00bb global_colors_info=\u00a0\u00bb{}\u00a0\u00bb][et_pb_column type=\u00a0\u00bb4_4&Prime; _builder_version=\u00a0\u00bb4.16&Prime; _module_preset=\u00a0\u00bbdefault\u00a0\u00bb global_colors_info=\u00a0\u00bb{}\u00a0\u00bb][et_pb_gallery gallery_ids=\u00a0\u00bb2870,2866,2862,2858,2854,2850,2846,2842,2838,2834,2830,2826,2822,2818,2814,2810,2806,2802,2798,2794,2790,2786,2782,2778,2774,2770,2766,2762,2758,2754,2750&Prime; gallery_orderby=\u00a0\u00bbrand\u00a0\u00bb fullwidth=\u00a0\u00bbon\u00a0\u00bb _builder_version=\u00a0\u00bb4.16&Prime; _module_preset=\u00a0\u00bbdefault\u00a0\u00bb auto=\u00a0\u00bbon\u00a0\u00bb auto_speed=\u00a0\u00bb3500&Prime; global_colors_info=\u00a0\u00bb{}\u00a0\u00bb][\/et_pb_gallery][\/et_pb_column][\/et_pb_row][\/et_pb_section]<\/p>\n","protected":false},"excerpt":{"rendered":"<p>Mat\u00e9riel p\u00e9dagogiqueMATERIEL D&rsquo;APPRENTISSAGE D\u00e9couvrir les Alpes, comprendre des relations complexes et promouvoir un comportement responsable, tel est l&rsquo;objectif de la Fondation dans le cadre de la sensibilisation aux particularit\u00e9s du patrimoine mondial SAJA. Le programme scolaire 21 et le concept (en allemand) \u00e9labor\u00e9 constituent la base du travail de formation. Permet \u00e0 tes \u00e9l\u00e8ves d&rsquo;en [&hellip;]<\/p>\n","protected":false},"author":1,"featured_media":0,"parent":5039,"menu_order":22,"comment_status":"closed","ping_status":"closed","template":"","meta":{"_et_pb_use_builder":"on","_et_pb_old_content":"","_et_gb_content_width":"","footnotes":""},"class_list":["post-3478","page","type-page","status-publish","hentry"],"yoast_head":"<!-- This site is optimized with the Yoast SEO plugin v27.1.1 - https:\/\/yoast.com\/product\/yoast-seo-wordpress\/ -->\n<title>Mat\u00e9riel p\u00e9dagogique - UNESCO World Heritage Swiss Alps Jungfrau-Aletsch<\/title>\n<meta name=\"robots\" content=\"index, follow, max-snippet:-1, max-image-preview:large, max-video-preview:-1\" \/>\n<link rel=\"canonical\" href=\"https:\/\/jungfraualetsch.ch\/fr\/apprendre\/materiel-pedagogique\/\" \/>\n<meta property=\"og:locale\" content=\"fr_FR\" \/>\n<meta property=\"og:type\" content=\"article\" \/>\n<meta property=\"og:title\" content=\"Mat\u00e9riel p\u00e9dagogique - UNESCO World Heritage Swiss Alps Jungfrau-Aletsch\" \/>\n<meta property=\"og:description\" content=\"Mat\u00e9riel p\u00e9dagogiqueMATERIEL D&#039;APPRENTISSAGE D\u00e9couvrir les Alpes, comprendre des relations complexes et promouvoir un comportement responsable, tel est l&#039;objectif de la Fondation dans le cadre de la sensibilisation aux particularit\u00e9s du patrimoine mondial SAJA. Le programme scolaire 21 et le concept (en allemand) \u00e9labor\u00e9 constituent la base du travail de formation. Permet \u00e0 tes \u00e9l\u00e8ves d&#039;en [&hellip;]\" \/>\n<meta property=\"og:url\" content=\"https:\/\/jungfraualetsch.ch\/fr\/apprendre\/materiel-pedagogique\/\" \/>\n<meta property=\"og:site_name\" content=\"UNESCO World Heritage Swiss Alps Jungfrau-Aletsch\" \/>\n<meta property=\"article:modified_time\" content=\"2026-01-07T15:56:58+00:00\" \/>\n<meta name=\"twitter:card\" content=\"summary_large_image\" \/>\n<meta name=\"twitter:label1\" content=\"Dur\u00e9e de lecture estim\u00e9e\" \/>\n\t<meta name=\"twitter:data1\" content=\"8 minutes\" \/>\n<script type=\"application\/ld+json\" class=\"yoast-schema-graph\">{\"@context\":\"https:\/\/schema.org\",\"@graph\":[{\"@type\":\"WebPage\",\"@id\":\"https:\/\/jungfraualetsch.ch\/fr\/apprendre\/materiel-pedagogique\/\",\"url\":\"https:\/\/jungfraualetsch.ch\/fr\/apprendre\/materiel-pedagogique\/\",\"name\":\"Mat\u00e9riel p\u00e9dagogique - UNESCO World Heritage Swiss Alps Jungfrau-Aletsch\",\"isPartOf\":{\"@id\":\"https:\/\/jungfraualetsch.ch\/#website\"},\"datePublished\":\"2021-03-24T18:14:22+00:00\",\"dateModified\":\"2026-01-07T15:56:58+00:00\",\"breadcrumb\":{\"@id\":\"https:\/\/jungfraualetsch.ch\/fr\/apprendre\/materiel-pedagogique\/#breadcrumb\"},\"inLanguage\":\"fr-FR\",\"potentialAction\":[{\"@type\":\"ReadAction\",\"target\":[\"https:\/\/jungfraualetsch.ch\/fr\/apprendre\/materiel-pedagogique\/\"]}]},{\"@type\":\"BreadcrumbList\",\"@id\":\"https:\/\/jungfraualetsch.ch\/fr\/apprendre\/materiel-pedagogique\/#breadcrumb\",\"itemListElement\":[{\"@type\":\"ListItem\",\"position\":1,\"name\":\"Startseite\",\"item\":\"https:\/\/jungfraualetsch.ch\/fr\/\"},{\"@type\":\"ListItem\",\"position\":2,\"name\":\"\u00c9ducation\",\"item\":\"https:\/\/jungfraualetsch.ch\/fr\/apprendre\/\"},{\"@type\":\"ListItem\",\"position\":3,\"name\":\"Mat\u00e9riel p\u00e9dagogique\"}]},{\"@type\":\"WebSite\",\"@id\":\"https:\/\/jungfraualetsch.ch\/#website\",\"url\":\"https:\/\/jungfraualetsch.ch\/\",\"name\":\"UNESCO World Heritage Swiss Alps Jungfrau-Aletsch\",\"description\":\"\",\"potentialAction\":[{\"@type\":\"SearchAction\",\"target\":{\"@type\":\"EntryPoint\",\"urlTemplate\":\"https:\/\/jungfraualetsch.ch\/?s={search_term_string}\"},\"query-input\":{\"@type\":\"PropertyValueSpecification\",\"valueRequired\":true,\"valueName\":\"search_term_string\"}}],\"inLanguage\":\"fr-FR\"}]}<\/script>\n<!-- \/ Yoast SEO plugin. -->","yoast_head_json":{"title":"Mat\u00e9riel p\u00e9dagogique - UNESCO World Heritage Swiss Alps Jungfrau-Aletsch","robots":{"index":"index","follow":"follow","max-snippet":"max-snippet:-1","max-image-preview":"max-image-preview:large","max-video-preview":"max-video-preview:-1"},"canonical":"https:\/\/jungfraualetsch.ch\/fr\/apprendre\/materiel-pedagogique\/","og_locale":"fr_FR","og_type":"article","og_title":"Mat\u00e9riel p\u00e9dagogique - UNESCO World Heritage Swiss Alps Jungfrau-Aletsch","og_description":"Mat\u00e9riel p\u00e9dagogiqueMATERIEL D'APPRENTISSAGE D\u00e9couvrir les Alpes, comprendre des relations complexes et promouvoir un comportement responsable, tel est l'objectif de la Fondation dans le cadre de la sensibilisation aux particularit\u00e9s du patrimoine mondial SAJA. Le programme scolaire 21 et le concept (en allemand) \u00e9labor\u00e9 constituent la base du travail de formation. Permet \u00e0 tes \u00e9l\u00e8ves d'en [&hellip;]","og_url":"https:\/\/jungfraualetsch.ch\/fr\/apprendre\/materiel-pedagogique\/","og_site_name":"UNESCO World Heritage Swiss Alps Jungfrau-Aletsch","article_modified_time":"2026-01-07T15:56:58+00:00","twitter_card":"summary_large_image","twitter_misc":{"Dur\u00e9e de lecture estim\u00e9e":"8 minutes"},"schema":{"@context":"https:\/\/schema.org","@graph":[{"@type":"WebPage","@id":"https:\/\/jungfraualetsch.ch\/fr\/apprendre\/materiel-pedagogique\/","url":"https:\/\/jungfraualetsch.ch\/fr\/apprendre\/materiel-pedagogique\/","name":"Mat\u00e9riel p\u00e9dagogique - UNESCO World Heritage Swiss Alps Jungfrau-Aletsch","isPartOf":{"@id":"https:\/\/jungfraualetsch.ch\/#website"},"datePublished":"2021-03-24T18:14:22+00:00","dateModified":"2026-01-07T15:56:58+00:00","breadcrumb":{"@id":"https:\/\/jungfraualetsch.ch\/fr\/apprendre\/materiel-pedagogique\/#breadcrumb"},"inLanguage":"fr-FR","potentialAction":[{"@type":"ReadAction","target":["https:\/\/jungfraualetsch.ch\/fr\/apprendre\/materiel-pedagogique\/"]}]},{"@type":"BreadcrumbList","@id":"https:\/\/jungfraualetsch.ch\/fr\/apprendre\/materiel-pedagogique\/#breadcrumb","itemListElement":[{"@type":"ListItem","position":1,"name":"Startseite","item":"https:\/\/jungfraualetsch.ch\/fr\/"},{"@type":"ListItem","position":2,"name":"\u00c9ducation","item":"https:\/\/jungfraualetsch.ch\/fr\/apprendre\/"},{"@type":"ListItem","position":3,"name":"Mat\u00e9riel p\u00e9dagogique"}]},{"@type":"WebSite","@id":"https:\/\/jungfraualetsch.ch\/#website","url":"https:\/\/jungfraualetsch.ch\/","name":"UNESCO World Heritage Swiss Alps Jungfrau-Aletsch","description":"","potentialAction":[{"@type":"SearchAction","target":{"@type":"EntryPoint","urlTemplate":"https:\/\/jungfraualetsch.ch\/?s={search_term_string}"},"query-input":{"@type":"PropertyValueSpecification","valueRequired":true,"valueName":"search_term_string"}}],"inLanguage":"fr-FR"}]}},"_links":{"self":[{"href":"https:\/\/jungfraualetsch.ch\/fr\/wp-json\/wp\/v2\/pages\/3478","targetHints":{"allow":["GET"]}}],"collection":[{"href":"https:\/\/jungfraualetsch.ch\/fr\/wp-json\/wp\/v2\/pages"}],"about":[{"href":"https:\/\/jungfraualetsch.ch\/fr\/wp-json\/wp\/v2\/types\/page"}],"author":[{"embeddable":true,"href":"https:\/\/jungfraualetsch.ch\/fr\/wp-json\/wp\/v2\/users\/1"}],"replies":[{"embeddable":true,"href":"https:\/\/jungfraualetsch.ch\/fr\/wp-json\/wp\/v2\/comments?post=3478"}],"version-history":[{"count":13,"href":"https:\/\/jungfraualetsch.ch\/fr\/wp-json\/wp\/v2\/pages\/3478\/revisions"}],"predecessor-version":[{"id":13439,"href":"https:\/\/jungfraualetsch.ch\/fr\/wp-json\/wp\/v2\/pages\/3478\/revisions\/13439"}],"up":[{"embeddable":true,"href":"https:\/\/jungfraualetsch.ch\/fr\/wp-json\/wp\/v2\/pages\/5039"}],"wp:attachment":[{"href":"https:\/\/jungfraualetsch.ch\/fr\/wp-json\/wp\/v2\/media?parent=3478"}],"curies":[{"name":"wp","href":"https:\/\/api.w.org\/{rel}","templated":true}]}}