{"id":3443,"date":"2021-03-24T08:36:09","date_gmt":"2021-03-24T08:36:09","guid":{"rendered":"https:\/\/jungfraualetsch.ch\/arbeitseinsaetze-im-welterbe\/"},"modified":"2026-01-27T11:02:51","modified_gmt":"2026-01-27T11:02:51","slug":"interventions-dentretien-du-paysage","status":"publish","type":"page","link":"https:\/\/jungfraualetsch.ch\/fr\/preserver-et-valoriser\/interventions-dentretien-du-paysage\/","title":{"rendered":"Interventions d\u2019entretien du paysage"},"content":{"rendered":"<p>[et_pb_section fb_built=\u00a0\u00bb1&Prime; fullwidth=\u00a0\u00bbon\u00a0\u00bb _builder_version=\u00a0\u00bb4.16&Prime; _module_preset=\u00a0\u00bbdefault\u00a0\u00bb background_image=\u00a0\u00bbhttps:\/\/jungfraualetsch.ch\/wp-content\/uploads\/2021\/03\/header_03_welterbe_pat_IMG_0916-scaled.jpg\u00a0\u00bb parallax=\u00a0\u00bbon\u00a0\u00bb bottom_divider_style=\u00a0\u00bbslant2&Prime; bottom_divider_color=\u00a0\u00bb#FFFFFF\u00a0\u00bb bottom_divider_flip=\u00a0\u00bbhorizontal\u00a0\u00bb bottom_divider_height_tablet=\u00a0\u00bb\u00a0\u00bb bottom_divider_height_phone=\u00a0\u00bb\u00a0\u00bb bottom_divider_height_last_edited=\u00a0\u00bbon|desktop\u00a0\u00bb custom_css_main_element=\u00a0\u00bbmin-height: 45vh;\u00a0\u00bb global_colors_info=\u00a0\u00bb{}\u00a0\u00bb][\/et_pb_section][et_pb_section fb_built=\u00a0\u00bb1&Prime; _builder_version=\u00a0\u00bb4.16&Prime; _module_preset=\u00a0\u00bbdefault\u00a0\u00bb background_enable_color=\u00a0\u00bboff\u00a0\u00bb background_enable_image=\u00a0\u00bboff\u00a0\u00bb top_divider_flip=\u00a0\u00bbhorizontal\u00a0\u00bb global_colors_info=\u00a0\u00bb{}\u00a0\u00bb][et_pb_row _builder_version=\u00a0\u00bb4.16&Prime; _module_preset=\u00a0\u00bbdefault\u00a0\u00bb global_colors_info=\u00a0\u00bb{}\u00a0\u00bb][et_pb_column type=\u00a0\u00bb4_4&Prime; _builder_version=\u00a0\u00bb4.16&Prime; _module_preset=\u00a0\u00bbdefault\u00a0\u00bb global_colors_info=\u00a0\u00bb{}\u00a0\u00bb][et_pb_text admin_label=\u00a0\u00bbTitel\u00a0\u00bb _builder_version=\u00a0\u00bb4.27.4&Prime; _module_preset=\u00a0\u00bbdefault\u00a0\u00bb global_colors_info=\u00a0\u00bb{}\u00a0\u00bb]<\/p>\n<h1>Interventions d\u2019entretien du paysage<\/h1>\n<p>[\/et_pb_text][\/et_pb_column][\/et_pb_row][et_pb_row column_structure=\u00a0\u00bb3_4,1_4&Prime; _builder_version=\u00a0\u00bb4.16&Prime; _module_preset=\u00a0\u00bbdefault\u00a0\u00bb global_colors_info=\u00a0\u00bb{}\u00a0\u00bb][et_pb_column type=\u00a0\u00bb3_4&Prime; _builder_version=\u00a0\u00bb4.16&Prime; _module_preset=\u00a0\u00bbdefault\u00a0\u00bb global_colors_info=\u00a0\u00bb{}\u00a0\u00bb][et_pb_text _builder_version=\u00a0\u00bb4.27.4&Prime; _module_preset=\u00a0\u00bbdefault\u00a0\u00bb global_colors_info=\u00a0\u00bb{}\u00a0\u00bb]Envie de vous impliquer concr\u00e8tement pour l\u2019environnement ? Que ce soit avec votre entreprise, votre classe scolaire, vos apprentis ou pour un service civil, vous pouvez participer \u00e0 une intervention d\u2019entretien du paysage dans le patrimoine mondial de l\u2019UNESCO Alpes suisses Jungfrau-Aletsch (SAJA).<br \/>\nC\u2019est l\u2019occasion de contribuer activement \u00e0 la pr\u00e9servation de ce territoire unique, de renforcer l\u2019esprit d\u2019\u00e9quipe et de vivre une exp\u00e9rience inoubliable au c\u0153ur d\u2019un d\u00e9cor spectaculaire. [\/et_pb_text][\/et_pb_column][et_pb_column type=\u00a0\u00bb1_4&Prime; _builder_version=\u00a0\u00bb4.16&Prime; _module_preset=\u00a0\u00bbdefault\u00a0\u00bb global_colors_info=\u00a0\u00bb{}\u00a0\u00bb][\/et_pb_column][\/et_pb_row][et_pb_row module_class=\u00a0\u00bbwrap\u00a0\u00bb _builder_version=\u00a0\u00bb4.16&Prime; _module_preset=\u00a0\u00bbdefault\u00a0\u00bb global_colors_info=\u00a0\u00bb{}\u00a0\u00bb][et_pb_column type=\u00a0\u00bb4_4&Prime; _builder_version=\u00a0\u00bb4.16&Prime; _module_preset=\u00a0\u00bbdefault\u00a0\u00bb global_colors_info=\u00a0\u00bb{}\u00a0\u00bb][et_pb_gallery gallery_ids=\u00a0\u00bb1675,1671,1667,1663,1659,1655,1651,1647,1643,1639,1635,1631,1627,1623,1619,1614,1610,1606&Prime; gallery_orderby=\u00a0\u00bbrand\u00a0\u00bb fullwidth=\u00a0\u00bbon\u00a0\u00bb _builder_version=\u00a0\u00bb4.16&Prime; _module_preset=\u00a0\u00bbdefault\u00a0\u00bb auto=\u00a0\u00bbon\u00a0\u00bb auto_speed=\u00a0\u00bb3500&Prime; global_colors_info=\u00a0\u00bb{}\u00a0\u00bb][\/et_pb_gallery][\/et_pb_column][\/et_pb_row][et_pb_row column_structure=\u00a0\u00bb3_4,1_4&Prime; _builder_version=\u00a0\u00bb4.16&Prime; _module_preset=\u00a0\u00bbdefault\u00a0\u00bb global_colors_info=\u00a0\u00bb{}\u00a0\u00bb][et_pb_column type=\u00a0\u00bb3_4&Prime; _builder_version=\u00a0\u00bb4.16&Prime; _module_preset=\u00a0\u00bbdefault\u00a0\u00bb global_colors_info=\u00a0\u00bb{}\u00a0\u00bb][et_pb_text _builder_version=\u00a0\u00bb4.27.5&Prime; _module_preset=\u00a0\u00bbdefault\u00a0\u00bb hover_enabled=\u00a0\u00bb0&Prime; global_colors_info=\u00a0\u00bb{}\u00a0\u00bb sticky_enabled=\u00a0\u00bb0&Prime;]<\/p>\n<p>Le patrimoine mondial de l\u2019UNESCO SAJA offre de nombreuses possibilit\u00e9s \u00e0 des groupes de toutes tailles et de tout \u00e2ge pour conserver et valoriser les paysages alpins uniques de l\u2019Oberland bernois et du Haut-Valais.<\/p>\n<p>Parmi les activit\u00e9s possibles :<\/p>\n<ul>\n<li>Entretien des p\u00e2turages<\/li>\n<li>Pr\u00e9servation et am\u00e9lioration de biotopes<\/li>\n<li>Lutte contre les n\u00e9ophytes envahissantes<\/li>\n<li>Restauration de murs en pierres s\u00e8ches<\/li>\n<li>Entretien de bisses<\/li>\n<li>Entretien de haies et de for\u00eats, et bien plus encore<\/li>\n<\/ul>\n<p>Les b\u00e9n\u00e9voles apportent ainsi une contribution essentielle \u00e0 la gestion et \u00e0 la mise en valeur du paysage. Les interventions sont organis\u00e9es en \u00e9troite collaboration avec les communes du site UNESCO. Elles peuvent durer une journ\u00e9e ou une semaine enti\u00e8re (4 jours de travail + 1 jour de cong\u00e9).<\/p>\n<p>Informations compl\u00e9mentaires (en allemand) :<\/p>\n<ul>\n<li><a href=\"https:\/\/jungfraualetsch.ch\/wp-content\/uploads\/2021\/11\/01_Wochenplan_Vorlage.pdf\" target=\"_blank\" rel=\"noopener\">Programme hebdomadaire type<\/a><\/li>\n<li><a href=\"https:\/\/jungfraualetsch.ch\/wp-content\/uploads\/2022\/03\/unesco_informationsblatt_landschaftspflege_maerz_2022.pdf\" target=\"_blank\" rel=\"noopener\">Fiche d\u2019information<\/a><\/li>\n<li><a href=\"https:\/\/jungfraualetsch.ch\/erhalten-und-aufwerten\/anmeldeformular-landschaftspflegeeinsaetze-im-welterbe\/\">Formulaire d\u2019inscription<\/a><\/li>\n<\/ul>\n<p>Si nous avons \u00e9veill\u00e9 votre int\u00e9r\u00eat, n\u2019h\u00e9sitez pas \u00e0 prendre <a href=\"https:\/\/jungfraualetsch.ch\/fr\/patrimoine-mondial\/contact\/\">contact<\/a> avec nous.<\/p>\n<p><strong>Nouvelles possibilit\u00e9s d\u2019engagement dans le patrimoine mondial<\/strong><br \/>Nous sommes constamment \u00e0 la recherche de nouveaux projets et vous invitons \u00e0 nous soutenir dans cette d\u00e9marche. Voyez-vous des besoins concrets en mati\u00e8re d\u2019entretien ou de gestion du paysage culturel et naturel dans la r\u00e9gion du patrimoine mondial ? Avez-vous des travaux \u00e0 confier et seriez-vous heureux de b\u00e9n\u00e9ficier de l\u2019aide efficace et soign\u00e9e de b\u00e9n\u00e9voles ?<\/p>\n<p>Dans ce cas, veuillez remplir le <a href=\"https:\/\/jungfraualetsch.ch\/wp-content\/uploads\/2021\/03\/Talon_Einsatzort.pdf\" target=\"_blank\" rel=\"noopener\">talon d\u2019annonce de travaux<\/a> et nous le retourner par e-mail. Nous prendrons volontiers <a href=\"https:\/\/jungfraualetsch.ch\/fr\/patrimoine-mondial\/contact\/\">contact<\/a> avec vous pour discuter des \u00e9tapes suivantes.<\/p>\n<p>[\/et_pb_text][\/et_pb_column][et_pb_column type=\u00a0\u00bb1_4&Prime; _builder_version=\u00a0\u00bb4.16&Prime; _module_preset=\u00a0\u00bbdefault\u00a0\u00bb global_colors_info=\u00a0\u00bb{}\u00a0\u00bb][\/et_pb_column][\/et_pb_row][et_pb_row column_structure=\u00a0\u00bb1_4,1_4,1_4,1_4&Prime; module_class=\u00a0\u00bbwrap\u00a0\u00bb _builder_version=\u00a0\u00bb4.16&Prime; _module_preset=\u00a0\u00bbdefault\u00a0\u00bb global_colors_info=\u00a0\u00bb{}\u00a0\u00bb][et_pb_column type=\u00a0\u00bb1_4&Prime; _builder_version=\u00a0\u00bb4.16&Prime; _module_preset=\u00a0\u00bbdefault\u00a0\u00bb global_colors_info=\u00a0\u00bb{}\u00a0\u00bb][et_pb_image src=\u00a0\u00bbhttps:\/\/jungfraualetsch.ch\/wp-content\/uploads\/2021\/11\/pronatura_logo.jpg\u00a0\u00bb title_text=\u00a0\u00bbpronatura_logo\u00a0\u00bb _builder_version=\u00a0\u00bb4.16&Prime; _module_preset=\u00a0\u00bbdefault\u00a0\u00bb global_colors_info=\u00a0\u00bb{}\u00a0\u00bb][\/et_pb_image][et_pb_button button_url=\u00a0\u00bbhttps:\/\/www.pronatura.ch\/de\u00a0\u00bb url_new_window=\u00a0\u00bbon\u00a0\u00bb button_text=\u00a0\u00bbPro Natura\u00a0\u00bb admin_label=\u00a0\u00bbPro Natura\u00a0\u00bb _builder_version=\u00a0\u00bb4.16&Prime; _module_preset=\u00a0\u00bbdefault\u00a0\u00bb global_colors_info=\u00a0\u00bb{}\u00a0\u00bb][\/et_pb_button][\/et_pb_column][et_pb_column type=\u00a0\u00bb1_4&Prime; _builder_version=\u00a0\u00bb4.16&Prime; _module_preset=\u00a0\u00bbdefault\u00a0\u00bb global_colors_info=\u00a0\u00bb{}\u00a0\u00bb][et_pb_image src=\u00a0\u00bbhttps:\/\/jungfraualetsch.ch\/wp-content\/uploads\/2021\/11\/chindernetz_logo.jpg\u00a0\u00bb title_text=\u00a0\u00bbchindernetz_logo\u00a0\u00bb _builder_version=\u00a0\u00bb4.16&Prime; _module_preset=\u00a0\u00bbdefault\u00a0\u00bb global_colors_info=\u00a0\u00bb{}\u00a0\u00bb][\/et_pb_image][et_pb_button button_url=\u00a0\u00bbhttps:\/\/www.chindernetz.be\u00a0\u00bb url_new_window=\u00a0\u00bbon\u00a0\u00bb button_text=\u00a0\u00bbVerein Chindernetz\u00a0\u00bb admin_label=\u00a0\u00bbVerein Chindernetz\u00a0\u00bb _builder_version=\u00a0\u00bb4.16&Prime; _module_preset=\u00a0\u00bbdefault\u00a0\u00bb global_colors_info=\u00a0\u00bb{}\u00a0\u00bb][\/et_pb_button][\/et_pb_column][et_pb_column type=\u00a0\u00bb1_4&Prime; _builder_version=\u00a0\u00bb4.16&Prime; _module_preset=\u00a0\u00bbdefault\u00a0\u00bb global_colors_info=\u00a0\u00bb{}\u00a0\u00bb][et_pb_image src=\u00a0\u00bbhttps:\/\/jungfraualetsch.ch\/wp-content\/uploads\/2021\/11\/cms_logo.jpg\u00a0\u00bb title_text=\u00a0\u00bbcms_logo\u00a0\u00bb _builder_version=\u00a0\u00bb4.16&Prime; _module_preset=\u00a0\u00bbdefault\u00a0\u00bb global_colors_info=\u00a0\u00bb{}\u00a0\u00bb][\/et_pb_image][et_pb_button button_url=\u00a0\u00bbhttp:\/\/www.bergversetzer.ch\/gemeinsam-anpacken.html\u00a0\u00bb url_new_window=\u00a0\u00bbon\u00a0\u00bb button_text=\u00a0\u00bbbergversetzter\u00a0\u00bb admin_label=\u00a0\u00bbbergversetzter\u00a0\u00bb _builder_version=\u00a0\u00bb4.16&Prime; _module_preset=\u00a0\u00bbdefault\u00a0\u00bb global_colors_info=\u00a0\u00bb{}\u00a0\u00bb][\/et_pb_button][\/et_pb_column][et_pb_column type=\u00a0\u00bb1_4&Prime; _builder_version=\u00a0\u00bb4.16&Prime; _module_preset=\u00a0\u00bbdefault\u00a0\u00bb global_colors_info=\u00a0\u00bb{}\u00a0\u00bb][\/et_pb_column][\/et_pb_row][\/et_pb_section]<\/p>\n","protected":false},"excerpt":{"rendered":"<p>Interventions d\u2019entretien du paysageEnvie de vous impliquer concr\u00e8tement pour l\u2019environnement ? Que ce soit avec votre entreprise, votre classe scolaire, vos apprentis ou pour un service civil, vous pouvez participer \u00e0 une intervention d\u2019entretien du paysage dans le patrimoine mondial de l\u2019UNESCO Alpes suisses Jungfrau-Aletsch (SAJA). C\u2019est l\u2019occasion de contribuer activement \u00e0 la pr\u00e9servation de [&hellip;]<\/p>\n","protected":false},"author":1,"featured_media":0,"parent":5019,"menu_order":37,"comment_status":"closed","ping_status":"closed","template":"","meta":{"_et_pb_use_builder":"on","_et_pb_old_content":"","_et_gb_content_width":"","footnotes":""},"class_list":["post-3443","page","type-page","status-publish","hentry"],"yoast_head":"<!-- This site is optimized with the Yoast SEO plugin v27.1.1 - https:\/\/yoast.com\/product\/yoast-seo-wordpress\/ -->\n<title>Interventions d\u2019entretien du paysage - UNESCO World Heritage Swiss Alps Jungfrau-Aletsch<\/title>\n<meta name=\"robots\" content=\"index, follow, max-snippet:-1, max-image-preview:large, max-video-preview:-1\" \/>\n<link rel=\"canonical\" href=\"https:\/\/jungfraualetsch.ch\/fr\/preserver-et-valoriser\/interventions-dentretien-du-paysage\/\" \/>\n<meta property=\"og:locale\" content=\"fr_FR\" \/>\n<meta property=\"og:type\" content=\"article\" \/>\n<meta property=\"og:title\" content=\"Interventions d\u2019entretien du paysage - UNESCO World Heritage Swiss Alps Jungfrau-Aletsch\" \/>\n<meta property=\"og:description\" content=\"Interventions d\u2019entretien du paysageEnvie de vous impliquer concr\u00e8tement pour l\u2019environnement ? Que ce soit avec votre entreprise, votre classe scolaire, vos apprentis ou pour un service civil, vous pouvez participer \u00e0 une intervention d\u2019entretien du paysage dans le patrimoine mondial de l\u2019UNESCO Alpes suisses Jungfrau-Aletsch (SAJA). C\u2019est l\u2019occasion de contribuer activement \u00e0 la pr\u00e9servation de [&hellip;]\" \/>\n<meta property=\"og:url\" content=\"https:\/\/jungfraualetsch.ch\/fr\/preserver-et-valoriser\/interventions-dentretien-du-paysage\/\" \/>\n<meta property=\"og:site_name\" content=\"UNESCO World Heritage Swiss Alps Jungfrau-Aletsch\" \/>\n<meta property=\"article:modified_time\" content=\"2026-01-27T11:02:51+00:00\" \/>\n<meta name=\"twitter:card\" content=\"summary_large_image\" \/>\n<meta name=\"twitter:label1\" content=\"Dur\u00e9e de lecture estim\u00e9e\" \/>\n\t<meta name=\"twitter:data1\" content=\"6 minutes\" \/>\n<script type=\"application\/ld+json\" class=\"yoast-schema-graph\">{\"@context\":\"https:\/\/schema.org\",\"@graph\":[{\"@type\":\"WebPage\",\"@id\":\"https:\/\/jungfraualetsch.ch\/fr\/preserver-et-valoriser\/interventions-dentretien-du-paysage\/\",\"url\":\"https:\/\/jungfraualetsch.ch\/fr\/preserver-et-valoriser\/interventions-dentretien-du-paysage\/\",\"name\":\"Interventions d\u2019entretien du paysage - UNESCO World Heritage Swiss Alps Jungfrau-Aletsch\",\"isPartOf\":{\"@id\":\"https:\/\/jungfraualetsch.ch\/#website\"},\"datePublished\":\"2021-03-24T08:36:09+00:00\",\"dateModified\":\"2026-01-27T11:02:51+00:00\",\"breadcrumb\":{\"@id\":\"https:\/\/jungfraualetsch.ch\/fr\/preserver-et-valoriser\/interventions-dentretien-du-paysage\/#breadcrumb\"},\"inLanguage\":\"fr-FR\",\"potentialAction\":[{\"@type\":\"ReadAction\",\"target\":[\"https:\/\/jungfraualetsch.ch\/fr\/preserver-et-valoriser\/interventions-dentretien-du-paysage\/\"]}]},{\"@type\":\"BreadcrumbList\",\"@id\":\"https:\/\/jungfraualetsch.ch\/fr\/preserver-et-valoriser\/interventions-dentretien-du-paysage\/#breadcrumb\",\"itemListElement\":[{\"@type\":\"ListItem\",\"position\":1,\"name\":\"Startseite\",\"item\":\"https:\/\/jungfraualetsch.ch\/fr\/\"},{\"@type\":\"ListItem\",\"position\":2,\"name\":\"Pr\u00e9server et valoriser\",\"item\":\"https:\/\/jungfraualetsch.ch\/fr\/preserver-et-valoriser\/\"},{\"@type\":\"ListItem\",\"position\":3,\"name\":\"Interventions d\u2019entretien du paysage\"}]},{\"@type\":\"WebSite\",\"@id\":\"https:\/\/jungfraualetsch.ch\/#website\",\"url\":\"https:\/\/jungfraualetsch.ch\/\",\"name\":\"UNESCO World Heritage Swiss Alps Jungfrau-Aletsch\",\"description\":\"\",\"potentialAction\":[{\"@type\":\"SearchAction\",\"target\":{\"@type\":\"EntryPoint\",\"urlTemplate\":\"https:\/\/jungfraualetsch.ch\/?s={search_term_string}\"},\"query-input\":{\"@type\":\"PropertyValueSpecification\",\"valueRequired\":true,\"valueName\":\"search_term_string\"}}],\"inLanguage\":\"fr-FR\"}]}<\/script>\n<!-- \/ Yoast SEO plugin. -->","yoast_head_json":{"title":"Interventions d\u2019entretien du paysage - UNESCO World Heritage Swiss Alps Jungfrau-Aletsch","robots":{"index":"index","follow":"follow","max-snippet":"max-snippet:-1","max-image-preview":"max-image-preview:large","max-video-preview":"max-video-preview:-1"},"canonical":"https:\/\/jungfraualetsch.ch\/fr\/preserver-et-valoriser\/interventions-dentretien-du-paysage\/","og_locale":"fr_FR","og_type":"article","og_title":"Interventions d\u2019entretien du paysage - UNESCO World Heritage Swiss Alps Jungfrau-Aletsch","og_description":"Interventions d\u2019entretien du paysageEnvie de vous impliquer concr\u00e8tement pour l\u2019environnement ? Que ce soit avec votre entreprise, votre classe scolaire, vos apprentis ou pour un service civil, vous pouvez participer \u00e0 une intervention d\u2019entretien du paysage dans le patrimoine mondial de l\u2019UNESCO Alpes suisses Jungfrau-Aletsch (SAJA). C\u2019est l\u2019occasion de contribuer activement \u00e0 la pr\u00e9servation de [&hellip;]","og_url":"https:\/\/jungfraualetsch.ch\/fr\/preserver-et-valoriser\/interventions-dentretien-du-paysage\/","og_site_name":"UNESCO World Heritage Swiss Alps Jungfrau-Aletsch","article_modified_time":"2026-01-27T11:02:51+00:00","twitter_card":"summary_large_image","twitter_misc":{"Dur\u00e9e de lecture estim\u00e9e":"6 minutes"},"schema":{"@context":"https:\/\/schema.org","@graph":[{"@type":"WebPage","@id":"https:\/\/jungfraualetsch.ch\/fr\/preserver-et-valoriser\/interventions-dentretien-du-paysage\/","url":"https:\/\/jungfraualetsch.ch\/fr\/preserver-et-valoriser\/interventions-dentretien-du-paysage\/","name":"Interventions d\u2019entretien du paysage - UNESCO World Heritage Swiss Alps Jungfrau-Aletsch","isPartOf":{"@id":"https:\/\/jungfraualetsch.ch\/#website"},"datePublished":"2021-03-24T08:36:09+00:00","dateModified":"2026-01-27T11:02:51+00:00","breadcrumb":{"@id":"https:\/\/jungfraualetsch.ch\/fr\/preserver-et-valoriser\/interventions-dentretien-du-paysage\/#breadcrumb"},"inLanguage":"fr-FR","potentialAction":[{"@type":"ReadAction","target":["https:\/\/jungfraualetsch.ch\/fr\/preserver-et-valoriser\/interventions-dentretien-du-paysage\/"]}]},{"@type":"BreadcrumbList","@id":"https:\/\/jungfraualetsch.ch\/fr\/preserver-et-valoriser\/interventions-dentretien-du-paysage\/#breadcrumb","itemListElement":[{"@type":"ListItem","position":1,"name":"Startseite","item":"https:\/\/jungfraualetsch.ch\/fr\/"},{"@type":"ListItem","position":2,"name":"Pr\u00e9server et valoriser","item":"https:\/\/jungfraualetsch.ch\/fr\/preserver-et-valoriser\/"},{"@type":"ListItem","position":3,"name":"Interventions d\u2019entretien du paysage"}]},{"@type":"WebSite","@id":"https:\/\/jungfraualetsch.ch\/#website","url":"https:\/\/jungfraualetsch.ch\/","name":"UNESCO World Heritage Swiss Alps Jungfrau-Aletsch","description":"","potentialAction":[{"@type":"SearchAction","target":{"@type":"EntryPoint","urlTemplate":"https:\/\/jungfraualetsch.ch\/?s={search_term_string}"},"query-input":{"@type":"PropertyValueSpecification","valueRequired":true,"valueName":"search_term_string"}}],"inLanguage":"fr-FR"}]}},"_links":{"self":[{"href":"https:\/\/jungfraualetsch.ch\/fr\/wp-json\/wp\/v2\/pages\/3443","targetHints":{"allow":["GET"]}}],"collection":[{"href":"https:\/\/jungfraualetsch.ch\/fr\/wp-json\/wp\/v2\/pages"}],"about":[{"href":"https:\/\/jungfraualetsch.ch\/fr\/wp-json\/wp\/v2\/types\/page"}],"author":[{"embeddable":true,"href":"https:\/\/jungfraualetsch.ch\/fr\/wp-json\/wp\/v2\/users\/1"}],"replies":[{"embeddable":true,"href":"https:\/\/jungfraualetsch.ch\/fr\/wp-json\/wp\/v2\/comments?post=3443"}],"version-history":[{"count":12,"href":"https:\/\/jungfraualetsch.ch\/fr\/wp-json\/wp\/v2\/pages\/3443\/revisions"}],"predecessor-version":[{"id":13815,"href":"https:\/\/jungfraualetsch.ch\/fr\/wp-json\/wp\/v2\/pages\/3443\/revisions\/13815"}],"up":[{"embeddable":true,"href":"https:\/\/jungfraualetsch.ch\/fr\/wp-json\/wp\/v2\/pages\/5019"}],"wp:attachment":[{"href":"https:\/\/jungfraualetsch.ch\/fr\/wp-json\/wp\/v2\/media?parent=3443"}],"curies":[{"name":"wp","href":"https:\/\/api.w.org\/{rel}","templated":true}]}}