{"id":3321,"date":"2021-03-23T18:01:02","date_gmt":"2021-03-23T18:01:02","guid":{"rendered":"https:\/\/jungfraualetsch.ch\/mobilitaet-und-verkehr\/"},"modified":"2021-03-26T10:11:20","modified_gmt":"2021-03-26T10:11:20","slug":"mobilite-et-transports","status":"publish","type":"page","link":"https:\/\/jungfraualetsch.ch\/fr\/activites\/mobilite-et-transports\/","title":{"rendered":"Mobilit\u00e9 et transports"},"content":{"rendered":"<p>[et_pb_section fb_built=\u00a0\u00bb1&Prime; fullwidth=\u00a0\u00bbon\u00a0\u00bb _builder_version=\u00a0\u00bb4.9.1&Prime; _module_preset=\u00a0\u00bbdefault\u00a0\u00bb background_image=\u00a0\u00bbhttps:\/\/jungfraualetsch.ch\/wp-content\/uploads\/2021\/03\/header_02_welterbe_B_Gipfel-2-scaled.jpg\u00a0\u00bb parallax=\u00a0\u00bbon\u00a0\u00bb bottom_divider_style=\u00a0\u00bbslant2&Prime; bottom_divider_color=\u00a0\u00bb#FFFFFF\u00a0\u00bb bottom_divider_flip=\u00a0\u00bbhorizontal\u00a0\u00bb bottom_divider_height_tablet=\u00a0\u00bb\u00a0\u00bb bottom_divider_height_phone=\u00a0\u00bb\u00a0\u00bb bottom_divider_height_last_edited=\u00a0\u00bbon|desktop\u00a0\u00bb custom_css_main_element=\u00a0\u00bbmin-height: 45vh;\u00a0\u00bb][\/et_pb_section][et_pb_section fb_built=\u00a0\u00bb1&Prime; _builder_version=\u00a0\u00bb4.9.1&Prime; _module_preset=\u00a0\u00bbdefault\u00a0\u00bb background_enable_color=\u00a0\u00bboff\u00a0\u00bb background_enable_image=\u00a0\u00bboff\u00a0\u00bb top_divider_flip=\u00a0\u00bbhorizontal\u00a0\u00bb][et_pb_row _builder_version=\u00a0\u00bb4.9.1&Prime; _module_preset=\u00a0\u00bbdefault\u00a0\u00bb][et_pb_column type=\u00a0\u00bb4_4&Prime; _builder_version=\u00a0\u00bb4.9.1&Prime; _module_preset=\u00a0\u00bbdefault\u00a0\u00bb][et_pb_text admin_label=\u00a0\u00bbTitel\u00a0\u00bb _builder_version=\u00a0\u00bb4.9.2&Prime; _module_preset=\u00a0\u00bbdefault\u00a0\u00bb hover_enabled=\u00a0\u00bb0&Prime; sticky_enabled=\u00a0\u00bb0&Prime;]<\/p>\n<h1>Mobilit\u00e9 et transports<\/h1>\n<p>[\/et_pb_text][\/et_pb_column][\/et_pb_row][et_pb_row column_structure=\u00a0\u00bb3_4,1_4&Prime; _builder_version=\u00a0\u00bb4.9.1&Prime; _module_preset=\u00a0\u00bbdefault\u00a0\u00bb][et_pb_column type=\u00a0\u00bb3_4&Prime; _builder_version=\u00a0\u00bb4.9.1&Prime; _module_preset=\u00a0\u00bbdefault\u00a0\u00bb][et_pb_text _builder_version=\u00a0\u00bb4.9.2&Prime; _module_preset=\u00a0\u00bbdefault\u00a0\u00bb hover_enabled=\u00a0\u00bb0&Prime; sticky_enabled=\u00a0\u00bb0&Prime;]<\/p>\n<p>Possibilit\u00e9s de rejoindre le site du Patrimoine Mondial par les transports publics: les voyageurs pourront tranquillement atteindre leurs destinations gr\u00e2ce \u00e0 l\u2019excellent r\u00e9seau ferroviaire international, national et r\u00e9gional et aux nombreuses installations de remont\u00e9e. <a href=\"https:\/\/www.postauto.ch\/fr\" target=\"_blank\" rel=\"noopener\">PostAuto Haut Valais<\/a>, chemin de fer Matterhorn Gotthard, et la \u00abcarte Exp\u00e9rience\u00bb vous permettent de voyager dans toute le Haut Valais et dans la r\u00e9gion du Grand glacier d\u2019Aletsch. Avec le passepartout r\u00e9gional vous voyagerez \u00e0 travers l\u2019Oberland bernois et la chemin de fer L\u00f6tschberg relie les deux r\u00e9gions. Avec le <a href=\"https:\/\/www.bls.ch\/fr\/freizeit-und-ferien\/ausfluege#time.from:26.03.2021,time.to:25.05.2021\" target=\"_blank\" rel=\"noopener\">RegioExpress L\u00f6tschberg<\/a> on peut partir toutes les heures au d\u00e9part de Berne pour Brig ou Zweisimmen, ainsi que vers plusieurs d\u2019autres destinations.<\/p>\n<p>[\/et_pb_text][\/et_pb_column][et_pb_column type=\u00a0\u00bb1_4&Prime; _builder_version=\u00a0\u00bb4.9.1&Prime; _module_preset=\u00a0\u00bbdefault\u00a0\u00bb][\/et_pb_column][\/et_pb_row][et_pb_row _builder_version=\u00a0\u00bb4.9.1&Prime; _module_preset=\u00a0\u00bbdefault\u00a0\u00bb][et_pb_column type=\u00a0\u00bb4_4&Prime; _builder_version=\u00a0\u00bb4.9.1&Prime; _module_preset=\u00a0\u00bbdefault\u00a0\u00bb][et_pb_image src=\u00a0\u00bbhttps:\/\/jungfraualetsch.ch\/wp-content\/uploads\/2021\/03\/medien-imagebild-bahn-gr-2000&#215;1386-1.jpg\u00a0\u00bb title_text=\u00a0\u00bbmedien-imagebild-bahn-gr-2000&#215;1386&Prime; align=\u00a0\u00bbcenter\u00a0\u00bb force_fullwidth=\u00a0\u00bbon\u00a0\u00bb _builder_version=\u00a0\u00bb4.9.1&Prime; _module_preset=\u00a0\u00bbdefault\u00a0\u00bb][\/et_pb_image][\/et_pb_column][\/et_pb_row][\/et_pb_section]<\/p>\n","protected":false},"excerpt":{"rendered":"<p>Mobilit\u00e9 et transportsPossibilit\u00e9s de rejoindre le site du Patrimoine Mondial par les transports publics: les voyageurs pourront tranquillement atteindre leurs destinations gr\u00e2ce \u00e0 l\u2019excellent r\u00e9seau ferroviaire international, national et r\u00e9gional et aux nombreuses installations de remont\u00e9e. PostAuto Haut Valais, chemin de fer Matterhorn Gotthard, et la \u00abcarte Exp\u00e9rience\u00bb vous permettent de voyager dans toute le [&hellip;]<\/p>\n","protected":false},"author":1,"featured_media":0,"parent":4983,"menu_order":116,"comment_status":"closed","ping_status":"closed","template":"","meta":{"_et_pb_use_builder":"on","_et_pb_old_content":"","_et_gb_content_width":"","footnotes":""},"class_list":["post-3321","page","type-page","status-publish","hentry"],"yoast_head":"<!-- This site is optimized with the Yoast SEO plugin v27.1.1 - https:\/\/yoast.com\/product\/yoast-seo-wordpress\/ -->\n<title>Mobilit\u00e9 et transports - UNESCO World Heritage Swiss Alps Jungfrau-Aletsch<\/title>\n<meta name=\"robots\" content=\"index, follow, max-snippet:-1, max-image-preview:large, max-video-preview:-1\" \/>\n<link rel=\"canonical\" href=\"https:\/\/jungfraualetsch.ch\/fr\/activites\/mobilite-et-transports\/\" \/>\n<meta property=\"og:locale\" content=\"fr_FR\" \/>\n<meta property=\"og:type\" content=\"article\" \/>\n<meta property=\"og:title\" content=\"Mobilit\u00e9 et transports - UNESCO World Heritage Swiss Alps Jungfrau-Aletsch\" \/>\n<meta property=\"og:description\" content=\"Mobilit\u00e9 et transportsPossibilit\u00e9s de rejoindre le site du Patrimoine Mondial par les transports publics: les voyageurs pourront tranquillement atteindre leurs destinations gr\u00e2ce \u00e0 l\u2019excellent r\u00e9seau ferroviaire international, national et r\u00e9gional et aux nombreuses installations de remont\u00e9e. PostAuto Haut Valais, chemin de fer Matterhorn Gotthard, et la \u00abcarte Exp\u00e9rience\u00bb vous permettent de voyager dans toute le [&hellip;]\" \/>\n<meta property=\"og:url\" content=\"https:\/\/jungfraualetsch.ch\/fr\/activites\/mobilite-et-transports\/\" \/>\n<meta property=\"og:site_name\" content=\"UNESCO World Heritage Swiss Alps Jungfrau-Aletsch\" \/>\n<meta property=\"article:modified_time\" content=\"2021-03-26T10:11:20+00:00\" \/>\n<meta name=\"twitter:card\" content=\"summary_large_image\" \/>\n<meta name=\"twitter:label1\" content=\"Dur\u00e9e de lecture estim\u00e9e\" \/>\n\t<meta name=\"twitter:data1\" content=\"2 minutes\" \/>\n<script type=\"application\/ld+json\" class=\"yoast-schema-graph\">{\"@context\":\"https:\/\/schema.org\",\"@graph\":[{\"@type\":\"WebPage\",\"@id\":\"https:\/\/jungfraualetsch.ch\/fr\/activites\/mobilite-et-transports\/\",\"url\":\"https:\/\/jungfraualetsch.ch\/fr\/activites\/mobilite-et-transports\/\",\"name\":\"Mobilit\u00e9 et transports - UNESCO World Heritage Swiss Alps Jungfrau-Aletsch\",\"isPartOf\":{\"@id\":\"https:\/\/jungfraualetsch.ch\/#website\"},\"datePublished\":\"2021-03-23T18:01:02+00:00\",\"dateModified\":\"2021-03-26T10:11:20+00:00\",\"breadcrumb\":{\"@id\":\"https:\/\/jungfraualetsch.ch\/fr\/activites\/mobilite-et-transports\/#breadcrumb\"},\"inLanguage\":\"fr-FR\",\"potentialAction\":[{\"@type\":\"ReadAction\",\"target\":[\"https:\/\/jungfraualetsch.ch\/fr\/activites\/mobilite-et-transports\/\"]}]},{\"@type\":\"BreadcrumbList\",\"@id\":\"https:\/\/jungfraualetsch.ch\/fr\/activites\/mobilite-et-transports\/#breadcrumb\",\"itemListElement\":[{\"@type\":\"ListItem\",\"position\":1,\"name\":\"Startseite\",\"item\":\"https:\/\/jungfraualetsch.ch\/fr\/\"},{\"@type\":\"ListItem\",\"position\":2,\"name\":\"Activit\u00e9s\",\"item\":\"https:\/\/jungfraualetsch.ch\/fr\/activites\/\"},{\"@type\":\"ListItem\",\"position\":3,\"name\":\"Mobilit\u00e9 et transports\"}]},{\"@type\":\"WebSite\",\"@id\":\"https:\/\/jungfraualetsch.ch\/#website\",\"url\":\"https:\/\/jungfraualetsch.ch\/\",\"name\":\"UNESCO World Heritage Swiss Alps Jungfrau-Aletsch\",\"description\":\"\",\"potentialAction\":[{\"@type\":\"SearchAction\",\"target\":{\"@type\":\"EntryPoint\",\"urlTemplate\":\"https:\/\/jungfraualetsch.ch\/?s={search_term_string}\"},\"query-input\":{\"@type\":\"PropertyValueSpecification\",\"valueRequired\":true,\"valueName\":\"search_term_string\"}}],\"inLanguage\":\"fr-FR\"}]}<\/script>\n<!-- \/ Yoast SEO plugin. -->","yoast_head_json":{"title":"Mobilit\u00e9 et transports - UNESCO World Heritage Swiss Alps Jungfrau-Aletsch","robots":{"index":"index","follow":"follow","max-snippet":"max-snippet:-1","max-image-preview":"max-image-preview:large","max-video-preview":"max-video-preview:-1"},"canonical":"https:\/\/jungfraualetsch.ch\/fr\/activites\/mobilite-et-transports\/","og_locale":"fr_FR","og_type":"article","og_title":"Mobilit\u00e9 et transports - UNESCO World Heritage Swiss Alps Jungfrau-Aletsch","og_description":"Mobilit\u00e9 et transportsPossibilit\u00e9s de rejoindre le site du Patrimoine Mondial par les transports publics: les voyageurs pourront tranquillement atteindre leurs destinations gr\u00e2ce \u00e0 l\u2019excellent r\u00e9seau ferroviaire international, national et r\u00e9gional et aux nombreuses installations de remont\u00e9e. PostAuto Haut Valais, chemin de fer Matterhorn Gotthard, et la \u00abcarte Exp\u00e9rience\u00bb vous permettent de voyager dans toute le [&hellip;]","og_url":"https:\/\/jungfraualetsch.ch\/fr\/activites\/mobilite-et-transports\/","og_site_name":"UNESCO World Heritage Swiss Alps Jungfrau-Aletsch","article_modified_time":"2021-03-26T10:11:20+00:00","twitter_card":"summary_large_image","twitter_misc":{"Dur\u00e9e de lecture estim\u00e9e":"2 minutes"},"schema":{"@context":"https:\/\/schema.org","@graph":[{"@type":"WebPage","@id":"https:\/\/jungfraualetsch.ch\/fr\/activites\/mobilite-et-transports\/","url":"https:\/\/jungfraualetsch.ch\/fr\/activites\/mobilite-et-transports\/","name":"Mobilit\u00e9 et transports - UNESCO World Heritage Swiss Alps Jungfrau-Aletsch","isPartOf":{"@id":"https:\/\/jungfraualetsch.ch\/#website"},"datePublished":"2021-03-23T18:01:02+00:00","dateModified":"2021-03-26T10:11:20+00:00","breadcrumb":{"@id":"https:\/\/jungfraualetsch.ch\/fr\/activites\/mobilite-et-transports\/#breadcrumb"},"inLanguage":"fr-FR","potentialAction":[{"@type":"ReadAction","target":["https:\/\/jungfraualetsch.ch\/fr\/activites\/mobilite-et-transports\/"]}]},{"@type":"BreadcrumbList","@id":"https:\/\/jungfraualetsch.ch\/fr\/activites\/mobilite-et-transports\/#breadcrumb","itemListElement":[{"@type":"ListItem","position":1,"name":"Startseite","item":"https:\/\/jungfraualetsch.ch\/fr\/"},{"@type":"ListItem","position":2,"name":"Activit\u00e9s","item":"https:\/\/jungfraualetsch.ch\/fr\/activites\/"},{"@type":"ListItem","position":3,"name":"Mobilit\u00e9 et transports"}]},{"@type":"WebSite","@id":"https:\/\/jungfraualetsch.ch\/#website","url":"https:\/\/jungfraualetsch.ch\/","name":"UNESCO World Heritage Swiss Alps Jungfrau-Aletsch","description":"","potentialAction":[{"@type":"SearchAction","target":{"@type":"EntryPoint","urlTemplate":"https:\/\/jungfraualetsch.ch\/?s={search_term_string}"},"query-input":{"@type":"PropertyValueSpecification","valueRequired":true,"valueName":"search_term_string"}}],"inLanguage":"fr-FR"}]}},"_links":{"self":[{"href":"https:\/\/jungfraualetsch.ch\/fr\/wp-json\/wp\/v2\/pages\/3321","targetHints":{"allow":["GET"]}}],"collection":[{"href":"https:\/\/jungfraualetsch.ch\/fr\/wp-json\/wp\/v2\/pages"}],"about":[{"href":"https:\/\/jungfraualetsch.ch\/fr\/wp-json\/wp\/v2\/types\/page"}],"author":[{"embeddable":true,"href":"https:\/\/jungfraualetsch.ch\/fr\/wp-json\/wp\/v2\/users\/1"}],"replies":[{"embeddable":true,"href":"https:\/\/jungfraualetsch.ch\/fr\/wp-json\/wp\/v2\/comments?post=3321"}],"version-history":[{"count":3,"href":"https:\/\/jungfraualetsch.ch\/fr\/wp-json\/wp\/v2\/pages\/3321\/revisions"}],"predecessor-version":[{"id":3331,"href":"https:\/\/jungfraualetsch.ch\/fr\/wp-json\/wp\/v2\/pages\/3321\/revisions\/3331"}],"up":[{"embeddable":true,"href":"https:\/\/jungfraualetsch.ch\/fr\/wp-json\/wp\/v2\/pages\/4983"}],"wp:attachment":[{"href":"https:\/\/jungfraualetsch.ch\/fr\/wp-json\/wp\/v2\/media?parent=3321"}],"curies":[{"name":"wp","href":"https:\/\/api.w.org\/{rel}","templated":true}]}}