{"id":3092,"date":"2021-03-23T13:00:37","date_gmt":"2021-03-23T13:00:37","guid":{"rendered":"https:\/\/jungfraualetsch.ch\/schluessel-zu-den-alpen\/"},"modified":"2021-03-31T10:12:03","modified_gmt":"2021-03-31T10:12:03","slug":"key-to-the-alps","status":"publish","type":"page","link":"https:\/\/jungfraualetsch.ch\/fr\/activites\/key-to-the-alps\/","title":{"rendered":"Key to the Alps"},"content":{"rendered":"<p>[et_pb_section fb_built=\u00a0\u00bb1&Prime; fullwidth=\u00a0\u00bbon\u00a0\u00bb _builder_version=\u00a0\u00bb4.9.1&Prime; _module_preset=\u00a0\u00bbdefault\u00a0\u00bb background_image=\u00a0\u00bbhttps:\/\/jungfraualetsch.ch\/wp-content\/uploads\/2021\/03\/header_02_welterbe_B_Gipfel-2-scaled.jpg\u00a0\u00bb parallax=\u00a0\u00bbon\u00a0\u00bb bottom_divider_style=\u00a0\u00bbslant2&Prime; bottom_divider_color=\u00a0\u00bb#FFFFFF\u00a0\u00bb bottom_divider_flip=\u00a0\u00bbhorizontal\u00a0\u00bb bottom_divider_height_tablet=\u00a0\u00bb\u00a0\u00bb bottom_divider_height_phone=\u00a0\u00bb\u00a0\u00bb bottom_divider_height_last_edited=\u00a0\u00bbon|desktop\u00a0\u00bb custom_css_main_element=\u00a0\u00bbmin-height: 45vh;\u00a0\u00bb][\/et_pb_section][et_pb_section fb_built=\u00a0\u00bb1&Prime; _builder_version=\u00a0\u00bb4.9.1&Prime; _module_preset=\u00a0\u00bbdefault\u00a0\u00bb background_enable_color=\u00a0\u00bboff\u00a0\u00bb background_enable_image=\u00a0\u00bboff\u00a0\u00bb top_divider_flip=\u00a0\u00bbhorizontal\u00a0\u00bb][et_pb_row _builder_version=\u00a0\u00bb4.9.1&Prime; _module_preset=\u00a0\u00bbdefault\u00a0\u00bb][et_pb_column type=\u00a0\u00bb4_4&Prime; _builder_version=\u00a0\u00bb4.9.1&Prime; _module_preset=\u00a0\u00bbdefault\u00a0\u00bb][et_pb_text admin_label=\u00a0\u00bbTitel\u00a0\u00bb _builder_version=\u00a0\u00bb4.9.2&Prime; _module_preset=\u00a0\u00bbdefault\u00a0\u00bb]<\/p>\n<h1>Key to the Alps<\/h1>\n<p>[\/et_pb_text][\/et_pb_column][\/et_pb_row][et_pb_row column_structure=\u00a0\u00bb3_4,1_4&Prime; _builder_version=\u00a0\u00bb4.9.1&Prime; _module_preset=\u00a0\u00bbdefault\u00a0\u00bb][et_pb_column type=\u00a0\u00bb3_4&Prime; _builder_version=\u00a0\u00bb4.9.1&Prime; _module_preset=\u00a0\u00bbdefault\u00a0\u00bb][et_pb_text _builder_version=\u00a0\u00bb4.9.2&Prime; _module_preset=\u00a0\u00bbdefault\u00a0\u00bb hover_enabled=\u00a0\u00bb0&Prime; sticky_enabled=\u00a0\u00bb0&Prime;]<\/p>\n<p>Vivez une exp\u00e9rience remplie d\u2019\u00e9motions au sein du site du patrimoine mondial: d\u00e9couvrez ce site \u00e0 travers 15 \u00e9tapes qui vous feront vivre des \u00e9motions inoubliables par son paysage sans pareil. La brochure de randonn\u00e9es \u00ab Key to the Alps \u00bb constitue un guide fid\u00e8le et vous donnera toutes les informations utiles \u00e0 propos des itin\u00e9raires, des attractions et de tout ce qui m\u00e9rite d\u2019\u00eatre vu et visit\u00e9. A la fin de chacune des \u00e9tapes, vous pourrez faire tamponner votre brochure afin de t\u00e9moigner que vous avez achev\u00e9 le parcours. Le prix \u00ab Key to the Alps \u00bb sera remis au World Nature Forum de Naters et d\u00e9cern\u00e9 \u00e0 tous ceux qui auront compl\u00e9t\u00e9 le tour du site. Tous ceux qui d\u00e9sirent connaitre l\u2019histoire des Alpes et d\u00e9couvrir les secrets de cette r\u00e9gion unique devraient visiter le site du Patrimoine Mondial UNESCO Jungfrau-Aletsch au moins une fois dans leur vie!<\/p>\n<p>Randonn\u00e9e facile (courte distance): sur demande, nos voyagistes offrent des forfaits qui incluent le transport des bagages, l\u2019h\u00e9bergement et les tickets pour les transport en commun. Nous vous conseillerons et adapterons vos visites \u00e0 vos exigences (<a href=\"https:\/\/jungfraualetsch.ch\/fr\/patrimoine-mondial\/contact\/\">Contact<\/a>).<\/p>\n<p>[\/et_pb_text][\/et_pb_column][et_pb_column type=\u00a0\u00bb1_4&Prime; _builder_version=\u00a0\u00bb4.9.1&Prime; _module_preset=\u00a0\u00bbdefault\u00a0\u00bb][\/et_pb_column][\/et_pb_row][et_pb_row _builder_version=\u00a0\u00bb4.9.1&Prime; _module_preset=\u00a0\u00bbdefault\u00a0\u00bb][et_pb_column type=\u00a0\u00bb4_4&Prime; _builder_version=\u00a0\u00bb4.9.1&Prime; _module_preset=\u00a0\u00bbdefault\u00a0\u00bb][et_pb_video src=\u00a0\u00bbhttps:\/\/www.youtube.com\/watch?v=cpQHdLJpsCg\u00a0\u00bb _builder_version=\u00a0\u00bb4.9.1&Prime; _module_preset=\u00a0\u00bbdefault\u00a0\u00bb][\/et_pb_video][\/et_pb_column][\/et_pb_row][et_pb_row column_structure=\u00a0\u00bb3_4,1_4&Prime; _builder_version=\u00a0\u00bb4.9.1&Prime; _module_preset=\u00a0\u00bbdefault\u00a0\u00bb][et_pb_column type=\u00a0\u00bb3_4&Prime; _builder_version=\u00a0\u00bb4.9.1&Prime; _module_preset=\u00a0\u00bbdefault\u00a0\u00bb][et_pb_text _builder_version=\u00a0\u00bb4.9.2&Prime; _module_preset=\u00a0\u00bbdefault\u00a0\u00bb]<\/p>\n<p>Vous pouvez trouver les deux premi\u00e8res parties de la promenade <a href=\"https:\/\/www.youtube.com\/watch?v=p8wf3X3LnmE&amp;t=29s\" target=\"_blank\" rel=\"noopener\">ici<\/a>.<\/p>\n<p>[\/et_pb_text][\/et_pb_column][et_pb_column type=\u00a0\u00bb1_4&Prime; _builder_version=\u00a0\u00bb4.9.1&Prime; _module_preset=\u00a0\u00bbdefault\u00a0\u00bb][\/et_pb_column][\/et_pb_row][\/et_pb_section]<\/p>\n","protected":false},"excerpt":{"rendered":"<p>Key to the AlpsVivez une exp\u00e9rience remplie d\u2019\u00e9motions au sein du site du patrimoine mondial: d\u00e9couvrez ce site \u00e0 travers 15 \u00e9tapes qui vous feront vivre des \u00e9motions inoubliables par son paysage sans pareil. La brochure de randonn\u00e9es \u00ab Key to the Alps \u00bb constitue un guide fid\u00e8le et vous donnera toutes les informations utiles [&hellip;]<\/p>\n","protected":false},"author":1,"featured_media":0,"parent":4983,"menu_order":123,"comment_status":"closed","ping_status":"closed","template":"","meta":{"_et_pb_use_builder":"on","_et_pb_old_content":"","_et_gb_content_width":"","footnotes":""},"class_list":["post-3092","page","type-page","status-publish","hentry"],"yoast_head":"<!-- This site is optimized with the Yoast SEO plugin v27.1.1 - https:\/\/yoast.com\/product\/yoast-seo-wordpress\/ -->\n<title>Key to the Alps - UNESCO World Heritage Swiss Alps Jungfrau-Aletsch<\/title>\n<meta name=\"robots\" content=\"index, follow, max-snippet:-1, max-image-preview:large, max-video-preview:-1\" \/>\n<link rel=\"canonical\" href=\"https:\/\/jungfraualetsch.ch\/fr\/activites\/key-to-the-alps\/\" \/>\n<meta property=\"og:locale\" content=\"fr_FR\" \/>\n<meta property=\"og:type\" content=\"article\" \/>\n<meta property=\"og:title\" content=\"Key to the Alps - UNESCO World Heritage Swiss Alps Jungfrau-Aletsch\" \/>\n<meta property=\"og:description\" content=\"Key to the AlpsVivez une exp\u00e9rience remplie d\u2019\u00e9motions au sein du site du patrimoine mondial: d\u00e9couvrez ce site \u00e0 travers 15 \u00e9tapes qui vous feront vivre des \u00e9motions inoubliables par son paysage sans pareil. La brochure de randonn\u00e9es \u00ab Key to the Alps \u00bb constitue un guide fid\u00e8le et vous donnera toutes les informations utiles [&hellip;]\" \/>\n<meta property=\"og:url\" content=\"https:\/\/jungfraualetsch.ch\/fr\/activites\/key-to-the-alps\/\" \/>\n<meta property=\"og:site_name\" content=\"UNESCO World Heritage Swiss Alps Jungfrau-Aletsch\" \/>\n<meta property=\"article:modified_time\" content=\"2021-03-31T10:12:03+00:00\" \/>\n<meta name=\"twitter:card\" content=\"summary_large_image\" \/>\n<meta name=\"twitter:label1\" content=\"Dur\u00e9e de lecture estim\u00e9e\" \/>\n\t<meta name=\"twitter:data1\" content=\"2 minutes\" \/>\n<script type=\"application\/ld+json\" class=\"yoast-schema-graph\">{\"@context\":\"https:\/\/schema.org\",\"@graph\":[{\"@type\":\"WebPage\",\"@id\":\"https:\/\/jungfraualetsch.ch\/fr\/activites\/key-to-the-alps\/\",\"url\":\"https:\/\/jungfraualetsch.ch\/fr\/activites\/key-to-the-alps\/\",\"name\":\"Key to the Alps - UNESCO World Heritage Swiss Alps Jungfrau-Aletsch\",\"isPartOf\":{\"@id\":\"https:\/\/jungfraualetsch.ch\/#website\"},\"datePublished\":\"2021-03-23T13:00:37+00:00\",\"dateModified\":\"2021-03-31T10:12:03+00:00\",\"breadcrumb\":{\"@id\":\"https:\/\/jungfraualetsch.ch\/fr\/activites\/key-to-the-alps\/#breadcrumb\"},\"inLanguage\":\"fr-FR\",\"potentialAction\":[{\"@type\":\"ReadAction\",\"target\":[\"https:\/\/jungfraualetsch.ch\/fr\/activites\/key-to-the-alps\/\"]}]},{\"@type\":\"BreadcrumbList\",\"@id\":\"https:\/\/jungfraualetsch.ch\/fr\/activites\/key-to-the-alps\/#breadcrumb\",\"itemListElement\":[{\"@type\":\"ListItem\",\"position\":1,\"name\":\"Startseite\",\"item\":\"https:\/\/jungfraualetsch.ch\/fr\/\"},{\"@type\":\"ListItem\",\"position\":2,\"name\":\"Activit\u00e9s\",\"item\":\"https:\/\/jungfraualetsch.ch\/fr\/activites\/\"},{\"@type\":\"ListItem\",\"position\":3,\"name\":\"Key to the Alps\"}]},{\"@type\":\"WebSite\",\"@id\":\"https:\/\/jungfraualetsch.ch\/#website\",\"url\":\"https:\/\/jungfraualetsch.ch\/\",\"name\":\"UNESCO World Heritage Swiss Alps Jungfrau-Aletsch\",\"description\":\"\",\"potentialAction\":[{\"@type\":\"SearchAction\",\"target\":{\"@type\":\"EntryPoint\",\"urlTemplate\":\"https:\/\/jungfraualetsch.ch\/?s={search_term_string}\"},\"query-input\":{\"@type\":\"PropertyValueSpecification\",\"valueRequired\":true,\"valueName\":\"search_term_string\"}}],\"inLanguage\":\"fr-FR\"}]}<\/script>\n<!-- \/ Yoast SEO plugin. -->","yoast_head_json":{"title":"Key to the Alps - UNESCO World Heritage Swiss Alps Jungfrau-Aletsch","robots":{"index":"index","follow":"follow","max-snippet":"max-snippet:-1","max-image-preview":"max-image-preview:large","max-video-preview":"max-video-preview:-1"},"canonical":"https:\/\/jungfraualetsch.ch\/fr\/activites\/key-to-the-alps\/","og_locale":"fr_FR","og_type":"article","og_title":"Key to the Alps - UNESCO World Heritage Swiss Alps Jungfrau-Aletsch","og_description":"Key to the AlpsVivez une exp\u00e9rience remplie d\u2019\u00e9motions au sein du site du patrimoine mondial: d\u00e9couvrez ce site \u00e0 travers 15 \u00e9tapes qui vous feront vivre des \u00e9motions inoubliables par son paysage sans pareil. La brochure de randonn\u00e9es \u00ab Key to the Alps \u00bb constitue un guide fid\u00e8le et vous donnera toutes les informations utiles [&hellip;]","og_url":"https:\/\/jungfraualetsch.ch\/fr\/activites\/key-to-the-alps\/","og_site_name":"UNESCO World Heritage Swiss Alps Jungfrau-Aletsch","article_modified_time":"2021-03-31T10:12:03+00:00","twitter_card":"summary_large_image","twitter_misc":{"Dur\u00e9e de lecture estim\u00e9e":"2 minutes"},"schema":{"@context":"https:\/\/schema.org","@graph":[{"@type":"WebPage","@id":"https:\/\/jungfraualetsch.ch\/fr\/activites\/key-to-the-alps\/","url":"https:\/\/jungfraualetsch.ch\/fr\/activites\/key-to-the-alps\/","name":"Key to the Alps - UNESCO World Heritage Swiss Alps Jungfrau-Aletsch","isPartOf":{"@id":"https:\/\/jungfraualetsch.ch\/#website"},"datePublished":"2021-03-23T13:00:37+00:00","dateModified":"2021-03-31T10:12:03+00:00","breadcrumb":{"@id":"https:\/\/jungfraualetsch.ch\/fr\/activites\/key-to-the-alps\/#breadcrumb"},"inLanguage":"fr-FR","potentialAction":[{"@type":"ReadAction","target":["https:\/\/jungfraualetsch.ch\/fr\/activites\/key-to-the-alps\/"]}]},{"@type":"BreadcrumbList","@id":"https:\/\/jungfraualetsch.ch\/fr\/activites\/key-to-the-alps\/#breadcrumb","itemListElement":[{"@type":"ListItem","position":1,"name":"Startseite","item":"https:\/\/jungfraualetsch.ch\/fr\/"},{"@type":"ListItem","position":2,"name":"Activit\u00e9s","item":"https:\/\/jungfraualetsch.ch\/fr\/activites\/"},{"@type":"ListItem","position":3,"name":"Key to the Alps"}]},{"@type":"WebSite","@id":"https:\/\/jungfraualetsch.ch\/#website","url":"https:\/\/jungfraualetsch.ch\/","name":"UNESCO World Heritage Swiss Alps Jungfrau-Aletsch","description":"","potentialAction":[{"@type":"SearchAction","target":{"@type":"EntryPoint","urlTemplate":"https:\/\/jungfraualetsch.ch\/?s={search_term_string}"},"query-input":{"@type":"PropertyValueSpecification","valueRequired":true,"valueName":"search_term_string"}}],"inLanguage":"fr-FR"}]}},"_links":{"self":[{"href":"https:\/\/jungfraualetsch.ch\/fr\/wp-json\/wp\/v2\/pages\/3092","targetHints":{"allow":["GET"]}}],"collection":[{"href":"https:\/\/jungfraualetsch.ch\/fr\/wp-json\/wp\/v2\/pages"}],"about":[{"href":"https:\/\/jungfraualetsch.ch\/fr\/wp-json\/wp\/v2\/types\/page"}],"author":[{"embeddable":true,"href":"https:\/\/jungfraualetsch.ch\/fr\/wp-json\/wp\/v2\/users\/1"}],"replies":[{"embeddable":true,"href":"https:\/\/jungfraualetsch.ch\/fr\/wp-json\/wp\/v2\/comments?post=3092"}],"version-history":[{"count":6,"href":"https:\/\/jungfraualetsch.ch\/fr\/wp-json\/wp\/v2\/pages\/3092\/revisions"}],"predecessor-version":[{"id":5401,"href":"https:\/\/jungfraualetsch.ch\/fr\/wp-json\/wp\/v2\/pages\/3092\/revisions\/5401"}],"up":[{"embeddable":true,"href":"https:\/\/jungfraualetsch.ch\/fr\/wp-json\/wp\/v2\/pages\/4983"}],"wp:attachment":[{"href":"https:\/\/jungfraualetsch.ch\/fr\/wp-json\/wp\/v2\/media?parent=3092"}],"curies":[{"name":"wp","href":"https:\/\/api.w.org\/{rel}","templated":true}]}}