{"id":3079,"date":"2021-03-23T12:47:57","date_gmt":"2021-03-23T12:47:57","guid":{"rendered":"https:\/\/jungfraualetsch.ch\/myswissalps\/"},"modified":"2023-04-03T09:08:07","modified_gmt":"2023-04-03T09:08:07","slug":"ourheritage","status":"publish","type":"page","link":"https:\/\/jungfraualetsch.ch\/fr\/activites\/ourheritage\/","title":{"rendered":"ourheritage"},"content":{"rendered":"<p>[et_pb_section fb_built=\u00a0\u00bb1&Prime; fullwidth=\u00a0\u00bbon\u00a0\u00bb _builder_version=\u00a0\u00bb4.16&Prime; _module_preset=\u00a0\u00bbdefault\u00a0\u00bb background_image=\u00a0\u00bbhttps:\/\/jungfraualetsch.ch\/wp-content\/uploads\/2021\/03\/header_02_welterbe_B_Gipfel-2-scaled.jpg\u00a0\u00bb parallax=\u00a0\u00bbon\u00a0\u00bb bottom_divider_style=\u00a0\u00bbslant2&Prime; bottom_divider_color=\u00a0\u00bb#FFFFFF\u00a0\u00bb bottom_divider_flip=\u00a0\u00bbhorizontal\u00a0\u00bb bottom_divider_height_tablet=\u00a0\u00bb\u00a0\u00bb bottom_divider_height_phone=\u00a0\u00bb\u00a0\u00bb bottom_divider_height_last_edited=\u00a0\u00bbon|desktop\u00a0\u00bb custom_css_main_element=\u00a0\u00bbmin-height: 45vh;\u00a0\u00bb global_colors_info=\u00a0\u00bb{}\u00a0\u00bb][\/et_pb_section][et_pb_section fb_built=\u00a0\u00bb1&Prime; _builder_version=\u00a0\u00bb4.16&Prime; _module_preset=\u00a0\u00bbdefault\u00a0\u00bb background_enable_color=\u00a0\u00bboff\u00a0\u00bb background_enable_image=\u00a0\u00bboff\u00a0\u00bb top_divider_flip=\u00a0\u00bbhorizontal\u00a0\u00bb global_colors_info=\u00a0\u00bb{}\u00a0\u00bb][et_pb_row _builder_version=\u00a0\u00bb4.16&Prime; _module_preset=\u00a0\u00bbdefault\u00a0\u00bb global_colors_info=\u00a0\u00bb{}\u00a0\u00bb][et_pb_column type=\u00a0\u00bb4_4&Prime; _builder_version=\u00a0\u00bb4.16&Prime; _module_preset=\u00a0\u00bbdefault\u00a0\u00bb global_colors_info=\u00a0\u00bb{}\u00a0\u00bb][et_pb_text admin_label=\u00a0\u00bbTitel\u00a0\u00bb _builder_version=\u00a0\u00bb4.18.1&Prime; _module_preset=\u00a0\u00bbdefault\u00a0\u00bb hover_enabled=\u00a0\u00bb0&Prime; global_colors_info=\u00a0\u00bb{}\u00a0\u00bb sticky_enabled=\u00a0\u00bb0&Prime;]<\/p>\n<h1>ourheritage<\/h1>\n<p>[\/et_pb_text][\/et_pb_column][\/et_pb_row][et_pb_row column_structure=\u00a0\u00bb3_4,1_4&Prime; _builder_version=\u00a0\u00bb4.16&Prime; _module_preset=\u00a0\u00bbdefault\u00a0\u00bb global_colors_info=\u00a0\u00bb{}\u00a0\u00bb][et_pb_column type=\u00a0\u00bb3_4&Prime; _builder_version=\u00a0\u00bb4.16&Prime; _module_preset=\u00a0\u00bbdefault\u00a0\u00bb global_colors_info=\u00a0\u00bb{}\u00a0\u00bb][et_pb_text _builder_version=\u00a0\u00bb4.18.1&Prime; _module_preset=\u00a0\u00bbdefault\u00a0\u00bb hover_enabled=\u00a0\u00bb0&Prime; global_colors_info=\u00a0\u00bb{}\u00a0\u00bb sticky_enabled=\u00a0\u00bb0&Prime;]<\/p>\n<p>Les visiteurs peuvent effectuer des d\u00e9couvertes interactives du patrimoine mondial par plusieurs moyens, que ce soit sur le site internet <a href=\"http:\/\/ourheritage.ch\/\">ourheritage.ch<\/a>, via l\u2019application pour smartphone ou encore \u00e0 l\u2019aide des brochures \u00e9dit\u00e9es par le centre de gestion.<\/p>\n<p>Partir bien inform\u00e9: Emportez avec vous le \u00absac \u00e0 dos du patrimoine mondial\u00bb et cr\u00e9ez votre itin\u00e9raire chez vous! Vous trouverez de nombreuses informations sur la r\u00e9gion du patrimoine mondial sur le site internet <a href=\"http:\/\/ourheritage.ch\/\">ourheritage.ch<\/a>. Choisissez le th\u00e8me et le lieu de votre int\u00e9r\u00eat, enregistrez-les dans votre sac \u00e0 dos virtuel, et notre syst\u00e8me intelligent vous conseillera un itin\u00e9raire personnel avec des randonn\u00e9es d\u00e9taill\u00e9es et des informations sur les lieux \u00e0 visiter.<\/p>\n<p>Arriver bien inform\u00e9 sur place: L\u2019exploration interactive continue pendant toute votre excursion! L\u2019application pour smartphone <a href=\"http:\/\/ourheritage.ch\/\">ourheritage.ch<\/a> vous d\u00e9voilera les secrets des localit\u00e9s du patrimoine mondial. Le GPS vous indiquera sur une carte interactive les diff\u00e9rentes attractions, les lieux d\u2019int\u00e9r\u00eats ainsi que les offres dans les environs.<\/p>\n<p>Etre bien inform\u00e9 au centre de visiteurs: Pendant la visite au camp de base et \u00e0 l\u2019exposition du World Nature Forum de Naters, vous pourrez collecter toutes les informations sur les localit\u00e9s et les activit\u00e9s qui vous int\u00e9ressent. Sur <a href=\"http:\/\/ourheritage.ch\/\">ourheritage.ch<\/a>, vous trouverez une liste des randonn\u00e9es et des attractions disponibles.<\/p>\n<p>[\/et_pb_text][\/et_pb_column][et_pb_column type=\u00a0\u00bb1_4&Prime; _builder_version=\u00a0\u00bb4.16&Prime; _module_preset=\u00a0\u00bbdefault\u00a0\u00bb global_colors_info=\u00a0\u00bb{}\u00a0\u00bb][\/et_pb_column][\/et_pb_row][\/et_pb_section]<\/p>\n","protected":false},"excerpt":{"rendered":"<p>ourheritageLes visiteurs peuvent effectuer des d\u00e9couvertes interactives du patrimoine mondial par plusieurs moyens, que ce soit sur le site internet ourheritage.ch, via l\u2019application pour smartphone ou encore \u00e0 l\u2019aide des brochures \u00e9dit\u00e9es par le centre de gestion. Partir bien inform\u00e9: Emportez avec vous le \u00absac \u00e0 dos du patrimoine mondial\u00bb et cr\u00e9ez votre itin\u00e9raire chez [&hellip;]<\/p>\n","protected":false},"author":1,"featured_media":0,"parent":4983,"menu_order":124,"comment_status":"closed","ping_status":"closed","template":"","meta":{"_et_pb_use_builder":"on","_et_pb_old_content":"","_et_gb_content_width":"","footnotes":""},"class_list":["post-3079","page","type-page","status-publish","hentry"],"yoast_head":"<!-- This site is optimized with the Yoast SEO plugin v27.1.1 - https:\/\/yoast.com\/product\/yoast-seo-wordpress\/ -->\n<title>ourheritage - UNESCO World Heritage Swiss Alps Jungfrau-Aletsch<\/title>\n<meta name=\"robots\" content=\"index, follow, max-snippet:-1, max-image-preview:large, max-video-preview:-1\" \/>\n<link rel=\"canonical\" href=\"https:\/\/jungfraualetsch.ch\/fr\/activites\/ourheritage\/\" \/>\n<meta property=\"og:locale\" content=\"fr_FR\" \/>\n<meta property=\"og:type\" content=\"article\" \/>\n<meta property=\"og:title\" content=\"ourheritage - UNESCO World Heritage Swiss Alps Jungfrau-Aletsch\" \/>\n<meta property=\"og:description\" content=\"ourheritageLes visiteurs peuvent effectuer des d\u00e9couvertes interactives du patrimoine mondial par plusieurs moyens, que ce soit sur le site internet ourheritage.ch, via l\u2019application pour smartphone ou encore \u00e0 l\u2019aide des brochures \u00e9dit\u00e9es par le centre de gestion. Partir bien inform\u00e9: Emportez avec vous le \u00absac \u00e0 dos du patrimoine mondial\u00bb et cr\u00e9ez votre itin\u00e9raire chez [&hellip;]\" \/>\n<meta property=\"og:url\" content=\"https:\/\/jungfraualetsch.ch\/fr\/activites\/ourheritage\/\" \/>\n<meta property=\"og:site_name\" content=\"UNESCO World Heritage Swiss Alps Jungfrau-Aletsch\" \/>\n<meta property=\"article:modified_time\" content=\"2023-04-03T09:08:07+00:00\" \/>\n<meta name=\"twitter:card\" content=\"summary_large_image\" \/>\n<meta name=\"twitter:label1\" content=\"Dur\u00e9e de lecture estim\u00e9e\" \/>\n\t<meta name=\"twitter:data1\" content=\"2 minutes\" \/>\n<script type=\"application\/ld+json\" class=\"yoast-schema-graph\">{\"@context\":\"https:\/\/schema.org\",\"@graph\":[{\"@type\":\"WebPage\",\"@id\":\"https:\/\/jungfraualetsch.ch\/fr\/activites\/ourheritage\/\",\"url\":\"https:\/\/jungfraualetsch.ch\/fr\/activites\/ourheritage\/\",\"name\":\"ourheritage - UNESCO World Heritage Swiss Alps Jungfrau-Aletsch\",\"isPartOf\":{\"@id\":\"https:\/\/jungfraualetsch.ch\/#website\"},\"datePublished\":\"2021-03-23T12:47:57+00:00\",\"dateModified\":\"2023-04-03T09:08:07+00:00\",\"breadcrumb\":{\"@id\":\"https:\/\/jungfraualetsch.ch\/fr\/activites\/ourheritage\/#breadcrumb\"},\"inLanguage\":\"fr-FR\",\"potentialAction\":[{\"@type\":\"ReadAction\",\"target\":[\"https:\/\/jungfraualetsch.ch\/fr\/activites\/ourheritage\/\"]}]},{\"@type\":\"BreadcrumbList\",\"@id\":\"https:\/\/jungfraualetsch.ch\/fr\/activites\/ourheritage\/#breadcrumb\",\"itemListElement\":[{\"@type\":\"ListItem\",\"position\":1,\"name\":\"Startseite\",\"item\":\"https:\/\/jungfraualetsch.ch\/fr\/\"},{\"@type\":\"ListItem\",\"position\":2,\"name\":\"Activit\u00e9s\",\"item\":\"https:\/\/jungfraualetsch.ch\/fr\/activites\/\"},{\"@type\":\"ListItem\",\"position\":3,\"name\":\"ourheritage\"}]},{\"@type\":\"WebSite\",\"@id\":\"https:\/\/jungfraualetsch.ch\/#website\",\"url\":\"https:\/\/jungfraualetsch.ch\/\",\"name\":\"UNESCO World Heritage Swiss Alps Jungfrau-Aletsch\",\"description\":\"\",\"potentialAction\":[{\"@type\":\"SearchAction\",\"target\":{\"@type\":\"EntryPoint\",\"urlTemplate\":\"https:\/\/jungfraualetsch.ch\/?s={search_term_string}\"},\"query-input\":{\"@type\":\"PropertyValueSpecification\",\"valueRequired\":true,\"valueName\":\"search_term_string\"}}],\"inLanguage\":\"fr-FR\"}]}<\/script>\n<!-- \/ Yoast SEO plugin. -->","yoast_head_json":{"title":"ourheritage - UNESCO World Heritage Swiss Alps Jungfrau-Aletsch","robots":{"index":"index","follow":"follow","max-snippet":"max-snippet:-1","max-image-preview":"max-image-preview:large","max-video-preview":"max-video-preview:-1"},"canonical":"https:\/\/jungfraualetsch.ch\/fr\/activites\/ourheritage\/","og_locale":"fr_FR","og_type":"article","og_title":"ourheritage - UNESCO World Heritage Swiss Alps Jungfrau-Aletsch","og_description":"ourheritageLes visiteurs peuvent effectuer des d\u00e9couvertes interactives du patrimoine mondial par plusieurs moyens, que ce soit sur le site internet ourheritage.ch, via l\u2019application pour smartphone ou encore \u00e0 l\u2019aide des brochures \u00e9dit\u00e9es par le centre de gestion. Partir bien inform\u00e9: Emportez avec vous le \u00absac \u00e0 dos du patrimoine mondial\u00bb et cr\u00e9ez votre itin\u00e9raire chez [&hellip;]","og_url":"https:\/\/jungfraualetsch.ch\/fr\/activites\/ourheritage\/","og_site_name":"UNESCO World Heritage Swiss Alps Jungfrau-Aletsch","article_modified_time":"2023-04-03T09:08:07+00:00","twitter_card":"summary_large_image","twitter_misc":{"Dur\u00e9e de lecture estim\u00e9e":"2 minutes"},"schema":{"@context":"https:\/\/schema.org","@graph":[{"@type":"WebPage","@id":"https:\/\/jungfraualetsch.ch\/fr\/activites\/ourheritage\/","url":"https:\/\/jungfraualetsch.ch\/fr\/activites\/ourheritage\/","name":"ourheritage - UNESCO World Heritage Swiss Alps Jungfrau-Aletsch","isPartOf":{"@id":"https:\/\/jungfraualetsch.ch\/#website"},"datePublished":"2021-03-23T12:47:57+00:00","dateModified":"2023-04-03T09:08:07+00:00","breadcrumb":{"@id":"https:\/\/jungfraualetsch.ch\/fr\/activites\/ourheritage\/#breadcrumb"},"inLanguage":"fr-FR","potentialAction":[{"@type":"ReadAction","target":["https:\/\/jungfraualetsch.ch\/fr\/activites\/ourheritage\/"]}]},{"@type":"BreadcrumbList","@id":"https:\/\/jungfraualetsch.ch\/fr\/activites\/ourheritage\/#breadcrumb","itemListElement":[{"@type":"ListItem","position":1,"name":"Startseite","item":"https:\/\/jungfraualetsch.ch\/fr\/"},{"@type":"ListItem","position":2,"name":"Activit\u00e9s","item":"https:\/\/jungfraualetsch.ch\/fr\/activites\/"},{"@type":"ListItem","position":3,"name":"ourheritage"}]},{"@type":"WebSite","@id":"https:\/\/jungfraualetsch.ch\/#website","url":"https:\/\/jungfraualetsch.ch\/","name":"UNESCO World Heritage Swiss Alps Jungfrau-Aletsch","description":"","potentialAction":[{"@type":"SearchAction","target":{"@type":"EntryPoint","urlTemplate":"https:\/\/jungfraualetsch.ch\/?s={search_term_string}"},"query-input":{"@type":"PropertyValueSpecification","valueRequired":true,"valueName":"search_term_string"}}],"inLanguage":"fr-FR"}]}},"_links":{"self":[{"href":"https:\/\/jungfraualetsch.ch\/fr\/wp-json\/wp\/v2\/pages\/3079","targetHints":{"allow":["GET"]}}],"collection":[{"href":"https:\/\/jungfraualetsch.ch\/fr\/wp-json\/wp\/v2\/pages"}],"about":[{"href":"https:\/\/jungfraualetsch.ch\/fr\/wp-json\/wp\/v2\/types\/page"}],"author":[{"embeddable":true,"href":"https:\/\/jungfraualetsch.ch\/fr\/wp-json\/wp\/v2\/users\/1"}],"replies":[{"embeddable":true,"href":"https:\/\/jungfraualetsch.ch\/fr\/wp-json\/wp\/v2\/comments?post=3079"}],"version-history":[{"count":4,"href":"https:\/\/jungfraualetsch.ch\/fr\/wp-json\/wp\/v2\/pages\/3079\/revisions"}],"predecessor-version":[{"id":9823,"href":"https:\/\/jungfraualetsch.ch\/fr\/wp-json\/wp\/v2\/pages\/3079\/revisions\/9823"}],"up":[{"embeddable":true,"href":"https:\/\/jungfraualetsch.ch\/fr\/wp-json\/wp\/v2\/pages\/4983"}],"wp:attachment":[{"href":"https:\/\/jungfraualetsch.ch\/fr\/wp-json\/wp\/v2\/media?parent=3079"}],"curies":[{"name":"wp","href":"https:\/\/api.w.org\/{rel}","templated":true}]}}