{"id":3008,"date":"2021-03-23T11:09:09","date_gmt":"2021-03-23T11:09:09","guid":{"rendered":"https:\/\/jungfraualetsch.ch\/patrimoine-mondial\/stimmen-zum-welterbe\/"},"modified":"2021-03-25T09:38:48","modified_gmt":"2021-03-25T09:38:48","slug":"les-voix-du-patrimoine-mondial","status":"publish","type":"page","link":"https:\/\/jungfraualetsch.ch\/fr\/patrimoine-mondial\/les-voix-du-patrimoine-mondial\/","title":{"rendered":"Les voix du patrimoine mondial"},"content":{"rendered":"<p>[et_pb_section fb_built=\u00a0\u00bb1&Prime; fullwidth=\u00a0\u00bbon\u00a0\u00bb _builder_version=\u00a0\u00bb4.9.1&Prime; _module_preset=\u00a0\u00bbdefault\u00a0\u00bb background_image=\u00a0\u00bbhttps:\/\/jungfraualetsch.ch\/wp-content\/uploads\/2021\/03\/header_01_welterbe_pat_A34A4209-scaled.jpg\u00a0\u00bb parallax=\u00a0\u00bbon\u00a0\u00bb bottom_divider_style=\u00a0\u00bbslant2&Prime; bottom_divider_color=\u00a0\u00bb#FFFFFF\u00a0\u00bb bottom_divider_flip=\u00a0\u00bbhorizontal\u00a0\u00bb bottom_divider_height_tablet=\u00a0\u00bb\u00a0\u00bb bottom_divider_height_phone=\u00a0\u00bb\u00a0\u00bb bottom_divider_height_last_edited=\u00a0\u00bbon|desktop\u00a0\u00bb custom_css_main_element=\u00a0\u00bbmin-height: 45vh;\u00a0\u00bb][\/et_pb_section][et_pb_section fb_built=\u00a0\u00bb1&Prime; _builder_version=\u00a0\u00bb4.9.1&Prime; _module_preset=\u00a0\u00bbdefault\u00a0\u00bb background_enable_color=\u00a0\u00bboff\u00a0\u00bb background_enable_image=\u00a0\u00bboff\u00a0\u00bb top_divider_flip=\u00a0\u00bbhorizontal\u00a0\u00bb][et_pb_row _builder_version=\u00a0\u00bb4.9.1&Prime; _module_preset=\u00a0\u00bbdefault\u00a0\u00bb][et_pb_column type=\u00a0\u00bb4_4&Prime; _builder_version=\u00a0\u00bb4.9.1&Prime; _module_preset=\u00a0\u00bbdefault\u00a0\u00bb][et_pb_text admin_label=\u00a0\u00bbTitel\u00a0\u00bb _builder_version=\u00a0\u00bb4.9.2&Prime; _module_preset=\u00a0\u00bbdefault\u00a0\u00bb hover_enabled=\u00a0\u00bb0&Prime; sticky_enabled=\u00a0\u00bb0&Prime;]<\/p>\n<h1>Les voix du patrimoine mondial<\/h1>\n<p>[\/et_pb_text][\/et_pb_column][\/et_pb_row][et_pb_row column_structure=\u00a0\u00bb3_4,1_4&Prime; _builder_version=\u00a0\u00bb4.9.1&Prime; _module_preset=\u00a0\u00bbdefault\u00a0\u00bb collapsed=\u00a0\u00bboff\u00a0\u00bb][et_pb_column type=\u00a0\u00bb3_4&Prime; _builder_version=\u00a0\u00bb4.9.1&Prime; _module_preset=\u00a0\u00bbdefault\u00a0\u00bb][et_pb_text _builder_version=\u00a0\u00bb4.9.2&Prime; _module_preset=\u00a0\u00bbdefault\u00a0\u00bb hover_enabled=\u00a0\u00bb0&Prime; sticky_enabled=\u00a0\u00bb0&Prime;]<\/p>\n<p>A travers de brefs t\u00e9moignages, plusieurs personnes racontent leurs exp\u00e9riences dans la r\u00e9gion du patrimoine mondial, ce que le site du patrimoine de l\u2019UNESCO repr\u00e9sente pour eux et de quelle mani\u00e8re ils s\u2019engagent pour la r\u00e9gion. Ces documentaires vid\u00e9o sont le produit de l\u2019\u00e9tude \u00abOutcome-Monitoring\u00bb, laquelle examine l\u2019impact du patrimoine mondial sur la population locale, les perceptions, et en particulier les changements d\u2019attitude, de prise d\u2019initiative et d\u2019identification vis-\u00e0-vis du site.<\/p>\n<p>[\/et_pb_text][\/et_pb_column][et_pb_column type=\u00a0\u00bb1_4&Prime; _builder_version=\u00a0\u00bb4.9.1&Prime; _module_preset=\u00a0\u00bbdefault\u00a0\u00bb][\/et_pb_column][\/et_pb_row][et_pb_row column_structure=\u00a0\u00bb1_4,1_4,1_4,1_4&Prime; module_class=\u00a0\u00bbwrap\u00a0\u00bb _builder_version=\u00a0\u00bb4.9.1&Prime; _module_preset=\u00a0\u00bbdefault\u00a0\u00bb collapsed=\u00a0\u00bboff\u00a0\u00bb][et_pb_column type=\u00a0\u00bb1_4&Prime; _builder_version=\u00a0\u00bb4.9.1&Prime; _module_preset=\u00a0\u00bbdefault\u00a0\u00bb][et_pb_image src=\u00a0\u00bbhttps:\/\/jungfraualetsch.ch\/wp-content\/uploads\/2021\/03\/stimmen_Monitoring_Orlando_Schmid.jpg\u00a0\u00bb title_text=\u00a0\u00bbstimmen_Monitoring_Orlando_Schmid\u00a0\u00bb _builder_version=\u00a0\u00bb4.9.1&Prime; _module_preset=\u00a0\u00bbdefault\u00a0\u00bb][\/et_pb_image][et_pb_button button_url=\u00a0\u00bbhttps:\/\/www.youtube.com\/watch?v=Q02qnp3oj5w\u00a0\u00bb button_text=\u00a0\u00bbOrlando Schmid, Bio-Landwirt\u00a0\u00bb admin_label=\u00a0\u00bbOrlando Schmid, Bio-Landwirt\u00a0\u00bb _builder_version=\u00a0\u00bb4.9.1&Prime; _module_preset=\u00a0\u00bbdefault\u00a0\u00bb][\/et_pb_button][\/et_pb_column][et_pb_column type=\u00a0\u00bb1_4&Prime; _builder_version=\u00a0\u00bb4.9.1&Prime; _module_preset=\u00a0\u00bbdefault\u00a0\u00bb][et_pb_image src=\u00a0\u00bbhttps:\/\/jungfraualetsch.ch\/wp-content\/uploads\/2021\/03\/stimmen_Monitoring_Doris_Schmied.jpg\u00a0\u00bb title_text=\u00a0\u00bbstimmen_Monitoring_Doris_Schmied\u00a0\u00bb _builder_version=\u00a0\u00bb4.9.1&Prime; _module_preset=\u00a0\u00bbdefault\u00a0\u00bb][\/et_pb_image][et_pb_button button_url=\u00a0\u00bbhttps:\/\/www.youtube.com\/watch?v=v0ruN_bzOqU\u00a0\u00bb button_text=\u00a0\u00bbDoris Schmied, Wanderleiterin\u00a0\u00bb admin_label=\u00a0\u00bbDoris Schmied, Wanderleiterin\u00a0\u00bb _builder_version=\u00a0\u00bb4.9.1&Prime; _module_preset=\u00a0\u00bbdefault\u00a0\u00bb][\/et_pb_button][\/et_pb_column][et_pb_column type=\u00a0\u00bb1_4&Prime; _builder_version=\u00a0\u00bb4.9.1&Prime; _module_preset=\u00a0\u00bbdefault\u00a0\u00bb][et_pb_image src=\u00a0\u00bbhttps:\/\/jungfraualetsch.ch\/wp-content\/uploads\/2021\/03\/stimmen_Monitoring_Remo_Wenger.jpg\u00a0\u00bb title_text=\u00a0\u00bbstimmen_Monitoring_Remo_Wenger\u00a0\u00bb _builder_version=\u00a0\u00bb4.9.1&Prime; _module_preset=\u00a0\u00bbdefault\u00a0\u00bb][\/et_pb_image][et_pb_button button_url=\u00a0\u00bbhttps:\/\/www.youtube.com\/watch?v=GY9NxbGSBwE\u00a0\u00bb button_text=\u00a0\u00bbRemo Wenger, Biologe\u00a0\u00bb admin_label=\u00a0\u00bbRemo Wenger, Biologe\u00a0\u00bb _builder_version=\u00a0\u00bb4.9.1&Prime; _module_preset=\u00a0\u00bbdefault\u00a0\u00bb][\/et_pb_button][\/et_pb_column][et_pb_column type=\u00a0\u00bb1_4&Prime; _builder_version=\u00a0\u00bb4.9.1&Prime; _module_preset=\u00a0\u00bbdefault\u00a0\u00bb][et_pb_image src=\u00a0\u00bbhttps:\/\/jungfraualetsch.ch\/wp-content\/uploads\/2021\/03\/stimmen_Monitoring_Cornelia_Emanuela.jpg\u00a0\u00bb title_text=\u00a0\u00bbstimmen_Monitoring_Cornelia_Emanuela\u00a0\u00bb _builder_version=\u00a0\u00bb4.9.1&Prime; _module_preset=\u00a0\u00bbdefault\u00a0\u00bb][\/et_pb_image][et_pb_button button_url=\u00a0\u00bbhttps:\/\/www.youtube.com\/watch?v=dwPFEEnwW5U\u00a0\u00bb button_text=\u00a0\u00bbEmanuela Zambon und Cornelia Stahl, Textil-Design\u00a0\u00bb admin_label=\u00a0\u00bbEmanuela Zambon und Cornelia Stahl, Textil-Design\u00a0\u00bb _builder_version=\u00a0\u00bb4.9.1&Prime; _module_preset=\u00a0\u00bbdefault\u00a0\u00bb][\/et_pb_button][\/et_pb_column][\/et_pb_row][et_pb_row column_structure=\u00a0\u00bb1_4,1_4,1_4,1_4&Prime; module_class=\u00a0\u00bbwrap\u00a0\u00bb _builder_version=\u00a0\u00bb4.9.1&Prime; _module_preset=\u00a0\u00bbdefault\u00a0\u00bb collapsed=\u00a0\u00bboff\u00a0\u00bb][et_pb_column type=\u00a0\u00bb1_4&Prime; _builder_version=\u00a0\u00bb4.9.1&Prime; _module_preset=\u00a0\u00bbdefault\u00a0\u00bb][et_pb_image src=\u00a0\u00bbhttps:\/\/jungfraualetsch.ch\/wp-content\/uploads\/2021\/03\/stimmen_Monitoring_Kilian_Summermatter.jpg\u00a0\u00bb title_text=\u00a0\u00bbstimmen_Monitoring_Kilian_Summermatter\u00a0\u00bb _builder_version=\u00a0\u00bb4.9.1&Prime; _module_preset=\u00a0\u00bbdefault\u00a0\u00bb][\/et_pb_image][et_pb_button button_url=\u00a0\u00bbhttps:\/\/www.youtube.com\/watch?v=N67tqPTHk7A\u00a0\u00bb button_text=\u00a0\u00bbKilian Summermatter, Lehrer\u00a0\u00bb admin_label=\u00a0\u00bbKilian Summermatter, Lehrer\u00a0\u00bb _builder_version=\u00a0\u00bb4.9.1&Prime; _module_preset=\u00a0\u00bbdefault\u00a0\u00bb][\/et_pb_button][\/et_pb_column][et_pb_column type=\u00a0\u00bb1_4&Prime; _builder_version=\u00a0\u00bb4.9.1&Prime; _module_preset=\u00a0\u00bbdefault\u00a0\u00bb][et_pb_image src=\u00a0\u00bbhttps:\/\/jungfraualetsch.ch\/wp-content\/uploads\/2021\/03\/stimmen_Monitoring_Samuel_Hirsig.jpg\u00a0\u00bb title_text=\u00a0\u00bbstimmen_Monitoring_Samuel_Hirsig\u00a0\u00bb _builder_version=\u00a0\u00bb4.9.1&Prime; _module_preset=\u00a0\u00bbdefault\u00a0\u00bb][\/et_pb_image][et_pb_button button_url=\u00a0\u00bbhttps:\/\/www.youtube.com\/watch?v=7GqUTK4xmv0&Prime; button_text=\u00a0\u00bbSamuel Hirsig, Touristiker\u00a0\u00bb admin_label=\u00a0\u00bbSamuel Hirsig, Touristiker\u00a0\u00bb _builder_version=\u00a0\u00bb4.9.1&Prime; _module_preset=\u00a0\u00bbdefault\u00a0\u00bb][\/et_pb_button][\/et_pb_column][et_pb_column type=\u00a0\u00bb1_4&Prime; _builder_version=\u00a0\u00bb4.9.1&Prime; _module_preset=\u00a0\u00bbdefault\u00a0\u00bb][\/et_pb_column][et_pb_column type=\u00a0\u00bb1_4&Prime; _builder_version=\u00a0\u00bb4.9.1&Prime; _module_preset=\u00a0\u00bbdefault\u00a0\u00bb][\/et_pb_column][\/et_pb_row][et_pb_row column_structure=\u00a0\u00bb3_4,1_4&Prime; _builder_version=\u00a0\u00bb4.9.1&Prime; _module_preset=\u00a0\u00bbdefault\u00a0\u00bb collapsed=\u00a0\u00bboff\u00a0\u00bb][et_pb_column type=\u00a0\u00bb3_4&Prime; _builder_version=\u00a0\u00bb4.9.1&Prime; _module_preset=\u00a0\u00bbdefault\u00a0\u00bb][et_pb_text _builder_version=\u00a0\u00bb4.9.2&Prime; _module_preset=\u00a0\u00bbdefault\u00a0\u00bb hover_enabled=\u00a0\u00bb0&Prime; sticky_enabled=\u00a0\u00bb0&Prime;][\/et_pb_text][\/et_pb_column][et_pb_column type=\u00a0\u00bb1_4&Prime; _builder_version=\u00a0\u00bb4.9.1&Prime; _module_preset=\u00a0\u00bbdefault\u00a0\u00bb][\/et_pb_column][\/et_pb_row][\/et_pb_section]<\/p>\n","protected":false},"excerpt":{"rendered":"<p>Les voix du patrimoine mondialA travers de brefs t\u00e9moignages, plusieurs personnes racontent leurs exp\u00e9riences dans la r\u00e9gion du patrimoine mondial, ce que le site du patrimoine de l\u2019UNESCO repr\u00e9sente pour eux et de quelle mani\u00e8re ils s\u2019engagent pour la r\u00e9gion. Ces documentaires vid\u00e9o sont le produit de l\u2019\u00e9tude \u00abOutcome-Monitoring\u00bb, laquelle examine l\u2019impact du patrimoine mondial [&hellip;]<\/p>\n","protected":false},"author":1,"featured_media":0,"parent":703,"menu_order":147,"comment_status":"closed","ping_status":"closed","template":"","meta":{"_et_pb_use_builder":"on","_et_pb_old_content":"","_et_gb_content_width":"","footnotes":""},"class_list":["post-3008","page","type-page","status-publish","hentry"],"yoast_head":"<!-- This site is optimized with the Yoast SEO plugin v27.1.1 - https:\/\/yoast.com\/product\/yoast-seo-wordpress\/ -->\n<title>Les voix du patrimoine mondial - UNESCO World Heritage Swiss Alps Jungfrau-Aletsch<\/title>\n<meta name=\"robots\" content=\"index, follow, max-snippet:-1, max-image-preview:large, max-video-preview:-1\" \/>\n<link rel=\"canonical\" href=\"https:\/\/jungfraualetsch.ch\/fr\/patrimoine-mondial\/les-voix-du-patrimoine-mondial\/\" \/>\n<meta property=\"og:locale\" content=\"fr_FR\" \/>\n<meta property=\"og:type\" content=\"article\" \/>\n<meta property=\"og:title\" content=\"Les voix du patrimoine mondial - UNESCO World Heritage Swiss Alps Jungfrau-Aletsch\" \/>\n<meta property=\"og:description\" content=\"Les voix du patrimoine mondialA travers de brefs t\u00e9moignages, plusieurs personnes racontent leurs exp\u00e9riences dans la r\u00e9gion du patrimoine mondial, ce que le site du patrimoine de l\u2019UNESCO repr\u00e9sente pour eux et de quelle mani\u00e8re ils s\u2019engagent pour la r\u00e9gion. Ces documentaires vid\u00e9o sont le produit de l\u2019\u00e9tude \u00abOutcome-Monitoring\u00bb, laquelle examine l\u2019impact du patrimoine mondial [&hellip;]\" \/>\n<meta property=\"og:url\" content=\"https:\/\/jungfraualetsch.ch\/fr\/patrimoine-mondial\/les-voix-du-patrimoine-mondial\/\" \/>\n<meta property=\"og:site_name\" content=\"UNESCO World Heritage Swiss Alps Jungfrau-Aletsch\" \/>\n<meta property=\"article:modified_time\" content=\"2021-03-25T09:38:48+00:00\" \/>\n<meta name=\"twitter:card\" content=\"summary_large_image\" \/>\n<meta name=\"twitter:label1\" content=\"Dur\u00e9e de lecture estim\u00e9e\" \/>\n\t<meta name=\"twitter:data1\" content=\"4 minutes\" \/>\n<script type=\"application\/ld+json\" class=\"yoast-schema-graph\">{\"@context\":\"https:\/\/schema.org\",\"@graph\":[{\"@type\":\"WebPage\",\"@id\":\"https:\/\/jungfraualetsch.ch\/fr\/patrimoine-mondial\/les-voix-du-patrimoine-mondial\/\",\"url\":\"https:\/\/jungfraualetsch.ch\/fr\/patrimoine-mondial\/les-voix-du-patrimoine-mondial\/\",\"name\":\"Les voix du patrimoine mondial - UNESCO World Heritage Swiss Alps Jungfrau-Aletsch\",\"isPartOf\":{\"@id\":\"https:\/\/jungfraualetsch.ch\/#website\"},\"datePublished\":\"2021-03-23T11:09:09+00:00\",\"dateModified\":\"2021-03-25T09:38:48+00:00\",\"breadcrumb\":{\"@id\":\"https:\/\/jungfraualetsch.ch\/fr\/patrimoine-mondial\/les-voix-du-patrimoine-mondial\/#breadcrumb\"},\"inLanguage\":\"fr-FR\",\"potentialAction\":[{\"@type\":\"ReadAction\",\"target\":[\"https:\/\/jungfraualetsch.ch\/fr\/patrimoine-mondial\/les-voix-du-patrimoine-mondial\/\"]}]},{\"@type\":\"BreadcrumbList\",\"@id\":\"https:\/\/jungfraualetsch.ch\/fr\/patrimoine-mondial\/les-voix-du-patrimoine-mondial\/#breadcrumb\",\"itemListElement\":[{\"@type\":\"ListItem\",\"position\":1,\"name\":\"Startseite\",\"item\":\"https:\/\/jungfraualetsch.ch\/fr\/\"},{\"@type\":\"ListItem\",\"position\":2,\"name\":\"Patrimoine Mondial\",\"item\":\"https:\/\/jungfraualetsch.ch\/fr\/patrimoine-mondial\/\"},{\"@type\":\"ListItem\",\"position\":3,\"name\":\"Les voix du patrimoine mondial\"}]},{\"@type\":\"WebSite\",\"@id\":\"https:\/\/jungfraualetsch.ch\/#website\",\"url\":\"https:\/\/jungfraualetsch.ch\/\",\"name\":\"UNESCO World Heritage Swiss Alps Jungfrau-Aletsch\",\"description\":\"\",\"potentialAction\":[{\"@type\":\"SearchAction\",\"target\":{\"@type\":\"EntryPoint\",\"urlTemplate\":\"https:\/\/jungfraualetsch.ch\/?s={search_term_string}\"},\"query-input\":{\"@type\":\"PropertyValueSpecification\",\"valueRequired\":true,\"valueName\":\"search_term_string\"}}],\"inLanguage\":\"fr-FR\"}]}<\/script>\n<!-- \/ Yoast SEO plugin. -->","yoast_head_json":{"title":"Les voix du patrimoine mondial - UNESCO World Heritage Swiss Alps Jungfrau-Aletsch","robots":{"index":"index","follow":"follow","max-snippet":"max-snippet:-1","max-image-preview":"max-image-preview:large","max-video-preview":"max-video-preview:-1"},"canonical":"https:\/\/jungfraualetsch.ch\/fr\/patrimoine-mondial\/les-voix-du-patrimoine-mondial\/","og_locale":"fr_FR","og_type":"article","og_title":"Les voix du patrimoine mondial - UNESCO World Heritage Swiss Alps Jungfrau-Aletsch","og_description":"Les voix du patrimoine mondialA travers de brefs t\u00e9moignages, plusieurs personnes racontent leurs exp\u00e9riences dans la r\u00e9gion du patrimoine mondial, ce que le site du patrimoine de l\u2019UNESCO repr\u00e9sente pour eux et de quelle mani\u00e8re ils s\u2019engagent pour la r\u00e9gion. Ces documentaires vid\u00e9o sont le produit de l\u2019\u00e9tude \u00abOutcome-Monitoring\u00bb, laquelle examine l\u2019impact du patrimoine mondial [&hellip;]","og_url":"https:\/\/jungfraualetsch.ch\/fr\/patrimoine-mondial\/les-voix-du-patrimoine-mondial\/","og_site_name":"UNESCO World Heritage Swiss Alps Jungfrau-Aletsch","article_modified_time":"2021-03-25T09:38:48+00:00","twitter_card":"summary_large_image","twitter_misc":{"Dur\u00e9e de lecture estim\u00e9e":"4 minutes"},"schema":{"@context":"https:\/\/schema.org","@graph":[{"@type":"WebPage","@id":"https:\/\/jungfraualetsch.ch\/fr\/patrimoine-mondial\/les-voix-du-patrimoine-mondial\/","url":"https:\/\/jungfraualetsch.ch\/fr\/patrimoine-mondial\/les-voix-du-patrimoine-mondial\/","name":"Les voix du patrimoine mondial - UNESCO World Heritage Swiss Alps Jungfrau-Aletsch","isPartOf":{"@id":"https:\/\/jungfraualetsch.ch\/#website"},"datePublished":"2021-03-23T11:09:09+00:00","dateModified":"2021-03-25T09:38:48+00:00","breadcrumb":{"@id":"https:\/\/jungfraualetsch.ch\/fr\/patrimoine-mondial\/les-voix-du-patrimoine-mondial\/#breadcrumb"},"inLanguage":"fr-FR","potentialAction":[{"@type":"ReadAction","target":["https:\/\/jungfraualetsch.ch\/fr\/patrimoine-mondial\/les-voix-du-patrimoine-mondial\/"]}]},{"@type":"BreadcrumbList","@id":"https:\/\/jungfraualetsch.ch\/fr\/patrimoine-mondial\/les-voix-du-patrimoine-mondial\/#breadcrumb","itemListElement":[{"@type":"ListItem","position":1,"name":"Startseite","item":"https:\/\/jungfraualetsch.ch\/fr\/"},{"@type":"ListItem","position":2,"name":"Patrimoine Mondial","item":"https:\/\/jungfraualetsch.ch\/fr\/patrimoine-mondial\/"},{"@type":"ListItem","position":3,"name":"Les voix du patrimoine mondial"}]},{"@type":"WebSite","@id":"https:\/\/jungfraualetsch.ch\/#website","url":"https:\/\/jungfraualetsch.ch\/","name":"UNESCO World Heritage Swiss Alps Jungfrau-Aletsch","description":"","potentialAction":[{"@type":"SearchAction","target":{"@type":"EntryPoint","urlTemplate":"https:\/\/jungfraualetsch.ch\/?s={search_term_string}"},"query-input":{"@type":"PropertyValueSpecification","valueRequired":true,"valueName":"search_term_string"}}],"inLanguage":"fr-FR"}]}},"_links":{"self":[{"href":"https:\/\/jungfraualetsch.ch\/fr\/wp-json\/wp\/v2\/pages\/3008","targetHints":{"allow":["GET"]}}],"collection":[{"href":"https:\/\/jungfraualetsch.ch\/fr\/wp-json\/wp\/v2\/pages"}],"about":[{"href":"https:\/\/jungfraualetsch.ch\/fr\/wp-json\/wp\/v2\/types\/page"}],"author":[{"embeddable":true,"href":"https:\/\/jungfraualetsch.ch\/fr\/wp-json\/wp\/v2\/users\/1"}],"replies":[{"embeddable":true,"href":"https:\/\/jungfraualetsch.ch\/fr\/wp-json\/wp\/v2\/comments?post=3008"}],"version-history":[{"count":3,"href":"https:\/\/jungfraualetsch.ch\/fr\/wp-json\/wp\/v2\/pages\/3008\/revisions"}],"predecessor-version":[{"id":3018,"href":"https:\/\/jungfraualetsch.ch\/fr\/wp-json\/wp\/v2\/pages\/3008\/revisions\/3018"}],"up":[{"embeddable":true,"href":"https:\/\/jungfraualetsch.ch\/fr\/wp-json\/wp\/v2\/pages\/703"}],"wp:attachment":[{"href":"https:\/\/jungfraualetsch.ch\/fr\/wp-json\/wp\/v2\/media?parent=3008"}],"curies":[{"name":"wp","href":"https:\/\/api.w.org\/{rel}","templated":true}]}}