{"id":2989,"date":"2021-03-23T11:05:21","date_gmt":"2021-03-23T11:05:21","guid":{"rendered":"https:\/\/jungfraualetsch.ch\/patrimoine-mondial\/unesco-welterbe-konvention\/"},"modified":"2021-03-31T13:12:47","modified_gmt":"2021-03-31T13:12:47","slug":"convention-du-patrimoine-mondial","status":"publish","type":"page","link":"https:\/\/jungfraualetsch.ch\/fr\/patrimoine-mondial\/convention-du-patrimoine-mondial\/","title":{"rendered":"Convention du Patrimoine Mondial"},"content":{"rendered":"<p>[et_pb_section fb_built=\u00a0\u00bb1&Prime; fullwidth=\u00a0\u00bbon\u00a0\u00bb _builder_version=\u00a0\u00bb4.9.1&Prime; _module_preset=\u00a0\u00bbdefault\u00a0\u00bb background_image=\u00a0\u00bbhttps:\/\/jungfraualetsch.ch\/wp-content\/uploads\/2021\/03\/header_01_welterbe_pat_A34A4209-scaled.jpg\u00a0\u00bb parallax=\u00a0\u00bbon\u00a0\u00bb bottom_divider_style=\u00a0\u00bbslant2&Prime; bottom_divider_color=\u00a0\u00bb#FFFFFF\u00a0\u00bb bottom_divider_flip=\u00a0\u00bbhorizontal\u00a0\u00bb bottom_divider_height_tablet=\u00a0\u00bb\u00a0\u00bb bottom_divider_height_phone=\u00a0\u00bb\u00a0\u00bb bottom_divider_height_last_edited=\u00a0\u00bbon|desktop\u00a0\u00bb custom_css_main_element=\u00a0\u00bbmin-height: 45vh;\u00a0\u00bb][\/et_pb_section][et_pb_section fb_built=\u00a0\u00bb1&Prime; _builder_version=\u00a0\u00bb4.9.1&Prime; _module_preset=\u00a0\u00bbdefault\u00a0\u00bb background_enable_color=\u00a0\u00bboff\u00a0\u00bb background_enable_image=\u00a0\u00bboff\u00a0\u00bb top_divider_flip=\u00a0\u00bbhorizontal\u00a0\u00bb][et_pb_row _builder_version=\u00a0\u00bb4.9.1&Prime; _module_preset=\u00a0\u00bbdefault\u00a0\u00bb][et_pb_column type=\u00a0\u00bb4_4&Prime; _builder_version=\u00a0\u00bb4.9.1&Prime; _module_preset=\u00a0\u00bbdefault\u00a0\u00bb][et_pb_text admin_label=\u00a0\u00bbTitel\u00a0\u00bb _builder_version=\u00a0\u00bb4.9.2&Prime; _module_preset=\u00a0\u00bbdefault\u00a0\u00bb]<\/p>\n<h1>Convention du Patrimoine Mondial<\/h1>\n<p>[\/et_pb_text][\/et_pb_column][\/et_pb_row][et_pb_row column_structure=\u00a0\u00bb3_4,1_4&Prime; _builder_version=\u00a0\u00bb4.9.1&Prime; _module_preset=\u00a0\u00bbdefault\u00a0\u00bb][et_pb_column type=\u00a0\u00bb3_4&Prime; _builder_version=\u00a0\u00bb4.9.1&Prime; _module_preset=\u00a0\u00bbdefault\u00a0\u00bb][et_pb_text _builder_version=\u00a0\u00bb4.9.2&Prime; _module_preset=\u00a0\u00bbdefault\u00a0\u00bb hover_enabled=\u00a0\u00bb0&Prime; sticky_enabled=\u00a0\u00bb0&Prime;]<\/p>\n<p>Le 16 novembre 1972, l\u2019UNESCO a adopt\u00e9 la \u00abConvention concernant la protection du patrimoine mondial, culturel et naturel\u00bb. Il s\u2019agit de la convention universelle la plus importante pour la sauvegarde du patrimoine culturel et naturel, et peut-\u00eatre la plus cruciale jamais prise par la communaut\u00e9 internationale.<\/p>\n<p>Le principe directeur de la Convention du patrimoine mondial est la \u00abprise en compte du fait que certaines parties du patrimoine culturel ou naturel rev\u00eatent une importance exceptionnelle et doivent donc \u00eatre pr\u00e9serv\u00e9es en tant que patrimoine mondial de l\u2019humanit\u00e9 tout enti\u00e8re\u00bb (extrait du pr\u00e9ambule de la Convention du patrimoine mondial). En signant la Convention, les \u00c9tats s\u2019engagent \u00e0 prot\u00e9ger, promouvoir et pr\u00e9server les sites du patrimoine mondial \u00e0 l\u2019int\u00e9rieur de leurs fronti\u00e8res pour les g\u00e9n\u00e9rations futures.<\/p>\n<p>Le Comit\u00e9 intergouvernemental pour la protection du Patrimoine Mondial, Culturel et Naturel d\u00e9cide chaque ann\u00e9e quels sont les sites \u00e0 inscrire dans la liste du Patrimoine Mondial.<\/p>\n<p>Les crit\u00e8res \u00e9nonc\u00e9s dans la Convention du patrimoine mondial comprennent le \u00abcaract\u00e8re unique\u00bb et l&rsquo; \u00abauthenticit\u00e9\u00bb (historique) d\u2019un monument culturel ou d\u2019un site. Outre l\u2019\u00e9tat de conservation actuel, un plan de conservation et de gestion convaincant doit \u00e9galement \u00eatre soumis.<\/p>\n<p>Plus de 1030 sites du patrimoine culturel et naturel dans 163 pays de toutes les r\u00e9gions du monde sont inscrits sur la <a href=\"https:\/\/www.unesco.de\/kultur-und-natur\/welterbe\/welterbe-weltweit\/welterbeliste\" target=\"_blank\" rel=\"noopener\">Liste du patrimoine mondial de l\u2019UNESCO<\/a>. L\u2019Assembl\u00e9e g\u00e9n\u00e9rale de la Convention du patrimoine mondial a approuv\u00e9 la r\u00e9solution \u00bb Patrimoine mondial et d\u00e9veloppement durable \u00bb en novembre 2015. Avec cette r\u00e9solution les Etats Membres sont invit\u00e9s \u00e0 promouvoir le d\u00e9veloppement durable dans la r\u00e9gion du Patrimoine Mondial et \u00e0 engager \u00e9galement les populations locales.<\/p>\n<p>[\/et_pb_text][\/et_pb_column][et_pb_column type=\u00a0\u00bb1_4&Prime; _builder_version=\u00a0\u00bb4.9.1&Prime; _module_preset=\u00a0\u00bbdefault\u00a0\u00bb][\/et_pb_column][\/et_pb_row][\/et_pb_section]<\/p>\n","protected":false},"excerpt":{"rendered":"<p>Convention du Patrimoine MondialLe 16 novembre 1972, l\u2019UNESCO a adopt\u00e9 la \u00abConvention concernant la protection du patrimoine mondial, culturel et naturel\u00bb. Il s\u2019agit de la convention universelle la plus importante pour la sauvegarde du patrimoine culturel et naturel, et peut-\u00eatre la plus cruciale jamais prise par la communaut\u00e9 internationale. Le principe directeur de la Convention [&hellip;]<\/p>\n","protected":false},"author":1,"featured_media":0,"parent":703,"menu_order":151,"comment_status":"closed","ping_status":"closed","template":"","meta":{"_et_pb_use_builder":"on","_et_pb_old_content":"","_et_gb_content_width":"","footnotes":""},"class_list":["post-2989","page","type-page","status-publish","hentry"],"yoast_head":"<!-- This site is optimized with the Yoast SEO plugin v27.1.1 - https:\/\/yoast.com\/product\/yoast-seo-wordpress\/ -->\n<title>Convention du Patrimoine Mondial - UNESCO World Heritage Swiss Alps Jungfrau-Aletsch<\/title>\n<meta name=\"robots\" content=\"index, follow, max-snippet:-1, max-image-preview:large, max-video-preview:-1\" \/>\n<link rel=\"canonical\" href=\"https:\/\/jungfraualetsch.ch\/fr\/patrimoine-mondial\/convention-du-patrimoine-mondial\/\" \/>\n<meta property=\"og:locale\" content=\"fr_FR\" \/>\n<meta property=\"og:type\" content=\"article\" \/>\n<meta property=\"og:title\" content=\"Convention du Patrimoine Mondial - UNESCO World Heritage Swiss Alps Jungfrau-Aletsch\" \/>\n<meta property=\"og:description\" content=\"Convention du Patrimoine MondialLe 16 novembre 1972, l\u2019UNESCO a adopt\u00e9 la \u00abConvention concernant la protection du patrimoine mondial, culturel et naturel\u00bb. Il s\u2019agit de la convention universelle la plus importante pour la sauvegarde du patrimoine culturel et naturel, et peut-\u00eatre la plus cruciale jamais prise par la communaut\u00e9 internationale. Le principe directeur de la Convention [&hellip;]\" \/>\n<meta property=\"og:url\" content=\"https:\/\/jungfraualetsch.ch\/fr\/patrimoine-mondial\/convention-du-patrimoine-mondial\/\" \/>\n<meta property=\"og:site_name\" content=\"UNESCO World Heritage Swiss Alps Jungfrau-Aletsch\" \/>\n<meta property=\"article:modified_time\" content=\"2021-03-31T13:12:47+00:00\" \/>\n<meta name=\"twitter:card\" content=\"summary_large_image\" \/>\n<meta name=\"twitter:label1\" content=\"Dur\u00e9e de lecture estim\u00e9e\" \/>\n\t<meta name=\"twitter:data1\" content=\"2 minutes\" \/>\n<script type=\"application\/ld+json\" class=\"yoast-schema-graph\">{\"@context\":\"https:\/\/schema.org\",\"@graph\":[{\"@type\":\"WebPage\",\"@id\":\"https:\/\/jungfraualetsch.ch\/fr\/patrimoine-mondial\/convention-du-patrimoine-mondial\/\",\"url\":\"https:\/\/jungfraualetsch.ch\/fr\/patrimoine-mondial\/convention-du-patrimoine-mondial\/\",\"name\":\"Convention du Patrimoine Mondial - UNESCO World Heritage Swiss Alps Jungfrau-Aletsch\",\"isPartOf\":{\"@id\":\"https:\/\/jungfraualetsch.ch\/#website\"},\"datePublished\":\"2021-03-23T11:05:21+00:00\",\"dateModified\":\"2021-03-31T13:12:47+00:00\",\"breadcrumb\":{\"@id\":\"https:\/\/jungfraualetsch.ch\/fr\/patrimoine-mondial\/convention-du-patrimoine-mondial\/#breadcrumb\"},\"inLanguage\":\"fr-FR\",\"potentialAction\":[{\"@type\":\"ReadAction\",\"target\":[\"https:\/\/jungfraualetsch.ch\/fr\/patrimoine-mondial\/convention-du-patrimoine-mondial\/\"]}]},{\"@type\":\"BreadcrumbList\",\"@id\":\"https:\/\/jungfraualetsch.ch\/fr\/patrimoine-mondial\/convention-du-patrimoine-mondial\/#breadcrumb\",\"itemListElement\":[{\"@type\":\"ListItem\",\"position\":1,\"name\":\"Startseite\",\"item\":\"https:\/\/jungfraualetsch.ch\/fr\/\"},{\"@type\":\"ListItem\",\"position\":2,\"name\":\"Patrimoine Mondial\",\"item\":\"https:\/\/jungfraualetsch.ch\/fr\/patrimoine-mondial\/\"},{\"@type\":\"ListItem\",\"position\":3,\"name\":\"Convention du Patrimoine Mondial\"}]},{\"@type\":\"WebSite\",\"@id\":\"https:\/\/jungfraualetsch.ch\/#website\",\"url\":\"https:\/\/jungfraualetsch.ch\/\",\"name\":\"UNESCO World Heritage Swiss Alps Jungfrau-Aletsch\",\"description\":\"\",\"potentialAction\":[{\"@type\":\"SearchAction\",\"target\":{\"@type\":\"EntryPoint\",\"urlTemplate\":\"https:\/\/jungfraualetsch.ch\/?s={search_term_string}\"},\"query-input\":{\"@type\":\"PropertyValueSpecification\",\"valueRequired\":true,\"valueName\":\"search_term_string\"}}],\"inLanguage\":\"fr-FR\"}]}<\/script>\n<!-- \/ Yoast SEO plugin. -->","yoast_head_json":{"title":"Convention du Patrimoine Mondial - UNESCO World Heritage Swiss Alps Jungfrau-Aletsch","robots":{"index":"index","follow":"follow","max-snippet":"max-snippet:-1","max-image-preview":"max-image-preview:large","max-video-preview":"max-video-preview:-1"},"canonical":"https:\/\/jungfraualetsch.ch\/fr\/patrimoine-mondial\/convention-du-patrimoine-mondial\/","og_locale":"fr_FR","og_type":"article","og_title":"Convention du Patrimoine Mondial - UNESCO World Heritage Swiss Alps Jungfrau-Aletsch","og_description":"Convention du Patrimoine MondialLe 16 novembre 1972, l\u2019UNESCO a adopt\u00e9 la \u00abConvention concernant la protection du patrimoine mondial, culturel et naturel\u00bb. Il s\u2019agit de la convention universelle la plus importante pour la sauvegarde du patrimoine culturel et naturel, et peut-\u00eatre la plus cruciale jamais prise par la communaut\u00e9 internationale. Le principe directeur de la Convention [&hellip;]","og_url":"https:\/\/jungfraualetsch.ch\/fr\/patrimoine-mondial\/convention-du-patrimoine-mondial\/","og_site_name":"UNESCO World Heritage Swiss Alps Jungfrau-Aletsch","article_modified_time":"2021-03-31T13:12:47+00:00","twitter_card":"summary_large_image","twitter_misc":{"Dur\u00e9e de lecture estim\u00e9e":"2 minutes"},"schema":{"@context":"https:\/\/schema.org","@graph":[{"@type":"WebPage","@id":"https:\/\/jungfraualetsch.ch\/fr\/patrimoine-mondial\/convention-du-patrimoine-mondial\/","url":"https:\/\/jungfraualetsch.ch\/fr\/patrimoine-mondial\/convention-du-patrimoine-mondial\/","name":"Convention du Patrimoine Mondial - UNESCO World Heritage Swiss Alps Jungfrau-Aletsch","isPartOf":{"@id":"https:\/\/jungfraualetsch.ch\/#website"},"datePublished":"2021-03-23T11:05:21+00:00","dateModified":"2021-03-31T13:12:47+00:00","breadcrumb":{"@id":"https:\/\/jungfraualetsch.ch\/fr\/patrimoine-mondial\/convention-du-patrimoine-mondial\/#breadcrumb"},"inLanguage":"fr-FR","potentialAction":[{"@type":"ReadAction","target":["https:\/\/jungfraualetsch.ch\/fr\/patrimoine-mondial\/convention-du-patrimoine-mondial\/"]}]},{"@type":"BreadcrumbList","@id":"https:\/\/jungfraualetsch.ch\/fr\/patrimoine-mondial\/convention-du-patrimoine-mondial\/#breadcrumb","itemListElement":[{"@type":"ListItem","position":1,"name":"Startseite","item":"https:\/\/jungfraualetsch.ch\/fr\/"},{"@type":"ListItem","position":2,"name":"Patrimoine Mondial","item":"https:\/\/jungfraualetsch.ch\/fr\/patrimoine-mondial\/"},{"@type":"ListItem","position":3,"name":"Convention du Patrimoine Mondial"}]},{"@type":"WebSite","@id":"https:\/\/jungfraualetsch.ch\/#website","url":"https:\/\/jungfraualetsch.ch\/","name":"UNESCO World Heritage Swiss Alps Jungfrau-Aletsch","description":"","potentialAction":[{"@type":"SearchAction","target":{"@type":"EntryPoint","urlTemplate":"https:\/\/jungfraualetsch.ch\/?s={search_term_string}"},"query-input":{"@type":"PropertyValueSpecification","valueRequired":true,"valueName":"search_term_string"}}],"inLanguage":"fr-FR"}]}},"_links":{"self":[{"href":"https:\/\/jungfraualetsch.ch\/fr\/wp-json\/wp\/v2\/pages\/2989","targetHints":{"allow":["GET"]}}],"collection":[{"href":"https:\/\/jungfraualetsch.ch\/fr\/wp-json\/wp\/v2\/pages"}],"about":[{"href":"https:\/\/jungfraualetsch.ch\/fr\/wp-json\/wp\/v2\/types\/page"}],"author":[{"embeddable":true,"href":"https:\/\/jungfraualetsch.ch\/fr\/wp-json\/wp\/v2\/users\/1"}],"replies":[{"embeddable":true,"href":"https:\/\/jungfraualetsch.ch\/fr\/wp-json\/wp\/v2\/comments?post=2989"}],"version-history":[{"count":5,"href":"https:\/\/jungfraualetsch.ch\/fr\/wp-json\/wp\/v2\/pages\/2989\/revisions"}],"predecessor-version":[{"id":5461,"href":"https:\/\/jungfraualetsch.ch\/fr\/wp-json\/wp\/v2\/pages\/2989\/revisions\/5461"}],"up":[{"embeddable":true,"href":"https:\/\/jungfraualetsch.ch\/fr\/wp-json\/wp\/v2\/pages\/703"}],"wp:attachment":[{"href":"https:\/\/jungfraualetsch.ch\/fr\/wp-json\/wp\/v2\/media?parent=2989"}],"curies":[{"name":"wp","href":"https:\/\/api.w.org\/{rel}","templated":true}]}}