{"id":2949,"date":"2021-03-23T09:48:49","date_gmt":"2021-03-23T09:48:49","guid":{"rendered":"https:\/\/jungfraualetsch.ch\/patrimoine-mondial\/managementstrategie\/"},"modified":"2021-03-29T11:26:48","modified_gmt":"2021-03-29T11:26:48","slug":"strategie-de-gestion","status":"publish","type":"page","link":"https:\/\/jungfraualetsch.ch\/fr\/patrimoine-mondial\/strategie-de-gestion\/","title":{"rendered":"Strat\u00e9gie de gestion"},"content":{"rendered":"<p>[et_pb_section fb_built=\u00a0\u00bb1&Prime; fullwidth=\u00a0\u00bbon\u00a0\u00bb _builder_version=\u00a0\u00bb4.9.1&Prime; _module_preset=\u00a0\u00bbdefault\u00a0\u00bb background_image=\u00a0\u00bbhttps:\/\/jungfraualetsch.ch\/wp-content\/uploads\/2021\/03\/header_01_welterbe_pat_A34A4209-scaled.jpg\u00a0\u00bb parallax=\u00a0\u00bbon\u00a0\u00bb bottom_divider_style=\u00a0\u00bbslant2&Prime; bottom_divider_color=\u00a0\u00bb#FFFFFF\u00a0\u00bb bottom_divider_flip=\u00a0\u00bbhorizontal\u00a0\u00bb bottom_divider_height_tablet=\u00a0\u00bb\u00a0\u00bb bottom_divider_height_phone=\u00a0\u00bb\u00a0\u00bb bottom_divider_height_last_edited=\u00a0\u00bbon|desktop\u00a0\u00bb custom_css_main_element=\u00a0\u00bbmin-height: 45vh;\u00a0\u00bb][\/et_pb_section][et_pb_section fb_built=\u00a0\u00bb1&Prime; _builder_version=\u00a0\u00bb4.9.1&Prime; _module_preset=\u00a0\u00bbdefault\u00a0\u00bb background_enable_color=\u00a0\u00bboff\u00a0\u00bb background_enable_image=\u00a0\u00bboff\u00a0\u00bb top_divider_flip=\u00a0\u00bbhorizontal\u00a0\u00bb][et_pb_row _builder_version=\u00a0\u00bb4.9.1&Prime; _module_preset=\u00a0\u00bbdefault\u00a0\u00bb][et_pb_column type=\u00a0\u00bb4_4&Prime; _builder_version=\u00a0\u00bb4.9.1&Prime; _module_preset=\u00a0\u00bbdefault\u00a0\u00bb][et_pb_text admin_label=\u00a0\u00bbTitel\u00a0\u00bb _builder_version=\u00a0\u00bb4.9.2&Prime; _module_preset=\u00a0\u00bbdefault\u00a0\u00bb]<\/p>\n<h1>Strat\u00e9gie de gestion<\/h1>\n<p>[\/et_pb_text][\/et_pb_column][\/et_pb_row][et_pb_row column_structure=\u00a0\u00bb3_4,1_4&Prime; _builder_version=\u00a0\u00bb4.9.1&Prime; _module_preset=\u00a0\u00bbdefault\u00a0\u00bb collapsed=\u00a0\u00bboff\u00a0\u00bb][et_pb_column type=\u00a0\u00bb3_4&Prime; _builder_version=\u00a0\u00bb4.9.1&Prime; _module_preset=\u00a0\u00bbdefault\u00a0\u00bb][et_pb_text _builder_version=\u00a0\u00bb4.9.2&Prime; _module_preset=\u00a0\u00bbdefault\u00a0\u00bb hover_enabled=\u00a0\u00bb0&Prime; sticky_enabled=\u00a0\u00bb0&Prime;]<\/p>\n<p>La strat\u00e9gie de gestion, avec son plan de gestion, a \u00e9t\u00e9 \u00e9labor\u00e9e par les organes de gouvernance et approuv\u00e9e par l\u2019UNESCO en 2007. Elle souligne que la valeur exceptionnelle du site sera sauvegard\u00e9e et mise en valeur dans un contexte r\u00e9gional.<\/p>\n<p>Cette strat\u00e9gie s\u2019adresse \u00e0 tous les acteurs des administrations, de la politique, de l\u2019\u00e9conomie et de la soci\u00e9t\u00e9 civile, qui sont engag\u00e9s et int\u00e9ress\u00e9s \u00e0 la sauvegarde et \u00e0 l\u2019utilisation du patrimoine mondial. Cela implique un engagement obligatoire des organes de gouvernance pour le lancement et la coordination du processus de transformation.<\/p>\n<p>L\u2019accent est mis sur les objectifs, les mesures et les processus n\u00e9cessaires pour garantir la sauvegarde du patrimoine mondial dans les Alpes suisses, ainsi qu\u2019encourager le d\u00e9veloppement durable, en cr\u00e9ant un \u00e9quilibre entre \u00e9conomie, soci\u00e9t\u00e9 et environnement dans la r\u00e9gion. La strat\u00e9gie et le plan de gestion sont le r\u00e9sultat d\u2019un processus intensif de n\u00e9gociation et d\u2019\u00e9valuation. Les attentes initiales divergentes des sujets concern\u00e9s \u00e0 propos des principes du patrimoine mondial ont finalement \u00e9t\u00e9 organis\u00e9es et concr\u00e9tis\u00e9es selon des lignes d\u2019action convenues.<\/p>\n<p>La strat\u00e9gie repr\u00e9sente aussi un outil pour la r\u00e9conciliation des conflits et des int\u00e9r\u00eats, et pour la promotion d\u2019initiatives et projets cr\u00e9atifs et novateurs dans le site et dans la r\u00e9gion.<\/p>\n<p>La strat\u00e9gie et le plan de gestion peuvent \u00eatre command\u00e9s par <a href=\"mailto:info@jungfraualetsch.ch\" target=\"_blank\" rel=\"noopener\">courrier \u00e9lectronique<\/a>.<\/p>\n<p>Le r\u00e9sum\u00e9 de la strat\u00e9gie est disponible <a href=\"https:\/\/jungfraualetsch.ch\/wp-content\/uploads\/2021\/03\/Managementstrategie42.pdf\" target=\"_blank\" rel=\"noopener\">ici<\/a>.<\/p>\n<p>[\/et_pb_text][\/et_pb_column][et_pb_column type=\u00a0\u00bb1_4&Prime; _builder_version=\u00a0\u00bb4.9.1&Prime; _module_preset=\u00a0\u00bbdefault\u00a0\u00bb][\/et_pb_column][\/et_pb_row][\/et_pb_section]<\/p>\n","protected":false},"excerpt":{"rendered":"<p>Strat\u00e9gie de gestionLa strat\u00e9gie de gestion, avec son plan de gestion, a \u00e9t\u00e9 \u00e9labor\u00e9e par les organes de gouvernance et approuv\u00e9e par l\u2019UNESCO en 2007. Elle souligne que la valeur exceptionnelle du site sera sauvegard\u00e9e et mise en valeur dans un contexte r\u00e9gional. Cette strat\u00e9gie s\u2019adresse \u00e0 tous les acteurs des administrations, de la politique, [&hellip;]<\/p>\n","protected":false},"author":1,"featured_media":0,"parent":703,"menu_order":159,"comment_status":"closed","ping_status":"closed","template":"","meta":{"_et_pb_use_builder":"on","_et_pb_old_content":"","_et_gb_content_width":"","footnotes":""},"class_list":["post-2949","page","type-page","status-publish","hentry"],"yoast_head":"<!-- This site is optimized with the Yoast SEO plugin v27.1.1 - https:\/\/yoast.com\/product\/yoast-seo-wordpress\/ -->\n<title>Strat\u00e9gie de gestion - UNESCO World Heritage Swiss Alps Jungfrau-Aletsch<\/title>\n<meta name=\"robots\" content=\"index, follow, max-snippet:-1, max-image-preview:large, max-video-preview:-1\" \/>\n<link rel=\"canonical\" href=\"https:\/\/jungfraualetsch.ch\/fr\/patrimoine-mondial\/strategie-de-gestion\/\" \/>\n<meta property=\"og:locale\" content=\"fr_FR\" \/>\n<meta property=\"og:type\" content=\"article\" \/>\n<meta property=\"og:title\" content=\"Strat\u00e9gie de gestion - UNESCO World Heritage Swiss Alps Jungfrau-Aletsch\" \/>\n<meta property=\"og:description\" content=\"Strat\u00e9gie de gestionLa strat\u00e9gie de gestion, avec son plan de gestion, a \u00e9t\u00e9 \u00e9labor\u00e9e par les organes de gouvernance et approuv\u00e9e par l\u2019UNESCO en 2007. Elle souligne que la valeur exceptionnelle du site sera sauvegard\u00e9e et mise en valeur dans un contexte r\u00e9gional. Cette strat\u00e9gie s\u2019adresse \u00e0 tous les acteurs des administrations, de la politique, [&hellip;]\" \/>\n<meta property=\"og:url\" content=\"https:\/\/jungfraualetsch.ch\/fr\/patrimoine-mondial\/strategie-de-gestion\/\" \/>\n<meta property=\"og:site_name\" content=\"UNESCO World Heritage Swiss Alps Jungfrau-Aletsch\" \/>\n<meta property=\"article:modified_time\" content=\"2021-03-29T11:26:48+00:00\" \/>\n<meta name=\"twitter:card\" content=\"summary_large_image\" \/>\n<meta name=\"twitter:label1\" content=\"Dur\u00e9e de lecture estim\u00e9e\" \/>\n\t<meta name=\"twitter:data1\" content=\"2 minutes\" \/>\n<script type=\"application\/ld+json\" class=\"yoast-schema-graph\">{\"@context\":\"https:\/\/schema.org\",\"@graph\":[{\"@type\":\"WebPage\",\"@id\":\"https:\/\/jungfraualetsch.ch\/fr\/patrimoine-mondial\/strategie-de-gestion\/\",\"url\":\"https:\/\/jungfraualetsch.ch\/fr\/patrimoine-mondial\/strategie-de-gestion\/\",\"name\":\"Strat\u00e9gie de gestion - UNESCO World Heritage Swiss Alps Jungfrau-Aletsch\",\"isPartOf\":{\"@id\":\"https:\/\/jungfraualetsch.ch\/#website\"},\"datePublished\":\"2021-03-23T09:48:49+00:00\",\"dateModified\":\"2021-03-29T11:26:48+00:00\",\"breadcrumb\":{\"@id\":\"https:\/\/jungfraualetsch.ch\/fr\/patrimoine-mondial\/strategie-de-gestion\/#breadcrumb\"},\"inLanguage\":\"fr-FR\",\"potentialAction\":[{\"@type\":\"ReadAction\",\"target\":[\"https:\/\/jungfraualetsch.ch\/fr\/patrimoine-mondial\/strategie-de-gestion\/\"]}]},{\"@type\":\"BreadcrumbList\",\"@id\":\"https:\/\/jungfraualetsch.ch\/fr\/patrimoine-mondial\/strategie-de-gestion\/#breadcrumb\",\"itemListElement\":[{\"@type\":\"ListItem\",\"position\":1,\"name\":\"Startseite\",\"item\":\"https:\/\/jungfraualetsch.ch\/fr\/\"},{\"@type\":\"ListItem\",\"position\":2,\"name\":\"Patrimoine Mondial\",\"item\":\"https:\/\/jungfraualetsch.ch\/fr\/patrimoine-mondial\/\"},{\"@type\":\"ListItem\",\"position\":3,\"name\":\"Strat\u00e9gie de gestion\"}]},{\"@type\":\"WebSite\",\"@id\":\"https:\/\/jungfraualetsch.ch\/#website\",\"url\":\"https:\/\/jungfraualetsch.ch\/\",\"name\":\"UNESCO World Heritage Swiss Alps Jungfrau-Aletsch\",\"description\":\"\",\"potentialAction\":[{\"@type\":\"SearchAction\",\"target\":{\"@type\":\"EntryPoint\",\"urlTemplate\":\"https:\/\/jungfraualetsch.ch\/?s={search_term_string}\"},\"query-input\":{\"@type\":\"PropertyValueSpecification\",\"valueRequired\":true,\"valueName\":\"search_term_string\"}}],\"inLanguage\":\"fr-FR\"}]}<\/script>\n<!-- \/ Yoast SEO plugin. -->","yoast_head_json":{"title":"Strat\u00e9gie de gestion - UNESCO World Heritage Swiss Alps Jungfrau-Aletsch","robots":{"index":"index","follow":"follow","max-snippet":"max-snippet:-1","max-image-preview":"max-image-preview:large","max-video-preview":"max-video-preview:-1"},"canonical":"https:\/\/jungfraualetsch.ch\/fr\/patrimoine-mondial\/strategie-de-gestion\/","og_locale":"fr_FR","og_type":"article","og_title":"Strat\u00e9gie de gestion - UNESCO World Heritage Swiss Alps Jungfrau-Aletsch","og_description":"Strat\u00e9gie de gestionLa strat\u00e9gie de gestion, avec son plan de gestion, a \u00e9t\u00e9 \u00e9labor\u00e9e par les organes de gouvernance et approuv\u00e9e par l\u2019UNESCO en 2007. Elle souligne que la valeur exceptionnelle du site sera sauvegard\u00e9e et mise en valeur dans un contexte r\u00e9gional. Cette strat\u00e9gie s\u2019adresse \u00e0 tous les acteurs des administrations, de la politique, [&hellip;]","og_url":"https:\/\/jungfraualetsch.ch\/fr\/patrimoine-mondial\/strategie-de-gestion\/","og_site_name":"UNESCO World Heritage Swiss Alps Jungfrau-Aletsch","article_modified_time":"2021-03-29T11:26:48+00:00","twitter_card":"summary_large_image","twitter_misc":{"Dur\u00e9e de lecture estim\u00e9e":"2 minutes"},"schema":{"@context":"https:\/\/schema.org","@graph":[{"@type":"WebPage","@id":"https:\/\/jungfraualetsch.ch\/fr\/patrimoine-mondial\/strategie-de-gestion\/","url":"https:\/\/jungfraualetsch.ch\/fr\/patrimoine-mondial\/strategie-de-gestion\/","name":"Strat\u00e9gie de gestion - UNESCO World Heritage Swiss Alps Jungfrau-Aletsch","isPartOf":{"@id":"https:\/\/jungfraualetsch.ch\/#website"},"datePublished":"2021-03-23T09:48:49+00:00","dateModified":"2021-03-29T11:26:48+00:00","breadcrumb":{"@id":"https:\/\/jungfraualetsch.ch\/fr\/patrimoine-mondial\/strategie-de-gestion\/#breadcrumb"},"inLanguage":"fr-FR","potentialAction":[{"@type":"ReadAction","target":["https:\/\/jungfraualetsch.ch\/fr\/patrimoine-mondial\/strategie-de-gestion\/"]}]},{"@type":"BreadcrumbList","@id":"https:\/\/jungfraualetsch.ch\/fr\/patrimoine-mondial\/strategie-de-gestion\/#breadcrumb","itemListElement":[{"@type":"ListItem","position":1,"name":"Startseite","item":"https:\/\/jungfraualetsch.ch\/fr\/"},{"@type":"ListItem","position":2,"name":"Patrimoine Mondial","item":"https:\/\/jungfraualetsch.ch\/fr\/patrimoine-mondial\/"},{"@type":"ListItem","position":3,"name":"Strat\u00e9gie de gestion"}]},{"@type":"WebSite","@id":"https:\/\/jungfraualetsch.ch\/#website","url":"https:\/\/jungfraualetsch.ch\/","name":"UNESCO World Heritage Swiss Alps Jungfrau-Aletsch","description":"","potentialAction":[{"@type":"SearchAction","target":{"@type":"EntryPoint","urlTemplate":"https:\/\/jungfraualetsch.ch\/?s={search_term_string}"},"query-input":{"@type":"PropertyValueSpecification","valueRequired":true,"valueName":"search_term_string"}}],"inLanguage":"fr-FR"}]}},"_links":{"self":[{"href":"https:\/\/jungfraualetsch.ch\/fr\/wp-json\/wp\/v2\/pages\/2949","targetHints":{"allow":["GET"]}}],"collection":[{"href":"https:\/\/jungfraualetsch.ch\/fr\/wp-json\/wp\/v2\/pages"}],"about":[{"href":"https:\/\/jungfraualetsch.ch\/fr\/wp-json\/wp\/v2\/types\/page"}],"author":[{"embeddable":true,"href":"https:\/\/jungfraualetsch.ch\/fr\/wp-json\/wp\/v2\/users\/1"}],"replies":[{"embeddable":true,"href":"https:\/\/jungfraualetsch.ch\/fr\/wp-json\/wp\/v2\/comments?post=2949"}],"version-history":[{"count":6,"href":"https:\/\/jungfraualetsch.ch\/fr\/wp-json\/wp\/v2\/pages\/2949\/revisions"}],"predecessor-version":[{"id":3734,"href":"https:\/\/jungfraualetsch.ch\/fr\/wp-json\/wp\/v2\/pages\/2949\/revisions\/3734"}],"up":[{"embeddable":true,"href":"https:\/\/jungfraualetsch.ch\/fr\/wp-json\/wp\/v2\/pages\/703"}],"wp:attachment":[{"href":"https:\/\/jungfraualetsch.ch\/fr\/wp-json\/wp\/v2\/media?parent=2949"}],"curies":[{"name":"wp","href":"https:\/\/api.w.org\/{rel}","templated":true}]}}