{"id":2889,"date":"2021-03-24T15:36:35","date_gmt":"2021-03-24T15:36:35","guid":{"rendered":"https:\/\/jungfraualetsch.ch\/patrimoine-mondial\/welterbe-gebiet\/"},"modified":"2024-01-25T13:10:55","modified_gmt":"2024-01-25T13:10:55","slug":"site-du-patrimoine-mondial","status":"publish","type":"page","link":"https:\/\/jungfraualetsch.ch\/fr\/patrimoine-mondial\/site-du-patrimoine-mondial\/","title":{"rendered":"Site du patrimoine mondial"},"content":{"rendered":"<p>[et_pb_section fb_built=\u00a0\u00bb1&Prime; fullwidth=\u00a0\u00bbon\u00a0\u00bb _builder_version=\u00a0\u00bb4.16&Prime; _module_preset=\u00a0\u00bbdefault\u00a0\u00bb background_image=\u00a0\u00bbhttps:\/\/jungfraualetsch.ch\/wp-content\/uploads\/2021\/03\/header_01_welterbe_pat_A34A4209-scaled.jpg\u00a0\u00bb parallax=\u00a0\u00bbon\u00a0\u00bb bottom_divider_style=\u00a0\u00bbslant2&Prime; bottom_divider_color=\u00a0\u00bb#FFFFFF\u00a0\u00bb bottom_divider_flip=\u00a0\u00bbhorizontal\u00a0\u00bb bottom_divider_height_tablet=\u00a0\u00bb\u00a0\u00bb bottom_divider_height_phone=\u00a0\u00bb\u00a0\u00bb bottom_divider_height_last_edited=\u00a0\u00bbon|desktop\u00a0\u00bb custom_css_main_element=\u00a0\u00bbmin-height: 45vh;\u00a0\u00bb global_colors_info=\u00a0\u00bb{}\u00a0\u00bb][\/et_pb_section][et_pb_section fb_built=\u00a0\u00bb1&Prime; _builder_version=\u00a0\u00bb4.16&Prime; _module_preset=\u00a0\u00bbdefault\u00a0\u00bb background_enable_color=\u00a0\u00bboff\u00a0\u00bb background_enable_image=\u00a0\u00bboff\u00a0\u00bb top_divider_flip=\u00a0\u00bbhorizontal\u00a0\u00bb global_colors_info=\u00a0\u00bb{}\u00a0\u00bb][et_pb_row _builder_version=\u00a0\u00bb4.16&Prime; _module_preset=\u00a0\u00bbdefault\u00a0\u00bb global_colors_info=\u00a0\u00bb{}\u00a0\u00bb][et_pb_column type=\u00a0\u00bb4_4&Prime; _builder_version=\u00a0\u00bb4.16&Prime; _module_preset=\u00a0\u00bbdefault\u00a0\u00bb global_colors_info=\u00a0\u00bb{}\u00a0\u00bb][et_pb_text admin_label=\u00a0\u00bbTitel\u00a0\u00bb _builder_version=\u00a0\u00bb4.16&Prime; _module_preset=\u00a0\u00bbdefault\u00a0\u00bb global_colors_info=\u00a0\u00bb{}\u00a0\u00bb]<\/p>\n<h1>Site du patrimoine mondial<\/h1>\n<p>[\/et_pb_text][\/et_pb_column][\/et_pb_row][et_pb_row column_structure=\u00a0\u00bb3_4,1_4&Prime; _builder_version=\u00a0\u00bb4.16&Prime; _module_preset=\u00a0\u00bbdefault\u00a0\u00bb global_colors_info=\u00a0\u00bb{}\u00a0\u00bb][et_pb_column type=\u00a0\u00bb3_4&Prime; _builder_version=\u00a0\u00bb4.16&Prime; _module_preset=\u00a0\u00bbdefault\u00a0\u00bb global_colors_info=\u00a0\u00bb{}\u00a0\u00bb][et_pb_text _builder_version=\u00a0\u00bb4.18.1&Prime; _module_preset=\u00a0\u00bbdefault\u00a0\u00bb hover_enabled=\u00a0\u00bb0&Prime; global_colors_info=\u00a0\u00bb{}\u00a0\u00bb sticky_enabled=\u00a0\u00bb0&Prime;]<\/p>\n<h4>Description du site<\/h4>\n<p>La zone principale du Patrimoine Mondial de l\u2019UNESCO Alpes Suisse Jungfrau-Aletsch est compos\u00e9e de paysages naturels de haute montagne. La quasi-totalit\u00e9 de cette r\u00e9gion (85%) est situ\u00e9 \u00e0 plus de 2000 m d\u2019altitude. Une cinquantaine de sommets d\u00e9passent les 3500 m, tandis que 9 d\u00e9passent les 4000 m. Les zones improductives et bois\u00e9es constituent 90% de la r\u00e9gion. Le territoire du site du Patrimoine Mondial est inhabit\u00e9 ou habit\u00e9 seulement en p\u00e9riode de haute-saison, \u00e0 quelques exceptions pr\u00e8s (le centre de recherche et la gare de Jungfraujoch, les refuges du Club Alpin Suisse, la vall\u00e9e de Lauterbrunnen, la partie sud du L\u00f6tschberg ainsi que les alpages). L\u2019exploitation agricole et des for\u00eats est limit\u00e9e aux zones frontali\u00e8res \u2013 contrairement \u00e0 l\u2019utilisation touristique alpine.<\/p>\n<p>Le site du Patrimoine Mondial de l\u2019UNESCO Alpes Suisses Jungfrau-Aletsch est l\u2019une des zones les moins anthropiques de tout l\u2019arc alpin. Cette zone intacte, entour\u00e9e par des implantations et des paysages culturels \u00e0 petite \u00e9chelle repr\u00e9sente l\u2019une des caract\u00e9ristiques les plus remarquables du Patrimoine naturel Mondial (IUCN 2001).<\/p>\n<p><a href=\"https:\/\/jungfraualetsch.ch\/wp-content\/uploads\/2024\/01\/unesco_factsheet_saja_jan_2024.pdf\" target=\"_blank\" rel=\"noopener\">Fiche UNESCO World Heritage Swiss Alps Jungfrau-Aletsch<\/a><\/p>\n<p>&nbsp;<\/p>\n<h4>Crit\u00e8res de s\u00e9lection<\/h4>\n<p>Les 4 <a href=\"http:\/\/whc.unesco.org\/fr\/criteres\/\" target=\"_blank\" rel=\"noopener\">crit\u00e8res<\/a> pour l\u2019inscription dans la liste du Patrimoine Mondial, dont au moins un doit \u00eatre satisfait, sont d\u00e9finis dans les \u00abOrientations devant guider la mise en \u0153uvre de la Convention du Patrimoine Mondial\u00bb. Pour la <a href=\"https:\/\/www.iucn.org\/fr\" target=\"_blank\" rel=\"noopener\">UICN (Union internationale pour la conservation de la nature)<\/a> le site Alpes Suisses Jungfrau-Aletsch satisfait trois des quatre crit\u00e8res (K\u00fcttel 1998, UICN 2001):<\/p>\n<p><strong>Crit\u00e8re (vii)<\/strong><br \/>Le paysage impressionnant du bien a jou\u00e9 un r\u00f4le important en Europe dans l\u2019art, la litt\u00e9rature, l\u2019alpinisme et le tourisme alpin. La r\u00e9gion est reconnue, au niveau mondial, comme une des r\u00e9gions de montagne les plus spectaculaires et ses qualit\u00e9s esth\u00e9tiques ont attir\u00e9 des visiteurs du monde entier.<\/p>\n<p><strong>Crit\u00e8re (viii)<\/strong><br \/>Le bien offre un exemple exceptionnel de la formation des Hautes Alpes. \u00c0 ces archives spectaculaires de processus orographiques s\u2019ajoutent la grande abondance et la diversit\u00e9 des formations g\u00e9omorphologiques. C\u2019est dans cette partie tr\u00e8s glac\u00e9e des Alpes que se trouve le glacier d\u2019Aletsch, le plus grand et le plus long de l\u2019Eurasie occidentale, qui pr\u00e9sente un int\u00e9r\u00eat scientifique important dans le contexte de l\u2019histoire et des processus glaciaires en cours, notamment en rapport avec les changements climatiques.<\/p>\n<p><strong>Crit\u00e8re (ix)<\/strong><br \/>Avec sa gamme d\u2019altitudes et ses expositions, s\u00e8che au sud\/humide au nord, le bien pr\u00e9sente un large \u00e9ventail d\u2019habitats alpins et subalpins. On trouve de superbes exemples de succession v\u00e9g\u00e9tale, y compris la ligne des arbres distincte, sup\u00e9rieure et inf\u00e9rieure, de la for\u00eat d\u2019Aletsch. Le ph\u00e9nom\u00e8ne mondial des changements climatiques est particuli\u00e8rement bien illustr\u00e9 dans la r\u00e9gion comme en t\u00e9moignent les diff\u00e9rents degr\u00e9s de retraite des diff\u00e9rents glaciers, fournissant de nouveaux substrats pour la colonisation par les plantes.<\/p>\n<p>[\/et_pb_text][\/et_pb_column][et_pb_column type=\u00a0\u00bb1_4&Prime; _builder_version=\u00a0\u00bb4.16&Prime; _module_preset=\u00a0\u00bbdefault\u00a0\u00bb global_colors_info=\u00a0\u00bb{}\u00a0\u00bb][\/et_pb_column][\/et_pb_row][et_pb_row _builder_version=\u00a0\u00bb4.16&Prime; _module_preset=\u00a0\u00bbdefault\u00a0\u00bb global_colors_info=\u00a0\u00bb{}\u00a0\u00bb][et_pb_column type=\u00a0\u00bb4_4&Prime; _builder_version=\u00a0\u00bb4.16&Prime; _module_preset=\u00a0\u00bbdefault\u00a0\u00bb global_colors_info=\u00a0\u00bb{}\u00a0\u00bb][et_pb_image src=\u00a0\u00bbhttps:\/\/jungfraualetsch.ch\/wp-content\/uploads\/2021\/03\/unesco_karte_lukas_huettner_perimeter_2021.jpg\u00a0\u00bb title_text=\u00a0\u00bbunesco_karte_lukas_huettner_perimeter_2021&Prime; align=\u00a0\u00bbcenter\u00a0\u00bb force_fullwidth=\u00a0\u00bbon\u00a0\u00bb _builder_version=\u00a0\u00bb4.16&Prime; _module_preset=\u00a0\u00bbdefault\u00a0\u00bb global_colors_info=\u00a0\u00bb{}\u00a0\u00bb][\/et_pb_image][\/et_pb_column][\/et_pb_row][\/et_pb_section]<\/p>\n","protected":false},"excerpt":{"rendered":"<p>Site du patrimoine mondialDescription du site La zone principale du Patrimoine Mondial de l\u2019UNESCO Alpes Suisse Jungfrau-Aletsch est compos\u00e9e de paysages naturels de haute montagne. La quasi-totalit\u00e9 de cette r\u00e9gion (85%) est situ\u00e9 \u00e0 plus de 2000 m d\u2019altitude. Une cinquantaine de sommets d\u00e9passent les 3500 m, tandis que 9 d\u00e9passent les 4000 m. Les [&hellip;]<\/p>\n","protected":false},"author":1,"featured_media":0,"parent":703,"menu_order":103,"comment_status":"closed","ping_status":"closed","template":"","meta":{"_et_pb_use_builder":"on","_et_pb_old_content":"","_et_gb_content_width":"","footnotes":""},"class_list":["post-2889","page","type-page","status-publish","hentry"],"yoast_head":"<!-- This site is optimized with the Yoast SEO plugin v27.1.1 - https:\/\/yoast.com\/product\/yoast-seo-wordpress\/ -->\n<title>Site du patrimoine mondial - UNESCO World Heritage Swiss Alps Jungfrau-Aletsch<\/title>\n<meta name=\"robots\" content=\"index, follow, max-snippet:-1, max-image-preview:large, max-video-preview:-1\" \/>\n<link rel=\"canonical\" href=\"https:\/\/jungfraualetsch.ch\/fr\/patrimoine-mondial\/site-du-patrimoine-mondial\/\" \/>\n<meta property=\"og:locale\" content=\"fr_FR\" \/>\n<meta property=\"og:type\" content=\"article\" \/>\n<meta property=\"og:title\" content=\"Site du patrimoine mondial - UNESCO World Heritage Swiss Alps Jungfrau-Aletsch\" \/>\n<meta property=\"og:description\" content=\"Site du patrimoine mondialDescription du site La zone principale du Patrimoine Mondial de l\u2019UNESCO Alpes Suisse Jungfrau-Aletsch est compos\u00e9e de paysages naturels de haute montagne. La quasi-totalit\u00e9 de cette r\u00e9gion (85%) est situ\u00e9 \u00e0 plus de 2000 m d\u2019altitude. Une cinquantaine de sommets d\u00e9passent les 3500 m, tandis que 9 d\u00e9passent les 4000 m. Les [&hellip;]\" \/>\n<meta property=\"og:url\" content=\"https:\/\/jungfraualetsch.ch\/fr\/patrimoine-mondial\/site-du-patrimoine-mondial\/\" \/>\n<meta property=\"og:site_name\" content=\"UNESCO World Heritage Swiss Alps Jungfrau-Aletsch\" \/>\n<meta property=\"article:modified_time\" content=\"2024-01-25T13:10:55+00:00\" \/>\n<meta name=\"twitter:card\" content=\"summary_large_image\" \/>\n<meta name=\"twitter:label1\" content=\"Dur\u00e9e de lecture estim\u00e9e\" \/>\n\t<meta name=\"twitter:data1\" content=\"4 minutes\" \/>\n<script type=\"application\/ld+json\" class=\"yoast-schema-graph\">{\"@context\":\"https:\/\/schema.org\",\"@graph\":[{\"@type\":\"WebPage\",\"@id\":\"https:\/\/jungfraualetsch.ch\/fr\/patrimoine-mondial\/site-du-patrimoine-mondial\/\",\"url\":\"https:\/\/jungfraualetsch.ch\/fr\/patrimoine-mondial\/site-du-patrimoine-mondial\/\",\"name\":\"Site du patrimoine mondial - UNESCO World Heritage Swiss Alps Jungfrau-Aletsch\",\"isPartOf\":{\"@id\":\"https:\/\/jungfraualetsch.ch\/#website\"},\"datePublished\":\"2021-03-24T15:36:35+00:00\",\"dateModified\":\"2024-01-25T13:10:55+00:00\",\"breadcrumb\":{\"@id\":\"https:\/\/jungfraualetsch.ch\/fr\/patrimoine-mondial\/site-du-patrimoine-mondial\/#breadcrumb\"},\"inLanguage\":\"fr-FR\",\"potentialAction\":[{\"@type\":\"ReadAction\",\"target\":[\"https:\/\/jungfraualetsch.ch\/fr\/patrimoine-mondial\/site-du-patrimoine-mondial\/\"]}]},{\"@type\":\"BreadcrumbList\",\"@id\":\"https:\/\/jungfraualetsch.ch\/fr\/patrimoine-mondial\/site-du-patrimoine-mondial\/#breadcrumb\",\"itemListElement\":[{\"@type\":\"ListItem\",\"position\":1,\"name\":\"Startseite\",\"item\":\"https:\/\/jungfraualetsch.ch\/fr\/\"},{\"@type\":\"ListItem\",\"position\":2,\"name\":\"Patrimoine Mondial\",\"item\":\"https:\/\/jungfraualetsch.ch\/fr\/patrimoine-mondial\/\"},{\"@type\":\"ListItem\",\"position\":3,\"name\":\"Site du patrimoine mondial\"}]},{\"@type\":\"WebSite\",\"@id\":\"https:\/\/jungfraualetsch.ch\/#website\",\"url\":\"https:\/\/jungfraualetsch.ch\/\",\"name\":\"UNESCO World Heritage Swiss Alps Jungfrau-Aletsch\",\"description\":\"\",\"potentialAction\":[{\"@type\":\"SearchAction\",\"target\":{\"@type\":\"EntryPoint\",\"urlTemplate\":\"https:\/\/jungfraualetsch.ch\/?s={search_term_string}\"},\"query-input\":{\"@type\":\"PropertyValueSpecification\",\"valueRequired\":true,\"valueName\":\"search_term_string\"}}],\"inLanguage\":\"fr-FR\"}]}<\/script>\n<!-- \/ Yoast SEO plugin. -->","yoast_head_json":{"title":"Site du patrimoine mondial - UNESCO World Heritage Swiss Alps Jungfrau-Aletsch","robots":{"index":"index","follow":"follow","max-snippet":"max-snippet:-1","max-image-preview":"max-image-preview:large","max-video-preview":"max-video-preview:-1"},"canonical":"https:\/\/jungfraualetsch.ch\/fr\/patrimoine-mondial\/site-du-patrimoine-mondial\/","og_locale":"fr_FR","og_type":"article","og_title":"Site du patrimoine mondial - UNESCO World Heritage Swiss Alps Jungfrau-Aletsch","og_description":"Site du patrimoine mondialDescription du site La zone principale du Patrimoine Mondial de l\u2019UNESCO Alpes Suisse Jungfrau-Aletsch est compos\u00e9e de paysages naturels de haute montagne. La quasi-totalit\u00e9 de cette r\u00e9gion (85%) est situ\u00e9 \u00e0 plus de 2000 m d\u2019altitude. Une cinquantaine de sommets d\u00e9passent les 3500 m, tandis que 9 d\u00e9passent les 4000 m. Les [&hellip;]","og_url":"https:\/\/jungfraualetsch.ch\/fr\/patrimoine-mondial\/site-du-patrimoine-mondial\/","og_site_name":"UNESCO World Heritage Swiss Alps Jungfrau-Aletsch","article_modified_time":"2024-01-25T13:10:55+00:00","twitter_card":"summary_large_image","twitter_misc":{"Dur\u00e9e de lecture estim\u00e9e":"4 minutes"},"schema":{"@context":"https:\/\/schema.org","@graph":[{"@type":"WebPage","@id":"https:\/\/jungfraualetsch.ch\/fr\/patrimoine-mondial\/site-du-patrimoine-mondial\/","url":"https:\/\/jungfraualetsch.ch\/fr\/patrimoine-mondial\/site-du-patrimoine-mondial\/","name":"Site du patrimoine mondial - UNESCO World Heritage Swiss Alps Jungfrau-Aletsch","isPartOf":{"@id":"https:\/\/jungfraualetsch.ch\/#website"},"datePublished":"2021-03-24T15:36:35+00:00","dateModified":"2024-01-25T13:10:55+00:00","breadcrumb":{"@id":"https:\/\/jungfraualetsch.ch\/fr\/patrimoine-mondial\/site-du-patrimoine-mondial\/#breadcrumb"},"inLanguage":"fr-FR","potentialAction":[{"@type":"ReadAction","target":["https:\/\/jungfraualetsch.ch\/fr\/patrimoine-mondial\/site-du-patrimoine-mondial\/"]}]},{"@type":"BreadcrumbList","@id":"https:\/\/jungfraualetsch.ch\/fr\/patrimoine-mondial\/site-du-patrimoine-mondial\/#breadcrumb","itemListElement":[{"@type":"ListItem","position":1,"name":"Startseite","item":"https:\/\/jungfraualetsch.ch\/fr\/"},{"@type":"ListItem","position":2,"name":"Patrimoine Mondial","item":"https:\/\/jungfraualetsch.ch\/fr\/patrimoine-mondial\/"},{"@type":"ListItem","position":3,"name":"Site du patrimoine mondial"}]},{"@type":"WebSite","@id":"https:\/\/jungfraualetsch.ch\/#website","url":"https:\/\/jungfraualetsch.ch\/","name":"UNESCO World Heritage Swiss Alps Jungfrau-Aletsch","description":"","potentialAction":[{"@type":"SearchAction","target":{"@type":"EntryPoint","urlTemplate":"https:\/\/jungfraualetsch.ch\/?s={search_term_string}"},"query-input":{"@type":"PropertyValueSpecification","valueRequired":true,"valueName":"search_term_string"}}],"inLanguage":"fr-FR"}]}},"_links":{"self":[{"href":"https:\/\/jungfraualetsch.ch\/fr\/wp-json\/wp\/v2\/pages\/2889","targetHints":{"allow":["GET"]}}],"collection":[{"href":"https:\/\/jungfraualetsch.ch\/fr\/wp-json\/wp\/v2\/pages"}],"about":[{"href":"https:\/\/jungfraualetsch.ch\/fr\/wp-json\/wp\/v2\/types\/page"}],"author":[{"embeddable":true,"href":"https:\/\/jungfraualetsch.ch\/fr\/wp-json\/wp\/v2\/users\/1"}],"replies":[{"embeddable":true,"href":"https:\/\/jungfraualetsch.ch\/fr\/wp-json\/wp\/v2\/comments?post=2889"}],"version-history":[{"count":9,"href":"https:\/\/jungfraualetsch.ch\/fr\/wp-json\/wp\/v2\/pages\/2889\/revisions"}],"predecessor-version":[{"id":11241,"href":"https:\/\/jungfraualetsch.ch\/fr\/wp-json\/wp\/v2\/pages\/2889\/revisions\/11241"}],"up":[{"embeddable":true,"href":"https:\/\/jungfraualetsch.ch\/fr\/wp-json\/wp\/v2\/pages\/703"}],"wp:attachment":[{"href":"https:\/\/jungfraualetsch.ch\/fr\/wp-json\/wp\/v2\/media?parent=2889"}],"curies":[{"name":"wp","href":"https:\/\/api.w.org\/{rel}","templated":true}]}}