{"id":1781,"date":"2021-03-23T08:38:26","date_gmt":"2021-03-23T08:38:26","guid":{"rendered":"https:\/\/jungfraualetsch.ch\/patrimoine-mondial\/traegerschaft\/"},"modified":"2024-11-24T23:19:39","modified_gmt":"2024-11-24T23:19:39","slug":"gouvernance","status":"publish","type":"page","link":"https:\/\/jungfraualetsch.ch\/fr\/patrimoine-mondial\/gouvernance\/","title":{"rendered":"Gouvernance"},"content":{"rendered":"<p>[et_pb_section fb_built=\u00a0\u00bb1&Prime; fullwidth=\u00a0\u00bbon\u00a0\u00bb _builder_version=\u00a0\u00bb4.16&Prime; _module_preset=\u00a0\u00bbdefault\u00a0\u00bb background_image=\u00a0\u00bbhttps:\/\/jungfraualetsch.ch\/wp-content\/uploads\/2021\/03\/header_01_welterbe_pat_A34A4209-scaled.jpg\u00a0\u00bb parallax=\u00a0\u00bbon\u00a0\u00bb bottom_divider_style=\u00a0\u00bbslant2&Prime; bottom_divider_color=\u00a0\u00bb#FFFFFF\u00a0\u00bb bottom_divider_flip=\u00a0\u00bbhorizontal\u00a0\u00bb bottom_divider_height_tablet=\u00a0\u00bb\u00a0\u00bb bottom_divider_height_phone=\u00a0\u00bb\u00a0\u00bb bottom_divider_height_last_edited=\u00a0\u00bbon|desktop\u00a0\u00bb custom_css_main_element=\u00a0\u00bbmin-height: 45vh;\u00a0\u00bb global_colors_info=\u00a0\u00bb{}\u00a0\u00bb][\/et_pb_section][et_pb_section fb_built=\u00a0\u00bb1&Prime; _builder_version=\u00a0\u00bb4.16&Prime; _module_preset=\u00a0\u00bbdefault\u00a0\u00bb background_enable_color=\u00a0\u00bboff\u00a0\u00bb background_enable_image=\u00a0\u00bboff\u00a0\u00bb top_divider_flip=\u00a0\u00bbhorizontal\u00a0\u00bb global_colors_info=\u00a0\u00bb{}\u00a0\u00bb][et_pb_row _builder_version=\u00a0\u00bb4.16&Prime; _module_preset=\u00a0\u00bbdefault\u00a0\u00bb global_colors_info=\u00a0\u00bb{}\u00a0\u00bb][et_pb_column type=\u00a0\u00bb4_4&Prime; _builder_version=\u00a0\u00bb4.16&Prime; _module_preset=\u00a0\u00bbdefault\u00a0\u00bb global_colors_info=\u00a0\u00bb{}\u00a0\u00bb][et_pb_text admin_label=\u00a0\u00bbTitel\u00a0\u00bb _builder_version=\u00a0\u00bb4.16&Prime; _module_preset=\u00a0\u00bbdefault\u00a0\u00bb global_colors_info=\u00a0\u00bb{}\u00a0\u00bb]<\/p>\n<h1>Gouvernance<\/h1>\n<p>[\/et_pb_text][\/et_pb_column][\/et_pb_row][et_pb_row column_structure=\u00a0\u00bb3_4,1_4&Prime; _builder_version=\u00a0\u00bb4.16&Prime; _module_preset=\u00a0\u00bbdefault\u00a0\u00bb collapsed=\u00a0\u00bboff\u00a0\u00bb global_colors_info=\u00a0\u00bb{}\u00a0\u00bb][et_pb_column type=\u00a0\u00bb3_4&Prime; _builder_version=\u00a0\u00bb4.16&Prime; _module_preset=\u00a0\u00bbdefault\u00a0\u00bb global_colors_info=\u00a0\u00bb{}\u00a0\u00bb][et_pb_text _builder_version=\u00a0\u00bb4.18.1&Prime; _module_preset=\u00a0\u00bbdefault\u00a0\u00bb hover_enabled=\u00a0\u00bb0&Prime; global_colors_info=\u00a0\u00bb{}\u00a0\u00bb sticky_enabled=\u00a0\u00bb0&Prime;]<\/p>\n<p>Les organes de gouvernance ont le devoir de valoriser et mettre en \u0153uvre un d\u00e9veloppement durable sous l\u2019\u00e9gide du Patrimoine Mondial UNESCO, comme il l\u2019est d\u00e9finit dans la <a href=\"https:\/\/jungfraualetsch.ch\/fr\/patrimoine-mondial\/charte\/\">Carte de Konkordiaplatz<\/a> et dans ses lignes directrices. La structure de gouvernance est compos\u00e9e des institutions suivantes:<\/p>\n<p>&nbsp;<\/p>\n<h4>Centre de Gestion<\/h4>\n<p>Le centre de gestion a en charge la mise en oeuvre de la <a href=\"https:\/\/jungfraualetsch.ch\/fr\/patrimoine-mondial\/strategie-de-gestion\/\">strat\u00e9gie de gestion<\/a> et la sauvegarde du patrimoine mondial pour les g\u00e9n\u00e9rations futures. Il est aussi responsable de la promotion du d\u00e9veloppement socio\u00e9conomique durable au nom de l\u2019UNESCO World Heritage Swiss Alps Jungfrau-Aletsch.<\/p>\n<ul>\n<li>Dr. Hans-Christian Leiggener, Director<\/li>\n<li>Raphael Schmid<\/li>\n<li>Barbara M\u00e4der<\/li>\n<li>Janosch Hugi<\/li>\n<li>Alessandra Lochmatter<\/li>\n<li>Martin Zmilacher<\/li>\n<li>Alexandra Donaldson<\/li>\n<li>Ingrid Reino<\/li>\n<li>Patrik Ngu<\/li>\n<li>Nadja Debons<\/li>\n<li>Jessica Oehler<\/li>\n<li>Myriam Roidt<\/li>\n<\/ul>\n<p>&nbsp;<\/p>\n<ul>\n<li>Nina Bittel<\/li>\n<li>Joye Hutter<\/li>\n<li>Laurence Kamber<\/li>\n<li>Vera Schnyder<\/li>\n<\/ul>\n<p>&nbsp;<\/p>\n<h4>Comit\u00e9 Directeur<\/h4>\n<p>Le Comit\u00e9 de Direction de la Fondation UNESCO World Heritage Swiss Alps Jungfrau est compos\u00e9 des personnes suivantes:<\/p>\n<p><strong>Pr\u00e9sident <\/strong><\/p>\n<ul>\n<li>Urs Gasche<\/li>\n<\/ul>\n<p><strong>Vice-Pr\u00e9sidents<\/strong><\/p>\n<ul>\n<li>Franziska Ryter-Klopfenstein<\/li>\n<li>Charlotte Salzmann-Briand<\/li>\n<\/ul>\n<p><strong>Membres du Comit\u00e9<\/strong><\/p>\n<ul>\n<li>Ursula Zybach<\/li>\n<li>Peter B\u00e4hler<\/li>\n<li>Carlo Imboden<\/li>\n<li>Karl N\u00e4pflin<\/li>\n<li>Christian Rieder<\/li>\n<li>Daniel Studer<\/li>\n<\/ul>\n<p>&nbsp;<\/p>\n<h4>Conseil Consultatif<\/h4>\n<p>Le r\u00e9seau constitu\u00e9 par les membres du Comit\u00e9 est compos\u00e9 d\u2019ambassadeurs reconnus au niveau national et international, qui soutiennent la diffusion des valeurs et des objectifs de l\u2019UNESCO World Heritage Swiss Alps Jungfrau-Aletsch.<\/p>\n<p>&nbsp;<\/p>\n<ul>\n<li>Peter Brabeck, ancien Pr\u00e9sident du Conseil Nestl\u00e9 S. A.<\/li>\n<li>Evelyne Binsack, guide de montagne, pilote d\u2019h\u00e9licopt\u00e8res, auteur<\/li>\n<li>Dr. Jakob Kellenberger, ancien Pr\u00e9sident ICRC<\/li>\n<li>Andreas Rickenbacher, ancien Conseil-ex\u00e9cutif Canton de Berne<\/li>\n<li>Alec von Graffenried, Pr\u00e9sident de la ville de Berne<\/li>\n<\/ul>\n<p><a href=\"https:\/\/jungfraualetsch.ch\/wp-content\/uploads\/2021\/03\/2018_02_21_Statut.pdf\" target=\"_blank\" rel=\"noopener\">Statuts de la Fondation<\/a><\/p>\n<p>[\/et_pb_text][\/et_pb_column][et_pb_column type=\u00a0\u00bb1_4&Prime; _builder_version=\u00a0\u00bb4.16&Prime; _module_preset=\u00a0\u00bbdefault\u00a0\u00bb global_colors_info=\u00a0\u00bb{}\u00a0\u00bb][\/et_pb_column][\/et_pb_row][\/et_pb_section]<\/p>\n","protected":false},"excerpt":{"rendered":"<p>GouvernanceLes organes de gouvernance ont le devoir de valoriser et mettre en \u0153uvre un d\u00e9veloppement durable sous l\u2019\u00e9gide du Patrimoine Mondial UNESCO, comme il l\u2019est d\u00e9finit dans la Carte de Konkordiaplatz et dans ses lignes directrices. La structure de gouvernance est compos\u00e9e des institutions suivantes: &nbsp; Centre de Gestion Le centre de gestion a en [&hellip;]<\/p>\n","protected":false},"author":1,"featured_media":0,"parent":703,"menu_order":165,"comment_status":"closed","ping_status":"closed","template":"","meta":{"_et_pb_use_builder":"on","_et_pb_old_content":"","_et_gb_content_width":"","footnotes":""},"class_list":["post-1781","page","type-page","status-publish","hentry"],"yoast_head":"<!-- This site is optimized with the Yoast SEO plugin v27.1.1 - https:\/\/yoast.com\/product\/yoast-seo-wordpress\/ -->\n<title>Gouvernance - UNESCO World Heritage Swiss Alps Jungfrau-Aletsch<\/title>\n<meta name=\"robots\" content=\"index, follow, max-snippet:-1, max-image-preview:large, max-video-preview:-1\" \/>\n<link rel=\"canonical\" href=\"https:\/\/jungfraualetsch.ch\/fr\/patrimoine-mondial\/gouvernance\/\" \/>\n<meta property=\"og:locale\" content=\"fr_FR\" \/>\n<meta property=\"og:type\" content=\"article\" \/>\n<meta property=\"og:title\" content=\"Gouvernance - UNESCO World Heritage Swiss Alps Jungfrau-Aletsch\" \/>\n<meta property=\"og:description\" content=\"GouvernanceLes organes de gouvernance ont le devoir de valoriser et mettre en \u0153uvre un d\u00e9veloppement durable sous l\u2019\u00e9gide du Patrimoine Mondial UNESCO, comme il l\u2019est d\u00e9finit dans la Carte de Konkordiaplatz et dans ses lignes directrices. La structure de gouvernance est compos\u00e9e des institutions suivantes: &nbsp; Centre de Gestion Le centre de gestion a en [&hellip;]\" \/>\n<meta property=\"og:url\" content=\"https:\/\/jungfraualetsch.ch\/fr\/patrimoine-mondial\/gouvernance\/\" \/>\n<meta property=\"og:site_name\" content=\"UNESCO World Heritage Swiss Alps Jungfrau-Aletsch\" \/>\n<meta property=\"article:modified_time\" content=\"2024-11-24T23:19:39+00:00\" \/>\n<meta name=\"twitter:card\" content=\"summary_large_image\" \/>\n<meta name=\"twitter:label1\" content=\"Dur\u00e9e de lecture estim\u00e9e\" \/>\n\t<meta name=\"twitter:data1\" content=\"2 minutes\" \/>\n<script type=\"application\/ld+json\" class=\"yoast-schema-graph\">{\"@context\":\"https:\/\/schema.org\",\"@graph\":[{\"@type\":\"WebPage\",\"@id\":\"https:\/\/jungfraualetsch.ch\/fr\/patrimoine-mondial\/gouvernance\/\",\"url\":\"https:\/\/jungfraualetsch.ch\/fr\/patrimoine-mondial\/gouvernance\/\",\"name\":\"Gouvernance - UNESCO World Heritage Swiss Alps Jungfrau-Aletsch\",\"isPartOf\":{\"@id\":\"https:\/\/jungfraualetsch.ch\/#website\"},\"datePublished\":\"2021-03-23T08:38:26+00:00\",\"dateModified\":\"2024-11-24T23:19:39+00:00\",\"breadcrumb\":{\"@id\":\"https:\/\/jungfraualetsch.ch\/fr\/patrimoine-mondial\/gouvernance\/#breadcrumb\"},\"inLanguage\":\"fr-FR\",\"potentialAction\":[{\"@type\":\"ReadAction\",\"target\":[\"https:\/\/jungfraualetsch.ch\/fr\/patrimoine-mondial\/gouvernance\/\"]}]},{\"@type\":\"BreadcrumbList\",\"@id\":\"https:\/\/jungfraualetsch.ch\/fr\/patrimoine-mondial\/gouvernance\/#breadcrumb\",\"itemListElement\":[{\"@type\":\"ListItem\",\"position\":1,\"name\":\"Startseite\",\"item\":\"https:\/\/jungfraualetsch.ch\/fr\/\"},{\"@type\":\"ListItem\",\"position\":2,\"name\":\"Patrimoine Mondial\",\"item\":\"https:\/\/jungfraualetsch.ch\/fr\/patrimoine-mondial\/\"},{\"@type\":\"ListItem\",\"position\":3,\"name\":\"Gouvernance\"}]},{\"@type\":\"WebSite\",\"@id\":\"https:\/\/jungfraualetsch.ch\/#website\",\"url\":\"https:\/\/jungfraualetsch.ch\/\",\"name\":\"UNESCO World Heritage Swiss Alps Jungfrau-Aletsch\",\"description\":\"\",\"potentialAction\":[{\"@type\":\"SearchAction\",\"target\":{\"@type\":\"EntryPoint\",\"urlTemplate\":\"https:\/\/jungfraualetsch.ch\/?s={search_term_string}\"},\"query-input\":{\"@type\":\"PropertyValueSpecification\",\"valueRequired\":true,\"valueName\":\"search_term_string\"}}],\"inLanguage\":\"fr-FR\"}]}<\/script>\n<!-- \/ Yoast SEO plugin. -->","yoast_head_json":{"title":"Gouvernance - UNESCO World Heritage Swiss Alps Jungfrau-Aletsch","robots":{"index":"index","follow":"follow","max-snippet":"max-snippet:-1","max-image-preview":"max-image-preview:large","max-video-preview":"max-video-preview:-1"},"canonical":"https:\/\/jungfraualetsch.ch\/fr\/patrimoine-mondial\/gouvernance\/","og_locale":"fr_FR","og_type":"article","og_title":"Gouvernance - UNESCO World Heritage Swiss Alps Jungfrau-Aletsch","og_description":"GouvernanceLes organes de gouvernance ont le devoir de valoriser et mettre en \u0153uvre un d\u00e9veloppement durable sous l\u2019\u00e9gide du Patrimoine Mondial UNESCO, comme il l\u2019est d\u00e9finit dans la Carte de Konkordiaplatz et dans ses lignes directrices. La structure de gouvernance est compos\u00e9e des institutions suivantes: &nbsp; Centre de Gestion Le centre de gestion a en [&hellip;]","og_url":"https:\/\/jungfraualetsch.ch\/fr\/patrimoine-mondial\/gouvernance\/","og_site_name":"UNESCO World Heritage Swiss Alps Jungfrau-Aletsch","article_modified_time":"2024-11-24T23:19:39+00:00","twitter_card":"summary_large_image","twitter_misc":{"Dur\u00e9e de lecture estim\u00e9e":"2 minutes"},"schema":{"@context":"https:\/\/schema.org","@graph":[{"@type":"WebPage","@id":"https:\/\/jungfraualetsch.ch\/fr\/patrimoine-mondial\/gouvernance\/","url":"https:\/\/jungfraualetsch.ch\/fr\/patrimoine-mondial\/gouvernance\/","name":"Gouvernance - UNESCO World Heritage Swiss Alps Jungfrau-Aletsch","isPartOf":{"@id":"https:\/\/jungfraualetsch.ch\/#website"},"datePublished":"2021-03-23T08:38:26+00:00","dateModified":"2024-11-24T23:19:39+00:00","breadcrumb":{"@id":"https:\/\/jungfraualetsch.ch\/fr\/patrimoine-mondial\/gouvernance\/#breadcrumb"},"inLanguage":"fr-FR","potentialAction":[{"@type":"ReadAction","target":["https:\/\/jungfraualetsch.ch\/fr\/patrimoine-mondial\/gouvernance\/"]}]},{"@type":"BreadcrumbList","@id":"https:\/\/jungfraualetsch.ch\/fr\/patrimoine-mondial\/gouvernance\/#breadcrumb","itemListElement":[{"@type":"ListItem","position":1,"name":"Startseite","item":"https:\/\/jungfraualetsch.ch\/fr\/"},{"@type":"ListItem","position":2,"name":"Patrimoine Mondial","item":"https:\/\/jungfraualetsch.ch\/fr\/patrimoine-mondial\/"},{"@type":"ListItem","position":3,"name":"Gouvernance"}]},{"@type":"WebSite","@id":"https:\/\/jungfraualetsch.ch\/#website","url":"https:\/\/jungfraualetsch.ch\/","name":"UNESCO World Heritage Swiss Alps Jungfrau-Aletsch","description":"","potentialAction":[{"@type":"SearchAction","target":{"@type":"EntryPoint","urlTemplate":"https:\/\/jungfraualetsch.ch\/?s={search_term_string}"},"query-input":{"@type":"PropertyValueSpecification","valueRequired":true,"valueName":"search_term_string"}}],"inLanguage":"fr-FR"}]}},"_links":{"self":[{"href":"https:\/\/jungfraualetsch.ch\/fr\/wp-json\/wp\/v2\/pages\/1781","targetHints":{"allow":["GET"]}}],"collection":[{"href":"https:\/\/jungfraualetsch.ch\/fr\/wp-json\/wp\/v2\/pages"}],"about":[{"href":"https:\/\/jungfraualetsch.ch\/fr\/wp-json\/wp\/v2\/types\/page"}],"author":[{"embeddable":true,"href":"https:\/\/jungfraualetsch.ch\/fr\/wp-json\/wp\/v2\/users\/1"}],"replies":[{"embeddable":true,"href":"https:\/\/jungfraualetsch.ch\/fr\/wp-json\/wp\/v2\/comments?post=1781"}],"version-history":[{"count":19,"href":"https:\/\/jungfraualetsch.ch\/fr\/wp-json\/wp\/v2\/pages\/1781\/revisions"}],"predecessor-version":[{"id":11992,"href":"https:\/\/jungfraualetsch.ch\/fr\/wp-json\/wp\/v2\/pages\/1781\/revisions\/11992"}],"up":[{"embeddable":true,"href":"https:\/\/jungfraualetsch.ch\/fr\/wp-json\/wp\/v2\/pages\/703"}],"wp:attachment":[{"href":"https:\/\/jungfraualetsch.ch\/fr\/wp-json\/wp\/v2\/media?parent=1781"}],"curies":[{"name":"wp","href":"https:\/\/api.w.org\/{rel}","templated":true}]}}