{"id":13708,"date":"2026-01-19T11:37:17","date_gmt":"2026-01-19T11:37:17","guid":{"rendered":"https:\/\/jungfraualetsch.ch\/?page_id=13708"},"modified":"2026-01-19T11:37:21","modified_gmt":"2026-01-19T11:37:21","slug":"arbustes-indigenes","status":"publish","type":"page","link":"https:\/\/jungfraualetsch.ch\/fr\/preserver-et-valoriser\/projets-de-promotion\/arbustes-indigenes\/","title":{"rendered":"Arbustes indig\u00e8nes"},"content":{"rendered":"<p>[et_pb_section fb_built=\u00a0\u00bb1&Prime; fullwidth=\u00a0\u00bbon\u00a0\u00bb _builder_version=\u00a0\u00bb4.16&Prime; _module_preset=\u00a0\u00bbdefault\u00a0\u00bb background_image=\u00a0\u00bbhttps:\/\/jungfraualetsch.ch\/wp-content\/uploads\/2021\/03\/header_03_welterbe_pat_IMG_0916-scaled.jpg\u00a0\u00bb parallax=\u00a0\u00bbon\u00a0\u00bb bottom_divider_style=\u00a0\u00bbslant2&Prime; bottom_divider_color=\u00a0\u00bb#FFFFFF\u00a0\u00bb bottom_divider_flip=\u00a0\u00bbhorizontal\u00a0\u00bb bottom_divider_height_tablet=\u00a0\u00bb\u00a0\u00bb bottom_divider_height_phone=\u00a0\u00bb\u00a0\u00bb bottom_divider_height_last_edited=\u00a0\u00bbon|desktop\u00a0\u00bb custom_css_main_element=\u00a0\u00bbmin-height: 45vh;\u00a0\u00bb global_colors_info=\u00a0\u00bb{}\u00a0\u00bb][\/et_pb_section][et_pb_section fb_built=\u00a0\u00bb1&Prime; _builder_version=\u00a0\u00bb4.16&Prime; _module_preset=\u00a0\u00bbdefault\u00a0\u00bb background_enable_color=\u00a0\u00bboff\u00a0\u00bb background_enable_image=\u00a0\u00bboff\u00a0\u00bb top_divider_flip=\u00a0\u00bbhorizontal\u00a0\u00bb global_colors_info=\u00a0\u00bb{}\u00a0\u00bb][et_pb_row _builder_version=\u00a0\u00bb4.16&Prime; _module_preset=\u00a0\u00bbdefault\u00a0\u00bb global_colors_info=\u00a0\u00bb{}\u00a0\u00bb][et_pb_column type=\u00a0\u00bb4_4&Prime; _builder_version=\u00a0\u00bb4.16&Prime; _module_preset=\u00a0\u00bbdefault\u00a0\u00bb global_colors_info=\u00a0\u00bb{}\u00a0\u00bb][et_pb_text admin_label=\u00a0\u00bbTitel\u00a0\u00bb _builder_version=\u00a0\u00bb4.27.5&Prime; _module_preset=\u00a0\u00bbdefault\u00a0\u00bb hover_enabled=\u00a0\u00bb0&Prime; global_colors_info=\u00a0\u00bb{}\u00a0\u00bb sticky_enabled=\u00a0\u00bb0&Prime;]<\/p>\n<h1>Arbustes indig\u00e8nes <\/h1>\n<p>[\/et_pb_text][\/et_pb_column][\/et_pb_row][et_pb_row column_structure=\u00a0\u00bb3_4,1_4&Prime; _builder_version=\u00a0\u00bb4.16&Prime; _module_preset=\u00a0\u00bbdefault\u00a0\u00bb global_colors_info=\u00a0\u00bb{}\u00a0\u00bb][et_pb_column type=\u00a0\u00bb3_4&Prime; _builder_version=\u00a0\u00bb4.16&Prime; _module_preset=\u00a0\u00bbdefault\u00a0\u00bb global_colors_info=\u00a0\u00bb{}\u00a0\u00bb][et_pb_text _builder_version=\u00a0\u00bb4.27.5&Prime; _module_preset=\u00a0\u00bbdefault\u00a0\u00bb hover_enabled=\u00a0\u00bb0&Prime; global_colors_info=\u00a0\u00bb{}\u00a0\u00bb sticky_enabled=\u00a0\u00bb0&Prime;]<\/p>\n<p><strong>Description<\/strong><br \/>Gr\u00e2ce \u00e0 leur adaptation aux conditions \u00e9cologiques locales, les arbustes indig\u00e8nes offrent de nombreux avantages par rapport aux esp\u00e8ces exotiques. Les arbustes indig\u00e8nes\u2026<\/p>\n<ul>\n<li>Favorisent la biodiversit\u00e9<\/li>\n<li>Offrent un habitat (\u00e0 beaucoup plus d\u2019esp\u00e8ces que les arbustes exotiques)<\/li>\n<li>Pr\u00e9sentent une grande diversit\u00e9 de formes et de couleurs<\/li>\n<li>Encouragent la pr\u00e9sence d\u2019auxiliaires utiles<\/li>\n<li>Sont plus r\u00e9sistants aux maladies et aux ravageurs<\/li>\n<li>Fournissent de la nourriture<\/li>\n<li>N\u00e9cessitent moins d\u2019entretien et moins d\u2019eau<\/li>\n<li>Ne requi\u00e8rent aucun traitement chimique<\/li>\n<\/ul>\n<p>En moyenne, un arbuste indig\u00e8ne offre \u00e0 environ 100 esp\u00e8ces animales des cachettes, des sites de nidification ou de la nourriture. Plus une haie comporte des esp\u00e8ces diff\u00e9rentes, plus elle favorise la diversit\u00e9 animale. Les insectes en b\u00e9n\u00e9ficient particuli\u00e8rement, mais aussi les oiseaux et les mammif\u00e8res.<\/p>\n<p><strong>Nos actions<\/strong><br \/>La Fondation SAJA, en collaboration avec le Parc naturel Pfyn-Finges et le Parc naturel de la Vall\u00e9e de Binn, a \u00e9labor\u00e9 une brochure intitul\u00e9e \u00ab Arbustes indig\u00e8nes \u2013 haies vari\u00e9es \u00bb. Ce mini-guide informe sur les esp\u00e8ces d\u2019arbustes indig\u00e8nes, leurs avantages, la plantation et l\u2019entretien des haies, et d\u00e9crit 22 esp\u00e8ces indig\u00e8nes.<\/p>\n<p><strong>Informations compl\u00e9mentaires<\/strong><\/p>\n<ul>\n<li><a href=\"https:\/\/jungfraualetsch.ch\/wp-content\/uploads\/2026\/01\/2022_Arbustes_Indigenes_Brochure.pdf\" target=\"_blank\" rel=\"noopener\">Brochure arbustes indig\u00e8nes<\/a><\/li>\n<\/ul>\n<p>[\/et_pb_text][\/et_pb_column][et_pb_column type=\u00a0\u00bb1_4&Prime; _builder_version=\u00a0\u00bb4.16&Prime; _module_preset=\u00a0\u00bbdefault\u00a0\u00bb global_colors_info=\u00a0\u00bb{}\u00a0\u00bb][\/et_pb_column][\/et_pb_row][et_pb_row _builder_version=\u00a0\u00bb4.16&Prime; _module_preset=\u00a0\u00bbdefault\u00a0\u00bb global_colors_info=\u00a0\u00bb{}\u00a0\u00bb][et_pb_column type=\u00a0\u00bb4_4&Prime; _builder_version=\u00a0\u00bb4.16&Prime; _module_preset=\u00a0\u00bbdefault\u00a0\u00bb global_colors_info=\u00a0\u00bb{}\u00a0\u00bb][et_pb_gallery gallery_ids=\u00a0\u00bb10049,10045,10041&Prime; gallery_orderby=\u00a0\u00bbrand\u00a0\u00bb fullwidth=\u00a0\u00bbon\u00a0\u00bb _builder_version=\u00a0\u00bb4.18.1&Prime; _module_preset=\u00a0\u00bbdefault\u00a0\u00bb auto=\u00a0\u00bbon\u00a0\u00bb auto_speed=\u00a0\u00bb3500&Prime; global_colors_info=\u00a0\u00bb{}\u00a0\u00bb][\/et_pb_gallery][\/et_pb_column][\/et_pb_row][\/et_pb_section]<\/p>\n","protected":false},"excerpt":{"rendered":"<p>Arbustes indig\u00e8nes DescriptionGr\u00e2ce \u00e0 leur adaptation aux conditions \u00e9cologiques locales, les arbustes indig\u00e8nes offrent de nombreux avantages par rapport aux esp\u00e8ces exotiques. Les arbustes indig\u00e8nes\u2026 Favorisent la biodiversit\u00e9 Offrent un habitat (\u00e0 beaucoup plus d\u2019esp\u00e8ces que les arbustes exotiques) Pr\u00e9sentent une grande diversit\u00e9 de formes et de couleurs Encouragent la pr\u00e9sence d\u2019auxiliaires utiles Sont plus [&hellip;]<\/p>\n","protected":false},"author":1,"featured_media":0,"parent":3428,"menu_order":44,"comment_status":"closed","ping_status":"closed","template":"","meta":{"_et_pb_use_builder":"on","_et_pb_old_content":"<p>[et_pb_section fb_built=\"1\" fullwidth=\"on\" _builder_version=\"4.16\" _module_preset=\"default\" background_image=\"https:\/\/jungfraualetsch.ch\/wp-content\/uploads\/2021\/03\/header_03_welterbe_pat_IMG_0916-scaled.jpg\" parallax=\"on\" bottom_divider_style=\"slant2\" bottom_divider_color=\"#FFFFFF\" bottom_divider_flip=\"horizontal\" bottom_divider_height_tablet=\"\" bottom_divider_height_phone=\"\" bottom_divider_height_last_edited=\"on|desktop\" custom_css_main_element=\"min-height: 45vh;\" global_colors_info=\"{}\"][\/et_pb_section][et_pb_section fb_built=\"1\" _builder_version=\"4.16\" _module_preset=\"default\" background_enable_color=\"off\" background_enable_image=\"off\" top_divider_flip=\"horizontal\" global_colors_info=\"{}\"][et_pb_row _builder_version=\"4.16\" _module_preset=\"default\" global_colors_info=\"{}\"][et_pb_column type=\"4_4\" _builder_version=\"4.16\" _module_preset=\"default\" global_colors_info=\"{}\"][et_pb_text admin_label=\"Titel\" _builder_version=\"4.18.1\" _module_preset=\"default\" hover_enabled=\"0\" global_colors_info=\"{}\" sticky_enabled=\"0\"]<\/p><h1>Einheimische Str\u00e4ucher<\/h1><p>[\/et_pb_text][\/et_pb_column][\/et_pb_row][et_pb_row column_structure=\"3_4,1_4\" _builder_version=\"4.16\" _module_preset=\"default\" global_colors_info=\"{}\"][et_pb_column type=\"3_4\" _builder_version=\"4.16\" _module_preset=\"default\" global_colors_info=\"{}\"][et_pb_text _builder_version=\"4.18.1\" _module_preset=\"default\" hover_enabled=\"0\" global_colors_info=\"{}\" sticky_enabled=\"0\"]<\/p><p><strong>Kurzbericht<\/strong><br \/>Aufgrund ihrer Anpassung an die lokalen \u00f6kologischen Gegebenheiten bieten einheimische Str\u00e4ucher viele Vorteile gegen\u00fcber exotischen Arten. Einheimische Str\u00e4ucher...<\/p><ul><li>f\u00f6rdern die Artenvielfalt<\/li><li>bieten Lebensraum (f\u00fcr viel mehr Arten als exotische Str\u00e4ucher)<\/li><li>bieten eine grosse Farb- und Formenvielfalt<\/li><li>f\u00f6rdern N\u00fctzlinge<\/li><li>sind resistenter gegen Krankheiten und Sch\u00e4dlinge<\/li><li>bieten Nahrung<\/li><li>brauchen weniger Pflege und weniger Wasser<\/li><li>brauchen keine chemische Behandlung<\/li><\/ul><p>Durchschnittlich bietet ein einheimischer Wildstrauch rund 100 Tierarten Verstecke, Nistpl\u00e4tze oder Futter. Je mehr Geh\u00f6lzarten eine Hecke aufweist, desto mehr Tierarten werden gef\u00f6rdert. Insbesondere Insekten, aber auch V\u00f6gel und S\u00e4ugetiere profitieren.<\/p><p><strong>Massnahmen<\/strong><br \/>Die Stiftung UNESCO-Welterbe SAJA hat, zusammen mit dem Naturpark Pfyn-Finges und dem Landschaftspark Binntal, eine Brosch\u00fcre zum Thema \u00abeinheimische Str\u00e4ucher \u2013 vielf\u00e4ltige Hecken\u00bb entwickelt. Dieser Miniguide informiert \u00fcber einheimische Straucharten, ihre Vorteile, die Pflanzung sowie die Pflege von Hecken, und beschreibt 22 einheimische Arten.<\/p><p><strong>Weitere Informationen<\/strong><\/p><ul><li><a href=\"https:\/\/jungfraualetsch.ch\/wp-content\/uploads\/2023\/04\/unesco_prospekt_straeucher_okt_2022_D_wallis_compressed.pdf\" target=\"_blank\" rel=\"noopener\">Str\u00e4ucherbrosch\u00fcre<\/a><\/li><\/ul><p>[\/et_pb_text][\/et_pb_column][et_pb_column type=\"1_4\" _builder_version=\"4.16\" _module_preset=\"default\" global_colors_info=\"{}\"][\/et_pb_column][\/et_pb_row][et_pb_row _builder_version=\"4.16\" _module_preset=\"default\" global_colors_info=\"{}\"][et_pb_column type=\"4_4\" _builder_version=\"4.16\" _module_preset=\"default\" global_colors_info=\"{}\"][et_pb_gallery gallery_ids=\"10047,10043,10039\" gallery_orderby=\"rand\" fullwidth=\"on\" _builder_version=\"4.18.1\" _module_preset=\"default\" auto=\"on\" auto_speed=\"3500\" hover_enabled=\"0\" global_colors_info=\"{}\" sticky_enabled=\"0\"][\/et_pb_gallery][\/et_pb_column][\/et_pb_row][\/et_pb_section]<\/p>","_et_gb_content_width":"","footnotes":""},"class_list":["post-13708","page","type-page","status-publish","hentry"],"yoast_head":"<!-- This site is optimized with the Yoast SEO plugin v27.1.1 - https:\/\/yoast.com\/product\/yoast-seo-wordpress\/ -->\n<title>Arbustes indig\u00e8nes - UNESCO World Heritage Swiss Alps Jungfrau-Aletsch<\/title>\n<meta name=\"robots\" content=\"index, follow, max-snippet:-1, max-image-preview:large, max-video-preview:-1\" \/>\n<link rel=\"canonical\" href=\"https:\/\/jungfraualetsch.ch\/fr\/preserver-et-valoriser\/projets-de-promotion\/arbustes-indigenes\/\" \/>\n<meta property=\"og:locale\" content=\"fr_FR\" \/>\n<meta property=\"og:type\" content=\"article\" \/>\n<meta property=\"og:title\" content=\"Arbustes indig\u00e8nes - UNESCO World Heritage Swiss Alps Jungfrau-Aletsch\" \/>\n<meta property=\"og:description\" content=\"Arbustes indig\u00e8nes DescriptionGr\u00e2ce \u00e0 leur adaptation aux conditions \u00e9cologiques locales, les arbustes indig\u00e8nes offrent de nombreux avantages par rapport aux esp\u00e8ces exotiques. Les arbustes indig\u00e8nes\u2026 Favorisent la biodiversit\u00e9 Offrent un habitat (\u00e0 beaucoup plus d\u2019esp\u00e8ces que les arbustes exotiques) Pr\u00e9sentent une grande diversit\u00e9 de formes et de couleurs Encouragent la pr\u00e9sence d\u2019auxiliaires utiles Sont plus [&hellip;]\" \/>\n<meta property=\"og:url\" content=\"https:\/\/jungfraualetsch.ch\/fr\/preserver-et-valoriser\/projets-de-promotion\/arbustes-indigenes\/\" \/>\n<meta property=\"og:site_name\" content=\"UNESCO World Heritage Swiss Alps Jungfrau-Aletsch\" \/>\n<meta property=\"article:modified_time\" content=\"2026-01-19T11:37:21+00:00\" \/>\n<meta name=\"twitter:card\" content=\"summary_large_image\" \/>\n<meta name=\"twitter:label1\" content=\"Dur\u00e9e de lecture estim\u00e9e\" \/>\n\t<meta name=\"twitter:data1\" content=\"2 minutes\" \/>\n<script type=\"application\/ld+json\" class=\"yoast-schema-graph\">{\"@context\":\"https:\/\/schema.org\",\"@graph\":[{\"@type\":\"WebPage\",\"@id\":\"https:\/\/jungfraualetsch.ch\/fr\/preserver-et-valoriser\/projets-de-promotion\/arbustes-indigenes\/\",\"url\":\"https:\/\/jungfraualetsch.ch\/fr\/preserver-et-valoriser\/projets-de-promotion\/arbustes-indigenes\/\",\"name\":\"Arbustes indig\u00e8nes - UNESCO World Heritage Swiss Alps Jungfrau-Aletsch\",\"isPartOf\":{\"@id\":\"https:\/\/jungfraualetsch.ch\/#website\"},\"datePublished\":\"2026-01-19T11:37:17+00:00\",\"dateModified\":\"2026-01-19T11:37:21+00:00\",\"breadcrumb\":{\"@id\":\"https:\/\/jungfraualetsch.ch\/fr\/preserver-et-valoriser\/projets-de-promotion\/arbustes-indigenes\/#breadcrumb\"},\"inLanguage\":\"fr-FR\",\"potentialAction\":[{\"@type\":\"ReadAction\",\"target\":[\"https:\/\/jungfraualetsch.ch\/fr\/preserver-et-valoriser\/projets-de-promotion\/arbustes-indigenes\/\"]}]},{\"@type\":\"BreadcrumbList\",\"@id\":\"https:\/\/jungfraualetsch.ch\/fr\/preserver-et-valoriser\/projets-de-promotion\/arbustes-indigenes\/#breadcrumb\",\"itemListElement\":[{\"@type\":\"ListItem\",\"position\":1,\"name\":\"Startseite\",\"item\":\"https:\/\/jungfraualetsch.ch\/fr\/\"},{\"@type\":\"ListItem\",\"position\":2,\"name\":\"Pr\u00e9server et valoriser\",\"item\":\"https:\/\/jungfraualetsch.ch\/fr\/preserver-et-valoriser\/\"},{\"@type\":\"ListItem\",\"position\":3,\"name\":\"Projets de promotion\",\"item\":\"https:\/\/jungfraualetsch.ch\/fr\/preserver-et-valoriser\/projets-de-promotion\/\"},{\"@type\":\"ListItem\",\"position\":4,\"name\":\"Arbustes indig\u00e8nes\"}]},{\"@type\":\"WebSite\",\"@id\":\"https:\/\/jungfraualetsch.ch\/#website\",\"url\":\"https:\/\/jungfraualetsch.ch\/\",\"name\":\"UNESCO World Heritage Swiss Alps Jungfrau-Aletsch\",\"description\":\"\",\"potentialAction\":[{\"@type\":\"SearchAction\",\"target\":{\"@type\":\"EntryPoint\",\"urlTemplate\":\"https:\/\/jungfraualetsch.ch\/?s={search_term_string}\"},\"query-input\":{\"@type\":\"PropertyValueSpecification\",\"valueRequired\":true,\"valueName\":\"search_term_string\"}}],\"inLanguage\":\"fr-FR\"}]}<\/script>\n<!-- \/ Yoast SEO plugin. -->","yoast_head_json":{"title":"Arbustes indig\u00e8nes - UNESCO World Heritage Swiss Alps Jungfrau-Aletsch","robots":{"index":"index","follow":"follow","max-snippet":"max-snippet:-1","max-image-preview":"max-image-preview:large","max-video-preview":"max-video-preview:-1"},"canonical":"https:\/\/jungfraualetsch.ch\/fr\/preserver-et-valoriser\/projets-de-promotion\/arbustes-indigenes\/","og_locale":"fr_FR","og_type":"article","og_title":"Arbustes indig\u00e8nes - UNESCO World Heritage Swiss Alps Jungfrau-Aletsch","og_description":"Arbustes indig\u00e8nes DescriptionGr\u00e2ce \u00e0 leur adaptation aux conditions \u00e9cologiques locales, les arbustes indig\u00e8nes offrent de nombreux avantages par rapport aux esp\u00e8ces exotiques. Les arbustes indig\u00e8nes\u2026 Favorisent la biodiversit\u00e9 Offrent un habitat (\u00e0 beaucoup plus d\u2019esp\u00e8ces que les arbustes exotiques) Pr\u00e9sentent une grande diversit\u00e9 de formes et de couleurs Encouragent la pr\u00e9sence d\u2019auxiliaires utiles Sont plus [&hellip;]","og_url":"https:\/\/jungfraualetsch.ch\/fr\/preserver-et-valoriser\/projets-de-promotion\/arbustes-indigenes\/","og_site_name":"UNESCO World Heritage Swiss Alps Jungfrau-Aletsch","article_modified_time":"2026-01-19T11:37:21+00:00","twitter_card":"summary_large_image","twitter_misc":{"Dur\u00e9e de lecture estim\u00e9e":"2 minutes"},"schema":{"@context":"https:\/\/schema.org","@graph":[{"@type":"WebPage","@id":"https:\/\/jungfraualetsch.ch\/fr\/preserver-et-valoriser\/projets-de-promotion\/arbustes-indigenes\/","url":"https:\/\/jungfraualetsch.ch\/fr\/preserver-et-valoriser\/projets-de-promotion\/arbustes-indigenes\/","name":"Arbustes indig\u00e8nes - UNESCO World Heritage Swiss Alps Jungfrau-Aletsch","isPartOf":{"@id":"https:\/\/jungfraualetsch.ch\/#website"},"datePublished":"2026-01-19T11:37:17+00:00","dateModified":"2026-01-19T11:37:21+00:00","breadcrumb":{"@id":"https:\/\/jungfraualetsch.ch\/fr\/preserver-et-valoriser\/projets-de-promotion\/arbustes-indigenes\/#breadcrumb"},"inLanguage":"fr-FR","potentialAction":[{"@type":"ReadAction","target":["https:\/\/jungfraualetsch.ch\/fr\/preserver-et-valoriser\/projets-de-promotion\/arbustes-indigenes\/"]}]},{"@type":"BreadcrumbList","@id":"https:\/\/jungfraualetsch.ch\/fr\/preserver-et-valoriser\/projets-de-promotion\/arbustes-indigenes\/#breadcrumb","itemListElement":[{"@type":"ListItem","position":1,"name":"Startseite","item":"https:\/\/jungfraualetsch.ch\/fr\/"},{"@type":"ListItem","position":2,"name":"Pr\u00e9server et valoriser","item":"https:\/\/jungfraualetsch.ch\/fr\/preserver-et-valoriser\/"},{"@type":"ListItem","position":3,"name":"Projets de promotion","item":"https:\/\/jungfraualetsch.ch\/fr\/preserver-et-valoriser\/projets-de-promotion\/"},{"@type":"ListItem","position":4,"name":"Arbustes indig\u00e8nes"}]},{"@type":"WebSite","@id":"https:\/\/jungfraualetsch.ch\/#website","url":"https:\/\/jungfraualetsch.ch\/","name":"UNESCO World Heritage Swiss Alps Jungfrau-Aletsch","description":"","potentialAction":[{"@type":"SearchAction","target":{"@type":"EntryPoint","urlTemplate":"https:\/\/jungfraualetsch.ch\/?s={search_term_string}"},"query-input":{"@type":"PropertyValueSpecification","valueRequired":true,"valueName":"search_term_string"}}],"inLanguage":"fr-FR"}]}},"_links":{"self":[{"href":"https:\/\/jungfraualetsch.ch\/fr\/wp-json\/wp\/v2\/pages\/13708","targetHints":{"allow":["GET"]}}],"collection":[{"href":"https:\/\/jungfraualetsch.ch\/fr\/wp-json\/wp\/v2\/pages"}],"about":[{"href":"https:\/\/jungfraualetsch.ch\/fr\/wp-json\/wp\/v2\/types\/page"}],"author":[{"embeddable":true,"href":"https:\/\/jungfraualetsch.ch\/fr\/wp-json\/wp\/v2\/users\/1"}],"replies":[{"embeddable":true,"href":"https:\/\/jungfraualetsch.ch\/fr\/wp-json\/wp\/v2\/comments?post=13708"}],"version-history":[{"count":5,"href":"https:\/\/jungfraualetsch.ch\/fr\/wp-json\/wp\/v2\/pages\/13708\/revisions"}],"predecessor-version":[{"id":13714,"href":"https:\/\/jungfraualetsch.ch\/fr\/wp-json\/wp\/v2\/pages\/13708\/revisions\/13714"}],"up":[{"embeddable":true,"href":"https:\/\/jungfraualetsch.ch\/fr\/wp-json\/wp\/v2\/pages\/3428"}],"wp:attachment":[{"href":"https:\/\/jungfraualetsch.ch\/fr\/wp-json\/wp\/v2\/media?parent=13708"}],"curies":[{"name":"wp","href":"https:\/\/api.w.org\/{rel}","templated":true}]}}