{"id":13683,"date":"2026-01-15T10:31:48","date_gmt":"2026-01-15T10:31:48","guid":{"rendered":"https:\/\/jungfraualetsch.ch\/?page_id=13683"},"modified":"2026-01-23T17:33:34","modified_gmt":"2026-01-23T17:33:34","slug":"neophytes-envahissantes","status":"publish","type":"page","link":"https:\/\/jungfraualetsch.ch\/fr\/preserver-et-valoriser\/projets-de-promotion\/neophytes-envahissantes\/","title":{"rendered":"N\u00e9ophytes envahissantes"},"content":{"rendered":"<p>[et_pb_section fb_built=\u00a0\u00bb1&Prime; fullwidth=\u00a0\u00bbon\u00a0\u00bb _builder_version=\u00a0\u00bb4.16&Prime; _module_preset=\u00a0\u00bbdefault\u00a0\u00bb background_image=\u00a0\u00bbhttps:\/\/jungfraualetsch.ch\/wp-content\/uploads\/2021\/03\/header_03_welterbe_pat_IMG_0916-scaled.jpg\u00a0\u00bb parallax=\u00a0\u00bbon\u00a0\u00bb bottom_divider_style=\u00a0\u00bbslant2&Prime; bottom_divider_color=\u00a0\u00bb#FFFFFF\u00a0\u00bb bottom_divider_flip=\u00a0\u00bbhorizontal\u00a0\u00bb bottom_divider_height_tablet=\u00a0\u00bb\u00a0\u00bb bottom_divider_height_phone=\u00a0\u00bb\u00a0\u00bb bottom_divider_height_last_edited=\u00a0\u00bbon|desktop\u00a0\u00bb custom_css_main_element=\u00a0\u00bbmin-height: 45vh;\u00a0\u00bb global_colors_info=\u00a0\u00bb{}\u00a0\u00bb][\/et_pb_section][et_pb_section fb_built=\u00a0\u00bb1&Prime; _builder_version=\u00a0\u00bb4.16&Prime; _module_preset=\u00a0\u00bbdefault\u00a0\u00bb background_enable_color=\u00a0\u00bboff\u00a0\u00bb background_enable_image=\u00a0\u00bboff\u00a0\u00bb top_divider_flip=\u00a0\u00bbhorizontal\u00a0\u00bb global_colors_info=\u00a0\u00bb{}\u00a0\u00bb][et_pb_row _builder_version=\u00a0\u00bb4.16&Prime; _module_preset=\u00a0\u00bbdefault\u00a0\u00bb global_colors_info=\u00a0\u00bb{}\u00a0\u00bb][et_pb_column type=\u00a0\u00bb4_4&Prime; _builder_version=\u00a0\u00bb4.16&Prime; _module_preset=\u00a0\u00bbdefault\u00a0\u00bb global_colors_info=\u00a0\u00bb{}\u00a0\u00bb][et_pb_text admin_label=\u00a0\u00bbTitel\u00a0\u00bb _builder_version=\u00a0\u00bb4.27.5&Prime; _module_preset=\u00a0\u00bbdefault\u00a0\u00bb global_colors_info=\u00a0\u00bb{}\u00a0\u00bb]<\/p>\n<h1>N\u00e9ophytes envahissantes <\/h1>\n<p>[\/et_pb_text][\/et_pb_column][\/et_pb_row][et_pb_row column_structure=\u00a0\u00bb3_4,1_4&Prime; _builder_version=\u00a0\u00bb4.16&Prime; _module_preset=\u00a0\u00bbdefault\u00a0\u00bb global_colors_info=\u00a0\u00bb{}\u00a0\u00bb][et_pb_column type=\u00a0\u00bb3_4&Prime; _builder_version=\u00a0\u00bb4.16&Prime; _module_preset=\u00a0\u00bbdefault\u00a0\u00bb global_colors_info=\u00a0\u00bb{}\u00a0\u00bb][et_pb_text _builder_version=\u00a0\u00bb4.27.5&Prime; _module_preset=\u00a0\u00bbdefault\u00a0\u00bb hover_enabled=\u00a0\u00bb0&Prime; global_colors_info=\u00a0\u00bb{}\u00a0\u00bb sticky_enabled=\u00a0\u00bb0&Prime;]<\/p>\n<p><strong>Description<\/strong><br \/>Le terme \u00ab n\u00e9ophytes \u00bb d\u00e9signe des esp\u00e8ces v\u00e9g\u00e9tales qui ont \u00e9t\u00e9 introduites, volontairement ou involontairement, dans des milieux situ\u00e9s en dehors de leur aire de r\u00e9partition naturelle. En raison du trafic a\u00e9rien, du commerce mondial et du tourisme, les n\u00e9ophytes ont \u00e9galement atteint la Suisse. La flore suisse compte aujourd\u2019hui environ 550 esp\u00e8ces exotiques, dont beaucoup se sont bien int\u00e9gr\u00e9es dans notre environnement naturel.<\/p>\n<p>Lorsque la population d\u2019une telle esp\u00e8ce exotique n\u2019est pas r\u00e9gul\u00e9e par des pr\u00e9dateurs ou des parasites dans son nouvel habitat, elle peut se r\u00e9pandre efficacement au d\u00e9triment des esp\u00e8ces indig\u00e8nes, devenir difficile \u00e0 contr\u00f4ler et causer des dommages sanitaires, \u00e9conomiques et \u00e9cologiques croissants. Dans ce cas, on parle d\u2019une n\u00e9ophyte envahissante. En Suisse, pr\u00e8s de 45 esp\u00e8ces n\u00e9ophytes sont consid\u00e9r\u00e9es comme envahissantes.<\/p>\n<p><strong>Nos actions<\/strong><br \/>Le Parc naturel Pfyn-Finges, en collaboration avec la Fondation Patrimoine mondial de l\u2019UNESCO SAJA et le Parc naturel de la Vall\u00e9e de Binn, a \u00e9labor\u00e9 une brochure intitul\u00e9e \u00ab N\u00e9ophytes envahissantes : identifier, lutter, \u00e9liminer et remplacer \u00bb. Elle informe sur la probl\u00e9matique des n\u00e9ophytes, pr\u00e9sente 15 esp\u00e8ces particuli\u00e8rement invasives et explique les diff\u00e9rentes m\u00e9thodes de lutte.<\/p>\n<p>Outre des s\u00e9ances d\u2019information, la Fondation SAJA organise \u00e9galement des interventions d\u2019entretien du paysage pour des classes scolaires ou des b\u00e9n\u00e9voles, qui combattent les n\u00e9ophytes envahissantes dans les zones touch\u00e9es.<\/p>\n<p><strong>Informations compl\u00e9mentaires<\/strong><\/p>\n<ul>\n<li><a href=\"https:\/\/jungfraualetsch.ch\/wp-content\/uploads\/2026\/01\/2022_Neophyten_F_low.pdf\" target=\"_blank\" rel=\"noopener\">Brochure n\u00e9ophytes envahissantes<\/a><\/li>\n<\/ul>\n<p>[\/et_pb_text][\/et_pb_column][et_pb_column type=\u00a0\u00bb1_4&Prime; _builder_version=\u00a0\u00bb4.16&Prime; _module_preset=\u00a0\u00bbdefault\u00a0\u00bb global_colors_info=\u00a0\u00bb{}\u00a0\u00bb][\/et_pb_column][\/et_pb_row][et_pb_row _builder_version=\u00a0\u00bb4.16&Prime; _module_preset=\u00a0\u00bbdefault\u00a0\u00bb global_colors_info=\u00a0\u00bb{}\u00a0\u00bb][et_pb_column type=\u00a0\u00bb4_4&Prime; _builder_version=\u00a0\u00bb4.16&Prime; _module_preset=\u00a0\u00bbdefault\u00a0\u00bb global_colors_info=\u00a0\u00bb{}\u00a0\u00bb][et_pb_gallery gallery_ids=\u00a0\u00bb10072,10068,10064&Prime; gallery_orderby=\u00a0\u00bbrand\u00a0\u00bb fullwidth=\u00a0\u00bbon\u00a0\u00bb _builder_version=\u00a0\u00bb4.18.1&Prime; _module_preset=\u00a0\u00bbdefault\u00a0\u00bb auto=\u00a0\u00bbon\u00a0\u00bb auto_speed=\u00a0\u00bb3500&Prime; global_colors_info=\u00a0\u00bb{}\u00a0\u00bb][\/et_pb_gallery][\/et_pb_column][\/et_pb_row][\/et_pb_section]<\/p>\n","protected":false},"excerpt":{"rendered":"<p>N\u00e9ophytes envahissantes DescriptionLe terme \u00ab n\u00e9ophytes \u00bb d\u00e9signe des esp\u00e8ces v\u00e9g\u00e9tales qui ont \u00e9t\u00e9 introduites, volontairement ou involontairement, dans des milieux situ\u00e9s en dehors de leur aire de r\u00e9partition naturelle. En raison du trafic a\u00e9rien, du commerce mondial et du tourisme, les n\u00e9ophytes ont \u00e9galement atteint la Suisse. La flore suisse compte aujourd\u2019hui environ 550 [&hellip;]<\/p>\n","protected":false},"author":1,"featured_media":0,"parent":3428,"menu_order":44,"comment_status":"closed","ping_status":"closed","template":"","meta":{"_et_pb_use_builder":"on","_et_pb_old_content":"<p>[et_pb_section fb_built=\"1\" fullwidth=\"on\" _builder_version=\"4.16\" _module_preset=\"default\" background_image=\"https:\/\/jungfraualetsch.ch\/wp-content\/uploads\/2021\/03\/header_03_welterbe_pat_IMG_0916-scaled.jpg\" parallax=\"on\" bottom_divider_style=\"slant2\" bottom_divider_color=\"#FFFFFF\" bottom_divider_flip=\"horizontal\" bottom_divider_height_tablet=\"\" bottom_divider_height_phone=\"\" bottom_divider_height_last_edited=\"on|desktop\" custom_css_main_element=\"min-height: 45vh;\" global_colors_info=\"{}\"][\/et_pb_section][et_pb_section fb_built=\"1\" _builder_version=\"4.16\" _module_preset=\"default\" background_enable_color=\"off\" background_enable_image=\"off\" top_divider_flip=\"horizontal\" global_colors_info=\"{}\"][et_pb_row _builder_version=\"4.16\" _module_preset=\"default\" global_colors_info=\"{}\"][et_pb_column type=\"4_4\" _builder_version=\"4.16\" _module_preset=\"default\" global_colors_info=\"{}\"][et_pb_text admin_label=\"Titel\" _builder_version=\"4.18.1\" _module_preset=\"default\" hover_enabled=\"0\" global_colors_info=\"{}\" sticky_enabled=\"0\"]<\/p><h1>Invasive Neophyten<\/h1><p>[\/et_pb_text][\/et_pb_column][\/et_pb_row][et_pb_row column_structure=\"3_4,1_4\" _builder_version=\"4.16\" _module_preset=\"default\" global_colors_info=\"{}\"][et_pb_column type=\"3_4\" _builder_version=\"4.16\" _module_preset=\"default\" global_colors_info=\"{}\"][et_pb_text _builder_version=\"4.18.1\" _module_preset=\"default\" hover_enabled=\"0\" global_colors_info=\"{}\" sticky_enabled=\"0\"]<\/p><p><strong>Kurzbericht<\/strong><br \/>Der Begriff \u00abNeophyten\u00bb bezeichnet Pflanzenarten, welche absichtlich oder unabsichtlich in Lebensr\u00e4ume ausserhalb ihres nat\u00fcrlichen Verbreitungsgebietes eingef\u00fchrt wurden. Durch Flugverkehr, Welthandel und Tourismus kamen Neophyten auch in die Schweiz. Die Schweizer Flora z\u00e4hlt heute ungef\u00e4hr 550 gebietsfremde Arten, davon haben sich viele gut in unsere Natur integriert. Wenn der Bestand solch einer gebietsfremden Art am neuen Ort nicht durch Fressfeinde oder Parasiten reguliert wird, breiten sie sich auf Kosten einheimischer Arten effizient aus, sind schwer unter Kontrolle zu bringen und verursachen in zunehmendem Masse gesundheitliche, wirtschaftliche und \u00f6kologische Sch\u00e4den. Dann spricht man von \u00abinvasiven Neophyten\u00bb. Knapp 45 gebietsfremde Arten z\u00e4hlen in der Schweiz zu den invasiven Neophyten.<\/p><p><strong>Massnahmen<\/strong><br \/>Der Naturpark Pfyn-Finges hat in Zusammenarbeit mit der Stiftung UNESCO-Welterbe SAJA und dem Landschaftspark Binntal eine Brosch\u00fcre zum Thema \u00abInvasive Neophyten: erkennen, entfernen, entsorgen und ersetzen\u00bb entwickelt. Dabei wird \u00fcber die Problematik der Neophyten informiert, 15 besonders invasive Neophyten vorgestellt und die verschiedenen Bek\u00e4mpfungsmethoden erkl\u00e4rt. Die Stiftung SAJA organisiert neben Informationsveranstaltungen, Landschaftspflegeeins\u00e4tze f\u00fcr Schulklassen und Freiwillige, welche in den betroffenen Gebieten invasive Neophyten bek\u00e4mpfen.<\/p><p><strong>Weitere Informationen<\/strong><\/p><ul><li><a href=\"https:\/\/jungfraualetsch.ch\/wp-content\/uploads\/2023\/04\/20210914_MG_Neophyten_D.pdf\" target=\"_blank\" rel=\"noopener\">Brosch\u00fcre Invasive Neophyten<\/a><\/li><\/ul><p>[\/et_pb_text][\/et_pb_column][et_pb_column type=\"1_4\" _builder_version=\"4.16\" _module_preset=\"default\" global_colors_info=\"{}\"][\/et_pb_column][\/et_pb_row][et_pb_row _builder_version=\"4.16\" _module_preset=\"default\" global_colors_info=\"{}\"][et_pb_column type=\"4_4\" _builder_version=\"4.16\" _module_preset=\"default\" global_colors_info=\"{}\"][et_pb_gallery gallery_ids=\"10070,10066,10062\" gallery_orderby=\"rand\" fullwidth=\"on\" _builder_version=\"4.18.1\" _module_preset=\"default\" auto=\"on\" auto_speed=\"3500\" hover_enabled=\"0\" global_colors_info=\"{}\" sticky_enabled=\"0\"][\/et_pb_gallery][\/et_pb_column][\/et_pb_row][\/et_pb_section]<\/p>","_et_gb_content_width":"","footnotes":""},"class_list":["post-13683","page","type-page","status-publish","hentry"],"yoast_head":"<!-- This site is optimized with the Yoast SEO plugin v27.1.1 - https:\/\/yoast.com\/product\/yoast-seo-wordpress\/ -->\n<title>N\u00e9ophytes envahissantes - UNESCO World Heritage Swiss Alps Jungfrau-Aletsch<\/title>\n<meta name=\"robots\" content=\"index, follow, max-snippet:-1, max-image-preview:large, max-video-preview:-1\" \/>\n<link rel=\"canonical\" href=\"https:\/\/jungfraualetsch.ch\/fr\/preserver-et-valoriser\/projets-de-promotion\/neophytes-envahissantes\/\" \/>\n<meta property=\"og:locale\" content=\"fr_FR\" \/>\n<meta property=\"og:type\" content=\"article\" \/>\n<meta property=\"og:title\" content=\"N\u00e9ophytes envahissantes - UNESCO World Heritage Swiss Alps Jungfrau-Aletsch\" \/>\n<meta property=\"og:description\" content=\"N\u00e9ophytes envahissantes DescriptionLe terme \u00ab n\u00e9ophytes \u00bb d\u00e9signe des esp\u00e8ces v\u00e9g\u00e9tales qui ont \u00e9t\u00e9 introduites, volontairement ou involontairement, dans des milieux situ\u00e9s en dehors de leur aire de r\u00e9partition naturelle. En raison du trafic a\u00e9rien, du commerce mondial et du tourisme, les n\u00e9ophytes ont \u00e9galement atteint la Suisse. La flore suisse compte aujourd\u2019hui environ 550 [&hellip;]\" \/>\n<meta property=\"og:url\" content=\"https:\/\/jungfraualetsch.ch\/fr\/preserver-et-valoriser\/projets-de-promotion\/neophytes-envahissantes\/\" \/>\n<meta property=\"og:site_name\" content=\"UNESCO World Heritage Swiss Alps Jungfrau-Aletsch\" \/>\n<meta property=\"article:modified_time\" content=\"2026-01-23T17:33:34+00:00\" \/>\n<meta name=\"twitter:card\" content=\"summary_large_image\" \/>\n<meta name=\"twitter:label1\" content=\"Dur\u00e9e de lecture estim\u00e9e\" \/>\n\t<meta name=\"twitter:data1\" content=\"2 minutes\" \/>\n<script type=\"application\/ld+json\" class=\"yoast-schema-graph\">{\"@context\":\"https:\/\/schema.org\",\"@graph\":[{\"@type\":\"WebPage\",\"@id\":\"https:\/\/jungfraualetsch.ch\/fr\/preserver-et-valoriser\/projets-de-promotion\/neophytes-envahissantes\/\",\"url\":\"https:\/\/jungfraualetsch.ch\/fr\/preserver-et-valoriser\/projets-de-promotion\/neophytes-envahissantes\/\",\"name\":\"N\u00e9ophytes envahissantes - UNESCO World Heritage Swiss Alps Jungfrau-Aletsch\",\"isPartOf\":{\"@id\":\"https:\/\/jungfraualetsch.ch\/#website\"},\"datePublished\":\"2026-01-15T10:31:48+00:00\",\"dateModified\":\"2026-01-23T17:33:34+00:00\",\"breadcrumb\":{\"@id\":\"https:\/\/jungfraualetsch.ch\/fr\/preserver-et-valoriser\/projets-de-promotion\/neophytes-envahissantes\/#breadcrumb\"},\"inLanguage\":\"fr-FR\",\"potentialAction\":[{\"@type\":\"ReadAction\",\"target\":[\"https:\/\/jungfraualetsch.ch\/fr\/preserver-et-valoriser\/projets-de-promotion\/neophytes-envahissantes\/\"]}]},{\"@type\":\"BreadcrumbList\",\"@id\":\"https:\/\/jungfraualetsch.ch\/fr\/preserver-et-valoriser\/projets-de-promotion\/neophytes-envahissantes\/#breadcrumb\",\"itemListElement\":[{\"@type\":\"ListItem\",\"position\":1,\"name\":\"Startseite\",\"item\":\"https:\/\/jungfraualetsch.ch\/fr\/\"},{\"@type\":\"ListItem\",\"position\":2,\"name\":\"Pr\u00e9server et valoriser\",\"item\":\"https:\/\/jungfraualetsch.ch\/fr\/preserver-et-valoriser\/\"},{\"@type\":\"ListItem\",\"position\":3,\"name\":\"Projets de promotion\",\"item\":\"https:\/\/jungfraualetsch.ch\/fr\/preserver-et-valoriser\/projets-de-promotion\/\"},{\"@type\":\"ListItem\",\"position\":4,\"name\":\"N\u00e9ophytes envahissantes\"}]},{\"@type\":\"WebSite\",\"@id\":\"https:\/\/jungfraualetsch.ch\/#website\",\"url\":\"https:\/\/jungfraualetsch.ch\/\",\"name\":\"UNESCO World Heritage Swiss Alps Jungfrau-Aletsch\",\"description\":\"\",\"potentialAction\":[{\"@type\":\"SearchAction\",\"target\":{\"@type\":\"EntryPoint\",\"urlTemplate\":\"https:\/\/jungfraualetsch.ch\/?s={search_term_string}\"},\"query-input\":{\"@type\":\"PropertyValueSpecification\",\"valueRequired\":true,\"valueName\":\"search_term_string\"}}],\"inLanguage\":\"fr-FR\"}]}<\/script>\n<!-- \/ Yoast SEO plugin. -->","yoast_head_json":{"title":"N\u00e9ophytes envahissantes - UNESCO World Heritage Swiss Alps Jungfrau-Aletsch","robots":{"index":"index","follow":"follow","max-snippet":"max-snippet:-1","max-image-preview":"max-image-preview:large","max-video-preview":"max-video-preview:-1"},"canonical":"https:\/\/jungfraualetsch.ch\/fr\/preserver-et-valoriser\/projets-de-promotion\/neophytes-envahissantes\/","og_locale":"fr_FR","og_type":"article","og_title":"N\u00e9ophytes envahissantes - UNESCO World Heritage Swiss Alps Jungfrau-Aletsch","og_description":"N\u00e9ophytes envahissantes DescriptionLe terme \u00ab n\u00e9ophytes \u00bb d\u00e9signe des esp\u00e8ces v\u00e9g\u00e9tales qui ont \u00e9t\u00e9 introduites, volontairement ou involontairement, dans des milieux situ\u00e9s en dehors de leur aire de r\u00e9partition naturelle. En raison du trafic a\u00e9rien, du commerce mondial et du tourisme, les n\u00e9ophytes ont \u00e9galement atteint la Suisse. La flore suisse compte aujourd\u2019hui environ 550 [&hellip;]","og_url":"https:\/\/jungfraualetsch.ch\/fr\/preserver-et-valoriser\/projets-de-promotion\/neophytes-envahissantes\/","og_site_name":"UNESCO World Heritage Swiss Alps Jungfrau-Aletsch","article_modified_time":"2026-01-23T17:33:34+00:00","twitter_card":"summary_large_image","twitter_misc":{"Dur\u00e9e de lecture estim\u00e9e":"2 minutes"},"schema":{"@context":"https:\/\/schema.org","@graph":[{"@type":"WebPage","@id":"https:\/\/jungfraualetsch.ch\/fr\/preserver-et-valoriser\/projets-de-promotion\/neophytes-envahissantes\/","url":"https:\/\/jungfraualetsch.ch\/fr\/preserver-et-valoriser\/projets-de-promotion\/neophytes-envahissantes\/","name":"N\u00e9ophytes envahissantes - UNESCO World Heritage Swiss Alps Jungfrau-Aletsch","isPartOf":{"@id":"https:\/\/jungfraualetsch.ch\/#website"},"datePublished":"2026-01-15T10:31:48+00:00","dateModified":"2026-01-23T17:33:34+00:00","breadcrumb":{"@id":"https:\/\/jungfraualetsch.ch\/fr\/preserver-et-valoriser\/projets-de-promotion\/neophytes-envahissantes\/#breadcrumb"},"inLanguage":"fr-FR","potentialAction":[{"@type":"ReadAction","target":["https:\/\/jungfraualetsch.ch\/fr\/preserver-et-valoriser\/projets-de-promotion\/neophytes-envahissantes\/"]}]},{"@type":"BreadcrumbList","@id":"https:\/\/jungfraualetsch.ch\/fr\/preserver-et-valoriser\/projets-de-promotion\/neophytes-envahissantes\/#breadcrumb","itemListElement":[{"@type":"ListItem","position":1,"name":"Startseite","item":"https:\/\/jungfraualetsch.ch\/fr\/"},{"@type":"ListItem","position":2,"name":"Pr\u00e9server et valoriser","item":"https:\/\/jungfraualetsch.ch\/fr\/preserver-et-valoriser\/"},{"@type":"ListItem","position":3,"name":"Projets de promotion","item":"https:\/\/jungfraualetsch.ch\/fr\/preserver-et-valoriser\/projets-de-promotion\/"},{"@type":"ListItem","position":4,"name":"N\u00e9ophytes envahissantes"}]},{"@type":"WebSite","@id":"https:\/\/jungfraualetsch.ch\/#website","url":"https:\/\/jungfraualetsch.ch\/","name":"UNESCO World Heritage Swiss Alps Jungfrau-Aletsch","description":"","potentialAction":[{"@type":"SearchAction","target":{"@type":"EntryPoint","urlTemplate":"https:\/\/jungfraualetsch.ch\/?s={search_term_string}"},"query-input":{"@type":"PropertyValueSpecification","valueRequired":true,"valueName":"search_term_string"}}],"inLanguage":"fr-FR"}]}},"_links":{"self":[{"href":"https:\/\/jungfraualetsch.ch\/fr\/wp-json\/wp\/v2\/pages\/13683","targetHints":{"allow":["GET"]}}],"collection":[{"href":"https:\/\/jungfraualetsch.ch\/fr\/wp-json\/wp\/v2\/pages"}],"about":[{"href":"https:\/\/jungfraualetsch.ch\/fr\/wp-json\/wp\/v2\/types\/page"}],"author":[{"embeddable":true,"href":"https:\/\/jungfraualetsch.ch\/fr\/wp-json\/wp\/v2\/users\/1"}],"replies":[{"embeddable":true,"href":"https:\/\/jungfraualetsch.ch\/fr\/wp-json\/wp\/v2\/comments?post=13683"}],"version-history":[{"count":8,"href":"https:\/\/jungfraualetsch.ch\/fr\/wp-json\/wp\/v2\/pages\/13683\/revisions"}],"predecessor-version":[{"id":13809,"href":"https:\/\/jungfraualetsch.ch\/fr\/wp-json\/wp\/v2\/pages\/13683\/revisions\/13809"}],"up":[{"embeddable":true,"href":"https:\/\/jungfraualetsch.ch\/fr\/wp-json\/wp\/v2\/pages\/3428"}],"wp:attachment":[{"href":"https:\/\/jungfraualetsch.ch\/fr\/wp-json\/wp\/v2\/media?parent=13683"}],"curies":[{"name":"wp","href":"https:\/\/api.w.org\/{rel}","templated":true}]}}