{"id":13676,"date":"2026-01-15T10:26:19","date_gmt":"2026-01-15T10:26:19","guid":{"rendered":"https:\/\/jungfraualetsch.ch\/?page_id=13676"},"modified":"2026-01-23T17:27:07","modified_gmt":"2026-01-23T17:27:07","slug":"patrimoine-culturel-immateriel","status":"publish","type":"page","link":"https:\/\/jungfraualetsch.ch\/fr\/preserver-et-valoriser\/projets-de-promotion\/patrimoine-culturel-immateriel\/","title":{"rendered":"Patrimoine culturel immat\u00e9riel"},"content":{"rendered":"<p>[et_pb_section fb_built=\u00a0\u00bb1&Prime; fullwidth=\u00a0\u00bbon\u00a0\u00bb _builder_version=\u00a0\u00bb4.16&Prime; _module_preset=\u00a0\u00bbdefault\u00a0\u00bb background_image=\u00a0\u00bbhttps:\/\/jungfraualetsch.ch\/wp-content\/uploads\/2021\/03\/header_03_welterbe_pat_IMG_0916-scaled.jpg\u00a0\u00bb parallax=\u00a0\u00bbon\u00a0\u00bb bottom_divider_style=\u00a0\u00bbslant2&Prime; bottom_divider_color=\u00a0\u00bb#FFFFFF\u00a0\u00bb bottom_divider_flip=\u00a0\u00bbhorizontal\u00a0\u00bb bottom_divider_height_tablet=\u00a0\u00bb\u00a0\u00bb bottom_divider_height_phone=\u00a0\u00bb\u00a0\u00bb bottom_divider_height_last_edited=\u00a0\u00bbon|desktop\u00a0\u00bb custom_css_main_element=\u00a0\u00bbmin-height: 45vh;\u00a0\u00bb global_colors_info=\u00a0\u00bb{}\u00a0\u00bb][\/et_pb_section][et_pb_section fb_built=\u00a0\u00bb1&Prime; _builder_version=\u00a0\u00bb4.16&Prime; _module_preset=\u00a0\u00bbdefault\u00a0\u00bb background_enable_color=\u00a0\u00bboff\u00a0\u00bb background_enable_image=\u00a0\u00bboff\u00a0\u00bb top_divider_flip=\u00a0\u00bbhorizontal\u00a0\u00bb global_colors_info=\u00a0\u00bb{}\u00a0\u00bb][et_pb_row _builder_version=\u00a0\u00bb4.16&Prime; _module_preset=\u00a0\u00bbdefault\u00a0\u00bb global_colors_info=\u00a0\u00bb{}\u00a0\u00bb][et_pb_column type=\u00a0\u00bb4_4&Prime; _builder_version=\u00a0\u00bb4.16&Prime; _module_preset=\u00a0\u00bbdefault\u00a0\u00bb global_colors_info=\u00a0\u00bb{}\u00a0\u00bb][et_pb_text admin_label=\u00a0\u00bbTitel\u00a0\u00bb _builder_version=\u00a0\u00bb4.27.5&Prime; _module_preset=\u00a0\u00bbdefault\u00a0\u00bb global_colors_info=\u00a0\u00bb{}\u00a0\u00bb]<\/p>\n<h1>Traditions vivantes <\/h1>\n<p>[\/et_pb_text][\/et_pb_column][\/et_pb_row][et_pb_row column_structure=\u00a0\u00bb3_4,1_4&Prime; _builder_version=\u00a0\u00bb4.16&Prime; _module_preset=\u00a0\u00bbdefault\u00a0\u00bb global_colors_info=\u00a0\u00bb{}\u00a0\u00bb][et_pb_column type=\u00a0\u00bb3_4&Prime; _builder_version=\u00a0\u00bb4.16&Prime; _module_preset=\u00a0\u00bbdefault\u00a0\u00bb global_colors_info=\u00a0\u00bb{}\u00a0\u00bb][et_pb_text _builder_version=\u00a0\u00bb4.27.5&Prime; _module_preset=\u00a0\u00bbdefault\u00a0\u00bb hover_enabled=\u00a0\u00bb0&Prime; global_colors_info=\u00a0\u00bb{}\u00a0\u00bb sticky_enabled=\u00a0\u00bb0&Prime;]<\/p>\n<p><strong>Bref aper\u00e7u<\/strong><br \/>Le patrimoine culturel immat\u00e9riel se compose de traditions vivantes transmises de g\u00e9n\u00e9ration en g\u00e9n\u00e9ration, qui conf\u00e8rent aux communaut\u00e9s un sentiment d\u2019identit\u00e9. Il est tr\u00e8s divers (pratiques, performances, modes d\u2019expressions, savoirs ou comp\u00e9tences) et, contrairement au patrimoine mat\u00e9riel, il est constamment transform\u00e9 et recr\u00e9\u00e9 par les communaut\u00e9s pour r\u00e9pondre aux besoins actuels.<\/p>\n<p>L\u2019importance d&rsquo;un patrimoine culturel immat\u00e9riel s\u2019\u00e9tend \u00e9galement \u00e0 l\u2019apparence des paysages et des r\u00e9gions. Les formes de gestion traditionnelles favorisent le d\u00e9veloppement durable et contribuent \u00e0 la pr\u00e9servation de la qualit\u00e9 des paysages.<\/p>\n<p><strong>Nos actions<\/strong><br \/>La Fondation SAJA soutient la pr\u00e9servation et la mise en pratique des savoirs locaux et des pratiques traditionnelles gr\u00e2ce \u00e0 la documentation et l\u2019inventaire, au conseil aux acteurs concern\u00e9s, ainsi qu\u2019\u00e0 l\u2019initiation et l\u2019accompagnement de projets appliqu\u00e9s.<\/p>\n<p>Ainsi, non seulement les pratiques agricoles traditionnelles, les savoirs locaux et les traditions sont pr\u00e9serv\u00e9s, mais la qualit\u00e9 paysag\u00e8re est \u00e9galement renforc\u00e9e. Parmi les projets en cours figurent notamment : la restauration de murs en pierres s\u00e8ches, les interventions pour l\u2019entretien des bisses ou la sensibilisation des \u00e9l\u00e8ves gr\u00e2ce \u00e0 diff\u00e9rents modules d\u2019EDD (\u00c9ducation au D\u00e9veloppement Durable).<\/p>\n<p><strong>Informations compl\u00e9mentaires (en allemand)<\/strong><\/p>\n<ul>\n<li><a href=\"https:\/\/jungfraualetsch.ch\/wp-content\/uploads\/2023\/11\/Konzept_IKE_web.pdf\" target=\"_blank\" rel=\"noopener\">Konzept \u00abLebendige Traditionen\u00bb<\/a><\/li>\n<\/ul>\n<p>[\/et_pb_text][\/et_pb_column][et_pb_column type=\u00a0\u00bb1_4&Prime; _builder_version=\u00a0\u00bb4.16&Prime; _module_preset=\u00a0\u00bbdefault\u00a0\u00bb global_colors_info=\u00a0\u00bb{}\u00a0\u00bb][\/et_pb_column][\/et_pb_row][et_pb_row _builder_version=\u00a0\u00bb4.16&Prime; _module_preset=\u00a0\u00bbdefault\u00a0\u00bb global_colors_info=\u00a0\u00bb{}\u00a0\u00bb][et_pb_column type=\u00a0\u00bb4_4&Prime; _builder_version=\u00a0\u00bb4.16&Prime; _module_preset=\u00a0\u00bbdefault\u00a0\u00bb global_colors_info=\u00a0\u00bb{}\u00a0\u00bb][et_pb_gallery gallery_ids=\u00a0\u00bb10011,10003,9196&Prime; gallery_orderby=\u00a0\u00bbrand\u00a0\u00bb fullwidth=\u00a0\u00bbon\u00a0\u00bb _builder_version=\u00a0\u00bb4.27.5&Prime; _module_preset=\u00a0\u00bbdefault\u00a0\u00bb auto=\u00a0\u00bbon\u00a0\u00bb auto_speed=\u00a0\u00bb3500&Prime; global_colors_info=\u00a0\u00bb{}\u00a0\u00bb][\/et_pb_gallery][\/et_pb_column][\/et_pb_row][\/et_pb_section]<\/p>\n","protected":false},"excerpt":{"rendered":"<p>Traditions vivantes Bref aper\u00e7uLe patrimoine culturel immat\u00e9riel se compose de traditions vivantes transmises de g\u00e9n\u00e9ration en g\u00e9n\u00e9ration, qui conf\u00e8rent aux communaut\u00e9s un sentiment d\u2019identit\u00e9. Il est tr\u00e8s divers (pratiques, performances, modes d\u2019expressions, savoirs ou comp\u00e9tences) et, contrairement au patrimoine mat\u00e9riel, il est constamment transform\u00e9 et recr\u00e9\u00e9 par les communaut\u00e9s pour r\u00e9pondre aux besoins actuels. L\u2019importance [&hellip;]<\/p>\n","protected":false},"author":1,"featured_media":0,"parent":3428,"menu_order":44,"comment_status":"closed","ping_status":"closed","template":"","meta":{"_et_pb_use_builder":"on","_et_pb_old_content":"<p>[et_pb_section fb_built=\"1\" fullwidth=\"on\" _builder_version=\"4.16\" _module_preset=\"default\" background_image=\"https:\/\/jungfraualetsch.ch\/wp-content\/uploads\/2021\/03\/header_03_welterbe_pat_IMG_0916-scaled.jpg\" parallax=\"on\" bottom_divider_style=\"slant2\" bottom_divider_color=\"#FFFFFF\" bottom_divider_flip=\"horizontal\" bottom_divider_height_tablet=\"\" bottom_divider_height_phone=\"\" bottom_divider_height_last_edited=\"on|desktop\" custom_css_main_element=\"min-height: 45vh;\" global_colors_info=\"{}\"][\/et_pb_section][et_pb_section fb_built=\"1\" _builder_version=\"4.16\" _module_preset=\"default\" background_enable_color=\"off\" background_enable_image=\"off\" top_divider_flip=\"horizontal\" global_colors_info=\"{}\"][et_pb_row _builder_version=\"4.16\" _module_preset=\"default\" global_colors_info=\"{}\"][et_pb_column type=\"4_4\" _builder_version=\"4.16\" _module_preset=\"default\" global_colors_info=\"{}\"][et_pb_text admin_label=\"Titel\" _builder_version=\"4.18.1\" _module_preset=\"default\" global_colors_info=\"{}\"]<\/p><h1>Immaterielles Kulturerbe<\/h1><p>[\/et_pb_text][\/et_pb_column][\/et_pb_row][et_pb_row column_structure=\"3_4,1_4\" _builder_version=\"4.16\" _module_preset=\"default\" global_colors_info=\"{}\"][et_pb_column type=\"3_4\" _builder_version=\"4.16\" _module_preset=\"default\" global_colors_info=\"{}\"][et_pb_text _builder_version=\"4.18.1\" _module_preset=\"default\" hover_enabled=\"0\" global_colors_info=\"{}\" sticky_enabled=\"0\"]<\/p><p><strong>Kurzbericht<\/strong><br \/>Immaterielles Kulturgut besteht aus lebendigen Traditionen, die \u00fcber Generationen weitergegeben werden und den Gemeinschaften ein Gef\u00fchl der Identit\u00e4t vermitteln. Sie sind sehr vielf\u00e4ltig (Praktiken, Darbietungen, Ausdrucksweisen, Kenntnisse oder F\u00e4higkeiten) und werden im Gegensatz zum materiellen Kulturerbe von Gemeinschaften st\u00e4ndig ver\u00e4ndert und neu geschaffen, da sie sich an den aktuellen Bed\u00fcrfnissen orientieren. Zudem ist die Bedeutung des immateriellen Kulturerbes f\u00fcr das Erscheinungsbild der Landschaft und der Regionen massgebend. Denn traditionelle Bewirtschaftungsformen f\u00f6rdern die nachhaltige Entwicklung sowie die Erhaltung der Landschaftsqualit\u00e4t.<\/p><p><strong>Massnahmen<\/strong><br \/>Die Stiftung SAJA f\u00f6rdert den Erhalt und die Anwendung von lokalem Wissen und traditionellen Praktiken durch Dokumentation und Inventarisierung, durch die Beratung betroffener Akteure und durch die Initiierung und Begleitung von anwendungsbezogenen Projekten. Dadurch werden nicht nur traditionelle landwirtschaftliche Praktiken, lokales Wissen und Traditionen erhalten, sondern zus\u00e4tzlich auch ein Beitrag an eine hohe Landschaftsqualit\u00e4t geleistet. Laufende Projekte sind zum Beispiel die Sanierung von Trockensteinmauern, Landschaftspflegeeins\u00e4tze zur Instandstellung von Suonen oder die Sensibilisierung durch verschiedene BNE-Module (Bildung f\u00fcr Nachhaltige Entwicklung) f\u00fcr Schulklassen.<\/p><p><strong>Weitere Informationen<\/strong><\/p><ul><li><a href=\"https:\/\/jungfraualetsch.ch\/wp-content\/uploads\/2023\/11\/Konzept_IKE_web.pdf\" target=\"_blank\" rel=\"noopener\">Konzept \u00abLebendige Traditionen\u00bb<\/a><\/li><\/ul><p>[\/et_pb_text][\/et_pb_column][et_pb_column type=\"1_4\" _builder_version=\"4.16\" _module_preset=\"default\" global_colors_info=\"{}\"][\/et_pb_column][\/et_pb_row][et_pb_row _builder_version=\"4.16\" _module_preset=\"default\" global_colors_info=\"{}\"][et_pb_column type=\"4_4\" _builder_version=\"4.16\" _module_preset=\"default\" global_colors_info=\"{}\"][et_pb_gallery gallery_ids=\"10009,10005,10001\" gallery_orderby=\"rand\" fullwidth=\"on\" _builder_version=\"4.18.1\" _module_preset=\"default\" auto=\"on\" auto_speed=\"3500\" global_colors_info=\"{}\"][\/et_pb_gallery][\/et_pb_column][\/et_pb_row][\/et_pb_section]<\/p>","_et_gb_content_width":"","footnotes":""},"class_list":["post-13676","page","type-page","status-publish","hentry"],"yoast_head":"<!-- This site is optimized with the Yoast SEO plugin v27.1.1 - https:\/\/yoast.com\/product\/yoast-seo-wordpress\/ -->\n<title>Patrimoine culturel immat\u00e9riel - UNESCO World Heritage Swiss Alps Jungfrau-Aletsch<\/title>\n<meta name=\"robots\" content=\"index, follow, max-snippet:-1, max-image-preview:large, max-video-preview:-1\" \/>\n<link rel=\"canonical\" href=\"https:\/\/jungfraualetsch.ch\/fr\/preserver-et-valoriser\/projets-de-promotion\/patrimoine-culturel-immateriel\/\" \/>\n<meta property=\"og:locale\" content=\"fr_FR\" \/>\n<meta property=\"og:type\" content=\"article\" \/>\n<meta property=\"og:title\" content=\"Patrimoine culturel immat\u00e9riel - UNESCO World Heritage Swiss Alps Jungfrau-Aletsch\" \/>\n<meta property=\"og:description\" content=\"Traditions vivantes Bref aper\u00e7uLe patrimoine culturel immat\u00e9riel se compose de traditions vivantes transmises de g\u00e9n\u00e9ration en g\u00e9n\u00e9ration, qui conf\u00e8rent aux communaut\u00e9s un sentiment d\u2019identit\u00e9. Il est tr\u00e8s divers (pratiques, performances, modes d\u2019expressions, savoirs ou comp\u00e9tences) et, contrairement au patrimoine mat\u00e9riel, il est constamment transform\u00e9 et recr\u00e9\u00e9 par les communaut\u00e9s pour r\u00e9pondre aux besoins actuels. L\u2019importance [&hellip;]\" \/>\n<meta property=\"og:url\" content=\"https:\/\/jungfraualetsch.ch\/fr\/preserver-et-valoriser\/projets-de-promotion\/patrimoine-culturel-immateriel\/\" \/>\n<meta property=\"og:site_name\" content=\"UNESCO World Heritage Swiss Alps Jungfrau-Aletsch\" \/>\n<meta property=\"article:modified_time\" content=\"2026-01-23T17:27:07+00:00\" \/>\n<meta name=\"twitter:card\" content=\"summary_large_image\" \/>\n<meta name=\"twitter:label1\" content=\"Dur\u00e9e de lecture estim\u00e9e\" \/>\n\t<meta name=\"twitter:data1\" content=\"2 minutes\" \/>\n<script type=\"application\/ld+json\" class=\"yoast-schema-graph\">{\"@context\":\"https:\/\/schema.org\",\"@graph\":[{\"@type\":\"WebPage\",\"@id\":\"https:\/\/jungfraualetsch.ch\/fr\/preserver-et-valoriser\/projets-de-promotion\/patrimoine-culturel-immateriel\/\",\"url\":\"https:\/\/jungfraualetsch.ch\/fr\/preserver-et-valoriser\/projets-de-promotion\/patrimoine-culturel-immateriel\/\",\"name\":\"Patrimoine culturel immat\u00e9riel - UNESCO World Heritage Swiss Alps Jungfrau-Aletsch\",\"isPartOf\":{\"@id\":\"https:\/\/jungfraualetsch.ch\/#website\"},\"datePublished\":\"2026-01-15T10:26:19+00:00\",\"dateModified\":\"2026-01-23T17:27:07+00:00\",\"breadcrumb\":{\"@id\":\"https:\/\/jungfraualetsch.ch\/fr\/preserver-et-valoriser\/projets-de-promotion\/patrimoine-culturel-immateriel\/#breadcrumb\"},\"inLanguage\":\"fr-FR\",\"potentialAction\":[{\"@type\":\"ReadAction\",\"target\":[\"https:\/\/jungfraualetsch.ch\/fr\/preserver-et-valoriser\/projets-de-promotion\/patrimoine-culturel-immateriel\/\"]}]},{\"@type\":\"BreadcrumbList\",\"@id\":\"https:\/\/jungfraualetsch.ch\/fr\/preserver-et-valoriser\/projets-de-promotion\/patrimoine-culturel-immateriel\/#breadcrumb\",\"itemListElement\":[{\"@type\":\"ListItem\",\"position\":1,\"name\":\"Startseite\",\"item\":\"https:\/\/jungfraualetsch.ch\/fr\/\"},{\"@type\":\"ListItem\",\"position\":2,\"name\":\"Pr\u00e9server et valoriser\",\"item\":\"https:\/\/jungfraualetsch.ch\/fr\/preserver-et-valoriser\/\"},{\"@type\":\"ListItem\",\"position\":3,\"name\":\"Projets de promotion\",\"item\":\"https:\/\/jungfraualetsch.ch\/fr\/preserver-et-valoriser\/projets-de-promotion\/\"},{\"@type\":\"ListItem\",\"position\":4,\"name\":\"Patrimoine culturel immat\u00e9riel\"}]},{\"@type\":\"WebSite\",\"@id\":\"https:\/\/jungfraualetsch.ch\/#website\",\"url\":\"https:\/\/jungfraualetsch.ch\/\",\"name\":\"UNESCO World Heritage Swiss Alps Jungfrau-Aletsch\",\"description\":\"\",\"potentialAction\":[{\"@type\":\"SearchAction\",\"target\":{\"@type\":\"EntryPoint\",\"urlTemplate\":\"https:\/\/jungfraualetsch.ch\/?s={search_term_string}\"},\"query-input\":{\"@type\":\"PropertyValueSpecification\",\"valueRequired\":true,\"valueName\":\"search_term_string\"}}],\"inLanguage\":\"fr-FR\"}]}<\/script>\n<!-- \/ Yoast SEO plugin. -->","yoast_head_json":{"title":"Patrimoine culturel immat\u00e9riel - UNESCO World Heritage Swiss Alps Jungfrau-Aletsch","robots":{"index":"index","follow":"follow","max-snippet":"max-snippet:-1","max-image-preview":"max-image-preview:large","max-video-preview":"max-video-preview:-1"},"canonical":"https:\/\/jungfraualetsch.ch\/fr\/preserver-et-valoriser\/projets-de-promotion\/patrimoine-culturel-immateriel\/","og_locale":"fr_FR","og_type":"article","og_title":"Patrimoine culturel immat\u00e9riel - UNESCO World Heritage Swiss Alps Jungfrau-Aletsch","og_description":"Traditions vivantes Bref aper\u00e7uLe patrimoine culturel immat\u00e9riel se compose de traditions vivantes transmises de g\u00e9n\u00e9ration en g\u00e9n\u00e9ration, qui conf\u00e8rent aux communaut\u00e9s un sentiment d\u2019identit\u00e9. Il est tr\u00e8s divers (pratiques, performances, modes d\u2019expressions, savoirs ou comp\u00e9tences) et, contrairement au patrimoine mat\u00e9riel, il est constamment transform\u00e9 et recr\u00e9\u00e9 par les communaut\u00e9s pour r\u00e9pondre aux besoins actuels. L\u2019importance [&hellip;]","og_url":"https:\/\/jungfraualetsch.ch\/fr\/preserver-et-valoriser\/projets-de-promotion\/patrimoine-culturel-immateriel\/","og_site_name":"UNESCO World Heritage Swiss Alps Jungfrau-Aletsch","article_modified_time":"2026-01-23T17:27:07+00:00","twitter_card":"summary_large_image","twitter_misc":{"Dur\u00e9e de lecture estim\u00e9e":"2 minutes"},"schema":{"@context":"https:\/\/schema.org","@graph":[{"@type":"WebPage","@id":"https:\/\/jungfraualetsch.ch\/fr\/preserver-et-valoriser\/projets-de-promotion\/patrimoine-culturel-immateriel\/","url":"https:\/\/jungfraualetsch.ch\/fr\/preserver-et-valoriser\/projets-de-promotion\/patrimoine-culturel-immateriel\/","name":"Patrimoine culturel immat\u00e9riel - UNESCO World Heritage Swiss Alps Jungfrau-Aletsch","isPartOf":{"@id":"https:\/\/jungfraualetsch.ch\/#website"},"datePublished":"2026-01-15T10:26:19+00:00","dateModified":"2026-01-23T17:27:07+00:00","breadcrumb":{"@id":"https:\/\/jungfraualetsch.ch\/fr\/preserver-et-valoriser\/projets-de-promotion\/patrimoine-culturel-immateriel\/#breadcrumb"},"inLanguage":"fr-FR","potentialAction":[{"@type":"ReadAction","target":["https:\/\/jungfraualetsch.ch\/fr\/preserver-et-valoriser\/projets-de-promotion\/patrimoine-culturel-immateriel\/"]}]},{"@type":"BreadcrumbList","@id":"https:\/\/jungfraualetsch.ch\/fr\/preserver-et-valoriser\/projets-de-promotion\/patrimoine-culturel-immateriel\/#breadcrumb","itemListElement":[{"@type":"ListItem","position":1,"name":"Startseite","item":"https:\/\/jungfraualetsch.ch\/fr\/"},{"@type":"ListItem","position":2,"name":"Pr\u00e9server et valoriser","item":"https:\/\/jungfraualetsch.ch\/fr\/preserver-et-valoriser\/"},{"@type":"ListItem","position":3,"name":"Projets de promotion","item":"https:\/\/jungfraualetsch.ch\/fr\/preserver-et-valoriser\/projets-de-promotion\/"},{"@type":"ListItem","position":4,"name":"Patrimoine culturel immat\u00e9riel"}]},{"@type":"WebSite","@id":"https:\/\/jungfraualetsch.ch\/#website","url":"https:\/\/jungfraualetsch.ch\/","name":"UNESCO World Heritage Swiss Alps Jungfrau-Aletsch","description":"","potentialAction":[{"@type":"SearchAction","target":{"@type":"EntryPoint","urlTemplate":"https:\/\/jungfraualetsch.ch\/?s={search_term_string}"},"query-input":{"@type":"PropertyValueSpecification","valueRequired":true,"valueName":"search_term_string"}}],"inLanguage":"fr-FR"}]}},"_links":{"self":[{"href":"https:\/\/jungfraualetsch.ch\/fr\/wp-json\/wp\/v2\/pages\/13676","targetHints":{"allow":["GET"]}}],"collection":[{"href":"https:\/\/jungfraualetsch.ch\/fr\/wp-json\/wp\/v2\/pages"}],"about":[{"href":"https:\/\/jungfraualetsch.ch\/fr\/wp-json\/wp\/v2\/types\/page"}],"author":[{"embeddable":true,"href":"https:\/\/jungfraualetsch.ch\/fr\/wp-json\/wp\/v2\/users\/1"}],"replies":[{"embeddable":true,"href":"https:\/\/jungfraualetsch.ch\/fr\/wp-json\/wp\/v2\/comments?post=13676"}],"version-history":[{"count":7,"href":"https:\/\/jungfraualetsch.ch\/fr\/wp-json\/wp\/v2\/pages\/13676\/revisions"}],"predecessor-version":[{"id":13807,"href":"https:\/\/jungfraualetsch.ch\/fr\/wp-json\/wp\/v2\/pages\/13676\/revisions\/13807"}],"up":[{"embeddable":true,"href":"https:\/\/jungfraualetsch.ch\/fr\/wp-json\/wp\/v2\/pages\/3428"}],"wp:attachment":[{"href":"https:\/\/jungfraualetsch.ch\/fr\/wp-json\/wp\/v2\/media?parent=13676"}],"curies":[{"name":"wp","href":"https:\/\/api.w.org\/{rel}","templated":true}]}}