{"id":13668,"date":"2026-01-15T10:14:06","date_gmt":"2026-01-15T10:14:06","guid":{"rendered":"https:\/\/jungfraualetsch.ch\/?page_id=13668"},"modified":"2026-01-23T17:22:12","modified_gmt":"2026-01-23T17:22:12","slug":"tarier-des-pres","status":"publish","type":"page","link":"https:\/\/jungfraualetsch.ch\/fr\/preserver-et-valoriser\/projets-de-promotion\/tarier-des-pres\/","title":{"rendered":"Tarier des pr\u00e9s"},"content":{"rendered":"<p>[et_pb_section fb_built=\u00a0\u00bb1&Prime; fullwidth=\u00a0\u00bbon\u00a0\u00bb _builder_version=\u00a0\u00bb4.16&Prime; _module_preset=\u00a0\u00bbdefault\u00a0\u00bb background_image=\u00a0\u00bbhttps:\/\/jungfraualetsch.ch\/wp-content\/uploads\/2021\/03\/header_03_welterbe_pat_IMG_0916-scaled.jpg\u00a0\u00bb parallax=\u00a0\u00bbon\u00a0\u00bb bottom_divider_style=\u00a0\u00bbslant2&Prime; bottom_divider_color=\u00a0\u00bb#FFFFFF\u00a0\u00bb bottom_divider_flip=\u00a0\u00bbhorizontal\u00a0\u00bb bottom_divider_height_tablet=\u00a0\u00bb\u00a0\u00bb bottom_divider_height_phone=\u00a0\u00bb\u00a0\u00bb bottom_divider_height_last_edited=\u00a0\u00bbon|desktop\u00a0\u00bb custom_css_main_element=\u00a0\u00bbmin-height: 45vh;\u00a0\u00bb global_colors_info=\u00a0\u00bb{}\u00a0\u00bb][\/et_pb_section][et_pb_section fb_built=\u00a0\u00bb1&Prime; _builder_version=\u00a0\u00bb4.16&Prime; _module_preset=\u00a0\u00bbdefault\u00a0\u00bb background_enable_color=\u00a0\u00bboff\u00a0\u00bb background_enable_image=\u00a0\u00bboff\u00a0\u00bb top_divider_flip=\u00a0\u00bbhorizontal\u00a0\u00bb global_colors_info=\u00a0\u00bb{}\u00a0\u00bb][et_pb_row _builder_version=\u00a0\u00bb4.16&Prime; _module_preset=\u00a0\u00bbdefault\u00a0\u00bb global_colors_info=\u00a0\u00bb{}\u00a0\u00bb][et_pb_column type=\u00a0\u00bb4_4&Prime; _builder_version=\u00a0\u00bb4.16&Prime; _module_preset=\u00a0\u00bbdefault\u00a0\u00bb global_colors_info=\u00a0\u00bb{}\u00a0\u00bb][et_pb_text admin_label=\u00a0\u00bbTitel\u00a0\u00bb _builder_version=\u00a0\u00bb4.27.5&Prime; _module_preset=\u00a0\u00bbdefault\u00a0\u00bb global_colors_info=\u00a0\u00bb{}\u00a0\u00bb]<\/p>\n<h1>Tarier des pr\u00e9s <\/h1>\n<p>[\/et_pb_text][\/et_pb_column][\/et_pb_row][et_pb_row column_structure=\u00a0\u00bb3_4,1_4&Prime; _builder_version=\u00a0\u00bb4.16&Prime; _module_preset=\u00a0\u00bbdefault\u00a0\u00bb global_colors_info=\u00a0\u00bb{}\u00a0\u00bb][et_pb_column type=\u00a0\u00bb3_4&Prime; _builder_version=\u00a0\u00bb4.16&Prime; _module_preset=\u00a0\u00bbdefault\u00a0\u00bb global_colors_info=\u00a0\u00bb{}\u00a0\u00bb][et_pb_text _builder_version=\u00a0\u00bb4.27.5&Prime; _module_preset=\u00a0\u00bbdefault\u00a0\u00bb hover_enabled=\u00a0\u00bb0&Prime; global_colors_info=\u00a0\u00bb{}\u00a0\u00bb sticky_enabled=\u00a0\u00bb0&Prime;]<\/p>\n<p>Le tarier des pr\u00e9s a connu un d\u00e9clin rapide au cours des deux \u00e0 trois derni\u00e8res d\u00e9cennies dans toute son aire de r\u00e9partition naturelle. En Suisse, sa population a diminu\u00e9 de plus de moiti\u00e9 depuis 2000.<\/p>\n<p>Ce d\u00e9clin s\u2019explique principalement par deux facteurs : la diminution du nombre d\u2019insectes et la disparition des sites de nidification adapt\u00e9s. Le tarier des pr\u00e9s niche au sol, dans des prairies riches en fleurs et en biodiversit\u00e9. L\u2019intensification de l\u2019agriculture entra\u00eene une fauche plus pr\u00e9coce et plus fr\u00e9quente de ces prairies, ce qui r\u00e9duit fortement le succ\u00e8s des nich\u00e9es.<\/p>\n<p>Aujourd\u2019hui, cet oiseau a presque disparu des basses altitudes de Suisse et ne se rencontre plus que dans des prairies de montagne encore peu exploit\u00e9es. Mais m\u00eame ces habitats sont de plus en plus intensivement utilis\u00e9s, mena\u00e7ant directement la survie de l\u2019esp\u00e8ce.<\/p>\n<p><strong>Nos actions<\/strong><br \/>La Fondation du patrimoine mondial SAJA suit attentivement les populations du Tarier des pr\u00e9s dans la vall\u00e9e du L\u00f6tschental, en collaboration avec BirdLife Haut-Valais et la Station Ornithologique Suisse. Pendant l\u2019\u00e9t\u00e9, plusieurs journ\u00e9es d\u2019observation sont organis\u00e9es pour rep\u00e9rer et cartographier les individus. Ces donn\u00e9es permettent ensuite de discuter avec les acteurs locaux des mesures \u00e0 mettre en place pour prot\u00e9ger cet oiseau embl\u00e9matique.<\/p>\n<p><strong>Informations compl\u00e9mentaires (en allemand)<br \/><\/strong><a href=\"https:\/\/www.birdlife.ch\/de\/content\/artenfoerderungsprogramm-braunkehlchen\" target=\"_blank\" rel=\"noopener\">Artenf\u00f6rderungsprogramm Braunkehlchen<\/a> (BirdLife)<\/p>\n<p>[\/et_pb_text][\/et_pb_column][et_pb_column type=\u00a0\u00bb1_4&Prime; _builder_version=\u00a0\u00bb4.16&Prime; _module_preset=\u00a0\u00bbdefault\u00a0\u00bb global_colors_info=\u00a0\u00bb{}\u00a0\u00bb][\/et_pb_column][\/et_pb_row][et_pb_row _builder_version=\u00a0\u00bb4.16&Prime; _module_preset=\u00a0\u00bbdefault\u00a0\u00bb global_colors_info=\u00a0\u00bb{}\u00a0\u00bb][et_pb_column type=\u00a0\u00bb4_4&Prime; _builder_version=\u00a0\u00bb4.16&Prime; _module_preset=\u00a0\u00bbdefault\u00a0\u00bb global_colors_info=\u00a0\u00bb{}\u00a0\u00bb][et_pb_gallery gallery_ids=\u00a0\u00bb9921,9917,9913&Prime; gallery_orderby=\u00a0\u00bbrand\u00a0\u00bb fullwidth=\u00a0\u00bbon\u00a0\u00bb _builder_version=\u00a0\u00bb4.18.1&Prime; _module_preset=\u00a0\u00bbdefault\u00a0\u00bb auto=\u00a0\u00bbon\u00a0\u00bb auto_speed=\u00a0\u00bb3500&Prime; global_colors_info=\u00a0\u00bb{}\u00a0\u00bb][\/et_pb_gallery][\/et_pb_column][\/et_pb_row][\/et_pb_section]<\/p>\n","protected":false},"excerpt":{"rendered":"<p>Tarier des pr\u00e9s Le tarier des pr\u00e9s a connu un d\u00e9clin rapide au cours des deux \u00e0 trois derni\u00e8res d\u00e9cennies dans toute son aire de r\u00e9partition naturelle. En Suisse, sa population a diminu\u00e9 de plus de moiti\u00e9 depuis 2000. Ce d\u00e9clin s\u2019explique principalement par deux facteurs : la diminution du nombre d\u2019insectes et la disparition [&hellip;]<\/p>\n","protected":false},"author":1,"featured_media":0,"parent":3428,"menu_order":44,"comment_status":"closed","ping_status":"closed","template":"","meta":{"_et_pb_use_builder":"on","_et_pb_old_content":"<p>[et_pb_section fb_built=\"1\" fullwidth=\"on\" _builder_version=\"4.16\" _module_preset=\"default\" background_image=\"https:\/\/jungfraualetsch.ch\/wp-content\/uploads\/2021\/03\/header_03_welterbe_pat_IMG_0916-scaled.jpg\" parallax=\"on\" bottom_divider_style=\"slant2\" bottom_divider_color=\"#FFFFFF\" bottom_divider_flip=\"horizontal\" bottom_divider_height_tablet=\"\" bottom_divider_height_phone=\"\" bottom_divider_height_last_edited=\"on|desktop\" custom_css_main_element=\"min-height: 45vh;\" global_colors_info=\"{}\"][\/et_pb_section][et_pb_section fb_built=\"1\" _builder_version=\"4.16\" _module_preset=\"default\" background_enable_color=\"off\" background_enable_image=\"off\" top_divider_flip=\"horizontal\" global_colors_info=\"{}\"][et_pb_row _builder_version=\"4.16\" _module_preset=\"default\" global_colors_info=\"{}\"][et_pb_column type=\"4_4\" _builder_version=\"4.16\" _module_preset=\"default\" global_colors_info=\"{}\"][et_pb_text admin_label=\"Titel\" _builder_version=\"4.18.1\" _module_preset=\"default\" global_colors_info=\"{}\"]<\/p><h1>Braunkehlchen<\/h1><p>[\/et_pb_text][\/et_pb_column][\/et_pb_row][et_pb_row column_structure=\"3_4,1_4\" _builder_version=\"4.16\" _module_preset=\"default\" global_colors_info=\"{}\"][et_pb_column type=\"3_4\" _builder_version=\"4.16\" _module_preset=\"default\" global_colors_info=\"{}\"][et_pb_text _builder_version=\"4.18.1\" _module_preset=\"default\" hover_enabled=\"0\" global_colors_info=\"{}\" sticky_enabled=\"0\"]<\/p><p><strong>Kurzbericht<\/strong><br \/>Das Braunkehlchen hat in den letzten zwei bis drei Jahrzenten in seinem gesamten nat\u00fcrlichen Verbreitungsgebiet einen raschen R\u00fcckgang erlebt. In der Schweiz hat sich sein Bestand seit 2000 mehr als halbiert. Grund f\u00fcr ein solch rascher R\u00fcckgang ist einerseits die abnehmende Menge an Insekten, vor allem aber das Verschwinden von geeigneten Brutpl\u00e4tzen: das Braunkehlchen br\u00fctet am Boden, in blumenreichen und vielf\u00e4ltigen Wiesen. Durch die Intensivierung der Landwirtschaft werden diese Wiesen immer fr\u00fcher und h\u00e4ufiger gem\u00e4ht, was die Erfolgsrate der Bruten erheblich verringert. Das Braunkehlchen ist aus den tiefen Lagen der Schweiz weitgehend verschwunden und besiedelt noch extensiv genutzte Wiesen im Berggebiet. Aber auch diese Gebiete werden immer intensiver bewirtschaftet, was das Braunkehlchen vom Aussterben bedroht.<\/p><p><strong>Massnahmen<\/strong><br \/>Die Stiftung UNESCO-Welterbe SAJA unternimmt ein Monitoring des Braunkehlchens im L\u00f6tschental, begleitet von BirdLife Oberwallis und der Schweizerischen Vogelwarte. An mehreren Tagen im Sommer werden Braunkehlchen Individuen beobachtet und kartiert. Zusammen mit den betroffenen Akteuren werden verschiedene Massnahmen diskutiert.<\/p><p><strong>Weitere Informationen<\/strong><br \/><a href=\"https:\/\/www.birdlife.ch\/de\/content\/artenfoerderungsprogramm-braunkehlchen\" target=\"_blank\" rel=\"noopener\">Artenf\u00f6rderungsprogramm Braunkehlchen<\/a> (BirdLife)<\/p><p>[\/et_pb_text][\/et_pb_column][et_pb_column type=\"1_4\" _builder_version=\"4.16\" _module_preset=\"default\" global_colors_info=\"{}\"][\/et_pb_column][\/et_pb_row][et_pb_row _builder_version=\"4.16\" _module_preset=\"default\" global_colors_info=\"{}\"][et_pb_column type=\"4_4\" _builder_version=\"4.16\" _module_preset=\"default\" global_colors_info=\"{}\"][et_pb_gallery gallery_ids=\"9919,9915,9911\" gallery_orderby=\"rand\" fullwidth=\"on\" _builder_version=\"4.18.1\" _module_preset=\"default\" auto=\"on\" auto_speed=\"3500\" global_colors_info=\"{}\"][\/et_pb_gallery][\/et_pb_column][\/et_pb_row][\/et_pb_section]<\/p>","_et_gb_content_width":"","footnotes":""},"class_list":["post-13668","page","type-page","status-publish","hentry"],"yoast_head":"<!-- This site is optimized with the Yoast SEO plugin v27.1.1 - https:\/\/yoast.com\/product\/yoast-seo-wordpress\/ -->\n<title>Tarier des pr\u00e9s - UNESCO World Heritage Swiss Alps Jungfrau-Aletsch<\/title>\n<meta name=\"robots\" content=\"index, follow, max-snippet:-1, max-image-preview:large, max-video-preview:-1\" \/>\n<link rel=\"canonical\" href=\"https:\/\/jungfraualetsch.ch\/fr\/preserver-et-valoriser\/projets-de-promotion\/tarier-des-pres\/\" \/>\n<meta property=\"og:locale\" content=\"fr_FR\" \/>\n<meta property=\"og:type\" content=\"article\" \/>\n<meta property=\"og:title\" content=\"Tarier des pr\u00e9s - UNESCO World Heritage Swiss Alps Jungfrau-Aletsch\" \/>\n<meta property=\"og:description\" content=\"Tarier des pr\u00e9s Le tarier des pr\u00e9s a connu un d\u00e9clin rapide au cours des deux \u00e0 trois derni\u00e8res d\u00e9cennies dans toute son aire de r\u00e9partition naturelle. En Suisse, sa population a diminu\u00e9 de plus de moiti\u00e9 depuis 2000. Ce d\u00e9clin s\u2019explique principalement par deux facteurs : la diminution du nombre d\u2019insectes et la disparition [&hellip;]\" \/>\n<meta property=\"og:url\" content=\"https:\/\/jungfraualetsch.ch\/fr\/preserver-et-valoriser\/projets-de-promotion\/tarier-des-pres\/\" \/>\n<meta property=\"og:site_name\" content=\"UNESCO World Heritage Swiss Alps Jungfrau-Aletsch\" \/>\n<meta property=\"article:modified_time\" content=\"2026-01-23T17:22:12+00:00\" \/>\n<meta name=\"twitter:card\" content=\"summary_large_image\" \/>\n<meta name=\"twitter:label1\" content=\"Dur\u00e9e de lecture estim\u00e9e\" \/>\n\t<meta name=\"twitter:data1\" content=\"2 minutes\" \/>\n<script type=\"application\/ld+json\" class=\"yoast-schema-graph\">{\"@context\":\"https:\/\/schema.org\",\"@graph\":[{\"@type\":\"WebPage\",\"@id\":\"https:\/\/jungfraualetsch.ch\/fr\/preserver-et-valoriser\/projets-de-promotion\/tarier-des-pres\/\",\"url\":\"https:\/\/jungfraualetsch.ch\/fr\/preserver-et-valoriser\/projets-de-promotion\/tarier-des-pres\/\",\"name\":\"Tarier des pr\u00e9s - UNESCO World Heritage Swiss Alps Jungfrau-Aletsch\",\"isPartOf\":{\"@id\":\"https:\/\/jungfraualetsch.ch\/#website\"},\"datePublished\":\"2026-01-15T10:14:06+00:00\",\"dateModified\":\"2026-01-23T17:22:12+00:00\",\"breadcrumb\":{\"@id\":\"https:\/\/jungfraualetsch.ch\/fr\/preserver-et-valoriser\/projets-de-promotion\/tarier-des-pres\/#breadcrumb\"},\"inLanguage\":\"fr-FR\",\"potentialAction\":[{\"@type\":\"ReadAction\",\"target\":[\"https:\/\/jungfraualetsch.ch\/fr\/preserver-et-valoriser\/projets-de-promotion\/tarier-des-pres\/\"]}]},{\"@type\":\"BreadcrumbList\",\"@id\":\"https:\/\/jungfraualetsch.ch\/fr\/preserver-et-valoriser\/projets-de-promotion\/tarier-des-pres\/#breadcrumb\",\"itemListElement\":[{\"@type\":\"ListItem\",\"position\":1,\"name\":\"Startseite\",\"item\":\"https:\/\/jungfraualetsch.ch\/fr\/\"},{\"@type\":\"ListItem\",\"position\":2,\"name\":\"Pr\u00e9server et valoriser\",\"item\":\"https:\/\/jungfraualetsch.ch\/fr\/preserver-et-valoriser\/\"},{\"@type\":\"ListItem\",\"position\":3,\"name\":\"Projets de promotion\",\"item\":\"https:\/\/jungfraualetsch.ch\/fr\/preserver-et-valoriser\/projets-de-promotion\/\"},{\"@type\":\"ListItem\",\"position\":4,\"name\":\"Tarier des pr\u00e9s\"}]},{\"@type\":\"WebSite\",\"@id\":\"https:\/\/jungfraualetsch.ch\/#website\",\"url\":\"https:\/\/jungfraualetsch.ch\/\",\"name\":\"UNESCO World Heritage Swiss Alps Jungfrau-Aletsch\",\"description\":\"\",\"potentialAction\":[{\"@type\":\"SearchAction\",\"target\":{\"@type\":\"EntryPoint\",\"urlTemplate\":\"https:\/\/jungfraualetsch.ch\/?s={search_term_string}\"},\"query-input\":{\"@type\":\"PropertyValueSpecification\",\"valueRequired\":true,\"valueName\":\"search_term_string\"}}],\"inLanguage\":\"fr-FR\"}]}<\/script>\n<!-- \/ Yoast SEO plugin. -->","yoast_head_json":{"title":"Tarier des pr\u00e9s - UNESCO World Heritage Swiss Alps Jungfrau-Aletsch","robots":{"index":"index","follow":"follow","max-snippet":"max-snippet:-1","max-image-preview":"max-image-preview:large","max-video-preview":"max-video-preview:-1"},"canonical":"https:\/\/jungfraualetsch.ch\/fr\/preserver-et-valoriser\/projets-de-promotion\/tarier-des-pres\/","og_locale":"fr_FR","og_type":"article","og_title":"Tarier des pr\u00e9s - UNESCO World Heritage Swiss Alps Jungfrau-Aletsch","og_description":"Tarier des pr\u00e9s Le tarier des pr\u00e9s a connu un d\u00e9clin rapide au cours des deux \u00e0 trois derni\u00e8res d\u00e9cennies dans toute son aire de r\u00e9partition naturelle. En Suisse, sa population a diminu\u00e9 de plus de moiti\u00e9 depuis 2000. Ce d\u00e9clin s\u2019explique principalement par deux facteurs : la diminution du nombre d\u2019insectes et la disparition [&hellip;]","og_url":"https:\/\/jungfraualetsch.ch\/fr\/preserver-et-valoriser\/projets-de-promotion\/tarier-des-pres\/","og_site_name":"UNESCO World Heritage Swiss Alps Jungfrau-Aletsch","article_modified_time":"2026-01-23T17:22:12+00:00","twitter_card":"summary_large_image","twitter_misc":{"Dur\u00e9e de lecture estim\u00e9e":"2 minutes"},"schema":{"@context":"https:\/\/schema.org","@graph":[{"@type":"WebPage","@id":"https:\/\/jungfraualetsch.ch\/fr\/preserver-et-valoriser\/projets-de-promotion\/tarier-des-pres\/","url":"https:\/\/jungfraualetsch.ch\/fr\/preserver-et-valoriser\/projets-de-promotion\/tarier-des-pres\/","name":"Tarier des pr\u00e9s - UNESCO World Heritage Swiss Alps Jungfrau-Aletsch","isPartOf":{"@id":"https:\/\/jungfraualetsch.ch\/#website"},"datePublished":"2026-01-15T10:14:06+00:00","dateModified":"2026-01-23T17:22:12+00:00","breadcrumb":{"@id":"https:\/\/jungfraualetsch.ch\/fr\/preserver-et-valoriser\/projets-de-promotion\/tarier-des-pres\/#breadcrumb"},"inLanguage":"fr-FR","potentialAction":[{"@type":"ReadAction","target":["https:\/\/jungfraualetsch.ch\/fr\/preserver-et-valoriser\/projets-de-promotion\/tarier-des-pres\/"]}]},{"@type":"BreadcrumbList","@id":"https:\/\/jungfraualetsch.ch\/fr\/preserver-et-valoriser\/projets-de-promotion\/tarier-des-pres\/#breadcrumb","itemListElement":[{"@type":"ListItem","position":1,"name":"Startseite","item":"https:\/\/jungfraualetsch.ch\/fr\/"},{"@type":"ListItem","position":2,"name":"Pr\u00e9server et valoriser","item":"https:\/\/jungfraualetsch.ch\/fr\/preserver-et-valoriser\/"},{"@type":"ListItem","position":3,"name":"Projets de promotion","item":"https:\/\/jungfraualetsch.ch\/fr\/preserver-et-valoriser\/projets-de-promotion\/"},{"@type":"ListItem","position":4,"name":"Tarier des pr\u00e9s"}]},{"@type":"WebSite","@id":"https:\/\/jungfraualetsch.ch\/#website","url":"https:\/\/jungfraualetsch.ch\/","name":"UNESCO World Heritage Swiss Alps Jungfrau-Aletsch","description":"","potentialAction":[{"@type":"SearchAction","target":{"@type":"EntryPoint","urlTemplate":"https:\/\/jungfraualetsch.ch\/?s={search_term_string}"},"query-input":{"@type":"PropertyValueSpecification","valueRequired":true,"valueName":"search_term_string"}}],"inLanguage":"fr-FR"}]}},"_links":{"self":[{"href":"https:\/\/jungfraualetsch.ch\/fr\/wp-json\/wp\/v2\/pages\/13668","targetHints":{"allow":["GET"]}}],"collection":[{"href":"https:\/\/jungfraualetsch.ch\/fr\/wp-json\/wp\/v2\/pages"}],"about":[{"href":"https:\/\/jungfraualetsch.ch\/fr\/wp-json\/wp\/v2\/types\/page"}],"author":[{"embeddable":true,"href":"https:\/\/jungfraualetsch.ch\/fr\/wp-json\/wp\/v2\/users\/1"}],"replies":[{"embeddable":true,"href":"https:\/\/jungfraualetsch.ch\/fr\/wp-json\/wp\/v2\/comments?post=13668"}],"version-history":[{"count":6,"href":"https:\/\/jungfraualetsch.ch\/fr\/wp-json\/wp\/v2\/pages\/13668\/revisions"}],"predecessor-version":[{"id":13804,"href":"https:\/\/jungfraualetsch.ch\/fr\/wp-json\/wp\/v2\/pages\/13668\/revisions\/13804"}],"up":[{"embeddable":true,"href":"https:\/\/jungfraualetsch.ch\/fr\/wp-json\/wp\/v2\/pages\/3428"}],"wp:attachment":[{"href":"https:\/\/jungfraualetsch.ch\/fr\/wp-json\/wp\/v2\/media?parent=13668"}],"curies":[{"name":"wp","href":"https:\/\/api.w.org\/{rel}","templated":true}]}}