{"id":13661,"date":"2026-01-15T10:11:00","date_gmt":"2026-01-15T10:11:00","guid":{"rendered":"https:\/\/jungfraualetsch.ch\/?page_id=13661"},"modified":"2026-01-15T10:11:05","modified_gmt":"2026-01-15T10:11:05","slug":"moire-des-sudetes","status":"publish","type":"page","link":"https:\/\/jungfraualetsch.ch\/fr\/preserver-et-valoriser\/projets-de-promotion\/moire-des-sudetes\/","title":{"rendered":"Moir\u00e9 des Sud\u00e8tes"},"content":{"rendered":"<p>[et_pb_section fb_built=\u00a0\u00bb1&Prime; fullwidth=\u00a0\u00bbon\u00a0\u00bb _builder_version=\u00a0\u00bb4.16&Prime; _module_preset=\u00a0\u00bbdefault\u00a0\u00bb background_image=\u00a0\u00bbhttps:\/\/jungfraualetsch.ch\/wp-content\/uploads\/2021\/03\/header_03_welterbe_pat_IMG_0916-scaled.jpg\u00a0\u00bb parallax=\u00a0\u00bbon\u00a0\u00bb bottom_divider_style=\u00a0\u00bbslant2&Prime; bottom_divider_color=\u00a0\u00bb#FFFFFF\u00a0\u00bb bottom_divider_flip=\u00a0\u00bbhorizontal\u00a0\u00bb bottom_divider_height_tablet=\u00a0\u00bb\u00a0\u00bb bottom_divider_height_phone=\u00a0\u00bb\u00a0\u00bb bottom_divider_height_last_edited=\u00a0\u00bbon|desktop\u00a0\u00bb custom_css_main_element=\u00a0\u00bbmin-height: 45vh;\u00a0\u00bb global_colors_info=\u00a0\u00bb{}\u00a0\u00bb][\/et_pb_section][et_pb_section fb_built=\u00a0\u00bb1&Prime; _builder_version=\u00a0\u00bb4.16&Prime; _module_preset=\u00a0\u00bbdefault\u00a0\u00bb background_enable_color=\u00a0\u00bboff\u00a0\u00bb background_enable_image=\u00a0\u00bboff\u00a0\u00bb top_divider_flip=\u00a0\u00bbhorizontal\u00a0\u00bb global_colors_info=\u00a0\u00bb{}\u00a0\u00bb][et_pb_row _builder_version=\u00a0\u00bb4.16&Prime; _module_preset=\u00a0\u00bbdefault\u00a0\u00bb global_colors_info=\u00a0\u00bb{}\u00a0\u00bb][et_pb_column type=\u00a0\u00bb4_4&Prime; _builder_version=\u00a0\u00bb4.16&Prime; _module_preset=\u00a0\u00bbdefault\u00a0\u00bb global_colors_info=\u00a0\u00bb{}\u00a0\u00bb][et_pb_text admin_label=\u00a0\u00bbTitel\u00a0\u00bb _builder_version=\u00a0\u00bb4.27.5&Prime; _module_preset=\u00a0\u00bbdefault\u00a0\u00bb hover_enabled=\u00a0\u00bb0&Prime; global_colors_info=\u00a0\u00bb{}\u00a0\u00bb sticky_enabled=\u00a0\u00bb0&Prime;]<\/p>\n<h1>Moir\u00e9 des Sud\u00e8tes <\/h1>\n<p>[\/et_pb_text][\/et_pb_column][\/et_pb_row][et_pb_row column_structure=\u00a0\u00bb3_4,1_4&Prime; _builder_version=\u00a0\u00bb4.16&Prime; _module_preset=\u00a0\u00bbdefault\u00a0\u00bb global_colors_info=\u00a0\u00bb{}\u00a0\u00bb][et_pb_column type=\u00a0\u00bb3_4&Prime; _builder_version=\u00a0\u00bb4.16&Prime; _module_preset=\u00a0\u00bbdefault\u00a0\u00bb global_colors_info=\u00a0\u00bb{}\u00a0\u00bb][et_pb_text _builder_version=\u00a0\u00bb4.27.5&Prime; _module_preset=\u00a0\u00bbdefault\u00a0\u00bb hover_enabled=\u00a0\u00bb0&Prime; global_colors_info=\u00a0\u00bb{}\u00a0\u00bb sticky_enabled=\u00a0\u00bb0&Prime;]<\/p>\n<p><strong>Description<\/strong><br \/>La sous-esp\u00e8ce du Moir\u00e9 des Sud\u00e8tes, Erebia sudetica inalpina, n\u2019existe qu\u2019autour de Grindelwald, entre la Grosse Scheidegg et le Hintisberg. Inscrite sur la liste rouge et class\u00e9e comme vuln\u00e9rable, elle d\u00e9pend de prairies de montagne ensoleill\u00e9es, ouvertes, vari\u00e9es et riches en fleurs, situ\u00e9es \u00e0 la limite sup\u00e9rieure de la for\u00eat. Pour ne pas \u00eatre emport\u00e9e par les eaux de fonte au printemps, la chenille choisit de petites buttes dans les prairies pour se m\u00e9tamorphoser.<\/p>\n<p>Le papillon souffre autant de la surexploitation que de la sous-exploitation agricole. Dans les prairies exploit\u00e9es intensivement, le sol est souvent aplani, ce qui ne laisse plus de petits endroits prot\u00e9g\u00e9s pour les chenilles. Si ces prairies sont ensuite enti\u00e8rement fauch\u00e9es, ou fauch\u00e9es avant la p\u00e9riode de vol du papillon, il ne trouve plus de fleurs pour se nourrir. Dans les prairies peu ou plus du tout exploit\u00e9es, des buissons et des arbres gagnent du terrain et recouvrent progressivement les zones ouvertes et ensoleill\u00e9es dont le papillon a absolument besoin. Une gestion adapt\u00e9e \u00e0 ses besoins est donc essentielle pour soutenir l\u2019esp\u00e8ce et assurer sa survie \u00e0 long terme.<\/p>\n<p><strong>Nos actions<\/strong><br \/>En collaboration avec l\u2019Office de la promotion de la nature du canton de Berne, les communes d\u2019alpage et des b\u00e9n\u00e9voles, nous menons des actions cibl\u00e9es de d\u00e9broussaillage dans la r\u00e9gion de Grindelwald.<\/p>\n<p>[\/et_pb_text][\/et_pb_column][et_pb_column type=\u00a0\u00bb1_4&Prime; _builder_version=\u00a0\u00bb4.16&Prime; _module_preset=\u00a0\u00bbdefault\u00a0\u00bb global_colors_info=\u00a0\u00bb{}\u00a0\u00bb][\/et_pb_column][\/et_pb_row][et_pb_row _builder_version=\u00a0\u00bb4.16&Prime; _module_preset=\u00a0\u00bbdefault\u00a0\u00bb global_colors_info=\u00a0\u00bb{}\u00a0\u00bb][et_pb_column type=\u00a0\u00bb4_4&Prime; _builder_version=\u00a0\u00bb4.16&Prime; _module_preset=\u00a0\u00bbdefault\u00a0\u00bb global_colors_info=\u00a0\u00bb{}\u00a0\u00bb][et_pb_gallery gallery_ids=\u00a0\u00bb9950,9946,9942&Prime; gallery_orderby=\u00a0\u00bbrand\u00a0\u00bb fullwidth=\u00a0\u00bbon\u00a0\u00bb _builder_version=\u00a0\u00bb4.18.1&Prime; _module_preset=\u00a0\u00bbdefault\u00a0\u00bb auto=\u00a0\u00bbon\u00a0\u00bb auto_speed=\u00a0\u00bb3500&Prime; global_colors_info=\u00a0\u00bb{}\u00a0\u00bb][\/et_pb_gallery][\/et_pb_column][\/et_pb_row][\/et_pb_section]<\/p>\n","protected":false},"excerpt":{"rendered":"<p>Moir\u00e9 des Sud\u00e8tes DescriptionLa sous-esp\u00e8ce du Moir\u00e9 des Sud\u00e8tes, Erebia sudetica inalpina, n\u2019existe qu\u2019autour de Grindelwald, entre la Grosse Scheidegg et le Hintisberg. Inscrite sur la liste rouge et class\u00e9e comme vuln\u00e9rable, elle d\u00e9pend de prairies de montagne ensoleill\u00e9es, ouvertes, vari\u00e9es et riches en fleurs, situ\u00e9es \u00e0 la limite sup\u00e9rieure de la for\u00eat. Pour ne [&hellip;]<\/p>\n","protected":false},"author":1,"featured_media":0,"parent":3428,"menu_order":44,"comment_status":"closed","ping_status":"closed","template":"","meta":{"_et_pb_use_builder":"on","_et_pb_old_content":"<p>[et_pb_section fb_built=\"1\" fullwidth=\"on\" _builder_version=\"4.16\" _module_preset=\"default\" background_image=\"https:\/\/jungfraualetsch.ch\/wp-content\/uploads\/2021\/03\/header_03_welterbe_pat_IMG_0916-scaled.jpg\" parallax=\"on\" bottom_divider_style=\"slant2\" bottom_divider_color=\"#FFFFFF\" bottom_divider_flip=\"horizontal\" bottom_divider_height_tablet=\"\" bottom_divider_height_phone=\"\" bottom_divider_height_last_edited=\"on|desktop\" custom_css_main_element=\"min-height: 45vh;\" global_colors_info=\"{}\"][\/et_pb_section][et_pb_section fb_built=\"1\" _builder_version=\"4.16\" _module_preset=\"default\" background_enable_color=\"off\" background_enable_image=\"off\" top_divider_flip=\"horizontal\" global_colors_info=\"{}\"][et_pb_row _builder_version=\"4.16\" _module_preset=\"default\" global_colors_info=\"{}\"][et_pb_column type=\"4_4\" _builder_version=\"4.16\" _module_preset=\"default\" global_colors_info=\"{}\"][et_pb_text admin_label=\"Titel\" _builder_version=\"4.18.1\" _module_preset=\"default\" global_colors_info=\"{}\"]<\/p><h1>Sudeten-Mohrenfalter<\/h1><p>[\/et_pb_text][\/et_pb_column][\/et_pb_row][et_pb_row column_structure=\"3_4,1_4\" _builder_version=\"4.16\" _module_preset=\"default\" global_colors_info=\"{}\"][et_pb_column type=\"3_4\" _builder_version=\"4.16\" _module_preset=\"default\" global_colors_info=\"{}\"][et_pb_text _builder_version=\"4.18.1\" _module_preset=\"default\" global_colors_info=\"{}\"]<\/p><p><strong>Kurzbericht<\/strong><br \/>Die Unterart des Sudeten-Mohrenfalters Erebia sudetica inalpina kommt einzig im Raume Grindelwald vor, zwischen der Grossen Scheidegg und Hintisberg. Er steht auf der Roten Liste und wird als verletzlich eingestuft. Sein bevorzugter Lebensraum sind sonnige, offene, struktur- und bl\u00fctenreiche Bergwiesen im Waldgrenzbereich. Um im Fr\u00fchling nicht vom Schmelzwasser weggesp\u00fclt zu werden, verpuppt sich die Raupe auf kleinen H\u00fcgeln in den Wiesen. Problematisch f\u00fcr den Sudeten-Mohrenfalter sind sowohl landwirtschaftliche \u00dcber- als auch Unternutzung: \u00dcbernutzte Wiesen sind oftmals planiert und bieten den Raupen keinen Schutz. Werden die Wiesen zudem vollst\u00e4ndig oder vor der Flugzeit des Falters gem\u00e4ht, findet er keine Bl\u00fcten mehr. In unternutzten oder nicht mehr genutzten Wiesen \u00fcberwuchern B\u00fcsche und B\u00e4ume die offenen, sonnigen Fl\u00e4chen, auf die die Falter angewiesen sind. Eine angepasste Bewirtschaftung an die Bed\u00fcrfnisse des Sudeten-Mohrenfalters ist zwingend n\u00f6tig, um die Art zu f\u00f6rdern und ihr Bestehen l\u00e4ngerfristig sicher zu stellen.<\/p><p><strong>Massnahmen<\/strong><br \/>In Zusammenarbeit mit dem Amt f\u00fcr Naturf\u00f6rderung (Kt. Bern), den Bergschaften und mit Hilfe von Freiwilligen werden gezielte Entbuschungsaktionen im Raum Grindelwald durchgef\u00fchrt.<\/p><p>[\/et_pb_text][\/et_pb_column][et_pb_column type=\"1_4\" _builder_version=\"4.16\" _module_preset=\"default\" global_colors_info=\"{}\"][\/et_pb_column][\/et_pb_row][et_pb_row _builder_version=\"4.16\" _module_preset=\"default\" global_colors_info=\"{}\"][et_pb_column type=\"4_4\" _builder_version=\"4.16\" _module_preset=\"default\" global_colors_info=\"{}\"][et_pb_gallery gallery_ids=\"9948,9944,9940\" gallery_orderby=\"rand\" fullwidth=\"on\" _builder_version=\"4.18.1\" _module_preset=\"default\" auto=\"on\" auto_speed=\"3500\" hover_enabled=\"0\" global_colors_info=\"{}\" sticky_enabled=\"0\"][\/et_pb_gallery][\/et_pb_column][\/et_pb_row][\/et_pb_section]<\/p>","_et_gb_content_width":"","footnotes":""},"class_list":["post-13661","page","type-page","status-publish","hentry"],"yoast_head":"<!-- This site is optimized with the Yoast SEO plugin v27.1.1 - https:\/\/yoast.com\/product\/yoast-seo-wordpress\/ -->\n<title>Moir\u00e9 des Sud\u00e8tes - UNESCO World Heritage Swiss Alps Jungfrau-Aletsch<\/title>\n<meta name=\"robots\" content=\"index, follow, max-snippet:-1, max-image-preview:large, max-video-preview:-1\" \/>\n<link rel=\"canonical\" href=\"https:\/\/jungfraualetsch.ch\/fr\/preserver-et-valoriser\/projets-de-promotion\/moire-des-sudetes\/\" \/>\n<meta property=\"og:locale\" content=\"fr_FR\" \/>\n<meta property=\"og:type\" content=\"article\" \/>\n<meta property=\"og:title\" content=\"Moir\u00e9 des Sud\u00e8tes - UNESCO World Heritage Swiss Alps Jungfrau-Aletsch\" \/>\n<meta property=\"og:description\" content=\"Moir\u00e9 des Sud\u00e8tes DescriptionLa sous-esp\u00e8ce du Moir\u00e9 des Sud\u00e8tes, Erebia sudetica inalpina, n\u2019existe qu\u2019autour de Grindelwald, entre la Grosse Scheidegg et le Hintisberg. Inscrite sur la liste rouge et class\u00e9e comme vuln\u00e9rable, elle d\u00e9pend de prairies de montagne ensoleill\u00e9es, ouvertes, vari\u00e9es et riches en fleurs, situ\u00e9es \u00e0 la limite sup\u00e9rieure de la for\u00eat. Pour ne [&hellip;]\" \/>\n<meta property=\"og:url\" content=\"https:\/\/jungfraualetsch.ch\/fr\/preserver-et-valoriser\/projets-de-promotion\/moire-des-sudetes\/\" \/>\n<meta property=\"og:site_name\" content=\"UNESCO World Heritage Swiss Alps Jungfrau-Aletsch\" \/>\n<meta property=\"article:modified_time\" content=\"2026-01-15T10:11:05+00:00\" \/>\n<meta name=\"twitter:card\" content=\"summary_large_image\" \/>\n<meta name=\"twitter:label1\" content=\"Dur\u00e9e de lecture estim\u00e9e\" \/>\n\t<meta name=\"twitter:data1\" content=\"2 minutes\" \/>\n<script type=\"application\/ld+json\" class=\"yoast-schema-graph\">{\"@context\":\"https:\/\/schema.org\",\"@graph\":[{\"@type\":\"WebPage\",\"@id\":\"https:\/\/jungfraualetsch.ch\/fr\/preserver-et-valoriser\/projets-de-promotion\/moire-des-sudetes\/\",\"url\":\"https:\/\/jungfraualetsch.ch\/fr\/preserver-et-valoriser\/projets-de-promotion\/moire-des-sudetes\/\",\"name\":\"Moir\u00e9 des Sud\u00e8tes - UNESCO World Heritage Swiss Alps Jungfrau-Aletsch\",\"isPartOf\":{\"@id\":\"https:\/\/jungfraualetsch.ch\/#website\"},\"datePublished\":\"2026-01-15T10:11:00+00:00\",\"dateModified\":\"2026-01-15T10:11:05+00:00\",\"breadcrumb\":{\"@id\":\"https:\/\/jungfraualetsch.ch\/fr\/preserver-et-valoriser\/projets-de-promotion\/moire-des-sudetes\/#breadcrumb\"},\"inLanguage\":\"fr-FR\",\"potentialAction\":[{\"@type\":\"ReadAction\",\"target\":[\"https:\/\/jungfraualetsch.ch\/fr\/preserver-et-valoriser\/projets-de-promotion\/moire-des-sudetes\/\"]}]},{\"@type\":\"BreadcrumbList\",\"@id\":\"https:\/\/jungfraualetsch.ch\/fr\/preserver-et-valoriser\/projets-de-promotion\/moire-des-sudetes\/#breadcrumb\",\"itemListElement\":[{\"@type\":\"ListItem\",\"position\":1,\"name\":\"Startseite\",\"item\":\"https:\/\/jungfraualetsch.ch\/fr\/\"},{\"@type\":\"ListItem\",\"position\":2,\"name\":\"Pr\u00e9server et valoriser\",\"item\":\"https:\/\/jungfraualetsch.ch\/fr\/preserver-et-valoriser\/\"},{\"@type\":\"ListItem\",\"position\":3,\"name\":\"Projets de promotion\",\"item\":\"https:\/\/jungfraualetsch.ch\/fr\/preserver-et-valoriser\/projets-de-promotion\/\"},{\"@type\":\"ListItem\",\"position\":4,\"name\":\"Moir\u00e9 des Sud\u00e8tes\"}]},{\"@type\":\"WebSite\",\"@id\":\"https:\/\/jungfraualetsch.ch\/#website\",\"url\":\"https:\/\/jungfraualetsch.ch\/\",\"name\":\"UNESCO World Heritage Swiss Alps Jungfrau-Aletsch\",\"description\":\"\",\"potentialAction\":[{\"@type\":\"SearchAction\",\"target\":{\"@type\":\"EntryPoint\",\"urlTemplate\":\"https:\/\/jungfraualetsch.ch\/?s={search_term_string}\"},\"query-input\":{\"@type\":\"PropertyValueSpecification\",\"valueRequired\":true,\"valueName\":\"search_term_string\"}}],\"inLanguage\":\"fr-FR\"}]}<\/script>\n<!-- \/ Yoast SEO plugin. -->","yoast_head_json":{"title":"Moir\u00e9 des Sud\u00e8tes - UNESCO World Heritage Swiss Alps Jungfrau-Aletsch","robots":{"index":"index","follow":"follow","max-snippet":"max-snippet:-1","max-image-preview":"max-image-preview:large","max-video-preview":"max-video-preview:-1"},"canonical":"https:\/\/jungfraualetsch.ch\/fr\/preserver-et-valoriser\/projets-de-promotion\/moire-des-sudetes\/","og_locale":"fr_FR","og_type":"article","og_title":"Moir\u00e9 des Sud\u00e8tes - UNESCO World Heritage Swiss Alps Jungfrau-Aletsch","og_description":"Moir\u00e9 des Sud\u00e8tes DescriptionLa sous-esp\u00e8ce du Moir\u00e9 des Sud\u00e8tes, Erebia sudetica inalpina, n\u2019existe qu\u2019autour de Grindelwald, entre la Grosse Scheidegg et le Hintisberg. Inscrite sur la liste rouge et class\u00e9e comme vuln\u00e9rable, elle d\u00e9pend de prairies de montagne ensoleill\u00e9es, ouvertes, vari\u00e9es et riches en fleurs, situ\u00e9es \u00e0 la limite sup\u00e9rieure de la for\u00eat. Pour ne [&hellip;]","og_url":"https:\/\/jungfraualetsch.ch\/fr\/preserver-et-valoriser\/projets-de-promotion\/moire-des-sudetes\/","og_site_name":"UNESCO World Heritage Swiss Alps Jungfrau-Aletsch","article_modified_time":"2026-01-15T10:11:05+00:00","twitter_card":"summary_large_image","twitter_misc":{"Dur\u00e9e de lecture estim\u00e9e":"2 minutes"},"schema":{"@context":"https:\/\/schema.org","@graph":[{"@type":"WebPage","@id":"https:\/\/jungfraualetsch.ch\/fr\/preserver-et-valoriser\/projets-de-promotion\/moire-des-sudetes\/","url":"https:\/\/jungfraualetsch.ch\/fr\/preserver-et-valoriser\/projets-de-promotion\/moire-des-sudetes\/","name":"Moir\u00e9 des Sud\u00e8tes - UNESCO World Heritage Swiss Alps Jungfrau-Aletsch","isPartOf":{"@id":"https:\/\/jungfraualetsch.ch\/#website"},"datePublished":"2026-01-15T10:11:00+00:00","dateModified":"2026-01-15T10:11:05+00:00","breadcrumb":{"@id":"https:\/\/jungfraualetsch.ch\/fr\/preserver-et-valoriser\/projets-de-promotion\/moire-des-sudetes\/#breadcrumb"},"inLanguage":"fr-FR","potentialAction":[{"@type":"ReadAction","target":["https:\/\/jungfraualetsch.ch\/fr\/preserver-et-valoriser\/projets-de-promotion\/moire-des-sudetes\/"]}]},{"@type":"BreadcrumbList","@id":"https:\/\/jungfraualetsch.ch\/fr\/preserver-et-valoriser\/projets-de-promotion\/moire-des-sudetes\/#breadcrumb","itemListElement":[{"@type":"ListItem","position":1,"name":"Startseite","item":"https:\/\/jungfraualetsch.ch\/fr\/"},{"@type":"ListItem","position":2,"name":"Pr\u00e9server et valoriser","item":"https:\/\/jungfraualetsch.ch\/fr\/preserver-et-valoriser\/"},{"@type":"ListItem","position":3,"name":"Projets de promotion","item":"https:\/\/jungfraualetsch.ch\/fr\/preserver-et-valoriser\/projets-de-promotion\/"},{"@type":"ListItem","position":4,"name":"Moir\u00e9 des Sud\u00e8tes"}]},{"@type":"WebSite","@id":"https:\/\/jungfraualetsch.ch\/#website","url":"https:\/\/jungfraualetsch.ch\/","name":"UNESCO World Heritage Swiss Alps Jungfrau-Aletsch","description":"","potentialAction":[{"@type":"SearchAction","target":{"@type":"EntryPoint","urlTemplate":"https:\/\/jungfraualetsch.ch\/?s={search_term_string}"},"query-input":{"@type":"PropertyValueSpecification","valueRequired":true,"valueName":"search_term_string"}}],"inLanguage":"fr-FR"}]}},"_links":{"self":[{"href":"https:\/\/jungfraualetsch.ch\/fr\/wp-json\/wp\/v2\/pages\/13661","targetHints":{"allow":["GET"]}}],"collection":[{"href":"https:\/\/jungfraualetsch.ch\/fr\/wp-json\/wp\/v2\/pages"}],"about":[{"href":"https:\/\/jungfraualetsch.ch\/fr\/wp-json\/wp\/v2\/types\/page"}],"author":[{"embeddable":true,"href":"https:\/\/jungfraualetsch.ch\/fr\/wp-json\/wp\/v2\/users\/1"}],"replies":[{"embeddable":true,"href":"https:\/\/jungfraualetsch.ch\/fr\/wp-json\/wp\/v2\/comments?post=13661"}],"version-history":[{"count":5,"href":"https:\/\/jungfraualetsch.ch\/fr\/wp-json\/wp\/v2\/pages\/13661\/revisions"}],"predecessor-version":[{"id":13667,"href":"https:\/\/jungfraualetsch.ch\/fr\/wp-json\/wp\/v2\/pages\/13661\/revisions\/13667"}],"up":[{"embeddable":true,"href":"https:\/\/jungfraualetsch.ch\/fr\/wp-json\/wp\/v2\/pages\/3428"}],"wp:attachment":[{"href":"https:\/\/jungfraualetsch.ch\/fr\/wp-json\/wp\/v2\/media?parent=13661"}],"curies":[{"name":"wp","href":"https:\/\/api.w.org\/{rel}","templated":true}]}}