{"id":13491,"date":"2026-01-09T15:27:06","date_gmt":"2026-01-09T15:27:06","guid":{"rendered":"https:\/\/jungfraualetsch.ch\/?page_id=13491"},"modified":"2026-01-09T15:27:11","modified_gmt":"2026-01-09T15:27:11","slug":"be-part-of-the-mountain","status":"publish","type":"page","link":"https:\/\/jungfraualetsch.ch\/fr\/preserver-et-valoriser\/be-part-of-the-mountain\/","title":{"rendered":"Be Part of the Mountain"},"content":{"rendered":"<p>[et_pb_section fb_built=\u00a0\u00bb1&Prime; fullwidth=\u00a0\u00bbon\u00a0\u00bb _builder_version=\u00a0\u00bb4.16&Prime; _module_preset=\u00a0\u00bbdefault\u00a0\u00bb background_image=\u00a0\u00bbhttps:\/\/jungfraualetsch.ch\/wp-content\/uploads\/2021\/03\/header_03_welterbe_pat_IMG_0916-scaled.jpg\u00a0\u00bb parallax=\u00a0\u00bbon\u00a0\u00bb bottom_divider_style=\u00a0\u00bbslant2&Prime; bottom_divider_color=\u00a0\u00bb#FFFFFF\u00a0\u00bb bottom_divider_flip=\u00a0\u00bbhorizontal\u00a0\u00bb bottom_divider_height_tablet=\u00a0\u00bb\u00a0\u00bb bottom_divider_height_phone=\u00a0\u00bb\u00a0\u00bb bottom_divider_height_last_edited=\u00a0\u00bbon|desktop\u00a0\u00bb custom_css_main_element=\u00a0\u00bbmin-height: 45vh;\u00a0\u00bb global_colors_info=\u00a0\u00bb{}\u00a0\u00bb][\/et_pb_section][et_pb_section fb_built=\u00a0\u00bb1&Prime; _builder_version=\u00a0\u00bb4.16&Prime; _module_preset=\u00a0\u00bbdefault\u00a0\u00bb background_enable_color=\u00a0\u00bboff\u00a0\u00bb background_enable_image=\u00a0\u00bboff\u00a0\u00bb top_divider_flip=\u00a0\u00bbhorizontal\u00a0\u00bb global_colors_info=\u00a0\u00bb{}\u00a0\u00bb][et_pb_row _builder_version=\u00a0\u00bb4.16&Prime; _module_preset=\u00a0\u00bbdefault\u00a0\u00bb global_colors_info=\u00a0\u00bb{}\u00a0\u00bb][et_pb_column type=\u00a0\u00bb4_4&Prime; _builder_version=\u00a0\u00bb4.16&Prime; _module_preset=\u00a0\u00bbdefault\u00a0\u00bb global_colors_info=\u00a0\u00bb{}\u00a0\u00bb][et_pb_text admin_label=\u00a0\u00bbTitel\u00a0\u00bb _builder_version=\u00a0\u00bb4.27.4&Prime; _module_preset=\u00a0\u00bbdefault\u00a0\u00bb hover_enabled=\u00a0\u00bb0&Prime; global_colors_info=\u00a0\u00bb{}\u00a0\u00bb sticky_enabled=\u00a0\u00bb0&Prime;]<\/p>\n<h1>Be part of the mountain \u2013 Respect de la nature dans les sports outdoor<\/h1>\n<p>[\/et_pb_text][\/et_pb_column][\/et_pb_row][et_pb_row column_structure=\u00a0\u00bb3_4,1_4&Prime; _builder_version=\u00a0\u00bb4.16&Prime; _module_preset=\u00a0\u00bbdefault\u00a0\u00bb global_colors_info=\u00a0\u00bb{}\u00a0\u00bb][et_pb_column type=\u00a0\u00bb3_4&Prime; _builder_version=\u00a0\u00bb4.16&Prime; _module_preset=\u00a0\u00bbdefault\u00a0\u00bb global_colors_info=\u00a0\u00bb{}\u00a0\u00bb][et_pb_text _builder_version=\u00a0\u00bb4.27.4&Prime; _module_preset=\u00a0\u00bbdefault\u00a0\u00bb hover_enabled=\u00a0\u00bb0&Prime; global_colors_info=\u00a0\u00bb{}\u00a0\u00bb sticky_enabled=\u00a0\u00bb0&Prime;]<\/p>\n<p>La Fondation Patrimoine mondial de l\u2019UNESCO Alpes suisses Jungfrau-Aletsch (SAJA) soutient, en tant que membre officiel, l\u2019initiative \u00ab Be part of the Mountain \u00bb. Il s\u2019agit d\u2019une initiative internationale de coop\u00e9ration \u00e0 laquelle peuvent contribuer des zones prot\u00e9g\u00e9es, des organisations de protection de la nature, des clubs alpins, des institutions publiques et des ambassadeurs de la th\u00e9matique.<\/p>\n<p>Depuis plusieurs ann\u00e9es, les activit\u00e9s sportives connaissent un v\u00e9ritable essor dans les Alpes, tant en \u00e9t\u00e9 qu\u2019en hiver. Ce \u00ab sport nature \u00bb concerne de plus en plus d\u2019espaces naturels et de zones prot\u00e9g\u00e9es. Le nombre, ainsi que l\u2019ampleur spatiale et temporelle de ces activit\u00e9s, a consid\u00e9rablement augment\u00e9 ces derni\u00e8res ann\u00e9es. Cela accro\u00eet la pression sur la nature et l\u2019environnement. La faune alpine est particuli\u00e8rement expos\u00e9e \u00e0 ces influences, surtout en hiver ou pendant la p\u00e9riode de reproduction. \u00ab Be part of the Mountain \u00bb intervient ici avec des outils d\u2019information et de sensibilisation afin de r\u00e9duire les impacts et les perturbations potentielles des habitats.<\/p>\n<p>L\u2019objectif de cette initiative \u00e0 l\u2019\u00e9chelle alpine est de promouvoir l\u2019\u00e9change de connaissances et d\u2019exp\u00e9riences dans le domaine de la sensibilisation aux sports de plein air, de d\u00e9velopper des outils de communication communs et de mettre en \u0153uvre des mesures contribuant \u00e0 un changement de comportement et \u00e0 une meilleure conscience environnementale.<\/p>\n<p>Le Patrimoine mondial SAJA met d\u00e9j\u00e0 en \u0153uvre plusieurs objectifs de l\u2019initiative \u00ab Be part of the Mountain \u00bb dans le cadre du projet \u00e9ducatif AlpenLernen. Le centre de gestion est \u00e9galement en contact \u00e9troit avec des organisations environnementales ainsi qu\u2019avec des acteurs d\u00e9cisionnels pertinents, et vise un tourisme respectueux de la nature, conscient de l\u2019environnement et durable dans la r\u00e9gion du patrimoine mondial.<\/p>\n<p><a href=\"https:\/\/bepartofthemountain.org\/fr\/organisation\" target=\"_blank\" rel=\"noopener\">Informations compl\u00e9mentaires sur le projet<\/a><br \/><a href=\"https:\/\/nature-loisirs.ch\/files\/natur-freizeit\/downloads\/RdG_Leporello-SKITOUREN-2024_FR_RZ-WEB.pdf\" target=\"_blank\" rel=\"noopener\">\u00ab En accord avec la nature et la faune \u00bb, D\u00e9pliant (PDF)<\/a><\/p>\n<p>[\/et_pb_text][\/et_pb_column][et_pb_column type=\u00a0\u00bb1_4&Prime; _builder_version=\u00a0\u00bb4.16&Prime; _module_preset=\u00a0\u00bbdefault\u00a0\u00bb global_colors_info=\u00a0\u00bb{}\u00a0\u00bb][\/et_pb_column][\/et_pb_row][et_pb_row module_class=\u00a0\u00bbwrap\u00a0\u00bb _builder_version=\u00a0\u00bb4.16&Prime; _module_preset=\u00a0\u00bbdefault\u00a0\u00bb global_colors_info=\u00a0\u00bb{}\u00a0\u00bb][et_pb_column type=\u00a0\u00bb4_4&Prime; _builder_version=\u00a0\u00bb4.16&Prime; _module_preset=\u00a0\u00bbdefault\u00a0\u00bb global_colors_info=\u00a0\u00bb{}\u00a0\u00bb][et_pb_image src=\u00a0\u00bbhttps:\/\/jungfraualetsch.ch\/wp-content\/uploads\/2021\/03\/BPM_Kombi-2000&#215;410-1.jpg\u00a0\u00bb title_text=\u00a0\u00bbBPM_Kombi-2000&#215;410&Prime; _builder_version=\u00a0\u00bb4.16&Prime; _module_preset=\u00a0\u00bbdefault\u00a0\u00bb global_colors_info=\u00a0\u00bb{}\u00a0\u00bb][\/et_pb_image][et_pb_video src=\u00a0\u00bbhttps:\/\/www.youtube.com\/watch?v=Y2-n4wUEm3g\u00a0\u00bb _builder_version=\u00a0\u00bb4.16&Prime; _module_preset=\u00a0\u00bbdefault\u00a0\u00bb global_colors_info=\u00a0\u00bb{}\u00a0\u00bb][\/et_pb_video][\/et_pb_column][\/et_pb_row][\/et_pb_section]<\/p>\n","protected":false},"excerpt":{"rendered":"<p>Be part of the mountain \u2013 Respect de la nature dans les sports outdoorLa Fondation Patrimoine mondial de l\u2019UNESCO Alpes suisses Jungfrau-Aletsch (SAJA) soutient, en tant que membre officiel, l\u2019initiative \u00ab Be part of the Mountain \u00bb. Il s\u2019agit d\u2019une initiative internationale de coop\u00e9ration \u00e0 laquelle peuvent contribuer des zones prot\u00e9g\u00e9es, des organisations de protection [&hellip;]<\/p>\n","protected":false},"author":1,"featured_media":0,"parent":5019,"menu_order":30,"comment_status":"closed","ping_status":"closed","template":"","meta":{"_et_pb_use_builder":"on","_et_pb_old_content":"<p>[et_pb_section fb_built=\"1\" fullwidth=\"on\" _builder_version=\"4.9.1\" _module_preset=\"default\" background_image=\"https:\/\/jungfraualetsch.ch\/wp-content\/uploads\/2021\/03\/header_03_welterbe_pat_IMG_0916-scaled.jpg\" parallax=\"on\" bottom_divider_style=\"slant2\" bottom_divider_color=\"#FFFFFF\" bottom_divider_flip=\"horizontal\" bottom_divider_height_tablet=\"\" bottom_divider_height_phone=\"\" bottom_divider_height_last_edited=\"on|desktop\" custom_css_main_element=\"min-height: 45vh;\"][\/et_pb_section][et_pb_section fb_built=\"1\" _builder_version=\"4.9.1\" _module_preset=\"default\" background_enable_color=\"off\" background_enable_image=\"off\" top_divider_flip=\"horizontal\"][et_pb_row _builder_version=\"4.9.1\" _module_preset=\"default\"][et_pb_column type=\"4_4\" _builder_version=\"4.9.1\" _module_preset=\"default\"][et_pb_text admin_label=\"Titel\" _builder_version=\"4.9.9\" _module_preset=\"default\" hover_enabled=\"0\" sticky_enabled=\"0\"]<\/p><h1>Be Part of the Mountain \u2013 Naturvertr\u00e4glichkeit im Outdoorsport<\/h1><p>[\/et_pb_text][\/et_pb_column][\/et_pb_row][et_pb_row column_structure=\"3_4,1_4\" _builder_version=\"4.9.1\" _module_preset=\"default\"][et_pb_column type=\"3_4\" _builder_version=\"4.9.1\" _module_preset=\"default\"][et_pb_text _builder_version=\"4.9.9\" _module_preset=\"default\"]<\/p><p>Die Stiftung UNESCO-Welterbe Schweizer Alpen Jungfrau-Aletsch (SAJA) unterst\u00fctzt als offizielles Mitglied die Initiative \u00abBe Part of the Mountain\u00bb (BPM). BPM ist eine internationale Initiative der Zusammenarbeit, in die sich Schutzgebiete, Naturschutzorganisationen, Alpenvereine, \u00f6ffentliche Einrichtungen und Botschafter der Thematik einbringen k\u00f6nnen.<\/p><p>Seit mehreren Jahren boomen sportliche Aktivit\u00e4ten in den Alpen, sowohl im Sommer als auch im Winter. Dieser \u00abNatursport\u00bb betrifft auch immer mehr Naturr\u00e4ume und Schutzgebiete. Die Anzahl sowie die r\u00e4umliche und zeitliche Ausdehnung der Aktivit\u00e4ten haben in den letzten Jahren deutlich zugenommen. Dadurch steigt der Druck auf Natur und Umwelt. Besonders die alpine Tierwelt ist diesen Einfl\u00fcssen ausgesetzt, vor allem im Winter oder in der Zeit der Fortpflanzung. Hier setzt BPM mit Informations- und Sensibilisierungsinstrumenten an, um die Auswirkungen und potenzielle Beeintr\u00e4chtigungen der Lebensr\u00e4ume zu mindern. Ziel der alpenweiten Initiative ist es, den Wissens- und Erfahrungsaustausch im Bereich der Bewusstseinsbildung im Outdoorsport zu f\u00f6rdern, gemeinsame Kommunikationsinstrumente zu entwickeln und Massnahmen umzusetzen, um einen Beitrag zur Verhaltens\u00e4nderung und Bewusstseinsbildung zu leisten.<\/p><p>Das UNESCO-Welterbe SAJA setzt verschiedene Ziele der BPM-Initiative bereits im Bildungsprojekt <a href=\"https:\/\/jungfraualetsch.ch\/bildung\/\">AlpenLernen<\/a> um. Das Managementzentrum steht zudem in engem Austausch mit Umweltorganisationen sowie relevanten Entscheidungsakteuren und strebt einen naturnahen, umweltbewussten und nachhaltigen Tourismus in der Welterbe-Region an.<\/p><p><a href=\"https:\/\/bepartofthemountain.org\/de\/\" target=\"_blank\" rel=\"noopener\">Weiterf\u00fchrende Informationen zum Projekt<\/a><br \/><a href=\"https:\/\/jungfraualetsch.ch\/wp-content\/uploads\/2021\/03\/wildtierfreundlichindienaturschneeschuhtourenundskitouren.pdf\" target=\"_blank\" rel=\"noopener\">\u00abWildtierfreundlich in die Natur\u00bb, Info-Brosch\u00fcre (PDF)<\/a><\/p><p>[\/et_pb_text][\/et_pb_column][et_pb_column type=\"1_4\" _builder_version=\"4.9.1\" _module_preset=\"default\"][\/et_pb_column][\/et_pb_row][et_pb_row module_class=\"wrap\" _builder_version=\"4.9.1\" _module_preset=\"default\"][et_pb_column type=\"4_4\" _builder_version=\"4.9.1\" _module_preset=\"default\"][et_pb_image src=\"https:\/\/jungfraualetsch.ch\/wp-content\/uploads\/2021\/03\/BPM_Kombi-2000x410-1.jpg\" title_text=\"BPM_Kombi-2000x410\" _builder_version=\"4.9.2\" _module_preset=\"default\"][\/et_pb_image][et_pb_video src=\"https:\/\/www.youtube.com\/watch?v=Y2-n4wUEm3g\" _builder_version=\"4.9.2\" _module_preset=\"default\"][\/et_pb_video][\/et_pb_column][\/et_pb_row][\/et_pb_section]<\/p>","_et_gb_content_width":"","footnotes":""},"class_list":["post-13491","page","type-page","status-publish","hentry"],"yoast_head":"<!-- This site is optimized with the Yoast SEO plugin v27.1.1 - https:\/\/yoast.com\/product\/yoast-seo-wordpress\/ -->\n<title>Be Part of the Mountain - UNESCO World Heritage Swiss Alps Jungfrau-Aletsch<\/title>\n<meta name=\"robots\" content=\"index, follow, max-snippet:-1, max-image-preview:large, max-video-preview:-1\" \/>\n<link rel=\"canonical\" href=\"https:\/\/jungfraualetsch.ch\/fr\/preserver-et-valoriser\/be-part-of-the-mountain\/\" \/>\n<meta property=\"og:locale\" content=\"fr_FR\" \/>\n<meta property=\"og:type\" content=\"article\" \/>\n<meta property=\"og:title\" content=\"Be Part of the Mountain - UNESCO World Heritage Swiss Alps Jungfrau-Aletsch\" \/>\n<meta property=\"og:description\" content=\"Be part of the mountain \u2013 Respect de la nature dans les sports outdoorLa Fondation Patrimoine mondial de l\u2019UNESCO Alpes suisses Jungfrau-Aletsch (SAJA) soutient, en tant que membre officiel, l\u2019initiative \u00ab Be part of the Mountain \u00bb. Il s\u2019agit d\u2019une initiative internationale de coop\u00e9ration \u00e0 laquelle peuvent contribuer des zones prot\u00e9g\u00e9es, des organisations de protection [&hellip;]\" \/>\n<meta property=\"og:url\" content=\"https:\/\/jungfraualetsch.ch\/fr\/preserver-et-valoriser\/be-part-of-the-mountain\/\" \/>\n<meta property=\"og:site_name\" content=\"UNESCO World Heritage Swiss Alps Jungfrau-Aletsch\" \/>\n<meta property=\"article:modified_time\" content=\"2026-01-09T15:27:11+00:00\" \/>\n<meta name=\"twitter:card\" content=\"summary_large_image\" \/>\n<meta name=\"twitter:label1\" content=\"Dur\u00e9e de lecture estim\u00e9e\" \/>\n\t<meta name=\"twitter:data1\" content=\"2 minutes\" \/>\n<script type=\"application\/ld+json\" class=\"yoast-schema-graph\">{\"@context\":\"https:\/\/schema.org\",\"@graph\":[{\"@type\":\"WebPage\",\"@id\":\"https:\/\/jungfraualetsch.ch\/fr\/preserver-et-valoriser\/be-part-of-the-mountain\/\",\"url\":\"https:\/\/jungfraualetsch.ch\/fr\/preserver-et-valoriser\/be-part-of-the-mountain\/\",\"name\":\"Be Part of the Mountain - UNESCO World Heritage Swiss Alps Jungfrau-Aletsch\",\"isPartOf\":{\"@id\":\"https:\/\/jungfraualetsch.ch\/#website\"},\"datePublished\":\"2026-01-09T15:27:06+00:00\",\"dateModified\":\"2026-01-09T15:27:11+00:00\",\"breadcrumb\":{\"@id\":\"https:\/\/jungfraualetsch.ch\/fr\/preserver-et-valoriser\/be-part-of-the-mountain\/#breadcrumb\"},\"inLanguage\":\"fr-FR\",\"potentialAction\":[{\"@type\":\"ReadAction\",\"target\":[\"https:\/\/jungfraualetsch.ch\/fr\/preserver-et-valoriser\/be-part-of-the-mountain\/\"]}]},{\"@type\":\"BreadcrumbList\",\"@id\":\"https:\/\/jungfraualetsch.ch\/fr\/preserver-et-valoriser\/be-part-of-the-mountain\/#breadcrumb\",\"itemListElement\":[{\"@type\":\"ListItem\",\"position\":1,\"name\":\"Startseite\",\"item\":\"https:\/\/jungfraualetsch.ch\/fr\/\"},{\"@type\":\"ListItem\",\"position\":2,\"name\":\"Pr\u00e9server et valoriser\",\"item\":\"https:\/\/jungfraualetsch.ch\/fr\/preserver-et-valoriser\/\"},{\"@type\":\"ListItem\",\"position\":3,\"name\":\"Be Part of the Mountain\"}]},{\"@type\":\"WebSite\",\"@id\":\"https:\/\/jungfraualetsch.ch\/#website\",\"url\":\"https:\/\/jungfraualetsch.ch\/\",\"name\":\"UNESCO World Heritage Swiss Alps Jungfrau-Aletsch\",\"description\":\"\",\"potentialAction\":[{\"@type\":\"SearchAction\",\"target\":{\"@type\":\"EntryPoint\",\"urlTemplate\":\"https:\/\/jungfraualetsch.ch\/?s={search_term_string}\"},\"query-input\":{\"@type\":\"PropertyValueSpecification\",\"valueRequired\":true,\"valueName\":\"search_term_string\"}}],\"inLanguage\":\"fr-FR\"}]}<\/script>\n<!-- \/ Yoast SEO plugin. -->","yoast_head_json":{"title":"Be Part of the Mountain - UNESCO World Heritage Swiss Alps Jungfrau-Aletsch","robots":{"index":"index","follow":"follow","max-snippet":"max-snippet:-1","max-image-preview":"max-image-preview:large","max-video-preview":"max-video-preview:-1"},"canonical":"https:\/\/jungfraualetsch.ch\/fr\/preserver-et-valoriser\/be-part-of-the-mountain\/","og_locale":"fr_FR","og_type":"article","og_title":"Be Part of the Mountain - UNESCO World Heritage Swiss Alps Jungfrau-Aletsch","og_description":"Be part of the mountain \u2013 Respect de la nature dans les sports outdoorLa Fondation Patrimoine mondial de l\u2019UNESCO Alpes suisses Jungfrau-Aletsch (SAJA) soutient, en tant que membre officiel, l\u2019initiative \u00ab Be part of the Mountain \u00bb. Il s\u2019agit d\u2019une initiative internationale de coop\u00e9ration \u00e0 laquelle peuvent contribuer des zones prot\u00e9g\u00e9es, des organisations de protection [&hellip;]","og_url":"https:\/\/jungfraualetsch.ch\/fr\/preserver-et-valoriser\/be-part-of-the-mountain\/","og_site_name":"UNESCO World Heritage Swiss Alps Jungfrau-Aletsch","article_modified_time":"2026-01-09T15:27:11+00:00","twitter_card":"summary_large_image","twitter_misc":{"Dur\u00e9e de lecture estim\u00e9e":"2 minutes"},"schema":{"@context":"https:\/\/schema.org","@graph":[{"@type":"WebPage","@id":"https:\/\/jungfraualetsch.ch\/fr\/preserver-et-valoriser\/be-part-of-the-mountain\/","url":"https:\/\/jungfraualetsch.ch\/fr\/preserver-et-valoriser\/be-part-of-the-mountain\/","name":"Be Part of the Mountain - UNESCO World Heritage Swiss Alps Jungfrau-Aletsch","isPartOf":{"@id":"https:\/\/jungfraualetsch.ch\/#website"},"datePublished":"2026-01-09T15:27:06+00:00","dateModified":"2026-01-09T15:27:11+00:00","breadcrumb":{"@id":"https:\/\/jungfraualetsch.ch\/fr\/preserver-et-valoriser\/be-part-of-the-mountain\/#breadcrumb"},"inLanguage":"fr-FR","potentialAction":[{"@type":"ReadAction","target":["https:\/\/jungfraualetsch.ch\/fr\/preserver-et-valoriser\/be-part-of-the-mountain\/"]}]},{"@type":"BreadcrumbList","@id":"https:\/\/jungfraualetsch.ch\/fr\/preserver-et-valoriser\/be-part-of-the-mountain\/#breadcrumb","itemListElement":[{"@type":"ListItem","position":1,"name":"Startseite","item":"https:\/\/jungfraualetsch.ch\/fr\/"},{"@type":"ListItem","position":2,"name":"Pr\u00e9server et valoriser","item":"https:\/\/jungfraualetsch.ch\/fr\/preserver-et-valoriser\/"},{"@type":"ListItem","position":3,"name":"Be Part of the Mountain"}]},{"@type":"WebSite","@id":"https:\/\/jungfraualetsch.ch\/#website","url":"https:\/\/jungfraualetsch.ch\/","name":"UNESCO World Heritage Swiss Alps Jungfrau-Aletsch","description":"","potentialAction":[{"@type":"SearchAction","target":{"@type":"EntryPoint","urlTemplate":"https:\/\/jungfraualetsch.ch\/?s={search_term_string}"},"query-input":{"@type":"PropertyValueSpecification","valueRequired":true,"valueName":"search_term_string"}}],"inLanguage":"fr-FR"}]}},"_links":{"self":[{"href":"https:\/\/jungfraualetsch.ch\/fr\/wp-json\/wp\/v2\/pages\/13491","targetHints":{"allow":["GET"]}}],"collection":[{"href":"https:\/\/jungfraualetsch.ch\/fr\/wp-json\/wp\/v2\/pages"}],"about":[{"href":"https:\/\/jungfraualetsch.ch\/fr\/wp-json\/wp\/v2\/types\/page"}],"author":[{"embeddable":true,"href":"https:\/\/jungfraualetsch.ch\/fr\/wp-json\/wp\/v2\/users\/1"}],"replies":[{"embeddable":true,"href":"https:\/\/jungfraualetsch.ch\/fr\/wp-json\/wp\/v2\/comments?post=13491"}],"version-history":[{"count":2,"href":"https:\/\/jungfraualetsch.ch\/fr\/wp-json\/wp\/v2\/pages\/13491\/revisions"}],"predecessor-version":[{"id":13494,"href":"https:\/\/jungfraualetsch.ch\/fr\/wp-json\/wp\/v2\/pages\/13491\/revisions\/13494"}],"up":[{"embeddable":true,"href":"https:\/\/jungfraualetsch.ch\/fr\/wp-json\/wp\/v2\/pages\/5019"}],"wp:attachment":[{"href":"https:\/\/jungfraualetsch.ch\/fr\/wp-json\/wp\/v2\/media?parent=13491"}],"curies":[{"name":"wp","href":"https:\/\/api.w.org\/{rel}","templated":true}]}}