{"id":13476,"date":"2026-01-09T14:38:13","date_gmt":"2026-01-09T14:38:13","guid":{"rendered":"https:\/\/jungfraualetsch.ch\/?page_id=13476"},"modified":"2026-01-09T15:08:46","modified_gmt":"2026-01-09T15:08:46","slug":"gmeiwaerch-dans-le-patrimoine-mondial","status":"publish","type":"page","link":"https:\/\/jungfraualetsch.ch\/fr\/preserver-et-valoriser\/gmeiwaerch-dans-le-patrimoine-mondial\/","title":{"rendered":"Gmeiw\u00e4rch dans le patrimoine mondial"},"content":{"rendered":"<p>[et_pb_section fb_built=\u00a0\u00bb1&Prime; fullwidth=\u00a0\u00bbon\u00a0\u00bb _builder_version=\u00a0\u00bb4.16&Prime; _module_preset=\u00a0\u00bbdefault\u00a0\u00bb background_image=\u00a0\u00bbhttps:\/\/jungfraualetsch.ch\/wp-content\/uploads\/2021\/03\/header_03_welterbe_pat_IMG_0916-scaled.jpg\u00a0\u00bb parallax=\u00a0\u00bbon\u00a0\u00bb bottom_divider_style=\u00a0\u00bbslant2&Prime; bottom_divider_color=\u00a0\u00bb#FFFFFF\u00a0\u00bb bottom_divider_flip=\u00a0\u00bbhorizontal\u00a0\u00bb bottom_divider_height_tablet=\u00a0\u00bb\u00a0\u00bb bottom_divider_height_phone=\u00a0\u00bb\u00a0\u00bb bottom_divider_height_last_edited=\u00a0\u00bbon|desktop\u00a0\u00bb custom_css_main_element=\u00a0\u00bbmin-height: 45vh;\u00a0\u00bb global_colors_info=\u00a0\u00bb{}\u00a0\u00bb][\/et_pb_section][et_pb_section fb_built=\u00a0\u00bb1&Prime; _builder_version=\u00a0\u00bb4.16&Prime; _module_preset=\u00a0\u00bbdefault\u00a0\u00bb background_enable_color=\u00a0\u00bboff\u00a0\u00bb background_enable_image=\u00a0\u00bboff\u00a0\u00bb top_divider_flip=\u00a0\u00bbhorizontal\u00a0\u00bb global_colors_info=\u00a0\u00bb{}\u00a0\u00bb][et_pb_row _builder_version=\u00a0\u00bb4.16&Prime; _module_preset=\u00a0\u00bbdefault\u00a0\u00bb global_colors_info=\u00a0\u00bb{}\u00a0\u00bb][et_pb_column type=\u00a0\u00bb4_4&Prime; _builder_version=\u00a0\u00bb4.16&Prime; _module_preset=\u00a0\u00bbdefault\u00a0\u00bb global_colors_info=\u00a0\u00bb{}\u00a0\u00bb][et_pb_text admin_label=\u00a0\u00bbTitel\u00a0\u00bb _builder_version=\u00a0\u00bb4.27.4&Prime; _module_preset=\u00a0\u00bbdefault\u00a0\u00bb hover_enabled=\u00a0\u00bb0&Prime; global_colors_info=\u00a0\u00bb{}\u00a0\u00bb sticky_enabled=\u00a0\u00bb0&Prime;]<\/p>\n<h1>Gmeiw\u00e4rch dans le patrimoine mondial<\/h1>\n<p>[\/et_pb_text][\/et_pb_column][\/et_pb_row][et_pb_row column_structure=\u00a0\u00bb3_4,1_4&Prime; _builder_version=\u00a0\u00bb4.16&Prime; _module_preset=\u00a0\u00bbdefault\u00a0\u00bb global_colors_info=\u00a0\u00bb{}\u00a0\u00bb][et_pb_column type=\u00a0\u00bb3_4&Prime; _builder_version=\u00a0\u00bb4.16&Prime; _module_preset=\u00a0\u00bbdefault\u00a0\u00bb global_colors_info=\u00a0\u00bb{}\u00a0\u00bb][et_pb_text _builder_version=\u00a0\u00bb4.27.4&Prime; _module_preset=\u00a0\u00bbdefault\u00a0\u00bb hover_enabled=\u00a0\u00bb0&Prime; global_colors_info=\u00a0\u00bb{}\u00a0\u00bb sticky_enabled=\u00a0\u00bb0&Prime;]<\/p>\n<p>Dans le cadre du \u00ab Gmeiw\u00e4rch dans le patrimoine mondial \u00bb (travail communautaire), une action annuelle d\u2019entretien du paysage est organis\u00e9e dans la r\u00e9gion du Patrimoine mondial. Elle contribue \u00e0 la pr\u00e9servation des pr\u00e9cieux paysages naturels et culturels. Gr\u00e2ce \u00e0 l\u2019aide de b\u00e9n\u00e9voles, une contribution essentielle est ainsi apport\u00e9e \u00e0 la conservation de la valeur exceptionnelle du Patrimoine mondial de l\u2019UNESCO Alpes suisses Jungfrau-Aletsch.<\/p>\n<p>Nous avons \u00e9veill\u00e9 votre int\u00e9r\u00eat et vous souhaitez participer au prochain Gmeiw\u00e4rch du Patrimoine mondial ? Ou bien vous aimeriez, avec votre entreprise, votre classe ou vos apprenti\u00b7e\u00b7s, effectuer une ou plusieurs journ\u00e9es d\u2019engagement en faveur de l\u2019environnement et de l\u2019entretien du paysage dans le Patrimoine mondial ? Alors n\u2019h\u00e9sitez pas \u00e0 nous <a href=\"https:\/\/jungfraualetsch.ch\/fr\/patrimoine-mondial\/contact\/\">contacter<\/a> !<\/p>\n<p><strong>Articles de presse (en allemand)<\/strong><\/p>\n<ul>\n<li><a href=\"https:\/\/jungfraualetsch.ch\/wp-content\/uploads\/2021\/11\/20200603_WB_Niwaerch.pdf\" target=\"_blank\" rel=\"noopener\">Gmeiw\u00e4rch \u2013 Suone Niw\u00e4rch<\/a> (de)<\/li>\n<li><a href=\"https:\/\/jungfraualetsch.ch\/wp-content\/uploads\/2021\/11\/20200817_Berner-Oberlaender_GmeiwaerchKandersteg.pdf\" target=\"_blank\" rel=\"noopener\">Gmeiw\u00e4rch in Kandersteg<\/a> (de)<\/li>\n<\/ul>\n<p>[\/et_pb_text][\/et_pb_column][et_pb_column type=\u00a0\u00bb1_4&Prime; _builder_version=\u00a0\u00bb4.16&Prime; _module_preset=\u00a0\u00bbdefault\u00a0\u00bb global_colors_info=\u00a0\u00bb{}\u00a0\u00bb][\/et_pb_column][\/et_pb_row][et_pb_row module_class=\u00a0\u00bbwrap\u00a0\u00bb _builder_version=\u00a0\u00bb4.16&Prime; _module_preset=\u00a0\u00bbdefault\u00a0\u00bb global_colors_info=\u00a0\u00bb{}\u00a0\u00bb][et_pb_column type=\u00a0\u00bb4_4&Prime; _builder_version=\u00a0\u00bb4.16&Prime; _module_preset=\u00a0\u00bbdefault\u00a0\u00bb global_colors_info=\u00a0\u00bb{}\u00a0\u00bb][et_pb_gallery gallery_ids=\u00a0\u00bb2419,2415,2411,2407,2403,2399&Prime; gallery_orderby=\u00a0\u00bbrand\u00a0\u00bb fullwidth=\u00a0\u00bbon\u00a0\u00bb _builder_version=\u00a0\u00bb4.16&Prime; _module_preset=\u00a0\u00bbdefault\u00a0\u00bb auto=\u00a0\u00bbon\u00a0\u00bb auto_speed=\u00a0\u00bb3500&Prime; global_colors_info=\u00a0\u00bb{}\u00a0\u00bb][\/et_pb_gallery][\/et_pb_column][\/et_pb_row][\/et_pb_section]<\/p>\n","protected":false},"excerpt":{"rendered":"<p>Gmeiw\u00e4rch dans le patrimoine mondial Dans le cadre du \u00ab Gmeiw\u00e4rch dans le patrimoine mondial \u00bb (travail communautaire), une action annuelle d\u2019entretien du paysage est organis\u00e9e dans la r\u00e9gion du Patrimoine mondial. Elle contribue \u00e0 la pr\u00e9servation des pr\u00e9cieux paysages naturels et culturels. Gr\u00e2ce \u00e0 l\u2019aide de b\u00e9n\u00e9voles, une contribution essentielle est ainsi apport\u00e9e \u00e0 [&hellip;]<\/p>\n","protected":false},"author":1,"featured_media":0,"parent":5019,"menu_order":32,"comment_status":"closed","ping_status":"closed","template":"","meta":{"_et_pb_use_builder":"on","_et_pb_old_content":"<p>[et_pb_section fb_built=\"1\" fullwidth=\"on\" _builder_version=\"4.9.1\" _module_preset=\"default\" background_image=\"https:\/\/jungfraualetsch.ch\/wp-content\/uploads\/2021\/03\/header_03_welterbe_pat_IMG_0916-scaled.jpg\" parallax=\"on\" bottom_divider_style=\"slant2\" bottom_divider_color=\"#FFFFFF\" bottom_divider_flip=\"horizontal\" bottom_divider_height_tablet=\"\" bottom_divider_height_phone=\"\" bottom_divider_height_last_edited=\"on|desktop\" custom_css_main_element=\"min-height: 45vh;\"][\/et_pb_section][et_pb_section fb_built=\"1\" _builder_version=\"4.9.1\" _module_preset=\"default\" background_enable_color=\"off\" background_enable_image=\"off\" top_divider_flip=\"horizontal\"][et_pb_row _builder_version=\"4.9.1\" _module_preset=\"default\"][et_pb_column type=\"4_4\" _builder_version=\"4.9.1\" _module_preset=\"default\"][et_pb_text admin_label=\"Titel\" _builder_version=\"4.9.2\" _module_preset=\"default\"]<\/p><h1>Welterbe Gmeiw\u00e4rch<\/h1><p>[\/et_pb_text][\/et_pb_column][\/et_pb_row][et_pb_row column_structure=\"3_4,1_4\" _builder_version=\"4.9.1\" _module_preset=\"default\"][et_pb_column type=\"3_4\" _builder_version=\"4.9.1\" _module_preset=\"default\"][et_pb_text _builder_version=\"4.9.9\" _module_preset=\"default\" hover_enabled=\"0\" sticky_enabled=\"0\"]<\/p><p>Im Rahmen des \u00abWelterbe Gmeiw\u00e4rch\u00bb wird jedes Jahr ein Landschaftspflegeeinsatz in der Welterbe-Region organisiert, welcher die wertvolle Natur- und Kulturlandschaft f\u00f6rdert. Mithilfe von freiwilligen Helferinnen und Helfern wird somit ein wertvoller Beitrag an die Erhaltung des aussergew\u00f6hnlichen Wertes im UNESCO-Welterbe Schweizer Alpen Jungfrau-Aletsch geleistet.<\/p><p><strong>Haben wir Interesse geweckt und m\u00f6chten Sie beim n\u00e4chsten Welterbe Gmeiw\u00e4rch auch mitanpacken? Oder m\u00f6chten Sie mit Ihrem Unternehmen, Ihrer Schulklasse oder Ihren Lehrlingen einen ein-\/mehrt\u00e4tigen Umwelt- und Landschaftspflegeeinsatz im UNESCO-Welterbe leisten? Dann <a href=\"https:\/\/jungfraualetsch.ch\/welterbe\/kontakt\/\">melden Sie sich bei uns<\/a>!<\/strong><\/p><p>Medienberichte<\/p><ul><li><a href=\"https:\/\/jungfraualetsch.ch\/wp-content\/uploads\/2021\/11\/20200603_WB_Niwaerch.pdf\" target=\"_blank\" rel=\"noopener\">Gmeiw\u00e4rch Suone Niw\u00e4rch<\/a><\/li><li><a href=\"https:\/\/jungfraualetsch.ch\/wp-content\/uploads\/2021\/11\/20200817_Berner-Oberlaender_GmeiwaerchKandersteg.pdf\" target=\"_blank\" rel=\"noopener\">Gmeiw\u00e4rch in Kandersteg<\/a><\/li><\/ul><p>[\/et_pb_text][\/et_pb_column][et_pb_column type=\"1_4\" _builder_version=\"4.9.1\" _module_preset=\"default\"][\/et_pb_column][\/et_pb_row][et_pb_row module_class=\"wrap\" _builder_version=\"4.9.1\" _module_preset=\"default\"][et_pb_column type=\"4_4\" _builder_version=\"4.9.1\" _module_preset=\"default\"][et_pb_gallery gallery_ids=\"2417,2413,2409,2405,2401,2397\" gallery_orderby=\"rand\" fullwidth=\"on\" _builder_version=\"4.9.2\" _module_preset=\"default\" auto=\"on\" auto_speed=\"3500\"][\/et_pb_gallery][\/et_pb_column][\/et_pb_row][\/et_pb_section]<\/p>","_et_gb_content_width":"","footnotes":""},"class_list":["post-13476","page","type-page","status-publish","hentry"],"yoast_head":"<!-- This site is optimized with the Yoast SEO plugin v27.1.1 - https:\/\/yoast.com\/product\/yoast-seo-wordpress\/ -->\n<title>Gmeiw\u00e4rch dans le patrimoine mondial - UNESCO World Heritage Swiss Alps Jungfrau-Aletsch<\/title>\n<meta name=\"robots\" content=\"index, follow, max-snippet:-1, max-image-preview:large, max-video-preview:-1\" \/>\n<link rel=\"canonical\" href=\"https:\/\/jungfraualetsch.ch\/fr\/preserver-et-valoriser\/gmeiwaerch-dans-le-patrimoine-mondial\/\" \/>\n<meta property=\"og:locale\" content=\"fr_FR\" \/>\n<meta property=\"og:type\" content=\"article\" \/>\n<meta property=\"og:title\" content=\"Gmeiw\u00e4rch dans le patrimoine mondial - UNESCO World Heritage Swiss Alps Jungfrau-Aletsch\" \/>\n<meta property=\"og:description\" content=\"Gmeiw\u00e4rch dans le patrimoine mondial Dans le cadre du \u00ab Gmeiw\u00e4rch dans le patrimoine mondial \u00bb (travail communautaire), une action annuelle d\u2019entretien du paysage est organis\u00e9e dans la r\u00e9gion du Patrimoine mondial. Elle contribue \u00e0 la pr\u00e9servation des pr\u00e9cieux paysages naturels et culturels. Gr\u00e2ce \u00e0 l\u2019aide de b\u00e9n\u00e9voles, une contribution essentielle est ainsi apport\u00e9e \u00e0 [&hellip;]\" \/>\n<meta property=\"og:url\" content=\"https:\/\/jungfraualetsch.ch\/fr\/preserver-et-valoriser\/gmeiwaerch-dans-le-patrimoine-mondial\/\" \/>\n<meta property=\"og:site_name\" content=\"UNESCO World Heritage Swiss Alps Jungfrau-Aletsch\" \/>\n<meta property=\"article:modified_time\" content=\"2026-01-09T15:08:46+00:00\" \/>\n<meta name=\"twitter:card\" content=\"summary_large_image\" \/>\n<meta name=\"twitter:label1\" content=\"Dur\u00e9e de lecture estim\u00e9e\" \/>\n\t<meta name=\"twitter:data1\" content=\"2 minutes\" \/>\n<script type=\"application\/ld+json\" class=\"yoast-schema-graph\">{\"@context\":\"https:\/\/schema.org\",\"@graph\":[{\"@type\":\"WebPage\",\"@id\":\"https:\/\/jungfraualetsch.ch\/fr\/preserver-et-valoriser\/gmeiwaerch-dans-le-patrimoine-mondial\/\",\"url\":\"https:\/\/jungfraualetsch.ch\/fr\/preserver-et-valoriser\/gmeiwaerch-dans-le-patrimoine-mondial\/\",\"name\":\"Gmeiw\u00e4rch dans le patrimoine mondial - UNESCO World Heritage Swiss Alps Jungfrau-Aletsch\",\"isPartOf\":{\"@id\":\"https:\/\/jungfraualetsch.ch\/#website\"},\"datePublished\":\"2026-01-09T14:38:13+00:00\",\"dateModified\":\"2026-01-09T15:08:46+00:00\",\"breadcrumb\":{\"@id\":\"https:\/\/jungfraualetsch.ch\/fr\/preserver-et-valoriser\/gmeiwaerch-dans-le-patrimoine-mondial\/#breadcrumb\"},\"inLanguage\":\"fr-FR\",\"potentialAction\":[{\"@type\":\"ReadAction\",\"target\":[\"https:\/\/jungfraualetsch.ch\/fr\/preserver-et-valoriser\/gmeiwaerch-dans-le-patrimoine-mondial\/\"]}]},{\"@type\":\"BreadcrumbList\",\"@id\":\"https:\/\/jungfraualetsch.ch\/fr\/preserver-et-valoriser\/gmeiwaerch-dans-le-patrimoine-mondial\/#breadcrumb\",\"itemListElement\":[{\"@type\":\"ListItem\",\"position\":1,\"name\":\"Startseite\",\"item\":\"https:\/\/jungfraualetsch.ch\/fr\/\"},{\"@type\":\"ListItem\",\"position\":2,\"name\":\"Pr\u00e9server et valoriser\",\"item\":\"https:\/\/jungfraualetsch.ch\/fr\/preserver-et-valoriser\/\"},{\"@type\":\"ListItem\",\"position\":3,\"name\":\"Gmeiw\u00e4rch dans le patrimoine mondial\"}]},{\"@type\":\"WebSite\",\"@id\":\"https:\/\/jungfraualetsch.ch\/#website\",\"url\":\"https:\/\/jungfraualetsch.ch\/\",\"name\":\"UNESCO World Heritage Swiss Alps Jungfrau-Aletsch\",\"description\":\"\",\"potentialAction\":[{\"@type\":\"SearchAction\",\"target\":{\"@type\":\"EntryPoint\",\"urlTemplate\":\"https:\/\/jungfraualetsch.ch\/?s={search_term_string}\"},\"query-input\":{\"@type\":\"PropertyValueSpecification\",\"valueRequired\":true,\"valueName\":\"search_term_string\"}}],\"inLanguage\":\"fr-FR\"}]}<\/script>\n<!-- \/ Yoast SEO plugin. -->","yoast_head_json":{"title":"Gmeiw\u00e4rch dans le patrimoine mondial - UNESCO World Heritage Swiss Alps Jungfrau-Aletsch","robots":{"index":"index","follow":"follow","max-snippet":"max-snippet:-1","max-image-preview":"max-image-preview:large","max-video-preview":"max-video-preview:-1"},"canonical":"https:\/\/jungfraualetsch.ch\/fr\/preserver-et-valoriser\/gmeiwaerch-dans-le-patrimoine-mondial\/","og_locale":"fr_FR","og_type":"article","og_title":"Gmeiw\u00e4rch dans le patrimoine mondial - UNESCO World Heritage Swiss Alps Jungfrau-Aletsch","og_description":"Gmeiw\u00e4rch dans le patrimoine mondial Dans le cadre du \u00ab Gmeiw\u00e4rch dans le patrimoine mondial \u00bb (travail communautaire), une action annuelle d\u2019entretien du paysage est organis\u00e9e dans la r\u00e9gion du Patrimoine mondial. Elle contribue \u00e0 la pr\u00e9servation des pr\u00e9cieux paysages naturels et culturels. Gr\u00e2ce \u00e0 l\u2019aide de b\u00e9n\u00e9voles, une contribution essentielle est ainsi apport\u00e9e \u00e0 [&hellip;]","og_url":"https:\/\/jungfraualetsch.ch\/fr\/preserver-et-valoriser\/gmeiwaerch-dans-le-patrimoine-mondial\/","og_site_name":"UNESCO World Heritage Swiss Alps Jungfrau-Aletsch","article_modified_time":"2026-01-09T15:08:46+00:00","twitter_card":"summary_large_image","twitter_misc":{"Dur\u00e9e de lecture estim\u00e9e":"2 minutes"},"schema":{"@context":"https:\/\/schema.org","@graph":[{"@type":"WebPage","@id":"https:\/\/jungfraualetsch.ch\/fr\/preserver-et-valoriser\/gmeiwaerch-dans-le-patrimoine-mondial\/","url":"https:\/\/jungfraualetsch.ch\/fr\/preserver-et-valoriser\/gmeiwaerch-dans-le-patrimoine-mondial\/","name":"Gmeiw\u00e4rch dans le patrimoine mondial - UNESCO World Heritage Swiss Alps Jungfrau-Aletsch","isPartOf":{"@id":"https:\/\/jungfraualetsch.ch\/#website"},"datePublished":"2026-01-09T14:38:13+00:00","dateModified":"2026-01-09T15:08:46+00:00","breadcrumb":{"@id":"https:\/\/jungfraualetsch.ch\/fr\/preserver-et-valoriser\/gmeiwaerch-dans-le-patrimoine-mondial\/#breadcrumb"},"inLanguage":"fr-FR","potentialAction":[{"@type":"ReadAction","target":["https:\/\/jungfraualetsch.ch\/fr\/preserver-et-valoriser\/gmeiwaerch-dans-le-patrimoine-mondial\/"]}]},{"@type":"BreadcrumbList","@id":"https:\/\/jungfraualetsch.ch\/fr\/preserver-et-valoriser\/gmeiwaerch-dans-le-patrimoine-mondial\/#breadcrumb","itemListElement":[{"@type":"ListItem","position":1,"name":"Startseite","item":"https:\/\/jungfraualetsch.ch\/fr\/"},{"@type":"ListItem","position":2,"name":"Pr\u00e9server et valoriser","item":"https:\/\/jungfraualetsch.ch\/fr\/preserver-et-valoriser\/"},{"@type":"ListItem","position":3,"name":"Gmeiw\u00e4rch dans le patrimoine mondial"}]},{"@type":"WebSite","@id":"https:\/\/jungfraualetsch.ch\/#website","url":"https:\/\/jungfraualetsch.ch\/","name":"UNESCO World Heritage Swiss Alps Jungfrau-Aletsch","description":"","potentialAction":[{"@type":"SearchAction","target":{"@type":"EntryPoint","urlTemplate":"https:\/\/jungfraualetsch.ch\/?s={search_term_string}"},"query-input":{"@type":"PropertyValueSpecification","valueRequired":true,"valueName":"search_term_string"}}],"inLanguage":"fr-FR"}]}},"_links":{"self":[{"href":"https:\/\/jungfraualetsch.ch\/fr\/wp-json\/wp\/v2\/pages\/13476","targetHints":{"allow":["GET"]}}],"collection":[{"href":"https:\/\/jungfraualetsch.ch\/fr\/wp-json\/wp\/v2\/pages"}],"about":[{"href":"https:\/\/jungfraualetsch.ch\/fr\/wp-json\/wp\/v2\/types\/page"}],"author":[{"embeddable":true,"href":"https:\/\/jungfraualetsch.ch\/fr\/wp-json\/wp\/v2\/users\/1"}],"replies":[{"embeddable":true,"href":"https:\/\/jungfraualetsch.ch\/fr\/wp-json\/wp\/v2\/comments?post=13476"}],"version-history":[{"count":5,"href":"https:\/\/jungfraualetsch.ch\/fr\/wp-json\/wp\/v2\/pages\/13476\/revisions"}],"predecessor-version":[{"id":13482,"href":"https:\/\/jungfraualetsch.ch\/fr\/wp-json\/wp\/v2\/pages\/13476\/revisions\/13482"}],"up":[{"embeddable":true,"href":"https:\/\/jungfraualetsch.ch\/fr\/wp-json\/wp\/v2\/pages\/5019"}],"wp:attachment":[{"href":"https:\/\/jungfraualetsch.ch\/fr\/wp-json\/wp\/v2\/media?parent=13476"}],"curies":[{"name":"wp","href":"https:\/\/api.w.org\/{rel}","templated":true}]}}