{"id":4275,"date":"2021-03-29T12:34:43","date_gmt":"2021-03-29T12:34:43","guid":{"rendered":"https:\/\/jungfraualetsch.ch\/priority-species-and-habitats\/leinkraut-scheckenfalter\/"},"modified":"2021-03-30T08:12:14","modified_gmt":"2021-03-30T08:12:14","slug":"provencal-fritillary","status":"publish","type":"page","link":"https:\/\/jungfraualetsch.ch\/en\/protection-and-restoration\/priority-species-and-habitats\/provencal-fritillary\/","title":{"rendered":"Proven\u00e7al Fritillary"},"content":{"rendered":"<p>[et_pb_section fb_built=&#8221;1&#8243; fullwidth=&#8221;on&#8221; _builder_version=&#8221;4.9.1&#8243; _module_preset=&#8221;default&#8221; background_image=&#8221;https:\/\/jungfraualetsch.ch\/wp-content\/uploads\/2021\/03\/header_03_welterbe_pat_IMG_0916-scaled.jpg&#8221; parallax=&#8221;on&#8221; bottom_divider_style=&#8221;slant2&#8243; bottom_divider_color=&#8221;#FFFFFF&#8221; bottom_divider_flip=&#8221;horizontal&#8221; bottom_divider_height_tablet=&#8221;&#8221; bottom_divider_height_phone=&#8221;&#8221; bottom_divider_height_last_edited=&#8221;on|desktop&#8221; custom_css_main_element=&#8221;min-height: 45vh;&#8221;][\/et_pb_section][et_pb_section fb_built=&#8221;1&#8243; _builder_version=&#8221;4.9.1&#8243; _module_preset=&#8221;default&#8221; background_enable_color=&#8221;off&#8221; background_enable_image=&#8221;off&#8221; top_divider_flip=&#8221;horizontal&#8221;][et_pb_row _builder_version=&#8221;4.9.1&#8243; _module_preset=&#8221;default&#8221;][et_pb_column type=&#8221;4_4&#8243; _builder_version=&#8221;4.9.1&#8243; _module_preset=&#8221;default&#8221;][et_pb_text admin_label=&#8221;Titel&#8221; _builder_version=&#8221;4.9.2&#8243; _module_preset=&#8221;default&#8221; hover_enabled=&#8221;0&#8243; sticky_enabled=&#8221;0&#8243;]<\/p>\n<h1>Proven\u00e7al Fritillary<\/h1>\n<p>[\/et_pb_text][\/et_pb_column][\/et_pb_row][et_pb_row column_structure=&#8221;3_4,1_4&#8243; _builder_version=&#8221;4.9.1&#8243; _module_preset=&#8221;default&#8221;][et_pb_column type=&#8221;3_4&#8243; _builder_version=&#8221;4.9.1&#8243; _module_preset=&#8221;default&#8221;][et_pb_text _builder_version=&#8221;4.9.2&#8243; _module_preset=&#8221;default&#8221; hover_enabled=&#8221;0&#8243; sticky_enabled=&#8221;0&#8243;]<\/p>\n<p>The best opportunity to observe the Proven\u00e7al Fritillary (Mellicta deione berisalii) is given on sunny days with little wind in June, near to the locality Ausserberg-Hohtenn of the L\u00f6tschberg southern ramp. It can be recognized due to its orange brown colour with black grid patterns. The butterfly prefers warm and dry climate. In Switzerland 11 Fritillary species are known, and all look quite similar. The caterpillar of the Proven\u00e7al Fritillary is linked to its forage plant, the Italian Toadflax (Linaria angustissima). Both have their main distribution in the Mediterranean area, from where they immigrated into the Rhone Valley after the last Ice Age. A subspecies of the Proven\u00e7al Fritillary is known only from the Valais, therefore it is considered as endemic in the Rhone Valley.<\/p>\n<p>In the past, lots of terrains in the Upper Valais were ploughed, therefore the butterfly was found frequently. Since then it became rare. The reason is quite simple: The caterpillar\u2019s feed is exclusively the leafs of the Italian Toadflax, growing on dry and frequently worked fields and in vineyards. It is an undesirable weed and where the plant get rare, also the butterfly gets rare.<\/p>\n<p>[\/et_pb_text][\/et_pb_column][et_pb_column type=&#8221;1_4&#8243; _builder_version=&#8221;4.9.1&#8243; _module_preset=&#8221;default&#8221;][\/et_pb_column][\/et_pb_row][et_pb_row _builder_version=&#8221;4.9.1&#8243; _module_preset=&#8221;default&#8221;][et_pb_column type=&#8221;4_4&#8243; _builder_version=&#8221;4.9.1&#8243; _module_preset=&#8221;default&#8221;][et_pb_gallery gallery_ids=&#8221;4008,4004,4000,3996&#8243; gallery_orderby=&#8221;rand&#8221; fullwidth=&#8221;on&#8221; _builder_version=&#8221;4.9.2&#8243; _module_preset=&#8221;default&#8221; auto=&#8221;on&#8221; auto_speed=&#8221;3500&#8243;][\/et_pb_gallery][\/et_pb_column][\/et_pb_row][et_pb_row column_structure=&#8221;3_4,1_4&#8243; _builder_version=&#8221;4.9.1&#8243; _module_preset=&#8221;default&#8221;][et_pb_column type=&#8221;3_4&#8243; _builder_version=&#8221;4.9.1&#8243; _module_preset=&#8221;default&#8221;][et_pb_text _builder_version=&#8221;4.9.2&#8243; _module_preset=&#8221;default&#8221; hover_enabled=&#8221;0&#8243; sticky_enabled=&#8221;0&#8243;]<\/p>\n<p><strong>Conservation Measures<\/strong><br \/>The Bureau for Environment and Energy (buweg) has mapped in 2014 the distribution of the butterfly in the World Heritage Region. They have contributed to the knowledge of the life cycle of the rare Fritillary species. This study was the basis for the elaboration of recommendations for protection and restoration, to be implemented jointly with the farmers. In 2015, the entire perimeter of the project Proven\u00e7al Fritillary could be included into the network project Ausserberg and consequently agreements for the extensive farming established. The same year a pilot action with volunteers was launched together with the mountain farmer Orlando Schmid. A beef pasture lied fallow near Ausserberg was turned over and 240 young plants of the Italian Toadflax were planted. The first project assessment showed very encouraging results.<\/p>\n<p>[\/et_pb_text][\/et_pb_column][et_pb_column type=&#8221;1_4&#8243; _builder_version=&#8221;4.9.1&#8243; _module_preset=&#8221;default&#8221;][\/et_pb_column][\/et_pb_row][et_pb_row _builder_version=&#8221;4.9.2&#8243; _module_preset=&#8221;default&#8221;][et_pb_column type=&#8221;4_4&#8243; _builder_version=&#8221;4.9.2&#8243; _module_preset=&#8221;default&#8221;][et_pb_image src=&#8221;https:\/\/jungfraualetsch.ch\/wp-content\/uploads\/2021\/03\/P1060429-2000&#215;1334-1.jpg&#8221; title_text=&#8221;P1060429-2000&#215;1334&#8243; _builder_version=&#8221;4.9.2&#8243; _module_preset=&#8221;default&#8221;][\/et_pb_image][\/et_pb_column][\/et_pb_row][et_pb_row column_structure=&#8221;3_4,1_4&#8243; _builder_version=&#8221;4.9.1&#8243; _module_preset=&#8221;default&#8221;][et_pb_column type=&#8221;3_4&#8243; _builder_version=&#8221;4.9.1&#8243; _module_preset=&#8221;default&#8221;][et_pb_text _builder_version=&#8221;4.9.2&#8243; _module_preset=&#8221;default&#8221; hover_enabled=&#8221;0&#8243; sticky_enabled=&#8221;0&#8243;]<\/p>\n<p>The Management Centre aims at restoring potential habitats but also establishing for most of the sites land use agreements with the farmers in order to assure supplementary incentives to the existing direct payments.<\/p>\n<p>More information:<\/p>\n<ul>\n<li><a href=\"https:\/\/jungfraualetsch.ch\/wp-content\/uploads\/2021\/03\/Leinkrautscheckenfalter-Bericht_Web.pdf\" target=\"_blank\" rel=\"noopener\">Report Proven\u00e7al Fritillary<\/a><\/li>\n<li><a href=\"https:\/\/jungfraualetsch.ch\/wp-content\/uploads\/2021\/03\/2015_06_11_WB_Scheckenfalter.pdf\" target=\"_blank\" rel=\"noopener\">Press release<\/a><\/li>\n<li><a href=\"https:\/\/myswissalps.ch\/poi\/504\" target=\"_blank\" rel=\"noopener\">Discovering the Proven\u00e7al Fritillary in the World Heritage site<\/a><\/li>\n<li><a href=\"https:\/\/jungfraualetsch.ch\/wp-content\/uploads\/2021\/03\/2016_06_08_Mitteilung_Leinkrautpflanzung.pdf\" target=\"_blank\" rel=\"noopener\">Press release 2016<\/a><\/li>\n<\/ul>\n<p>[\/et_pb_text][\/et_pb_column][et_pb_column type=&#8221;1_4&#8243; _builder_version=&#8221;4.9.1&#8243; _module_preset=&#8221;default&#8221;][\/et_pb_column][\/et_pb_row][et_pb_row _builder_version=&#8221;4.9.2&#8243; _module_preset=&#8221;default&#8221;][et_pb_column type=&#8221;4_4&#8243; _builder_version=&#8221;4.9.2&#8243; _module_preset=&#8221;default&#8221;][et_pb_video src=&#8221;https:\/\/www.youtube.com\/watch?v=_hscx-rMYnw&#8221; _builder_version=&#8221;4.9.2&#8243; _module_preset=&#8221;default&#8221;][\/et_pb_video][\/et_pb_column][\/et_pb_row][\/et_pb_section]<\/p>\n","protected":false},"excerpt":{"rendered":"<p>Proven\u00e7al FritillaryThe best opportunity to observe the Proven\u00e7al Fritillary (Mellicta deione berisalii) is given on sunny days with little wind in June, near to the locality Ausserberg-Hohtenn of the L\u00f6tschberg southern ramp. It can be recognized due to its orange brown colour with black grid patterns. The butterfly prefers warm and dry climate. In Switzerland [&hellip;]<\/p>\n","protected":false},"author":1,"featured_media":0,"parent":3427,"menu_order":39,"comment_status":"closed","ping_status":"closed","template":"","meta":{"_et_pb_use_builder":"on","_et_pb_old_content":"","_et_gb_content_width":"","footnotes":""},"class_list":["post-4275","page","type-page","status-publish","hentry"],"yoast_head":"<!-- This site is optimized with the Yoast SEO plugin v27.1.1 - https:\/\/yoast.com\/product\/yoast-seo-wordpress\/ -->\n<title>Proven\u00e7al Fritillary - UNESCO World Heritage Swiss Alps Jungfrau-Aletsch<\/title>\n<meta name=\"robots\" content=\"index, follow, max-snippet:-1, max-image-preview:large, max-video-preview:-1\" \/>\n<link rel=\"canonical\" href=\"https:\/\/jungfraualetsch.ch\/en\/protection-and-restoration\/priority-species-and-habitats\/provencal-fritillary\/\" \/>\n<meta property=\"og:locale\" content=\"en_US\" \/>\n<meta property=\"og:type\" content=\"article\" \/>\n<meta property=\"og:title\" content=\"Proven\u00e7al Fritillary - UNESCO World Heritage Swiss Alps Jungfrau-Aletsch\" \/>\n<meta property=\"og:description\" content=\"Proven\u00e7al FritillaryThe best opportunity to observe the Proven\u00e7al Fritillary (Mellicta deione berisalii) is given on sunny days with little wind in June, near to the locality Ausserberg-Hohtenn of the L\u00f6tschberg southern ramp. It can be recognized due to its orange brown colour with black grid patterns. The butterfly prefers warm and dry climate. In Switzerland [&hellip;]\" \/>\n<meta property=\"og:url\" content=\"https:\/\/jungfraualetsch.ch\/en\/protection-and-restoration\/priority-species-and-habitats\/provencal-fritillary\/\" \/>\n<meta property=\"og:site_name\" content=\"UNESCO World Heritage Swiss Alps Jungfrau-Aletsch\" \/>\n<meta property=\"article:modified_time\" content=\"2021-03-30T08:12:14+00:00\" \/>\n<meta name=\"twitter:card\" content=\"summary_large_image\" \/>\n<meta name=\"twitter:label1\" content=\"Est. reading time\" \/>\n\t<meta name=\"twitter:data1\" content=\"4 minutes\" \/>\n<script type=\"application\/ld+json\" class=\"yoast-schema-graph\">{\"@context\":\"https:\/\/schema.org\",\"@graph\":[{\"@type\":\"WebPage\",\"@id\":\"https:\/\/jungfraualetsch.ch\/en\/protection-and-restoration\/priority-species-and-habitats\/provencal-fritillary\/\",\"url\":\"https:\/\/jungfraualetsch.ch\/en\/protection-and-restoration\/priority-species-and-habitats\/provencal-fritillary\/\",\"name\":\"Proven\u00e7al Fritillary - UNESCO World Heritage Swiss Alps Jungfrau-Aletsch\",\"isPartOf\":{\"@id\":\"https:\/\/jungfraualetsch.ch\/#website\"},\"datePublished\":\"2021-03-29T12:34:43+00:00\",\"dateModified\":\"2021-03-30T08:12:14+00:00\",\"breadcrumb\":{\"@id\":\"https:\/\/jungfraualetsch.ch\/en\/protection-and-restoration\/priority-species-and-habitats\/provencal-fritillary\/#breadcrumb\"},\"inLanguage\":\"en-US\",\"potentialAction\":[{\"@type\":\"ReadAction\",\"target\":[\"https:\/\/jungfraualetsch.ch\/en\/protection-and-restoration\/priority-species-and-habitats\/provencal-fritillary\/\"]}]},{\"@type\":\"BreadcrumbList\",\"@id\":\"https:\/\/jungfraualetsch.ch\/en\/protection-and-restoration\/priority-species-and-habitats\/provencal-fritillary\/#breadcrumb\",\"itemListElement\":[{\"@type\":\"ListItem\",\"position\":1,\"name\":\"Startseite\",\"item\":\"https:\/\/jungfraualetsch.ch\/en\/\"},{\"@type\":\"ListItem\",\"position\":2,\"name\":\"Protection and Restoration\",\"item\":\"https:\/\/jungfraualetsch.ch\/en\/protection-and-restoration\/\"},{\"@type\":\"ListItem\",\"position\":3,\"name\":\"Priority Species and Habitats\",\"item\":\"https:\/\/jungfraualetsch.ch\/en\/protection-and-restoration\/priority-species-and-habitats\/\"},{\"@type\":\"ListItem\",\"position\":4,\"name\":\"Proven\u00e7al Fritillary\"}]},{\"@type\":\"WebSite\",\"@id\":\"https:\/\/jungfraualetsch.ch\/#website\",\"url\":\"https:\/\/jungfraualetsch.ch\/\",\"name\":\"UNESCO World Heritage Swiss Alps Jungfrau-Aletsch\",\"description\":\"\",\"potentialAction\":[{\"@type\":\"SearchAction\",\"target\":{\"@type\":\"EntryPoint\",\"urlTemplate\":\"https:\/\/jungfraualetsch.ch\/?s={search_term_string}\"},\"query-input\":{\"@type\":\"PropertyValueSpecification\",\"valueRequired\":true,\"valueName\":\"search_term_string\"}}],\"inLanguage\":\"en-US\"}]}<\/script>\n<!-- \/ Yoast SEO plugin. -->","yoast_head_json":{"title":"Proven\u00e7al Fritillary - UNESCO World Heritage Swiss Alps Jungfrau-Aletsch","robots":{"index":"index","follow":"follow","max-snippet":"max-snippet:-1","max-image-preview":"max-image-preview:large","max-video-preview":"max-video-preview:-1"},"canonical":"https:\/\/jungfraualetsch.ch\/en\/protection-and-restoration\/priority-species-and-habitats\/provencal-fritillary\/","og_locale":"en_US","og_type":"article","og_title":"Proven\u00e7al Fritillary - UNESCO World Heritage Swiss Alps Jungfrau-Aletsch","og_description":"Proven\u00e7al FritillaryThe best opportunity to observe the Proven\u00e7al Fritillary (Mellicta deione berisalii) is given on sunny days with little wind in June, near to the locality Ausserberg-Hohtenn of the L\u00f6tschberg southern ramp. It can be recognized due to its orange brown colour with black grid patterns. The butterfly prefers warm and dry climate. In Switzerland [&hellip;]","og_url":"https:\/\/jungfraualetsch.ch\/en\/protection-and-restoration\/priority-species-and-habitats\/provencal-fritillary\/","og_site_name":"UNESCO World Heritage Swiss Alps Jungfrau-Aletsch","article_modified_time":"2021-03-30T08:12:14+00:00","twitter_card":"summary_large_image","twitter_misc":{"Est. reading time":"4 minutes"},"schema":{"@context":"https:\/\/schema.org","@graph":[{"@type":"WebPage","@id":"https:\/\/jungfraualetsch.ch\/en\/protection-and-restoration\/priority-species-and-habitats\/provencal-fritillary\/","url":"https:\/\/jungfraualetsch.ch\/en\/protection-and-restoration\/priority-species-and-habitats\/provencal-fritillary\/","name":"Proven\u00e7al Fritillary - UNESCO World Heritage Swiss Alps Jungfrau-Aletsch","isPartOf":{"@id":"https:\/\/jungfraualetsch.ch\/#website"},"datePublished":"2021-03-29T12:34:43+00:00","dateModified":"2021-03-30T08:12:14+00:00","breadcrumb":{"@id":"https:\/\/jungfraualetsch.ch\/en\/protection-and-restoration\/priority-species-and-habitats\/provencal-fritillary\/#breadcrumb"},"inLanguage":"en-US","potentialAction":[{"@type":"ReadAction","target":["https:\/\/jungfraualetsch.ch\/en\/protection-and-restoration\/priority-species-and-habitats\/provencal-fritillary\/"]}]},{"@type":"BreadcrumbList","@id":"https:\/\/jungfraualetsch.ch\/en\/protection-and-restoration\/priority-species-and-habitats\/provencal-fritillary\/#breadcrumb","itemListElement":[{"@type":"ListItem","position":1,"name":"Startseite","item":"https:\/\/jungfraualetsch.ch\/en\/"},{"@type":"ListItem","position":2,"name":"Protection and Restoration","item":"https:\/\/jungfraualetsch.ch\/en\/protection-and-restoration\/"},{"@type":"ListItem","position":3,"name":"Priority Species and Habitats","item":"https:\/\/jungfraualetsch.ch\/en\/protection-and-restoration\/priority-species-and-habitats\/"},{"@type":"ListItem","position":4,"name":"Proven\u00e7al Fritillary"}]},{"@type":"WebSite","@id":"https:\/\/jungfraualetsch.ch\/#website","url":"https:\/\/jungfraualetsch.ch\/","name":"UNESCO World Heritage Swiss Alps Jungfrau-Aletsch","description":"","potentialAction":[{"@type":"SearchAction","target":{"@type":"EntryPoint","urlTemplate":"https:\/\/jungfraualetsch.ch\/?s={search_term_string}"},"query-input":{"@type":"PropertyValueSpecification","valueRequired":true,"valueName":"search_term_string"}}],"inLanguage":"en-US"}]}},"_links":{"self":[{"href":"https:\/\/jungfraualetsch.ch\/en\/wp-json\/wp\/v2\/pages\/4275","targetHints":{"allow":["GET"]}}],"collection":[{"href":"https:\/\/jungfraualetsch.ch\/en\/wp-json\/wp\/v2\/pages"}],"about":[{"href":"https:\/\/jungfraualetsch.ch\/en\/wp-json\/wp\/v2\/types\/page"}],"author":[{"embeddable":true,"href":"https:\/\/jungfraualetsch.ch\/en\/wp-json\/wp\/v2\/users\/1"}],"replies":[{"embeddable":true,"href":"https:\/\/jungfraualetsch.ch\/en\/wp-json\/wp\/v2\/comments?post=4275"}],"version-history":[{"count":3,"href":"https:\/\/jungfraualetsch.ch\/en\/wp-json\/wp\/v2\/pages\/4275\/revisions"}],"predecessor-version":[{"id":4287,"href":"https:\/\/jungfraualetsch.ch\/en\/wp-json\/wp\/v2\/pages\/4275\/revisions\/4287"}],"up":[{"embeddable":true,"href":"https:\/\/jungfraualetsch.ch\/en\/wp-json\/wp\/v2\/pages\/3427"}],"wp:attachment":[{"href":"https:\/\/jungfraualetsch.ch\/en\/wp-json\/wp\/v2\/media?parent=4275"}],"curies":[{"name":"wp","href":"https:\/\/api.w.org\/{rel}","templated":true}]}}