{"id":13471,"date":"2026-01-09T14:36:53","date_gmt":"2026-01-09T14:36:53","guid":{"rendered":"https:\/\/jungfraualetsch.ch\/?page_id=13471"},"modified":"2026-01-09T14:36:57","modified_gmt":"2026-01-09T14:36:57","slug":"welterbe-gmeiwaerch","status":"publish","type":"page","link":"https:\/\/jungfraualetsch.ch\/en\/protection-and-restoration\/welterbe-gmeiwaerch\/","title":{"rendered":"Welterbe Gmeiw\u00e4rch"},"content":{"rendered":"<p>[et_pb_section fb_built=&#8221;1&#8243; fullwidth=&#8221;on&#8221; _builder_version=&#8221;4.16&#8243; _module_preset=&#8221;default&#8221; background_image=&#8221;https:\/\/jungfraualetsch.ch\/wp-content\/uploads\/2021\/03\/header_03_welterbe_pat_IMG_0916-scaled.jpg&#8221; parallax=&#8221;on&#8221; bottom_divider_style=&#8221;slant2&#8243; bottom_divider_color=&#8221;#FFFFFF&#8221; bottom_divider_flip=&#8221;horizontal&#8221; bottom_divider_height_tablet=&#8221;&#8221; bottom_divider_height_phone=&#8221;&#8221; bottom_divider_height_last_edited=&#8221;on|desktop&#8221; custom_css_main_element=&#8221;min-height: 45vh;&#8221; global_colors_info=&#8221;{}&#8221;][\/et_pb_section][et_pb_section fb_built=&#8221;1&#8243; _builder_version=&#8221;4.16&#8243; _module_preset=&#8221;default&#8221; background_enable_color=&#8221;off&#8221; background_enable_image=&#8221;off&#8221; top_divider_flip=&#8221;horizontal&#8221; global_colors_info=&#8221;{}&#8221;][et_pb_row _builder_version=&#8221;4.16&#8243; _module_preset=&#8221;default&#8221; global_colors_info=&#8221;{}&#8221;][et_pb_column type=&#8221;4_4&#8243; _builder_version=&#8221;4.16&#8243; _module_preset=&#8221;default&#8221; global_colors_info=&#8221;{}&#8221;][et_pb_text admin_label=&#8221;Titel&#8221; _builder_version=&#8221;4.16&#8243; _module_preset=&#8221;default&#8221; global_colors_info=&#8221;{}&#8221;]<\/p>\n<h1>Welterbe Gmeiw\u00e4rch<\/h1>\n<p>[\/et_pb_text][\/et_pb_column][\/et_pb_row][et_pb_row column_structure=&#8221;3_4,1_4&#8243; _builder_version=&#8221;4.16&#8243; _module_preset=&#8221;default&#8221; global_colors_info=&#8221;{}&#8221;][et_pb_column type=&#8221;3_4&#8243; _builder_version=&#8221;4.16&#8243; _module_preset=&#8221;default&#8221; global_colors_info=&#8221;{}&#8221;][et_pb_text _builder_version=&#8221;4.16&#8243; _module_preset=&#8221;default&#8221; global_colors_info=&#8221;{}&#8221;]Im Rahmen des \u00abWelterbe Gmeiw\u00e4rch\u00bb wird jedes Jahr ein Landschaftspflegeeinsatz in der Welterbe-Region organisiert, welcher die wertvolle Natur- und Kulturlandschaft f\u00f6rdert. Mithilfe von freiwilligen Helferinnen und Helfern wird somit ein wertvoller Beitrag an die Erhaltung des aussergew\u00f6hnlichen Wertes im UNESCO-Welterbe Schweizer Alpen Jungfrau-Aletsch geleistet.<\/p>\n<p><strong>Haben wir Interesse geweckt und m\u00f6chten Sie beim n\u00e4chsten Welterbe Gmeiw\u00e4rch auch mitanpacken? Oder m\u00f6chten Sie mit Ihrem Unternehmen, Ihrer Schulklasse oder Ihren Lehrlingen einen ein-\/mehrt\u00e4tigen Umwelt- und Landschaftspflegeeinsatz im UNESCO-Welterbe leisten? Dann <a href=\"https:\/\/jungfraualetsch.ch\/welterbe\/kontakt\/\">melden Sie sich bei uns<\/a>!<\/strong><\/p>\n<p>Medienberichte<\/p>\n<ul>\n<li><a href=\"https:\/\/jungfraualetsch.ch\/wp-content\/uploads\/2021\/11\/20200603_WB_Niwaerch.pdf\" target=\"_blank\" rel=\"noopener\">Gmeiw\u00e4rch Suone Niw\u00e4rch<\/a><\/li>\n<li><a href=\"https:\/\/jungfraualetsch.ch\/wp-content\/uploads\/2021\/11\/20200817_Berner-Oberlaender_GmeiwaerchKandersteg.pdf\" target=\"_blank\" rel=\"noopener\">Gmeiw\u00e4rch in Kandersteg<\/a><\/li>\n<\/ul>\n<p>[\/et_pb_text][\/et_pb_column][et_pb_column type=&#8221;1_4&#8243; _builder_version=&#8221;4.16&#8243; _module_preset=&#8221;default&#8221; global_colors_info=&#8221;{}&#8221;][\/et_pb_column][\/et_pb_row][et_pb_row module_class=&#8221;wrap&#8221; _builder_version=&#8221;4.16&#8243; _module_preset=&#8221;default&#8221; global_colors_info=&#8221;{}&#8221;][et_pb_column type=&#8221;4_4&#8243; _builder_version=&#8221;4.16&#8243; _module_preset=&#8221;default&#8221; global_colors_info=&#8221;{}&#8221;][et_pb_gallery gallery_ids=&#8221;2418,2414,2410,2406,2402,2398&#8243; gallery_orderby=&#8221;rand&#8221; fullwidth=&#8221;on&#8221; _builder_version=&#8221;4.16&#8243; _module_preset=&#8221;default&#8221; auto=&#8221;on&#8221; auto_speed=&#8221;3500&#8243; global_colors_info=&#8221;{}&#8221;][\/et_pb_gallery][\/et_pb_column][\/et_pb_row][\/et_pb_section]<\/p>\n","protected":false},"excerpt":{"rendered":"<p>Welterbe Gmeiw\u00e4rch Im Rahmen des \u00abWelterbe Gmeiw\u00e4rch\u00bb wird jedes Jahr ein Landschaftspflegeeinsatz in der Welterbe-Region organisiert, welcher die wertvolle Natur- und Kulturlandschaft f\u00f6rdert. Mithilfe von freiwilligen Helferinnen und Helfern wird somit ein wertvoller Beitrag an die Erhaltung des aussergew\u00f6hnlichen Wertes im UNESCO-Welterbe Schweizer Alpen Jungfrau-Aletsch geleistet. Haben wir Interesse geweckt und m\u00f6chten Sie beim n\u00e4chsten [&hellip;]<\/p>\n","protected":false},"author":1,"featured_media":0,"parent":4914,"menu_order":32,"comment_status":"closed","ping_status":"closed","template":"","meta":{"_et_pb_use_builder":"on","_et_pb_old_content":"<p>[et_pb_section fb_built=\"1\" fullwidth=\"on\" _builder_version=\"4.9.1\" _module_preset=\"default\" background_image=\"https:\/\/jungfraualetsch.ch\/wp-content\/uploads\/2021\/03\/header_03_welterbe_pat_IMG_0916-scaled.jpg\" parallax=\"on\" bottom_divider_style=\"slant2\" bottom_divider_color=\"#FFFFFF\" bottom_divider_flip=\"horizontal\" bottom_divider_height_tablet=\"\" bottom_divider_height_phone=\"\" bottom_divider_height_last_edited=\"on|desktop\" custom_css_main_element=\"min-height: 45vh;\"][\/et_pb_section][et_pb_section fb_built=\"1\" _builder_version=\"4.9.1\" _module_preset=\"default\" background_enable_color=\"off\" background_enable_image=\"off\" top_divider_flip=\"horizontal\"][et_pb_row _builder_version=\"4.9.1\" _module_preset=\"default\"][et_pb_column type=\"4_4\" _builder_version=\"4.9.1\" _module_preset=\"default\"][et_pb_text admin_label=\"Titel\" _builder_version=\"4.9.2\" _module_preset=\"default\"]<\/p><h1>Welterbe Gmeiw\u00e4rch<\/h1><p>[\/et_pb_text][\/et_pb_column][\/et_pb_row][et_pb_row column_structure=\"3_4,1_4\" _builder_version=\"4.9.1\" _module_preset=\"default\"][et_pb_column type=\"3_4\" _builder_version=\"4.9.1\" _module_preset=\"default\"][et_pb_text _builder_version=\"4.9.9\" _module_preset=\"default\" hover_enabled=\"0\" sticky_enabled=\"0\"]<\/p><p>Im Rahmen des \u00abWelterbe Gmeiw\u00e4rch\u00bb wird jedes Jahr ein Landschaftspflegeeinsatz in der Welterbe-Region organisiert, welcher die wertvolle Natur- und Kulturlandschaft f\u00f6rdert. Mithilfe von freiwilligen Helferinnen und Helfern wird somit ein wertvoller Beitrag an die Erhaltung des aussergew\u00f6hnlichen Wertes im UNESCO-Welterbe Schweizer Alpen Jungfrau-Aletsch geleistet.<\/p><p><strong>Haben wir Interesse geweckt und m\u00f6chten Sie beim n\u00e4chsten Welterbe Gmeiw\u00e4rch auch mitanpacken? Oder m\u00f6chten Sie mit Ihrem Unternehmen, Ihrer Schulklasse oder Ihren Lehrlingen einen ein-\/mehrt\u00e4tigen Umwelt- und Landschaftspflegeeinsatz im UNESCO-Welterbe leisten? Dann <a href=\"https:\/\/jungfraualetsch.ch\/welterbe\/kontakt\/\">melden Sie sich bei uns<\/a>!<\/strong><\/p><p>Medienberichte<\/p><ul><li><a href=\"https:\/\/jungfraualetsch.ch\/wp-content\/uploads\/2021\/11\/20200603_WB_Niwaerch.pdf\" target=\"_blank\" rel=\"noopener\">Gmeiw\u00e4rch Suone Niw\u00e4rch<\/a><\/li><li><a href=\"https:\/\/jungfraualetsch.ch\/wp-content\/uploads\/2021\/11\/20200817_Berner-Oberlaender_GmeiwaerchKandersteg.pdf\" target=\"_blank\" rel=\"noopener\">Gmeiw\u00e4rch in Kandersteg<\/a><\/li><\/ul><p>[\/et_pb_text][\/et_pb_column][et_pb_column type=\"1_4\" _builder_version=\"4.9.1\" _module_preset=\"default\"][\/et_pb_column][\/et_pb_row][et_pb_row module_class=\"wrap\" _builder_version=\"4.9.1\" _module_preset=\"default\"][et_pb_column type=\"4_4\" _builder_version=\"4.9.1\" _module_preset=\"default\"][et_pb_gallery gallery_ids=\"2417,2413,2409,2405,2401,2397\" gallery_orderby=\"rand\" fullwidth=\"on\" _builder_version=\"4.9.2\" _module_preset=\"default\" auto=\"on\" auto_speed=\"3500\"][\/et_pb_gallery][\/et_pb_column][\/et_pb_row][\/et_pb_section]<\/p>","_et_gb_content_width":"","footnotes":""},"class_list":["post-13471","page","type-page","status-publish","hentry"],"yoast_head":"<!-- This site is optimized with the Yoast SEO plugin v27.1.1 - https:\/\/yoast.com\/product\/yoast-seo-wordpress\/ -->\n<title>Welterbe Gmeiw\u00e4rch - UNESCO World Heritage Swiss Alps Jungfrau-Aletsch<\/title>\n<meta name=\"robots\" content=\"index, follow, max-snippet:-1, max-image-preview:large, max-video-preview:-1\" \/>\n<link rel=\"canonical\" href=\"https:\/\/jungfraualetsch.ch\/en\/protection-and-restoration\/welterbe-gmeiwaerch\/\" \/>\n<meta property=\"og:locale\" content=\"en_US\" \/>\n<meta property=\"og:type\" content=\"article\" \/>\n<meta property=\"og:title\" content=\"Welterbe Gmeiw\u00e4rch - UNESCO World Heritage Swiss Alps Jungfrau-Aletsch\" \/>\n<meta property=\"og:description\" content=\"Welterbe Gmeiw\u00e4rch Im Rahmen des \u00abWelterbe Gmeiw\u00e4rch\u00bb wird jedes Jahr ein Landschaftspflegeeinsatz in der Welterbe-Region organisiert, welcher die wertvolle Natur- und Kulturlandschaft f\u00f6rdert. Mithilfe von freiwilligen Helferinnen und Helfern wird somit ein wertvoller Beitrag an die Erhaltung des aussergew\u00f6hnlichen Wertes im UNESCO-Welterbe Schweizer Alpen Jungfrau-Aletsch geleistet. Haben wir Interesse geweckt und m\u00f6chten Sie beim n\u00e4chsten [&hellip;]\" \/>\n<meta property=\"og:url\" content=\"https:\/\/jungfraualetsch.ch\/en\/protection-and-restoration\/welterbe-gmeiwaerch\/\" \/>\n<meta property=\"og:site_name\" content=\"UNESCO World Heritage Swiss Alps Jungfrau-Aletsch\" \/>\n<meta property=\"article:modified_time\" content=\"2026-01-09T14:36:57+00:00\" \/>\n<meta name=\"twitter:card\" content=\"summary_large_image\" \/>\n<meta name=\"twitter:label1\" content=\"Est. reading time\" \/>\n\t<meta name=\"twitter:data1\" content=\"2 minutes\" \/>\n<script type=\"application\/ld+json\" class=\"yoast-schema-graph\">{\"@context\":\"https:\/\/schema.org\",\"@graph\":[{\"@type\":\"WebPage\",\"@id\":\"https:\/\/jungfraualetsch.ch\/en\/protection-and-restoration\/welterbe-gmeiwaerch\/\",\"url\":\"https:\/\/jungfraualetsch.ch\/en\/protection-and-restoration\/welterbe-gmeiwaerch\/\",\"name\":\"Welterbe Gmeiw\u00e4rch - UNESCO World Heritage Swiss Alps Jungfrau-Aletsch\",\"isPartOf\":{\"@id\":\"https:\/\/jungfraualetsch.ch\/#website\"},\"datePublished\":\"2026-01-09T14:36:53+00:00\",\"dateModified\":\"2026-01-09T14:36:57+00:00\",\"breadcrumb\":{\"@id\":\"https:\/\/jungfraualetsch.ch\/en\/protection-and-restoration\/welterbe-gmeiwaerch\/#breadcrumb\"},\"inLanguage\":\"en-US\",\"potentialAction\":[{\"@type\":\"ReadAction\",\"target\":[\"https:\/\/jungfraualetsch.ch\/en\/protection-and-restoration\/welterbe-gmeiwaerch\/\"]}]},{\"@type\":\"BreadcrumbList\",\"@id\":\"https:\/\/jungfraualetsch.ch\/en\/protection-and-restoration\/welterbe-gmeiwaerch\/#breadcrumb\",\"itemListElement\":[{\"@type\":\"ListItem\",\"position\":1,\"name\":\"Startseite\",\"item\":\"https:\/\/jungfraualetsch.ch\/en\/\"},{\"@type\":\"ListItem\",\"position\":2,\"name\":\"Protection and Restoration\",\"item\":\"https:\/\/jungfraualetsch.ch\/en\/protection-and-restoration\/\"},{\"@type\":\"ListItem\",\"position\":3,\"name\":\"Welterbe Gmeiw\u00e4rch\"}]},{\"@type\":\"WebSite\",\"@id\":\"https:\/\/jungfraualetsch.ch\/#website\",\"url\":\"https:\/\/jungfraualetsch.ch\/\",\"name\":\"UNESCO World Heritage Swiss Alps Jungfrau-Aletsch\",\"description\":\"\",\"potentialAction\":[{\"@type\":\"SearchAction\",\"target\":{\"@type\":\"EntryPoint\",\"urlTemplate\":\"https:\/\/jungfraualetsch.ch\/?s={search_term_string}\"},\"query-input\":{\"@type\":\"PropertyValueSpecification\",\"valueRequired\":true,\"valueName\":\"search_term_string\"}}],\"inLanguage\":\"en-US\"}]}<\/script>\n<!-- \/ Yoast SEO plugin. -->","yoast_head_json":{"title":"Welterbe Gmeiw\u00e4rch - UNESCO World Heritage Swiss Alps Jungfrau-Aletsch","robots":{"index":"index","follow":"follow","max-snippet":"max-snippet:-1","max-image-preview":"max-image-preview:large","max-video-preview":"max-video-preview:-1"},"canonical":"https:\/\/jungfraualetsch.ch\/en\/protection-and-restoration\/welterbe-gmeiwaerch\/","og_locale":"en_US","og_type":"article","og_title":"Welterbe Gmeiw\u00e4rch - UNESCO World Heritage Swiss Alps Jungfrau-Aletsch","og_description":"Welterbe Gmeiw\u00e4rch Im Rahmen des \u00abWelterbe Gmeiw\u00e4rch\u00bb wird jedes Jahr ein Landschaftspflegeeinsatz in der Welterbe-Region organisiert, welcher die wertvolle Natur- und Kulturlandschaft f\u00f6rdert. Mithilfe von freiwilligen Helferinnen und Helfern wird somit ein wertvoller Beitrag an die Erhaltung des aussergew\u00f6hnlichen Wertes im UNESCO-Welterbe Schweizer Alpen Jungfrau-Aletsch geleistet. Haben wir Interesse geweckt und m\u00f6chten Sie beim n\u00e4chsten [&hellip;]","og_url":"https:\/\/jungfraualetsch.ch\/en\/protection-and-restoration\/welterbe-gmeiwaerch\/","og_site_name":"UNESCO World Heritage Swiss Alps Jungfrau-Aletsch","article_modified_time":"2026-01-09T14:36:57+00:00","twitter_card":"summary_large_image","twitter_misc":{"Est. reading time":"2 minutes"},"schema":{"@context":"https:\/\/schema.org","@graph":[{"@type":"WebPage","@id":"https:\/\/jungfraualetsch.ch\/en\/protection-and-restoration\/welterbe-gmeiwaerch\/","url":"https:\/\/jungfraualetsch.ch\/en\/protection-and-restoration\/welterbe-gmeiwaerch\/","name":"Welterbe Gmeiw\u00e4rch - UNESCO World Heritage Swiss Alps Jungfrau-Aletsch","isPartOf":{"@id":"https:\/\/jungfraualetsch.ch\/#website"},"datePublished":"2026-01-09T14:36:53+00:00","dateModified":"2026-01-09T14:36:57+00:00","breadcrumb":{"@id":"https:\/\/jungfraualetsch.ch\/en\/protection-and-restoration\/welterbe-gmeiwaerch\/#breadcrumb"},"inLanguage":"en-US","potentialAction":[{"@type":"ReadAction","target":["https:\/\/jungfraualetsch.ch\/en\/protection-and-restoration\/welterbe-gmeiwaerch\/"]}]},{"@type":"BreadcrumbList","@id":"https:\/\/jungfraualetsch.ch\/en\/protection-and-restoration\/welterbe-gmeiwaerch\/#breadcrumb","itemListElement":[{"@type":"ListItem","position":1,"name":"Startseite","item":"https:\/\/jungfraualetsch.ch\/en\/"},{"@type":"ListItem","position":2,"name":"Protection and Restoration","item":"https:\/\/jungfraualetsch.ch\/en\/protection-and-restoration\/"},{"@type":"ListItem","position":3,"name":"Welterbe Gmeiw\u00e4rch"}]},{"@type":"WebSite","@id":"https:\/\/jungfraualetsch.ch\/#website","url":"https:\/\/jungfraualetsch.ch\/","name":"UNESCO World Heritage Swiss Alps Jungfrau-Aletsch","description":"","potentialAction":[{"@type":"SearchAction","target":{"@type":"EntryPoint","urlTemplate":"https:\/\/jungfraualetsch.ch\/?s={search_term_string}"},"query-input":{"@type":"PropertyValueSpecification","valueRequired":true,"valueName":"search_term_string"}}],"inLanguage":"en-US"}]}},"_links":{"self":[{"href":"https:\/\/jungfraualetsch.ch\/en\/wp-json\/wp\/v2\/pages\/13471","targetHints":{"allow":["GET"]}}],"collection":[{"href":"https:\/\/jungfraualetsch.ch\/en\/wp-json\/wp\/v2\/pages"}],"about":[{"href":"https:\/\/jungfraualetsch.ch\/en\/wp-json\/wp\/v2\/types\/page"}],"author":[{"embeddable":true,"href":"https:\/\/jungfraualetsch.ch\/en\/wp-json\/wp\/v2\/users\/1"}],"replies":[{"embeddable":true,"href":"https:\/\/jungfraualetsch.ch\/en\/wp-json\/wp\/v2\/comments?post=13471"}],"version-history":[{"count":3,"href":"https:\/\/jungfraualetsch.ch\/en\/wp-json\/wp\/v2\/pages\/13471\/revisions"}],"predecessor-version":[{"id":13474,"href":"https:\/\/jungfraualetsch.ch\/en\/wp-json\/wp\/v2\/pages\/13471\/revisions\/13474"}],"up":[{"embeddable":true,"href":"https:\/\/jungfraualetsch.ch\/en\/wp-json\/wp\/v2\/pages\/4914"}],"wp:attachment":[{"href":"https:\/\/jungfraualetsch.ch\/en\/wp-json\/wp\/v2\/media?parent=13471"}],"curies":[{"name":"wp","href":"https:\/\/api.w.org\/{rel}","templated":true}]}}